{"id":10,"date":"2016-07-23T08:47:25","date_gmt":"2016-07-23T07:47:25","guid":{"rendered":"http:\/\/frequence-sille.org\/newsite\/?page_id=10"},"modified":"2026-04-21T11:09:28","modified_gmt":"2026-04-21T09:09:28","slug":"grille-des-programmes","status":"publish","type":"page","link":"https:\/\/frequence-sille.org\/newsite\/la-radio\/grille-des-programmes\/","title":{"rendered":"Grille des programmes"},"content":{"rendered":"\n<p>Grille septembre 2025 \u00e0 Juin 2026<\/p>\n\n\n\n<figure class=\"wp-block-image size-large\"><a href=\"https:\/\/frequence-sille.org\/newsite\/wp-content\/uploads\/2025\/10\/Grille-2025-2026.png\" target=\"_blank\" rel=\" noreferrer noopener\"><img loading=\"lazy\" decoding=\"async\" width=\"1024\" height=\"724\" src=\"https:\/\/frequence-sille.org\/newsite\/wp-content\/uploads\/2025\/10\/Grille-2025-2026-1024x724.png\" alt=\"\" class=\"wp-image-15665\" srcset=\"https:\/\/frequence-sille.org\/newsite\/wp-content\/uploads\/2025\/10\/Grille-2025-2026-1024x724.png 1024w, https:\/\/frequence-sille.org\/newsite\/wp-content\/uploads\/2025\/10\/Grille-2025-2026-300x212.png 300w, https:\/\/frequence-sille.org\/newsite\/wp-content\/uploads\/2025\/10\/Grille-2025-2026-768x543.png 768w, https:\/\/frequence-sille.org\/newsite\/wp-content\/uploads\/2025\/10\/Grille-2025-2026-1536x1086.png 1536w, https:\/\/frequence-sille.org\/newsite\/wp-content\/uploads\/2025\/10\/Grille-2025-2026.png 2000w\" sizes=\"auto, (max-width: 1024px) 100vw, 1024px\" \/><\/a><\/figure>\n\n\n<div class=\"wp-block-image\">\n<figure class=\"aligncenter size-full is-resized\"><img loading=\"lazy\" decoding=\"async\" width=\"940\" height=\"788\" src=\"https:\/\/frequence-sille.org\/newsite\/wp-content\/uploads\/2026\/04\/MENSUELLE-SEM-20-au-26-avril.png\" alt=\"\" class=\"wp-image-16926\" style=\"aspect-ratio:1.1929170549860204;width:513px;height:auto\" srcset=\"https:\/\/frequence-sille.org\/newsite\/wp-content\/uploads\/2026\/04\/MENSUELLE-SEM-20-au-26-avril.png 940w, https:\/\/frequence-sille.org\/newsite\/wp-content\/uploads\/2026\/04\/MENSUELLE-SEM-20-au-26-avril-300x251.png 300w, https:\/\/frequence-sille.org\/newsite\/wp-content\/uploads\/2026\/04\/MENSUELLE-SEM-20-au-26-avril-768x644.png 768w\" sizes=\"auto, (max-width: 940px) 100vw, 940px\" \/><\/figure>\n<\/div>","protected":false},"excerpt":{"rendered":"<p>Grille septembre 2025 \u00e0 Juin 2026<\/p>\n","protected":false},"author":1,"featured_media":0,"parent":8,"menu_order":3,"comment_status":"closed","ping_status":"closed","template":"","meta":{"footnotes":""},"class_list":["post-10","page","type-page","status-publish","hentry","no-post-thumbnail"],"yoast_head":"<!-- This site is optimized with the Yoast SEO plugin v27.4 - https:\/\/yoast.com\/product\/yoast-seo-wordpress\/ -->\n<title>Grille des programmes - Fr\u00e9quence Sill\u00e9<\/title>\n<meta name=\"robots\" content=\"index, follow, max-snippet:-1, max-image-preview:large, max-video-preview:-1\" \/>\n<link rel=\"canonical\" href=\"https:\/\/frequence-sille.org\/newsite\/la-radio\/grille-des-programmes\/\" \/>\n<meta property=\"og:locale\" content=\"fr_FR\" \/>\n<meta property=\"og:type\" content=\"article\" \/>\n<meta property=\"og:title\" content=\"Grille des programmes - Fr\u00e9quence Sill\u00e9\" \/>\n<meta property=\"og:description\" content=\"Grille septembre 2025 \u00e0 Juin 2026\" \/>\n<meta property=\"og:url\" content=\"https:\/\/frequence-sille.org\/newsite\/la-radio\/grille-des-programmes\/\" \/>\n<meta property=\"og:site_name\" content=\"Fr\u00e9quence Sill\u00e9\" \/>\n<meta property=\"article:publisher\" content=\"https:\/\/www.facebook.com\/frequencesille979fm\" \/>\n<meta property=\"article:modified_time\" content=\"2026-04-21T09:09:28+00:00\" \/>\n<meta property=\"og:image\" content=\"https:\/\/frequence-sille.org\/newsite\/wp-content\/uploads\/2025\/10\/Grille-2025-2026.png\" \/>\n\t<meta property=\"og:image:width\" content=\"2000\" \/>\n\t<meta property=\"og:image:height\" content=\"1414\" \/>\n\t<meta property=\"og:image:type\" content=\"image\/png\" \/>\n<meta name=\"twitter:card\" content=\"summary_large_image\" \/>\n<meta name=\"twitter:site\" content=\"@freqsille979\" \/>\n<meta name=\"twitter:label1\" content=\"Dur\u00e9e de lecture estim\u00e9e\" \/>\n\t<meta name=\"twitter:data1\" content=\"1 minute\" \/>\n<script type=\"application\/ld+json\" class=\"yoast-schema-graph\">{\"@context\":\"https:\\\/\\\/schema.org\",\"@graph\":[{\"@type\":\"WebPage\",\"@id\":\"https:\\\/\\\/frequence-sille.org\\\/newsite\\\/la-radio\\\/grille-des-programmes\\\/\",\"url\":\"https:\\\/\\\/frequence-sille.org\\\/newsite\\\/la-radio\\\/grille-des-programmes\\\/\",\"name\":\"Grille des programmes - Fr\u00e9quence Sill\u00e9\",\"isPartOf\":{\"@id\":\"https:\\\/\\\/frequence-sille.org\\\/newsite\\\/#website\"},\"primaryImageOfPage\":{\"@id\":\"https:\\\/\\\/frequence-sille.org\\\/newsite\\\/la-radio\\\/grille-des-programmes\\\/#primaryimage\"},\"image\":{\"@id\":\"https:\\\/\\\/frequence-sille.org\\\/newsite\\\/la-radio\\\/grille-des-programmes\\\/#primaryimage\"},\"thumbnailUrl\":\"https:\\\/\\\/frequence-sille.org\\\/newsite\\\/wp-content\\\/uploads\\\/2025\\\/10\\\/Grille-2025-2026-1024x724.png\",\"datePublished\":\"2016-07-23T07:47:25+00:00\",\"dateModified\":\"2026-04-21T09:09:28+00:00\",\"breadcrumb\":{\"@id\":\"https:\\\/\\\/frequence-sille.org\\\/newsite\\\/la-radio\\\/grille-des-programmes\\\/#breadcrumb\"},\"inLanguage\":\"fr-FR\",\"potentialAction\":[{\"@type\":\"ReadAction\",\"target\":[\"https:\\\/\\\/frequence-sille.org\\\/newsite\\\/la-radio\\\/grille-des-programmes\\\/\"]}]},{\"@type\":\"ImageObject\",\"inLanguage\":\"fr-FR\",\"@id\":\"https:\\\/\\\/frequence-sille.org\\\/newsite\\\/la-radio\\\/grille-des-programmes\\\/#primaryimage\",\"url\":\"https:\\\/\\\/frequence-sille.org\\\/newsite\\\/wp-content\\\/uploads\\\/2025\\\/10\\\/Grille-2025-2026.png\",\"contentUrl\":\"https:\\\/\\\/frequence-sille.org\\\/newsite\\\/wp-content\\\/uploads\\\/2025\\\/10\\\/Grille-2025-2026.png\",\"width\":2000,\"height\":1414},{\"@type\":\"BreadcrumbList\",\"@id\":\"https:\\\/\\\/frequence-sille.org\\\/newsite\\\/la-radio\\\/grille-des-programmes\\\/#breadcrumb\",\"itemListElement\":[{\"@type\":\"ListItem\",\"position\":1,\"name\":\"Accueil\",\"item\":\"https:\\\/\\\/frequence-sille.org\\\/newsite\\\/\"},{\"@type\":\"ListItem\",\"position\":2,\"name\":\"La radio\",\"item\":\"https:\\\/\\\/frequence-sille.org\\\/newsite\\\/la-radio\\\/\"},{\"@type\":\"ListItem\",\"position\":3,\"name\":\"Grille des programmes\"}]},{\"@type\":\"WebSite\",\"@id\":\"https:\\\/\\\/frequence-sille.org\\\/newsite\\\/#website\",\"url\":\"https:\\\/\\\/frequence-sille.org\\\/newsite\\\/\",\"name\":\"Fr\u00e9quence Sill\u00e9\",\"description\":\"Bien plus qu&#039;une radio...votre radio !\",\"publisher\":{\"@id\":\"https:\\\/\\\/frequence-sille.org\\\/newsite\\\/#organization\"},\"potentialAction\":[{\"@type\":\"SearchAction\",\"target\":{\"@type\":\"EntryPoint\",\"urlTemplate\":\"https:\\\/\\\/frequence-sille.org\\\/newsite\\\/?s={search_term_string}\"},\"query-input\":{\"@type\":\"PropertyValueSpecification\",\"valueRequired\":true,\"valueName\":\"search_term_string\"}}],\"inLanguage\":\"fr-FR\"},{\"@type\":\"Organization\",\"@id\":\"https:\\\/\\\/frequence-sille.org\\\/newsite\\\/#organization\",\"name\":\"Fr\u00e9quence Sill\u00e9\",\"url\":\"https:\\\/\\\/frequence-sille.org\\\/newsite\\\/\",\"logo\":{\"@type\":\"ImageObject\",\"inLanguage\":\"fr-FR\",\"@id\":\"https:\\\/\\\/frequence-sille.org\\\/newsite\\\/#\\\/schema\\\/logo\\\/image\\\/\",\"url\":\"https:\\\/\\\/frequence-sille.org\\\/newsite\\\/wp-content\\\/uploads\\\/2023\\\/07\\\/LOGO_979_NOIR.png\",\"contentUrl\":\"https:\\\/\\\/frequence-sille.org\\\/newsite\\\/wp-content\\\/uploads\\\/2023\\\/07\\\/LOGO_979_NOIR.png\",\"width\":7680,\"height\":4320,\"caption\":\"Fr\u00e9quence Sill\u00e9\"},\"image\":{\"@id\":\"https:\\\/\\\/frequence-sille.org\\\/newsite\\\/#\\\/schema\\\/logo\\\/image\\\/\"},\"sameAs\":[\"https:\\\/\\\/www.facebook.com\\\/frequencesille979fm\",\"https:\\\/\\\/x.com\\\/freqsille979\",\"https:\\\/\\\/www.instagram.com\\\/frequencesille\\\/\"]}]}<\/script>\n<!-- \/ Yoast SEO plugin. -->","yoast_head_json":{"title":"Grille des programmes - Fr\u00e9quence Sill\u00e9","robots":{"index":"index","follow":"follow","max-snippet":"max-snippet:-1","max-image-preview":"max-image-preview:large","max-video-preview":"max-video-preview:-1"},"canonical":"https:\/\/frequence-sille.org\/newsite\/la-radio\/grille-des-programmes\/","og_locale":"fr_FR","og_type":"article","og_title":"Grille des programmes - Fr\u00e9quence Sill\u00e9","og_description":"Grille septembre 2025 \u00e0 Juin 2026","og_url":"https:\/\/frequence-sille.org\/newsite\/la-radio\/grille-des-programmes\/","og_site_name":"Fr\u00e9quence Sill\u00e9","article_publisher":"https:\/\/www.facebook.com\/frequencesille979fm","article_modified_time":"2026-04-21T09:09:28+00:00","og_image":[{"width":2000,"height":1414,"url":"https:\/\/frequence-sille.org\/newsite\/wp-content\/uploads\/2025\/10\/Grille-2025-2026.png","type":"image\/png"}],"twitter_card":"summary_large_image","twitter_site":"@freqsille979","twitter_misc":{"Dur\u00e9e de lecture estim\u00e9e":"1 minute"},"schema":{"@context":"https:\/\/schema.org","@graph":[{"@type":"WebPage","@id":"https:\/\/frequence-sille.org\/newsite\/la-radio\/grille-des-programmes\/","url":"https:\/\/frequence-sille.org\/newsite\/la-radio\/grille-des-programmes\/","name":"Grille des programmes - Fr\u00e9quence Sill\u00e9","isPartOf":{"@id":"https:\/\/frequence-sille.org\/newsite\/#website"},"primaryImageOfPage":{"@id":"https:\/\/frequence-sille.org\/newsite\/la-radio\/grille-des-programmes\/#primaryimage"},"image":{"@id":"https:\/\/frequence-sille.org\/newsite\/la-radio\/grille-des-programmes\/#primaryimage"},"thumbnailUrl":"https:\/\/frequence-sille.org\/newsite\/wp-content\/uploads\/2025\/10\/Grille-2025-2026-1024x724.png","datePublished":"2016-07-23T07:47:25+00:00","dateModified":"2026-04-21T09:09:28+00:00","breadcrumb":{"@id":"https:\/\/frequence-sille.org\/newsite\/la-radio\/grille-des-programmes\/#breadcrumb"},"inLanguage":"fr-FR","potentialAction":[{"@type":"ReadAction","target":["https:\/\/frequence-sille.org\/newsite\/la-radio\/grille-des-programmes\/"]}]},{"@type":"ImageObject","inLanguage":"fr-FR","@id":"https:\/\/frequence-sille.org\/newsite\/la-radio\/grille-des-programmes\/#primaryimage","url":"https:\/\/frequence-sille.org\/newsite\/wp-content\/uploads\/2025\/10\/Grille-2025-2026.png","contentUrl":"https:\/\/frequence-sille.org\/newsite\/wp-content\/uploads\/2025\/10\/Grille-2025-2026.png","width":2000,"height":1414},{"@type":"BreadcrumbList","@id":"https:\/\/frequence-sille.org\/newsite\/la-radio\/grille-des-programmes\/#breadcrumb","itemListElement":[{"@type":"ListItem","position":1,"name":"Accueil","item":"https:\/\/frequence-sille.org\/newsite\/"},{"@type":"ListItem","position":2,"name":"La radio","item":"https:\/\/frequence-sille.org\/newsite\/la-radio\/"},{"@type":"ListItem","position":3,"name":"Grille des programmes"}]},{"@type":"WebSite","@id":"https:\/\/frequence-sille.org\/newsite\/#website","url":"https:\/\/frequence-sille.org\/newsite\/","name":"Fr\u00e9quence Sill\u00e9","description":"Bien plus qu&#039;une radio...votre radio !","publisher":{"@id":"https:\/\/frequence-sille.org\/newsite\/#organization"},"potentialAction":[{"@type":"SearchAction","target":{"@type":"EntryPoint","urlTemplate":"https:\/\/frequence-sille.org\/newsite\/?s={search_term_string}"},"query-input":{"@type":"PropertyValueSpecification","valueRequired":true,"valueName":"search_term_string"}}],"inLanguage":"fr-FR"},{"@type":"Organization","@id":"https:\/\/frequence-sille.org\/newsite\/#organization","name":"Fr\u00e9quence Sill\u00e9","url":"https:\/\/frequence-sille.org\/newsite\/","logo":{"@type":"ImageObject","inLanguage":"fr-FR","@id":"https:\/\/frequence-sille.org\/newsite\/#\/schema\/logo\/image\/","url":"https:\/\/frequence-sille.org\/newsite\/wp-content\/uploads\/2023\/07\/LOGO_979_NOIR.png","contentUrl":"https:\/\/frequence-sille.org\/newsite\/wp-content\/uploads\/2023\/07\/LOGO_979_NOIR.png","width":7680,"height":4320,"caption":"Fr\u00e9quence Sill\u00e9"},"image":{"@id":"https:\/\/frequence-sille.org\/newsite\/#\/schema\/logo\/image\/"},"sameAs":["https:\/\/www.facebook.com\/frequencesille979fm","https:\/\/x.com\/freqsille979","https:\/\/www.instagram.com\/frequencesille\/"]}]}},"_links":{"self":[{"href":"https:\/\/frequence-sille.org\/newsite\/wp-json\/wp\/v2\/pages\/10","targetHints":{"allow":["GET"]}}],"collection":[{"href":"https:\/\/frequence-sille.org\/newsite\/wp-json\/wp\/v2\/pages"}],"about":[{"href":"https:\/\/frequence-sille.org\/newsite\/wp-json\/wp\/v2\/types\/page"}],"author":[{"embeddable":true,"href":"https:\/\/frequence-sille.org\/newsite\/wp-json\/wp\/v2\/users\/1"}],"replies":[{"embeddable":true,"href":"https:\/\/frequence-sille.org\/newsite\/wp-json\/wp\/v2\/comments?post=10"}],"version-history":[{"count":65,"href":"https:\/\/frequence-sille.org\/newsite\/wp-json\/wp\/v2\/pages\/10\/revisions"}],"predecessor-version":[{"id":16927,"href":"https:\/\/frequence-sille.org\/newsite\/wp-json\/wp\/v2\/pages\/10\/revisions\/16927"}],"up":[{"embeddable":true,"href":"https:\/\/frequence-sille.org\/newsite\/wp-json\/wp\/v2\/pages\/8"}],"wp:attachment":[{"href":"https:\/\/frequence-sille.org\/newsite\/wp-json\/wp\/v2\/media?parent=10"}],"curies":[{"name":"wp","href":"https:\/\/api.w.org\/{rel}","templated":true}]}}