{"id":10346,"date":"2022-12-06T13:29:25","date_gmt":"2022-12-06T12:29:25","guid":{"rendered":"https:\/\/frequence-sille.org\/newsite\/?page_id=10346"},"modified":"2023-12-29T17:11:48","modified_gmt":"2023-12-29T16:11:48","slug":"carrefour-des-engages-2022","status":"publish","type":"page","link":"https:\/\/frequence-sille.org\/newsite\/carrefour-des-engages-2022\/","title":{"rendered":"Carrefour des engag\u00e9s 2022"},"content":{"rendered":"\n<p>Comme \u00e0 son habitude, le 8 mars se tenait l&rsquo;\u00e9dition 2022 du carrefour des engag\u00e9s, au spot. Les services civiques de tout le d\u00e9partement \u00e9taient invit\u00e9s \u00e0 participer \u00e0 diff\u00e9rents atelier, tout au long de la journ\u00e9e. Fr\u00e9quence Sill\u00e9 \u00e9tait sur place, pour animer un atelier mais aussi r\u00e9colter les t\u00e9moignages des personnes pr\u00e9sentes.<\/p>\n\n\n\n<p>Entre tables rondes et interviews avec les diff\u00e9rentes structures et les volontaires, retrouvez les podcasts ci-dessous:<\/p>\n\n\n\n<iframe loading=\"lazy\" scrolling=\"no\" id=\"hearthis_at_user_252240-8445500\" width=\"100%\" height=\"350\" src=\"https:\/\/hearthis.at\/set\/252240-8445500\/embed\/\" frameborder=\"0\" allowtransparency allow=\"autoplay\"><\/iframe>\n\n\n\n<figure class=\"wp-block-gallery has-nested-images columns-default is-cropped wp-block-gallery-1 is-layout-flex wp-block-gallery-is-layout-flex\">\n<figure class=\"wp-block-image size-large\"><img loading=\"lazy\" decoding=\"async\" width=\"1024\" height=\"576\" data-id=\"9097\" src=\"https:\/\/frequence-sille.org\/newsite\/wp-content\/uploads\/2022\/03\/carrefour2-1024x576.jpg\" alt=\"\" class=\"wp-image-9097\" srcset=\"https:\/\/frequence-sille.org\/newsite\/wp-content\/uploads\/2022\/03\/carrefour2-1024x576.jpg 1024w, https:\/\/frequence-sille.org\/newsite\/wp-content\/uploads\/2022\/03\/carrefour2-300x169.jpg 300w, https:\/\/frequence-sille.org\/newsite\/wp-content\/uploads\/2022\/03\/carrefour2-768x432.jpg 768w, https:\/\/frequence-sille.org\/newsite\/wp-content\/uploads\/2022\/03\/carrefour2.jpg 1200w\" sizes=\"auto, (max-width: 1024px) 100vw, 1024px\" \/><\/figure>\n\n\n\n<figure class=\"wp-block-image size-large\"><img loading=\"lazy\" decoding=\"async\" width=\"1024\" height=\"577\" data-id=\"9098\" src=\"https:\/\/frequence-sille.org\/newsite\/wp-content\/uploads\/2022\/03\/carrefour3-1024x577.jpg\" alt=\"\" class=\"wp-image-9098\" srcset=\"https:\/\/frequence-sille.org\/newsite\/wp-content\/uploads\/2022\/03\/carrefour3-1024x577.jpg 1024w, https:\/\/frequence-sille.org\/newsite\/wp-content\/uploads\/2022\/03\/carrefour3-300x169.jpg 300w, https:\/\/frequence-sille.org\/newsite\/wp-content\/uploads\/2022\/03\/carrefour3-768x433.jpg 768w, https:\/\/frequence-sille.org\/newsite\/wp-content\/uploads\/2022\/03\/carrefour3.jpg 1200w\" sizes=\"auto, (max-width: 1024px) 100vw, 1024px\" \/><\/figure>\n\n\n\n<figure class=\"wp-block-image size-large\"><img loading=\"lazy\" decoding=\"async\" width=\"1024\" height=\"577\" data-id=\"9099\" src=\"https:\/\/frequence-sille.org\/newsite\/wp-content\/uploads\/2022\/03\/carrefour1-1024x577.jpg\" alt=\"\" class=\"wp-image-9099\" srcset=\"https:\/\/frequence-sille.org\/newsite\/wp-content\/uploads\/2022\/03\/carrefour1-1024x577.jpg 1024w, https:\/\/frequence-sille.org\/newsite\/wp-content\/uploads\/2022\/03\/carrefour1-300x169.jpg 300w, https:\/\/frequence-sille.org\/newsite\/wp-content\/uploads\/2022\/03\/carrefour1-768x433.jpg 768w, https:\/\/frequence-sille.org\/newsite\/wp-content\/uploads\/2022\/03\/carrefour1.jpg 1200w\" sizes=\"auto, (max-width: 1024px) 100vw, 1024px\" \/><\/figure>\n<\/figure>\n","protected":false},"excerpt":{"rendered":"<p>Comme \u00e0 son habitude, le 8 mars se tenait l&rsquo;\u00e9dition 2022 du carrefour des engag\u00e9s, au spot. Les services civiques de tout le d\u00e9partement \u00e9taient invit\u00e9s \u00e0 participer \u00e0 diff\u00e9rents&hellip;<\/p>\n","protected":false},"author":1,"featured_media":0,"parent":0,"menu_order":0,"comment_status":"closed","ping_status":"closed","template":"","meta":{"footnotes":""},"class_list":["post-10346","page","type-page","status-publish","hentry","no-post-thumbnail"],"yoast_head":"<!-- This site is optimized with the Yoast SEO plugin v27.4 - https:\/\/yoast.com\/product\/yoast-seo-wordpress\/ -->\n<title>Carrefour des engag\u00e9s 2022 - Fr\u00e9quence Sill\u00e9<\/title>\n<meta name=\"robots\" content=\"index, follow, max-snippet:-1, max-image-preview:large, max-video-preview:-1\" \/>\n<link rel=\"canonical\" href=\"https:\/\/frequence-sille.org\/newsite\/carrefour-des-engages-2022\/\" \/>\n<meta property=\"og:locale\" content=\"fr_FR\" \/>\n<meta property=\"og:type\" content=\"article\" \/>\n<meta property=\"og:title\" content=\"Carrefour des engag\u00e9s 2022 - Fr\u00e9quence Sill\u00e9\" \/>\n<meta property=\"og:description\" content=\"Comme \u00e0 son habitude, le 8 mars se tenait l&rsquo;\u00e9dition 2022 du carrefour des engag\u00e9s, au spot. Les services civiques de tout le d\u00e9partement \u00e9taient invit\u00e9s \u00e0 participer \u00e0 diff\u00e9rents&hellip;\" \/>\n<meta property=\"og:url\" content=\"https:\/\/frequence-sille.org\/newsite\/carrefour-des-engages-2022\/\" \/>\n<meta property=\"og:site_name\" content=\"Fr\u00e9quence Sill\u00e9\" \/>\n<meta property=\"article:publisher\" content=\"https:\/\/www.facebook.com\/frequencesille979fm\" \/>\n<meta property=\"article:modified_time\" content=\"2023-12-29T16:11:48+00:00\" \/>\n<meta property=\"og:image\" content=\"https:\/\/frequence-sille.org\/newsite\/wp-content\/uploads\/2022\/03\/carrefour2-1024x576.jpg\" \/>\n<meta name=\"twitter:card\" content=\"summary_large_image\" \/>\n<meta name=\"twitter:site\" content=\"@freqsille979\" \/>\n<meta name=\"twitter:label1\" content=\"Dur\u00e9e de lecture estim\u00e9e\" \/>\n\t<meta name=\"twitter:data1\" content=\"1 minute\" \/>\n<script type=\"application\/ld+json\" class=\"yoast-schema-graph\">{\"@context\":\"https:\\\/\\\/schema.org\",\"@graph\":[{\"@type\":\"WebPage\",\"@id\":\"https:\\\/\\\/frequence-sille.org\\\/newsite\\\/carrefour-des-engages-2022\\\/\",\"url\":\"https:\\\/\\\/frequence-sille.org\\\/newsite\\\/carrefour-des-engages-2022\\\/\",\"name\":\"Carrefour des engag\u00e9s 2022 - Fr\u00e9quence Sill\u00e9\",\"isPartOf\":{\"@id\":\"https:\\\/\\\/frequence-sille.org\\\/newsite\\\/#website\"},\"primaryImageOfPage\":{\"@id\":\"https:\\\/\\\/frequence-sille.org\\\/newsite\\\/carrefour-des-engages-2022\\\/#primaryimage\"},\"image\":{\"@id\":\"https:\\\/\\\/frequence-sille.org\\\/newsite\\\/carrefour-des-engages-2022\\\/#primaryimage\"},\"thumbnailUrl\":\"https:\\\/\\\/frequence-sille.org\\\/newsite\\\/wp-content\\\/uploads\\\/2022\\\/03\\\/carrefour2-1024x576.jpg\",\"datePublished\":\"2022-12-06T12:29:25+00:00\",\"dateModified\":\"2023-12-29T16:11:48+00:00\",\"breadcrumb\":{\"@id\":\"https:\\\/\\\/frequence-sille.org\\\/newsite\\\/carrefour-des-engages-2022\\\/#breadcrumb\"},\"inLanguage\":\"fr-FR\",\"potentialAction\":[{\"@type\":\"ReadAction\",\"target\":[\"https:\\\/\\\/frequence-sille.org\\\/newsite\\\/carrefour-des-engages-2022\\\/\"]}]},{\"@type\":\"ImageObject\",\"inLanguage\":\"fr-FR\",\"@id\":\"https:\\\/\\\/frequence-sille.org\\\/newsite\\\/carrefour-des-engages-2022\\\/#primaryimage\",\"url\":\"https:\\\/\\\/frequence-sille.org\\\/newsite\\\/wp-content\\\/uploads\\\/2022\\\/03\\\/carrefour2.jpg\",\"contentUrl\":\"https:\\\/\\\/frequence-sille.org\\\/newsite\\\/wp-content\\\/uploads\\\/2022\\\/03\\\/carrefour2.jpg\",\"width\":1200,\"height\":675},{\"@type\":\"BreadcrumbList\",\"@id\":\"https:\\\/\\\/frequence-sille.org\\\/newsite\\\/carrefour-des-engages-2022\\\/#breadcrumb\",\"itemListElement\":[{\"@type\":\"ListItem\",\"position\":1,\"name\":\"Accueil\",\"item\":\"https:\\\/\\\/frequence-sille.org\\\/newsite\\\/\"},{\"@type\":\"ListItem\",\"position\":2,\"name\":\"Carrefour des engag\u00e9s 2022\"}]},{\"@type\":\"WebSite\",\"@id\":\"https:\\\/\\\/frequence-sille.org\\\/newsite\\\/#website\",\"url\":\"https:\\\/\\\/frequence-sille.org\\\/newsite\\\/\",\"name\":\"Fr\u00e9quence Sill\u00e9\",\"description\":\"Bien plus qu&#039;une radio...votre radio !\",\"publisher\":{\"@id\":\"https:\\\/\\\/frequence-sille.org\\\/newsite\\\/#organization\"},\"potentialAction\":[{\"@type\":\"SearchAction\",\"target\":{\"@type\":\"EntryPoint\",\"urlTemplate\":\"https:\\\/\\\/frequence-sille.org\\\/newsite\\\/?s={search_term_string}\"},\"query-input\":{\"@type\":\"PropertyValueSpecification\",\"valueRequired\":true,\"valueName\":\"search_term_string\"}}],\"inLanguage\":\"fr-FR\"},{\"@type\":\"Organization\",\"@id\":\"https:\\\/\\\/frequence-sille.org\\\/newsite\\\/#organization\",\"name\":\"Fr\u00e9quence Sill\u00e9\",\"url\":\"https:\\\/\\\/frequence-sille.org\\\/newsite\\\/\",\"logo\":{\"@type\":\"ImageObject\",\"inLanguage\":\"fr-FR\",\"@id\":\"https:\\\/\\\/frequence-sille.org\\\/newsite\\\/#\\\/schema\\\/logo\\\/image\\\/\",\"url\":\"https:\\\/\\\/frequence-sille.org\\\/newsite\\\/wp-content\\\/uploads\\\/2023\\\/07\\\/LOGO_979_NOIR.png\",\"contentUrl\":\"https:\\\/\\\/frequence-sille.org\\\/newsite\\\/wp-content\\\/uploads\\\/2023\\\/07\\\/LOGO_979_NOIR.png\",\"width\":7680,\"height\":4320,\"caption\":\"Fr\u00e9quence Sill\u00e9\"},\"image\":{\"@id\":\"https:\\\/\\\/frequence-sille.org\\\/newsite\\\/#\\\/schema\\\/logo\\\/image\\\/\"},\"sameAs\":[\"https:\\\/\\\/www.facebook.com\\\/frequencesille979fm\",\"https:\\\/\\\/x.com\\\/freqsille979\",\"https:\\\/\\\/www.instagram.com\\\/frequencesille\\\/\"]}]}<\/script>\n<!-- \/ Yoast SEO plugin. -->","yoast_head_json":{"title":"Carrefour des engag\u00e9s 2022 - Fr\u00e9quence Sill\u00e9","robots":{"index":"index","follow":"follow","max-snippet":"max-snippet:-1","max-image-preview":"max-image-preview:large","max-video-preview":"max-video-preview:-1"},"canonical":"https:\/\/frequence-sille.org\/newsite\/carrefour-des-engages-2022\/","og_locale":"fr_FR","og_type":"article","og_title":"Carrefour des engag\u00e9s 2022 - Fr\u00e9quence Sill\u00e9","og_description":"Comme \u00e0 son habitude, le 8 mars se tenait l&rsquo;\u00e9dition 2022 du carrefour des engag\u00e9s, au spot. Les services civiques de tout le d\u00e9partement \u00e9taient invit\u00e9s \u00e0 participer \u00e0 diff\u00e9rents&hellip;","og_url":"https:\/\/frequence-sille.org\/newsite\/carrefour-des-engages-2022\/","og_site_name":"Fr\u00e9quence Sill\u00e9","article_publisher":"https:\/\/www.facebook.com\/frequencesille979fm","article_modified_time":"2023-12-29T16:11:48+00:00","og_image":[{"url":"https:\/\/frequence-sille.org\/newsite\/wp-content\/uploads\/2022\/03\/carrefour2-1024x576.jpg","type":"","width":"","height":""}],"twitter_card":"summary_large_image","twitter_site":"@freqsille979","twitter_misc":{"Dur\u00e9e de lecture estim\u00e9e":"1 minute"},"schema":{"@context":"https:\/\/schema.org","@graph":[{"@type":"WebPage","@id":"https:\/\/frequence-sille.org\/newsite\/carrefour-des-engages-2022\/","url":"https:\/\/frequence-sille.org\/newsite\/carrefour-des-engages-2022\/","name":"Carrefour des engag\u00e9s 2022 - Fr\u00e9quence Sill\u00e9","isPartOf":{"@id":"https:\/\/frequence-sille.org\/newsite\/#website"},"primaryImageOfPage":{"@id":"https:\/\/frequence-sille.org\/newsite\/carrefour-des-engages-2022\/#primaryimage"},"image":{"@id":"https:\/\/frequence-sille.org\/newsite\/carrefour-des-engages-2022\/#primaryimage"},"thumbnailUrl":"https:\/\/frequence-sille.org\/newsite\/wp-content\/uploads\/2022\/03\/carrefour2-1024x576.jpg","datePublished":"2022-12-06T12:29:25+00:00","dateModified":"2023-12-29T16:11:48+00:00","breadcrumb":{"@id":"https:\/\/frequence-sille.org\/newsite\/carrefour-des-engages-2022\/#breadcrumb"},"inLanguage":"fr-FR","potentialAction":[{"@type":"ReadAction","target":["https:\/\/frequence-sille.org\/newsite\/carrefour-des-engages-2022\/"]}]},{"@type":"ImageObject","inLanguage":"fr-FR","@id":"https:\/\/frequence-sille.org\/newsite\/carrefour-des-engages-2022\/#primaryimage","url":"https:\/\/frequence-sille.org\/newsite\/wp-content\/uploads\/2022\/03\/carrefour2.jpg","contentUrl":"https:\/\/frequence-sille.org\/newsite\/wp-content\/uploads\/2022\/03\/carrefour2.jpg","width":1200,"height":675},{"@type":"BreadcrumbList","@id":"https:\/\/frequence-sille.org\/newsite\/carrefour-des-engages-2022\/#breadcrumb","itemListElement":[{"@type":"ListItem","position":1,"name":"Accueil","item":"https:\/\/frequence-sille.org\/newsite\/"},{"@type":"ListItem","position":2,"name":"Carrefour des engag\u00e9s 2022"}]},{"@type":"WebSite","@id":"https:\/\/frequence-sille.org\/newsite\/#website","url":"https:\/\/frequence-sille.org\/newsite\/","name":"Fr\u00e9quence Sill\u00e9","description":"Bien plus qu&#039;une radio...votre radio !","publisher":{"@id":"https:\/\/frequence-sille.org\/newsite\/#organization"},"potentialAction":[{"@type":"SearchAction","target":{"@type":"EntryPoint","urlTemplate":"https:\/\/frequence-sille.org\/newsite\/?s={search_term_string}"},"query-input":{"@type":"PropertyValueSpecification","valueRequired":true,"valueName":"search_term_string"}}],"inLanguage":"fr-FR"},{"@type":"Organization","@id":"https:\/\/frequence-sille.org\/newsite\/#organization","name":"Fr\u00e9quence Sill\u00e9","url":"https:\/\/frequence-sille.org\/newsite\/","logo":{"@type":"ImageObject","inLanguage":"fr-FR","@id":"https:\/\/frequence-sille.org\/newsite\/#\/schema\/logo\/image\/","url":"https:\/\/frequence-sille.org\/newsite\/wp-content\/uploads\/2023\/07\/LOGO_979_NOIR.png","contentUrl":"https:\/\/frequence-sille.org\/newsite\/wp-content\/uploads\/2023\/07\/LOGO_979_NOIR.png","width":7680,"height":4320,"caption":"Fr\u00e9quence Sill\u00e9"},"image":{"@id":"https:\/\/frequence-sille.org\/newsite\/#\/schema\/logo\/image\/"},"sameAs":["https:\/\/www.facebook.com\/frequencesille979fm","https:\/\/x.com\/freqsille979","https:\/\/www.instagram.com\/frequencesille\/"]}]}},"_links":{"self":[{"href":"https:\/\/frequence-sille.org\/newsite\/wp-json\/wp\/v2\/pages\/10346","targetHints":{"allow":["GET"]}}],"collection":[{"href":"https:\/\/frequence-sille.org\/newsite\/wp-json\/wp\/v2\/pages"}],"about":[{"href":"https:\/\/frequence-sille.org\/newsite\/wp-json\/wp\/v2\/types\/page"}],"author":[{"embeddable":true,"href":"https:\/\/frequence-sille.org\/newsite\/wp-json\/wp\/v2\/users\/1"}],"replies":[{"embeddable":true,"href":"https:\/\/frequence-sille.org\/newsite\/wp-json\/wp\/v2\/comments?post=10346"}],"version-history":[{"count":2,"href":"https:\/\/frequence-sille.org\/newsite\/wp-json\/wp\/v2\/pages\/10346\/revisions"}],"predecessor-version":[{"id":11902,"href":"https:\/\/frequence-sille.org\/newsite\/wp-json\/wp\/v2\/pages\/10346\/revisions\/11902"}],"wp:attachment":[{"href":"https:\/\/frequence-sille.org\/newsite\/wp-json\/wp\/v2\/media?parent=10346"}],"curies":[{"name":"wp","href":"https:\/\/api.w.org\/{rel}","templated":true}]}}