{"id":10697,"date":"2023-02-10T13:39:19","date_gmt":"2023-02-10T12:39:19","guid":{"rendered":"https:\/\/frequence-sille.org\/newsite\/?page_id=10697"},"modified":"2026-01-23T13:45:05","modified_gmt":"2026-01-23T12:45:05","slug":"formations-services-civiques-et-citoyennes","status":"publish","type":"page","link":"https:\/\/frequence-sille.org\/newsite\/formations-services-civiques-et-citoyennes\/","title":{"rendered":"\u00c9missions : Formations Civiques et Citoyennes"},"content":{"rendered":"\n<p>Retrouvez toutes les \u00e9missions r\u00e9alis\u00e9es lors des formations civiques et citoyennes avec des jeunes en service civique.<\/p>\n\n\n\n<figure class=\"wp-block-embed is-type-wp-embed is-provider-fr-quence-sill wp-block-embed-fr-quence-sill\"><div class=\"wp-block-embed__wrapper\">\n<blockquote class=\"wp-embedded-content\" data-secret=\"jmlFtIFKWF\"><a href=\"https:\/\/frequence-sille.org\/newsite\/2026\/01\/19\/les-services-civiques-en-formation-ca-donne-quoi\/\">Les services civiques en formation \u00e7a donne quoi ?<\/a><\/blockquote><iframe loading=\"lazy\" class=\"wp-embedded-content\" sandbox=\"allow-scripts\" security=\"restricted\" style=\"position: absolute; visibility: hidden;\" title=\"\u00ab\u00a0Les services civiques en formation \u00e7a donne quoi ?\u00a0\u00bb &#8212; Fr\u00e9quence Sill\u00e9\" src=\"https:\/\/frequence-sille.org\/newsite\/2026\/01\/19\/les-services-civiques-en-formation-ca-donne-quoi\/embed\/#?secret=i2rQDl3s4j#?secret=jmlFtIFKWF\" data-secret=\"jmlFtIFKWF\" width=\"600\" height=\"338\" frameborder=\"0\" marginwidth=\"0\" marginheight=\"0\" scrolling=\"no\"><\/iframe>\n<\/div><\/figure>\n\n\n\n<figure class=\"wp-block-embed is-type-wp-embed is-provider-fr-quence-sill wp-block-embed-fr-quence-sill\"><div class=\"wp-block-embed__wrapper\">\n<blockquote class=\"wp-embedded-content\" data-secret=\"NAGx6MWefH\"><a href=\"https:\/\/frequence-sille.org\/newsite\/2025\/11\/28\/nouvelle-emission-fcc\/\">Nouvelle \u00e9mission FCC<\/a><\/blockquote><iframe loading=\"lazy\" class=\"wp-embedded-content\" sandbox=\"allow-scripts\" security=\"restricted\" style=\"position: absolute; visibility: hidden;\" title=\"\u00ab\u00a0Nouvelle \u00e9mission FCC\u00a0\u00bb &#8212; Fr\u00e9quence Sill\u00e9\" src=\"https:\/\/frequence-sille.org\/newsite\/2025\/11\/28\/nouvelle-emission-fcc\/embed\/#?secret=OJg5MzWmQZ#?secret=NAGx6MWefH\" data-secret=\"NAGx6MWefH\" width=\"600\" height=\"338\" frameborder=\"0\" marginwidth=\"0\" marginheight=\"0\" scrolling=\"no\"><\/iframe>\n<\/div><\/figure>\n\n\n\n<figure class=\"wp-block-embed is-type-wp-embed is-provider-fr-quence-sill wp-block-embed-fr-quence-sill\"><div class=\"wp-block-embed__wrapper\">\n<blockquote class=\"wp-embedded-content\" data-secret=\"egkqMns9gj\"><a href=\"https:\/\/frequence-sille.org\/newsite\/2025\/03\/21\/emission-fcc-media-et-citoyennete-2\/\">Nouvelle Emission FCC du 18 mars 2025<\/a><\/blockquote><iframe loading=\"lazy\" class=\"wp-embedded-content\" sandbox=\"allow-scripts\" security=\"restricted\" style=\"position: absolute; visibility: hidden;\" title=\"\u00ab\u00a0Nouvelle Emission FCC du 18 mars 2025\u00a0\u00bb &#8212; Fr\u00e9quence Sill\u00e9\" src=\"https:\/\/frequence-sille.org\/newsite\/2025\/03\/21\/emission-fcc-media-et-citoyennete-2\/embed\/#?secret=CuE0yOVncN#?secret=egkqMns9gj\" data-secret=\"egkqMns9gj\" width=\"600\" height=\"338\" frameborder=\"0\" marginwidth=\"0\" marginheight=\"0\" scrolling=\"no\"><\/iframe>\n<\/div><\/figure>\n\n\n\n<figure class=\"wp-block-embed is-type-wp-embed is-provider-fr-quence-sill wp-block-embed-fr-quence-sill\"><div class=\"wp-block-embed__wrapper\">\n<blockquote class=\"wp-embedded-content\" data-secret=\"IMJyhlwTpv\"><a href=\"https:\/\/frequence-sille.org\/newsite\/2025\/01\/27\/fcc-emission-du-jeudi-23-et-vendredi-24-janvier\/\">FCC &#8211; \u00e9mission du jeudi 23 et vendredi 24 janvier<\/a><\/blockquote><iframe loading=\"lazy\" class=\"wp-embedded-content\" sandbox=\"allow-scripts\" security=\"restricted\" style=\"position: absolute; visibility: hidden;\" title=\"\u00ab\u00a0FCC &#8211; \u00e9mission du jeudi 23 et vendredi 24 janvier\u00a0\u00bb &#8212; Fr\u00e9quence Sill\u00e9\" src=\"https:\/\/frequence-sille.org\/newsite\/2025\/01\/27\/fcc-emission-du-jeudi-23-et-vendredi-24-janvier\/embed\/#?secret=j2eXfwA78V#?secret=IMJyhlwTpv\" data-secret=\"IMJyhlwTpv\" width=\"600\" height=\"338\" frameborder=\"0\" marginwidth=\"0\" marginheight=\"0\" scrolling=\"no\"><\/iframe>\n<\/div><\/figure>\n\n\n\n<figure class=\"wp-block-embed is-type-wp-embed is-provider-fr-quence-sill wp-block-embed-fr-quence-sill\"><div class=\"wp-block-embed__wrapper\">\n<blockquote class=\"wp-embedded-content\" data-secret=\"Wh66bJfqLc\"><a href=\"https:\/\/frequence-sille.org\/newsite\/2024\/12\/23\/emission-fcc-19-et-20-decembre-2024\/\">Emission FCC &#8211; 19 et 20 D\u00e9cembre 2024<\/a><\/blockquote><iframe loading=\"lazy\" class=\"wp-embedded-content\" sandbox=\"allow-scripts\" security=\"restricted\" style=\"position: absolute; visibility: hidden;\" title=\"\u00ab\u00a0Emission FCC &#8211; 19 et 20 D\u00e9cembre 2024\u00a0\u00bb &#8212; Fr\u00e9quence Sill\u00e9\" src=\"https:\/\/frequence-sille.org\/newsite\/2024\/12\/23\/emission-fcc-19-et-20-decembre-2024\/embed\/#?secret=srDg8Ys1rW#?secret=Wh66bJfqLc\" data-secret=\"Wh66bJfqLc\" width=\"600\" height=\"338\" frameborder=\"0\" marginwidth=\"0\" marginheight=\"0\" scrolling=\"no\"><\/iframe>\n<\/div><\/figure>\n\n\n\n<figure class=\"wp-block-embed is-type-wp-embed is-provider-fr-quence-sill wp-block-embed-fr-quence-sill\"><div class=\"wp-block-embed__wrapper\">\n<blockquote class=\"wp-embedded-content\" data-secret=\"CX9YcGHfLu\"><a href=\"https:\/\/frequence-sille.org\/newsite\/2024\/12\/02\/reprise-des-fcc\/\">Reprise des FCC<\/a><\/blockquote><iframe loading=\"lazy\" class=\"wp-embedded-content\" sandbox=\"allow-scripts\" security=\"restricted\" style=\"position: absolute; visibility: hidden;\" title=\"\u00ab\u00a0Reprise des FCC\u00a0\u00bb &#8212; Fr\u00e9quence Sill\u00e9\" src=\"https:\/\/frequence-sille.org\/newsite\/2024\/12\/02\/reprise-des-fcc\/embed\/#?secret=y7j3lQBTMp#?secret=CX9YcGHfLu\" data-secret=\"CX9YcGHfLu\" width=\"600\" height=\"338\" frameborder=\"0\" marginwidth=\"0\" marginheight=\"0\" scrolling=\"no\"><\/iframe>\n<\/div><\/figure>\n\n\n\n<figure class=\"wp-block-embed is-type-wp-embed is-provider-fr-quence-sill wp-block-embed-fr-quence-sill\"><div class=\"wp-block-embed__wrapper\">\n<blockquote class=\"wp-embedded-content\" data-secret=\"4Sh2nAfg2M\"><a href=\"https:\/\/frequence-sille.org\/newsite\/2024\/05\/28\/la-derniere-emission-fcc-de-la-saison\/\">Derni\u00e8re \u00e9mission FCC de la saison<\/a><\/blockquote><iframe loading=\"lazy\" class=\"wp-embedded-content\" sandbox=\"allow-scripts\" security=\"restricted\" style=\"position: absolute; visibility: hidden;\" title=\"\u00ab\u00a0Derni\u00e8re \u00e9mission FCC de la saison\u00a0\u00bb &#8212; Fr\u00e9quence Sill\u00e9\" src=\"https:\/\/frequence-sille.org\/newsite\/2024\/05\/28\/la-derniere-emission-fcc-de-la-saison\/embed\/#?secret=jhVKGDqAvz#?secret=4Sh2nAfg2M\" data-secret=\"4Sh2nAfg2M\" width=\"600\" height=\"338\" frameborder=\"0\" marginwidth=\"0\" marginheight=\"0\" scrolling=\"no\"><\/iframe>\n<\/div><\/figure>\n\n\n\n<figure class=\"wp-block-embed is-type-wp-embed is-provider-fr-quence-sill wp-block-embed-fr-quence-sill\"><div class=\"wp-block-embed__wrapper\">\n<blockquote class=\"wp-embedded-content\" data-secret=\"USKY3CEUO3\"><a href=\"https:\/\/frequence-sille.org\/newsite\/2024\/04\/10\/qui-a-le-droit-formation-civique-et-citoyenne-du-5-avril-dans-les-locaux-de-radio-alpa\/\">Qui a le droit ? Formation civique et citoyenne du 5 Avril dans les locaux de radio Alpa<\/a><\/blockquote><iframe loading=\"lazy\" class=\"wp-embedded-content\" sandbox=\"allow-scripts\" security=\"restricted\" style=\"position: absolute; visibility: hidden;\" title=\"\u00ab\u00a0Qui a le droit ? Formation civique et citoyenne du 5 Avril dans les locaux de radio Alpa\u00a0\u00bb &#8212; Fr\u00e9quence Sill\u00e9\" src=\"https:\/\/frequence-sille.org\/newsite\/2024\/04\/10\/qui-a-le-droit-formation-civique-et-citoyenne-du-5-avril-dans-les-locaux-de-radio-alpa\/embed\/#?secret=xV6S2bJCKD#?secret=USKY3CEUO3\" data-secret=\"USKY3CEUO3\" width=\"600\" height=\"338\" frameborder=\"0\" marginwidth=\"0\" marginheight=\"0\" scrolling=\"no\"><\/iframe>\n<\/div><\/figure>\n\n\n\n<figure class=\"wp-block-embed is-type-wp-embed is-provider-fr-quence-sill wp-block-embed-fr-quence-sill\"><div class=\"wp-block-embed__wrapper\">\n<blockquote class=\"wp-embedded-content\" data-secret=\"kaomGqxJZf\"><a href=\"https:\/\/frequence-sille.org\/newsite\/2024\/03\/21\/nouvelle-edition-de-la-formation-civique-et-citoyenne-depuis-les-locaux-de-radio-alpa\/\">Nouvelle \u00e9dition de la formation civique et citoyenne depuis les locaux de Radio Alpa<\/a><\/blockquote><iframe loading=\"lazy\" class=\"wp-embedded-content\" sandbox=\"allow-scripts\" security=\"restricted\" style=\"position: absolute; visibility: hidden;\" title=\"\u00ab\u00a0Nouvelle \u00e9dition de la formation civique et citoyenne depuis les locaux de Radio Alpa\u00a0\u00bb &#8212; Fr\u00e9quence Sill\u00e9\" src=\"https:\/\/frequence-sille.org\/newsite\/2024\/03\/21\/nouvelle-edition-de-la-formation-civique-et-citoyenne-depuis-les-locaux-de-radio-alpa\/embed\/#?secret=ykZ8TA4dsN#?secret=kaomGqxJZf\" data-secret=\"kaomGqxJZf\" width=\"600\" height=\"338\" frameborder=\"0\" marginwidth=\"0\" marginheight=\"0\" scrolling=\"no\"><\/iframe>\n<\/div><\/figure>\n\n\n\n<figure class=\"wp-block-embed is-type-wp-embed is-provider-fr-quence-sill wp-block-embed-fr-quence-sill\"><div class=\"wp-block-embed__wrapper\">\n<blockquote class=\"wp-embedded-content\" data-secret=\"jB0EYwra4p\"><a href=\"https:\/\/frequence-sille.org\/newsite\/2023\/11\/30\/emission-fcc-media-et-citoyennete\/\">\u00c9mission FCC-M\u00e9dia et Citoyennet\u00e9<\/a><\/blockquote><iframe loading=\"lazy\" class=\"wp-embedded-content\" sandbox=\"allow-scripts\" security=\"restricted\" style=\"position: absolute; visibility: hidden;\" title=\"\u00ab\u00a0\u00c9mission FCC-M\u00e9dia et Citoyennet\u00e9\u00a0\u00bb &#8212; Fr\u00e9quence Sill\u00e9\" src=\"https:\/\/frequence-sille.org\/newsite\/2023\/11\/30\/emission-fcc-media-et-citoyennete\/embed\/#?secret=IT1U9Ann1r#?secret=jB0EYwra4p\" data-secret=\"jB0EYwra4p\" width=\"600\" height=\"338\" frameborder=\"0\" marginwidth=\"0\" marginheight=\"0\" scrolling=\"no\"><\/iframe>\n<\/div><\/figure>\n\n\n\n<figure class=\"wp-block-embed is-type-wp-embed is-provider-fr-quence-sill wp-block-embed-fr-quence-sill\"><div class=\"wp-block-embed__wrapper\">\n<blockquote class=\"wp-embedded-content\" data-secret=\"7boeqepL4G\"><a href=\"https:\/\/frequence-sille.org\/newsite\/2023\/04\/07\/nouvelle-edition-de-lemission-avec-les-jeunes-en-formation-civique-et-citoyenne\/\">Nouvelle \u00e9dition de l&rsquo;\u00e9mission avec les jeunes en formation civique et citoyenne.<\/a><\/blockquote><iframe loading=\"lazy\" class=\"wp-embedded-content\" sandbox=\"allow-scripts\" security=\"restricted\" style=\"position: absolute; visibility: hidden;\" title=\"\u00ab\u00a0Nouvelle \u00e9dition de l&rsquo;\u00e9mission avec les jeunes en formation civique et citoyenne.\u00a0\u00bb &#8212; Fr\u00e9quence Sill\u00e9\" src=\"https:\/\/frequence-sille.org\/newsite\/2023\/04\/07\/nouvelle-edition-de-lemission-avec-les-jeunes-en-formation-civique-et-citoyenne\/embed\/#?secret=IvdZXFisf1#?secret=7boeqepL4G\" data-secret=\"7boeqepL4G\" width=\"600\" height=\"338\" frameborder=\"0\" marginwidth=\"0\" marginheight=\"0\" scrolling=\"no\"><\/iframe>\n<\/div><\/figure>\n\n\n\n<figure class=\"wp-block-embed is-type-wp-embed is-provider-fr-quence-sill wp-block-embed-fr-quence-sill\"><div class=\"wp-block-embed__wrapper\">\n<blockquote class=\"wp-embedded-content\" data-secret=\"RTJPjCaYfA\"><a href=\"https:\/\/frequence-sille.org\/newsite\/2023\/03\/08\/emission-speciale-formation-civique-et-citoyenne-les-droits-humains\/\">\u00c9mission Sp\u00e9ciale &#8211; Formation Civique et Citoyenne : Les droits humains<\/a><\/blockquote><iframe loading=\"lazy\" class=\"wp-embedded-content\" sandbox=\"allow-scripts\" security=\"restricted\" style=\"position: absolute; visibility: hidden;\" title=\"\u00ab\u00a0\u00c9mission Sp\u00e9ciale &#8211; Formation Civique et Citoyenne : Les droits humains\u00a0\u00bb &#8212; Fr\u00e9quence Sill\u00e9\" src=\"https:\/\/frequence-sille.org\/newsite\/2023\/03\/08\/emission-speciale-formation-civique-et-citoyenne-les-droits-humains\/embed\/#?secret=zYUorp2pA7#?secret=RTJPjCaYfA\" data-secret=\"RTJPjCaYfA\" width=\"600\" height=\"338\" frameborder=\"0\" marginwidth=\"0\" marginheight=\"0\" scrolling=\"no\"><\/iframe>\n<\/div><\/figure>\n\n\n\n<figure class=\"wp-block-embed is-type-wp-embed is-provider-fr-quence-sill wp-block-embed-fr-quence-sill\"><div class=\"wp-block-embed__wrapper\">\n<blockquote class=\"wp-embedded-content\" data-secret=\"uNEHeO7Wm2\"><a href=\"https:\/\/frequence-sille.org\/newsite\/2023\/02\/09\/emission-speciale-formation-service-civique-et-citoyenne\/\">Emission sp\u00e9ciale &#8211; Formation Civique et Citoyenne<\/a><\/blockquote><iframe loading=\"lazy\" class=\"wp-embedded-content\" sandbox=\"allow-scripts\" security=\"restricted\" style=\"position: absolute; visibility: hidden;\" title=\"\u00ab\u00a0Emission sp\u00e9ciale &#8211; Formation Civique et Citoyenne\u00a0\u00bb &#8212; Fr\u00e9quence Sill\u00e9\" src=\"https:\/\/frequence-sille.org\/newsite\/2023\/02\/09\/emission-speciale-formation-service-civique-et-citoyenne\/embed\/#?secret=0JI2m7vroh#?secret=uNEHeO7Wm2\" data-secret=\"uNEHeO7Wm2\" width=\"600\" height=\"338\" frameborder=\"0\" marginwidth=\"0\" marginheight=\"0\" scrolling=\"no\"><\/iframe>\n<\/div><\/figure>\n\n\n\n<figure class=\"wp-block-embed is-type-wp-embed is-provider-fr-quence-sill wp-block-embed-fr-quence-sill\"><div class=\"wp-block-embed__wrapper\">\n<blockquote class=\"wp-embedded-content\" data-secret=\"58sJ3UStwk\"><a href=\"https:\/\/frequence-sille.org\/newsite\/2022\/12\/01\/emission-par-des-services-civiques\/\">Formation Civique et Citoyenne : L&rsquo;\u00e9mission<\/a><\/blockquote><iframe loading=\"lazy\" class=\"wp-embedded-content\" sandbox=\"allow-scripts\" security=\"restricted\" style=\"position: absolute; visibility: hidden;\" title=\"\u00ab\u00a0Formation Civique et Citoyenne : L&rsquo;\u00e9mission\u00a0\u00bb &#8212; Fr\u00e9quence Sill\u00e9\" src=\"https:\/\/frequence-sille.org\/newsite\/2022\/12\/01\/emission-par-des-services-civiques\/embed\/#?secret=HyTx4Yz0k8#?secret=58sJ3UStwk\" data-secret=\"58sJ3UStwk\" width=\"600\" height=\"338\" frameborder=\"0\" marginwidth=\"0\" marginheight=\"0\" scrolling=\"no\"><\/iframe>\n<\/div><\/figure>\n","protected":false},"excerpt":{"rendered":"<p>Retrouvez toutes les \u00e9missions r\u00e9alis\u00e9es lors des formations civiques et citoyennes avec des jeunes en service civique.<\/p>\n","protected":false},"author":1,"featured_media":0,"parent":0,"menu_order":0,"comment_status":"closed","ping_status":"closed","template":"","meta":{"footnotes":""},"class_list":["post-10697","page","type-page","status-publish","hentry","no-post-thumbnail"],"yoast_head":"<!-- This site is optimized with the Yoast SEO plugin v27.3 - https:\/\/yoast.com\/product\/yoast-seo-wordpress\/ -->\n<title>\u00c9missions : Formations Civiques et Citoyennes - Fr\u00e9quence Sill\u00e9<\/title>\n<meta name=\"robots\" content=\"index, follow, max-snippet:-1, max-image-preview:large, max-video-preview:-1\" \/>\n<link rel=\"canonical\" href=\"https:\/\/frequence-sille.org\/newsite\/formations-services-civiques-et-citoyennes\/\" \/>\n<meta property=\"og:locale\" content=\"fr_FR\" \/>\n<meta property=\"og:type\" content=\"article\" \/>\n<meta property=\"og:title\" content=\"\u00c9missions : Formations Civiques et Citoyennes - Fr\u00e9quence Sill\u00e9\" \/>\n<meta property=\"og:description\" content=\"Retrouvez toutes les \u00e9missions r\u00e9alis\u00e9es lors des formations civiques et citoyennes avec des jeunes en service civique.\" \/>\n<meta property=\"og:url\" content=\"https:\/\/frequence-sille.org\/newsite\/formations-services-civiques-et-citoyennes\/\" \/>\n<meta property=\"og:site_name\" content=\"Fr\u00e9quence Sill\u00e9\" \/>\n<meta property=\"article:publisher\" content=\"https:\/\/www.facebook.com\/frequencesille979fm\" \/>\n<meta property=\"article:modified_time\" content=\"2026-01-23T12:45:05+00:00\" \/>\n<meta name=\"twitter:card\" content=\"summary_large_image\" \/>\n<meta name=\"twitter:site\" content=\"@freqsille979\" \/>\n<meta name=\"twitter:label1\" content=\"Dur\u00e9e de lecture estim\u00e9e\" \/>\n\t<meta name=\"twitter:data1\" content=\"1 minute\" \/>\n<script type=\"application\/ld+json\" class=\"yoast-schema-graph\">{\"@context\":\"https:\\\/\\\/schema.org\",\"@graph\":[{\"@type\":\"WebPage\",\"@id\":\"https:\\\/\\\/frequence-sille.org\\\/newsite\\\/formations-services-civiques-et-citoyennes\\\/\",\"url\":\"https:\\\/\\\/frequence-sille.org\\\/newsite\\\/formations-services-civiques-et-citoyennes\\\/\",\"name\":\"\u00c9missions : Formations Civiques et Citoyennes - Fr\u00e9quence Sill\u00e9\",\"isPartOf\":{\"@id\":\"https:\\\/\\\/frequence-sille.org\\\/newsite\\\/#website\"},\"datePublished\":\"2023-02-10T12:39:19+00:00\",\"dateModified\":\"2026-01-23T12:45:05+00:00\",\"breadcrumb\":{\"@id\":\"https:\\\/\\\/frequence-sille.org\\\/newsite\\\/formations-services-civiques-et-citoyennes\\\/#breadcrumb\"},\"inLanguage\":\"fr-FR\",\"potentialAction\":[{\"@type\":\"ReadAction\",\"target\":[\"https:\\\/\\\/frequence-sille.org\\\/newsite\\\/formations-services-civiques-et-citoyennes\\\/\"]}]},{\"@type\":\"BreadcrumbList\",\"@id\":\"https:\\\/\\\/frequence-sille.org\\\/newsite\\\/formations-services-civiques-et-citoyennes\\\/#breadcrumb\",\"itemListElement\":[{\"@type\":\"ListItem\",\"position\":1,\"name\":\"Accueil\",\"item\":\"https:\\\/\\\/frequence-sille.org\\\/newsite\\\/\"},{\"@type\":\"ListItem\",\"position\":2,\"name\":\"\u00c9missions : Formations Civiques et Citoyennes\"}]},{\"@type\":\"WebSite\",\"@id\":\"https:\\\/\\\/frequence-sille.org\\\/newsite\\\/#website\",\"url\":\"https:\\\/\\\/frequence-sille.org\\\/newsite\\\/\",\"name\":\"Fr\u00e9quence Sill\u00e9\",\"description\":\"Bien plus qu&#039;une radio...votre radio !\",\"publisher\":{\"@id\":\"https:\\\/\\\/frequence-sille.org\\\/newsite\\\/#organization\"},\"potentialAction\":[{\"@type\":\"SearchAction\",\"target\":{\"@type\":\"EntryPoint\",\"urlTemplate\":\"https:\\\/\\\/frequence-sille.org\\\/newsite\\\/?s={search_term_string}\"},\"query-input\":{\"@type\":\"PropertyValueSpecification\",\"valueRequired\":true,\"valueName\":\"search_term_string\"}}],\"inLanguage\":\"fr-FR\"},{\"@type\":\"Organization\",\"@id\":\"https:\\\/\\\/frequence-sille.org\\\/newsite\\\/#organization\",\"name\":\"Fr\u00e9quence Sill\u00e9\",\"url\":\"https:\\\/\\\/frequence-sille.org\\\/newsite\\\/\",\"logo\":{\"@type\":\"ImageObject\",\"inLanguage\":\"fr-FR\",\"@id\":\"https:\\\/\\\/frequence-sille.org\\\/newsite\\\/#\\\/schema\\\/logo\\\/image\\\/\",\"url\":\"https:\\\/\\\/frequence-sille.org\\\/newsite\\\/wp-content\\\/uploads\\\/2023\\\/07\\\/LOGO_979_NOIR.png\",\"contentUrl\":\"https:\\\/\\\/frequence-sille.org\\\/newsite\\\/wp-content\\\/uploads\\\/2023\\\/07\\\/LOGO_979_NOIR.png\",\"width\":7680,\"height\":4320,\"caption\":\"Fr\u00e9quence Sill\u00e9\"},\"image\":{\"@id\":\"https:\\\/\\\/frequence-sille.org\\\/newsite\\\/#\\\/schema\\\/logo\\\/image\\\/\"},\"sameAs\":[\"https:\\\/\\\/www.facebook.com\\\/frequencesille979fm\",\"https:\\\/\\\/x.com\\\/freqsille979\",\"https:\\\/\\\/www.instagram.com\\\/frequencesille\\\/\"]}]}<\/script>\n<!-- \/ Yoast SEO plugin. -->","yoast_head_json":{"title":"\u00c9missions : Formations Civiques et Citoyennes - Fr\u00e9quence Sill\u00e9","robots":{"index":"index","follow":"follow","max-snippet":"max-snippet:-1","max-image-preview":"max-image-preview:large","max-video-preview":"max-video-preview:-1"},"canonical":"https:\/\/frequence-sille.org\/newsite\/formations-services-civiques-et-citoyennes\/","og_locale":"fr_FR","og_type":"article","og_title":"\u00c9missions : Formations Civiques et Citoyennes - Fr\u00e9quence Sill\u00e9","og_description":"Retrouvez toutes les \u00e9missions r\u00e9alis\u00e9es lors des formations civiques et citoyennes avec des jeunes en service civique.","og_url":"https:\/\/frequence-sille.org\/newsite\/formations-services-civiques-et-citoyennes\/","og_site_name":"Fr\u00e9quence Sill\u00e9","article_publisher":"https:\/\/www.facebook.com\/frequencesille979fm","article_modified_time":"2026-01-23T12:45:05+00:00","twitter_card":"summary_large_image","twitter_site":"@freqsille979","twitter_misc":{"Dur\u00e9e de lecture estim\u00e9e":"1 minute"},"schema":{"@context":"https:\/\/schema.org","@graph":[{"@type":"WebPage","@id":"https:\/\/frequence-sille.org\/newsite\/formations-services-civiques-et-citoyennes\/","url":"https:\/\/frequence-sille.org\/newsite\/formations-services-civiques-et-citoyennes\/","name":"\u00c9missions : Formations Civiques et Citoyennes - Fr\u00e9quence Sill\u00e9","isPartOf":{"@id":"https:\/\/frequence-sille.org\/newsite\/#website"},"datePublished":"2023-02-10T12:39:19+00:00","dateModified":"2026-01-23T12:45:05+00:00","breadcrumb":{"@id":"https:\/\/frequence-sille.org\/newsite\/formations-services-civiques-et-citoyennes\/#breadcrumb"},"inLanguage":"fr-FR","potentialAction":[{"@type":"ReadAction","target":["https:\/\/frequence-sille.org\/newsite\/formations-services-civiques-et-citoyennes\/"]}]},{"@type":"BreadcrumbList","@id":"https:\/\/frequence-sille.org\/newsite\/formations-services-civiques-et-citoyennes\/#breadcrumb","itemListElement":[{"@type":"ListItem","position":1,"name":"Accueil","item":"https:\/\/frequence-sille.org\/newsite\/"},{"@type":"ListItem","position":2,"name":"\u00c9missions : Formations Civiques et Citoyennes"}]},{"@type":"WebSite","@id":"https:\/\/frequence-sille.org\/newsite\/#website","url":"https:\/\/frequence-sille.org\/newsite\/","name":"Fr\u00e9quence Sill\u00e9","description":"Bien plus qu&#039;une radio...votre radio !","publisher":{"@id":"https:\/\/frequence-sille.org\/newsite\/#organization"},"potentialAction":[{"@type":"SearchAction","target":{"@type":"EntryPoint","urlTemplate":"https:\/\/frequence-sille.org\/newsite\/?s={search_term_string}"},"query-input":{"@type":"PropertyValueSpecification","valueRequired":true,"valueName":"search_term_string"}}],"inLanguage":"fr-FR"},{"@type":"Organization","@id":"https:\/\/frequence-sille.org\/newsite\/#organization","name":"Fr\u00e9quence Sill\u00e9","url":"https:\/\/frequence-sille.org\/newsite\/","logo":{"@type":"ImageObject","inLanguage":"fr-FR","@id":"https:\/\/frequence-sille.org\/newsite\/#\/schema\/logo\/image\/","url":"https:\/\/frequence-sille.org\/newsite\/wp-content\/uploads\/2023\/07\/LOGO_979_NOIR.png","contentUrl":"https:\/\/frequence-sille.org\/newsite\/wp-content\/uploads\/2023\/07\/LOGO_979_NOIR.png","width":7680,"height":4320,"caption":"Fr\u00e9quence Sill\u00e9"},"image":{"@id":"https:\/\/frequence-sille.org\/newsite\/#\/schema\/logo\/image\/"},"sameAs":["https:\/\/www.facebook.com\/frequencesille979fm","https:\/\/x.com\/freqsille979","https:\/\/www.instagram.com\/frequencesille\/"]}]}},"_links":{"self":[{"href":"https:\/\/frequence-sille.org\/newsite\/wp-json\/wp\/v2\/pages\/10697","targetHints":{"allow":["GET"]}}],"collection":[{"href":"https:\/\/frequence-sille.org\/newsite\/wp-json\/wp\/v2\/pages"}],"about":[{"href":"https:\/\/frequence-sille.org\/newsite\/wp-json\/wp\/v2\/types\/page"}],"author":[{"embeddable":true,"href":"https:\/\/frequence-sille.org\/newsite\/wp-json\/wp\/v2\/users\/1"}],"replies":[{"embeddable":true,"href":"https:\/\/frequence-sille.org\/newsite\/wp-json\/wp\/v2\/comments?post=10697"}],"version-history":[{"count":14,"href":"https:\/\/frequence-sille.org\/newsite\/wp-json\/wp\/v2\/pages\/10697\/revisions"}],"predecessor-version":[{"id":16357,"href":"https:\/\/frequence-sille.org\/newsite\/wp-json\/wp\/v2\/pages\/10697\/revisions\/16357"}],"wp:attachment":[{"href":"https:\/\/frequence-sille.org\/newsite\/wp-json\/wp\/v2\/media?parent=10697"}],"curies":[{"name":"wp","href":"https:\/\/api.w.org\/{rel}","templated":true}]}}