{"id":11376,"date":"2023-10-13T15:21:07","date_gmt":"2023-10-13T14:21:07","guid":{"rendered":"https:\/\/frequence-sille.org\/newsite\/?page_id=11376"},"modified":"2024-10-07T08:15:01","modified_gmt":"2024-10-07T07:15:01","slug":"emission-des-secondes-2023-2024","status":"publish","type":"page","link":"https:\/\/frequence-sille.org\/newsite\/emission-des-secondes-2023-2024\/","title":{"rendered":"Emission des secondes 2023-2024"},"content":{"rendered":"\n<figure class=\"wp-block-image size-large\"><img loading=\"lazy\" decoding=\"async\" width=\"1024\" height=\"576\" src=\"https:\/\/frequence-sille.org\/newsite\/wp-content\/uploads\/2023\/12\/Vie-de-Lyceens-visuel-podcast-paysage-1024x576.png\" alt=\"\" class=\"wp-image-11735\" srcset=\"https:\/\/frequence-sille.org\/newsite\/wp-content\/uploads\/2023\/12\/Vie-de-Lyceens-visuel-podcast-paysage-1024x576.png 1024w, https:\/\/frequence-sille.org\/newsite\/wp-content\/uploads\/2023\/12\/Vie-de-Lyceens-visuel-podcast-paysage-300x169.png 300w, https:\/\/frequence-sille.org\/newsite\/wp-content\/uploads\/2023\/12\/Vie-de-Lyceens-visuel-podcast-paysage-768x432.png 768w, https:\/\/frequence-sille.org\/newsite\/wp-content\/uploads\/2023\/12\/Vie-de-Lyceens-visuel-podcast-paysage-1536x864.png 1536w, https:\/\/frequence-sille.org\/newsite\/wp-content\/uploads\/2023\/12\/Vie-de-Lyceens-visuel-podcast-paysage.png 1920w\" sizes=\"auto, (max-width: 1024px) 100vw, 1024px\" \/><\/figure>\n\n\n\n<p><br>Cette ann\u00e9e, les lyc\u00e9ens, ou plus pr\u00e9cis\u00e9ment les Secondes B reviennent avec leur \u00e9mission VdL (Vie de Lyc\u00e9en) un vendredi sur deux \u00e0 midi, ainsi qu&rsquo;en rediffusion tous les mercredis \u00e0 15h et tous les dimanches \u00e0 10h.<br><br>Un nouveau th\u00e8me sera abord\u00e9 \u00e0 chaque \u00e9pisode, faisant intervenir 3 \u00e0 5 \u00e9l\u00e8ves de secondes.<br>Pr\u00e9par\u00e9 et anim\u00e9 par leur enseignant de lettres modernes Julien Delrieu.<\/p>\n\n\n\n<iframe loading=\"lazy\" scrolling=\"no\" id=\"hearthis_at_user_361076-8445500\" width=\"100%\" height=\"350\" src=\"https:\/\/hearthis.at\/set\/361076-8445500\/embed\/\" frameborder=\"0\" allowtransparency allow=\"autoplay\"><\/iframe>\n\n\n\n<p><br><br>Retrouvez ici les micro-trottoirs et autres interviews r\u00e9alis\u00e9s par les \u00e9l\u00e8ves dans le cadre de cette \u00e9mission:<\/p>\n\n\n\n<iframe loading=\"lazy\" scrolling=\"no\" id=\"hearthis_at_user_382802-8445500\" width=\"100%\" height=\"350\" src=\"https:\/\/hearthis.at\/set\/382802-8445500\/embed\/\" frameborder=\"0\" allowtransparency allow=\"autoplay\"><\/iframe>\n","protected":false},"excerpt":{"rendered":"<p>Cette ann\u00e9e, les lyc\u00e9ens, ou plus pr\u00e9cis\u00e9ment les Secondes B reviennent avec leur \u00e9mission VdL (Vie de Lyc\u00e9en) un vendredi sur deux \u00e0 midi, ainsi qu&rsquo;en rediffusion tous les mercredis&hellip;<\/p>\n","protected":false},"author":1,"featured_media":11735,"parent":0,"menu_order":0,"comment_status":"closed","ping_status":"closed","template":"","meta":{"footnotes":""},"class_list":["post-11376","page","type-page","status-publish","has-post-thumbnail","hentry"],"yoast_head":"<!-- This site is optimized with the Yoast SEO plugin v27.3 - https:\/\/yoast.com\/product\/yoast-seo-wordpress\/ -->\n<title>Emission des secondes 2023-2024 - Fr\u00e9quence Sill\u00e9<\/title>\n<meta name=\"robots\" content=\"index, follow, max-snippet:-1, max-image-preview:large, max-video-preview:-1\" \/>\n<link rel=\"canonical\" href=\"https:\/\/frequence-sille.org\/newsite\/emission-des-secondes-2023-2024\/\" \/>\n<meta property=\"og:locale\" content=\"fr_FR\" \/>\n<meta property=\"og:type\" content=\"article\" \/>\n<meta property=\"og:title\" content=\"Emission des secondes 2023-2024 - Fr\u00e9quence Sill\u00e9\" \/>\n<meta property=\"og:description\" content=\"Cette ann\u00e9e, les lyc\u00e9ens, ou plus pr\u00e9cis\u00e9ment les Secondes B reviennent avec leur \u00e9mission VdL (Vie de Lyc\u00e9en) un vendredi sur deux \u00e0 midi, ainsi qu&rsquo;en rediffusion tous les mercredis&hellip;\" \/>\n<meta property=\"og:url\" content=\"https:\/\/frequence-sille.org\/newsite\/emission-des-secondes-2023-2024\/\" \/>\n<meta property=\"og:site_name\" content=\"Fr\u00e9quence Sill\u00e9\" \/>\n<meta property=\"article:publisher\" content=\"https:\/\/www.facebook.com\/frequencesille979fm\" \/>\n<meta property=\"article:modified_time\" content=\"2024-10-07T07:15:01+00:00\" \/>\n<meta property=\"og:image\" content=\"https:\/\/frequence-sille.org\/newsite\/wp-content\/uploads\/2023\/12\/Vie-de-Lyceens-visuel-podcast-paysage.png\" \/>\n\t<meta property=\"og:image:width\" content=\"1920\" \/>\n\t<meta property=\"og:image:height\" content=\"1080\" \/>\n\t<meta property=\"og:image:type\" content=\"image\/png\" \/>\n<meta name=\"twitter:card\" content=\"summary_large_image\" \/>\n<meta name=\"twitter:site\" content=\"@freqsille979\" \/>\n<meta name=\"twitter:label1\" content=\"Dur\u00e9e de lecture estim\u00e9e\" \/>\n\t<meta name=\"twitter:data1\" content=\"1 minute\" \/>\n<script type=\"application\/ld+json\" class=\"yoast-schema-graph\">{\"@context\":\"https:\\\/\\\/schema.org\",\"@graph\":[{\"@type\":\"WebPage\",\"@id\":\"https:\\\/\\\/frequence-sille.org\\\/newsite\\\/emission-des-secondes-2023-2024\\\/\",\"url\":\"https:\\\/\\\/frequence-sille.org\\\/newsite\\\/emission-des-secondes-2023-2024\\\/\",\"name\":\"Emission des secondes 2023-2024 - Fr\u00e9quence Sill\u00e9\",\"isPartOf\":{\"@id\":\"https:\\\/\\\/frequence-sille.org\\\/newsite\\\/#website\"},\"primaryImageOfPage\":{\"@id\":\"https:\\\/\\\/frequence-sille.org\\\/newsite\\\/emission-des-secondes-2023-2024\\\/#primaryimage\"},\"image\":{\"@id\":\"https:\\\/\\\/frequence-sille.org\\\/newsite\\\/emission-des-secondes-2023-2024\\\/#primaryimage\"},\"thumbnailUrl\":\"https:\\\/\\\/frequence-sille.org\\\/newsite\\\/wp-content\\\/uploads\\\/2023\\\/12\\\/Vie-de-Lyceens-visuel-podcast-paysage.png\",\"datePublished\":\"2023-10-13T14:21:07+00:00\",\"dateModified\":\"2024-10-07T07:15:01+00:00\",\"breadcrumb\":{\"@id\":\"https:\\\/\\\/frequence-sille.org\\\/newsite\\\/emission-des-secondes-2023-2024\\\/#breadcrumb\"},\"inLanguage\":\"fr-FR\",\"potentialAction\":[{\"@type\":\"ReadAction\",\"target\":[\"https:\\\/\\\/frequence-sille.org\\\/newsite\\\/emission-des-secondes-2023-2024\\\/\"]}]},{\"@type\":\"ImageObject\",\"inLanguage\":\"fr-FR\",\"@id\":\"https:\\\/\\\/frequence-sille.org\\\/newsite\\\/emission-des-secondes-2023-2024\\\/#primaryimage\",\"url\":\"https:\\\/\\\/frequence-sille.org\\\/newsite\\\/wp-content\\\/uploads\\\/2023\\\/12\\\/Vie-de-Lyceens-visuel-podcast-paysage.png\",\"contentUrl\":\"https:\\\/\\\/frequence-sille.org\\\/newsite\\\/wp-content\\\/uploads\\\/2023\\\/12\\\/Vie-de-Lyceens-visuel-podcast-paysage.png\",\"width\":1920,\"height\":1080},{\"@type\":\"BreadcrumbList\",\"@id\":\"https:\\\/\\\/frequence-sille.org\\\/newsite\\\/emission-des-secondes-2023-2024\\\/#breadcrumb\",\"itemListElement\":[{\"@type\":\"ListItem\",\"position\":1,\"name\":\"Accueil\",\"item\":\"https:\\\/\\\/frequence-sille.org\\\/newsite\\\/\"},{\"@type\":\"ListItem\",\"position\":2,\"name\":\"Emission des secondes 2023-2024\"}]},{\"@type\":\"WebSite\",\"@id\":\"https:\\\/\\\/frequence-sille.org\\\/newsite\\\/#website\",\"url\":\"https:\\\/\\\/frequence-sille.org\\\/newsite\\\/\",\"name\":\"Fr\u00e9quence Sill\u00e9\",\"description\":\"Bien plus qu&#039;une radio...votre radio !\",\"publisher\":{\"@id\":\"https:\\\/\\\/frequence-sille.org\\\/newsite\\\/#organization\"},\"potentialAction\":[{\"@type\":\"SearchAction\",\"target\":{\"@type\":\"EntryPoint\",\"urlTemplate\":\"https:\\\/\\\/frequence-sille.org\\\/newsite\\\/?s={search_term_string}\"},\"query-input\":{\"@type\":\"PropertyValueSpecification\",\"valueRequired\":true,\"valueName\":\"search_term_string\"}}],\"inLanguage\":\"fr-FR\"},{\"@type\":\"Organization\",\"@id\":\"https:\\\/\\\/frequence-sille.org\\\/newsite\\\/#organization\",\"name\":\"Fr\u00e9quence Sill\u00e9\",\"url\":\"https:\\\/\\\/frequence-sille.org\\\/newsite\\\/\",\"logo\":{\"@type\":\"ImageObject\",\"inLanguage\":\"fr-FR\",\"@id\":\"https:\\\/\\\/frequence-sille.org\\\/newsite\\\/#\\\/schema\\\/logo\\\/image\\\/\",\"url\":\"https:\\\/\\\/frequence-sille.org\\\/newsite\\\/wp-content\\\/uploads\\\/2023\\\/07\\\/LOGO_979_NOIR.png\",\"contentUrl\":\"https:\\\/\\\/frequence-sille.org\\\/newsite\\\/wp-content\\\/uploads\\\/2023\\\/07\\\/LOGO_979_NOIR.png\",\"width\":7680,\"height\":4320,\"caption\":\"Fr\u00e9quence Sill\u00e9\"},\"image\":{\"@id\":\"https:\\\/\\\/frequence-sille.org\\\/newsite\\\/#\\\/schema\\\/logo\\\/image\\\/\"},\"sameAs\":[\"https:\\\/\\\/www.facebook.com\\\/frequencesille979fm\",\"https:\\\/\\\/x.com\\\/freqsille979\",\"https:\\\/\\\/www.instagram.com\\\/frequencesille\\\/\"]}]}<\/script>\n<!-- \/ Yoast SEO plugin. -->","yoast_head_json":{"title":"Emission des secondes 2023-2024 - Fr\u00e9quence Sill\u00e9","robots":{"index":"index","follow":"follow","max-snippet":"max-snippet:-1","max-image-preview":"max-image-preview:large","max-video-preview":"max-video-preview:-1"},"canonical":"https:\/\/frequence-sille.org\/newsite\/emission-des-secondes-2023-2024\/","og_locale":"fr_FR","og_type":"article","og_title":"Emission des secondes 2023-2024 - Fr\u00e9quence Sill\u00e9","og_description":"Cette ann\u00e9e, les lyc\u00e9ens, ou plus pr\u00e9cis\u00e9ment les Secondes B reviennent avec leur \u00e9mission VdL (Vie de Lyc\u00e9en) un vendredi sur deux \u00e0 midi, ainsi qu&rsquo;en rediffusion tous les mercredis&hellip;","og_url":"https:\/\/frequence-sille.org\/newsite\/emission-des-secondes-2023-2024\/","og_site_name":"Fr\u00e9quence Sill\u00e9","article_publisher":"https:\/\/www.facebook.com\/frequencesille979fm","article_modified_time":"2024-10-07T07:15:01+00:00","og_image":[{"width":1920,"height":1080,"url":"https:\/\/frequence-sille.org\/newsite\/wp-content\/uploads\/2023\/12\/Vie-de-Lyceens-visuel-podcast-paysage.png","type":"image\/png"}],"twitter_card":"summary_large_image","twitter_site":"@freqsille979","twitter_misc":{"Dur\u00e9e de lecture estim\u00e9e":"1 minute"},"schema":{"@context":"https:\/\/schema.org","@graph":[{"@type":"WebPage","@id":"https:\/\/frequence-sille.org\/newsite\/emission-des-secondes-2023-2024\/","url":"https:\/\/frequence-sille.org\/newsite\/emission-des-secondes-2023-2024\/","name":"Emission des secondes 2023-2024 - Fr\u00e9quence Sill\u00e9","isPartOf":{"@id":"https:\/\/frequence-sille.org\/newsite\/#website"},"primaryImageOfPage":{"@id":"https:\/\/frequence-sille.org\/newsite\/emission-des-secondes-2023-2024\/#primaryimage"},"image":{"@id":"https:\/\/frequence-sille.org\/newsite\/emission-des-secondes-2023-2024\/#primaryimage"},"thumbnailUrl":"https:\/\/frequence-sille.org\/newsite\/wp-content\/uploads\/2023\/12\/Vie-de-Lyceens-visuel-podcast-paysage.png","datePublished":"2023-10-13T14:21:07+00:00","dateModified":"2024-10-07T07:15:01+00:00","breadcrumb":{"@id":"https:\/\/frequence-sille.org\/newsite\/emission-des-secondes-2023-2024\/#breadcrumb"},"inLanguage":"fr-FR","potentialAction":[{"@type":"ReadAction","target":["https:\/\/frequence-sille.org\/newsite\/emission-des-secondes-2023-2024\/"]}]},{"@type":"ImageObject","inLanguage":"fr-FR","@id":"https:\/\/frequence-sille.org\/newsite\/emission-des-secondes-2023-2024\/#primaryimage","url":"https:\/\/frequence-sille.org\/newsite\/wp-content\/uploads\/2023\/12\/Vie-de-Lyceens-visuel-podcast-paysage.png","contentUrl":"https:\/\/frequence-sille.org\/newsite\/wp-content\/uploads\/2023\/12\/Vie-de-Lyceens-visuel-podcast-paysage.png","width":1920,"height":1080},{"@type":"BreadcrumbList","@id":"https:\/\/frequence-sille.org\/newsite\/emission-des-secondes-2023-2024\/#breadcrumb","itemListElement":[{"@type":"ListItem","position":1,"name":"Accueil","item":"https:\/\/frequence-sille.org\/newsite\/"},{"@type":"ListItem","position":2,"name":"Emission des secondes 2023-2024"}]},{"@type":"WebSite","@id":"https:\/\/frequence-sille.org\/newsite\/#website","url":"https:\/\/frequence-sille.org\/newsite\/","name":"Fr\u00e9quence Sill\u00e9","description":"Bien plus qu&#039;une radio...votre radio !","publisher":{"@id":"https:\/\/frequence-sille.org\/newsite\/#organization"},"potentialAction":[{"@type":"SearchAction","target":{"@type":"EntryPoint","urlTemplate":"https:\/\/frequence-sille.org\/newsite\/?s={search_term_string}"},"query-input":{"@type":"PropertyValueSpecification","valueRequired":true,"valueName":"search_term_string"}}],"inLanguage":"fr-FR"},{"@type":"Organization","@id":"https:\/\/frequence-sille.org\/newsite\/#organization","name":"Fr\u00e9quence Sill\u00e9","url":"https:\/\/frequence-sille.org\/newsite\/","logo":{"@type":"ImageObject","inLanguage":"fr-FR","@id":"https:\/\/frequence-sille.org\/newsite\/#\/schema\/logo\/image\/","url":"https:\/\/frequence-sille.org\/newsite\/wp-content\/uploads\/2023\/07\/LOGO_979_NOIR.png","contentUrl":"https:\/\/frequence-sille.org\/newsite\/wp-content\/uploads\/2023\/07\/LOGO_979_NOIR.png","width":7680,"height":4320,"caption":"Fr\u00e9quence Sill\u00e9"},"image":{"@id":"https:\/\/frequence-sille.org\/newsite\/#\/schema\/logo\/image\/"},"sameAs":["https:\/\/www.facebook.com\/frequencesille979fm","https:\/\/x.com\/freqsille979","https:\/\/www.instagram.com\/frequencesille\/"]}]}},"_links":{"self":[{"href":"https:\/\/frequence-sille.org\/newsite\/wp-json\/wp\/v2\/pages\/11376","targetHints":{"allow":["GET"]}}],"collection":[{"href":"https:\/\/frequence-sille.org\/newsite\/wp-json\/wp\/v2\/pages"}],"about":[{"href":"https:\/\/frequence-sille.org\/newsite\/wp-json\/wp\/v2\/types\/page"}],"author":[{"embeddable":true,"href":"https:\/\/frequence-sille.org\/newsite\/wp-json\/wp\/v2\/users\/1"}],"replies":[{"embeddable":true,"href":"https:\/\/frequence-sille.org\/newsite\/wp-json\/wp\/v2\/comments?post=11376"}],"version-history":[{"count":13,"href":"https:\/\/frequence-sille.org\/newsite\/wp-json\/wp\/v2\/pages\/11376\/revisions"}],"predecessor-version":[{"id":13944,"href":"https:\/\/frequence-sille.org\/newsite\/wp-json\/wp\/v2\/pages\/11376\/revisions\/13944"}],"wp:featuredmedia":[{"embeddable":true,"href":"https:\/\/frequence-sille.org\/newsite\/wp-json\/wp\/v2\/media\/11735"}],"wp:attachment":[{"href":"https:\/\/frequence-sille.org\/newsite\/wp-json\/wp\/v2\/media?parent=11376"}],"curies":[{"name":"wp","href":"https:\/\/api.w.org\/{rel}","templated":true}]}}