{"id":1263,"date":"2016-10-19T07:40:55","date_gmt":"2016-10-19T06:40:55","guid":{"rendered":"http:\/\/frequence-sille.org\/newsite\/?page_id=1263"},"modified":"2022-10-19T08:56:45","modified_gmt":"2022-10-19T07:56:45","slug":"demande-programmation","status":"publish","type":"page","link":"https:\/\/frequence-sille.org\/newsite\/les-emissions\/demande-programmation\/","title":{"rendered":"Demande programmation"},"content":{"rendered":"<div class=\"wp-block-image\">\n<figure class=\"aligncenter size-large is-resized\"><img loading=\"lazy\" decoding=\"async\" src=\"https:\/\/frequence-sille.org\/newsite\/wp-content\/uploads\/2022\/10\/Copie-de-Les-Indes-2022-2023-1024x1024.png\" alt=\"\" class=\"wp-image-9723\" width=\"493\" height=\"493\" srcset=\"https:\/\/frequence-sille.org\/newsite\/wp-content\/uploads\/2022\/10\/Copie-de-Les-Indes-2022-2023-1024x1024.png 1024w, https:\/\/frequence-sille.org\/newsite\/wp-content\/uploads\/2022\/10\/Copie-de-Les-Indes-2022-2023-300x300.png 300w, https:\/\/frequence-sille.org\/newsite\/wp-content\/uploads\/2022\/10\/Copie-de-Les-Indes-2022-2023-150x150.png 150w, https:\/\/frequence-sille.org\/newsite\/wp-content\/uploads\/2022\/10\/Copie-de-Les-Indes-2022-2023-768x768.png 768w, https:\/\/frequence-sille.org\/newsite\/wp-content\/uploads\/2022\/10\/Copie-de-Les-Indes-2022-2023.png 1080w\" sizes=\"auto, (max-width: 493px) 100vw, 493px\" \/><\/figure>\n<\/div>\n\n\n<p class=\"has-text-align-center\"><strong>Fr\u00e9quence Sill\u00e9<\/strong><\/p>\n\n\n\n<p class=\"has-text-align-center\"><em>Adresse<\/em> : <strong><em>579<\/em><\/strong> <em><strong>Route de mont Saint Jean<\/strong><\/em><\/p>\n\n\n\n<p class=\"has-text-align-center\"><em><strong>72140, Sill\u00e9-le-Guillaume<\/strong><\/em><\/p>\n\n\n\n<p class=\"has-text-align-center\"><em>Programmation musicale<\/em> :\u00a0<strong>radiofrequencesille@gmail.com<\/strong><\/p>\n\n\n\n<p class=\"has-text-align-center\"><em>T\u00e9l\u00e9phone<\/em> radio : <strong>02 43 20 34 67<\/strong><\/p>\n\n\n\n<p class=\"has-text-align-center\">&nbsp;<\/p>\n","protected":false},"excerpt":{"rendered":"<p>Fr\u00e9quence Sill\u00e9 Adresse : 579 Route de mont Saint Jean 72140, Sill\u00e9-le-Guillaume Programmation musicale :\u00a0radiofrequencesille@gmail.com T\u00e9l\u00e9phone radio : 02 43 20 34 67 &nbsp;<\/p>\n","protected":false},"author":1,"featured_media":0,"parent":27,"menu_order":44,"comment_status":"closed","ping_status":"closed","template":"","meta":{"footnotes":""},"class_list":["post-1263","page","type-page","status-publish","hentry","no-post-thumbnail"],"yoast_head":"<!-- This site is optimized with the Yoast SEO plugin v27.3 - https:\/\/yoast.com\/product\/yoast-seo-wordpress\/ -->\n<title>Demande programmation - Fr\u00e9quence Sill\u00e9<\/title>\n<meta name=\"robots\" content=\"index, follow, max-snippet:-1, max-image-preview:large, max-video-preview:-1\" \/>\n<link rel=\"canonical\" href=\"https:\/\/frequence-sille.org\/newsite\/les-emissions\/les-creations__trashed\/demande-programmation\/\" \/>\n<meta property=\"og:locale\" content=\"fr_FR\" \/>\n<meta property=\"og:type\" content=\"article\" \/>\n<meta property=\"og:title\" content=\"Demande programmation - Fr\u00e9quence Sill\u00e9\" \/>\n<meta property=\"og:description\" content=\"Fr\u00e9quence Sill\u00e9 Adresse : 579 Route de mont Saint Jean 72140, Sill\u00e9-le-Guillaume Programmation musicale :\u00a0radiofrequencesille@gmail.com T\u00e9l\u00e9phone radio : 02 43 20 34 67 &nbsp;\" \/>\n<meta property=\"og:url\" content=\"https:\/\/frequence-sille.org\/newsite\/les-emissions\/les-creations__trashed\/demande-programmation\/\" \/>\n<meta property=\"og:site_name\" content=\"Fr\u00e9quence Sill\u00e9\" \/>\n<meta property=\"article:publisher\" content=\"https:\/\/www.facebook.com\/frequencesille979fm\" \/>\n<meta property=\"article:modified_time\" content=\"2022-10-19T07:56:45+00:00\" \/>\n<meta property=\"og:image\" content=\"https:\/\/frequence-sille.org\/newsite\/wp-content\/uploads\/2022\/10\/Copie-de-Les-Indes-2022-2023-1024x1024.png\" \/>\n<meta name=\"twitter:card\" content=\"summary_large_image\" \/>\n<meta name=\"twitter:site\" content=\"@freqsille979\" \/>\n<script type=\"application\/ld+json\" class=\"yoast-schema-graph\">{\"@context\":\"https:\\\/\\\/schema.org\",\"@graph\":[{\"@type\":\"WebPage\",\"@id\":\"https:\\\/\\\/frequence-sille.org\\\/newsite\\\/les-emissions\\\/les-creations__trashed\\\/demande-programmation\\\/\",\"url\":\"https:\\\/\\\/frequence-sille.org\\\/newsite\\\/les-emissions\\\/les-creations__trashed\\\/demande-programmation\\\/\",\"name\":\"Demande programmation - Fr\u00e9quence Sill\u00e9\",\"isPartOf\":{\"@id\":\"https:\\\/\\\/frequence-sille.org\\\/newsite\\\/#website\"},\"primaryImageOfPage\":{\"@id\":\"https:\\\/\\\/frequence-sille.org\\\/newsite\\\/les-emissions\\\/les-creations__trashed\\\/demande-programmation\\\/#primaryimage\"},\"image\":{\"@id\":\"https:\\\/\\\/frequence-sille.org\\\/newsite\\\/les-emissions\\\/les-creations__trashed\\\/demande-programmation\\\/#primaryimage\"},\"thumbnailUrl\":\"https:\\\/\\\/frequence-sille.org\\\/newsite\\\/wp-content\\\/uploads\\\/2022\\\/10\\\/Copie-de-Les-Indes-2022-2023-1024x1024.png\",\"datePublished\":\"2016-10-19T06:40:55+00:00\",\"dateModified\":\"2022-10-19T07:56:45+00:00\",\"breadcrumb\":{\"@id\":\"https:\\\/\\\/frequence-sille.org\\\/newsite\\\/les-emissions\\\/les-creations__trashed\\\/demande-programmation\\\/#breadcrumb\"},\"inLanguage\":\"fr-FR\",\"potentialAction\":[{\"@type\":\"ReadAction\",\"target\":[\"https:\\\/\\\/frequence-sille.org\\\/newsite\\\/les-emissions\\\/les-creations__trashed\\\/demande-programmation\\\/\"]}]},{\"@type\":\"ImageObject\",\"inLanguage\":\"fr-FR\",\"@id\":\"https:\\\/\\\/frequence-sille.org\\\/newsite\\\/les-emissions\\\/les-creations__trashed\\\/demande-programmation\\\/#primaryimage\",\"url\":\"https:\\\/\\\/frequence-sille.org\\\/newsite\\\/wp-content\\\/uploads\\\/2022\\\/10\\\/Copie-de-Les-Indes-2022-2023.png\",\"contentUrl\":\"https:\\\/\\\/frequence-sille.org\\\/newsite\\\/wp-content\\\/uploads\\\/2022\\\/10\\\/Copie-de-Les-Indes-2022-2023.png\",\"width\":1080,\"height\":1080},{\"@type\":\"BreadcrumbList\",\"@id\":\"https:\\\/\\\/frequence-sille.org\\\/newsite\\\/les-emissions\\\/les-creations__trashed\\\/demande-programmation\\\/#breadcrumb\",\"itemListElement\":[{\"@type\":\"ListItem\",\"position\":1,\"name\":\"Accueil\",\"item\":\"https:\\\/\\\/frequence-sille.org\\\/newsite\\\/\"},{\"@type\":\"ListItem\",\"position\":2,\"name\":\"Les \u00e9missions\",\"item\":\"https:\\\/\\\/frequence-sille.org\\\/newsite\\\/les-emissions\\\/\"},{\"@type\":\"ListItem\",\"position\":3,\"name\":\"Demande programmation\"}]},{\"@type\":\"WebSite\",\"@id\":\"https:\\\/\\\/frequence-sille.org\\\/newsite\\\/#website\",\"url\":\"https:\\\/\\\/frequence-sille.org\\\/newsite\\\/\",\"name\":\"Fr\u00e9quence Sill\u00e9\",\"description\":\"Bien plus qu&#039;une radio...votre radio !\",\"publisher\":{\"@id\":\"https:\\\/\\\/frequence-sille.org\\\/newsite\\\/#organization\"},\"potentialAction\":[{\"@type\":\"SearchAction\",\"target\":{\"@type\":\"EntryPoint\",\"urlTemplate\":\"https:\\\/\\\/frequence-sille.org\\\/newsite\\\/?s={search_term_string}\"},\"query-input\":{\"@type\":\"PropertyValueSpecification\",\"valueRequired\":true,\"valueName\":\"search_term_string\"}}],\"inLanguage\":\"fr-FR\"},{\"@type\":\"Organization\",\"@id\":\"https:\\\/\\\/frequence-sille.org\\\/newsite\\\/#organization\",\"name\":\"Fr\u00e9quence Sill\u00e9\",\"url\":\"https:\\\/\\\/frequence-sille.org\\\/newsite\\\/\",\"logo\":{\"@type\":\"ImageObject\",\"inLanguage\":\"fr-FR\",\"@id\":\"https:\\\/\\\/frequence-sille.org\\\/newsite\\\/#\\\/schema\\\/logo\\\/image\\\/\",\"url\":\"https:\\\/\\\/frequence-sille.org\\\/newsite\\\/wp-content\\\/uploads\\\/2023\\\/07\\\/LOGO_979_NOIR.png\",\"contentUrl\":\"https:\\\/\\\/frequence-sille.org\\\/newsite\\\/wp-content\\\/uploads\\\/2023\\\/07\\\/LOGO_979_NOIR.png\",\"width\":7680,\"height\":4320,\"caption\":\"Fr\u00e9quence Sill\u00e9\"},\"image\":{\"@id\":\"https:\\\/\\\/frequence-sille.org\\\/newsite\\\/#\\\/schema\\\/logo\\\/image\\\/\"},\"sameAs\":[\"https:\\\/\\\/www.facebook.com\\\/frequencesille979fm\",\"https:\\\/\\\/x.com\\\/freqsille979\",\"https:\\\/\\\/www.instagram.com\\\/frequencesille\\\/\"]}]}<\/script>\n<!-- \/ Yoast SEO plugin. -->","yoast_head_json":{"title":"Demande programmation - Fr\u00e9quence Sill\u00e9","robots":{"index":"index","follow":"follow","max-snippet":"max-snippet:-1","max-image-preview":"max-image-preview:large","max-video-preview":"max-video-preview:-1"},"canonical":"https:\/\/frequence-sille.org\/newsite\/les-emissions\/les-creations__trashed\/demande-programmation\/","og_locale":"fr_FR","og_type":"article","og_title":"Demande programmation - Fr\u00e9quence Sill\u00e9","og_description":"Fr\u00e9quence Sill\u00e9 Adresse : 579 Route de mont Saint Jean 72140, Sill\u00e9-le-Guillaume Programmation musicale :\u00a0radiofrequencesille@gmail.com T\u00e9l\u00e9phone radio : 02 43 20 34 67 &nbsp;","og_url":"https:\/\/frequence-sille.org\/newsite\/les-emissions\/les-creations__trashed\/demande-programmation\/","og_site_name":"Fr\u00e9quence Sill\u00e9","article_publisher":"https:\/\/www.facebook.com\/frequencesille979fm","article_modified_time":"2022-10-19T07:56:45+00:00","og_image":[{"url":"https:\/\/frequence-sille.org\/newsite\/wp-content\/uploads\/2022\/10\/Copie-de-Les-Indes-2022-2023-1024x1024.png","type":"","width":"","height":""}],"twitter_card":"summary_large_image","twitter_site":"@freqsille979","schema":{"@context":"https:\/\/schema.org","@graph":[{"@type":"WebPage","@id":"https:\/\/frequence-sille.org\/newsite\/les-emissions\/les-creations__trashed\/demande-programmation\/","url":"https:\/\/frequence-sille.org\/newsite\/les-emissions\/les-creations__trashed\/demande-programmation\/","name":"Demande programmation - Fr\u00e9quence Sill\u00e9","isPartOf":{"@id":"https:\/\/frequence-sille.org\/newsite\/#website"},"primaryImageOfPage":{"@id":"https:\/\/frequence-sille.org\/newsite\/les-emissions\/les-creations__trashed\/demande-programmation\/#primaryimage"},"image":{"@id":"https:\/\/frequence-sille.org\/newsite\/les-emissions\/les-creations__trashed\/demande-programmation\/#primaryimage"},"thumbnailUrl":"https:\/\/frequence-sille.org\/newsite\/wp-content\/uploads\/2022\/10\/Copie-de-Les-Indes-2022-2023-1024x1024.png","datePublished":"2016-10-19T06:40:55+00:00","dateModified":"2022-10-19T07:56:45+00:00","breadcrumb":{"@id":"https:\/\/frequence-sille.org\/newsite\/les-emissions\/les-creations__trashed\/demande-programmation\/#breadcrumb"},"inLanguage":"fr-FR","potentialAction":[{"@type":"ReadAction","target":["https:\/\/frequence-sille.org\/newsite\/les-emissions\/les-creations__trashed\/demande-programmation\/"]}]},{"@type":"ImageObject","inLanguage":"fr-FR","@id":"https:\/\/frequence-sille.org\/newsite\/les-emissions\/les-creations__trashed\/demande-programmation\/#primaryimage","url":"https:\/\/frequence-sille.org\/newsite\/wp-content\/uploads\/2022\/10\/Copie-de-Les-Indes-2022-2023.png","contentUrl":"https:\/\/frequence-sille.org\/newsite\/wp-content\/uploads\/2022\/10\/Copie-de-Les-Indes-2022-2023.png","width":1080,"height":1080},{"@type":"BreadcrumbList","@id":"https:\/\/frequence-sille.org\/newsite\/les-emissions\/les-creations__trashed\/demande-programmation\/#breadcrumb","itemListElement":[{"@type":"ListItem","position":1,"name":"Accueil","item":"https:\/\/frequence-sille.org\/newsite\/"},{"@type":"ListItem","position":2,"name":"Les \u00e9missions","item":"https:\/\/frequence-sille.org\/newsite\/les-emissions\/"},{"@type":"ListItem","position":3,"name":"Demande programmation"}]},{"@type":"WebSite","@id":"https:\/\/frequence-sille.org\/newsite\/#website","url":"https:\/\/frequence-sille.org\/newsite\/","name":"Fr\u00e9quence Sill\u00e9","description":"Bien plus qu&#039;une radio...votre radio !","publisher":{"@id":"https:\/\/frequence-sille.org\/newsite\/#organization"},"potentialAction":[{"@type":"SearchAction","target":{"@type":"EntryPoint","urlTemplate":"https:\/\/frequence-sille.org\/newsite\/?s={search_term_string}"},"query-input":{"@type":"PropertyValueSpecification","valueRequired":true,"valueName":"search_term_string"}}],"inLanguage":"fr-FR"},{"@type":"Organization","@id":"https:\/\/frequence-sille.org\/newsite\/#organization","name":"Fr\u00e9quence Sill\u00e9","url":"https:\/\/frequence-sille.org\/newsite\/","logo":{"@type":"ImageObject","inLanguage":"fr-FR","@id":"https:\/\/frequence-sille.org\/newsite\/#\/schema\/logo\/image\/","url":"https:\/\/frequence-sille.org\/newsite\/wp-content\/uploads\/2023\/07\/LOGO_979_NOIR.png","contentUrl":"https:\/\/frequence-sille.org\/newsite\/wp-content\/uploads\/2023\/07\/LOGO_979_NOIR.png","width":7680,"height":4320,"caption":"Fr\u00e9quence Sill\u00e9"},"image":{"@id":"https:\/\/frequence-sille.org\/newsite\/#\/schema\/logo\/image\/"},"sameAs":["https:\/\/www.facebook.com\/frequencesille979fm","https:\/\/x.com\/freqsille979","https:\/\/www.instagram.com\/frequencesille\/"]}]}},"_links":{"self":[{"href":"https:\/\/frequence-sille.org\/newsite\/wp-json\/wp\/v2\/pages\/1263","targetHints":{"allow":["GET"]}}],"collection":[{"href":"https:\/\/frequence-sille.org\/newsite\/wp-json\/wp\/v2\/pages"}],"about":[{"href":"https:\/\/frequence-sille.org\/newsite\/wp-json\/wp\/v2\/types\/page"}],"author":[{"embeddable":true,"href":"https:\/\/frequence-sille.org\/newsite\/wp-json\/wp\/v2\/users\/1"}],"replies":[{"embeddable":true,"href":"https:\/\/frequence-sille.org\/newsite\/wp-json\/wp\/v2\/comments?post=1263"}],"version-history":[{"count":6,"href":"https:\/\/frequence-sille.org\/newsite\/wp-json\/wp\/v2\/pages\/1263\/revisions"}],"predecessor-version":[{"id":9725,"href":"https:\/\/frequence-sille.org\/newsite\/wp-json\/wp\/v2\/pages\/1263\/revisions\/9725"}],"up":[{"embeddable":true,"href":"https:\/\/frequence-sille.org\/newsite\/wp-json\/wp\/v2\/pages\/27"}],"wp:attachment":[{"href":"https:\/\/frequence-sille.org\/newsite\/wp-json\/wp\/v2\/media?parent=1263"}],"curies":[{"name":"wp","href":"https:\/\/api.w.org\/{rel}","templated":true}]}}