{"id":133,"date":"2018-01-04T08:00:04","date_gmt":"2018-01-04T07:00:04","guid":{"rendered":"http:\/\/frequence-sille.org\/newsite\/?page_id=133"},"modified":"2021-09-08T17:38:37","modified_gmt":"2021-09-08T16:38:37","slug":"frequence-live","status":"publish","type":"page","link":"https:\/\/frequence-sille.org\/newsite\/les-emissions\/frequence-live\/","title":{"rendered":"Fr\u00e9quence Live !"},"content":{"rendered":"<p style=\"text-align: center;\"><strong>Bienvenue \u00e0 tous sur la page de l&rsquo; \u00e9mission de la radio Fr\u00e9quence Sill\u00e9 \u00ab\u00a0Fr\u00e9quence Live\u00a0\u00bb.<\/strong><\/p>\n<p><strong> Le principe est de recevoir des groupes Sarthois et d&rsquo;ailleurs, en live avec interviews depuis le Sun Rock de St Symphorien et du \u00ab\u00a0Lieu\u00a0\u00bb de Mamers. <\/strong><strong><br \/>\n<\/strong><\/p>\n<p>Un nouveau concept en 2017, \u00ab\u00a0Deux concerts, deux interviews\u00a0\u00bb, avec enregistrement en live, avec le public.<\/p>\n<p style=\"text-align: center;\"><strong>Alors n&rsquo;h\u00e9sitez pas \u00e0 \u00ab\u00a0liker\u00a0\u00bb la page pour connaitre les noms des prochains invit\u00e9s pour 2017 et 2018 !<\/strong><\/p>\n<p style=\"text-align: center;\"><a href=\"https:\/\/www.facebook.com\/frequencesillelive\/\">https:\/\/www.facebook.com\/frequencesillelive\/<\/a><\/p>\n<p>&nbsp;<\/p>\n<p><iframe loading=\"lazy\" class=\"wp-embedded-content\" sandbox=\"allow-scripts\" security=\"restricted\" title=\"Fr\u00e9quence Live - Jazz Moket&#039;s Quartet\" scrolling=\"no\" width=\"100%\" height=\"150\" src=\"https:\/\/hearthis.at\/embed\/1815282\/transparent\/?style=2&#038;block_size=2&#038;block_space=2&#038;background=1#?secret=SggHQpBg2R\" data-secret=\"SggHQpBg2R\" frameborder=\"0\"><\/iframe><\/p>\n<p><iframe loading=\"lazy\" class=\"wp-embedded-content\" sandbox=\"allow-scripts\" security=\"restricted\" title=\"Fr\u00e9quence Live - Norwa - Guillaume Morrow\" scrolling=\"no\" width=\"100%\" height=\"150\" src=\"https:\/\/hearthis.at\/embed\/1703686\/transparent\/?style=2&#038;block_size=2&#038;block_space=2&#038;background=1#?secret=KyME4w282l\" data-secret=\"KyME4w282l\" frameborder=\"0\"><\/iframe><\/p>\n<p><iframe loading=\"lazy\" class=\"wp-embedded-content\" sandbox=\"allow-scripts\" security=\"restricted\" title=\"Fr\u00e9quence Live - Dame de Caro - Cymrya Deal - 01 - PAD\" scrolling=\"no\" width=\"100%\" height=\"150\" src=\"https:\/\/hearthis.at\/embed\/1624178\/transparent\/?style=2&#038;block_size=2&#038;block_space=2&#038;background=1#?secret=LBhNra203r\" data-secret=\"LBhNra203r\" frameborder=\"0\"><\/iframe><\/p>\n<div class=\"text_exposed_show\">\n<p style=\"text-align: center;\"><strong>Alors&#8230;.See you later les rockers<\/strong><\/p>\n<p style=\"text-align: center;\"><strong>Partenaires de l&rsquo;\u00e9mission :<\/strong><\/p>\n<p><img loading=\"lazy\" decoding=\"async\" class=\"size-full wp-image-3528 alignleft\" src=\"http:\/\/frequence-sille.org\/newsite\/wp-content\/uploads\/2016\/07\/sceneson.jpg\" alt=\"\" width=\"225\" height=\"225\" \/><\/p>\n<p><img loading=\"lazy\" decoding=\"async\" class=\"wp-image-3529 alignright\" src=\"http:\/\/frequence-sille.org\/newsite\/wp-content\/uploads\/2016\/07\/sunrock-e1510411426361-150x150.jpg\" alt=\"\" width=\"221\" height=\"221\" \/><\/p>\n<\/div>\n<figure id=\"attachment_3487\" aria-describedby=\"caption-attachment-3487\" style=\"width: 300px\" class=\"wp-caption aligncenter\"><img loading=\"lazy\" decoding=\"async\" class=\"wp-image-3487 size-medium\" src=\"http:\/\/frequence-sille.org\/newsite\/wp-content\/uploads\/2017\/10\/22089492_1769176593379496_2364703793297246743_n-300x201.jpg\" alt=\"\" width=\"300\" height=\"201\" srcset=\"https:\/\/frequence-sille.org\/newsite\/wp-content\/uploads\/2017\/10\/22089492_1769176593379496_2364703793297246743_n-300x201.jpg 300w, https:\/\/frequence-sille.org\/newsite\/wp-content\/uploads\/2017\/10\/22089492_1769176593379496_2364703793297246743_n-768x514.jpg 768w, https:\/\/frequence-sille.org\/newsite\/wp-content\/uploads\/2017\/10\/22089492_1769176593379496_2364703793297246743_n.jpg 960w\" sizes=\"auto, (max-width: 300px) 100vw, 300px\" \/><figcaption id=\"caption-attachment-3487\" class=\"wp-caption-text\">Le Lieu &#8211; Mamers<\/figcaption><\/figure>\n<p><img loading=\"lazy\" decoding=\"async\" class=\"wp-image-3527 alignleft\" src=\"http:\/\/frequence-sille.org\/newsite\/wp-content\/uploads\/2016\/07\/lieu-239x300.jpg\" alt=\"\" width=\"313\" height=\"393\" \/><\/p>\n<p><img loading=\"lazy\" decoding=\"async\" class=\"wp-image-3531 alignright\" src=\"http:\/\/frequence-sille.org\/newsite\/wp-content\/uploads\/2016\/07\/sunaffiche-212x300.jpg\" alt=\"\" width=\"274\" height=\"388\" \/><\/p>\n<p>&nbsp;<\/p>\n<p>&nbsp;<\/p>\n<p>&nbsp;<\/p>\n<p>&nbsp;<\/p>\n<p>&nbsp;<\/p>\n<p>&nbsp;<\/p>\n<p>&nbsp;<\/p>\n<p>&nbsp;<\/p>\n<p>&nbsp;<\/p>\n<p>&nbsp;<\/p>\n<p>&nbsp;<\/p>\n<p>&nbsp;<\/p>\n<p>&nbsp;<\/p>\n<p>&nbsp;<\/p>\n<p style=\"text-align: center;\"><strong>ARCHIVES 2016<\/strong><\/p>\n<p>&nbsp;<\/p>\n<p style=\"text-align: center;\"><iframe loading=\"lazy\" id=\"hearthis_at_user_59067-8445500\" src=\"https:\/\/hearthis.at\/set\/59067-8445500\/embed\/\" width=\"100%\" height=\"350\" frameborder=\"0\" scrolling=\"no\"><\/iframe><\/p>\n","protected":false},"excerpt":{"rendered":"<p>Bienvenue \u00e0 tous sur la page de l&rsquo; \u00e9mission de la radio Fr\u00e9quence Sill\u00e9 \u00ab\u00a0Fr\u00e9quence Live\u00a0\u00bb. Le principe est de recevoir des groupes Sarthois et d&rsquo;ailleurs, en live avec interviews&hellip;<\/p>\n","protected":false},"author":1,"featured_media":0,"parent":27,"menu_order":45,"comment_status":"closed","ping_status":"closed","template":"","meta":{"footnotes":""},"class_list":["post-133","page","type-page","status-publish","hentry","no-post-thumbnail"],"yoast_head":"<!-- This site is optimized with the Yoast SEO plugin v27.5 - https:\/\/yoast.com\/product\/yoast-seo-wordpress\/ -->\n<title>Fr\u00e9quence Live ! - Fr\u00e9quence Sill\u00e9<\/title>\n<meta name=\"robots\" content=\"index, follow, max-snippet:-1, max-image-preview:large, max-video-preview:-1\" \/>\n<link rel=\"canonical\" href=\"https:\/\/frequence-sille.org\/newsite\/les-emissions\/les-creations__trashed\/frequence-live\/\" \/>\n<meta property=\"og:locale\" content=\"fr_FR\" \/>\n<meta property=\"og:type\" content=\"article\" \/>\n<meta property=\"og:title\" content=\"Fr\u00e9quence Live ! - Fr\u00e9quence Sill\u00e9\" \/>\n<meta property=\"og:description\" content=\"Bienvenue \u00e0 tous sur la page de l&rsquo; \u00e9mission de la radio Fr\u00e9quence Sill\u00e9 \u00ab\u00a0Fr\u00e9quence Live\u00a0\u00bb. Le principe est de recevoir des groupes Sarthois et d&rsquo;ailleurs, en live avec interviews&hellip;\" \/>\n<meta property=\"og:url\" content=\"https:\/\/frequence-sille.org\/newsite\/les-emissions\/les-creations__trashed\/frequence-live\/\" \/>\n<meta property=\"og:site_name\" content=\"Fr\u00e9quence Sill\u00e9\" \/>\n<meta property=\"article:publisher\" content=\"https:\/\/www.facebook.com\/frequencesille979fm\" \/>\n<meta property=\"article:modified_time\" content=\"2021-09-08T16:38:37+00:00\" \/>\n<meta property=\"og:image\" content=\"http:\/\/frequence-sille.org\/newsite\/wp-content\/uploads\/2016\/07\/sceneson.jpg\" \/>\n<meta name=\"twitter:card\" content=\"summary_large_image\" \/>\n<meta name=\"twitter:site\" content=\"@freqsille979\" \/>\n<meta name=\"twitter:label1\" content=\"Dur\u00e9e de lecture estim\u00e9e\" \/>\n\t<meta name=\"twitter:data1\" content=\"1 minute\" \/>\n<script type=\"application\/ld+json\" class=\"yoast-schema-graph\">{\"@context\":\"https:\\\/\\\/schema.org\",\"@graph\":[{\"@type\":\"WebPage\",\"@id\":\"https:\\\/\\\/frequence-sille.org\\\/newsite\\\/les-emissions\\\/les-creations__trashed\\\/frequence-live\\\/\",\"url\":\"https:\\\/\\\/frequence-sille.org\\\/newsite\\\/les-emissions\\\/les-creations__trashed\\\/frequence-live\\\/\",\"name\":\"Fr\u00e9quence Live ! - Fr\u00e9quence Sill\u00e9\",\"isPartOf\":{\"@id\":\"https:\\\/\\\/frequence-sille.org\\\/newsite\\\/#website\"},\"primaryImageOfPage\":{\"@id\":\"https:\\\/\\\/frequence-sille.org\\\/newsite\\\/les-emissions\\\/les-creations__trashed\\\/frequence-live\\\/#primaryimage\"},\"image\":{\"@id\":\"https:\\\/\\\/frequence-sille.org\\\/newsite\\\/les-emissions\\\/les-creations__trashed\\\/frequence-live\\\/#primaryimage\"},\"thumbnailUrl\":\"http:\\\/\\\/frequence-sille.org\\\/newsite\\\/wp-content\\\/uploads\\\/2016\\\/07\\\/sceneson.jpg\",\"datePublished\":\"2018-01-04T07:00:04+00:00\",\"dateModified\":\"2021-09-08T16:38:37+00:00\",\"breadcrumb\":{\"@id\":\"https:\\\/\\\/frequence-sille.org\\\/newsite\\\/les-emissions\\\/les-creations__trashed\\\/frequence-live\\\/#breadcrumb\"},\"inLanguage\":\"fr-FR\",\"potentialAction\":[{\"@type\":\"ReadAction\",\"target\":[\"https:\\\/\\\/frequence-sille.org\\\/newsite\\\/les-emissions\\\/les-creations__trashed\\\/frequence-live\\\/\"]}]},{\"@type\":\"ImageObject\",\"inLanguage\":\"fr-FR\",\"@id\":\"https:\\\/\\\/frequence-sille.org\\\/newsite\\\/les-emissions\\\/les-creations__trashed\\\/frequence-live\\\/#primaryimage\",\"url\":\"http:\\\/\\\/frequence-sille.org\\\/newsite\\\/wp-content\\\/uploads\\\/2016\\\/07\\\/sceneson.jpg\",\"contentUrl\":\"http:\\\/\\\/frequence-sille.org\\\/newsite\\\/wp-content\\\/uploads\\\/2016\\\/07\\\/sceneson.jpg\"},{\"@type\":\"BreadcrumbList\",\"@id\":\"https:\\\/\\\/frequence-sille.org\\\/newsite\\\/les-emissions\\\/les-creations__trashed\\\/frequence-live\\\/#breadcrumb\",\"itemListElement\":[{\"@type\":\"ListItem\",\"position\":1,\"name\":\"Accueil\",\"item\":\"https:\\\/\\\/frequence-sille.org\\\/newsite\\\/\"},{\"@type\":\"ListItem\",\"position\":2,\"name\":\"Les \u00e9missions\",\"item\":\"https:\\\/\\\/frequence-sille.org\\\/newsite\\\/les-emissions\\\/\"},{\"@type\":\"ListItem\",\"position\":3,\"name\":\"Fr\u00e9quence Live !\"}]},{\"@type\":\"WebSite\",\"@id\":\"https:\\\/\\\/frequence-sille.org\\\/newsite\\\/#website\",\"url\":\"https:\\\/\\\/frequence-sille.org\\\/newsite\\\/\",\"name\":\"Fr\u00e9quence Sill\u00e9\",\"description\":\"Bien plus qu&#039;une radio...votre radio !\",\"publisher\":{\"@id\":\"https:\\\/\\\/frequence-sille.org\\\/newsite\\\/#organization\"},\"potentialAction\":[{\"@type\":\"SearchAction\",\"target\":{\"@type\":\"EntryPoint\",\"urlTemplate\":\"https:\\\/\\\/frequence-sille.org\\\/newsite\\\/?s={search_term_string}\"},\"query-input\":{\"@type\":\"PropertyValueSpecification\",\"valueRequired\":true,\"valueName\":\"search_term_string\"}}],\"inLanguage\":\"fr-FR\"},{\"@type\":\"Organization\",\"@id\":\"https:\\\/\\\/frequence-sille.org\\\/newsite\\\/#organization\",\"name\":\"Fr\u00e9quence Sill\u00e9\",\"url\":\"https:\\\/\\\/frequence-sille.org\\\/newsite\\\/\",\"logo\":{\"@type\":\"ImageObject\",\"inLanguage\":\"fr-FR\",\"@id\":\"https:\\\/\\\/frequence-sille.org\\\/newsite\\\/#\\\/schema\\\/logo\\\/image\\\/\",\"url\":\"https:\\\/\\\/frequence-sille.org\\\/newsite\\\/wp-content\\\/uploads\\\/2023\\\/07\\\/LOGO_979_NOIR.png\",\"contentUrl\":\"https:\\\/\\\/frequence-sille.org\\\/newsite\\\/wp-content\\\/uploads\\\/2023\\\/07\\\/LOGO_979_NOIR.png\",\"width\":7680,\"height\":4320,\"caption\":\"Fr\u00e9quence Sill\u00e9\"},\"image\":{\"@id\":\"https:\\\/\\\/frequence-sille.org\\\/newsite\\\/#\\\/schema\\\/logo\\\/image\\\/\"},\"sameAs\":[\"https:\\\/\\\/www.facebook.com\\\/frequencesille979fm\",\"https:\\\/\\\/x.com\\\/freqsille979\",\"https:\\\/\\\/www.instagram.com\\\/frequencesille\\\/\"]}]}<\/script>\n<!-- \/ Yoast SEO plugin. -->","yoast_head_json":{"title":"Fr\u00e9quence Live ! - Fr\u00e9quence Sill\u00e9","robots":{"index":"index","follow":"follow","max-snippet":"max-snippet:-1","max-image-preview":"max-image-preview:large","max-video-preview":"max-video-preview:-1"},"canonical":"https:\/\/frequence-sille.org\/newsite\/les-emissions\/les-creations__trashed\/frequence-live\/","og_locale":"fr_FR","og_type":"article","og_title":"Fr\u00e9quence Live ! - Fr\u00e9quence Sill\u00e9","og_description":"Bienvenue \u00e0 tous sur la page de l&rsquo; \u00e9mission de la radio Fr\u00e9quence Sill\u00e9 \u00ab\u00a0Fr\u00e9quence Live\u00a0\u00bb. Le principe est de recevoir des groupes Sarthois et d&rsquo;ailleurs, en live avec interviews&hellip;","og_url":"https:\/\/frequence-sille.org\/newsite\/les-emissions\/les-creations__trashed\/frequence-live\/","og_site_name":"Fr\u00e9quence Sill\u00e9","article_publisher":"https:\/\/www.facebook.com\/frequencesille979fm","article_modified_time":"2021-09-08T16:38:37+00:00","og_image":[{"url":"http:\/\/frequence-sille.org\/newsite\/wp-content\/uploads\/2016\/07\/sceneson.jpg","type":"","width":"","height":""}],"twitter_card":"summary_large_image","twitter_site":"@freqsille979","twitter_misc":{"Dur\u00e9e de lecture estim\u00e9e":"1 minute"},"schema":{"@context":"https:\/\/schema.org","@graph":[{"@type":"WebPage","@id":"https:\/\/frequence-sille.org\/newsite\/les-emissions\/les-creations__trashed\/frequence-live\/","url":"https:\/\/frequence-sille.org\/newsite\/les-emissions\/les-creations__trashed\/frequence-live\/","name":"Fr\u00e9quence Live ! - Fr\u00e9quence Sill\u00e9","isPartOf":{"@id":"https:\/\/frequence-sille.org\/newsite\/#website"},"primaryImageOfPage":{"@id":"https:\/\/frequence-sille.org\/newsite\/les-emissions\/les-creations__trashed\/frequence-live\/#primaryimage"},"image":{"@id":"https:\/\/frequence-sille.org\/newsite\/les-emissions\/les-creations__trashed\/frequence-live\/#primaryimage"},"thumbnailUrl":"http:\/\/frequence-sille.org\/newsite\/wp-content\/uploads\/2016\/07\/sceneson.jpg","datePublished":"2018-01-04T07:00:04+00:00","dateModified":"2021-09-08T16:38:37+00:00","breadcrumb":{"@id":"https:\/\/frequence-sille.org\/newsite\/les-emissions\/les-creations__trashed\/frequence-live\/#breadcrumb"},"inLanguage":"fr-FR","potentialAction":[{"@type":"ReadAction","target":["https:\/\/frequence-sille.org\/newsite\/les-emissions\/les-creations__trashed\/frequence-live\/"]}]},{"@type":"ImageObject","inLanguage":"fr-FR","@id":"https:\/\/frequence-sille.org\/newsite\/les-emissions\/les-creations__trashed\/frequence-live\/#primaryimage","url":"http:\/\/frequence-sille.org\/newsite\/wp-content\/uploads\/2016\/07\/sceneson.jpg","contentUrl":"http:\/\/frequence-sille.org\/newsite\/wp-content\/uploads\/2016\/07\/sceneson.jpg"},{"@type":"BreadcrumbList","@id":"https:\/\/frequence-sille.org\/newsite\/les-emissions\/les-creations__trashed\/frequence-live\/#breadcrumb","itemListElement":[{"@type":"ListItem","position":1,"name":"Accueil","item":"https:\/\/frequence-sille.org\/newsite\/"},{"@type":"ListItem","position":2,"name":"Les \u00e9missions","item":"https:\/\/frequence-sille.org\/newsite\/les-emissions\/"},{"@type":"ListItem","position":3,"name":"Fr\u00e9quence Live !"}]},{"@type":"WebSite","@id":"https:\/\/frequence-sille.org\/newsite\/#website","url":"https:\/\/frequence-sille.org\/newsite\/","name":"Fr\u00e9quence Sill\u00e9","description":"Bien plus qu&#039;une radio...votre radio !","publisher":{"@id":"https:\/\/frequence-sille.org\/newsite\/#organization"},"potentialAction":[{"@type":"SearchAction","target":{"@type":"EntryPoint","urlTemplate":"https:\/\/frequence-sille.org\/newsite\/?s={search_term_string}"},"query-input":{"@type":"PropertyValueSpecification","valueRequired":true,"valueName":"search_term_string"}}],"inLanguage":"fr-FR"},{"@type":"Organization","@id":"https:\/\/frequence-sille.org\/newsite\/#organization","name":"Fr\u00e9quence Sill\u00e9","url":"https:\/\/frequence-sille.org\/newsite\/","logo":{"@type":"ImageObject","inLanguage":"fr-FR","@id":"https:\/\/frequence-sille.org\/newsite\/#\/schema\/logo\/image\/","url":"https:\/\/frequence-sille.org\/newsite\/wp-content\/uploads\/2023\/07\/LOGO_979_NOIR.png","contentUrl":"https:\/\/frequence-sille.org\/newsite\/wp-content\/uploads\/2023\/07\/LOGO_979_NOIR.png","width":7680,"height":4320,"caption":"Fr\u00e9quence Sill\u00e9"},"image":{"@id":"https:\/\/frequence-sille.org\/newsite\/#\/schema\/logo\/image\/"},"sameAs":["https:\/\/www.facebook.com\/frequencesille979fm","https:\/\/x.com\/freqsille979","https:\/\/www.instagram.com\/frequencesille\/"]}]}},"_links":{"self":[{"href":"https:\/\/frequence-sille.org\/newsite\/wp-json\/wp\/v2\/pages\/133","targetHints":{"allow":["GET"]}}],"collection":[{"href":"https:\/\/frequence-sille.org\/newsite\/wp-json\/wp\/v2\/pages"}],"about":[{"href":"https:\/\/frequence-sille.org\/newsite\/wp-json\/wp\/v2\/types\/page"}],"author":[{"embeddable":true,"href":"https:\/\/frequence-sille.org\/newsite\/wp-json\/wp\/v2\/users\/1"}],"replies":[{"embeddable":true,"href":"https:\/\/frequence-sille.org\/newsite\/wp-json\/wp\/v2\/comments?post=133"}],"version-history":[{"count":9,"href":"https:\/\/frequence-sille.org\/newsite\/wp-json\/wp\/v2\/pages\/133\/revisions"}],"predecessor-version":[{"id":3755,"href":"https:\/\/frequence-sille.org\/newsite\/wp-json\/wp\/v2\/pages\/133\/revisions\/3755"}],"up":[{"embeddable":true,"href":"https:\/\/frequence-sille.org\/newsite\/wp-json\/wp\/v2\/pages\/27"}],"wp:attachment":[{"href":"https:\/\/frequence-sille.org\/newsite\/wp-json\/wp\/v2\/media?parent=133"}],"curies":[{"name":"wp","href":"https:\/\/api.w.org\/{rel}","templated":true}]}}