{"id":13941,"date":"2024-10-07T08:50:12","date_gmt":"2024-10-07T07:50:12","guid":{"rendered":"https:\/\/frequence-sille.org\/newsite\/?page_id=13941"},"modified":"2025-11-07T15:59:40","modified_gmt":"2025-11-07T14:59:40","slug":"les-jeunes-au-micro","status":"publish","type":"page","link":"https:\/\/frequence-sille.org\/newsite\/les-jeunes-au-micro\/","title":{"rendered":"Les Jeunes au Micro 2024-2025"},"content":{"rendered":"\n<p>Depuis sa cr\u00e9ation, Fr\u00e9quence Sill\u00e9 a pour c\u0153ur de programme des \u00e9missions faites avec des \u00e9l\u00e8ves de la Cit\u00e9 Scolaire Paul Scarron. Mais nouveaut\u00e9, depuis la rentr\u00e9e, les \u00e9l\u00e8ves de la 6\u00e8me \u00e0 la Terminale peuvent parler au micro en direct de 12h \u00e0 14h ! Les \u00e9missions enregistr\u00e9es avec des \u00e9l\u00e8ves ou des jeunes en dehors de ce cr\u00e9neau pourront aussi \u00eatre rediffus\u00e9es dans ce cr\u00e9neau horaire.<\/p>\n\n\n\n<p>Retrouvez ici un condens\u00e9 de ce qui a \u00e9t\u00e9 enregistr\u00e9 dans cette nouvelle tranche de notre grille :<\/p>\n\n\n\n<iframe loading=\"lazy\" scrolling=\"no\" id=\"hearthis_at_user_442793-8445500\" width=\"100%\" height=\"500\" src=\"https:\/\/hearthis.at\/set\/442793-8445500\/embed\/\" frameborder=\"0\" allowtransparency allow=\"autoplay\"><\/iframe>\n\n\n<div class=\"wp-block-image\">\n<figure class=\"aligncenter size-large is-resized\"><img loading=\"lazy\" decoding=\"async\" width=\"1024\" height=\"1024\" src=\"https:\/\/frequence-sille.org\/newsite\/wp-content\/uploads\/2025\/10\/Les-jeunes-au-Micro-2024-2025-1024x1024.png\" alt=\"\" class=\"wp-image-15683\" style=\"width:638px;height:auto\" srcset=\"https:\/\/frequence-sille.org\/newsite\/wp-content\/uploads\/2025\/10\/Les-jeunes-au-Micro-2024-2025-1024x1024.png 1024w, https:\/\/frequence-sille.org\/newsite\/wp-content\/uploads\/2025\/10\/Les-jeunes-au-Micro-2024-2025-300x300.png 300w, https:\/\/frequence-sille.org\/newsite\/wp-content\/uploads\/2025\/10\/Les-jeunes-au-Micro-2024-2025-150x150.png 150w, https:\/\/frequence-sille.org\/newsite\/wp-content\/uploads\/2025\/10\/Les-jeunes-au-Micro-2024-2025-768x768.png 768w, https:\/\/frequence-sille.org\/newsite\/wp-content\/uploads\/2025\/10\/Les-jeunes-au-Micro-2024-2025.png 1080w\" sizes=\"auto, (max-width: 1024px) 100vw, 1024px\" \/><\/figure>\n<\/div>","protected":false},"excerpt":{"rendered":"<p>Depuis sa cr\u00e9ation, Fr\u00e9quence Sill\u00e9 a pour c\u0153ur de programme des \u00e9missions faites avec des \u00e9l\u00e8ves de la Cit\u00e9 Scolaire Paul Scarron. Mais nouveaut\u00e9, depuis la rentr\u00e9e, les \u00e9l\u00e8ves de&hellip;<\/p>\n","protected":false},"author":1,"featured_media":15683,"parent":0,"menu_order":0,"comment_status":"closed","ping_status":"closed","template":"","meta":{"footnotes":""},"class_list":["post-13941","page","type-page","status-publish","has-post-thumbnail","hentry"],"yoast_head":"<!-- This site is optimized with the Yoast SEO plugin v27.3 - https:\/\/yoast.com\/product\/yoast-seo-wordpress\/ -->\n<title>Les Jeunes au Micro 2024-2025 - Fr\u00e9quence Sill\u00e9<\/title>\n<meta name=\"robots\" content=\"index, follow, max-snippet:-1, max-image-preview:large, max-video-preview:-1\" \/>\n<link rel=\"canonical\" href=\"https:\/\/frequence-sille.org\/newsite\/les-jeunes-au-micro\/\" \/>\n<meta property=\"og:locale\" content=\"fr_FR\" \/>\n<meta property=\"og:type\" content=\"article\" \/>\n<meta property=\"og:title\" content=\"Les Jeunes au Micro 2024-2025 - Fr\u00e9quence Sill\u00e9\" \/>\n<meta property=\"og:description\" content=\"Depuis sa cr\u00e9ation, Fr\u00e9quence Sill\u00e9 a pour c\u0153ur de programme des \u00e9missions faites avec des \u00e9l\u00e8ves de la Cit\u00e9 Scolaire Paul Scarron. Mais nouveaut\u00e9, depuis la rentr\u00e9e, les \u00e9l\u00e8ves de&hellip;\" \/>\n<meta property=\"og:url\" content=\"https:\/\/frequence-sille.org\/newsite\/les-jeunes-au-micro\/\" \/>\n<meta property=\"og:site_name\" content=\"Fr\u00e9quence Sill\u00e9\" \/>\n<meta property=\"article:publisher\" content=\"https:\/\/www.facebook.com\/frequencesille979fm\" \/>\n<meta property=\"article:modified_time\" content=\"2025-11-07T14:59:40+00:00\" \/>\n<meta property=\"og:image\" content=\"https:\/\/frequence-sille.org\/newsite\/wp-content\/uploads\/2025\/10\/Les-jeunes-au-Micro-2024-2025.png\" \/>\n\t<meta property=\"og:image:width\" content=\"1080\" \/>\n\t<meta property=\"og:image:height\" content=\"1080\" \/>\n\t<meta property=\"og:image:type\" content=\"image\/png\" \/>\n<meta name=\"twitter:card\" content=\"summary_large_image\" \/>\n<meta name=\"twitter:site\" content=\"@freqsille979\" \/>\n<meta name=\"twitter:label1\" content=\"Dur\u00e9e de lecture estim\u00e9e\" \/>\n\t<meta name=\"twitter:data1\" content=\"1 minute\" \/>\n<script type=\"application\/ld+json\" class=\"yoast-schema-graph\">{\"@context\":\"https:\\\/\\\/schema.org\",\"@graph\":[{\"@type\":\"WebPage\",\"@id\":\"https:\\\/\\\/frequence-sille.org\\\/newsite\\\/les-jeunes-au-micro\\\/\",\"url\":\"https:\\\/\\\/frequence-sille.org\\\/newsite\\\/les-jeunes-au-micro\\\/\",\"name\":\"Les Jeunes au Micro 2024-2025 - Fr\u00e9quence Sill\u00e9\",\"isPartOf\":{\"@id\":\"https:\\\/\\\/frequence-sille.org\\\/newsite\\\/#website\"},\"primaryImageOfPage\":{\"@id\":\"https:\\\/\\\/frequence-sille.org\\\/newsite\\\/les-jeunes-au-micro\\\/#primaryimage\"},\"image\":{\"@id\":\"https:\\\/\\\/frequence-sille.org\\\/newsite\\\/les-jeunes-au-micro\\\/#primaryimage\"},\"thumbnailUrl\":\"https:\\\/\\\/frequence-sille.org\\\/newsite\\\/wp-content\\\/uploads\\\/2025\\\/10\\\/Les-jeunes-au-Micro-2024-2025.png\",\"datePublished\":\"2024-10-07T07:50:12+00:00\",\"dateModified\":\"2025-11-07T14:59:40+00:00\",\"breadcrumb\":{\"@id\":\"https:\\\/\\\/frequence-sille.org\\\/newsite\\\/les-jeunes-au-micro\\\/#breadcrumb\"},\"inLanguage\":\"fr-FR\",\"potentialAction\":[{\"@type\":\"ReadAction\",\"target\":[\"https:\\\/\\\/frequence-sille.org\\\/newsite\\\/les-jeunes-au-micro\\\/\"]}]},{\"@type\":\"ImageObject\",\"inLanguage\":\"fr-FR\",\"@id\":\"https:\\\/\\\/frequence-sille.org\\\/newsite\\\/les-jeunes-au-micro\\\/#primaryimage\",\"url\":\"https:\\\/\\\/frequence-sille.org\\\/newsite\\\/wp-content\\\/uploads\\\/2025\\\/10\\\/Les-jeunes-au-Micro-2024-2025.png\",\"contentUrl\":\"https:\\\/\\\/frequence-sille.org\\\/newsite\\\/wp-content\\\/uploads\\\/2025\\\/10\\\/Les-jeunes-au-Micro-2024-2025.png\",\"width\":1080,\"height\":1080},{\"@type\":\"BreadcrumbList\",\"@id\":\"https:\\\/\\\/frequence-sille.org\\\/newsite\\\/les-jeunes-au-micro\\\/#breadcrumb\",\"itemListElement\":[{\"@type\":\"ListItem\",\"position\":1,\"name\":\"Accueil\",\"item\":\"https:\\\/\\\/frequence-sille.org\\\/newsite\\\/\"},{\"@type\":\"ListItem\",\"position\":2,\"name\":\"Les Jeunes au Micro 2024-2025\"}]},{\"@type\":\"WebSite\",\"@id\":\"https:\\\/\\\/frequence-sille.org\\\/newsite\\\/#website\",\"url\":\"https:\\\/\\\/frequence-sille.org\\\/newsite\\\/\",\"name\":\"Fr\u00e9quence Sill\u00e9\",\"description\":\"Bien plus qu&#039;une radio...votre radio !\",\"publisher\":{\"@id\":\"https:\\\/\\\/frequence-sille.org\\\/newsite\\\/#organization\"},\"potentialAction\":[{\"@type\":\"SearchAction\",\"target\":{\"@type\":\"EntryPoint\",\"urlTemplate\":\"https:\\\/\\\/frequence-sille.org\\\/newsite\\\/?s={search_term_string}\"},\"query-input\":{\"@type\":\"PropertyValueSpecification\",\"valueRequired\":true,\"valueName\":\"search_term_string\"}}],\"inLanguage\":\"fr-FR\"},{\"@type\":\"Organization\",\"@id\":\"https:\\\/\\\/frequence-sille.org\\\/newsite\\\/#organization\",\"name\":\"Fr\u00e9quence Sill\u00e9\",\"url\":\"https:\\\/\\\/frequence-sille.org\\\/newsite\\\/\",\"logo\":{\"@type\":\"ImageObject\",\"inLanguage\":\"fr-FR\",\"@id\":\"https:\\\/\\\/frequence-sille.org\\\/newsite\\\/#\\\/schema\\\/logo\\\/image\\\/\",\"url\":\"https:\\\/\\\/frequence-sille.org\\\/newsite\\\/wp-content\\\/uploads\\\/2023\\\/07\\\/LOGO_979_NOIR.png\",\"contentUrl\":\"https:\\\/\\\/frequence-sille.org\\\/newsite\\\/wp-content\\\/uploads\\\/2023\\\/07\\\/LOGO_979_NOIR.png\",\"width\":7680,\"height\":4320,\"caption\":\"Fr\u00e9quence Sill\u00e9\"},\"image\":{\"@id\":\"https:\\\/\\\/frequence-sille.org\\\/newsite\\\/#\\\/schema\\\/logo\\\/image\\\/\"},\"sameAs\":[\"https:\\\/\\\/www.facebook.com\\\/frequencesille979fm\",\"https:\\\/\\\/x.com\\\/freqsille979\",\"https:\\\/\\\/www.instagram.com\\\/frequencesille\\\/\"]}]}<\/script>\n<!-- \/ Yoast SEO plugin. -->","yoast_head_json":{"title":"Les Jeunes au Micro 2024-2025 - Fr\u00e9quence Sill\u00e9","robots":{"index":"index","follow":"follow","max-snippet":"max-snippet:-1","max-image-preview":"max-image-preview:large","max-video-preview":"max-video-preview:-1"},"canonical":"https:\/\/frequence-sille.org\/newsite\/les-jeunes-au-micro\/","og_locale":"fr_FR","og_type":"article","og_title":"Les Jeunes au Micro 2024-2025 - Fr\u00e9quence Sill\u00e9","og_description":"Depuis sa cr\u00e9ation, Fr\u00e9quence Sill\u00e9 a pour c\u0153ur de programme des \u00e9missions faites avec des \u00e9l\u00e8ves de la Cit\u00e9 Scolaire Paul Scarron. Mais nouveaut\u00e9, depuis la rentr\u00e9e, les \u00e9l\u00e8ves de&hellip;","og_url":"https:\/\/frequence-sille.org\/newsite\/les-jeunes-au-micro\/","og_site_name":"Fr\u00e9quence Sill\u00e9","article_publisher":"https:\/\/www.facebook.com\/frequencesille979fm","article_modified_time":"2025-11-07T14:59:40+00:00","og_image":[{"width":1080,"height":1080,"url":"https:\/\/frequence-sille.org\/newsite\/wp-content\/uploads\/2025\/10\/Les-jeunes-au-Micro-2024-2025.png","type":"image\/png"}],"twitter_card":"summary_large_image","twitter_site":"@freqsille979","twitter_misc":{"Dur\u00e9e de lecture estim\u00e9e":"1 minute"},"schema":{"@context":"https:\/\/schema.org","@graph":[{"@type":"WebPage","@id":"https:\/\/frequence-sille.org\/newsite\/les-jeunes-au-micro\/","url":"https:\/\/frequence-sille.org\/newsite\/les-jeunes-au-micro\/","name":"Les Jeunes au Micro 2024-2025 - Fr\u00e9quence Sill\u00e9","isPartOf":{"@id":"https:\/\/frequence-sille.org\/newsite\/#website"},"primaryImageOfPage":{"@id":"https:\/\/frequence-sille.org\/newsite\/les-jeunes-au-micro\/#primaryimage"},"image":{"@id":"https:\/\/frequence-sille.org\/newsite\/les-jeunes-au-micro\/#primaryimage"},"thumbnailUrl":"https:\/\/frequence-sille.org\/newsite\/wp-content\/uploads\/2025\/10\/Les-jeunes-au-Micro-2024-2025.png","datePublished":"2024-10-07T07:50:12+00:00","dateModified":"2025-11-07T14:59:40+00:00","breadcrumb":{"@id":"https:\/\/frequence-sille.org\/newsite\/les-jeunes-au-micro\/#breadcrumb"},"inLanguage":"fr-FR","potentialAction":[{"@type":"ReadAction","target":["https:\/\/frequence-sille.org\/newsite\/les-jeunes-au-micro\/"]}]},{"@type":"ImageObject","inLanguage":"fr-FR","@id":"https:\/\/frequence-sille.org\/newsite\/les-jeunes-au-micro\/#primaryimage","url":"https:\/\/frequence-sille.org\/newsite\/wp-content\/uploads\/2025\/10\/Les-jeunes-au-Micro-2024-2025.png","contentUrl":"https:\/\/frequence-sille.org\/newsite\/wp-content\/uploads\/2025\/10\/Les-jeunes-au-Micro-2024-2025.png","width":1080,"height":1080},{"@type":"BreadcrumbList","@id":"https:\/\/frequence-sille.org\/newsite\/les-jeunes-au-micro\/#breadcrumb","itemListElement":[{"@type":"ListItem","position":1,"name":"Accueil","item":"https:\/\/frequence-sille.org\/newsite\/"},{"@type":"ListItem","position":2,"name":"Les Jeunes au Micro 2024-2025"}]},{"@type":"WebSite","@id":"https:\/\/frequence-sille.org\/newsite\/#website","url":"https:\/\/frequence-sille.org\/newsite\/","name":"Fr\u00e9quence Sill\u00e9","description":"Bien plus qu&#039;une radio...votre radio !","publisher":{"@id":"https:\/\/frequence-sille.org\/newsite\/#organization"},"potentialAction":[{"@type":"SearchAction","target":{"@type":"EntryPoint","urlTemplate":"https:\/\/frequence-sille.org\/newsite\/?s={search_term_string}"},"query-input":{"@type":"PropertyValueSpecification","valueRequired":true,"valueName":"search_term_string"}}],"inLanguage":"fr-FR"},{"@type":"Organization","@id":"https:\/\/frequence-sille.org\/newsite\/#organization","name":"Fr\u00e9quence Sill\u00e9","url":"https:\/\/frequence-sille.org\/newsite\/","logo":{"@type":"ImageObject","inLanguage":"fr-FR","@id":"https:\/\/frequence-sille.org\/newsite\/#\/schema\/logo\/image\/","url":"https:\/\/frequence-sille.org\/newsite\/wp-content\/uploads\/2023\/07\/LOGO_979_NOIR.png","contentUrl":"https:\/\/frequence-sille.org\/newsite\/wp-content\/uploads\/2023\/07\/LOGO_979_NOIR.png","width":7680,"height":4320,"caption":"Fr\u00e9quence Sill\u00e9"},"image":{"@id":"https:\/\/frequence-sille.org\/newsite\/#\/schema\/logo\/image\/"},"sameAs":["https:\/\/www.facebook.com\/frequencesille979fm","https:\/\/x.com\/freqsille979","https:\/\/www.instagram.com\/frequencesille\/"]}]}},"_links":{"self":[{"href":"https:\/\/frequence-sille.org\/newsite\/wp-json\/wp\/v2\/pages\/13941","targetHints":{"allow":["GET"]}}],"collection":[{"href":"https:\/\/frequence-sille.org\/newsite\/wp-json\/wp\/v2\/pages"}],"about":[{"href":"https:\/\/frequence-sille.org\/newsite\/wp-json\/wp\/v2\/types\/page"}],"author":[{"embeddable":true,"href":"https:\/\/frequence-sille.org\/newsite\/wp-json\/wp\/v2\/users\/1"}],"replies":[{"embeddable":true,"href":"https:\/\/frequence-sille.org\/newsite\/wp-json\/wp\/v2\/comments?post=13941"}],"version-history":[{"count":5,"href":"https:\/\/frequence-sille.org\/newsite\/wp-json\/wp\/v2\/pages\/13941\/revisions"}],"predecessor-version":[{"id":15888,"href":"https:\/\/frequence-sille.org\/newsite\/wp-json\/wp\/v2\/pages\/13941\/revisions\/15888"}],"wp:featuredmedia":[{"embeddable":true,"href":"https:\/\/frequence-sille.org\/newsite\/wp-json\/wp\/v2\/media\/15683"}],"wp:attachment":[{"href":"https:\/\/frequence-sille.org\/newsite\/wp-json\/wp\/v2\/media?parent=13941"}],"curies":[{"name":"wp","href":"https:\/\/api.w.org\/{rel}","templated":true}]}}