{"id":14,"date":"2016-07-23T08:47:48","date_gmt":"2016-07-23T07:47:48","guid":{"rendered":"http:\/\/frequence-sille.org\/newsite\/?page_id=14"},"modified":"2021-09-08T17:38:36","modified_gmt":"2021-09-08T16:38:36","slug":"nos-partenaires","status":"publish","type":"page","link":"https:\/\/frequence-sille.org\/newsite\/la-radio\/nos-partenaires\/","title":{"rendered":"Nos partenaires"},"content":{"rendered":"<p><img loading=\"lazy\" decoding=\"async\" class=\"alignnone size-full wp-image-371\" src=\"http:\/\/frequence-sille.org\/newsite\/wp-content\/uploads\/2016\/07\/logos.png\" alt=\"logos\" width=\"800\" height=\"238\" srcset=\"https:\/\/frequence-sille.org\/newsite\/wp-content\/uploads\/2016\/07\/logos.png 800w, https:\/\/frequence-sille.org\/newsite\/wp-content\/uploads\/2016\/07\/logos-300x89.png 300w, https:\/\/frequence-sille.org\/newsite\/wp-content\/uploads\/2016\/07\/logos-768x228.png 768w\" sizes=\"auto, (max-width: 800px) 100vw, 800px\" \/><\/p>\n<p><a href=\"http:\/\/www.sille-le-guillaume.fr\/\" target=\"_blank\" rel=\"noopener noreferrer\">Ville de Sill\u00e9 le Guillaume<\/a><\/p>\n<p><a href=\"http:\/\/www.cc-paysdesille.com\/\" target=\"_blank\" rel=\"noopener noreferrer\">Communaut\u00e9 de communes du Pays de Sill\u00e9<\/a><\/p>\n<p><a href=\"http:\/\/www.payshautesarthe.fr\/FR\/index.awp\" target=\"_blank\" rel=\"noopener noreferrer\">Pays de la Haute Sarthe<\/a><\/p>\n<p><a href=\"http:\/\/www.sarthe.fr\/\" target=\"_blank\" rel=\"noopener noreferrer\">D\u00e9partement de la Sarthe<\/a><\/p>\n<p><a href=\"http:\/\/www.paysdelaloire.fr\/\" target=\"_blank\" rel=\"noopener noreferrer\">R\u00e9gion des Pays de la Loire<\/a><\/p>\n<p><a href=\"http:\/\/www.culturecommunication.gouv.fr\/Regions\/Drac-Pays-de-la-Loire\" target=\"_blank\" rel=\"noopener noreferrer\">DRAC Pays de la Loire<\/a><\/p>\n<p><a href=\"http:\/\/0720055u.e-lyco.fr\/\" target=\"_blank\" rel=\"noopener noreferrer\">Cit\u00e9 scolaire Paul Scarron<\/a><\/p>\n<p><a href=\"http:\/\/www.education.gouv.fr\/\" target=\"_blank\" rel=\"noopener noreferrer\">Minist\u00e8re de l\u2019\u00c9ducation Nationale<\/a><\/p>\n<p><a href=\"http:\/\/www.agence-erasmus.fr\/\" target=\"_blank\" rel=\"noopener noreferrer\">Programmes europ\u00e9ens Erasmus +<\/a><\/p>\n<p><a href=\"http:\/\/www.radios-frama.fr\/\" target=\"_blank\" rel=\"noopener noreferrer\">F\u00e9d\u00e9ration des Radios Associatives Maine Anjou (Frama)<\/a><\/p>\n<p><a href=\"http:\/\/www.snrl.fr\/\" target=\"_blank\" rel=\"noopener noreferrer\">Syndicat National des Radios Libres (SNRL)<\/a><\/p>\n<p><a href=\"http:\/\/www.amarceurope.eu\/\" target=\"_blank\" rel=\"noopener noreferrer\">Association mondiale des radiodiffuseurs communautaires (Amarc et Amarc Europe)<\/a><\/p>\n<p>&nbsp;<\/p>\n<p><strong>Les associations locales partenaires de Fr\u00e9quence Sill\u00e9<\/strong><\/p>\n<p><a href=\"https:\/\/www.facebook.com\/Association-Sill%C3%A9-Culture-1381225478833921\/\" target=\"_blank\" rel=\"noopener noreferrer\">Sill\u00e9 culture<\/a><\/p>\n<p><a href=\"https:\/\/www.facebook.com\/sillepatrimoine\" target=\"_blank\" rel=\"noopener noreferrer\">Sill\u00e9 patrimoine<\/a><\/p>\n<p><a href=\"https:\/\/www.facebook.com\/L\u00e9zard-Sc\u00e9nique-de-Sill\u00e9-388263307982463\" target=\"_blank\" rel=\"noopener noreferrer\">L\u00e9zard sc\u00e9nique<\/a><\/p>\n<p><a href=\"http:\/\/www.rando-pays-sille.fr\/index.php\" target=\"_blank\" rel=\"noopener noreferrer\">Randonneurs p\u00e9destres du canton de Sill\u00e9<\/a><\/p>\n<p><a href=\"http:\/\/cycloclubdelavegre.magix.net\/index.htm\" target=\"_blank\" rel=\"noopener noreferrer\">Cyclo club de la V\u00e8gre<\/a><\/p>\n<p><a href=\"http:\/\/le-souvenir-francais.fr\/votre-delegation\/?departement=sarthe\" target=\"_blank\" rel=\"noopener noreferrer\">Souvenir Fran\u00e7ais<\/a><\/p>\n<p><a href=\"http:\/\/www.saint-remy-de-sille.fr\/index.php\/vivre-a-st-remy\/vie-associative\/37-comite-de-jumelage.html\" target=\"_blank\" rel=\"noopener noreferrer\">Comit\u00e9 de Jumelage Saint R\u00e9my \/ Grasby<\/a><\/p>\n","protected":false},"excerpt":{"rendered":"<p>Ville de Sill\u00e9 le Guillaume Communaut\u00e9 de communes du Pays de Sill\u00e9 Pays de la Haute Sarthe D\u00e9partement de la Sarthe R\u00e9gion des Pays de la Loire DRAC Pays de&hellip;<\/p>\n","protected":false},"author":1,"featured_media":0,"parent":8,"menu_order":8,"comment_status":"closed","ping_status":"closed","template":"","meta":{"footnotes":""},"class_list":["post-14","page","type-page","status-publish","hentry","no-post-thumbnail"],"yoast_head":"<!-- This site is optimized with the Yoast SEO plugin v27.3 - https:\/\/yoast.com\/product\/yoast-seo-wordpress\/ -->\n<title>Nos partenaires - Fr\u00e9quence Sill\u00e9<\/title>\n<meta name=\"robots\" content=\"index, follow, max-snippet:-1, max-image-preview:large, max-video-preview:-1\" \/>\n<link rel=\"canonical\" href=\"https:\/\/frequence-sille.org\/newsite\/la-radio\/nos-partenaires\/\" \/>\n<meta property=\"og:locale\" content=\"fr_FR\" \/>\n<meta property=\"og:type\" content=\"article\" \/>\n<meta property=\"og:title\" content=\"Nos partenaires - Fr\u00e9quence Sill\u00e9\" \/>\n<meta property=\"og:description\" content=\"Ville de Sill\u00e9 le Guillaume Communaut\u00e9 de communes du Pays de Sill\u00e9 Pays de la Haute Sarthe D\u00e9partement de la Sarthe R\u00e9gion des Pays de la Loire DRAC Pays de&hellip;\" \/>\n<meta property=\"og:url\" content=\"https:\/\/frequence-sille.org\/newsite\/la-radio\/nos-partenaires\/\" \/>\n<meta property=\"og:site_name\" content=\"Fr\u00e9quence Sill\u00e9\" \/>\n<meta property=\"article:publisher\" content=\"https:\/\/www.facebook.com\/frequencesille979fm\" \/>\n<meta property=\"article:modified_time\" content=\"2021-09-08T16:38:36+00:00\" \/>\n<meta property=\"og:image\" content=\"http:\/\/frequence-sille.org\/newsite\/wp-content\/uploads\/2016\/07\/logos.png\" \/>\n<meta name=\"twitter:card\" content=\"summary_large_image\" \/>\n<meta name=\"twitter:site\" content=\"@freqsille979\" \/>\n<meta name=\"twitter:label1\" content=\"Dur\u00e9e de lecture estim\u00e9e\" \/>\n\t<meta name=\"twitter:data1\" content=\"1 minute\" \/>\n<script type=\"application\/ld+json\" class=\"yoast-schema-graph\">{\"@context\":\"https:\\\/\\\/schema.org\",\"@graph\":[{\"@type\":\"WebPage\",\"@id\":\"https:\\\/\\\/frequence-sille.org\\\/newsite\\\/la-radio\\\/nos-partenaires\\\/\",\"url\":\"https:\\\/\\\/frequence-sille.org\\\/newsite\\\/la-radio\\\/nos-partenaires\\\/\",\"name\":\"Nos partenaires - Fr\u00e9quence Sill\u00e9\",\"isPartOf\":{\"@id\":\"https:\\\/\\\/frequence-sille.org\\\/newsite\\\/#website\"},\"primaryImageOfPage\":{\"@id\":\"https:\\\/\\\/frequence-sille.org\\\/newsite\\\/la-radio\\\/nos-partenaires\\\/#primaryimage\"},\"image\":{\"@id\":\"https:\\\/\\\/frequence-sille.org\\\/newsite\\\/la-radio\\\/nos-partenaires\\\/#primaryimage\"},\"thumbnailUrl\":\"http:\\\/\\\/frequence-sille.org\\\/newsite\\\/wp-content\\\/uploads\\\/2016\\\/07\\\/logos.png\",\"datePublished\":\"2016-07-23T07:47:48+00:00\",\"dateModified\":\"2021-09-08T16:38:36+00:00\",\"breadcrumb\":{\"@id\":\"https:\\\/\\\/frequence-sille.org\\\/newsite\\\/la-radio\\\/nos-partenaires\\\/#breadcrumb\"},\"inLanguage\":\"fr-FR\",\"potentialAction\":[{\"@type\":\"ReadAction\",\"target\":[\"https:\\\/\\\/frequence-sille.org\\\/newsite\\\/la-radio\\\/nos-partenaires\\\/\"]}]},{\"@type\":\"ImageObject\",\"inLanguage\":\"fr-FR\",\"@id\":\"https:\\\/\\\/frequence-sille.org\\\/newsite\\\/la-radio\\\/nos-partenaires\\\/#primaryimage\",\"url\":\"https:\\\/\\\/frequence-sille.org\\\/newsite\\\/wp-content\\\/uploads\\\/2016\\\/07\\\/logos.png\",\"contentUrl\":\"https:\\\/\\\/frequence-sille.org\\\/newsite\\\/wp-content\\\/uploads\\\/2016\\\/07\\\/logos.png\",\"width\":800,\"height\":238},{\"@type\":\"BreadcrumbList\",\"@id\":\"https:\\\/\\\/frequence-sille.org\\\/newsite\\\/la-radio\\\/nos-partenaires\\\/#breadcrumb\",\"itemListElement\":[{\"@type\":\"ListItem\",\"position\":1,\"name\":\"Accueil\",\"item\":\"https:\\\/\\\/frequence-sille.org\\\/newsite\\\/\"},{\"@type\":\"ListItem\",\"position\":2,\"name\":\"La radio\",\"item\":\"https:\\\/\\\/frequence-sille.org\\\/newsite\\\/la-radio\\\/\"},{\"@type\":\"ListItem\",\"position\":3,\"name\":\"Nos partenaires\"}]},{\"@type\":\"WebSite\",\"@id\":\"https:\\\/\\\/frequence-sille.org\\\/newsite\\\/#website\",\"url\":\"https:\\\/\\\/frequence-sille.org\\\/newsite\\\/\",\"name\":\"Fr\u00e9quence Sill\u00e9\",\"description\":\"Bien plus qu&#039;une radio...votre radio !\",\"publisher\":{\"@id\":\"https:\\\/\\\/frequence-sille.org\\\/newsite\\\/#organization\"},\"potentialAction\":[{\"@type\":\"SearchAction\",\"target\":{\"@type\":\"EntryPoint\",\"urlTemplate\":\"https:\\\/\\\/frequence-sille.org\\\/newsite\\\/?s={search_term_string}\"},\"query-input\":{\"@type\":\"PropertyValueSpecification\",\"valueRequired\":true,\"valueName\":\"search_term_string\"}}],\"inLanguage\":\"fr-FR\"},{\"@type\":\"Organization\",\"@id\":\"https:\\\/\\\/frequence-sille.org\\\/newsite\\\/#organization\",\"name\":\"Fr\u00e9quence Sill\u00e9\",\"url\":\"https:\\\/\\\/frequence-sille.org\\\/newsite\\\/\",\"logo\":{\"@type\":\"ImageObject\",\"inLanguage\":\"fr-FR\",\"@id\":\"https:\\\/\\\/frequence-sille.org\\\/newsite\\\/#\\\/schema\\\/logo\\\/image\\\/\",\"url\":\"https:\\\/\\\/frequence-sille.org\\\/newsite\\\/wp-content\\\/uploads\\\/2023\\\/07\\\/LOGO_979_NOIR.png\",\"contentUrl\":\"https:\\\/\\\/frequence-sille.org\\\/newsite\\\/wp-content\\\/uploads\\\/2023\\\/07\\\/LOGO_979_NOIR.png\",\"width\":7680,\"height\":4320,\"caption\":\"Fr\u00e9quence Sill\u00e9\"},\"image\":{\"@id\":\"https:\\\/\\\/frequence-sille.org\\\/newsite\\\/#\\\/schema\\\/logo\\\/image\\\/\"},\"sameAs\":[\"https:\\\/\\\/www.facebook.com\\\/frequencesille979fm\",\"https:\\\/\\\/x.com\\\/freqsille979\",\"https:\\\/\\\/www.instagram.com\\\/frequencesille\\\/\"]}]}<\/script>\n<!-- \/ Yoast SEO plugin. -->","yoast_head_json":{"title":"Nos partenaires - Fr\u00e9quence Sill\u00e9","robots":{"index":"index","follow":"follow","max-snippet":"max-snippet:-1","max-image-preview":"max-image-preview:large","max-video-preview":"max-video-preview:-1"},"canonical":"https:\/\/frequence-sille.org\/newsite\/la-radio\/nos-partenaires\/","og_locale":"fr_FR","og_type":"article","og_title":"Nos partenaires - Fr\u00e9quence Sill\u00e9","og_description":"Ville de Sill\u00e9 le Guillaume Communaut\u00e9 de communes du Pays de Sill\u00e9 Pays de la Haute Sarthe D\u00e9partement de la Sarthe R\u00e9gion des Pays de la Loire DRAC Pays de&hellip;","og_url":"https:\/\/frequence-sille.org\/newsite\/la-radio\/nos-partenaires\/","og_site_name":"Fr\u00e9quence Sill\u00e9","article_publisher":"https:\/\/www.facebook.com\/frequencesille979fm","article_modified_time":"2021-09-08T16:38:36+00:00","og_image":[{"url":"http:\/\/frequence-sille.org\/newsite\/wp-content\/uploads\/2016\/07\/logos.png","type":"","width":"","height":""}],"twitter_card":"summary_large_image","twitter_site":"@freqsille979","twitter_misc":{"Dur\u00e9e de lecture estim\u00e9e":"1 minute"},"schema":{"@context":"https:\/\/schema.org","@graph":[{"@type":"WebPage","@id":"https:\/\/frequence-sille.org\/newsite\/la-radio\/nos-partenaires\/","url":"https:\/\/frequence-sille.org\/newsite\/la-radio\/nos-partenaires\/","name":"Nos partenaires - Fr\u00e9quence Sill\u00e9","isPartOf":{"@id":"https:\/\/frequence-sille.org\/newsite\/#website"},"primaryImageOfPage":{"@id":"https:\/\/frequence-sille.org\/newsite\/la-radio\/nos-partenaires\/#primaryimage"},"image":{"@id":"https:\/\/frequence-sille.org\/newsite\/la-radio\/nos-partenaires\/#primaryimage"},"thumbnailUrl":"http:\/\/frequence-sille.org\/newsite\/wp-content\/uploads\/2016\/07\/logos.png","datePublished":"2016-07-23T07:47:48+00:00","dateModified":"2021-09-08T16:38:36+00:00","breadcrumb":{"@id":"https:\/\/frequence-sille.org\/newsite\/la-radio\/nos-partenaires\/#breadcrumb"},"inLanguage":"fr-FR","potentialAction":[{"@type":"ReadAction","target":["https:\/\/frequence-sille.org\/newsite\/la-radio\/nos-partenaires\/"]}]},{"@type":"ImageObject","inLanguage":"fr-FR","@id":"https:\/\/frequence-sille.org\/newsite\/la-radio\/nos-partenaires\/#primaryimage","url":"https:\/\/frequence-sille.org\/newsite\/wp-content\/uploads\/2016\/07\/logos.png","contentUrl":"https:\/\/frequence-sille.org\/newsite\/wp-content\/uploads\/2016\/07\/logos.png","width":800,"height":238},{"@type":"BreadcrumbList","@id":"https:\/\/frequence-sille.org\/newsite\/la-radio\/nos-partenaires\/#breadcrumb","itemListElement":[{"@type":"ListItem","position":1,"name":"Accueil","item":"https:\/\/frequence-sille.org\/newsite\/"},{"@type":"ListItem","position":2,"name":"La radio","item":"https:\/\/frequence-sille.org\/newsite\/la-radio\/"},{"@type":"ListItem","position":3,"name":"Nos partenaires"}]},{"@type":"WebSite","@id":"https:\/\/frequence-sille.org\/newsite\/#website","url":"https:\/\/frequence-sille.org\/newsite\/","name":"Fr\u00e9quence Sill\u00e9","description":"Bien plus qu&#039;une radio...votre radio !","publisher":{"@id":"https:\/\/frequence-sille.org\/newsite\/#organization"},"potentialAction":[{"@type":"SearchAction","target":{"@type":"EntryPoint","urlTemplate":"https:\/\/frequence-sille.org\/newsite\/?s={search_term_string}"},"query-input":{"@type":"PropertyValueSpecification","valueRequired":true,"valueName":"search_term_string"}}],"inLanguage":"fr-FR"},{"@type":"Organization","@id":"https:\/\/frequence-sille.org\/newsite\/#organization","name":"Fr\u00e9quence Sill\u00e9","url":"https:\/\/frequence-sille.org\/newsite\/","logo":{"@type":"ImageObject","inLanguage":"fr-FR","@id":"https:\/\/frequence-sille.org\/newsite\/#\/schema\/logo\/image\/","url":"https:\/\/frequence-sille.org\/newsite\/wp-content\/uploads\/2023\/07\/LOGO_979_NOIR.png","contentUrl":"https:\/\/frequence-sille.org\/newsite\/wp-content\/uploads\/2023\/07\/LOGO_979_NOIR.png","width":7680,"height":4320,"caption":"Fr\u00e9quence Sill\u00e9"},"image":{"@id":"https:\/\/frequence-sille.org\/newsite\/#\/schema\/logo\/image\/"},"sameAs":["https:\/\/www.facebook.com\/frequencesille979fm","https:\/\/x.com\/freqsille979","https:\/\/www.instagram.com\/frequencesille\/"]}]}},"_links":{"self":[{"href":"https:\/\/frequence-sille.org\/newsite\/wp-json\/wp\/v2\/pages\/14","targetHints":{"allow":["GET"]}}],"collection":[{"href":"https:\/\/frequence-sille.org\/newsite\/wp-json\/wp\/v2\/pages"}],"about":[{"href":"https:\/\/frequence-sille.org\/newsite\/wp-json\/wp\/v2\/types\/page"}],"author":[{"embeddable":true,"href":"https:\/\/frequence-sille.org\/newsite\/wp-json\/wp\/v2\/users\/1"}],"replies":[{"embeddable":true,"href":"https:\/\/frequence-sille.org\/newsite\/wp-json\/wp\/v2\/comments?post=14"}],"version-history":[{"count":8,"href":"https:\/\/frequence-sille.org\/newsite\/wp-json\/wp\/v2\/pages\/14\/revisions"}],"predecessor-version":[{"id":5532,"href":"https:\/\/frequence-sille.org\/newsite\/wp-json\/wp\/v2\/pages\/14\/revisions\/5532"}],"up":[{"embeddable":true,"href":"https:\/\/frequence-sille.org\/newsite\/wp-json\/wp\/v2\/pages\/8"}],"wp:attachment":[{"href":"https:\/\/frequence-sille.org\/newsite\/wp-json\/wp\/v2\/media?parent=14"}],"curies":[{"name":"wp","href":"https:\/\/api.w.org\/{rel}","templated":true}]}}