{"id":14943,"date":"2025-04-04T09:16:44","date_gmt":"2025-04-04T07:16:44","guid":{"rendered":"https:\/\/frequence-sille.org\/newsite\/?page_id=14943"},"modified":"2025-04-04T09:18:29","modified_gmt":"2025-04-04T07:18:29","slug":"3-minutes-actu-par-les-1ere-hggsp","status":"publish","type":"page","link":"https:\/\/frequence-sille.org\/newsite\/3-minutes-actu-par-les-1ere-hggsp\/","title":{"rendered":"3 Minutes Actu &#8211; Par les 1\u00e8re HGGSP"},"content":{"rendered":"\n<p>Retrouvez ci-dessous toutes les \u00e9missions \u00ab\u00a03minutes actu\u00a0\u00bb (et autres formats) r\u00e9alis\u00e9es par des \u00e9l\u00e8ves de premi\u00e8re en sp\u00e9cialit\u00e9 HGGSP (Histoire-G\u00e9ographie, G\u00e9opolitique et Sciences Politiques).<\/p>\n\n\n\n<iframe loading=\"lazy\" style=\"border-radius: 5px;\" scrolling=\"no\" id=\"hearthis_at_user_470623\" width=\"100%\" height=\"510\" src=\"https:\/\/hearthis.at\/set\/470623\/embed\/\" frameborder=\"0\" allowtransparency allow=\"autoplay\"><\/iframe>\n\n\n\n<p>Retrouvez \u00e9galement une chronique sp\u00e9ciale sur la La\u00efcit\u00e9 en Turquie, r\u00e9alis\u00e9e par No\u00e9 et Gaspard :<\/p>\n\n\n\n<iframe loading=\"lazy\" scrolling=\"no\" style=\"border-radius: 5px;\" id=\"hearthis_at_track_11893869\" width=\"100%\" height=\"150\" src=\"https:\/\/app.hearthis.at\/embed\/11893869\/transparent_black\/?hcolor=&#038;color=&#038;style=2&#038;block_size=2&#038;block_space=1&#038;background=1&#038;waveform=0&#038;cover=0&#038;autoplay=0&#038;css=\" frameborder=\"0\" allowtransparency allow=\"autoplay\"><p>Listen to <a href=\"https:\/\/hearthis.at\/frequence-sille\/la-laicite-en-turquie-noe-gasnier-gaspard-lecomte-camporesi-2025-03-04-pad\/\" target=\"_blank\">La La\u00efcit\u00e9 en Turquie &#8211; No\u00e9 Gasnier &amp; Gaspard Lecomte-Camporesi &#8211; 2025 03 04<\/a> <span>by<\/span><a href=\"https:\/\/hearthis.at\/frequence-sille\/\" target=\"_blank\" >Frequence Sill\u00e9<\/a> <span>on<\/span> <a href=\"https:\/\/hearthis.at\/\" target=\"_blank\">hearthis.at<\/a><\/p><\/iframe>\n","protected":false},"excerpt":{"rendered":"<p>Retrouvez ci-dessous toutes les \u00e9missions \u00ab\u00a03minutes actu\u00a0\u00bb (et autres formats) r\u00e9alis\u00e9es par des \u00e9l\u00e8ves de premi\u00e8re en sp\u00e9cialit\u00e9 HGGSP (Histoire-G\u00e9ographie, G\u00e9opolitique et Sciences Politiques). Retrouvez \u00e9galement une chronique sp\u00e9ciale sur&hellip;<\/p>\n","protected":false},"author":1,"featured_media":14762,"parent":0,"menu_order":0,"comment_status":"closed","ping_status":"closed","template":"","meta":{"footnotes":""},"class_list":["post-14943","page","type-page","status-publish","has-post-thumbnail","hentry"],"yoast_head":"<!-- This site is optimized with the Yoast SEO plugin v27.3 - https:\/\/yoast.com\/product\/yoast-seo-wordpress\/ -->\n<title>3 Minutes Actu - Par les 1\u00e8re HGGSP - Fr\u00e9quence Sill\u00e9<\/title>\n<meta name=\"robots\" content=\"index, follow, max-snippet:-1, max-image-preview:large, max-video-preview:-1\" \/>\n<link rel=\"canonical\" href=\"https:\/\/frequence-sille.org\/newsite\/3-minutes-actu-par-les-1ere-hggsp\/\" \/>\n<meta property=\"og:locale\" content=\"fr_FR\" \/>\n<meta property=\"og:type\" content=\"article\" \/>\n<meta property=\"og:title\" content=\"3 Minutes Actu - Par les 1\u00e8re HGGSP - Fr\u00e9quence Sill\u00e9\" \/>\n<meta property=\"og:description\" content=\"Retrouvez ci-dessous toutes les \u00e9missions \u00ab\u00a03minutes actu\u00a0\u00bb (et autres formats) r\u00e9alis\u00e9es par des \u00e9l\u00e8ves de premi\u00e8re en sp\u00e9cialit\u00e9 HGGSP (Histoire-G\u00e9ographie, G\u00e9opolitique et Sciences Politiques). Retrouvez \u00e9galement une chronique sp\u00e9ciale sur&hellip;\" \/>\n<meta property=\"og:url\" content=\"https:\/\/frequence-sille.org\/newsite\/3-minutes-actu-par-les-1ere-hggsp\/\" \/>\n<meta property=\"og:site_name\" content=\"Fr\u00e9quence Sill\u00e9\" \/>\n<meta property=\"article:publisher\" content=\"https:\/\/www.facebook.com\/frequencesille979fm\" \/>\n<meta property=\"article:modified_time\" content=\"2025-04-04T07:18:29+00:00\" \/>\n<meta property=\"og:image\" content=\"https:\/\/frequence-sille.org\/newsite\/wp-content\/uploads\/2025\/03\/3-1-scaled.jpg\" \/>\n\t<meta property=\"og:image:width\" content=\"2560\" \/>\n\t<meta property=\"og:image:height\" content=\"1280\" \/>\n\t<meta property=\"og:image:type\" content=\"image\/jpeg\" \/>\n<meta name=\"twitter:card\" content=\"summary_large_image\" \/>\n<meta name=\"twitter:site\" content=\"@freqsille979\" \/>\n<meta name=\"twitter:label1\" content=\"Dur\u00e9e de lecture estim\u00e9e\" \/>\n\t<meta name=\"twitter:data1\" content=\"1 minute\" \/>\n<script type=\"application\/ld+json\" class=\"yoast-schema-graph\">{\"@context\":\"https:\\\/\\\/schema.org\",\"@graph\":[{\"@type\":\"WebPage\",\"@id\":\"https:\\\/\\\/frequence-sille.org\\\/newsite\\\/3-minutes-actu-par-les-1ere-hggsp\\\/\",\"url\":\"https:\\\/\\\/frequence-sille.org\\\/newsite\\\/3-minutes-actu-par-les-1ere-hggsp\\\/\",\"name\":\"3 Minutes Actu - Par les 1\u00e8re HGGSP - Fr\u00e9quence Sill\u00e9\",\"isPartOf\":{\"@id\":\"https:\\\/\\\/frequence-sille.org\\\/newsite\\\/#website\"},\"primaryImageOfPage\":{\"@id\":\"https:\\\/\\\/frequence-sille.org\\\/newsite\\\/3-minutes-actu-par-les-1ere-hggsp\\\/#primaryimage\"},\"image\":{\"@id\":\"https:\\\/\\\/frequence-sille.org\\\/newsite\\\/3-minutes-actu-par-les-1ere-hggsp\\\/#primaryimage\"},\"thumbnailUrl\":\"https:\\\/\\\/frequence-sille.org\\\/newsite\\\/wp-content\\\/uploads\\\/2025\\\/03\\\/3-1-scaled.jpg\",\"datePublished\":\"2025-04-04T07:16:44+00:00\",\"dateModified\":\"2025-04-04T07:18:29+00:00\",\"breadcrumb\":{\"@id\":\"https:\\\/\\\/frequence-sille.org\\\/newsite\\\/3-minutes-actu-par-les-1ere-hggsp\\\/#breadcrumb\"},\"inLanguage\":\"fr-FR\",\"potentialAction\":[{\"@type\":\"ReadAction\",\"target\":[\"https:\\\/\\\/frequence-sille.org\\\/newsite\\\/3-minutes-actu-par-les-1ere-hggsp\\\/\"]}]},{\"@type\":\"ImageObject\",\"inLanguage\":\"fr-FR\",\"@id\":\"https:\\\/\\\/frequence-sille.org\\\/newsite\\\/3-minutes-actu-par-les-1ere-hggsp\\\/#primaryimage\",\"url\":\"https:\\\/\\\/frequence-sille.org\\\/newsite\\\/wp-content\\\/uploads\\\/2025\\\/03\\\/3-1-scaled.jpg\",\"contentUrl\":\"https:\\\/\\\/frequence-sille.org\\\/newsite\\\/wp-content\\\/uploads\\\/2025\\\/03\\\/3-1-scaled.jpg\",\"width\":2560,\"height\":1280},{\"@type\":\"BreadcrumbList\",\"@id\":\"https:\\\/\\\/frequence-sille.org\\\/newsite\\\/3-minutes-actu-par-les-1ere-hggsp\\\/#breadcrumb\",\"itemListElement\":[{\"@type\":\"ListItem\",\"position\":1,\"name\":\"Accueil\",\"item\":\"https:\\\/\\\/frequence-sille.org\\\/newsite\\\/\"},{\"@type\":\"ListItem\",\"position\":2,\"name\":\"3 Minutes Actu &#8211; Par les 1\u00e8re HGGSP\"}]},{\"@type\":\"WebSite\",\"@id\":\"https:\\\/\\\/frequence-sille.org\\\/newsite\\\/#website\",\"url\":\"https:\\\/\\\/frequence-sille.org\\\/newsite\\\/\",\"name\":\"Fr\u00e9quence Sill\u00e9\",\"description\":\"Bien plus qu&#039;une radio...votre radio !\",\"publisher\":{\"@id\":\"https:\\\/\\\/frequence-sille.org\\\/newsite\\\/#organization\"},\"potentialAction\":[{\"@type\":\"SearchAction\",\"target\":{\"@type\":\"EntryPoint\",\"urlTemplate\":\"https:\\\/\\\/frequence-sille.org\\\/newsite\\\/?s={search_term_string}\"},\"query-input\":{\"@type\":\"PropertyValueSpecification\",\"valueRequired\":true,\"valueName\":\"search_term_string\"}}],\"inLanguage\":\"fr-FR\"},{\"@type\":\"Organization\",\"@id\":\"https:\\\/\\\/frequence-sille.org\\\/newsite\\\/#organization\",\"name\":\"Fr\u00e9quence Sill\u00e9\",\"url\":\"https:\\\/\\\/frequence-sille.org\\\/newsite\\\/\",\"logo\":{\"@type\":\"ImageObject\",\"inLanguage\":\"fr-FR\",\"@id\":\"https:\\\/\\\/frequence-sille.org\\\/newsite\\\/#\\\/schema\\\/logo\\\/image\\\/\",\"url\":\"https:\\\/\\\/frequence-sille.org\\\/newsite\\\/wp-content\\\/uploads\\\/2023\\\/07\\\/LOGO_979_NOIR.png\",\"contentUrl\":\"https:\\\/\\\/frequence-sille.org\\\/newsite\\\/wp-content\\\/uploads\\\/2023\\\/07\\\/LOGO_979_NOIR.png\",\"width\":7680,\"height\":4320,\"caption\":\"Fr\u00e9quence Sill\u00e9\"},\"image\":{\"@id\":\"https:\\\/\\\/frequence-sille.org\\\/newsite\\\/#\\\/schema\\\/logo\\\/image\\\/\"},\"sameAs\":[\"https:\\\/\\\/www.facebook.com\\\/frequencesille979fm\",\"https:\\\/\\\/x.com\\\/freqsille979\",\"https:\\\/\\\/www.instagram.com\\\/frequencesille\\\/\"]}]}<\/script>\n<!-- \/ Yoast SEO plugin. -->","yoast_head_json":{"title":"3 Minutes Actu - Par les 1\u00e8re HGGSP - Fr\u00e9quence Sill\u00e9","robots":{"index":"index","follow":"follow","max-snippet":"max-snippet:-1","max-image-preview":"max-image-preview:large","max-video-preview":"max-video-preview:-1"},"canonical":"https:\/\/frequence-sille.org\/newsite\/3-minutes-actu-par-les-1ere-hggsp\/","og_locale":"fr_FR","og_type":"article","og_title":"3 Minutes Actu - Par les 1\u00e8re HGGSP - Fr\u00e9quence Sill\u00e9","og_description":"Retrouvez ci-dessous toutes les \u00e9missions \u00ab\u00a03minutes actu\u00a0\u00bb (et autres formats) r\u00e9alis\u00e9es par des \u00e9l\u00e8ves de premi\u00e8re en sp\u00e9cialit\u00e9 HGGSP (Histoire-G\u00e9ographie, G\u00e9opolitique et Sciences Politiques). Retrouvez \u00e9galement une chronique sp\u00e9ciale sur&hellip;","og_url":"https:\/\/frequence-sille.org\/newsite\/3-minutes-actu-par-les-1ere-hggsp\/","og_site_name":"Fr\u00e9quence Sill\u00e9","article_publisher":"https:\/\/www.facebook.com\/frequencesille979fm","article_modified_time":"2025-04-04T07:18:29+00:00","og_image":[{"width":2560,"height":1280,"url":"https:\/\/frequence-sille.org\/newsite\/wp-content\/uploads\/2025\/03\/3-1-scaled.jpg","type":"image\/jpeg"}],"twitter_card":"summary_large_image","twitter_site":"@freqsille979","twitter_misc":{"Dur\u00e9e de lecture estim\u00e9e":"1 minute"},"schema":{"@context":"https:\/\/schema.org","@graph":[{"@type":"WebPage","@id":"https:\/\/frequence-sille.org\/newsite\/3-minutes-actu-par-les-1ere-hggsp\/","url":"https:\/\/frequence-sille.org\/newsite\/3-minutes-actu-par-les-1ere-hggsp\/","name":"3 Minutes Actu - Par les 1\u00e8re HGGSP - Fr\u00e9quence Sill\u00e9","isPartOf":{"@id":"https:\/\/frequence-sille.org\/newsite\/#website"},"primaryImageOfPage":{"@id":"https:\/\/frequence-sille.org\/newsite\/3-minutes-actu-par-les-1ere-hggsp\/#primaryimage"},"image":{"@id":"https:\/\/frequence-sille.org\/newsite\/3-minutes-actu-par-les-1ere-hggsp\/#primaryimage"},"thumbnailUrl":"https:\/\/frequence-sille.org\/newsite\/wp-content\/uploads\/2025\/03\/3-1-scaled.jpg","datePublished":"2025-04-04T07:16:44+00:00","dateModified":"2025-04-04T07:18:29+00:00","breadcrumb":{"@id":"https:\/\/frequence-sille.org\/newsite\/3-minutes-actu-par-les-1ere-hggsp\/#breadcrumb"},"inLanguage":"fr-FR","potentialAction":[{"@type":"ReadAction","target":["https:\/\/frequence-sille.org\/newsite\/3-minutes-actu-par-les-1ere-hggsp\/"]}]},{"@type":"ImageObject","inLanguage":"fr-FR","@id":"https:\/\/frequence-sille.org\/newsite\/3-minutes-actu-par-les-1ere-hggsp\/#primaryimage","url":"https:\/\/frequence-sille.org\/newsite\/wp-content\/uploads\/2025\/03\/3-1-scaled.jpg","contentUrl":"https:\/\/frequence-sille.org\/newsite\/wp-content\/uploads\/2025\/03\/3-1-scaled.jpg","width":2560,"height":1280},{"@type":"BreadcrumbList","@id":"https:\/\/frequence-sille.org\/newsite\/3-minutes-actu-par-les-1ere-hggsp\/#breadcrumb","itemListElement":[{"@type":"ListItem","position":1,"name":"Accueil","item":"https:\/\/frequence-sille.org\/newsite\/"},{"@type":"ListItem","position":2,"name":"3 Minutes Actu &#8211; Par les 1\u00e8re HGGSP"}]},{"@type":"WebSite","@id":"https:\/\/frequence-sille.org\/newsite\/#website","url":"https:\/\/frequence-sille.org\/newsite\/","name":"Fr\u00e9quence Sill\u00e9","description":"Bien plus qu&#039;une radio...votre radio !","publisher":{"@id":"https:\/\/frequence-sille.org\/newsite\/#organization"},"potentialAction":[{"@type":"SearchAction","target":{"@type":"EntryPoint","urlTemplate":"https:\/\/frequence-sille.org\/newsite\/?s={search_term_string}"},"query-input":{"@type":"PropertyValueSpecification","valueRequired":true,"valueName":"search_term_string"}}],"inLanguage":"fr-FR"},{"@type":"Organization","@id":"https:\/\/frequence-sille.org\/newsite\/#organization","name":"Fr\u00e9quence Sill\u00e9","url":"https:\/\/frequence-sille.org\/newsite\/","logo":{"@type":"ImageObject","inLanguage":"fr-FR","@id":"https:\/\/frequence-sille.org\/newsite\/#\/schema\/logo\/image\/","url":"https:\/\/frequence-sille.org\/newsite\/wp-content\/uploads\/2023\/07\/LOGO_979_NOIR.png","contentUrl":"https:\/\/frequence-sille.org\/newsite\/wp-content\/uploads\/2023\/07\/LOGO_979_NOIR.png","width":7680,"height":4320,"caption":"Fr\u00e9quence Sill\u00e9"},"image":{"@id":"https:\/\/frequence-sille.org\/newsite\/#\/schema\/logo\/image\/"},"sameAs":["https:\/\/www.facebook.com\/frequencesille979fm","https:\/\/x.com\/freqsille979","https:\/\/www.instagram.com\/frequencesille\/"]}]}},"_links":{"self":[{"href":"https:\/\/frequence-sille.org\/newsite\/wp-json\/wp\/v2\/pages\/14943","targetHints":{"allow":["GET"]}}],"collection":[{"href":"https:\/\/frequence-sille.org\/newsite\/wp-json\/wp\/v2\/pages"}],"about":[{"href":"https:\/\/frequence-sille.org\/newsite\/wp-json\/wp\/v2\/types\/page"}],"author":[{"embeddable":true,"href":"https:\/\/frequence-sille.org\/newsite\/wp-json\/wp\/v2\/users\/1"}],"replies":[{"embeddable":true,"href":"https:\/\/frequence-sille.org\/newsite\/wp-json\/wp\/v2\/comments?post=14943"}],"version-history":[{"count":1,"href":"https:\/\/frequence-sille.org\/newsite\/wp-json\/wp\/v2\/pages\/14943\/revisions"}],"predecessor-version":[{"id":14946,"href":"https:\/\/frequence-sille.org\/newsite\/wp-json\/wp\/v2\/pages\/14943\/revisions\/14946"}],"wp:featuredmedia":[{"embeddable":true,"href":"https:\/\/frequence-sille.org\/newsite\/wp-json\/wp\/v2\/media\/14762"}],"wp:attachment":[{"href":"https:\/\/frequence-sille.org\/newsite\/wp-json\/wp\/v2\/media?parent=14943"}],"curies":[{"name":"wp","href":"https:\/\/api.w.org\/{rel}","templated":true}]}}