{"id":1508,"date":"2016-11-17T08:37:51","date_gmt":"2016-11-17T07:37:51","guid":{"rendered":"http:\/\/frequence-sille.org\/newsite\/?page_id=1508"},"modified":"2021-09-08T17:38:39","modified_gmt":"2021-09-08T16:38:39","slug":"le-depart-du-vendee-globe","status":"publish","type":"page","link":"https:\/\/frequence-sille.org\/newsite\/les-evenements\/archives\/le-depart-du-vendee-globe\/","title":{"rendered":"Le d\u00e9part du Vend\u00e9e Globe"},"content":{"rendered":"<p align=\"left\">Le 6 novembre 2016 des \u00e9l\u00e8ves de Seconde de la cit\u00e9 Scolaire Paul Scarron se sont rendus au d\u00e9part du Vend\u00e9e Globe pour y r\u00e9aliser diverses interviews, tel que des micro-trottoir pour recueillir l&rsquo;avis du public sur l&rsquo;ambiance au village.<\/p>\n<p align=\"left\">Venceslas, Chlo\u00e9, Clarisse et Charlise ont \u00e9galement interviewer les sponsors des skippers ainsi que des exposants installer au Village. Ayant eu de tr\u00e8s bonnes impression sur leur journ\u00e9e d\u00e9couvertes ces \u00e9l\u00e8ves suivrons le Vend\u00e9e Globe durant leur \u00e9missions qui se d\u00e9roule tout les jeudi de 16h30 \u00e0 17h o\u00f9 ils parlerons de l&rsquo;actualit\u00e9 du Vend\u00e9e Globe.<\/p>\n<p><iframe loading=\"lazy\" id=\"hearthis_at_user_58948-8445500\" src=\"https:\/\/hearthis.at\/set\/58948-8445500\/embed\/\" width=\"100%\" height=\"350\" frameborder=\"0\" scrolling=\"no\"><\/iframe><\/p>\n<p><img loading=\"lazy\" decoding=\"async\" class=\"alignnone size-medium wp-image-1561\" src=\"http:\/\/frequence-sille.org\/newsite\/wp-content\/uploads\/2016\/11\/IMG_4010-300x200.jpg\" alt=\"img_4010\" width=\"300\" height=\"200\" \/> <img loading=\"lazy\" decoding=\"async\" class=\"alignnone size-medium wp-image-1563\" src=\"http:\/\/frequence-sille.org\/newsite\/wp-content\/uploads\/2016\/11\/IMG_4022-300x200.jpg\" alt=\"img_4022\" width=\"300\" height=\"200\" srcset=\"https:\/\/frequence-sille.org\/newsite\/wp-content\/uploads\/2016\/11\/IMG_4022-300x200.jpg 300w, https:\/\/frequence-sille.org\/newsite\/wp-content\/uploads\/2016\/11\/IMG_4022-1024x682.jpg 1024w, https:\/\/frequence-sille.org\/newsite\/wp-content\/uploads\/2016\/11\/IMG_4022-768x511.jpg 768w, https:\/\/frequence-sille.org\/newsite\/wp-content\/uploads\/2016\/11\/IMG_4022-1536x1023.jpg 1536w, https:\/\/frequence-sille.org\/newsite\/wp-content\/uploads\/2016\/11\/IMG_4022-2048x1364.jpg 2048w\" sizes=\"auto, (max-width: 300px) 100vw, 300px\" \/> <img loading=\"lazy\" decoding=\"async\" class=\"alignnone size-medium wp-image-1560\" src=\"http:\/\/frequence-sille.org\/newsite\/wp-content\/uploads\/2016\/11\/IMG_4006-300x200.jpg\" alt=\"img_4006\" width=\"300\" height=\"200\" \/> <img loading=\"lazy\" decoding=\"async\" class=\"alignnone size-medium wp-image-1559\" src=\"http:\/\/frequence-sille.org\/newsite\/wp-content\/uploads\/2016\/11\/IMG_4052-300x200.jpg\" alt=\"img_4052\" width=\"300\" height=\"200\" \/> <img loading=\"lazy\" decoding=\"async\" class=\"alignnone size-medium wp-image-1557\" src=\"http:\/\/frequence-sille.org\/newsite\/wp-content\/uploads\/2016\/11\/IMG_4003-300x200.jpg\" alt=\"img_4003\" width=\"300\" height=\"200\" \/> <img loading=\"lazy\" decoding=\"async\" class=\"alignnone size-medium wp-image-1556\" src=\"http:\/\/frequence-sille.org\/newsite\/wp-content\/uploads\/2016\/11\/IMG_3995-300x200.jpg\" alt=\"img_3995\" width=\"300\" height=\"200\" \/><\/p>\n","protected":false},"excerpt":{"rendered":"<p>Le 6 novembre 2016 des \u00e9l\u00e8ves de Seconde de la cit\u00e9 Scolaire Paul Scarron se sont rendus au d\u00e9part du Vend\u00e9e Globe pour y r\u00e9aliser diverses interviews, tel que des&hellip;<\/p>\n","protected":false},"author":1,"featured_media":0,"parent":3219,"menu_order":158,"comment_status":"closed","ping_status":"closed","template":"","meta":{"footnotes":""},"class_list":["post-1508","page","type-page","status-publish","hentry","no-post-thumbnail"],"yoast_head":"<!-- This site is optimized with the Yoast SEO plugin v27.3 - https:\/\/yoast.com\/product\/yoast-seo-wordpress\/ -->\n<title>Le d\u00e9part du Vend\u00e9e Globe - Fr\u00e9quence Sill\u00e9<\/title>\n<meta name=\"robots\" content=\"index, follow, max-snippet:-1, max-image-preview:large, max-video-preview:-1\" \/>\n<link rel=\"canonical\" href=\"https:\/\/frequence-sille.org\/newsite\/les-evenements\/archives\/le-depart-du-vendee-globe\/\" \/>\n<meta property=\"og:locale\" content=\"fr_FR\" \/>\n<meta property=\"og:type\" content=\"article\" \/>\n<meta property=\"og:title\" content=\"Le d\u00e9part du Vend\u00e9e Globe - Fr\u00e9quence Sill\u00e9\" \/>\n<meta property=\"og:description\" content=\"Le 6 novembre 2016 des \u00e9l\u00e8ves de Seconde de la cit\u00e9 Scolaire Paul Scarron se sont rendus au d\u00e9part du Vend\u00e9e Globe pour y r\u00e9aliser diverses interviews, tel que des&hellip;\" \/>\n<meta property=\"og:url\" content=\"https:\/\/frequence-sille.org\/newsite\/les-evenements\/archives\/le-depart-du-vendee-globe\/\" \/>\n<meta property=\"og:site_name\" content=\"Fr\u00e9quence Sill\u00e9\" \/>\n<meta property=\"article:publisher\" content=\"https:\/\/www.facebook.com\/frequencesille979fm\" \/>\n<meta property=\"article:modified_time\" content=\"2021-09-08T16:38:39+00:00\" \/>\n<meta property=\"og:image\" content=\"http:\/\/frequence-sille.org\/newsite\/wp-content\/uploads\/2016\/11\/IMG_4010-300x200.jpg\" \/>\n<meta name=\"twitter:card\" content=\"summary_large_image\" \/>\n<meta name=\"twitter:site\" content=\"@freqsille979\" \/>\n<meta name=\"twitter:label1\" content=\"Dur\u00e9e de lecture estim\u00e9e\" \/>\n\t<meta name=\"twitter:data1\" content=\"1 minute\" \/>\n<script type=\"application\/ld+json\" class=\"yoast-schema-graph\">{\"@context\":\"https:\\\/\\\/schema.org\",\"@graph\":[{\"@type\":\"WebPage\",\"@id\":\"https:\\\/\\\/frequence-sille.org\\\/newsite\\\/les-evenements\\\/archives\\\/le-depart-du-vendee-globe\\\/\",\"url\":\"https:\\\/\\\/frequence-sille.org\\\/newsite\\\/les-evenements\\\/archives\\\/le-depart-du-vendee-globe\\\/\",\"name\":\"Le d\u00e9part du Vend\u00e9e Globe - Fr\u00e9quence Sill\u00e9\",\"isPartOf\":{\"@id\":\"https:\\\/\\\/frequence-sille.org\\\/newsite\\\/#website\"},\"primaryImageOfPage\":{\"@id\":\"https:\\\/\\\/frequence-sille.org\\\/newsite\\\/les-evenements\\\/archives\\\/le-depart-du-vendee-globe\\\/#primaryimage\"},\"image\":{\"@id\":\"https:\\\/\\\/frequence-sille.org\\\/newsite\\\/les-evenements\\\/archives\\\/le-depart-du-vendee-globe\\\/#primaryimage\"},\"thumbnailUrl\":\"http:\\\/\\\/frequence-sille.org\\\/newsite\\\/wp-content\\\/uploads\\\/2016\\\/11\\\/IMG_4010-300x200.jpg\",\"datePublished\":\"2016-11-17T07:37:51+00:00\",\"dateModified\":\"2021-09-08T16:38:39+00:00\",\"breadcrumb\":{\"@id\":\"https:\\\/\\\/frequence-sille.org\\\/newsite\\\/les-evenements\\\/archives\\\/le-depart-du-vendee-globe\\\/#breadcrumb\"},\"inLanguage\":\"fr-FR\",\"potentialAction\":[{\"@type\":\"ReadAction\",\"target\":[\"https:\\\/\\\/frequence-sille.org\\\/newsite\\\/les-evenements\\\/archives\\\/le-depart-du-vendee-globe\\\/\"]}]},{\"@type\":\"ImageObject\",\"inLanguage\":\"fr-FR\",\"@id\":\"https:\\\/\\\/frequence-sille.org\\\/newsite\\\/les-evenements\\\/archives\\\/le-depart-du-vendee-globe\\\/#primaryimage\",\"url\":\"http:\\\/\\\/frequence-sille.org\\\/newsite\\\/wp-content\\\/uploads\\\/2016\\\/11\\\/IMG_4010-300x200.jpg\",\"contentUrl\":\"http:\\\/\\\/frequence-sille.org\\\/newsite\\\/wp-content\\\/uploads\\\/2016\\\/11\\\/IMG_4010-300x200.jpg\"},{\"@type\":\"BreadcrumbList\",\"@id\":\"https:\\\/\\\/frequence-sille.org\\\/newsite\\\/les-evenements\\\/archives\\\/le-depart-du-vendee-globe\\\/#breadcrumb\",\"itemListElement\":[{\"@type\":\"ListItem\",\"position\":1,\"name\":\"Accueil\",\"item\":\"https:\\\/\\\/frequence-sille.org\\\/newsite\\\/\"},{\"@type\":\"ListItem\",\"position\":2,\"name\":\"Les \u00e9v\u00e9nements\",\"item\":\"https:\\\/\\\/frequence-sille.org\\\/newsite\\\/les-evenements\\\/\"},{\"@type\":\"ListItem\",\"position\":3,\"name\":\"Archives 2016\",\"item\":\"https:\\\/\\\/frequence-sille.org\\\/newsite\\\/les-evenements\\\/archives\\\/\"},{\"@type\":\"ListItem\",\"position\":4,\"name\":\"Le d\u00e9part du Vend\u00e9e Globe\"}]},{\"@type\":\"WebSite\",\"@id\":\"https:\\\/\\\/frequence-sille.org\\\/newsite\\\/#website\",\"url\":\"https:\\\/\\\/frequence-sille.org\\\/newsite\\\/\",\"name\":\"Fr\u00e9quence Sill\u00e9\",\"description\":\"Bien plus qu&#039;une radio...votre radio !\",\"publisher\":{\"@id\":\"https:\\\/\\\/frequence-sille.org\\\/newsite\\\/#organization\"},\"potentialAction\":[{\"@type\":\"SearchAction\",\"target\":{\"@type\":\"EntryPoint\",\"urlTemplate\":\"https:\\\/\\\/frequence-sille.org\\\/newsite\\\/?s={search_term_string}\"},\"query-input\":{\"@type\":\"PropertyValueSpecification\",\"valueRequired\":true,\"valueName\":\"search_term_string\"}}],\"inLanguage\":\"fr-FR\"},{\"@type\":\"Organization\",\"@id\":\"https:\\\/\\\/frequence-sille.org\\\/newsite\\\/#organization\",\"name\":\"Fr\u00e9quence Sill\u00e9\",\"url\":\"https:\\\/\\\/frequence-sille.org\\\/newsite\\\/\",\"logo\":{\"@type\":\"ImageObject\",\"inLanguage\":\"fr-FR\",\"@id\":\"https:\\\/\\\/frequence-sille.org\\\/newsite\\\/#\\\/schema\\\/logo\\\/image\\\/\",\"url\":\"https:\\\/\\\/frequence-sille.org\\\/newsite\\\/wp-content\\\/uploads\\\/2023\\\/07\\\/LOGO_979_NOIR.png\",\"contentUrl\":\"https:\\\/\\\/frequence-sille.org\\\/newsite\\\/wp-content\\\/uploads\\\/2023\\\/07\\\/LOGO_979_NOIR.png\",\"width\":7680,\"height\":4320,\"caption\":\"Fr\u00e9quence Sill\u00e9\"},\"image\":{\"@id\":\"https:\\\/\\\/frequence-sille.org\\\/newsite\\\/#\\\/schema\\\/logo\\\/image\\\/\"},\"sameAs\":[\"https:\\\/\\\/www.facebook.com\\\/frequencesille979fm\",\"https:\\\/\\\/x.com\\\/freqsille979\",\"https:\\\/\\\/www.instagram.com\\\/frequencesille\\\/\"]}]}<\/script>\n<!-- \/ Yoast SEO plugin. -->","yoast_head_json":{"title":"Le d\u00e9part du Vend\u00e9e Globe - Fr\u00e9quence Sill\u00e9","robots":{"index":"index","follow":"follow","max-snippet":"max-snippet:-1","max-image-preview":"max-image-preview:large","max-video-preview":"max-video-preview:-1"},"canonical":"https:\/\/frequence-sille.org\/newsite\/les-evenements\/archives\/le-depart-du-vendee-globe\/","og_locale":"fr_FR","og_type":"article","og_title":"Le d\u00e9part du Vend\u00e9e Globe - Fr\u00e9quence Sill\u00e9","og_description":"Le 6 novembre 2016 des \u00e9l\u00e8ves de Seconde de la cit\u00e9 Scolaire Paul Scarron se sont rendus au d\u00e9part du Vend\u00e9e Globe pour y r\u00e9aliser diverses interviews, tel que des&hellip;","og_url":"https:\/\/frequence-sille.org\/newsite\/les-evenements\/archives\/le-depart-du-vendee-globe\/","og_site_name":"Fr\u00e9quence Sill\u00e9","article_publisher":"https:\/\/www.facebook.com\/frequencesille979fm","article_modified_time":"2021-09-08T16:38:39+00:00","og_image":[{"url":"http:\/\/frequence-sille.org\/newsite\/wp-content\/uploads\/2016\/11\/IMG_4010-300x200.jpg","type":"","width":"","height":""}],"twitter_card":"summary_large_image","twitter_site":"@freqsille979","twitter_misc":{"Dur\u00e9e de lecture estim\u00e9e":"1 minute"},"schema":{"@context":"https:\/\/schema.org","@graph":[{"@type":"WebPage","@id":"https:\/\/frequence-sille.org\/newsite\/les-evenements\/archives\/le-depart-du-vendee-globe\/","url":"https:\/\/frequence-sille.org\/newsite\/les-evenements\/archives\/le-depart-du-vendee-globe\/","name":"Le d\u00e9part du Vend\u00e9e Globe - Fr\u00e9quence Sill\u00e9","isPartOf":{"@id":"https:\/\/frequence-sille.org\/newsite\/#website"},"primaryImageOfPage":{"@id":"https:\/\/frequence-sille.org\/newsite\/les-evenements\/archives\/le-depart-du-vendee-globe\/#primaryimage"},"image":{"@id":"https:\/\/frequence-sille.org\/newsite\/les-evenements\/archives\/le-depart-du-vendee-globe\/#primaryimage"},"thumbnailUrl":"http:\/\/frequence-sille.org\/newsite\/wp-content\/uploads\/2016\/11\/IMG_4010-300x200.jpg","datePublished":"2016-11-17T07:37:51+00:00","dateModified":"2021-09-08T16:38:39+00:00","breadcrumb":{"@id":"https:\/\/frequence-sille.org\/newsite\/les-evenements\/archives\/le-depart-du-vendee-globe\/#breadcrumb"},"inLanguage":"fr-FR","potentialAction":[{"@type":"ReadAction","target":["https:\/\/frequence-sille.org\/newsite\/les-evenements\/archives\/le-depart-du-vendee-globe\/"]}]},{"@type":"ImageObject","inLanguage":"fr-FR","@id":"https:\/\/frequence-sille.org\/newsite\/les-evenements\/archives\/le-depart-du-vendee-globe\/#primaryimage","url":"http:\/\/frequence-sille.org\/newsite\/wp-content\/uploads\/2016\/11\/IMG_4010-300x200.jpg","contentUrl":"http:\/\/frequence-sille.org\/newsite\/wp-content\/uploads\/2016\/11\/IMG_4010-300x200.jpg"},{"@type":"BreadcrumbList","@id":"https:\/\/frequence-sille.org\/newsite\/les-evenements\/archives\/le-depart-du-vendee-globe\/#breadcrumb","itemListElement":[{"@type":"ListItem","position":1,"name":"Accueil","item":"https:\/\/frequence-sille.org\/newsite\/"},{"@type":"ListItem","position":2,"name":"Les \u00e9v\u00e9nements","item":"https:\/\/frequence-sille.org\/newsite\/les-evenements\/"},{"@type":"ListItem","position":3,"name":"Archives 2016","item":"https:\/\/frequence-sille.org\/newsite\/les-evenements\/archives\/"},{"@type":"ListItem","position":4,"name":"Le d\u00e9part du Vend\u00e9e Globe"}]},{"@type":"WebSite","@id":"https:\/\/frequence-sille.org\/newsite\/#website","url":"https:\/\/frequence-sille.org\/newsite\/","name":"Fr\u00e9quence Sill\u00e9","description":"Bien plus qu&#039;une radio...votre radio !","publisher":{"@id":"https:\/\/frequence-sille.org\/newsite\/#organization"},"potentialAction":[{"@type":"SearchAction","target":{"@type":"EntryPoint","urlTemplate":"https:\/\/frequence-sille.org\/newsite\/?s={search_term_string}"},"query-input":{"@type":"PropertyValueSpecification","valueRequired":true,"valueName":"search_term_string"}}],"inLanguage":"fr-FR"},{"@type":"Organization","@id":"https:\/\/frequence-sille.org\/newsite\/#organization","name":"Fr\u00e9quence Sill\u00e9","url":"https:\/\/frequence-sille.org\/newsite\/","logo":{"@type":"ImageObject","inLanguage":"fr-FR","@id":"https:\/\/frequence-sille.org\/newsite\/#\/schema\/logo\/image\/","url":"https:\/\/frequence-sille.org\/newsite\/wp-content\/uploads\/2023\/07\/LOGO_979_NOIR.png","contentUrl":"https:\/\/frequence-sille.org\/newsite\/wp-content\/uploads\/2023\/07\/LOGO_979_NOIR.png","width":7680,"height":4320,"caption":"Fr\u00e9quence Sill\u00e9"},"image":{"@id":"https:\/\/frequence-sille.org\/newsite\/#\/schema\/logo\/image\/"},"sameAs":["https:\/\/www.facebook.com\/frequencesille979fm","https:\/\/x.com\/freqsille979","https:\/\/www.instagram.com\/frequencesille\/"]}]}},"_links":{"self":[{"href":"https:\/\/frequence-sille.org\/newsite\/wp-json\/wp\/v2\/pages\/1508","targetHints":{"allow":["GET"]}}],"collection":[{"href":"https:\/\/frequence-sille.org\/newsite\/wp-json\/wp\/v2\/pages"}],"about":[{"href":"https:\/\/frequence-sille.org\/newsite\/wp-json\/wp\/v2\/types\/page"}],"author":[{"embeddable":true,"href":"https:\/\/frequence-sille.org\/newsite\/wp-json\/wp\/v2\/users\/1"}],"replies":[{"embeddable":true,"href":"https:\/\/frequence-sille.org\/newsite\/wp-json\/wp\/v2\/comments?post=1508"}],"version-history":[{"count":4,"href":"https:\/\/frequence-sille.org\/newsite\/wp-json\/wp\/v2\/pages\/1508\/revisions"}],"predecessor-version":[{"id":2577,"href":"https:\/\/frequence-sille.org\/newsite\/wp-json\/wp\/v2\/pages\/1508\/revisions\/2577"}],"up":[{"embeddable":true,"href":"https:\/\/frequence-sille.org\/newsite\/wp-json\/wp\/v2\/pages\/3219"}],"wp:attachment":[{"href":"https:\/\/frequence-sille.org\/newsite\/wp-json\/wp\/v2\/media?parent=1508"}],"curies":[{"name":"wp","href":"https:\/\/api.w.org\/{rel}","templated":true}]}}