{"id":1514,"date":"2016-11-17T08:38:55","date_gmt":"2016-11-17T07:38:55","guid":{"rendered":"http:\/\/frequence-sille.org\/newsite\/?page_id=1514"},"modified":"2022-11-22T09:26:19","modified_gmt":"2022-11-22T08:26:19","slug":"lhebdo-des-lyceens","status":"publish","type":"page","link":"https:\/\/frequence-sille.org\/newsite\/jeunesse\/lyceens-a-lantenne\/lhebdo-des-lyceens\/","title":{"rendered":"Au pied du monde"},"content":{"rendered":"\n<p>Au pied du monde\u00a0: L&rsquo;actualit\u00e9 nationale et internationale trait\u00e9e, d\u00e9battue et comment\u00e9e par les Terminales L de la Cit\u00e9 Scolaire Paul Scarron.<\/p>\n\n\n\n<p><iframe loading=\"lazy\" id=\"hearthis_at_user_\" src=\"https:\/\/hearthis.at\/set\/59575-8445500\/embed\/?hcolor=08cf7f&amp;autoplay=0&amp;css=\" scrolling=\"no\" width=\"100%\" height=\"550\" frameborder=\"0\"><\/iframe><\/p>\n","protected":false},"excerpt":{"rendered":"<p>Au pied du monde\u00a0: L&rsquo;actualit\u00e9 nationale et internationale trait\u00e9e, d\u00e9battue et comment\u00e9e par les Terminales L de la Cit\u00e9 Scolaire Paul Scarron.<\/p>\n","protected":false},"author":1,"featured_media":0,"parent":2016,"menu_order":86,"comment_status":"closed","ping_status":"closed","template":"","meta":{"footnotes":""},"class_list":["post-1514","page","type-page","status-publish","hentry","no-post-thumbnail"],"yoast_head":"<!-- This site is optimized with the Yoast SEO plugin v27.3 - https:\/\/yoast.com\/product\/yoast-seo-wordpress\/ -->\n<title>Au pied du monde - Fr\u00e9quence Sill\u00e9<\/title>\n<meta name=\"robots\" content=\"index, follow, max-snippet:-1, max-image-preview:large, max-video-preview:-1\" \/>\n<link rel=\"canonical\" href=\"https:\/\/frequence-sille.org\/newsite\/jeunesse\/lyceens-a-lantenne\/lhebdo-des-lyceens\/\" \/>\n<meta property=\"og:locale\" content=\"fr_FR\" \/>\n<meta property=\"og:type\" content=\"article\" \/>\n<meta property=\"og:title\" content=\"Au pied du monde - Fr\u00e9quence Sill\u00e9\" \/>\n<meta property=\"og:description\" content=\"Au pied du monde\u00a0: L&rsquo;actualit\u00e9 nationale et internationale trait\u00e9e, d\u00e9battue et comment\u00e9e par les Terminales L de la Cit\u00e9 Scolaire Paul Scarron.\" \/>\n<meta property=\"og:url\" content=\"https:\/\/frequence-sille.org\/newsite\/jeunesse\/lyceens-a-lantenne\/lhebdo-des-lyceens\/\" \/>\n<meta property=\"og:site_name\" content=\"Fr\u00e9quence Sill\u00e9\" \/>\n<meta property=\"article:publisher\" content=\"https:\/\/www.facebook.com\/frequencesille979fm\" \/>\n<meta property=\"article:modified_time\" content=\"2022-11-22T08:26:19+00:00\" \/>\n<meta name=\"twitter:card\" content=\"summary_large_image\" \/>\n<meta name=\"twitter:site\" content=\"@freqsille979\" \/>\n<script type=\"application\/ld+json\" class=\"yoast-schema-graph\">{\"@context\":\"https:\\\/\\\/schema.org\",\"@graph\":[{\"@type\":\"WebPage\",\"@id\":\"https:\\\/\\\/frequence-sille.org\\\/newsite\\\/jeunesse\\\/lyceens-a-lantenne\\\/lhebdo-des-lyceens\\\/\",\"url\":\"https:\\\/\\\/frequence-sille.org\\\/newsite\\\/jeunesse\\\/lyceens-a-lantenne\\\/lhebdo-des-lyceens\\\/\",\"name\":\"Au pied du monde - Fr\u00e9quence Sill\u00e9\",\"isPartOf\":{\"@id\":\"https:\\\/\\\/frequence-sille.org\\\/newsite\\\/#website\"},\"datePublished\":\"2016-11-17T07:38:55+00:00\",\"dateModified\":\"2022-11-22T08:26:19+00:00\",\"breadcrumb\":{\"@id\":\"https:\\\/\\\/frequence-sille.org\\\/newsite\\\/jeunesse\\\/lyceens-a-lantenne\\\/lhebdo-des-lyceens\\\/#breadcrumb\"},\"inLanguage\":\"fr-FR\",\"potentialAction\":[{\"@type\":\"ReadAction\",\"target\":[\"https:\\\/\\\/frequence-sille.org\\\/newsite\\\/jeunesse\\\/lyceens-a-lantenne\\\/lhebdo-des-lyceens\\\/\"]}]},{\"@type\":\"BreadcrumbList\",\"@id\":\"https:\\\/\\\/frequence-sille.org\\\/newsite\\\/jeunesse\\\/lyceens-a-lantenne\\\/lhebdo-des-lyceens\\\/#breadcrumb\",\"itemListElement\":[{\"@type\":\"ListItem\",\"position\":1,\"name\":\"Accueil\",\"item\":\"https:\\\/\\\/frequence-sille.org\\\/newsite\\\/\"},{\"@type\":\"ListItem\",\"position\":2,\"name\":\"Jeunesse\",\"item\":\"https:\\\/\\\/frequence-sille.org\\\/newsite\\\/jeunesse\\\/\"},{\"@type\":\"ListItem\",\"position\":3,\"name\":\"Lyc\u00e9ens \u00e0 l&rsquo;antenne\",\"item\":\"https:\\\/\\\/frequence-sille.org\\\/newsite\\\/jeunesse\\\/lyceens-a-lantenne\\\/\"},{\"@type\":\"ListItem\",\"position\":4,\"name\":\"Au pied du monde\"}]},{\"@type\":\"WebSite\",\"@id\":\"https:\\\/\\\/frequence-sille.org\\\/newsite\\\/#website\",\"url\":\"https:\\\/\\\/frequence-sille.org\\\/newsite\\\/\",\"name\":\"Fr\u00e9quence Sill\u00e9\",\"description\":\"Bien plus qu&#039;une radio...votre radio !\",\"publisher\":{\"@id\":\"https:\\\/\\\/frequence-sille.org\\\/newsite\\\/#organization\"},\"potentialAction\":[{\"@type\":\"SearchAction\",\"target\":{\"@type\":\"EntryPoint\",\"urlTemplate\":\"https:\\\/\\\/frequence-sille.org\\\/newsite\\\/?s={search_term_string}\"},\"query-input\":{\"@type\":\"PropertyValueSpecification\",\"valueRequired\":true,\"valueName\":\"search_term_string\"}}],\"inLanguage\":\"fr-FR\"},{\"@type\":\"Organization\",\"@id\":\"https:\\\/\\\/frequence-sille.org\\\/newsite\\\/#organization\",\"name\":\"Fr\u00e9quence Sill\u00e9\",\"url\":\"https:\\\/\\\/frequence-sille.org\\\/newsite\\\/\",\"logo\":{\"@type\":\"ImageObject\",\"inLanguage\":\"fr-FR\",\"@id\":\"https:\\\/\\\/frequence-sille.org\\\/newsite\\\/#\\\/schema\\\/logo\\\/image\\\/\",\"url\":\"https:\\\/\\\/frequence-sille.org\\\/newsite\\\/wp-content\\\/uploads\\\/2023\\\/07\\\/LOGO_979_NOIR.png\",\"contentUrl\":\"https:\\\/\\\/frequence-sille.org\\\/newsite\\\/wp-content\\\/uploads\\\/2023\\\/07\\\/LOGO_979_NOIR.png\",\"width\":7680,\"height\":4320,\"caption\":\"Fr\u00e9quence Sill\u00e9\"},\"image\":{\"@id\":\"https:\\\/\\\/frequence-sille.org\\\/newsite\\\/#\\\/schema\\\/logo\\\/image\\\/\"},\"sameAs\":[\"https:\\\/\\\/www.facebook.com\\\/frequencesille979fm\",\"https:\\\/\\\/x.com\\\/freqsille979\",\"https:\\\/\\\/www.instagram.com\\\/frequencesille\\\/\"]}]}<\/script>\n<!-- \/ Yoast SEO plugin. -->","yoast_head_json":{"title":"Au pied du monde - Fr\u00e9quence Sill\u00e9","robots":{"index":"index","follow":"follow","max-snippet":"max-snippet:-1","max-image-preview":"max-image-preview:large","max-video-preview":"max-video-preview:-1"},"canonical":"https:\/\/frequence-sille.org\/newsite\/jeunesse\/lyceens-a-lantenne\/lhebdo-des-lyceens\/","og_locale":"fr_FR","og_type":"article","og_title":"Au pied du monde - Fr\u00e9quence Sill\u00e9","og_description":"Au pied du monde\u00a0: L&rsquo;actualit\u00e9 nationale et internationale trait\u00e9e, d\u00e9battue et comment\u00e9e par les Terminales L de la Cit\u00e9 Scolaire Paul Scarron.","og_url":"https:\/\/frequence-sille.org\/newsite\/jeunesse\/lyceens-a-lantenne\/lhebdo-des-lyceens\/","og_site_name":"Fr\u00e9quence Sill\u00e9","article_publisher":"https:\/\/www.facebook.com\/frequencesille979fm","article_modified_time":"2022-11-22T08:26:19+00:00","twitter_card":"summary_large_image","twitter_site":"@freqsille979","schema":{"@context":"https:\/\/schema.org","@graph":[{"@type":"WebPage","@id":"https:\/\/frequence-sille.org\/newsite\/jeunesse\/lyceens-a-lantenne\/lhebdo-des-lyceens\/","url":"https:\/\/frequence-sille.org\/newsite\/jeunesse\/lyceens-a-lantenne\/lhebdo-des-lyceens\/","name":"Au pied du monde - Fr\u00e9quence Sill\u00e9","isPartOf":{"@id":"https:\/\/frequence-sille.org\/newsite\/#website"},"datePublished":"2016-11-17T07:38:55+00:00","dateModified":"2022-11-22T08:26:19+00:00","breadcrumb":{"@id":"https:\/\/frequence-sille.org\/newsite\/jeunesse\/lyceens-a-lantenne\/lhebdo-des-lyceens\/#breadcrumb"},"inLanguage":"fr-FR","potentialAction":[{"@type":"ReadAction","target":["https:\/\/frequence-sille.org\/newsite\/jeunesse\/lyceens-a-lantenne\/lhebdo-des-lyceens\/"]}]},{"@type":"BreadcrumbList","@id":"https:\/\/frequence-sille.org\/newsite\/jeunesse\/lyceens-a-lantenne\/lhebdo-des-lyceens\/#breadcrumb","itemListElement":[{"@type":"ListItem","position":1,"name":"Accueil","item":"https:\/\/frequence-sille.org\/newsite\/"},{"@type":"ListItem","position":2,"name":"Jeunesse","item":"https:\/\/frequence-sille.org\/newsite\/jeunesse\/"},{"@type":"ListItem","position":3,"name":"Lyc\u00e9ens \u00e0 l&rsquo;antenne","item":"https:\/\/frequence-sille.org\/newsite\/jeunesse\/lyceens-a-lantenne\/"},{"@type":"ListItem","position":4,"name":"Au pied du monde"}]},{"@type":"WebSite","@id":"https:\/\/frequence-sille.org\/newsite\/#website","url":"https:\/\/frequence-sille.org\/newsite\/","name":"Fr\u00e9quence Sill\u00e9","description":"Bien plus qu&#039;une radio...votre radio !","publisher":{"@id":"https:\/\/frequence-sille.org\/newsite\/#organization"},"potentialAction":[{"@type":"SearchAction","target":{"@type":"EntryPoint","urlTemplate":"https:\/\/frequence-sille.org\/newsite\/?s={search_term_string}"},"query-input":{"@type":"PropertyValueSpecification","valueRequired":true,"valueName":"search_term_string"}}],"inLanguage":"fr-FR"},{"@type":"Organization","@id":"https:\/\/frequence-sille.org\/newsite\/#organization","name":"Fr\u00e9quence Sill\u00e9","url":"https:\/\/frequence-sille.org\/newsite\/","logo":{"@type":"ImageObject","inLanguage":"fr-FR","@id":"https:\/\/frequence-sille.org\/newsite\/#\/schema\/logo\/image\/","url":"https:\/\/frequence-sille.org\/newsite\/wp-content\/uploads\/2023\/07\/LOGO_979_NOIR.png","contentUrl":"https:\/\/frequence-sille.org\/newsite\/wp-content\/uploads\/2023\/07\/LOGO_979_NOIR.png","width":7680,"height":4320,"caption":"Fr\u00e9quence Sill\u00e9"},"image":{"@id":"https:\/\/frequence-sille.org\/newsite\/#\/schema\/logo\/image\/"},"sameAs":["https:\/\/www.facebook.com\/frequencesille979fm","https:\/\/x.com\/freqsille979","https:\/\/www.instagram.com\/frequencesille\/"]}]}},"_links":{"self":[{"href":"https:\/\/frequence-sille.org\/newsite\/wp-json\/wp\/v2\/pages\/1514","targetHints":{"allow":["GET"]}}],"collection":[{"href":"https:\/\/frequence-sille.org\/newsite\/wp-json\/wp\/v2\/pages"}],"about":[{"href":"https:\/\/frequence-sille.org\/newsite\/wp-json\/wp\/v2\/types\/page"}],"author":[{"embeddable":true,"href":"https:\/\/frequence-sille.org\/newsite\/wp-json\/wp\/v2\/users\/1"}],"replies":[{"embeddable":true,"href":"https:\/\/frequence-sille.org\/newsite\/wp-json\/wp\/v2\/comments?post=1514"}],"version-history":[{"count":14,"href":"https:\/\/frequence-sille.org\/newsite\/wp-json\/wp\/v2\/pages\/1514\/revisions"}],"predecessor-version":[{"id":10066,"href":"https:\/\/frequence-sille.org\/newsite\/wp-json\/wp\/v2\/pages\/1514\/revisions\/10066"}],"up":[{"embeddable":true,"href":"https:\/\/frequence-sille.org\/newsite\/wp-json\/wp\/v2\/pages\/2016"}],"wp:attachment":[{"href":"https:\/\/frequence-sille.org\/newsite\/wp-json\/wp\/v2\/media?parent=1514"}],"curies":[{"name":"wp","href":"https:\/\/api.w.org\/{rel}","templated":true}]}}