{"id":1516,"date":"2016-11-17T08:39:14","date_gmt":"2016-11-17T07:39:14","guid":{"rendered":"http:\/\/frequence-sille.org\/newsite\/?page_id=1516"},"modified":"2022-11-23T09:49:11","modified_gmt":"2022-11-23T08:49:11","slug":"loboratoire","status":"publish","type":"page","link":"https:\/\/frequence-sille.org\/newsite\/jeunesse\/archives-jeunesse\/loboratoire\/","title":{"rendered":"Lob&rsquo;Oratoire"},"content":{"rendered":"\n<p>Tout se passe dans l&rsquo;entre-deux du cube rouge d&rsquo;Evelyne Poincheval, le principe est de construire avec les \u00e9l\u00e8ves des \u0153uvres \u00e9crites autour d&rsquo;un th\u00e8me qu&rsquo;il mettront ensuite en voix pour en faire diverses pi\u00e8ces sonores.<\/p>\n\n\n\n<iframe loading=\"lazy\" scrolling=\"no\" id=\"hearthis_at_user_293676-8445500\" src=\"https:\/\/hearthis.at\/set\/293676-8445500\/embed\/\" allowtransparency=\"\" allow=\"autoplay\" width=\"100%\" height=\"350\" frameborder=\"0\"><\/iframe>\n\n\n\n<p><em>Retrouvez le Lob&rsquo;Oratoire des lyc\u00e9ens et des coll\u00e9giens de la cit\u00e9 Scolaire Paul Scarron tout les mercredis \u00e0 partir de 10h et en rediffusion les dimanches \u00e0 partir de 9h30 sur Frequence Sill\u00e9 97.9<\/em><\/p>\n","protected":false},"excerpt":{"rendered":"<p>Tout se passe dans l&rsquo;entre-deux du cube rouge d&rsquo;Evelyne Poincheval, le principe est de construire avec les \u00e9l\u00e8ves des \u0153uvres \u00e9crites autour d&rsquo;un th\u00e8me qu&rsquo;il mettront ensuite en voix pour&hellip;<\/p>\n","protected":false},"author":1,"featured_media":0,"parent":3391,"menu_order":118,"comment_status":"closed","ping_status":"closed","template":"","meta":{"footnotes":""},"class_list":["post-1516","page","type-page","status-publish","hentry","no-post-thumbnail"],"yoast_head":"<!-- This site is optimized with the Yoast SEO plugin v27.3 - https:\/\/yoast.com\/product\/yoast-seo-wordpress\/ -->\n<title>Lob&#039;Oratoire - Fr\u00e9quence Sill\u00e9<\/title>\n<meta name=\"robots\" content=\"index, follow, max-snippet:-1, max-image-preview:large, max-video-preview:-1\" \/>\n<link rel=\"canonical\" href=\"https:\/\/frequence-sille.org\/newsite\/jeunesse\/archives-jeunesse\/loboratoire\/\" \/>\n<meta property=\"og:locale\" content=\"fr_FR\" \/>\n<meta property=\"og:type\" content=\"article\" \/>\n<meta property=\"og:title\" content=\"Lob&#039;Oratoire - Fr\u00e9quence Sill\u00e9\" \/>\n<meta property=\"og:description\" content=\"Tout se passe dans l&rsquo;entre-deux du cube rouge d&rsquo;Evelyne Poincheval, le principe est de construire avec les \u00e9l\u00e8ves des \u0153uvres \u00e9crites autour d&rsquo;un th\u00e8me qu&rsquo;il mettront ensuite en voix pour&hellip;\" \/>\n<meta property=\"og:url\" content=\"https:\/\/frequence-sille.org\/newsite\/jeunesse\/archives-jeunesse\/loboratoire\/\" \/>\n<meta property=\"og:site_name\" content=\"Fr\u00e9quence Sill\u00e9\" \/>\n<meta property=\"article:publisher\" content=\"https:\/\/www.facebook.com\/frequencesille979fm\" \/>\n<meta property=\"article:modified_time\" content=\"2022-11-23T08:49:11+00:00\" \/>\n<meta name=\"twitter:card\" content=\"summary_large_image\" \/>\n<meta name=\"twitter:site\" content=\"@freqsille979\" \/>\n<script type=\"application\/ld+json\" class=\"yoast-schema-graph\">{\"@context\":\"https:\\\/\\\/schema.org\",\"@graph\":[{\"@type\":\"WebPage\",\"@id\":\"https:\\\/\\\/frequence-sille.org\\\/newsite\\\/jeunesse\\\/archives-jeunesse\\\/loboratoire\\\/\",\"url\":\"https:\\\/\\\/frequence-sille.org\\\/newsite\\\/jeunesse\\\/archives-jeunesse\\\/loboratoire\\\/\",\"name\":\"Lob'Oratoire - Fr\u00e9quence Sill\u00e9\",\"isPartOf\":{\"@id\":\"https:\\\/\\\/frequence-sille.org\\\/newsite\\\/#website\"},\"datePublished\":\"2016-11-17T07:39:14+00:00\",\"dateModified\":\"2022-11-23T08:49:11+00:00\",\"breadcrumb\":{\"@id\":\"https:\\\/\\\/frequence-sille.org\\\/newsite\\\/jeunesse\\\/archives-jeunesse\\\/loboratoire\\\/#breadcrumb\"},\"inLanguage\":\"fr-FR\",\"potentialAction\":[{\"@type\":\"ReadAction\",\"target\":[\"https:\\\/\\\/frequence-sille.org\\\/newsite\\\/jeunesse\\\/archives-jeunesse\\\/loboratoire\\\/\"]}]},{\"@type\":\"BreadcrumbList\",\"@id\":\"https:\\\/\\\/frequence-sille.org\\\/newsite\\\/jeunesse\\\/archives-jeunesse\\\/loboratoire\\\/#breadcrumb\",\"itemListElement\":[{\"@type\":\"ListItem\",\"position\":1,\"name\":\"Accueil\",\"item\":\"https:\\\/\\\/frequence-sille.org\\\/newsite\\\/\"},{\"@type\":\"ListItem\",\"position\":2,\"name\":\"Jeunesse\",\"item\":\"https:\\\/\\\/frequence-sille.org\\\/newsite\\\/jeunesse\\\/\"},{\"@type\":\"ListItem\",\"position\":3,\"name\":\"Archives jeunesse\",\"item\":\"https:\\\/\\\/frequence-sille.org\\\/newsite\\\/jeunesse\\\/archives-jeunesse\\\/\"},{\"@type\":\"ListItem\",\"position\":4,\"name\":\"Lob&#8217;Oratoire\"}]},{\"@type\":\"WebSite\",\"@id\":\"https:\\\/\\\/frequence-sille.org\\\/newsite\\\/#website\",\"url\":\"https:\\\/\\\/frequence-sille.org\\\/newsite\\\/\",\"name\":\"Fr\u00e9quence Sill\u00e9\",\"description\":\"Bien plus qu&#039;une radio...votre radio !\",\"publisher\":{\"@id\":\"https:\\\/\\\/frequence-sille.org\\\/newsite\\\/#organization\"},\"potentialAction\":[{\"@type\":\"SearchAction\",\"target\":{\"@type\":\"EntryPoint\",\"urlTemplate\":\"https:\\\/\\\/frequence-sille.org\\\/newsite\\\/?s={search_term_string}\"},\"query-input\":{\"@type\":\"PropertyValueSpecification\",\"valueRequired\":true,\"valueName\":\"search_term_string\"}}],\"inLanguage\":\"fr-FR\"},{\"@type\":\"Organization\",\"@id\":\"https:\\\/\\\/frequence-sille.org\\\/newsite\\\/#organization\",\"name\":\"Fr\u00e9quence Sill\u00e9\",\"url\":\"https:\\\/\\\/frequence-sille.org\\\/newsite\\\/\",\"logo\":{\"@type\":\"ImageObject\",\"inLanguage\":\"fr-FR\",\"@id\":\"https:\\\/\\\/frequence-sille.org\\\/newsite\\\/#\\\/schema\\\/logo\\\/image\\\/\",\"url\":\"https:\\\/\\\/frequence-sille.org\\\/newsite\\\/wp-content\\\/uploads\\\/2023\\\/07\\\/LOGO_979_NOIR.png\",\"contentUrl\":\"https:\\\/\\\/frequence-sille.org\\\/newsite\\\/wp-content\\\/uploads\\\/2023\\\/07\\\/LOGO_979_NOIR.png\",\"width\":7680,\"height\":4320,\"caption\":\"Fr\u00e9quence Sill\u00e9\"},\"image\":{\"@id\":\"https:\\\/\\\/frequence-sille.org\\\/newsite\\\/#\\\/schema\\\/logo\\\/image\\\/\"},\"sameAs\":[\"https:\\\/\\\/www.facebook.com\\\/frequencesille979fm\",\"https:\\\/\\\/x.com\\\/freqsille979\",\"https:\\\/\\\/www.instagram.com\\\/frequencesille\\\/\"]}]}<\/script>\n<!-- \/ Yoast SEO plugin. -->","yoast_head_json":{"title":"Lob'Oratoire - Fr\u00e9quence Sill\u00e9","robots":{"index":"index","follow":"follow","max-snippet":"max-snippet:-1","max-image-preview":"max-image-preview:large","max-video-preview":"max-video-preview:-1"},"canonical":"https:\/\/frequence-sille.org\/newsite\/jeunesse\/archives-jeunesse\/loboratoire\/","og_locale":"fr_FR","og_type":"article","og_title":"Lob'Oratoire - Fr\u00e9quence Sill\u00e9","og_description":"Tout se passe dans l&rsquo;entre-deux du cube rouge d&rsquo;Evelyne Poincheval, le principe est de construire avec les \u00e9l\u00e8ves des \u0153uvres \u00e9crites autour d&rsquo;un th\u00e8me qu&rsquo;il mettront ensuite en voix pour&hellip;","og_url":"https:\/\/frequence-sille.org\/newsite\/jeunesse\/archives-jeunesse\/loboratoire\/","og_site_name":"Fr\u00e9quence Sill\u00e9","article_publisher":"https:\/\/www.facebook.com\/frequencesille979fm","article_modified_time":"2022-11-23T08:49:11+00:00","twitter_card":"summary_large_image","twitter_site":"@freqsille979","schema":{"@context":"https:\/\/schema.org","@graph":[{"@type":"WebPage","@id":"https:\/\/frequence-sille.org\/newsite\/jeunesse\/archives-jeunesse\/loboratoire\/","url":"https:\/\/frequence-sille.org\/newsite\/jeunesse\/archives-jeunesse\/loboratoire\/","name":"Lob'Oratoire - Fr\u00e9quence Sill\u00e9","isPartOf":{"@id":"https:\/\/frequence-sille.org\/newsite\/#website"},"datePublished":"2016-11-17T07:39:14+00:00","dateModified":"2022-11-23T08:49:11+00:00","breadcrumb":{"@id":"https:\/\/frequence-sille.org\/newsite\/jeunesse\/archives-jeunesse\/loboratoire\/#breadcrumb"},"inLanguage":"fr-FR","potentialAction":[{"@type":"ReadAction","target":["https:\/\/frequence-sille.org\/newsite\/jeunesse\/archives-jeunesse\/loboratoire\/"]}]},{"@type":"BreadcrumbList","@id":"https:\/\/frequence-sille.org\/newsite\/jeunesse\/archives-jeunesse\/loboratoire\/#breadcrumb","itemListElement":[{"@type":"ListItem","position":1,"name":"Accueil","item":"https:\/\/frequence-sille.org\/newsite\/"},{"@type":"ListItem","position":2,"name":"Jeunesse","item":"https:\/\/frequence-sille.org\/newsite\/jeunesse\/"},{"@type":"ListItem","position":3,"name":"Archives jeunesse","item":"https:\/\/frequence-sille.org\/newsite\/jeunesse\/archives-jeunesse\/"},{"@type":"ListItem","position":4,"name":"Lob&#8217;Oratoire"}]},{"@type":"WebSite","@id":"https:\/\/frequence-sille.org\/newsite\/#website","url":"https:\/\/frequence-sille.org\/newsite\/","name":"Fr\u00e9quence Sill\u00e9","description":"Bien plus qu&#039;une radio...votre radio !","publisher":{"@id":"https:\/\/frequence-sille.org\/newsite\/#organization"},"potentialAction":[{"@type":"SearchAction","target":{"@type":"EntryPoint","urlTemplate":"https:\/\/frequence-sille.org\/newsite\/?s={search_term_string}"},"query-input":{"@type":"PropertyValueSpecification","valueRequired":true,"valueName":"search_term_string"}}],"inLanguage":"fr-FR"},{"@type":"Organization","@id":"https:\/\/frequence-sille.org\/newsite\/#organization","name":"Fr\u00e9quence Sill\u00e9","url":"https:\/\/frequence-sille.org\/newsite\/","logo":{"@type":"ImageObject","inLanguage":"fr-FR","@id":"https:\/\/frequence-sille.org\/newsite\/#\/schema\/logo\/image\/","url":"https:\/\/frequence-sille.org\/newsite\/wp-content\/uploads\/2023\/07\/LOGO_979_NOIR.png","contentUrl":"https:\/\/frequence-sille.org\/newsite\/wp-content\/uploads\/2023\/07\/LOGO_979_NOIR.png","width":7680,"height":4320,"caption":"Fr\u00e9quence Sill\u00e9"},"image":{"@id":"https:\/\/frequence-sille.org\/newsite\/#\/schema\/logo\/image\/"},"sameAs":["https:\/\/www.facebook.com\/frequencesille979fm","https:\/\/x.com\/freqsille979","https:\/\/www.instagram.com\/frequencesille\/"]}]}},"_links":{"self":[{"href":"https:\/\/frequence-sille.org\/newsite\/wp-json\/wp\/v2\/pages\/1516","targetHints":{"allow":["GET"]}}],"collection":[{"href":"https:\/\/frequence-sille.org\/newsite\/wp-json\/wp\/v2\/pages"}],"about":[{"href":"https:\/\/frequence-sille.org\/newsite\/wp-json\/wp\/v2\/types\/page"}],"author":[{"embeddable":true,"href":"https:\/\/frequence-sille.org\/newsite\/wp-json\/wp\/v2\/users\/1"}],"replies":[{"embeddable":true,"href":"https:\/\/frequence-sille.org\/newsite\/wp-json\/wp\/v2\/comments?post=1516"}],"version-history":[{"count":8,"href":"https:\/\/frequence-sille.org\/newsite\/wp-json\/wp\/v2\/pages\/1516\/revisions"}],"predecessor-version":[{"id":10123,"href":"https:\/\/frequence-sille.org\/newsite\/wp-json\/wp\/v2\/pages\/1516\/revisions\/10123"}],"up":[{"embeddable":true,"href":"https:\/\/frequence-sille.org\/newsite\/wp-json\/wp\/v2\/pages\/3391"}],"wp:attachment":[{"href":"https:\/\/frequence-sille.org\/newsite\/wp-json\/wp\/v2\/media?parent=1516"}],"curies":[{"name":"wp","href":"https:\/\/api.w.org\/{rel}","templated":true}]}}