{"id":15311,"date":"2025-06-24T14:30:59","date_gmt":"2025-06-24T12:30:59","guid":{"rendered":"https:\/\/frequence-sille.org\/newsite\/?page_id=15311"},"modified":"2025-10-27T10:27:36","modified_gmt":"2025-10-27T09:27:36","slug":"festival-a-tout-bout-dchamp-2025","status":"publish","type":"page","link":"https:\/\/frequence-sille.org\/newsite\/festival-a-tout-bout-dchamp-2025\/","title":{"rendered":"Festival \u00e0 Tout Bout d&rsquo;Champ 2025"},"content":{"rendered":"\n<p>Retrouvez ici toutes les informations et interviews au sujet du festival \u00e0 Tout Bout d&rsquo;Champ qui s&rsquo;est d\u00e9rouler \u00e0 Chantenay-Villedieu les 18 et 19 juillet 2025.<\/p>\n\n\n<div class=\"wp-block-image\">\n<figure class=\"aligncenter size-full is-resized\"><img loading=\"lazy\" decoding=\"async\" width=\"1920\" height=\"1080\" src=\"https:\/\/frequence-sille.org\/newsite\/wp-content\/uploads\/2025\/07\/Design-sans-titre.png\" alt=\"\" class=\"wp-image-15507\" style=\"width:829px;height:auto\" srcset=\"https:\/\/frequence-sille.org\/newsite\/wp-content\/uploads\/2025\/07\/Design-sans-titre.png 1920w, https:\/\/frequence-sille.org\/newsite\/wp-content\/uploads\/2025\/07\/Design-sans-titre-300x169.png 300w, https:\/\/frequence-sille.org\/newsite\/wp-content\/uploads\/2025\/07\/Design-sans-titre-1024x576.png 1024w, https:\/\/frequence-sille.org\/newsite\/wp-content\/uploads\/2025\/07\/Design-sans-titre-768x432.png 768w, https:\/\/frequence-sille.org\/newsite\/wp-content\/uploads\/2025\/07\/Design-sans-titre-1536x864.png 1536w\" sizes=\"auto, (max-width: 1920px) 100vw, 1920px\" \/><\/figure>\n<\/div>\n\n\n<p><\/p>\n\n\n\n<p>Nous \u00e9tions invit\u00e9 \u00e0 r\u00e9aliser une \u00e9mission en direct du village du festival le samedi 19 juillet, retrouvez l&rsquo;\u00e9mission compl\u00e8te :<\/p>\n\n\n\n<iframe loading=\"lazy\" scrolling=\"no\" style=\"border-radius: 10px;\" id=\"hearthis_at_track_12502863\" width=\"100%\" height=\"150\" src=\"https:\/\/app.hearthis.at\/embed\/12502863\/transparent_black\/?hcolor=&#038;color=&#038;style=2&#038;block_size=2&#038;block_space=1&#038;background=1&#038;waveform=0&#038;cover=0&#038;autoplay=0&#038;css=\" frameborder=\"0\" allowtransparency allow=\"autoplay\"><p>Listen to <a href=\"https:\/\/hearthis.at\/frequence-sille\/emission-atbc-2025-pad\/\" target=\"_blank\">Emission au village  &#8211; Festival ATBC 2025<\/a> <span>by<\/span><a href=\"https:\/\/hearthis.at\/frequence-sille\/\" target=\"_blank\" >Frequence Sill\u00e9<\/a> <span>on<\/span> <a href=\"https:\/\/hearthis.at\/\" target=\"_blank\">hearthis.at<\/a><\/p><\/iframe>\n\n\n\n<p>Des extraits de l&rsquo;\u00e9mission :<\/p>\n\n\n\n<iframe loading=\"lazy\" scrolling=\"no\" style=\"border-radius: 10px;\" id=\"hearthis_at_track_12502865\" width=\"100%\" height=\"150\" src=\"https:\/\/app.hearthis.at\/embed\/12502865\/transparent_black\/?hcolor=&#038;color=&#038;style=2&#038;block_size=2&#038;block_space=1&#038;background=1&#038;waveform=0&#038;cover=0&#038;autoplay=0&#038;css=\" frameborder=\"0\" allowtransparency allow=\"autoplay\"><p>Listen to <a href=\"https:\/\/hearthis.at\/frequence-sille\/itw-atbc-2025-2-alban-president-comite-de-la-bonne-humeur-pad\/\" target=\"_blank\">ITW &#8211; Alban &#8211; Pr\u00e9sident comit\u00e9 de la bonne humeur &#8211; Festival ATBC 2025<\/a> <span>by<\/span><a href=\"https:\/\/hearthis.at\/frequence-sille\/\" target=\"_blank\" >Frequence Sill\u00e9<\/a> <span>on<\/span> <a href=\"https:\/\/hearthis.at\/\" target=\"_blank\">hearthis.at<\/a><\/p><\/iframe>\n\n\n\n<p><\/p>\n\n\n\n<iframe loading=\"lazy\" scrolling=\"no\" style=\"border-radius: 10px;\" id=\"hearthis_at_track_12502859\" width=\"100%\" height=\"150\" src=\"https:\/\/app.hearthis.at\/embed\/12502859\/transparent_black\/?hcolor=&#038;color=&#038;style=2&#038;block_size=2&#038;block_space=1&#038;background=1&#038;waveform=0&#038;cover=0&#038;autoplay=0&#038;css=\" frameborder=\"0\" allowtransparency allow=\"autoplay\"><p>Listen to <a href=\"https:\/\/hearthis.at\/frequence-sille\/itw-atbc-2025-1-elise-et-roxanne-benevoles-planning-familial-pad\/\" target=\"_blank\">ITW &#8211; Elise et Roxanne &#8211; b\u00e9n\u00e9voles planning familial &#8211; Festival ATBC 2025<\/a> <span>by<\/span><a href=\"https:\/\/hearthis.at\/frequence-sille\/\" target=\"_blank\" >Frequence Sill\u00e9<\/a> <span>on<\/span> <a href=\"https:\/\/hearthis.at\/\" target=\"_blank\">hearthis.at<\/a><\/p><\/iframe>\n\n\n\n<p><\/p>\n\n\n\n<iframe loading=\"lazy\" scrolling=\"no\" style=\"border-radius: 10px;\" id=\"hearthis_at_track_12502866\" width=\"100%\" height=\"150\" src=\"https:\/\/app.hearthis.at\/embed\/12502866\/transparent_black\/?hcolor=&#038;color=&#038;style=2&#038;block_size=2&#038;block_space=1&#038;background=1&#038;waveform=0&#038;cover=0&#038;autoplay=0&#038;css=\" frameborder=\"0\" allowtransparency allow=\"autoplay\"><p>Listen to <a href=\"https:\/\/hearthis.at\/frequence-sille\/itw-atbc-2025-4-equipe-gagnante-des-olympiades-pad\/\" target=\"_blank\">ITW &#8211; \u00e9quipe gagnante des olympiades &#8211; Festival ATBC 2025<\/a> <span>by<\/span><a href=\"https:\/\/hearthis.at\/frequence-sille\/\" target=\"_blank\" >Frequence Sill\u00e9<\/a> <span>on<\/span> <a href=\"https:\/\/hearthis.at\/\" target=\"_blank\">hearthis.at<\/a><\/p><\/iframe>\n\n\n\n<p><\/p>\n\n\n\n<p>\u00c0 quelques semaines (voir jours) du festival, nous avons re\u00e7u en interview une partie des artistes programm\u00e9s au festival, les voici :<\/p>\n\n\n\n<p>James Baker, qui sera pr\u00e9sent sur la deuxi\u00e8me sc\u00e8ne du festival le vendredi 18 juillet.<\/p>\n\n\n\n<iframe loading=\"lazy\" scrolling=\"no\" style=\"border-radius: 10px;\" id=\"hearthis_at_track_12461472\" width=\"100%\" height=\"150\" src=\"https:\/\/app.hearthis.at\/embed\/12461472\/transparent_black\/?hcolor=&#038;color=&#038;style=2&#038;block_size=2&#038;block_space=1&#038;background=1&#038;waveform=0&#038;cover=0&#038;autoplay=0&#038;css=\" frameborder=\"0\" allowtransparency allow=\"autoplay\"><p>Listen to <a href=\"https:\/\/hearthis.at\/frequence-sille\/itw-james-bakerpad\/\" target=\"_blank\">James Baker &#8211; Festival ATBC 2025<\/a> <span>by<\/span><a href=\"https:\/\/hearthis.at\/frequence-sille\/\" target=\"_blank\" >Frequence Sill\u00e9<\/a> <span>on<\/span> <a href=\"https:\/\/hearthis.at\/\" target=\"_blank\">hearthis.at<\/a><\/p><\/iframe>\n\n\n\n<p><\/p>\n\n\n\n<p>Komlan, Chanteur de Dub Inc, t\u00eate d&rsquo;affiche du festival, revient sur l&rsquo;histoire du groupe.<\/p>\n\n\n\n<iframe loading=\"lazy\" scrolling=\"no\" style=\"border-radius: 10px;\" id=\"hearthis_at_track_12450239\" width=\"100%\" height=\"150\" src=\"https:\/\/app.hearthis.at\/embed\/12450239\/transparent_black\/?hcolor=&#038;color=&#038;style=2&#038;block_size=2&#038;block_space=1&#038;background=1&#038;waveform=0&#038;cover=0&#038;autoplay=0&#038;css=\" frameborder=\"0\" allowtransparency allow=\"autoplay\"><p>Listen to <a href=\"https:\/\/hearthis.at\/frequence-sille\/itw-dub-incpad\/\" target=\"_blank\">Komlan-Dub Inc &#8211; Festival ATBC 2025<\/a> <span>by<\/span><a href=\"https:\/\/hearthis.at\/frequence-sille\/\" target=\"_blank\" >Frequence Sill\u00e9<\/a> <span>on<\/span> <a href=\"https:\/\/hearthis.at\/\" target=\"_blank\">hearthis.at<\/a><\/p><\/iframe>\n\n\n\n<p><\/p>\n\n\n\n<p>M\u00e9lody, du groupe Rennais Pure, qui ouvrira la grande sc\u00e8ne du festival le vendredi 18 juillet.<\/p>\n\n\n\n<iframe loading=\"lazy\" scrolling=\"no\" style=\"border-radius: 10px;\" id=\"hearthis_at_track_12428604\" width=\"100%\" height=\"150\" src=\"https:\/\/app.hearthis.at\/embed\/12428604\/transparent_black\/?hcolor=&#038;color=&#038;style=2&#038;block_size=2&#038;block_space=1&#038;background=1&#038;waveform=0&#038;cover=0&#038;autoplay=0&#038;css=\" frameborder=\"0\" allowtransparency allow=\"autoplay\"><p>Listen to <a href=\"https:\/\/hearthis.at\/frequence-sille\/interview-pure-festival-a-tout-bout-de-champ\/\" target=\"_blank\">M\u00e9lody &#8211; Pure &#8211; Festival ATBC 2025<\/a> <span>by<\/span><a href=\"https:\/\/hearthis.at\/frequence-sille\/\" target=\"_blank\" >Frequence Sill\u00e9<\/a> <span>on<\/span> <a href=\"https:\/\/hearthis.at\/\" target=\"_blank\">hearthis.at<\/a><\/p><\/iframe>\n\n\n\n<p><\/p>\n\n\n\n<p>St Graal, qui ouvrira l\u00e0 deuxi\u00e8me sc\u00e8ne du festival le samedi 19 juillet 2025.<\/p>\n\n\n\n<iframe loading=\"lazy\" scrolling=\"no\" style=\"border-radius: 10px;\" id=\"hearthis_at_track_12413717\" width=\"100%\" height=\"150\" src=\"https:\/\/app.hearthis.at\/embed\/12413717\/transparent_black\/?hcolor=&#038;color=&#038;style=2&#038;block_size=2&#038;block_space=1&#038;background=1&#038;waveform=0&#038;cover=0&#038;autoplay=0&#038;css=\" frameborder=\"0\" allowtransparency allow=\"autoplay\"><p>Listen to <a href=\"https:\/\/hearthis.at\/frequence-sille\/st-graalpad\/\" target=\"_blank\">St Graal &#8211; Festival ATBC 2025<\/a> <span>by<\/span><a href=\"https:\/\/hearthis.at\/frequence-sille\/\" target=\"_blank\" >Frequence Sill\u00e9<\/a> <span>on<\/span> <a href=\"https:\/\/hearthis.at\/\" target=\"_blank\">hearthis.at<\/a><\/p><\/iframe>\n\n\n\n<p><\/p>\n\n\n\n<p>Thibault, l&rsquo;un des chanteur du groupe Les 3 fromages, programm\u00e9s sur la deuxi\u00e8me sc\u00e8ne le samedi 19 juillet.<\/p>\n\n\n\n<figure class=\"wp-block-embed is-type-wp-embed is-provider-hearthis-at wp-block-embed-hearthis-at\"><div class=\"wp-block-embed__wrapper\">\n<iframe loading=\"lazy\" class=\"wp-embedded-content\" sandbox=\"allow-scripts\" security=\"restricted\" title=\"Thibault - Les 3 fromages - Festival ATBC 2025\" scrolling=\"no\" width=\"100%\" height=\"150\" src=\"https:\/\/hearthis.at\/embed\/12409261\/transparent\/?style=2&#038;block_size=2&#038;block_space=2&#038;background=1#?secret=GY3ZlkIgXO\" data-secret=\"GY3ZlkIgXO\" frameborder=\"0\"><\/iframe>\n<\/div><\/figure>\n\n\n\n<p><\/p>\n\n\n\n<p>Balik, chanteur du groupe Danakil, t\u00eate d&rsquo;affiche du festival, le vendredi 18 juillet 2025.<\/p>\n\n\n\n<iframe loading=\"lazy\" scrolling=\"no\" style=\"border-radius: 10px;\" id=\"hearthis_at_track_12356172\" width=\"100%\" height=\"150\" src=\"https:\/\/app.hearthis.at\/embed\/12356172\/transparent_black\/?hcolor=&#038;color=&#038;style=2&#038;block_size=2&#038;block_space=1&#038;background=1&#038;waveform=0&#038;cover=0&#038;autoplay=0&#038;css=\" frameborder=\"0\" allowtransparency allow=\"autoplay\"><p>Listen to <a href=\"https:\/\/hearthis.at\/frequence-sille\/itw-balik-danakil-festival-atbc-2025pad\/\" target=\"_blank\">Balik-Danakil &#8211; Festival ATBC 2025<\/a> <span>by<\/span><a href=\"https:\/\/hearthis.at\/frequence-sille\/\" target=\"_blank\" >Frequence Sill\u00e9<\/a> <span>on<\/span> <a href=\"https:\/\/hearthis.at\/\" target=\"_blank\">hearthis.at<\/a><\/p><\/iframe>\n\n\n\n<p><\/p>\n\n\n\n<p>Le groupe Warmelade, gagnant du tremplin, qui ouvrira la seconde sc\u00e8ne du festival le vendredi 18 juillet.<\/p>\n\n\n\n<iframe loading=\"lazy\" scrolling=\"no\" style=\"border-radius: 10px;\" id=\"hearthis_at_track_12337572\" width=\"100%\" height=\"150\" src=\"https:\/\/app.hearthis.at\/embed\/12337572\/transparent_black\/?hcolor=&#038;color=&#038;style=2&#038;block_size=2&#038;block_space=1&#038;background=1&#038;waveform=0&#038;cover=0&#038;autoplay=0&#038;css=\" frameborder=\"0\" allowtransparency allow=\"autoplay\"><p>Listen to <a href=\"https:\/\/hearthis.at\/frequence-sille\/itw-warmelade-pad\/\" target=\"_blank\">Interview du groupe Warmelade &#8211; Festival ATBC 2025<\/a> <span>by<\/span><a href=\"https:\/\/hearthis.at\/frequence-sille\/\" target=\"_blank\" >Frequence Sill\u00e9<\/a> <span>on<\/span> <a href=\"https:\/\/hearthis.at\/\" target=\"_blank\">hearthis.at<\/a><\/p><\/iframe>\n\n\n\n<p><\/p>\n\n\n\n<p>D\u00e9but juin, nous avons fait le tour des actualit\u00e9s et de l&rsquo;organisation du festival avec Clo\u00e9, charg\u00e9e de communication. <\/p>\n\n\n\n<iframe loading=\"lazy\" scrolling=\"no\" style=\"border-radius: 10px;\" id=\"hearthis_at_track_12246116\" width=\"100%\" height=\"150\" src=\"https:\/\/app.hearthis.at\/embed\/12246116\/transparent_black\/?hcolor=&#038;color=&#038;style=2&#038;block_size=2&#038;block_space=1&#038;background=1&#038;waveform=0&#038;cover=0&#038;autoplay=0&#038;css=\" frameborder=\"0\" allowtransparency allow=\"autoplay\"><p>Listen to <a href=\"https:\/\/hearthis.at\/frequence-sille\/itw-cloe-atbcpad\/\" target=\"_blank\">ITW &#8211; Clo\u00e9 &#8211; Organisation festival ATBC<\/a> <span>by<\/span><a href=\"https:\/\/hearthis.at\/frequence-sille\/\" target=\"_blank\" >Frequence Sill\u00e9<\/a> <span>on<\/span> <a href=\"https:\/\/hearthis.at\/\" target=\"_blank\">hearthis.at<\/a><\/p><\/iframe>\n\n\n\n<p><\/p>\n\n\n\n<p>En d\u00e9but d&rsquo;ann\u00e9e, Clo\u00e9 nous avait parl\u00e9 du tremplin qui a eu lieu le samedi 1er f\u00e9vrier, o\u00f9 on y retrouvait 3 groupes : Warmelade, Paladium, O-Diod, en comp\u00e9tition pour participer \u00e0 cette 7\u00e8me \u00e9dition du Festival.<\/p>\n\n\n\n<iframe loading=\"lazy\" scrolling=\"no\" style=\"border-radius: 10px;\" id=\"hearthis_at_track_11702254\" width=\"100%\" height=\"150\" src=\"https:\/\/app.hearthis.at\/embed\/11702254\/transparent_black\/?hcolor=&#038;color=&#038;style=2&#038;block_size=2&#038;block_space=1&#038;background=1&#038;waveform=0&#038;cover=0&#038;autoplay=0&#038;css=\" frameborder=\"0\" allowtransparency allow=\"autoplay\"><p>Listen to <a href=\"https:\/\/hearthis.at\/frequence-sille\/chloe-tremplin-atbc\/\" target=\"_blank\">Clo\u00e9 tremplin ATBC 2025<\/a> <span>by<\/span><a href=\"https:\/\/hearthis.at\/frequence-sille\/\" target=\"_blank\" >Frequence Sill\u00e9<\/a> <span>on<\/span> <a href=\"https:\/\/hearthis.at\/\" target=\"_blank\">hearthis.at<\/a><\/p><\/iframe>\n\n\n\n<p><\/p>\n\n\n\n<p>Retrouvez la programmation compl\u00e8te ici : <a href=\"https:\/\/www.festivalatoutboutdchamp.com\/programmation\/\">https:\/\/www.festivalatoutboutdchamp.com\/programmation\/<\/a><\/p>\n\n\n\n<p><\/p>\n","protected":false},"excerpt":{"rendered":"<p>Retrouvez ici toutes les informations et interviews au sujet du festival \u00e0 Tout Bout d&rsquo;Champ qui s&rsquo;est d\u00e9rouler \u00e0 Chantenay-Villedieu les 18 et 19 juillet 2025. Nous \u00e9tions invit\u00e9 \u00e0&hellip;<\/p>\n","protected":false},"author":1,"featured_media":15507,"parent":0,"menu_order":0,"comment_status":"closed","ping_status":"closed","template":"","meta":{"footnotes":""},"class_list":["post-15311","page","type-page","status-publish","has-post-thumbnail","hentry"],"yoast_head":"<!-- This site is optimized with the Yoast SEO plugin v27.3 - https:\/\/yoast.com\/product\/yoast-seo-wordpress\/ -->\n<title>Festival \u00e0 Tout Bout d&#039;Champ 2025 - Fr\u00e9quence Sill\u00e9<\/title>\n<meta name=\"robots\" content=\"index, follow, max-snippet:-1, max-image-preview:large, max-video-preview:-1\" \/>\n<link rel=\"canonical\" href=\"https:\/\/frequence-sille.org\/newsite\/festival-a-tout-bout-dchamp-2025\/\" \/>\n<meta property=\"og:locale\" content=\"fr_FR\" \/>\n<meta property=\"og:type\" content=\"article\" \/>\n<meta property=\"og:title\" content=\"Festival \u00e0 Tout Bout d&#039;Champ 2025 - Fr\u00e9quence Sill\u00e9\" \/>\n<meta property=\"og:description\" content=\"Retrouvez ici toutes les informations et interviews au sujet du festival \u00e0 Tout Bout d&rsquo;Champ qui s&rsquo;est d\u00e9rouler \u00e0 Chantenay-Villedieu les 18 et 19 juillet 2025. Nous \u00e9tions invit\u00e9 \u00e0&hellip;\" \/>\n<meta property=\"og:url\" content=\"https:\/\/frequence-sille.org\/newsite\/festival-a-tout-bout-dchamp-2025\/\" \/>\n<meta property=\"og:site_name\" content=\"Fr\u00e9quence Sill\u00e9\" \/>\n<meta property=\"article:publisher\" content=\"https:\/\/www.facebook.com\/frequencesille979fm\" \/>\n<meta property=\"article:modified_time\" content=\"2025-10-27T09:27:36+00:00\" \/>\n<meta property=\"og:image\" content=\"https:\/\/frequence-sille.org\/newsite\/wp-content\/uploads\/2025\/07\/Design-sans-titre.png\" \/>\n\t<meta property=\"og:image:width\" content=\"1920\" \/>\n\t<meta property=\"og:image:height\" content=\"1080\" \/>\n\t<meta property=\"og:image:type\" content=\"image\/png\" \/>\n<meta name=\"twitter:card\" content=\"summary_large_image\" \/>\n<meta name=\"twitter:site\" content=\"@freqsille979\" \/>\n<meta name=\"twitter:label1\" content=\"Dur\u00e9e de lecture estim\u00e9e\" \/>\n\t<meta name=\"twitter:data1\" content=\"3 minutes\" \/>\n<script type=\"application\/ld+json\" class=\"yoast-schema-graph\">{\"@context\":\"https:\\\/\\\/schema.org\",\"@graph\":[{\"@type\":\"WebPage\",\"@id\":\"https:\\\/\\\/frequence-sille.org\\\/newsite\\\/festival-a-tout-bout-dchamp-2025\\\/\",\"url\":\"https:\\\/\\\/frequence-sille.org\\\/newsite\\\/festival-a-tout-bout-dchamp-2025\\\/\",\"name\":\"Festival \u00e0 Tout Bout d'Champ 2025 - Fr\u00e9quence Sill\u00e9\",\"isPartOf\":{\"@id\":\"https:\\\/\\\/frequence-sille.org\\\/newsite\\\/#website\"},\"primaryImageOfPage\":{\"@id\":\"https:\\\/\\\/frequence-sille.org\\\/newsite\\\/festival-a-tout-bout-dchamp-2025\\\/#primaryimage\"},\"image\":{\"@id\":\"https:\\\/\\\/frequence-sille.org\\\/newsite\\\/festival-a-tout-bout-dchamp-2025\\\/#primaryimage\"},\"thumbnailUrl\":\"https:\\\/\\\/frequence-sille.org\\\/newsite\\\/wp-content\\\/uploads\\\/2025\\\/07\\\/Design-sans-titre.png\",\"datePublished\":\"2025-06-24T12:30:59+00:00\",\"dateModified\":\"2025-10-27T09:27:36+00:00\",\"breadcrumb\":{\"@id\":\"https:\\\/\\\/frequence-sille.org\\\/newsite\\\/festival-a-tout-bout-dchamp-2025\\\/#breadcrumb\"},\"inLanguage\":\"fr-FR\",\"potentialAction\":[{\"@type\":\"ReadAction\",\"target\":[\"https:\\\/\\\/frequence-sille.org\\\/newsite\\\/festival-a-tout-bout-dchamp-2025\\\/\"]}]},{\"@type\":\"ImageObject\",\"inLanguage\":\"fr-FR\",\"@id\":\"https:\\\/\\\/frequence-sille.org\\\/newsite\\\/festival-a-tout-bout-dchamp-2025\\\/#primaryimage\",\"url\":\"https:\\\/\\\/frequence-sille.org\\\/newsite\\\/wp-content\\\/uploads\\\/2025\\\/07\\\/Design-sans-titre.png\",\"contentUrl\":\"https:\\\/\\\/frequence-sille.org\\\/newsite\\\/wp-content\\\/uploads\\\/2025\\\/07\\\/Design-sans-titre.png\",\"width\":1920,\"height\":1080},{\"@type\":\"BreadcrumbList\",\"@id\":\"https:\\\/\\\/frequence-sille.org\\\/newsite\\\/festival-a-tout-bout-dchamp-2025\\\/#breadcrumb\",\"itemListElement\":[{\"@type\":\"ListItem\",\"position\":1,\"name\":\"Accueil\",\"item\":\"https:\\\/\\\/frequence-sille.org\\\/newsite\\\/\"},{\"@type\":\"ListItem\",\"position\":2,\"name\":\"Festival \u00e0 Tout Bout d&rsquo;Champ 2025\"}]},{\"@type\":\"WebSite\",\"@id\":\"https:\\\/\\\/frequence-sille.org\\\/newsite\\\/#website\",\"url\":\"https:\\\/\\\/frequence-sille.org\\\/newsite\\\/\",\"name\":\"Fr\u00e9quence Sill\u00e9\",\"description\":\"Bien plus qu&#039;une radio...votre radio !\",\"publisher\":{\"@id\":\"https:\\\/\\\/frequence-sille.org\\\/newsite\\\/#organization\"},\"potentialAction\":[{\"@type\":\"SearchAction\",\"target\":{\"@type\":\"EntryPoint\",\"urlTemplate\":\"https:\\\/\\\/frequence-sille.org\\\/newsite\\\/?s={search_term_string}\"},\"query-input\":{\"@type\":\"PropertyValueSpecification\",\"valueRequired\":true,\"valueName\":\"search_term_string\"}}],\"inLanguage\":\"fr-FR\"},{\"@type\":\"Organization\",\"@id\":\"https:\\\/\\\/frequence-sille.org\\\/newsite\\\/#organization\",\"name\":\"Fr\u00e9quence Sill\u00e9\",\"url\":\"https:\\\/\\\/frequence-sille.org\\\/newsite\\\/\",\"logo\":{\"@type\":\"ImageObject\",\"inLanguage\":\"fr-FR\",\"@id\":\"https:\\\/\\\/frequence-sille.org\\\/newsite\\\/#\\\/schema\\\/logo\\\/image\\\/\",\"url\":\"https:\\\/\\\/frequence-sille.org\\\/newsite\\\/wp-content\\\/uploads\\\/2023\\\/07\\\/LOGO_979_NOIR.png\",\"contentUrl\":\"https:\\\/\\\/frequence-sille.org\\\/newsite\\\/wp-content\\\/uploads\\\/2023\\\/07\\\/LOGO_979_NOIR.png\",\"width\":7680,\"height\":4320,\"caption\":\"Fr\u00e9quence Sill\u00e9\"},\"image\":{\"@id\":\"https:\\\/\\\/frequence-sille.org\\\/newsite\\\/#\\\/schema\\\/logo\\\/image\\\/\"},\"sameAs\":[\"https:\\\/\\\/www.facebook.com\\\/frequencesille979fm\",\"https:\\\/\\\/x.com\\\/freqsille979\",\"https:\\\/\\\/www.instagram.com\\\/frequencesille\\\/\"]}]}<\/script>\n<!-- \/ Yoast SEO plugin. -->","yoast_head_json":{"title":"Festival \u00e0 Tout Bout d'Champ 2025 - Fr\u00e9quence Sill\u00e9","robots":{"index":"index","follow":"follow","max-snippet":"max-snippet:-1","max-image-preview":"max-image-preview:large","max-video-preview":"max-video-preview:-1"},"canonical":"https:\/\/frequence-sille.org\/newsite\/festival-a-tout-bout-dchamp-2025\/","og_locale":"fr_FR","og_type":"article","og_title":"Festival \u00e0 Tout Bout d'Champ 2025 - Fr\u00e9quence Sill\u00e9","og_description":"Retrouvez ici toutes les informations et interviews au sujet du festival \u00e0 Tout Bout d&rsquo;Champ qui s&rsquo;est d\u00e9rouler \u00e0 Chantenay-Villedieu les 18 et 19 juillet 2025. Nous \u00e9tions invit\u00e9 \u00e0&hellip;","og_url":"https:\/\/frequence-sille.org\/newsite\/festival-a-tout-bout-dchamp-2025\/","og_site_name":"Fr\u00e9quence Sill\u00e9","article_publisher":"https:\/\/www.facebook.com\/frequencesille979fm","article_modified_time":"2025-10-27T09:27:36+00:00","og_image":[{"width":1920,"height":1080,"url":"https:\/\/frequence-sille.org\/newsite\/wp-content\/uploads\/2025\/07\/Design-sans-titre.png","type":"image\/png"}],"twitter_card":"summary_large_image","twitter_site":"@freqsille979","twitter_misc":{"Dur\u00e9e de lecture estim\u00e9e":"3 minutes"},"schema":{"@context":"https:\/\/schema.org","@graph":[{"@type":"WebPage","@id":"https:\/\/frequence-sille.org\/newsite\/festival-a-tout-bout-dchamp-2025\/","url":"https:\/\/frequence-sille.org\/newsite\/festival-a-tout-bout-dchamp-2025\/","name":"Festival \u00e0 Tout Bout d'Champ 2025 - Fr\u00e9quence Sill\u00e9","isPartOf":{"@id":"https:\/\/frequence-sille.org\/newsite\/#website"},"primaryImageOfPage":{"@id":"https:\/\/frequence-sille.org\/newsite\/festival-a-tout-bout-dchamp-2025\/#primaryimage"},"image":{"@id":"https:\/\/frequence-sille.org\/newsite\/festival-a-tout-bout-dchamp-2025\/#primaryimage"},"thumbnailUrl":"https:\/\/frequence-sille.org\/newsite\/wp-content\/uploads\/2025\/07\/Design-sans-titre.png","datePublished":"2025-06-24T12:30:59+00:00","dateModified":"2025-10-27T09:27:36+00:00","breadcrumb":{"@id":"https:\/\/frequence-sille.org\/newsite\/festival-a-tout-bout-dchamp-2025\/#breadcrumb"},"inLanguage":"fr-FR","potentialAction":[{"@type":"ReadAction","target":["https:\/\/frequence-sille.org\/newsite\/festival-a-tout-bout-dchamp-2025\/"]}]},{"@type":"ImageObject","inLanguage":"fr-FR","@id":"https:\/\/frequence-sille.org\/newsite\/festival-a-tout-bout-dchamp-2025\/#primaryimage","url":"https:\/\/frequence-sille.org\/newsite\/wp-content\/uploads\/2025\/07\/Design-sans-titre.png","contentUrl":"https:\/\/frequence-sille.org\/newsite\/wp-content\/uploads\/2025\/07\/Design-sans-titre.png","width":1920,"height":1080},{"@type":"BreadcrumbList","@id":"https:\/\/frequence-sille.org\/newsite\/festival-a-tout-bout-dchamp-2025\/#breadcrumb","itemListElement":[{"@type":"ListItem","position":1,"name":"Accueil","item":"https:\/\/frequence-sille.org\/newsite\/"},{"@type":"ListItem","position":2,"name":"Festival \u00e0 Tout Bout d&rsquo;Champ 2025"}]},{"@type":"WebSite","@id":"https:\/\/frequence-sille.org\/newsite\/#website","url":"https:\/\/frequence-sille.org\/newsite\/","name":"Fr\u00e9quence Sill\u00e9","description":"Bien plus qu&#039;une radio...votre radio !","publisher":{"@id":"https:\/\/frequence-sille.org\/newsite\/#organization"},"potentialAction":[{"@type":"SearchAction","target":{"@type":"EntryPoint","urlTemplate":"https:\/\/frequence-sille.org\/newsite\/?s={search_term_string}"},"query-input":{"@type":"PropertyValueSpecification","valueRequired":true,"valueName":"search_term_string"}}],"inLanguage":"fr-FR"},{"@type":"Organization","@id":"https:\/\/frequence-sille.org\/newsite\/#organization","name":"Fr\u00e9quence Sill\u00e9","url":"https:\/\/frequence-sille.org\/newsite\/","logo":{"@type":"ImageObject","inLanguage":"fr-FR","@id":"https:\/\/frequence-sille.org\/newsite\/#\/schema\/logo\/image\/","url":"https:\/\/frequence-sille.org\/newsite\/wp-content\/uploads\/2023\/07\/LOGO_979_NOIR.png","contentUrl":"https:\/\/frequence-sille.org\/newsite\/wp-content\/uploads\/2023\/07\/LOGO_979_NOIR.png","width":7680,"height":4320,"caption":"Fr\u00e9quence Sill\u00e9"},"image":{"@id":"https:\/\/frequence-sille.org\/newsite\/#\/schema\/logo\/image\/"},"sameAs":["https:\/\/www.facebook.com\/frequencesille979fm","https:\/\/x.com\/freqsille979","https:\/\/www.instagram.com\/frequencesille\/"]}]}},"_links":{"self":[{"href":"https:\/\/frequence-sille.org\/newsite\/wp-json\/wp\/v2\/pages\/15311","targetHints":{"allow":["GET"]}}],"collection":[{"href":"https:\/\/frequence-sille.org\/newsite\/wp-json\/wp\/v2\/pages"}],"about":[{"href":"https:\/\/frequence-sille.org\/newsite\/wp-json\/wp\/v2\/types\/page"}],"author":[{"embeddable":true,"href":"https:\/\/frequence-sille.org\/newsite\/wp-json\/wp\/v2\/users\/1"}],"replies":[{"embeddable":true,"href":"https:\/\/frequence-sille.org\/newsite\/wp-json\/wp\/v2\/comments?post=15311"}],"version-history":[{"count":20,"href":"https:\/\/frequence-sille.org\/newsite\/wp-json\/wp\/v2\/pages\/15311\/revisions"}],"predecessor-version":[{"id":15810,"href":"https:\/\/frequence-sille.org\/newsite\/wp-json\/wp\/v2\/pages\/15311\/revisions\/15810"}],"wp:featuredmedia":[{"embeddable":true,"href":"https:\/\/frequence-sille.org\/newsite\/wp-json\/wp\/v2\/media\/15507"}],"wp:attachment":[{"href":"https:\/\/frequence-sille.org\/newsite\/wp-json\/wp\/v2\/media?parent=15311"}],"curies":[{"name":"wp","href":"https:\/\/api.w.org\/{rel}","templated":true}]}}