{"id":15880,"date":"2025-11-07T15:46:28","date_gmt":"2025-11-07T14:46:28","guid":{"rendered":"https:\/\/frequence-sille.org\/newsite\/?page_id=15880"},"modified":"2025-11-07T15:52:11","modified_gmt":"2025-11-07T14:52:11","slug":"passe-la-seconde-2025-2026","status":"publish","type":"page","link":"https:\/\/frequence-sille.org\/newsite\/passe-la-seconde-2025-2026\/","title":{"rendered":"Passe la seconde 2025-2026"},"content":{"rendered":"\n<p>Les lyc\u00e9ens reviennent \u00e0 l\u2019antenne avec leur nouvelle \u00e9mission \u201c<strong>Passe la seconde<\/strong>\u201d, compos\u00e9e d\u2019\u00e9l\u00e8ves de seconde A et anim\u00e9e par leur professeur de fran\u00e7ais Fr\u00e9d\u00e9ric Le Moigne.<\/p>\n\n\n\n<p>Toutes les deux semaines environ, un nouveau groupe de Seconde A se r\u00e9uni autour de sujets vari\u00e9s sur un th\u00e8me commun propre \u00e0 chaque \u00e9mission. L\u2019\u00e9mission est r\u00e9alis\u00e9e en direct un vendredi sur deux \u00e0 9h et rediffus\u00e9e \u00e0 13h les mercredis et dimanches suivant le direct.<\/p>\n\n\n\n<p>Retrouvez toutes les \u00e9missions ci-dessous :<\/p>\n\n\n\n<iframe loading=\"lazy\" style=\"border-radius: 10px;\" scrolling=\"no\" id=\"hearthis_at_user_506740\" width=\"100%\" height=\"350\" src=\"https:\/\/hearthis.at\/set\/506740\/embed\/\" frameborder=\"0\" allowtransparency allow=\"autoplay\"><\/iframe>\n\n\n\n<p>Ainsi que les \u00e9l\u00e9ments r\u00e9alis\u00e9s par les \u00e9l\u00e8ves :<\/p>\n\n\n\n<iframe loading=\"lazy\" style=\"border-radius: 10px;\" scrolling=\"no\" id=\"hearthis_at_user_506743\" width=\"100%\" height=\"350\" src=\"https:\/\/hearthis.at\/set\/506743\/embed\/\" frameborder=\"0\" allowtransparency allow=\"autoplay\"><\/iframe>\n\n\n\n<figure class=\"wp-block-image size-large\"><img decoding=\"async\" src=\"https:\/\/frequence-sille.org\/newsite\/wp-content\/uploads\/2025\/11\/PLS-2025-2026-1024x1024.png\" alt=\"\" class=\"wp-image-15882\"\/><\/figure>\n","protected":false},"excerpt":{"rendered":"<p>Les lyc\u00e9ens reviennent \u00e0 l\u2019antenne avec leur nouvelle \u00e9mission \u201cPasse la seconde\u201d, compos\u00e9e d\u2019\u00e9l\u00e8ves de seconde A et anim\u00e9e par leur professeur de fran\u00e7ais Fr\u00e9d\u00e9ric Le Moigne. Toutes les deux&hellip;<\/p>\n","protected":false},"author":1,"featured_media":15882,"parent":0,"menu_order":0,"comment_status":"closed","ping_status":"closed","template":"","meta":{"footnotes":""},"class_list":["post-15880","page","type-page","status-publish","has-post-thumbnail","hentry"],"yoast_head":"<!-- This site is optimized with the Yoast SEO plugin v27.4 - https:\/\/yoast.com\/product\/yoast-seo-wordpress\/ -->\n<title>Passe la seconde 2025-2026 - Fr\u00e9quence Sill\u00e9<\/title>\n<meta name=\"robots\" content=\"index, follow, max-snippet:-1, max-image-preview:large, max-video-preview:-1\" \/>\n<link rel=\"canonical\" href=\"https:\/\/frequence-sille.org\/newsite\/passe-la-seconde-2025-2026\/\" \/>\n<meta property=\"og:locale\" content=\"fr_FR\" \/>\n<meta property=\"og:type\" content=\"article\" \/>\n<meta property=\"og:title\" content=\"Passe la seconde 2025-2026 - Fr\u00e9quence Sill\u00e9\" \/>\n<meta property=\"og:description\" content=\"Les lyc\u00e9ens reviennent \u00e0 l\u2019antenne avec leur nouvelle \u00e9mission \u201cPasse la seconde\u201d, compos\u00e9e d\u2019\u00e9l\u00e8ves de seconde A et anim\u00e9e par leur professeur de fran\u00e7ais Fr\u00e9d\u00e9ric Le Moigne. Toutes les deux&hellip;\" \/>\n<meta property=\"og:url\" content=\"https:\/\/frequence-sille.org\/newsite\/passe-la-seconde-2025-2026\/\" \/>\n<meta property=\"og:site_name\" content=\"Fr\u00e9quence Sill\u00e9\" \/>\n<meta property=\"article:publisher\" content=\"https:\/\/www.facebook.com\/frequencesille979fm\" \/>\n<meta property=\"article:modified_time\" content=\"2025-11-07T14:52:11+00:00\" \/>\n<meta property=\"og:image\" content=\"https:\/\/frequence-sille.org\/newsite\/wp-content\/uploads\/2025\/11\/PLS-2025-2026.png\" \/>\n\t<meta property=\"og:image:width\" content=\"1080\" \/>\n\t<meta property=\"og:image:height\" content=\"1080\" \/>\n\t<meta property=\"og:image:type\" content=\"image\/png\" \/>\n<meta name=\"twitter:card\" content=\"summary_large_image\" \/>\n<meta name=\"twitter:site\" content=\"@freqsille979\" \/>\n<meta name=\"twitter:label1\" content=\"Dur\u00e9e de lecture estim\u00e9e\" \/>\n\t<meta name=\"twitter:data1\" content=\"1 minute\" \/>\n<script type=\"application\/ld+json\" class=\"yoast-schema-graph\">{\"@context\":\"https:\\\/\\\/schema.org\",\"@graph\":[{\"@type\":\"WebPage\",\"@id\":\"https:\\\/\\\/frequence-sille.org\\\/newsite\\\/passe-la-seconde-2025-2026\\\/\",\"url\":\"https:\\\/\\\/frequence-sille.org\\\/newsite\\\/passe-la-seconde-2025-2026\\\/\",\"name\":\"Passe la seconde 2025-2026 - Fr\u00e9quence Sill\u00e9\",\"isPartOf\":{\"@id\":\"https:\\\/\\\/frequence-sille.org\\\/newsite\\\/#website\"},\"primaryImageOfPage\":{\"@id\":\"https:\\\/\\\/frequence-sille.org\\\/newsite\\\/passe-la-seconde-2025-2026\\\/#primaryimage\"},\"image\":{\"@id\":\"https:\\\/\\\/frequence-sille.org\\\/newsite\\\/passe-la-seconde-2025-2026\\\/#primaryimage\"},\"thumbnailUrl\":\"https:\\\/\\\/frequence-sille.org\\\/newsite\\\/wp-content\\\/uploads\\\/2025\\\/11\\\/PLS-2025-2026-e1762527339581.png\",\"datePublished\":\"2025-11-07T14:46:28+00:00\",\"dateModified\":\"2025-11-07T14:52:11+00:00\",\"breadcrumb\":{\"@id\":\"https:\\\/\\\/frequence-sille.org\\\/newsite\\\/passe-la-seconde-2025-2026\\\/#breadcrumb\"},\"inLanguage\":\"fr-FR\",\"potentialAction\":[{\"@type\":\"ReadAction\",\"target\":[\"https:\\\/\\\/frequence-sille.org\\\/newsite\\\/passe-la-seconde-2025-2026\\\/\"]}]},{\"@type\":\"ImageObject\",\"inLanguage\":\"fr-FR\",\"@id\":\"https:\\\/\\\/frequence-sille.org\\\/newsite\\\/passe-la-seconde-2025-2026\\\/#primaryimage\",\"url\":\"https:\\\/\\\/frequence-sille.org\\\/newsite\\\/wp-content\\\/uploads\\\/2025\\\/11\\\/PLS-2025-2026-e1762527339581.png\",\"contentUrl\":\"https:\\\/\\\/frequence-sille.org\\\/newsite\\\/wp-content\\\/uploads\\\/2025\\\/11\\\/PLS-2025-2026-e1762527339581.png\",\"width\":1080,\"height\":550},{\"@type\":\"BreadcrumbList\",\"@id\":\"https:\\\/\\\/frequence-sille.org\\\/newsite\\\/passe-la-seconde-2025-2026\\\/#breadcrumb\",\"itemListElement\":[{\"@type\":\"ListItem\",\"position\":1,\"name\":\"Accueil\",\"item\":\"https:\\\/\\\/frequence-sille.org\\\/newsite\\\/\"},{\"@type\":\"ListItem\",\"position\":2,\"name\":\"Passe la seconde 2025-2026\"}]},{\"@type\":\"WebSite\",\"@id\":\"https:\\\/\\\/frequence-sille.org\\\/newsite\\\/#website\",\"url\":\"https:\\\/\\\/frequence-sille.org\\\/newsite\\\/\",\"name\":\"Fr\u00e9quence Sill\u00e9\",\"description\":\"Bien plus qu&#039;une radio...votre radio !\",\"publisher\":{\"@id\":\"https:\\\/\\\/frequence-sille.org\\\/newsite\\\/#organization\"},\"potentialAction\":[{\"@type\":\"SearchAction\",\"target\":{\"@type\":\"EntryPoint\",\"urlTemplate\":\"https:\\\/\\\/frequence-sille.org\\\/newsite\\\/?s={search_term_string}\"},\"query-input\":{\"@type\":\"PropertyValueSpecification\",\"valueRequired\":true,\"valueName\":\"search_term_string\"}}],\"inLanguage\":\"fr-FR\"},{\"@type\":\"Organization\",\"@id\":\"https:\\\/\\\/frequence-sille.org\\\/newsite\\\/#organization\",\"name\":\"Fr\u00e9quence Sill\u00e9\",\"url\":\"https:\\\/\\\/frequence-sille.org\\\/newsite\\\/\",\"logo\":{\"@type\":\"ImageObject\",\"inLanguage\":\"fr-FR\",\"@id\":\"https:\\\/\\\/frequence-sille.org\\\/newsite\\\/#\\\/schema\\\/logo\\\/image\\\/\",\"url\":\"https:\\\/\\\/frequence-sille.org\\\/newsite\\\/wp-content\\\/uploads\\\/2023\\\/07\\\/LOGO_979_NOIR.png\",\"contentUrl\":\"https:\\\/\\\/frequence-sille.org\\\/newsite\\\/wp-content\\\/uploads\\\/2023\\\/07\\\/LOGO_979_NOIR.png\",\"width\":7680,\"height\":4320,\"caption\":\"Fr\u00e9quence Sill\u00e9\"},\"image\":{\"@id\":\"https:\\\/\\\/frequence-sille.org\\\/newsite\\\/#\\\/schema\\\/logo\\\/image\\\/\"},\"sameAs\":[\"https:\\\/\\\/www.facebook.com\\\/frequencesille979fm\",\"https:\\\/\\\/x.com\\\/freqsille979\",\"https:\\\/\\\/www.instagram.com\\\/frequencesille\\\/\"]}]}<\/script>\n<!-- \/ Yoast SEO plugin. -->","yoast_head_json":{"title":"Passe la seconde 2025-2026 - Fr\u00e9quence Sill\u00e9","robots":{"index":"index","follow":"follow","max-snippet":"max-snippet:-1","max-image-preview":"max-image-preview:large","max-video-preview":"max-video-preview:-1"},"canonical":"https:\/\/frequence-sille.org\/newsite\/passe-la-seconde-2025-2026\/","og_locale":"fr_FR","og_type":"article","og_title":"Passe la seconde 2025-2026 - Fr\u00e9quence Sill\u00e9","og_description":"Les lyc\u00e9ens reviennent \u00e0 l\u2019antenne avec leur nouvelle \u00e9mission \u201cPasse la seconde\u201d, compos\u00e9e d\u2019\u00e9l\u00e8ves de seconde A et anim\u00e9e par leur professeur de fran\u00e7ais Fr\u00e9d\u00e9ric Le Moigne. Toutes les deux&hellip;","og_url":"https:\/\/frequence-sille.org\/newsite\/passe-la-seconde-2025-2026\/","og_site_name":"Fr\u00e9quence Sill\u00e9","article_publisher":"https:\/\/www.facebook.com\/frequencesille979fm","article_modified_time":"2025-11-07T14:52:11+00:00","og_image":[{"width":1080,"height":1080,"url":"https:\/\/frequence-sille.org\/newsite\/wp-content\/uploads\/2025\/11\/PLS-2025-2026.png","type":"image\/png"}],"twitter_card":"summary_large_image","twitter_site":"@freqsille979","twitter_misc":{"Dur\u00e9e de lecture estim\u00e9e":"1 minute"},"schema":{"@context":"https:\/\/schema.org","@graph":[{"@type":"WebPage","@id":"https:\/\/frequence-sille.org\/newsite\/passe-la-seconde-2025-2026\/","url":"https:\/\/frequence-sille.org\/newsite\/passe-la-seconde-2025-2026\/","name":"Passe la seconde 2025-2026 - Fr\u00e9quence Sill\u00e9","isPartOf":{"@id":"https:\/\/frequence-sille.org\/newsite\/#website"},"primaryImageOfPage":{"@id":"https:\/\/frequence-sille.org\/newsite\/passe-la-seconde-2025-2026\/#primaryimage"},"image":{"@id":"https:\/\/frequence-sille.org\/newsite\/passe-la-seconde-2025-2026\/#primaryimage"},"thumbnailUrl":"https:\/\/frequence-sille.org\/newsite\/wp-content\/uploads\/2025\/11\/PLS-2025-2026-e1762527339581.png","datePublished":"2025-11-07T14:46:28+00:00","dateModified":"2025-11-07T14:52:11+00:00","breadcrumb":{"@id":"https:\/\/frequence-sille.org\/newsite\/passe-la-seconde-2025-2026\/#breadcrumb"},"inLanguage":"fr-FR","potentialAction":[{"@type":"ReadAction","target":["https:\/\/frequence-sille.org\/newsite\/passe-la-seconde-2025-2026\/"]}]},{"@type":"ImageObject","inLanguage":"fr-FR","@id":"https:\/\/frequence-sille.org\/newsite\/passe-la-seconde-2025-2026\/#primaryimage","url":"https:\/\/frequence-sille.org\/newsite\/wp-content\/uploads\/2025\/11\/PLS-2025-2026-e1762527339581.png","contentUrl":"https:\/\/frequence-sille.org\/newsite\/wp-content\/uploads\/2025\/11\/PLS-2025-2026-e1762527339581.png","width":1080,"height":550},{"@type":"BreadcrumbList","@id":"https:\/\/frequence-sille.org\/newsite\/passe-la-seconde-2025-2026\/#breadcrumb","itemListElement":[{"@type":"ListItem","position":1,"name":"Accueil","item":"https:\/\/frequence-sille.org\/newsite\/"},{"@type":"ListItem","position":2,"name":"Passe la seconde 2025-2026"}]},{"@type":"WebSite","@id":"https:\/\/frequence-sille.org\/newsite\/#website","url":"https:\/\/frequence-sille.org\/newsite\/","name":"Fr\u00e9quence Sill\u00e9","description":"Bien plus qu&#039;une radio...votre radio !","publisher":{"@id":"https:\/\/frequence-sille.org\/newsite\/#organization"},"potentialAction":[{"@type":"SearchAction","target":{"@type":"EntryPoint","urlTemplate":"https:\/\/frequence-sille.org\/newsite\/?s={search_term_string}"},"query-input":{"@type":"PropertyValueSpecification","valueRequired":true,"valueName":"search_term_string"}}],"inLanguage":"fr-FR"},{"@type":"Organization","@id":"https:\/\/frequence-sille.org\/newsite\/#organization","name":"Fr\u00e9quence Sill\u00e9","url":"https:\/\/frequence-sille.org\/newsite\/","logo":{"@type":"ImageObject","inLanguage":"fr-FR","@id":"https:\/\/frequence-sille.org\/newsite\/#\/schema\/logo\/image\/","url":"https:\/\/frequence-sille.org\/newsite\/wp-content\/uploads\/2023\/07\/LOGO_979_NOIR.png","contentUrl":"https:\/\/frequence-sille.org\/newsite\/wp-content\/uploads\/2023\/07\/LOGO_979_NOIR.png","width":7680,"height":4320,"caption":"Fr\u00e9quence Sill\u00e9"},"image":{"@id":"https:\/\/frequence-sille.org\/newsite\/#\/schema\/logo\/image\/"},"sameAs":["https:\/\/www.facebook.com\/frequencesille979fm","https:\/\/x.com\/freqsille979","https:\/\/www.instagram.com\/frequencesille\/"]}]}},"_links":{"self":[{"href":"https:\/\/frequence-sille.org\/newsite\/wp-json\/wp\/v2\/pages\/15880","targetHints":{"allow":["GET"]}}],"collection":[{"href":"https:\/\/frequence-sille.org\/newsite\/wp-json\/wp\/v2\/pages"}],"about":[{"href":"https:\/\/frequence-sille.org\/newsite\/wp-json\/wp\/v2\/types\/page"}],"author":[{"embeddable":true,"href":"https:\/\/frequence-sille.org\/newsite\/wp-json\/wp\/v2\/users\/1"}],"replies":[{"embeddable":true,"href":"https:\/\/frequence-sille.org\/newsite\/wp-json\/wp\/v2\/comments?post=15880"}],"version-history":[{"count":2,"href":"https:\/\/frequence-sille.org\/newsite\/wp-json\/wp\/v2\/pages\/15880\/revisions"}],"predecessor-version":[{"id":15886,"href":"https:\/\/frequence-sille.org\/newsite\/wp-json\/wp\/v2\/pages\/15880\/revisions\/15886"}],"wp:featuredmedia":[{"embeddable":true,"href":"https:\/\/frequence-sille.org\/newsite\/wp-json\/wp\/v2\/media\/15882"}],"wp:attachment":[{"href":"https:\/\/frequence-sille.org\/newsite\/wp-json\/wp\/v2\/media?parent=15880"}],"curies":[{"name":"wp","href":"https:\/\/api.w.org\/{rel}","templated":true}]}}