{"id":160,"date":"2016-07-25T08:38:37","date_gmt":"2016-07-25T07:38:37","guid":{"rendered":"http:\/\/frequence-sille.org\/newsite\/?page_id=160"},"modified":"2021-09-08T17:38:39","modified_gmt":"2021-09-08T16:38:39","slug":"credits","status":"publish","type":"page","link":"https:\/\/frequence-sille.org\/newsite\/credits\/","title":{"rendered":"Cr\u00e9dits"},"content":{"rendered":"<p><strong>G\u00e9n\u00e9ral :<\/strong><\/p>\n<p><span style=\"text-decoration: underline;\">Conception \/ r\u00e9alisation du site &#8211; Fr\u00e9quence Sill\u00e9 2016 :<br \/>\n<\/span><\/p>\n<p>Sur le th\u00e8me WordPress : Backstreet &#8211; Blog &amp; Magazine Theme :<\/p>\n<p><a href=\"https:\/\/themeforest.net\/item\/backstreet-blog-magazine-theme\/1680564\" target=\"_blank\" rel=\"noopener noreferrer\">https:\/\/themeforest.net\/item\/backstreet-blog-magazine-theme\/1680564<\/a><\/p>\n<p><span style=\"text-decoration: underline;\">H\u00e9bergement du site Internet de Fr\u00e9quence Sill\u00e9 :<\/span><\/p>\n<p>OVH &#8211; 2 rue Kellermann &#8211; 59100 Roubaix &#8211; France<\/p>\n<p><span style=\"text-decoration: underline;\">H\u00e9bergement des podcasts sur UniversPodcast :<\/span><\/p>\n<p><a href=\"http:\/\/frequencesille.universpodcast.com\/\" target=\"_blank\" rel=\"noopener noreferrer\">http:\/\/frequencesille.universpodcast.com\/<\/a><\/p>\n<p>&nbsp;<\/p>\n<p><strong>Informations sur l&rsquo;\u00e9diteur du site \/ Contacts :<\/strong><\/p>\n<p>Le site www.frequence-sille.org est la propri\u00e9t\u00e9 de l&rsquo;association Fr\u00e9quence Sill\u00e9 dont l&rsquo;adresse est la suivante :<\/p>\n<p>Fr\u00e9quence Sill\u00e9<br \/>\nCit\u00e9 Scolaire Paul Scarron<br \/>\nRoute de Mont-Saint-Jean<br \/>\n72140 Sill\u00e9 le Guillaume<br \/>\nT\u00e9l : 02 43 20 34 67<br \/>\nFax : 02 43 20 59 11<br \/>\nM\u00e9l : contacts@frequence-sille.org<\/p>\n<p>Directeur de publication : Eric Lucas<\/p>\n<p>&nbsp;<\/p>\n<p><strong>Dispositions relatives \u00e0 la loi Informatique et Libert\u00e9s :<\/strong><\/p>\n<p>Conform\u00e9ment aux articles 26 et 27 de la Loi N\u00b078-17 \u00a0\u00bb Informatiques et Libert\u00e9s \u00a0\u00bb du 6 janvier 1978, toute personne cit\u00e9e sur ce site (articles, photos, documents sonores&#8230;) peut s&rsquo;opposer \u00e0 la diffusion ou faire modifier toute information la concernant.<\/p>\n<p>Ce droit s&rsquo;applique \u00e9galement \u00e0 toute personne faisant l&rsquo;objet d&rsquo;un traitement informatique des donn\u00e9es personnelles la concernant, notamment lors de l&#8217;emploi du formulaire mis \u00e0 disposition pour l&rsquo;envoi de communiqu\u00e9s de presse (veuillez noter \u00e0 ce sujet que ces donn\u00e9es personnelles, nom, pr\u00e9nom et adresse m\u00e9l notamment, sont uniquement r\u00e9serv\u00e9es \u00e0 un usage interne et ne sont en aucun cas communiqu\u00e9es \u00e0 des tiers).<\/p>\n<p>Pour exercer le droit d&rsquo;acc\u00e8s, de modification, de rectification et de suppression de donn\u00e9es diffus\u00e9es qui vous sont attach\u00e9es (article 34 de la Loi \u00a0\u00bb Informatiques et Libert\u00e9s \u00ab\u00a0), il vous suffit, soit de nous \u00e9crire \u00e0 l&rsquo;adresse Fr\u00e9quence Sill\u00e9 &#8211; Cit\u00e9 Scolaire Paul Scarron &#8211; Route de Mont-Saint-Jean -72140 Sill\u00e9 le Guillaume, soit de nous en faire la demande par courrier \u00e9lectronique \u00e0 : contacts@frequence-sille.org<\/p>\n<p>L&rsquo;utilisateur trouvera des informations sur ses droits et devoirs et sur la protection des donn\u00e9es individuelles sur le site de la Commission Nationale Informatique et Libert\u00e9s (www.cnil.fr).<\/p>\n<p>&nbsp;<\/p>\n<p><strong>Droits d&rsquo;auteur &#8211; Copyright :<\/strong><\/p>\n<p>Le site www.frequence-sille.org rel\u00e8ve de la l\u00e9gislation fran\u00e7aise et internationale sur le droit d&rsquo;auteur et la propri\u00e9t\u00e9 intellectuelle. Tous les \u00e9l\u00e9ments (logos, textes, graphiques, illustrations, photographies, documents sonores, portions de code informatique, etc.), y compris les documents t\u00e9l\u00e9chargeables, figurant sur ce site sont prot\u00e9g\u00e9s par le droit de la propri\u00e9t\u00e9 litt\u00e9raire et artistique. Conform\u00e9ment \u00e0 l&rsquo;article L. 122-4 du Code de la Propri\u00e9t\u00e9 Intellectuelle, \u00ab\u00a0toute repr\u00e9sentation ou reproduction int\u00e9grale ou partielle faite sans le consentement de l&rsquo;auteur ou de ses ayants-droit, ou ayants-cause est illicite. Il en est de m\u00eame pour la traduction l&rsquo;adaptation ou la transformation, l&rsquo;arrangement ou la reproduction par un art ou un proc\u00e9d\u00e9 quelconque\u00a0\u00bb.<\/p>\n<p>&nbsp;<\/p>\n<p><strong>Liens \u00e0 d&rsquo;autres sites Internet :<\/strong><\/p>\n<p>Les liens vers d&rsquo;autres sites Internet pr\u00e9sents sur ce site sont fournis exclusivement pour vous fournir une information plus compl\u00e8te. Si vous utilisez ces liens, vous quitterez le site www.frequence-sille.org. Fr\u00e9quence Sill\u00e9 a v\u00e9rifi\u00e9 la page point\u00e9e par le lien actif mais il ne contr\u00f4le ni n&rsquo;est responsable de ces sites ou de leur contenu.<\/p>\n<p>Pour cette raison, Fr\u00e9quence Sill\u00e9 d\u00e9cline toute responsabilit\u00e9 concernant ces sites ou les informations y figurant, les logiciels ou autres documents qui s&rsquo;y trouvent ou concernant les cons\u00e9quences de leur utilisation. Si vous d\u00e9cidez d&rsquo;acc\u00e9der \u00e0 des sites externes reli\u00e9s \u00e0 notre site, vous le faites sous votre enti\u00e8re responsabilit\u00e9.<\/p>\n<p>&nbsp;<\/p>\n<p><strong>Exon\u00e9ration de responsabilit\u00e9 :<\/strong><\/p>\n<p>Il appartient \u00e0 l&rsquo;utilisateur de ce site de prendre toutes les mesures appropri\u00e9es de fa\u00e7on \u00e0 prot\u00e9ger ses propres donn\u00e9es et\/ou logiciels de contamination par d&rsquo;\u00e9ventuels virus circulant sur le r\u00e9seau Internet.<\/p>\n<p>Fr\u00e9quence Sill\u00e9 ne pourra \u00eatre tenu responsable des dommages directs ou indirects r\u00e9sultant de l&rsquo;usage de son site Internet ou d&rsquo;autres sites qui lui sont li\u00e9s, notamment du fait de non-acc\u00e8s \u00e0 son site, de dysfonctionnements li\u00e9s au r\u00e9seau Internet, \u00e0 l&rsquo;h\u00e9bergeur du site ou l&rsquo;h\u00e9bergeur d&rsquo;une partie du site ou d&rsquo;interruption de service pour cause de maintenance ou de mise \u00e0 jour.<\/p>\n<p>Les informations contenues dans ce site ainsi que cette mention l\u00e9gale peuvent faire l&rsquo;objet de modification ou de suppression \u00e0 tout moment et sans pr\u00e9avis.<\/p>\n","protected":false},"excerpt":{"rendered":"<p>G\u00e9n\u00e9ral : Conception \/ r\u00e9alisation du site &#8211; Fr\u00e9quence Sill\u00e9 2016 : Sur le th\u00e8me WordPress : Backstreet &#8211; Blog &amp; Magazine Theme : https:\/\/themeforest.net\/item\/backstreet-blog-magazine-theme\/1680564 H\u00e9bergement du site Internet de&hellip;<\/p>\n","protected":false},"author":1,"featured_media":0,"parent":0,"menu_order":174,"comment_status":"closed","ping_status":"closed","template":"","meta":{"footnotes":""},"class_list":["post-160","page","type-page","status-publish","hentry","no-post-thumbnail"],"yoast_head":"<!-- This site is optimized with the Yoast SEO plugin v27.4 - https:\/\/yoast.com\/product\/yoast-seo-wordpress\/ -->\n<title>Cr\u00e9dits - Fr\u00e9quence Sill\u00e9<\/title>\n<meta name=\"robots\" content=\"index, follow, max-snippet:-1, max-image-preview:large, max-video-preview:-1\" \/>\n<link rel=\"canonical\" href=\"https:\/\/frequence-sille.org\/newsite\/credits\/\" \/>\n<meta property=\"og:locale\" content=\"fr_FR\" \/>\n<meta property=\"og:type\" content=\"article\" \/>\n<meta property=\"og:title\" content=\"Cr\u00e9dits - Fr\u00e9quence Sill\u00e9\" \/>\n<meta property=\"og:description\" content=\"G\u00e9n\u00e9ral : Conception \/ r\u00e9alisation du site &#8211; Fr\u00e9quence Sill\u00e9 2016 : Sur le th\u00e8me WordPress : Backstreet &#8211; Blog &amp; Magazine Theme : https:\/\/themeforest.net\/item\/backstreet-blog-magazine-theme\/1680564 H\u00e9bergement du site Internet de&hellip;\" \/>\n<meta property=\"og:url\" content=\"https:\/\/frequence-sille.org\/newsite\/credits\/\" \/>\n<meta property=\"og:site_name\" content=\"Fr\u00e9quence Sill\u00e9\" \/>\n<meta property=\"article:publisher\" content=\"https:\/\/www.facebook.com\/frequencesille979fm\" \/>\n<meta property=\"article:modified_time\" content=\"2021-09-08T16:38:39+00:00\" \/>\n<meta name=\"twitter:card\" content=\"summary_large_image\" \/>\n<meta name=\"twitter:site\" content=\"@freqsille979\" \/>\n<meta name=\"twitter:label1\" content=\"Dur\u00e9e de lecture estim\u00e9e\" \/>\n\t<meta name=\"twitter:data1\" content=\"4 minutes\" \/>\n<script type=\"application\/ld+json\" class=\"yoast-schema-graph\">{\"@context\":\"https:\\\/\\\/schema.org\",\"@graph\":[{\"@type\":\"WebPage\",\"@id\":\"https:\\\/\\\/frequence-sille.org\\\/newsite\\\/credits\\\/\",\"url\":\"https:\\\/\\\/frequence-sille.org\\\/newsite\\\/credits\\\/\",\"name\":\"Cr\u00e9dits - Fr\u00e9quence Sill\u00e9\",\"isPartOf\":{\"@id\":\"https:\\\/\\\/frequence-sille.org\\\/newsite\\\/#website\"},\"datePublished\":\"2016-07-25T07:38:37+00:00\",\"dateModified\":\"2021-09-08T16:38:39+00:00\",\"breadcrumb\":{\"@id\":\"https:\\\/\\\/frequence-sille.org\\\/newsite\\\/credits\\\/#breadcrumb\"},\"inLanguage\":\"fr-FR\",\"potentialAction\":[{\"@type\":\"ReadAction\",\"target\":[\"https:\\\/\\\/frequence-sille.org\\\/newsite\\\/credits\\\/\"]}]},{\"@type\":\"BreadcrumbList\",\"@id\":\"https:\\\/\\\/frequence-sille.org\\\/newsite\\\/credits\\\/#breadcrumb\",\"itemListElement\":[{\"@type\":\"ListItem\",\"position\":1,\"name\":\"Accueil\",\"item\":\"https:\\\/\\\/frequence-sille.org\\\/newsite\\\/\"},{\"@type\":\"ListItem\",\"position\":2,\"name\":\"Cr\u00e9dits\"}]},{\"@type\":\"WebSite\",\"@id\":\"https:\\\/\\\/frequence-sille.org\\\/newsite\\\/#website\",\"url\":\"https:\\\/\\\/frequence-sille.org\\\/newsite\\\/\",\"name\":\"Fr\u00e9quence Sill\u00e9\",\"description\":\"Bien plus qu&#039;une radio...votre radio !\",\"publisher\":{\"@id\":\"https:\\\/\\\/frequence-sille.org\\\/newsite\\\/#organization\"},\"potentialAction\":[{\"@type\":\"SearchAction\",\"target\":{\"@type\":\"EntryPoint\",\"urlTemplate\":\"https:\\\/\\\/frequence-sille.org\\\/newsite\\\/?s={search_term_string}\"},\"query-input\":{\"@type\":\"PropertyValueSpecification\",\"valueRequired\":true,\"valueName\":\"search_term_string\"}}],\"inLanguage\":\"fr-FR\"},{\"@type\":\"Organization\",\"@id\":\"https:\\\/\\\/frequence-sille.org\\\/newsite\\\/#organization\",\"name\":\"Fr\u00e9quence Sill\u00e9\",\"url\":\"https:\\\/\\\/frequence-sille.org\\\/newsite\\\/\",\"logo\":{\"@type\":\"ImageObject\",\"inLanguage\":\"fr-FR\",\"@id\":\"https:\\\/\\\/frequence-sille.org\\\/newsite\\\/#\\\/schema\\\/logo\\\/image\\\/\",\"url\":\"https:\\\/\\\/frequence-sille.org\\\/newsite\\\/wp-content\\\/uploads\\\/2023\\\/07\\\/LOGO_979_NOIR.png\",\"contentUrl\":\"https:\\\/\\\/frequence-sille.org\\\/newsite\\\/wp-content\\\/uploads\\\/2023\\\/07\\\/LOGO_979_NOIR.png\",\"width\":7680,\"height\":4320,\"caption\":\"Fr\u00e9quence Sill\u00e9\"},\"image\":{\"@id\":\"https:\\\/\\\/frequence-sille.org\\\/newsite\\\/#\\\/schema\\\/logo\\\/image\\\/\"},\"sameAs\":[\"https:\\\/\\\/www.facebook.com\\\/frequencesille979fm\",\"https:\\\/\\\/x.com\\\/freqsille979\",\"https:\\\/\\\/www.instagram.com\\\/frequencesille\\\/\"]}]}<\/script>\n<!-- \/ Yoast SEO plugin. -->","yoast_head_json":{"title":"Cr\u00e9dits - Fr\u00e9quence Sill\u00e9","robots":{"index":"index","follow":"follow","max-snippet":"max-snippet:-1","max-image-preview":"max-image-preview:large","max-video-preview":"max-video-preview:-1"},"canonical":"https:\/\/frequence-sille.org\/newsite\/credits\/","og_locale":"fr_FR","og_type":"article","og_title":"Cr\u00e9dits - Fr\u00e9quence Sill\u00e9","og_description":"G\u00e9n\u00e9ral : Conception \/ r\u00e9alisation du site &#8211; Fr\u00e9quence Sill\u00e9 2016 : Sur le th\u00e8me WordPress : Backstreet &#8211; Blog &amp; Magazine Theme : https:\/\/themeforest.net\/item\/backstreet-blog-magazine-theme\/1680564 H\u00e9bergement du site Internet de&hellip;","og_url":"https:\/\/frequence-sille.org\/newsite\/credits\/","og_site_name":"Fr\u00e9quence Sill\u00e9","article_publisher":"https:\/\/www.facebook.com\/frequencesille979fm","article_modified_time":"2021-09-08T16:38:39+00:00","twitter_card":"summary_large_image","twitter_site":"@freqsille979","twitter_misc":{"Dur\u00e9e de lecture estim\u00e9e":"4 minutes"},"schema":{"@context":"https:\/\/schema.org","@graph":[{"@type":"WebPage","@id":"https:\/\/frequence-sille.org\/newsite\/credits\/","url":"https:\/\/frequence-sille.org\/newsite\/credits\/","name":"Cr\u00e9dits - Fr\u00e9quence Sill\u00e9","isPartOf":{"@id":"https:\/\/frequence-sille.org\/newsite\/#website"},"datePublished":"2016-07-25T07:38:37+00:00","dateModified":"2021-09-08T16:38:39+00:00","breadcrumb":{"@id":"https:\/\/frequence-sille.org\/newsite\/credits\/#breadcrumb"},"inLanguage":"fr-FR","potentialAction":[{"@type":"ReadAction","target":["https:\/\/frequence-sille.org\/newsite\/credits\/"]}]},{"@type":"BreadcrumbList","@id":"https:\/\/frequence-sille.org\/newsite\/credits\/#breadcrumb","itemListElement":[{"@type":"ListItem","position":1,"name":"Accueil","item":"https:\/\/frequence-sille.org\/newsite\/"},{"@type":"ListItem","position":2,"name":"Cr\u00e9dits"}]},{"@type":"WebSite","@id":"https:\/\/frequence-sille.org\/newsite\/#website","url":"https:\/\/frequence-sille.org\/newsite\/","name":"Fr\u00e9quence Sill\u00e9","description":"Bien plus qu&#039;une radio...votre radio !","publisher":{"@id":"https:\/\/frequence-sille.org\/newsite\/#organization"},"potentialAction":[{"@type":"SearchAction","target":{"@type":"EntryPoint","urlTemplate":"https:\/\/frequence-sille.org\/newsite\/?s={search_term_string}"},"query-input":{"@type":"PropertyValueSpecification","valueRequired":true,"valueName":"search_term_string"}}],"inLanguage":"fr-FR"},{"@type":"Organization","@id":"https:\/\/frequence-sille.org\/newsite\/#organization","name":"Fr\u00e9quence Sill\u00e9","url":"https:\/\/frequence-sille.org\/newsite\/","logo":{"@type":"ImageObject","inLanguage":"fr-FR","@id":"https:\/\/frequence-sille.org\/newsite\/#\/schema\/logo\/image\/","url":"https:\/\/frequence-sille.org\/newsite\/wp-content\/uploads\/2023\/07\/LOGO_979_NOIR.png","contentUrl":"https:\/\/frequence-sille.org\/newsite\/wp-content\/uploads\/2023\/07\/LOGO_979_NOIR.png","width":7680,"height":4320,"caption":"Fr\u00e9quence Sill\u00e9"},"image":{"@id":"https:\/\/frequence-sille.org\/newsite\/#\/schema\/logo\/image\/"},"sameAs":["https:\/\/www.facebook.com\/frequencesille979fm","https:\/\/x.com\/freqsille979","https:\/\/www.instagram.com\/frequencesille\/"]}]}},"_links":{"self":[{"href":"https:\/\/frequence-sille.org\/newsite\/wp-json\/wp\/v2\/pages\/160","targetHints":{"allow":["GET"]}}],"collection":[{"href":"https:\/\/frequence-sille.org\/newsite\/wp-json\/wp\/v2\/pages"}],"about":[{"href":"https:\/\/frequence-sille.org\/newsite\/wp-json\/wp\/v2\/types\/page"}],"author":[{"embeddable":true,"href":"https:\/\/frequence-sille.org\/newsite\/wp-json\/wp\/v2\/users\/1"}],"replies":[{"embeddable":true,"href":"https:\/\/frequence-sille.org\/newsite\/wp-json\/wp\/v2\/comments?post=160"}],"version-history":[{"count":8,"href":"https:\/\/frequence-sille.org\/newsite\/wp-json\/wp\/v2\/pages\/160\/revisions"}],"predecessor-version":[{"id":5555,"href":"https:\/\/frequence-sille.org\/newsite\/wp-json\/wp\/v2\/pages\/160\/revisions\/5555"}],"wp:attachment":[{"href":"https:\/\/frequence-sille.org\/newsite\/wp-json\/wp\/v2\/media?parent=160"}],"curies":[{"name":"wp","href":"https:\/\/api.w.org\/{rel}","templated":true}]}}