{"id":170,"date":"2016-07-26T07:31:55","date_gmt":"2016-07-26T06:31:55","guid":{"rendered":"http:\/\/frequence-sille.org\/newsite\/?page_id=170"},"modified":"2021-09-08T17:38:36","modified_gmt":"2021-09-08T16:38:36","slug":"qui-sommes-nous","status":"publish","type":"page","link":"https:\/\/frequence-sille.org\/newsite\/la-radio\/qui-sommes-nous\/","title":{"rendered":"Qui sommes nous ?"},"content":{"rendered":"<p>N\u00e9e en 1991, Fr\u00e9quence-Sill\u00e9 est une radio associative non commerciale \u00e9mettant depuis Sill\u00e9 le Guillaume, dans la Sarthe. Notre radio \u00e9met dans un rayon au-del\u00e0 d&rsquo;une trentaine de kilom\u00e8tres autour de Sill\u00e9, sur la fr\u00e9quence 97.9 FM.<\/p>\n<p style=\"text-align: center;\"><img loading=\"lazy\" decoding=\"async\" class=\"alignnone size-full wp-image-311\" src=\"http:\/\/frequence-sille.org\/newsite\/wp-content\/uploads\/2016\/07\/photo-site-qui-sommes.jpg\" alt=\"photo site qui sommes\" width=\"400\" height=\"300\" srcset=\"https:\/\/frequence-sille.org\/newsite\/wp-content\/uploads\/2016\/07\/photo-site-qui-sommes.jpg 400w, https:\/\/frequence-sille.org\/newsite\/wp-content\/uploads\/2016\/07\/photo-site-qui-sommes-300x225.jpg 300w\" sizes=\"auto, (max-width: 400px) 100vw, 400px\" \/><br \/>\n<em>Studio 1<\/em><\/p>\n<p>Radio locale associative, Fr\u00e9quence Sill\u00e9 est vou\u00e9e \u00e0 la communication sociale de proximit\u00e9. Elle est donc au service du territoire et de ses habitants. Structure culturelle et de communication en milieu rural, elle soutient des initiatives pour le d\u00e9veloppement local et le rayonnement de sa r\u00e9gion. Elle assume son identit\u00e9 de radio rurale avec fiert\u00e9\u00a0!<\/p>\n<p style=\"text-align: center;\"><img loading=\"lazy\" decoding=\"async\" class=\"alignnone size-full wp-image-312\" src=\"http:\/\/frequence-sille.org\/newsite\/wp-content\/uploads\/2016\/07\/web-studio-ville.jpg\" alt=\"web studio ville\" width=\"400\" height=\"300\" srcset=\"https:\/\/frequence-sille.org\/newsite\/wp-content\/uploads\/2016\/07\/web-studio-ville.jpg 400w, https:\/\/frequence-sille.org\/newsite\/wp-content\/uploads\/2016\/07\/web-studio-ville-300x225.jpg 300w\" sizes=\"auto, (max-width: 400px) 100vw, 400px\" \/><br \/>\n<em>Studio annexe<\/em><\/p>\n<p>Elle dispose de 2 studios. Le studio principal install\u00e9 au c\u0153ur de la cit\u00e9 scolaire Paul Scarron, un studio annexe, en vitrine Place de la R\u00e9publique au T\u00e9l\u00e9centre \u00e0 Sill\u00e9 le Guillaume. Son statut historique de radio en milieu scolaire, lui permet d\u2019offrir la possibilit\u00e9 aux \u00e9l\u00e8ves de devenir\u00a0 acteurs d&rsquo;un authentique m\u00e9dia, en contribuant au d\u00e9veloppement de leur personnalit\u00e9, \u00e0 leur r\u00e9ussite scolaire et \u00e0 leur engagement citoyen.<\/p>\n<p>C&rsquo;est un site d&rsquo;exp\u00e9rimentations, de productions de haut niveau r\u00e9alis\u00e9es dans l&rsquo;atelier artistique et salu\u00e9es par des festivals, un site reconnu par la R\u00e9gion \u00a0\u00bb P\u00f4le d&rsquo;excellence et de ressource autour de la Parole\u00a0\u00bb.<\/p>\n<p style=\"text-align: center;\"><img loading=\"lazy\" decoding=\"async\" class=\"alignnone size-full wp-image-321\" src=\"http:\/\/frequence-sille.org\/newsite\/wp-content\/uploads\/2016\/07\/radio-atelier-artistique.jpg\" alt=\"radio-atelier-artistique\" width=\"174\" height=\"130\" \/><br \/>\n<em>Atelier artistique<\/em><\/p>\n<p>C\u2019est une r\u00e9f\u00e9rence internationale sur la question \u00a0\u00bb Radio et \u00e9ducation \u00a0\u00bb : \u00e9dition, colloque, action de coop\u00e9ration, ateliers, formation professionnelle.<\/p>\n<p>La radio se situe concr\u00e8tement dans plusieurs champs :<\/p>\n<ul>\n<li>Animation, information, communication : elle parle du Pays de la Haute Sarthe et en fait parler les acteurs et les citoyens.<\/li>\n<li>Innovation p\u00e9dagogique et \u00e9ducative\u00a0: \u00e9ducation aux m\u00e9dias et \u00e0 la citoyennet\u00e9<\/li>\n<li>Formation professionnelle en tant qu\u2019organisme agr\u00e9\u00e9<\/li>\n<li>Diversification de services de proximit\u00e9<\/li>\n<li>Entreprise de l&rsquo;\u00e9conomie sociale<\/li>\n<li>Acteur de terrain du d\u00e9veloppement local<\/li>\n<li>Coordination et partenariats en projets de coop\u00e9ration internationale<\/li>\n<li>Sauvegarde du patrimoine sonore<\/li>\n<li>Valorisation de la production sonore culturelle au-del\u00e0 de la radio<\/li>\n<li>Cr\u00e9ation d\u2019\u00e9v\u00e9nements locaux, nationaux et internationaux\u00a0: exemple COP 21 en 2015<\/li>\n<\/ul>\n<p>Elle est impliqu\u00e9e dans des d\u00e9marches f\u00e9d\u00e9ratives :<\/p>\n<ul>\n<li>Fr\u00e9quence-Sill\u00e9 est membre de la FRAMA, F\u00e9d\u00e9ration des Radios Associatives Maine Anjou qui regroupe les radios\u00a0 associatives du d\u00e9partement de la Sarthe et du Maine et les am\u00e8ne \u00e0 collaborer.<\/li>\n<li>Fr\u00e9quence-Sill\u00e9 adh\u00e8re au SNRL, Syndicat National des Radios Libres, organisation nationale repr\u00e9sentative du secteur, qui regroupe plus de 300 radios. Eric Lucas y assure les fonctions de D\u00e9l\u00e9gu\u00e9 National \u00e0 l&rsquo;Education et \u00e0 la Coop\u00e9ration.<\/li>\n<li>Fr\u00e9quence-Sill\u00e9 est membre de l&rsquo;AMARC, Association Mondiale des Artisans des Radios Communautaires, depuis 1998 et y joue un r\u00f4le actif sur la th\u00e9matique radio et \u00e9ducation. Eric Lucas est membre du Conseil d\u2019administration de l\u2019AMARC Europe<\/li>\n<\/ul>\n<p>Notre structure, association \u00e0 but non lucratif qui allie l&rsquo;\u00e9nergie d&rsquo;une \u00e9quipe de salari\u00e9s et de b\u00e9n\u00e9voles, est depuis 1991 vue comme une \u00ab\u00a0agitatrice d&rsquo;id\u00e9es\u00a0\u00bb. Elle a donc souvent \u00e9t\u00e9 initiatrice, porteuse et coordinatrice de programmes d\u2019action.<\/p>\n<p>Pour faire vivre cette diversification innovante, toutes les \u00e9nergies b\u00e9n\u00e9voles qui souhaiteraient nous rejoindre sont les bienvenues.<\/p>\n","protected":false},"excerpt":{"rendered":"<p>N\u00e9e en 1991, Fr\u00e9quence-Sill\u00e9 est une radio associative non commerciale \u00e9mettant depuis Sill\u00e9 le Guillaume, dans la Sarthe. Notre radio \u00e9met dans un rayon au-del\u00e0 d&rsquo;une trentaine de kilom\u00e8tres autour&hellip;<\/p>\n","protected":false},"author":1,"featured_media":0,"parent":8,"menu_order":1,"comment_status":"closed","ping_status":"closed","template":"","meta":{"footnotes":""},"class_list":["post-170","page","type-page","status-publish","hentry","no-post-thumbnail"],"yoast_head":"<!-- This site is optimized with the Yoast SEO plugin v27.3 - https:\/\/yoast.com\/product\/yoast-seo-wordpress\/ -->\n<title>Qui sommes nous ? - Fr\u00e9quence Sill\u00e9<\/title>\n<meta name=\"robots\" content=\"index, follow, max-snippet:-1, max-image-preview:large, max-video-preview:-1\" \/>\n<link rel=\"canonical\" href=\"https:\/\/frequence-sille.org\/newsite\/la-radio\/qui-sommes-nous\/\" \/>\n<meta property=\"og:locale\" content=\"fr_FR\" \/>\n<meta property=\"og:type\" content=\"article\" \/>\n<meta property=\"og:title\" content=\"Qui sommes nous ? - Fr\u00e9quence Sill\u00e9\" \/>\n<meta property=\"og:description\" content=\"N\u00e9e en 1991, Fr\u00e9quence-Sill\u00e9 est une radio associative non commerciale \u00e9mettant depuis Sill\u00e9 le Guillaume, dans la Sarthe. Notre radio \u00e9met dans un rayon au-del\u00e0 d&rsquo;une trentaine de kilom\u00e8tres autour&hellip;\" \/>\n<meta property=\"og:url\" content=\"https:\/\/frequence-sille.org\/newsite\/la-radio\/qui-sommes-nous\/\" \/>\n<meta property=\"og:site_name\" content=\"Fr\u00e9quence Sill\u00e9\" \/>\n<meta property=\"article:publisher\" content=\"https:\/\/www.facebook.com\/frequencesille979fm\" \/>\n<meta property=\"article:modified_time\" content=\"2021-09-08T16:38:36+00:00\" \/>\n<meta property=\"og:image\" content=\"http:\/\/frequence-sille.org\/newsite\/wp-content\/uploads\/2016\/07\/photo-site-qui-sommes.jpg\" \/>\n<meta name=\"twitter:card\" content=\"summary_large_image\" \/>\n<meta name=\"twitter:site\" content=\"@freqsille979\" \/>\n<meta name=\"twitter:label1\" content=\"Dur\u00e9e de lecture estim\u00e9e\" \/>\n\t<meta name=\"twitter:data1\" content=\"3 minutes\" \/>\n<script type=\"application\/ld+json\" class=\"yoast-schema-graph\">{\"@context\":\"https:\\\/\\\/schema.org\",\"@graph\":[{\"@type\":\"WebPage\",\"@id\":\"https:\\\/\\\/frequence-sille.org\\\/newsite\\\/la-radio\\\/qui-sommes-nous\\\/\",\"url\":\"https:\\\/\\\/frequence-sille.org\\\/newsite\\\/la-radio\\\/qui-sommes-nous\\\/\",\"name\":\"Qui sommes nous ? - Fr\u00e9quence Sill\u00e9\",\"isPartOf\":{\"@id\":\"https:\\\/\\\/frequence-sille.org\\\/newsite\\\/#website\"},\"primaryImageOfPage\":{\"@id\":\"https:\\\/\\\/frequence-sille.org\\\/newsite\\\/la-radio\\\/qui-sommes-nous\\\/#primaryimage\"},\"image\":{\"@id\":\"https:\\\/\\\/frequence-sille.org\\\/newsite\\\/la-radio\\\/qui-sommes-nous\\\/#primaryimage\"},\"thumbnailUrl\":\"http:\\\/\\\/frequence-sille.org\\\/newsite\\\/wp-content\\\/uploads\\\/2016\\\/07\\\/photo-site-qui-sommes.jpg\",\"datePublished\":\"2016-07-26T06:31:55+00:00\",\"dateModified\":\"2021-09-08T16:38:36+00:00\",\"breadcrumb\":{\"@id\":\"https:\\\/\\\/frequence-sille.org\\\/newsite\\\/la-radio\\\/qui-sommes-nous\\\/#breadcrumb\"},\"inLanguage\":\"fr-FR\",\"potentialAction\":[{\"@type\":\"ReadAction\",\"target\":[\"https:\\\/\\\/frequence-sille.org\\\/newsite\\\/la-radio\\\/qui-sommes-nous\\\/\"]}]},{\"@type\":\"ImageObject\",\"inLanguage\":\"fr-FR\",\"@id\":\"https:\\\/\\\/frequence-sille.org\\\/newsite\\\/la-radio\\\/qui-sommes-nous\\\/#primaryimage\",\"url\":\"https:\\\/\\\/frequence-sille.org\\\/newsite\\\/wp-content\\\/uploads\\\/2016\\\/07\\\/photo-site-qui-sommes.jpg\",\"contentUrl\":\"https:\\\/\\\/frequence-sille.org\\\/newsite\\\/wp-content\\\/uploads\\\/2016\\\/07\\\/photo-site-qui-sommes.jpg\",\"width\":400,\"height\":300},{\"@type\":\"BreadcrumbList\",\"@id\":\"https:\\\/\\\/frequence-sille.org\\\/newsite\\\/la-radio\\\/qui-sommes-nous\\\/#breadcrumb\",\"itemListElement\":[{\"@type\":\"ListItem\",\"position\":1,\"name\":\"Accueil\",\"item\":\"https:\\\/\\\/frequence-sille.org\\\/newsite\\\/\"},{\"@type\":\"ListItem\",\"position\":2,\"name\":\"La radio\",\"item\":\"https:\\\/\\\/frequence-sille.org\\\/newsite\\\/la-radio\\\/\"},{\"@type\":\"ListItem\",\"position\":3,\"name\":\"Qui sommes nous ?\"}]},{\"@type\":\"WebSite\",\"@id\":\"https:\\\/\\\/frequence-sille.org\\\/newsite\\\/#website\",\"url\":\"https:\\\/\\\/frequence-sille.org\\\/newsite\\\/\",\"name\":\"Fr\u00e9quence Sill\u00e9\",\"description\":\"Bien plus qu&#039;une radio...votre radio !\",\"publisher\":{\"@id\":\"https:\\\/\\\/frequence-sille.org\\\/newsite\\\/#organization\"},\"potentialAction\":[{\"@type\":\"SearchAction\",\"target\":{\"@type\":\"EntryPoint\",\"urlTemplate\":\"https:\\\/\\\/frequence-sille.org\\\/newsite\\\/?s={search_term_string}\"},\"query-input\":{\"@type\":\"PropertyValueSpecification\",\"valueRequired\":true,\"valueName\":\"search_term_string\"}}],\"inLanguage\":\"fr-FR\"},{\"@type\":\"Organization\",\"@id\":\"https:\\\/\\\/frequence-sille.org\\\/newsite\\\/#organization\",\"name\":\"Fr\u00e9quence Sill\u00e9\",\"url\":\"https:\\\/\\\/frequence-sille.org\\\/newsite\\\/\",\"logo\":{\"@type\":\"ImageObject\",\"inLanguage\":\"fr-FR\",\"@id\":\"https:\\\/\\\/frequence-sille.org\\\/newsite\\\/#\\\/schema\\\/logo\\\/image\\\/\",\"url\":\"https:\\\/\\\/frequence-sille.org\\\/newsite\\\/wp-content\\\/uploads\\\/2023\\\/07\\\/LOGO_979_NOIR.png\",\"contentUrl\":\"https:\\\/\\\/frequence-sille.org\\\/newsite\\\/wp-content\\\/uploads\\\/2023\\\/07\\\/LOGO_979_NOIR.png\",\"width\":7680,\"height\":4320,\"caption\":\"Fr\u00e9quence Sill\u00e9\"},\"image\":{\"@id\":\"https:\\\/\\\/frequence-sille.org\\\/newsite\\\/#\\\/schema\\\/logo\\\/image\\\/\"},\"sameAs\":[\"https:\\\/\\\/www.facebook.com\\\/frequencesille979fm\",\"https:\\\/\\\/x.com\\\/freqsille979\",\"https:\\\/\\\/www.instagram.com\\\/frequencesille\\\/\"]}]}<\/script>\n<!-- \/ Yoast SEO plugin. -->","yoast_head_json":{"title":"Qui sommes nous ? - Fr\u00e9quence Sill\u00e9","robots":{"index":"index","follow":"follow","max-snippet":"max-snippet:-1","max-image-preview":"max-image-preview:large","max-video-preview":"max-video-preview:-1"},"canonical":"https:\/\/frequence-sille.org\/newsite\/la-radio\/qui-sommes-nous\/","og_locale":"fr_FR","og_type":"article","og_title":"Qui sommes nous ? - Fr\u00e9quence Sill\u00e9","og_description":"N\u00e9e en 1991, Fr\u00e9quence-Sill\u00e9 est une radio associative non commerciale \u00e9mettant depuis Sill\u00e9 le Guillaume, dans la Sarthe. Notre radio \u00e9met dans un rayon au-del\u00e0 d&rsquo;une trentaine de kilom\u00e8tres autour&hellip;","og_url":"https:\/\/frequence-sille.org\/newsite\/la-radio\/qui-sommes-nous\/","og_site_name":"Fr\u00e9quence Sill\u00e9","article_publisher":"https:\/\/www.facebook.com\/frequencesille979fm","article_modified_time":"2021-09-08T16:38:36+00:00","og_image":[{"url":"http:\/\/frequence-sille.org\/newsite\/wp-content\/uploads\/2016\/07\/photo-site-qui-sommes.jpg","type":"","width":"","height":""}],"twitter_card":"summary_large_image","twitter_site":"@freqsille979","twitter_misc":{"Dur\u00e9e de lecture estim\u00e9e":"3 minutes"},"schema":{"@context":"https:\/\/schema.org","@graph":[{"@type":"WebPage","@id":"https:\/\/frequence-sille.org\/newsite\/la-radio\/qui-sommes-nous\/","url":"https:\/\/frequence-sille.org\/newsite\/la-radio\/qui-sommes-nous\/","name":"Qui sommes nous ? - Fr\u00e9quence Sill\u00e9","isPartOf":{"@id":"https:\/\/frequence-sille.org\/newsite\/#website"},"primaryImageOfPage":{"@id":"https:\/\/frequence-sille.org\/newsite\/la-radio\/qui-sommes-nous\/#primaryimage"},"image":{"@id":"https:\/\/frequence-sille.org\/newsite\/la-radio\/qui-sommes-nous\/#primaryimage"},"thumbnailUrl":"http:\/\/frequence-sille.org\/newsite\/wp-content\/uploads\/2016\/07\/photo-site-qui-sommes.jpg","datePublished":"2016-07-26T06:31:55+00:00","dateModified":"2021-09-08T16:38:36+00:00","breadcrumb":{"@id":"https:\/\/frequence-sille.org\/newsite\/la-radio\/qui-sommes-nous\/#breadcrumb"},"inLanguage":"fr-FR","potentialAction":[{"@type":"ReadAction","target":["https:\/\/frequence-sille.org\/newsite\/la-radio\/qui-sommes-nous\/"]}]},{"@type":"ImageObject","inLanguage":"fr-FR","@id":"https:\/\/frequence-sille.org\/newsite\/la-radio\/qui-sommes-nous\/#primaryimage","url":"https:\/\/frequence-sille.org\/newsite\/wp-content\/uploads\/2016\/07\/photo-site-qui-sommes.jpg","contentUrl":"https:\/\/frequence-sille.org\/newsite\/wp-content\/uploads\/2016\/07\/photo-site-qui-sommes.jpg","width":400,"height":300},{"@type":"BreadcrumbList","@id":"https:\/\/frequence-sille.org\/newsite\/la-radio\/qui-sommes-nous\/#breadcrumb","itemListElement":[{"@type":"ListItem","position":1,"name":"Accueil","item":"https:\/\/frequence-sille.org\/newsite\/"},{"@type":"ListItem","position":2,"name":"La radio","item":"https:\/\/frequence-sille.org\/newsite\/la-radio\/"},{"@type":"ListItem","position":3,"name":"Qui sommes nous ?"}]},{"@type":"WebSite","@id":"https:\/\/frequence-sille.org\/newsite\/#website","url":"https:\/\/frequence-sille.org\/newsite\/","name":"Fr\u00e9quence Sill\u00e9","description":"Bien plus qu&#039;une radio...votre radio !","publisher":{"@id":"https:\/\/frequence-sille.org\/newsite\/#organization"},"potentialAction":[{"@type":"SearchAction","target":{"@type":"EntryPoint","urlTemplate":"https:\/\/frequence-sille.org\/newsite\/?s={search_term_string}"},"query-input":{"@type":"PropertyValueSpecification","valueRequired":true,"valueName":"search_term_string"}}],"inLanguage":"fr-FR"},{"@type":"Organization","@id":"https:\/\/frequence-sille.org\/newsite\/#organization","name":"Fr\u00e9quence Sill\u00e9","url":"https:\/\/frequence-sille.org\/newsite\/","logo":{"@type":"ImageObject","inLanguage":"fr-FR","@id":"https:\/\/frequence-sille.org\/newsite\/#\/schema\/logo\/image\/","url":"https:\/\/frequence-sille.org\/newsite\/wp-content\/uploads\/2023\/07\/LOGO_979_NOIR.png","contentUrl":"https:\/\/frequence-sille.org\/newsite\/wp-content\/uploads\/2023\/07\/LOGO_979_NOIR.png","width":7680,"height":4320,"caption":"Fr\u00e9quence Sill\u00e9"},"image":{"@id":"https:\/\/frequence-sille.org\/newsite\/#\/schema\/logo\/image\/"},"sameAs":["https:\/\/www.facebook.com\/frequencesille979fm","https:\/\/x.com\/freqsille979","https:\/\/www.instagram.com\/frequencesille\/"]}]}},"_links":{"self":[{"href":"https:\/\/frequence-sille.org\/newsite\/wp-json\/wp\/v2\/pages\/170","targetHints":{"allow":["GET"]}}],"collection":[{"href":"https:\/\/frequence-sille.org\/newsite\/wp-json\/wp\/v2\/pages"}],"about":[{"href":"https:\/\/frequence-sille.org\/newsite\/wp-json\/wp\/v2\/types\/page"}],"author":[{"embeddable":true,"href":"https:\/\/frequence-sille.org\/newsite\/wp-json\/wp\/v2\/users\/1"}],"replies":[{"embeddable":true,"href":"https:\/\/frequence-sille.org\/newsite\/wp-json\/wp\/v2\/comments?post=170"}],"version-history":[{"count":8,"href":"https:\/\/frequence-sille.org\/newsite\/wp-json\/wp\/v2\/pages\/170\/revisions"}],"predecessor-version":[{"id":738,"href":"https:\/\/frequence-sille.org\/newsite\/wp-json\/wp\/v2\/pages\/170\/revisions\/738"}],"up":[{"embeddable":true,"href":"https:\/\/frequence-sille.org\/newsite\/wp-json\/wp\/v2\/pages\/8"}],"wp:attachment":[{"href":"https:\/\/frequence-sille.org\/newsite\/wp-json\/wp\/v2\/media?parent=170"}],"curies":[{"name":"wp","href":"https:\/\/api.w.org\/{rel}","templated":true}]}}