{"id":173,"date":"2016-07-26T07:33:05","date_gmt":"2016-07-26T06:33:05","guid":{"rendered":"http:\/\/frequence-sille.org\/newsite\/?page_id=173"},"modified":"2021-09-08T17:38:36","modified_gmt":"2021-09-08T16:38:36","slug":"zone-de-diffusion","status":"publish","type":"page","link":"https:\/\/frequence-sille.org\/newsite\/la-radio\/zone-de-diffusion\/","title":{"rendered":"Zone de diffusion"},"content":{"rendered":"<p><img loading=\"lazy\" decoding=\"async\" class=\"alignleft wp-image-347 size-full\" src=\"http:\/\/frequence-sille.org\/newsite\/wp-content\/uploads\/2016\/07\/zonediffusion.jpeg\" alt=\"zonediffusion\" width=\"198\" height=\"200\" srcset=\"https:\/\/frequence-sille.org\/newsite\/wp-content\/uploads\/2016\/07\/zonediffusion.jpeg 198w, https:\/\/frequence-sille.org\/newsite\/wp-content\/uploads\/2016\/07\/zonediffusion-140x140.jpeg 140w\" sizes=\"auto, (max-width: 198px) 100vw, 198px\" \/>Fr\u00e9quence Sill\u00e9 est diffus\u00e9e dans un rayon au-del\u00e0 d&rsquo;une trentaine de kilom\u00e8tres autour de Sill\u00e9 le Guillaume (dans le Nord-Ouest du d\u00e9partement de la Sarthe),au centre du losange Le Mans \u2013 Sabl\u00e9 Mayenne -Alen\u00e7on,\u00a0 sur les ondes du 97.9 FM.<\/p>\n<p>Son antenne est situ\u00e9 \u00e0 286 m, point culminant de cette r\u00e9gion.<br \/>\nNos programmes peuvent \u00e9galement \u00eatre \u00e9cout\u00e9s sur Internet via le lecteur audio pr\u00e9vu \u00e0 cet effet, ou en podcast sur ce site et nos espaces Facebook.<\/p>\n","protected":false},"excerpt":{"rendered":"<p>Fr\u00e9quence Sill\u00e9 est diffus\u00e9e dans un rayon au-del\u00e0 d&rsquo;une trentaine de kilom\u00e8tres autour de Sill\u00e9 le Guillaume (dans le Nord-Ouest du d\u00e9partement de la Sarthe),au centre du losange Le Mans&hellip;<\/p>\n","protected":false},"author":1,"featured_media":0,"parent":8,"menu_order":2,"comment_status":"closed","ping_status":"closed","template":"","meta":{"footnotes":""},"class_list":["post-173","page","type-page","status-publish","hentry","no-post-thumbnail"],"yoast_head":"<!-- This site is optimized with the Yoast SEO plugin v27.3 - https:\/\/yoast.com\/product\/yoast-seo-wordpress\/ -->\n<title>Zone de diffusion - Fr\u00e9quence Sill\u00e9<\/title>\n<meta name=\"robots\" content=\"index, follow, max-snippet:-1, max-image-preview:large, max-video-preview:-1\" \/>\n<link rel=\"canonical\" href=\"https:\/\/frequence-sille.org\/newsite\/la-radio\/zone-de-diffusion\/\" \/>\n<meta property=\"og:locale\" content=\"fr_FR\" \/>\n<meta property=\"og:type\" content=\"article\" \/>\n<meta property=\"og:title\" content=\"Zone de diffusion - Fr\u00e9quence Sill\u00e9\" \/>\n<meta property=\"og:description\" content=\"Fr\u00e9quence Sill\u00e9 est diffus\u00e9e dans un rayon au-del\u00e0 d&rsquo;une trentaine de kilom\u00e8tres autour de Sill\u00e9 le Guillaume (dans le Nord-Ouest du d\u00e9partement de la Sarthe),au centre du losange Le Mans&hellip;\" \/>\n<meta property=\"og:url\" content=\"https:\/\/frequence-sille.org\/newsite\/la-radio\/zone-de-diffusion\/\" \/>\n<meta property=\"og:site_name\" content=\"Fr\u00e9quence Sill\u00e9\" \/>\n<meta property=\"article:publisher\" content=\"https:\/\/www.facebook.com\/frequencesille979fm\" \/>\n<meta property=\"article:modified_time\" content=\"2021-09-08T16:38:36+00:00\" \/>\n<meta property=\"og:image\" content=\"http:\/\/frequence-sille.org\/newsite\/wp-content\/uploads\/2016\/07\/zonediffusion.jpeg\" \/>\n<meta name=\"twitter:card\" content=\"summary_large_image\" \/>\n<meta name=\"twitter:site\" content=\"@freqsille979\" \/>\n<script type=\"application\/ld+json\" class=\"yoast-schema-graph\">{\"@context\":\"https:\\\/\\\/schema.org\",\"@graph\":[{\"@type\":\"WebPage\",\"@id\":\"https:\\\/\\\/frequence-sille.org\\\/newsite\\\/la-radio\\\/zone-de-diffusion\\\/\",\"url\":\"https:\\\/\\\/frequence-sille.org\\\/newsite\\\/la-radio\\\/zone-de-diffusion\\\/\",\"name\":\"Zone de diffusion - Fr\u00e9quence Sill\u00e9\",\"isPartOf\":{\"@id\":\"https:\\\/\\\/frequence-sille.org\\\/newsite\\\/#website\"},\"primaryImageOfPage\":{\"@id\":\"https:\\\/\\\/frequence-sille.org\\\/newsite\\\/la-radio\\\/zone-de-diffusion\\\/#primaryimage\"},\"image\":{\"@id\":\"https:\\\/\\\/frequence-sille.org\\\/newsite\\\/la-radio\\\/zone-de-diffusion\\\/#primaryimage\"},\"thumbnailUrl\":\"http:\\\/\\\/frequence-sille.org\\\/newsite\\\/wp-content\\\/uploads\\\/2016\\\/07\\\/zonediffusion.jpeg\",\"datePublished\":\"2016-07-26T06:33:05+00:00\",\"dateModified\":\"2021-09-08T16:38:36+00:00\",\"breadcrumb\":{\"@id\":\"https:\\\/\\\/frequence-sille.org\\\/newsite\\\/la-radio\\\/zone-de-diffusion\\\/#breadcrumb\"},\"inLanguage\":\"fr-FR\",\"potentialAction\":[{\"@type\":\"ReadAction\",\"target\":[\"https:\\\/\\\/frequence-sille.org\\\/newsite\\\/la-radio\\\/zone-de-diffusion\\\/\"]}]},{\"@type\":\"ImageObject\",\"inLanguage\":\"fr-FR\",\"@id\":\"https:\\\/\\\/frequence-sille.org\\\/newsite\\\/la-radio\\\/zone-de-diffusion\\\/#primaryimage\",\"url\":\"https:\\\/\\\/frequence-sille.org\\\/newsite\\\/wp-content\\\/uploads\\\/2016\\\/07\\\/zonediffusion.jpeg\",\"contentUrl\":\"https:\\\/\\\/frequence-sille.org\\\/newsite\\\/wp-content\\\/uploads\\\/2016\\\/07\\\/zonediffusion.jpeg\",\"width\":198,\"height\":200},{\"@type\":\"BreadcrumbList\",\"@id\":\"https:\\\/\\\/frequence-sille.org\\\/newsite\\\/la-radio\\\/zone-de-diffusion\\\/#breadcrumb\",\"itemListElement\":[{\"@type\":\"ListItem\",\"position\":1,\"name\":\"Accueil\",\"item\":\"https:\\\/\\\/frequence-sille.org\\\/newsite\\\/\"},{\"@type\":\"ListItem\",\"position\":2,\"name\":\"La radio\",\"item\":\"https:\\\/\\\/frequence-sille.org\\\/newsite\\\/la-radio\\\/\"},{\"@type\":\"ListItem\",\"position\":3,\"name\":\"Zone de diffusion\"}]},{\"@type\":\"WebSite\",\"@id\":\"https:\\\/\\\/frequence-sille.org\\\/newsite\\\/#website\",\"url\":\"https:\\\/\\\/frequence-sille.org\\\/newsite\\\/\",\"name\":\"Fr\u00e9quence Sill\u00e9\",\"description\":\"Bien plus qu&#039;une radio...votre radio !\",\"publisher\":{\"@id\":\"https:\\\/\\\/frequence-sille.org\\\/newsite\\\/#organization\"},\"potentialAction\":[{\"@type\":\"SearchAction\",\"target\":{\"@type\":\"EntryPoint\",\"urlTemplate\":\"https:\\\/\\\/frequence-sille.org\\\/newsite\\\/?s={search_term_string}\"},\"query-input\":{\"@type\":\"PropertyValueSpecification\",\"valueRequired\":true,\"valueName\":\"search_term_string\"}}],\"inLanguage\":\"fr-FR\"},{\"@type\":\"Organization\",\"@id\":\"https:\\\/\\\/frequence-sille.org\\\/newsite\\\/#organization\",\"name\":\"Fr\u00e9quence Sill\u00e9\",\"url\":\"https:\\\/\\\/frequence-sille.org\\\/newsite\\\/\",\"logo\":{\"@type\":\"ImageObject\",\"inLanguage\":\"fr-FR\",\"@id\":\"https:\\\/\\\/frequence-sille.org\\\/newsite\\\/#\\\/schema\\\/logo\\\/image\\\/\",\"url\":\"https:\\\/\\\/frequence-sille.org\\\/newsite\\\/wp-content\\\/uploads\\\/2023\\\/07\\\/LOGO_979_NOIR.png\",\"contentUrl\":\"https:\\\/\\\/frequence-sille.org\\\/newsite\\\/wp-content\\\/uploads\\\/2023\\\/07\\\/LOGO_979_NOIR.png\",\"width\":7680,\"height\":4320,\"caption\":\"Fr\u00e9quence Sill\u00e9\"},\"image\":{\"@id\":\"https:\\\/\\\/frequence-sille.org\\\/newsite\\\/#\\\/schema\\\/logo\\\/image\\\/\"},\"sameAs\":[\"https:\\\/\\\/www.facebook.com\\\/frequencesille979fm\",\"https:\\\/\\\/x.com\\\/freqsille979\",\"https:\\\/\\\/www.instagram.com\\\/frequencesille\\\/\"]}]}<\/script>\n<!-- \/ Yoast SEO plugin. -->","yoast_head_json":{"title":"Zone de diffusion - Fr\u00e9quence Sill\u00e9","robots":{"index":"index","follow":"follow","max-snippet":"max-snippet:-1","max-image-preview":"max-image-preview:large","max-video-preview":"max-video-preview:-1"},"canonical":"https:\/\/frequence-sille.org\/newsite\/la-radio\/zone-de-diffusion\/","og_locale":"fr_FR","og_type":"article","og_title":"Zone de diffusion - Fr\u00e9quence Sill\u00e9","og_description":"Fr\u00e9quence Sill\u00e9 est diffus\u00e9e dans un rayon au-del\u00e0 d&rsquo;une trentaine de kilom\u00e8tres autour de Sill\u00e9 le Guillaume (dans le Nord-Ouest du d\u00e9partement de la Sarthe),au centre du losange Le Mans&hellip;","og_url":"https:\/\/frequence-sille.org\/newsite\/la-radio\/zone-de-diffusion\/","og_site_name":"Fr\u00e9quence Sill\u00e9","article_publisher":"https:\/\/www.facebook.com\/frequencesille979fm","article_modified_time":"2021-09-08T16:38:36+00:00","og_image":[{"url":"http:\/\/frequence-sille.org\/newsite\/wp-content\/uploads\/2016\/07\/zonediffusion.jpeg","type":"","width":"","height":""}],"twitter_card":"summary_large_image","twitter_site":"@freqsille979","schema":{"@context":"https:\/\/schema.org","@graph":[{"@type":"WebPage","@id":"https:\/\/frequence-sille.org\/newsite\/la-radio\/zone-de-diffusion\/","url":"https:\/\/frequence-sille.org\/newsite\/la-radio\/zone-de-diffusion\/","name":"Zone de diffusion - Fr\u00e9quence Sill\u00e9","isPartOf":{"@id":"https:\/\/frequence-sille.org\/newsite\/#website"},"primaryImageOfPage":{"@id":"https:\/\/frequence-sille.org\/newsite\/la-radio\/zone-de-diffusion\/#primaryimage"},"image":{"@id":"https:\/\/frequence-sille.org\/newsite\/la-radio\/zone-de-diffusion\/#primaryimage"},"thumbnailUrl":"http:\/\/frequence-sille.org\/newsite\/wp-content\/uploads\/2016\/07\/zonediffusion.jpeg","datePublished":"2016-07-26T06:33:05+00:00","dateModified":"2021-09-08T16:38:36+00:00","breadcrumb":{"@id":"https:\/\/frequence-sille.org\/newsite\/la-radio\/zone-de-diffusion\/#breadcrumb"},"inLanguage":"fr-FR","potentialAction":[{"@type":"ReadAction","target":["https:\/\/frequence-sille.org\/newsite\/la-radio\/zone-de-diffusion\/"]}]},{"@type":"ImageObject","inLanguage":"fr-FR","@id":"https:\/\/frequence-sille.org\/newsite\/la-radio\/zone-de-diffusion\/#primaryimage","url":"https:\/\/frequence-sille.org\/newsite\/wp-content\/uploads\/2016\/07\/zonediffusion.jpeg","contentUrl":"https:\/\/frequence-sille.org\/newsite\/wp-content\/uploads\/2016\/07\/zonediffusion.jpeg","width":198,"height":200},{"@type":"BreadcrumbList","@id":"https:\/\/frequence-sille.org\/newsite\/la-radio\/zone-de-diffusion\/#breadcrumb","itemListElement":[{"@type":"ListItem","position":1,"name":"Accueil","item":"https:\/\/frequence-sille.org\/newsite\/"},{"@type":"ListItem","position":2,"name":"La radio","item":"https:\/\/frequence-sille.org\/newsite\/la-radio\/"},{"@type":"ListItem","position":3,"name":"Zone de diffusion"}]},{"@type":"WebSite","@id":"https:\/\/frequence-sille.org\/newsite\/#website","url":"https:\/\/frequence-sille.org\/newsite\/","name":"Fr\u00e9quence Sill\u00e9","description":"Bien plus qu&#039;une radio...votre radio !","publisher":{"@id":"https:\/\/frequence-sille.org\/newsite\/#organization"},"potentialAction":[{"@type":"SearchAction","target":{"@type":"EntryPoint","urlTemplate":"https:\/\/frequence-sille.org\/newsite\/?s={search_term_string}"},"query-input":{"@type":"PropertyValueSpecification","valueRequired":true,"valueName":"search_term_string"}}],"inLanguage":"fr-FR"},{"@type":"Organization","@id":"https:\/\/frequence-sille.org\/newsite\/#organization","name":"Fr\u00e9quence Sill\u00e9","url":"https:\/\/frequence-sille.org\/newsite\/","logo":{"@type":"ImageObject","inLanguage":"fr-FR","@id":"https:\/\/frequence-sille.org\/newsite\/#\/schema\/logo\/image\/","url":"https:\/\/frequence-sille.org\/newsite\/wp-content\/uploads\/2023\/07\/LOGO_979_NOIR.png","contentUrl":"https:\/\/frequence-sille.org\/newsite\/wp-content\/uploads\/2023\/07\/LOGO_979_NOIR.png","width":7680,"height":4320,"caption":"Fr\u00e9quence Sill\u00e9"},"image":{"@id":"https:\/\/frequence-sille.org\/newsite\/#\/schema\/logo\/image\/"},"sameAs":["https:\/\/www.facebook.com\/frequencesille979fm","https:\/\/x.com\/freqsille979","https:\/\/www.instagram.com\/frequencesille\/"]}]}},"_links":{"self":[{"href":"https:\/\/frequence-sille.org\/newsite\/wp-json\/wp\/v2\/pages\/173","targetHints":{"allow":["GET"]}}],"collection":[{"href":"https:\/\/frequence-sille.org\/newsite\/wp-json\/wp\/v2\/pages"}],"about":[{"href":"https:\/\/frequence-sille.org\/newsite\/wp-json\/wp\/v2\/types\/page"}],"author":[{"embeddable":true,"href":"https:\/\/frequence-sille.org\/newsite\/wp-json\/wp\/v2\/users\/1"}],"replies":[{"embeddable":true,"href":"https:\/\/frequence-sille.org\/newsite\/wp-json\/wp\/v2\/comments?post=173"}],"version-history":[{"count":3,"href":"https:\/\/frequence-sille.org\/newsite\/wp-json\/wp\/v2\/pages\/173\/revisions"}],"predecessor-version":[{"id":348,"href":"https:\/\/frequence-sille.org\/newsite\/wp-json\/wp\/v2\/pages\/173\/revisions\/348"}],"up":[{"embeddable":true,"href":"https:\/\/frequence-sille.org\/newsite\/wp-json\/wp\/v2\/pages\/8"}],"wp:attachment":[{"href":"https:\/\/frequence-sille.org\/newsite\/wp-json\/wp\/v2\/media?parent=173"}],"curies":[{"name":"wp","href":"https:\/\/api.w.org\/{rel}","templated":true}]}}