{"id":18,"date":"2016-07-23T08:48:19","date_gmt":"2016-07-23T07:48:19","guid":{"rendered":"http:\/\/frequence-sille.org\/newsite\/?page_id=18"},"modified":"2021-09-08T17:38:36","modified_gmt":"2021-09-08T16:38:36","slug":"ligne-editoriale","status":"publish","type":"page","link":"https:\/\/frequence-sille.org\/newsite\/la-radio\/ligne-editoriale\/","title":{"rendered":"Ligne \u00e9ditoriale"},"content":{"rendered":"<p>Par sa mission de communication sociale de proximit\u00e9, Fr\u00e9quence Sill\u00e9, traite l\u2019actualit\u00e9 en priorisant son territoire (Pays de Sill\u00e9, Pays de Haute Sarthe), le D\u00e9partement et la R\u00e9gion. Sa sp\u00e9cificit\u00e9 de radio de territoire l&rsquo;am\u00e8ne \u00e0 donner la parole aux acteurs de ces territoires et aux porteurs d&rsquo;initiatives ou de projets dans diff\u00e9rents domaines artistique, culturel, sportif, social, \u00e9conomique, \u00e9ducatif, politique&#8230;<\/p>\n<p>Passerelle d&rsquo;informations, la radio constitue un interm\u00e9diaire de communication pour que les auditeurs trouvent leurs compte sur des sujets tels le cadre de vie des citoyens, le mieux vivre ensemble, le respect de la diversit\u00e9, le d\u00e9veloppement local et les pr\u00e9occupation du quotidien (emploi, environnement, handicap , \u00e9ducation, de vie associative, loisirs)<\/p>\n<p>Fr\u00e9quence Sill\u00e9 donne la possibilit\u00e9 aux organisateurs d\u2019\u00e9v\u00e9nements, de r\u00e9unions, de loisirs du Territoire de faire conna\u00eetre leurs initiatives et d\u2019y inviter le public.<\/p>\n<p>Attach\u00e9e \u00e0 son r\u00f4le de m\u00e9dia de terrain, la radio installe souvent son studio mobile au c\u0153ur d&rsquo;un \u00e9v\u00e9nement afin d&rsquo;en assurer la couverture m\u00e9diatique en direct.<\/p>\n<p>Pionni\u00e8re en \u00e9ducation aux m\u00e9dias, elle int\u00e8gre dans sa programmation des r\u00e9alisations d&rsquo;\u00e9l\u00e8ves\u00a0: il s\u2019agit d\u2019\u00e9missions d\u2019information et de cr\u00e9ation dans l\u2019atelier.<\/p>\n<p>Une couleur d\u2019antenne originale \u00e0 dominante Pop rock et chanson fran\u00e7aise. Elle est bas\u00e9e sur l&rsquo;id\u00e9e de surprendre l&rsquo;auditeur et de l&rsquo;ouvrir \u00e0 de nouveaux talents musicales, en mettant par exemple l&rsquo;accent sur la diffusion des artistes locaux.<\/p>\n<p>Si vous souhaitez contacter la r\u00e9daction pour nous faire part d&rsquo;une actualit\u00e9,annoncer un \u00e9v\u00e9nement&#8230;., cliquez ici: contacts.<\/p>\n<p>Sur ce, BONNE ECOUTE!!!<\/p>\n","protected":false},"excerpt":{"rendered":"<p>Par sa mission de communication sociale de proximit\u00e9, Fr\u00e9quence Sill\u00e9, traite l\u2019actualit\u00e9 en priorisant son territoire (Pays de Sill\u00e9, Pays de Haute Sarthe), le D\u00e9partement et la R\u00e9gion. Sa sp\u00e9cificit\u00e9&hellip;<\/p>\n","protected":false},"author":1,"featured_media":0,"parent":8,"menu_order":4,"comment_status":"closed","ping_status":"closed","template":"","meta":{"footnotes":""},"class_list":["post-18","page","type-page","status-publish","hentry","no-post-thumbnail"],"yoast_head":"<!-- This site is optimized with the Yoast SEO plugin v27.3 - https:\/\/yoast.com\/product\/yoast-seo-wordpress\/ -->\n<title>Ligne \u00e9ditoriale - Fr\u00e9quence Sill\u00e9<\/title>\n<meta name=\"robots\" content=\"index, follow, max-snippet:-1, max-image-preview:large, max-video-preview:-1\" \/>\n<link rel=\"canonical\" href=\"https:\/\/frequence-sille.org\/newsite\/la-radio\/ligne-editoriale\/\" \/>\n<meta property=\"og:locale\" content=\"fr_FR\" \/>\n<meta property=\"og:type\" content=\"article\" \/>\n<meta property=\"og:title\" content=\"Ligne \u00e9ditoriale - Fr\u00e9quence Sill\u00e9\" \/>\n<meta property=\"og:description\" content=\"Par sa mission de communication sociale de proximit\u00e9, Fr\u00e9quence Sill\u00e9, traite l\u2019actualit\u00e9 en priorisant son territoire (Pays de Sill\u00e9, Pays de Haute Sarthe), le D\u00e9partement et la R\u00e9gion. Sa sp\u00e9cificit\u00e9&hellip;\" \/>\n<meta property=\"og:url\" content=\"https:\/\/frequence-sille.org\/newsite\/la-radio\/ligne-editoriale\/\" \/>\n<meta property=\"og:site_name\" content=\"Fr\u00e9quence Sill\u00e9\" \/>\n<meta property=\"article:publisher\" content=\"https:\/\/www.facebook.com\/frequencesille979fm\" \/>\n<meta property=\"article:modified_time\" content=\"2021-09-08T16:38:36+00:00\" \/>\n<meta name=\"twitter:card\" content=\"summary_large_image\" \/>\n<meta name=\"twitter:site\" content=\"@freqsille979\" \/>\n<meta name=\"twitter:label1\" content=\"Dur\u00e9e de lecture estim\u00e9e\" \/>\n\t<meta name=\"twitter:data1\" content=\"1 minute\" \/>\n<script type=\"application\/ld+json\" class=\"yoast-schema-graph\">{\"@context\":\"https:\\\/\\\/schema.org\",\"@graph\":[{\"@type\":\"WebPage\",\"@id\":\"https:\\\/\\\/frequence-sille.org\\\/newsite\\\/la-radio\\\/ligne-editoriale\\\/\",\"url\":\"https:\\\/\\\/frequence-sille.org\\\/newsite\\\/la-radio\\\/ligne-editoriale\\\/\",\"name\":\"Ligne \u00e9ditoriale - Fr\u00e9quence Sill\u00e9\",\"isPartOf\":{\"@id\":\"https:\\\/\\\/frequence-sille.org\\\/newsite\\\/#website\"},\"datePublished\":\"2016-07-23T07:48:19+00:00\",\"dateModified\":\"2021-09-08T16:38:36+00:00\",\"breadcrumb\":{\"@id\":\"https:\\\/\\\/frequence-sille.org\\\/newsite\\\/la-radio\\\/ligne-editoriale\\\/#breadcrumb\"},\"inLanguage\":\"fr-FR\",\"potentialAction\":[{\"@type\":\"ReadAction\",\"target\":[\"https:\\\/\\\/frequence-sille.org\\\/newsite\\\/la-radio\\\/ligne-editoriale\\\/\"]}]},{\"@type\":\"BreadcrumbList\",\"@id\":\"https:\\\/\\\/frequence-sille.org\\\/newsite\\\/la-radio\\\/ligne-editoriale\\\/#breadcrumb\",\"itemListElement\":[{\"@type\":\"ListItem\",\"position\":1,\"name\":\"Accueil\",\"item\":\"https:\\\/\\\/frequence-sille.org\\\/newsite\\\/\"},{\"@type\":\"ListItem\",\"position\":2,\"name\":\"La radio\",\"item\":\"https:\\\/\\\/frequence-sille.org\\\/newsite\\\/la-radio\\\/\"},{\"@type\":\"ListItem\",\"position\":3,\"name\":\"Ligne \u00e9ditoriale\"}]},{\"@type\":\"WebSite\",\"@id\":\"https:\\\/\\\/frequence-sille.org\\\/newsite\\\/#website\",\"url\":\"https:\\\/\\\/frequence-sille.org\\\/newsite\\\/\",\"name\":\"Fr\u00e9quence Sill\u00e9\",\"description\":\"Bien plus qu&#039;une radio...votre radio !\",\"publisher\":{\"@id\":\"https:\\\/\\\/frequence-sille.org\\\/newsite\\\/#organization\"},\"potentialAction\":[{\"@type\":\"SearchAction\",\"target\":{\"@type\":\"EntryPoint\",\"urlTemplate\":\"https:\\\/\\\/frequence-sille.org\\\/newsite\\\/?s={search_term_string}\"},\"query-input\":{\"@type\":\"PropertyValueSpecification\",\"valueRequired\":true,\"valueName\":\"search_term_string\"}}],\"inLanguage\":\"fr-FR\"},{\"@type\":\"Organization\",\"@id\":\"https:\\\/\\\/frequence-sille.org\\\/newsite\\\/#organization\",\"name\":\"Fr\u00e9quence Sill\u00e9\",\"url\":\"https:\\\/\\\/frequence-sille.org\\\/newsite\\\/\",\"logo\":{\"@type\":\"ImageObject\",\"inLanguage\":\"fr-FR\",\"@id\":\"https:\\\/\\\/frequence-sille.org\\\/newsite\\\/#\\\/schema\\\/logo\\\/image\\\/\",\"url\":\"https:\\\/\\\/frequence-sille.org\\\/newsite\\\/wp-content\\\/uploads\\\/2023\\\/07\\\/LOGO_979_NOIR.png\",\"contentUrl\":\"https:\\\/\\\/frequence-sille.org\\\/newsite\\\/wp-content\\\/uploads\\\/2023\\\/07\\\/LOGO_979_NOIR.png\",\"width\":7680,\"height\":4320,\"caption\":\"Fr\u00e9quence Sill\u00e9\"},\"image\":{\"@id\":\"https:\\\/\\\/frequence-sille.org\\\/newsite\\\/#\\\/schema\\\/logo\\\/image\\\/\"},\"sameAs\":[\"https:\\\/\\\/www.facebook.com\\\/frequencesille979fm\",\"https:\\\/\\\/x.com\\\/freqsille979\",\"https:\\\/\\\/www.instagram.com\\\/frequencesille\\\/\"]}]}<\/script>\n<!-- \/ Yoast SEO plugin. -->","yoast_head_json":{"title":"Ligne \u00e9ditoriale - Fr\u00e9quence Sill\u00e9","robots":{"index":"index","follow":"follow","max-snippet":"max-snippet:-1","max-image-preview":"max-image-preview:large","max-video-preview":"max-video-preview:-1"},"canonical":"https:\/\/frequence-sille.org\/newsite\/la-radio\/ligne-editoriale\/","og_locale":"fr_FR","og_type":"article","og_title":"Ligne \u00e9ditoriale - Fr\u00e9quence Sill\u00e9","og_description":"Par sa mission de communication sociale de proximit\u00e9, Fr\u00e9quence Sill\u00e9, traite l\u2019actualit\u00e9 en priorisant son territoire (Pays de Sill\u00e9, Pays de Haute Sarthe), le D\u00e9partement et la R\u00e9gion. Sa sp\u00e9cificit\u00e9&hellip;","og_url":"https:\/\/frequence-sille.org\/newsite\/la-radio\/ligne-editoriale\/","og_site_name":"Fr\u00e9quence Sill\u00e9","article_publisher":"https:\/\/www.facebook.com\/frequencesille979fm","article_modified_time":"2021-09-08T16:38:36+00:00","twitter_card":"summary_large_image","twitter_site":"@freqsille979","twitter_misc":{"Dur\u00e9e de lecture estim\u00e9e":"1 minute"},"schema":{"@context":"https:\/\/schema.org","@graph":[{"@type":"WebPage","@id":"https:\/\/frequence-sille.org\/newsite\/la-radio\/ligne-editoriale\/","url":"https:\/\/frequence-sille.org\/newsite\/la-radio\/ligne-editoriale\/","name":"Ligne \u00e9ditoriale - Fr\u00e9quence Sill\u00e9","isPartOf":{"@id":"https:\/\/frequence-sille.org\/newsite\/#website"},"datePublished":"2016-07-23T07:48:19+00:00","dateModified":"2021-09-08T16:38:36+00:00","breadcrumb":{"@id":"https:\/\/frequence-sille.org\/newsite\/la-radio\/ligne-editoriale\/#breadcrumb"},"inLanguage":"fr-FR","potentialAction":[{"@type":"ReadAction","target":["https:\/\/frequence-sille.org\/newsite\/la-radio\/ligne-editoriale\/"]}]},{"@type":"BreadcrumbList","@id":"https:\/\/frequence-sille.org\/newsite\/la-radio\/ligne-editoriale\/#breadcrumb","itemListElement":[{"@type":"ListItem","position":1,"name":"Accueil","item":"https:\/\/frequence-sille.org\/newsite\/"},{"@type":"ListItem","position":2,"name":"La radio","item":"https:\/\/frequence-sille.org\/newsite\/la-radio\/"},{"@type":"ListItem","position":3,"name":"Ligne \u00e9ditoriale"}]},{"@type":"WebSite","@id":"https:\/\/frequence-sille.org\/newsite\/#website","url":"https:\/\/frequence-sille.org\/newsite\/","name":"Fr\u00e9quence Sill\u00e9","description":"Bien plus qu&#039;une radio...votre radio !","publisher":{"@id":"https:\/\/frequence-sille.org\/newsite\/#organization"},"potentialAction":[{"@type":"SearchAction","target":{"@type":"EntryPoint","urlTemplate":"https:\/\/frequence-sille.org\/newsite\/?s={search_term_string}"},"query-input":{"@type":"PropertyValueSpecification","valueRequired":true,"valueName":"search_term_string"}}],"inLanguage":"fr-FR"},{"@type":"Organization","@id":"https:\/\/frequence-sille.org\/newsite\/#organization","name":"Fr\u00e9quence Sill\u00e9","url":"https:\/\/frequence-sille.org\/newsite\/","logo":{"@type":"ImageObject","inLanguage":"fr-FR","@id":"https:\/\/frequence-sille.org\/newsite\/#\/schema\/logo\/image\/","url":"https:\/\/frequence-sille.org\/newsite\/wp-content\/uploads\/2023\/07\/LOGO_979_NOIR.png","contentUrl":"https:\/\/frequence-sille.org\/newsite\/wp-content\/uploads\/2023\/07\/LOGO_979_NOIR.png","width":7680,"height":4320,"caption":"Fr\u00e9quence Sill\u00e9"},"image":{"@id":"https:\/\/frequence-sille.org\/newsite\/#\/schema\/logo\/image\/"},"sameAs":["https:\/\/www.facebook.com\/frequencesille979fm","https:\/\/x.com\/freqsille979","https:\/\/www.instagram.com\/frequencesille\/"]}]}},"_links":{"self":[{"href":"https:\/\/frequence-sille.org\/newsite\/wp-json\/wp\/v2\/pages\/18","targetHints":{"allow":["GET"]}}],"collection":[{"href":"https:\/\/frequence-sille.org\/newsite\/wp-json\/wp\/v2\/pages"}],"about":[{"href":"https:\/\/frequence-sille.org\/newsite\/wp-json\/wp\/v2\/types\/page"}],"author":[{"embeddable":true,"href":"https:\/\/frequence-sille.org\/newsite\/wp-json\/wp\/v2\/users\/1"}],"replies":[{"embeddable":true,"href":"https:\/\/frequence-sille.org\/newsite\/wp-json\/wp\/v2\/comments?post=18"}],"version-history":[{"count":3,"href":"https:\/\/frequence-sille.org\/newsite\/wp-json\/wp\/v2\/pages\/18\/revisions"}],"predecessor-version":[{"id":200,"href":"https:\/\/frequence-sille.org\/newsite\/wp-json\/wp\/v2\/pages\/18\/revisions\/200"}],"up":[{"embeddable":true,"href":"https:\/\/frequence-sille.org\/newsite\/wp-json\/wp\/v2\/pages\/8"}],"wp:attachment":[{"href":"https:\/\/frequence-sille.org\/newsite\/wp-json\/wp\/v2\/media?parent=18"}],"curies":[{"name":"wp","href":"https:\/\/api.w.org\/{rel}","templated":true}]}}