{"id":184,"date":"2016-07-26T07:36:32","date_gmt":"2016-07-26T06:36:32","guid":{"rendered":"http:\/\/frequence-sille.org\/newsite\/?page_id=184"},"modified":"2021-11-21T12:23:20","modified_gmt":"2021-11-21T11:23:20","slug":"creation-artistique","status":"publish","type":"page","link":"https:\/\/frequence-sille.org\/newsite\/nos-services\/creation-artistique\/","title":{"rendered":"Cr\u00e9ation artistique"},"content":{"rendered":"<p><strong>L&rsquo;atelier artistique et ses productions<\/strong><\/p>\n<p><img loading=\"lazy\" decoding=\"async\" class=\"size-medium wp-image-510 alignleft\" src=\"http:\/\/frequence-sille.org\/newsite\/wp-content\/uploads\/2016\/07\/atelier1-189x300.jpeg\" alt=\"atelier1\" width=\"189\" height=\"300\" srcset=\"https:\/\/frequence-sille.org\/newsite\/wp-content\/uploads\/2016\/07\/atelier1-189x300.jpeg 189w, https:\/\/frequence-sille.org\/newsite\/wp-content\/uploads\/2016\/07\/atelier1.jpeg 221w\" sizes=\"auto, (max-width: 189px) 100vw, 189px\" \/>Atelier voix d\u00e9velopp\u00e9 par Evelyne Poincheval au sein de Fr\u00e9quence Sill\u00e9 et de la Cit\u00e9 Scolaire Paul Scarron de Sill\u00e9 le Guillaume (72).<\/p>\n<p>Cet atelier, cr\u00e9\u00e9 en 1995, accueille des \u00e9l\u00e8ves du coll\u00e8ge et du lyc\u00e9e (de la 6\u00e8me \u00e0 la Terminale), dans le cadre de projets ponctuels et autonomes ou en relation avec d&rsquo;autres ateliers p\u00e9dagogiques d\u00e9velopp\u00e9s par les enseignants de la Cit\u00e9 Scolaire : ateliers \u00ab\u00a0po\u00e9sie\u00a0\u00bb, ateliers d&rsquo;\u00e9criture, atelier \u00ab\u00a0danse\u00a0\u00bb&#8230;<\/p>\n<p>La dynamique de l&rsquo;atelier \u00ab Voix \u00bb s&rsquo;\u00e9tant mobilis\u00e9e autour de la cr\u00e9ation de productions radiophoniques, les \u00e9l\u00e8ves sont invit\u00e9s \u00e0 suivre un cheminement dans la compr\u00e9hension et l&rsquo;appropriation des textes \u00e0 interpr\u00e9ter, s&rsquo;appuyant notamment sur un travail d&rsquo;exploration des cinq sens destin\u00e9 \u00e0 favoriser leur expression, leur cr\u00e9ativit\u00e9, leur \u00e9coute et \u00e0 \u00e9riger des passerelles entre les diff\u00e9rentes formes vocales (la parole, l&rsquo;\u00e9criture, la lecture, le chant, le silence).<\/p>\n<p>L&rsquo;\u00e9coute pr\u00e9cis\u00e9ment, de soi-m\u00eame et de l&rsquo;autre, l&rsquo;investissement personnel, une certaine forme de prise de risques, mais aussi la rigueur n\u00e9cessairement associ\u00e9e \u00e0 la production d\u2019\u0153uvres destin\u00e9es \u00e0 \u00eatre diffus\u00e9es et entendues, s&rsquo;inscrivent r\u00e9solument dans une d\u00e9marche destin\u00e9e \u00e0 mettre en valeur le travail accompli par l\u2019enfant ou l\u2019adolescent et \u00e0 l\u2019encourager dans l\u2019expression citoyenne d\u2019une humanit\u00e9 en mouvement.<\/p>\n<p>Les cr\u00e9ations autour des \u00ab\u00a0Lettres de Poilus\u00a0\u00bb en 2006 ont fait l&rsquo;objet d&rsquo;un CD, diffus\u00e9 \u00e0 l&rsquo;\u00e9chelle nationale par les Editions L&rsquo;Harmattan.<\/p>\n<p>Depuis 2008, les productions sont soutenues par la Direction R\u00e9gionale des Affaires Culturelles, de la R\u00e9gion des Pays de la Loire et le Rectorat de Nantes.<\/p>\n<p>Depuis 2010, l&rsquo;atelier s&rsquo;inscrit dans le P\u00f4le Ressources r\u00e9gional culturel et artistique de la Cit\u00e9 Scolaire Paul Scarron, \u00e0 Sill\u00e9-le-Guillaume.<\/p>\n<p>Les productions de l&rsquo;atelier artistique sont diffus\u00e9es sur Fr\u00e9quence Sill\u00e9 dans Au Lob&rsquo;Oratoire.<\/p>\n<h1><strong>Productions de l\u2019atelier \u00ab Voix \u00bb<\/strong><\/h1>\n<p align=\"justify\">\u00a0<\/p>\n<h2><strong><em>L&rsquo;esprit dans les nuages (2019)<\/em><\/strong><\/h2>\n<p class=\"western\" align=\"justify\"><span style=\"font-size: small;\">Petits mots qui papotent qui galopent\u2026 Des petites bulles\u2026 comme des bruits dans ma t\u00eate\u2026 <\/span><span style=\"font-size: small;\">petits mots en dentelle pour faire dispara\u00eetre la haine\u2026 petits mots color\u00e9s pour avancer et non reculer\u2026 \u00c9lancement d&rsquo;\u00e9motions\u2026 chavirement corporel\u2026 A\u00efe! La tentation devient insoutenable\u2026 Tu me reviens, tu me d\u00e9tiens, je me renais, tu me repeins, tu te d\u00e9teins\u2026 je t&#8217;emprunte<br \/><\/span><span style=\"font-size: small;\">A travers la porte du temps, sous ton ombre pos\u00e9e, relis-moi et repense-y&#8230; Lav\u00e9 de ton absolu\u2026 Lib\u00e9r\u00e9 de ta toile\u2026 J&rsquo;inspire, Je Shakespeare, je Moli\u00e8re\u2026 Puis je prends Racine\u2026 <\/span><span style=\"font-size: small;\">Je l&rsquo;ai trouv\u00e9e la porte de mes r\u00eaves! Comme quoi, il ne faut jamais rester dans ses pens\u00e9es les plus sombres\u2026 Sur la porte effeuill\u00e9e on a tous le temps du monde\u2026<\/span><\/p>\n<p class=\"western\" align=\"justify\"><span style=\"font-size: small;\">Neuf pi\u00e8ces sonores dans l&rsquo;humidit\u00e9 des mots\u2026<br \/><\/span><span style=\"font-size: small;\">Concoct\u00e9es par les \u00e9l\u00e8ves de la classe de 1\u00e8re L dans le cadre de l\u2019atelier artistique voix.<\/span><\/p>\n<p align=\"justify\"><iframe loading=\"lazy\" id=\"hearthis_at_user_131463-8445500\" src=\"https:\/\/hearthis.at\/set\/131463-8445500\/embed\/\" width=\"100%\" height=\"350\" frameborder=\"0\" scrolling=\"no\"><\/iframe><\/p>\n<p align=\"justify\">\u00a0<\/p>\n<h2><strong><em>En suspension (2018)<\/em><\/strong><\/h2>\n<p><em>J&rsquo;en suis l\u00e0\u2026 Entre deux mondes en suspens\u2026 Devenue spectatrice de ma propre vie, je n&rsquo;ai plus le sentiment de la vivre\u2026. Yalla tnam, yalla tnam\u00a0endors toi, endors toi&#8230; A part nous et la cime des arbres qui pleuraient, il n&rsquo;y avait pas de t\u00e9moin\u2026 J&rsquo;\u00e9tais suspendue dans le temps&#8230; telle une petite bulle de savon\u2026 Je flotte\u2026 Comme pour se d\u00e9grafer de toute son histoire\u2026 Yalla tnam, yalla tnam endors toi, endors toi\u2026 The sky is the limit&#8230;Ich schwebe davon\u00a0je m\u2019envole\u2026<\/em><\/p>\n<p>10 pi\u00e8ces sonores suspendues aux l\u00e8vres du temps, aux l\u00e8vres du vent, imagin\u00e9es, ressenties par des \u00e9l\u00e8ves de 1ere L dans le cadre de l&rsquo;atelier artistique voix.<\/p>\n<p>Production s\u00e9lectionn\u00e9e au festival Longueur d\u2019Ondes \u00e0 Brest en f\u00e9vrier 2019. Pi\u00e8ces diffus\u00e9es dans les s\u00e9ances d&rsquo;\u00e9coute : \u00ab\u00a0Le ciel est de plus en plus vaste\u00a0\u00bb et \u00ab\u00a0Je n&rsquo;\u00e9tais pas encore papillon\u00a0\u00bb.<\/p>\n<p><iframe loading=\"lazy\" id=\"hearthis_at_user_105999-8445500\" src=\"https:\/\/hearthis.at\/set\/105999-8445500\/embed\/\" width=\"100%\" height=\"350\" frameborder=\"0\" scrolling=\"no\"><\/iframe><\/p>\n<h2><strong><em>Tissus de secours (2017)<\/em><\/strong><\/h2>\n<p>\u00ab\u00a0On s&rsquo;habille mais pourquoi\u00a0?<br \/>Est-ce vraiment simplement pour ne pas attraper froid\u00a0?<br \/>Ou est-ce que s&rsquo;habiller va plus loin que \u00e7a\u00a0?\u00a0\u00bb<\/p>\n<p>Ouvrir les plis de la m\u00e9moire vocale et visiter le v\u00eatement choisi au travers de l\u2019intimit\u00e9 tiss\u00e9 avec lui dans un espace-temps conjugu\u00e9 avec la sensorialit\u00e9 et les tissus de nos couches m\u00e9morielles priv\u00e9es, collectives, institutionnelles retenues\u2026<br \/>Cinq pi\u00e8ces sonores cousues main par des \u00e9l\u00e8ves de 1\u00e8re L dans le cadre l&rsquo;Atelier Artistique Voix<br \/>S\u00e9lectionn\u00e9 au festival Longueur d&rsquo;Ondes \u00e0 Brest en f\u00e9vrier 2018, diffus\u00e9 aux Arts Valoir en octobre 2017&#8230;<\/p>\n<p><iframe loading=\"lazy\" id=\"hearthis_at_user_82108-8445500\" src=\"https:\/\/hearthis.at\/set\/82108-8445500\/embed\/\" width=\"100%\" height=\"350\" frameborder=\"0\" scrolling=\"no\"><\/iframe><\/p>\n<h2><strong><em>4 voix pour un jardin (2016)<\/em><\/strong><\/h2>\n<p>La chaise longue s&rsquo;allonge&#8230; Les meuglements du temps paissent&#8230;<\/p>\n<p>La terre fredonne&#8230; frisson du jardin<\/p>\n<p>Une \u00e9closion imminente<\/p>\n<p>Un nuage d\u00e9tendu&#8230;<\/p>\n<p>Le doux velours des fleurs arc-en-ciel<\/p>\n<p>&#8230;Un rien d&rsquo;irr\u00e9el&#8230;une danse<\/p>\n<p>4 pi\u00e8ces sonores&#8230; Un cin\u00e9ma pour l&rsquo;oreille au coeur des secrets conciliabulbes&#8230;<\/p>\n<p>CHUT ! Ecoutez les pousser !<\/p>\n<h2><iframe loading=\"lazy\" id=\"hearthis_at_user_135404-8445500\" src=\"https:\/\/hearthis.at\/set\/135404-8445500\/embed\/\" width=\"100%\" height=\"350\" frameborder=\"0\" scrolling=\"no\"><\/iframe><\/h2>\n<p>Une production audio de \u00ab\u00a0l&rsquo;Atelier Voix\u00a0\u00bb du P\u00f4le Ressources R\u00e9gional culturel et artistique de la Cit\u00e9 scolaire Paul Scarron de Sill\u00e9-le-Guillaume et Fr\u00e9quence Sill\u00e9, d\u00e9velopp\u00e9 par Evelyne Poincheval.<\/p>\n<p>Avec les voix et les cr\u00e9ations de Fanette Fran\u00e7ois, Margot Buon, Cendrine Lecaplain et Evelyne Poincheval.<\/p>\n<p>R\u00e9alis\u00e9e dans le cadre de \u00ab\u00a0L&rsquo;art dans les jardins6\u00a0\u00bb 2017, pr\u00e9sent\u00e9e par Le Garage.<\/p>\n<p>Premi\u00e8re \u00e9closion dans le jardin de Brigitte et Ald\u00e9ric Valais \u00e0 Ch\u00e2teau-Gontier (53)&#8230;<\/p>\n<h2><strong><em>Transparence, Brumes et Brouillards\u2026 (2016)<\/em><\/strong><\/h2>\n<p align=\"justify\">\u00ab\u00a0O\u00f9 nous vivons, brumes et brouillards accompagnent nos travers\u00e9es automnales et hivernales\u2026 r\u00e9inventent constamment le paysage, perdent nos rep\u00e8res, aiguillonnent nos lisibilit\u00e9s, nos sensorialit\u00e9s tout en les amoindrissant, nos nez coulent, nos voix s&rsquo;ennuagent, s&rsquo;enrouent, se dissipent&#8230;nos espaces-temps semblent immobilis\u00e9s alors qu&rsquo;ils se forment, se suspendent et s&rsquo;\u00e9tirent&#8230;se dissipent sous leurs charmes\u2026<\/p>\n<p align=\"justify\">Brumes et brouillards, \u00e0 la fois, all\u00e8gent et p\u00e8sent sur nos corps et nos esprits\u2026 laissent go\u00fbter la transparence dans la trou\u00e9e d&rsquo;un bleu de ciel qui aimante nos verticalit\u00e9s.<\/p>\n<p align=\"justify\"><iframe loading=\"lazy\" id=\"hearthis_at_user_62073-8445500\" src=\"https:\/\/hearthis.at\/set\/62073-8445500\/embed\/\" width=\"100%\" height=\"350\" frameborder=\"0\" scrolling=\"no\"><\/iframe><\/p>\n<p align=\"justify\">Une production de l&rsquo;Atelier Voix du P\u00f4le Ressources r\u00e9gional culturel et artistique de la Cit\u00e9 Scolaire Paul Scarron de Sill\u00e9-Le-Guillaume et Fr\u00e9quence Sill\u00e9 r\u00e9alis\u00e9e avec les \u00e9l\u00e8ves de 1\u00e8re L et S. Cette production a \u00e9t\u00e9 s\u00e9lectionn\u00e9e et diffus\u00e9e en son int\u00e9gralit\u00e9 au 14\u00e8me festival de la radio et de l&rsquo;\u00e9coute, Longueur d&rsquo;Ondes \u00e0 Brest au mois de f\u00e9vrier 2017, au Manoir de Soisay, Festival Kikloche, m\u00e9diath\u00e8que de Sill\u00e9 Le Guillaume, festival de jazz \u00e0 Meslay du Maine&#8230;<\/p>\n<h2>\u00a0<\/h2>\n<h2><strong><em>Toc&#8230;Toc&#8230;Toc! (CD Audio, 2015)<\/em><\/strong><\/h2>\n<p>Neuf pi\u00e8ces sonores habit\u00e9es d&rsquo;Univers, d&rsquo;\u00e9tendues fragiles, de jardins r\u00e9serv\u00e9s, de racines pos\u00e9es au fil du temps, de territoires emprunt\u00e9s plaisantant un peu sur les greens d&rsquo;Angleterre, ne poss\u00e9dant que des distances&#8230; Neuf pi\u00e8ces sonores toquant \u00e0 la porte de trois mots: Habitat, Habitant, Territoire.<\/p>\n<p><iframe loading=\"lazy\" id=\"hearthis_at_user_82156-8445500\" src=\"https:\/\/hearthis.at\/set\/82156-8445500\/embed\/\" width=\"100%\" height=\"350\" frameborder=\"0\" scrolling=\"no\"><\/iframe><\/p>\n\n\n<h3 class=\"wp-block-heading\"><a href=\"https:\/\/frequence-sille.org\/newsite\/wp-content\/uploads\/2021\/11\/Productions-atelier-voix-Frequence-Sille.pdf\" target=\"_blank\" rel=\"noreferrer noopener\">Retrouvez ici toutes les productions de l&rsquo;atelier voix depuis 1998<\/a><\/h3>\n","protected":false},"excerpt":{"rendered":"<p>L&rsquo;atelier artistique et ses productions Atelier voix d\u00e9velopp\u00e9 par Evelyne Poincheval au sein de Fr\u00e9quence Sill\u00e9 et de la Cit\u00e9 Scolaire Paul Scarron de Sill\u00e9 le Guillaume (72). Cet atelier,&hellip;<\/p>\n","protected":false},"author":1,"featured_media":0,"parent":166,"menu_order":171,"comment_status":"closed","ping_status":"closed","template":"","meta":{"footnotes":""},"class_list":["post-184","page","type-page","status-publish","hentry","no-post-thumbnail"],"yoast_head":"<!-- This site is optimized with the Yoast SEO plugin v27.3 - https:\/\/yoast.com\/product\/yoast-seo-wordpress\/ -->\n<title>Cr\u00e9ation artistique - Fr\u00e9quence Sill\u00e9<\/title>\n<meta name=\"robots\" content=\"index, follow, max-snippet:-1, max-image-preview:large, max-video-preview:-1\" \/>\n<link rel=\"canonical\" href=\"https:\/\/frequence-sille.org\/newsite\/nos-services\/creation-artistique\/\" \/>\n<meta property=\"og:locale\" content=\"fr_FR\" \/>\n<meta property=\"og:type\" content=\"article\" \/>\n<meta property=\"og:title\" content=\"Cr\u00e9ation artistique - Fr\u00e9quence Sill\u00e9\" \/>\n<meta property=\"og:description\" content=\"L&rsquo;atelier artistique et ses productions Atelier voix d\u00e9velopp\u00e9 par Evelyne Poincheval au sein de Fr\u00e9quence Sill\u00e9 et de la Cit\u00e9 Scolaire Paul Scarron de Sill\u00e9 le Guillaume (72). Cet atelier,&hellip;\" \/>\n<meta property=\"og:url\" content=\"https:\/\/frequence-sille.org\/newsite\/nos-services\/creation-artistique\/\" \/>\n<meta property=\"og:site_name\" content=\"Fr\u00e9quence Sill\u00e9\" \/>\n<meta property=\"article:publisher\" content=\"https:\/\/www.facebook.com\/frequencesille979fm\" \/>\n<meta property=\"article:modified_time\" content=\"2021-11-21T11:23:20+00:00\" \/>\n<meta property=\"og:image\" content=\"http:\/\/frequence-sille.org\/newsite\/wp-content\/uploads\/2016\/07\/atelier1-189x300.jpeg\" \/>\n<meta name=\"twitter:card\" content=\"summary_large_image\" \/>\n<meta name=\"twitter:site\" content=\"@freqsille979\" \/>\n<meta name=\"twitter:label1\" content=\"Dur\u00e9e de lecture estim\u00e9e\" \/>\n\t<meta name=\"twitter:data1\" content=\"6 minutes\" \/>\n<script type=\"application\/ld+json\" class=\"yoast-schema-graph\">{\"@context\":\"https:\\\/\\\/schema.org\",\"@graph\":[{\"@type\":\"WebPage\",\"@id\":\"https:\\\/\\\/frequence-sille.org\\\/newsite\\\/nos-services\\\/creation-artistique\\\/\",\"url\":\"https:\\\/\\\/frequence-sille.org\\\/newsite\\\/nos-services\\\/creation-artistique\\\/\",\"name\":\"Cr\u00e9ation artistique - Fr\u00e9quence Sill\u00e9\",\"isPartOf\":{\"@id\":\"https:\\\/\\\/frequence-sille.org\\\/newsite\\\/#website\"},\"primaryImageOfPage\":{\"@id\":\"https:\\\/\\\/frequence-sille.org\\\/newsite\\\/nos-services\\\/creation-artistique\\\/#primaryimage\"},\"image\":{\"@id\":\"https:\\\/\\\/frequence-sille.org\\\/newsite\\\/nos-services\\\/creation-artistique\\\/#primaryimage\"},\"thumbnailUrl\":\"http:\\\/\\\/frequence-sille.org\\\/newsite\\\/wp-content\\\/uploads\\\/2016\\\/07\\\/atelier1-189x300.jpeg\",\"datePublished\":\"2016-07-26T06:36:32+00:00\",\"dateModified\":\"2021-11-21T11:23:20+00:00\",\"breadcrumb\":{\"@id\":\"https:\\\/\\\/frequence-sille.org\\\/newsite\\\/nos-services\\\/creation-artistique\\\/#breadcrumb\"},\"inLanguage\":\"fr-FR\",\"potentialAction\":[{\"@type\":\"ReadAction\",\"target\":[\"https:\\\/\\\/frequence-sille.org\\\/newsite\\\/nos-services\\\/creation-artistique\\\/\"]}]},{\"@type\":\"ImageObject\",\"inLanguage\":\"fr-FR\",\"@id\":\"https:\\\/\\\/frequence-sille.org\\\/newsite\\\/nos-services\\\/creation-artistique\\\/#primaryimage\",\"url\":\"http:\\\/\\\/frequence-sille.org\\\/newsite\\\/wp-content\\\/uploads\\\/2016\\\/07\\\/atelier1-189x300.jpeg\",\"contentUrl\":\"http:\\\/\\\/frequence-sille.org\\\/newsite\\\/wp-content\\\/uploads\\\/2016\\\/07\\\/atelier1-189x300.jpeg\"},{\"@type\":\"BreadcrumbList\",\"@id\":\"https:\\\/\\\/frequence-sille.org\\\/newsite\\\/nos-services\\\/creation-artistique\\\/#breadcrumb\",\"itemListElement\":[{\"@type\":\"ListItem\",\"position\":1,\"name\":\"Accueil\",\"item\":\"https:\\\/\\\/frequence-sille.org\\\/newsite\\\/\"},{\"@type\":\"ListItem\",\"position\":2,\"name\":\"Nos services\",\"item\":\"https:\\\/\\\/frequence-sille.org\\\/newsite\\\/nos-services\\\/\"},{\"@type\":\"ListItem\",\"position\":3,\"name\":\"Cr\u00e9ation artistique\"}]},{\"@type\":\"WebSite\",\"@id\":\"https:\\\/\\\/frequence-sille.org\\\/newsite\\\/#website\",\"url\":\"https:\\\/\\\/frequence-sille.org\\\/newsite\\\/\",\"name\":\"Fr\u00e9quence Sill\u00e9\",\"description\":\"Bien plus qu&#039;une radio...votre radio !\",\"publisher\":{\"@id\":\"https:\\\/\\\/frequence-sille.org\\\/newsite\\\/#organization\"},\"potentialAction\":[{\"@type\":\"SearchAction\",\"target\":{\"@type\":\"EntryPoint\",\"urlTemplate\":\"https:\\\/\\\/frequence-sille.org\\\/newsite\\\/?s={search_term_string}\"},\"query-input\":{\"@type\":\"PropertyValueSpecification\",\"valueRequired\":true,\"valueName\":\"search_term_string\"}}],\"inLanguage\":\"fr-FR\"},{\"@type\":\"Organization\",\"@id\":\"https:\\\/\\\/frequence-sille.org\\\/newsite\\\/#organization\",\"name\":\"Fr\u00e9quence Sill\u00e9\",\"url\":\"https:\\\/\\\/frequence-sille.org\\\/newsite\\\/\",\"logo\":{\"@type\":\"ImageObject\",\"inLanguage\":\"fr-FR\",\"@id\":\"https:\\\/\\\/frequence-sille.org\\\/newsite\\\/#\\\/schema\\\/logo\\\/image\\\/\",\"url\":\"https:\\\/\\\/frequence-sille.org\\\/newsite\\\/wp-content\\\/uploads\\\/2023\\\/07\\\/LOGO_979_NOIR.png\",\"contentUrl\":\"https:\\\/\\\/frequence-sille.org\\\/newsite\\\/wp-content\\\/uploads\\\/2023\\\/07\\\/LOGO_979_NOIR.png\",\"width\":7680,\"height\":4320,\"caption\":\"Fr\u00e9quence Sill\u00e9\"},\"image\":{\"@id\":\"https:\\\/\\\/frequence-sille.org\\\/newsite\\\/#\\\/schema\\\/logo\\\/image\\\/\"},\"sameAs\":[\"https:\\\/\\\/www.facebook.com\\\/frequencesille979fm\",\"https:\\\/\\\/x.com\\\/freqsille979\",\"https:\\\/\\\/www.instagram.com\\\/frequencesille\\\/\"]}]}<\/script>\n<!-- \/ Yoast SEO plugin. -->","yoast_head_json":{"title":"Cr\u00e9ation artistique - Fr\u00e9quence Sill\u00e9","robots":{"index":"index","follow":"follow","max-snippet":"max-snippet:-1","max-image-preview":"max-image-preview:large","max-video-preview":"max-video-preview:-1"},"canonical":"https:\/\/frequence-sille.org\/newsite\/nos-services\/creation-artistique\/","og_locale":"fr_FR","og_type":"article","og_title":"Cr\u00e9ation artistique - Fr\u00e9quence Sill\u00e9","og_description":"L&rsquo;atelier artistique et ses productions Atelier voix d\u00e9velopp\u00e9 par Evelyne Poincheval au sein de Fr\u00e9quence Sill\u00e9 et de la Cit\u00e9 Scolaire Paul Scarron de Sill\u00e9 le Guillaume (72). Cet atelier,&hellip;","og_url":"https:\/\/frequence-sille.org\/newsite\/nos-services\/creation-artistique\/","og_site_name":"Fr\u00e9quence Sill\u00e9","article_publisher":"https:\/\/www.facebook.com\/frequencesille979fm","article_modified_time":"2021-11-21T11:23:20+00:00","og_image":[{"url":"http:\/\/frequence-sille.org\/newsite\/wp-content\/uploads\/2016\/07\/atelier1-189x300.jpeg","type":"","width":"","height":""}],"twitter_card":"summary_large_image","twitter_site":"@freqsille979","twitter_misc":{"Dur\u00e9e de lecture estim\u00e9e":"6 minutes"},"schema":{"@context":"https:\/\/schema.org","@graph":[{"@type":"WebPage","@id":"https:\/\/frequence-sille.org\/newsite\/nos-services\/creation-artistique\/","url":"https:\/\/frequence-sille.org\/newsite\/nos-services\/creation-artistique\/","name":"Cr\u00e9ation artistique - Fr\u00e9quence Sill\u00e9","isPartOf":{"@id":"https:\/\/frequence-sille.org\/newsite\/#website"},"primaryImageOfPage":{"@id":"https:\/\/frequence-sille.org\/newsite\/nos-services\/creation-artistique\/#primaryimage"},"image":{"@id":"https:\/\/frequence-sille.org\/newsite\/nos-services\/creation-artistique\/#primaryimage"},"thumbnailUrl":"http:\/\/frequence-sille.org\/newsite\/wp-content\/uploads\/2016\/07\/atelier1-189x300.jpeg","datePublished":"2016-07-26T06:36:32+00:00","dateModified":"2021-11-21T11:23:20+00:00","breadcrumb":{"@id":"https:\/\/frequence-sille.org\/newsite\/nos-services\/creation-artistique\/#breadcrumb"},"inLanguage":"fr-FR","potentialAction":[{"@type":"ReadAction","target":["https:\/\/frequence-sille.org\/newsite\/nos-services\/creation-artistique\/"]}]},{"@type":"ImageObject","inLanguage":"fr-FR","@id":"https:\/\/frequence-sille.org\/newsite\/nos-services\/creation-artistique\/#primaryimage","url":"http:\/\/frequence-sille.org\/newsite\/wp-content\/uploads\/2016\/07\/atelier1-189x300.jpeg","contentUrl":"http:\/\/frequence-sille.org\/newsite\/wp-content\/uploads\/2016\/07\/atelier1-189x300.jpeg"},{"@type":"BreadcrumbList","@id":"https:\/\/frequence-sille.org\/newsite\/nos-services\/creation-artistique\/#breadcrumb","itemListElement":[{"@type":"ListItem","position":1,"name":"Accueil","item":"https:\/\/frequence-sille.org\/newsite\/"},{"@type":"ListItem","position":2,"name":"Nos services","item":"https:\/\/frequence-sille.org\/newsite\/nos-services\/"},{"@type":"ListItem","position":3,"name":"Cr\u00e9ation artistique"}]},{"@type":"WebSite","@id":"https:\/\/frequence-sille.org\/newsite\/#website","url":"https:\/\/frequence-sille.org\/newsite\/","name":"Fr\u00e9quence Sill\u00e9","description":"Bien plus qu&#039;une radio...votre radio !","publisher":{"@id":"https:\/\/frequence-sille.org\/newsite\/#organization"},"potentialAction":[{"@type":"SearchAction","target":{"@type":"EntryPoint","urlTemplate":"https:\/\/frequence-sille.org\/newsite\/?s={search_term_string}"},"query-input":{"@type":"PropertyValueSpecification","valueRequired":true,"valueName":"search_term_string"}}],"inLanguage":"fr-FR"},{"@type":"Organization","@id":"https:\/\/frequence-sille.org\/newsite\/#organization","name":"Fr\u00e9quence Sill\u00e9","url":"https:\/\/frequence-sille.org\/newsite\/","logo":{"@type":"ImageObject","inLanguage":"fr-FR","@id":"https:\/\/frequence-sille.org\/newsite\/#\/schema\/logo\/image\/","url":"https:\/\/frequence-sille.org\/newsite\/wp-content\/uploads\/2023\/07\/LOGO_979_NOIR.png","contentUrl":"https:\/\/frequence-sille.org\/newsite\/wp-content\/uploads\/2023\/07\/LOGO_979_NOIR.png","width":7680,"height":4320,"caption":"Fr\u00e9quence Sill\u00e9"},"image":{"@id":"https:\/\/frequence-sille.org\/newsite\/#\/schema\/logo\/image\/"},"sameAs":["https:\/\/www.facebook.com\/frequencesille979fm","https:\/\/x.com\/freqsille979","https:\/\/www.instagram.com\/frequencesille\/"]}]}},"_links":{"self":[{"href":"https:\/\/frequence-sille.org\/newsite\/wp-json\/wp\/v2\/pages\/184","targetHints":{"allow":["GET"]}}],"collection":[{"href":"https:\/\/frequence-sille.org\/newsite\/wp-json\/wp\/v2\/pages"}],"about":[{"href":"https:\/\/frequence-sille.org\/newsite\/wp-json\/wp\/v2\/types\/page"}],"author":[{"embeddable":true,"href":"https:\/\/frequence-sille.org\/newsite\/wp-json\/wp\/v2\/users\/1"}],"replies":[{"embeddable":true,"href":"https:\/\/frequence-sille.org\/newsite\/wp-json\/wp\/v2\/comments?post=184"}],"version-history":[{"count":51,"href":"https:\/\/frequence-sille.org\/newsite\/wp-json\/wp\/v2\/pages\/184\/revisions"}],"predecessor-version":[{"id":8807,"href":"https:\/\/frequence-sille.org\/newsite\/wp-json\/wp\/v2\/pages\/184\/revisions\/8807"}],"up":[{"embeddable":true,"href":"https:\/\/frequence-sille.org\/newsite\/wp-json\/wp\/v2\/pages\/166"}],"wp:attachment":[{"href":"https:\/\/frequence-sille.org\/newsite\/wp-json\/wp\/v2\/media?parent=184"}],"curies":[{"name":"wp","href":"https:\/\/api.w.org\/{rel}","templated":true}]}}