{"id":188,"date":"2016-07-26T07:36:57","date_gmt":"2016-07-26T06:36:57","guid":{"rendered":"http:\/\/frequence-sille.org\/newsite\/?page_id=188"},"modified":"2021-09-08T17:38:39","modified_gmt":"2021-09-08T16:38:39","slug":"patrimoine","status":"publish","type":"page","link":"https:\/\/frequence-sille.org\/newsite\/nos-services\/patrimoine\/","title":{"rendered":"Patrimoine"},"content":{"rendered":"<p><strong>\u00ab Sauvegarde de la parole sarthoise \u00bb<\/strong><\/p>\n<p>\u00ab\u00a0Sauvegarde de la parole sarthoise\u00a0\u00bb est un programme collaboratif d\u2019archivage et de valorisation sur Internet de documents sonores collect\u00e9s en Sarthe. Ce programme est port\u00e9 depuis 2003 par Fr\u00e9quence Sill\u00e9, radio associative du Pays de la Haute Sarthe. Apr\u00e8s six ann\u00e9es de recherche, de r\u00e9unions et de recherche, le site Internet \u00ab\u00a0Sauvegarde de la parole sarthoise\u00a0\u00bb a \u00e9t\u00e9 inaugur\u00e9 en 2009.<\/p>\n<p style=\"text-align: center;\"><img loading=\"lazy\" decoding=\"async\" class=\"alignnone size-medium wp-image-531\" src=\"http:\/\/frequence-sille.org\/newsite\/wp-content\/uploads\/2016\/07\/inauguration-300x225.jpg\" alt=\"inauguration\" width=\"300\" height=\"225\" srcset=\"https:\/\/frequence-sille.org\/newsite\/wp-content\/uploads\/2016\/07\/inauguration-300x225.jpg 300w, https:\/\/frequence-sille.org\/newsite\/wp-content\/uploads\/2016\/07\/inauguration-768x576.jpg 768w, https:\/\/frequence-sille.org\/newsite\/wp-content\/uploads\/2016\/07\/inauguration.jpg 800w\" sizes=\"auto, (max-width: 300px) 100vw, 300px\" \/><br \/>\n<em>Inauguration du site Internet aux AD72 en 2009<\/em><\/p>\n<p>Par ce programme, la Sarthe est devenu le premier d\u00e9partement fran\u00e7ais \u00e0 proposer sur Internet des documents sonores \u00e0 caract\u00e8re patrimonial.<\/p>\n<p>Site Internet du programme \u00ab\u00a0Sauvegarde de la parole sarthoise\u00a0\u00bb sur la plate-forme des Archives d\u00e9partementales de la Sarthe\u00a0: <a href=\"http:\/\/www.fonds-sonores-archives.sarthe.com\" target=\"_blank\" rel=\"noopener noreferrer\">http:\/\/www.fonds-sonores-archives.sarthe.com<\/a><\/p>\n<p style=\"text-align: center;\"><img loading=\"lazy\" decoding=\"async\" class=\"alignnone size-medium wp-image-527\" src=\"http:\/\/frequence-sille.org\/newsite\/wp-content\/uploads\/2016\/07\/sitearchives1-300x176.jpg\" alt=\"sitearchives1\" width=\"300\" height=\"176\" srcset=\"https:\/\/frequence-sille.org\/newsite\/wp-content\/uploads\/2016\/07\/sitearchives1-300x176.jpg 300w, https:\/\/frequence-sille.org\/newsite\/wp-content\/uploads\/2016\/07\/sitearchives1-768x451.jpg 768w, https:\/\/frequence-sille.org\/newsite\/wp-content\/uploads\/2016\/07\/sitearchives1.jpg 800w\" sizes=\"auto, (max-width: 300px) 100vw, 300px\" \/><br \/>\n<em>Site \u00ab\u00a0Sauvegarde de la parole sarthoise\u00a0\u00bb<\/em><\/p>\n<p style=\"text-align: center;\">\n<p><strong>Les objectifs<\/strong><\/p>\n<ul>\n<li>Les objectifs de \u00ab\u00a0Sauvegarde de la parole sarthoise\u00a0\u00bb sont la collecte d\u2019enregistrements sonores anciens, l\u2019indexation, l\u2019archivage et la diffusion sur Internet de ces documents.<\/li>\n<li>Comme pour tout documents d\u2019archives, ces enregistrements sont accessibles gratuitement \u00e0 tous depuis la plate-forme de diffusion des Archives d\u00e9partementales de la Sarthe.<\/li>\n<li>Tous les documents num\u00e9ris\u00e9s sont d\u00e9pos\u00e9s aux Archives d\u00e9partementales. Une convention entre Fr\u00e9quence Sill\u00e9 et le Conseil G\u00e9n\u00e9ral d\u00e9finie les modalit\u00e9s de d\u00e9p\u00f4ts.<\/li>\n<li>Une partie de notre action porte sur la collecte de t\u00e9moignages avec, chaque ann\u00e9e, des th\u00e8mes de campagnes d\u00e9finies en partenariat avec les Archives d\u00e9partementales de la Sarthe.<\/li>\n<li>Nous organisons, \u00e0 la demande, des formations \u00e0 la collecte de t\u00e9moignages pour nos partenaires associatifs et chercheurs sarthois int\u00e9ress\u00e9s par ce type de travail.<\/li>\n<li>Nous proposons aussi depuis 2012, des formations \u00e0 l\u2019indexation et \u00e0 l\u2019archivage en France et en Europe \u00e0 destination des radios associatives qui souhaitent valoriser leurs fonds.<\/li>\n<li>Enfin, nous sommes r\u00e9guli\u00e8rement sollicit\u00e9s pour pr\u00e9senter nos travaux et nos recherches en France et en Europe \u00e0 l\u2019occasion de conf\u00e9rences et de colloques.<\/li>\n<\/ul>\n<p style=\"text-align: center;\"><img loading=\"lazy\" decoding=\"async\" class=\"alignnone size-medium wp-image-522\" src=\"http:\/\/frequence-sille.org\/newsite\/wp-content\/uploads\/2016\/07\/sps1-300x225.jpg\" alt=\"sps1\" width=\"300\" height=\"225\" srcset=\"https:\/\/frequence-sille.org\/newsite\/wp-content\/uploads\/2016\/07\/sps1-300x225.jpg 300w, https:\/\/frequence-sille.org\/newsite\/wp-content\/uploads\/2016\/07\/sps1-768x576.jpg 768w, https:\/\/frequence-sille.org\/newsite\/wp-content\/uploads\/2016\/07\/sps1.jpg 800w\" sizes=\"auto, (max-width: 300px) 100vw, 300px\" \/><br \/>\n<em>Session de travail et de formation avec les partenaires locaux<\/em><\/p>\n<p>&nbsp;<\/p>\n<p><strong>Les partenaires<\/strong><\/p>\n<p>Ce travail de recherche et de diffusion sur patrimoine sonores r\u00e9unit une dizaine de partenaires en Sarthe. Ce sont des chercheurs, associations, institutions, qui chacune a contribu\u00e9, en fonction des ses comp\u00e9tences et centres d\u2019int\u00e9r\u00eat, \u00e0 l\u2019\u00e9laboration de ce programme port\u00e9 par Fr\u00e9quence Sill\u00e9.<\/p>\n<p style=\"text-align: center;\"><img loading=\"lazy\" decoding=\"async\" class=\"alignnone size-medium wp-image-529\" src=\"http:\/\/frequence-sille.org\/newsite\/wp-content\/uploads\/2016\/07\/emissionarchives-300x216.jpg\" alt=\"emissionarchives\" width=\"300\" height=\"216\" srcset=\"https:\/\/frequence-sille.org\/newsite\/wp-content\/uploads\/2016\/07\/emissionarchives-300x216.jpg 300w, https:\/\/frequence-sille.org\/newsite\/wp-content\/uploads\/2016\/07\/emissionarchives-768x553.jpg 768w, https:\/\/frequence-sille.org\/newsite\/wp-content\/uploads\/2016\/07\/emissionarchives.jpg 800w\" sizes=\"auto, (max-width: 300px) 100vw, 300px\" \/><br \/>\n<em>Pr\u00e9paration d&rsquo;une collecte de t\u00e9moignage \u00e0 Fr\u00e9quence Sill\u00e9<\/em><\/p>\n<p>Chaque aspect du projet a fait l\u2019objet de nombreuses r\u00e9unions de travail avec nos partenaires, en fonction de leur centre d\u2019int\u00e9r\u00eat ou de leur comp\u00e9tence. Pour l\u2019indexation, des chercheurs ont apport\u00e9 leur contribution sur la r\u00e9alisation des grilles d\u2019indexation \u00e0 partir de leur propre utilisation des outils de recherche en ethnologie. Le r\u00e9seau s\u2019est \u00e9toff\u00e9 au fur et \u00e0 mesure des types de documents collect\u00e9s. Pour le travail sur l\u2019histoire de la fonderie d\u2019Antoign\u00e9, des membres de l\u2019association des fondeurs ont ainsi apport\u00e9 leur contribution pour la mise \u00e0 disposition de documents et leur description. Chacun, selon ses centres d\u2019int\u00e9r\u00eats ou connaissance, a pu contribuer \u00e0 la r\u00e9daction des fiches d\u2019indexation et de contextualisation des donn\u00e9es. En effet, \u00e9tant donn\u00e9 la diversit\u00e9 des documents, ce travail de description n\u2019aurait pas pu \u00eatre r\u00e9alis\u00e9 sans la participation de nos partenaires.<\/p>\n","protected":false},"excerpt":{"rendered":"<p>\u00ab Sauvegarde de la parole sarthoise \u00bb \u00ab\u00a0Sauvegarde de la parole sarthoise\u00a0\u00bb est un programme collaboratif d\u2019archivage et de valorisation sur Internet de documents sonores collect\u00e9s en Sarthe. Ce programme&hellip;<\/p>\n","protected":false},"author":1,"featured_media":0,"parent":166,"menu_order":173,"comment_status":"closed","ping_status":"closed","template":"","meta":{"footnotes":""},"class_list":["post-188","page","type-page","status-publish","hentry","no-post-thumbnail"],"yoast_head":"<!-- This site is optimized with the Yoast SEO plugin v27.4 - https:\/\/yoast.com\/product\/yoast-seo-wordpress\/ -->\n<title>Patrimoine - Fr\u00e9quence Sill\u00e9<\/title>\n<meta name=\"robots\" content=\"index, follow, max-snippet:-1, max-image-preview:large, max-video-preview:-1\" \/>\n<link rel=\"canonical\" href=\"https:\/\/frequence-sille.org\/newsite\/nos-services\/patrimoine\/\" \/>\n<meta property=\"og:locale\" content=\"fr_FR\" \/>\n<meta property=\"og:type\" content=\"article\" \/>\n<meta property=\"og:title\" content=\"Patrimoine - Fr\u00e9quence Sill\u00e9\" \/>\n<meta property=\"og:description\" content=\"\u00ab Sauvegarde de la parole sarthoise \u00bb \u00ab\u00a0Sauvegarde de la parole sarthoise\u00a0\u00bb est un programme collaboratif d\u2019archivage et de valorisation sur Internet de documents sonores collect\u00e9s en Sarthe. Ce programme&hellip;\" \/>\n<meta property=\"og:url\" content=\"https:\/\/frequence-sille.org\/newsite\/nos-services\/patrimoine\/\" \/>\n<meta property=\"og:site_name\" content=\"Fr\u00e9quence Sill\u00e9\" \/>\n<meta property=\"article:publisher\" content=\"https:\/\/www.facebook.com\/frequencesille979fm\" \/>\n<meta property=\"article:modified_time\" content=\"2021-09-08T16:38:39+00:00\" \/>\n<meta property=\"og:image\" content=\"http:\/\/frequence-sille.org\/newsite\/wp-content\/uploads\/2016\/07\/inauguration-300x225.jpg\" \/>\n<meta name=\"twitter:card\" content=\"summary_large_image\" \/>\n<meta name=\"twitter:site\" content=\"@freqsille979\" \/>\n<meta name=\"twitter:label1\" content=\"Dur\u00e9e de lecture estim\u00e9e\" \/>\n\t<meta name=\"twitter:data1\" content=\"3 minutes\" \/>\n<script type=\"application\/ld+json\" class=\"yoast-schema-graph\">{\"@context\":\"https:\\\/\\\/schema.org\",\"@graph\":[{\"@type\":\"WebPage\",\"@id\":\"https:\\\/\\\/frequence-sille.org\\\/newsite\\\/nos-services\\\/patrimoine\\\/\",\"url\":\"https:\\\/\\\/frequence-sille.org\\\/newsite\\\/nos-services\\\/patrimoine\\\/\",\"name\":\"Patrimoine - Fr\u00e9quence Sill\u00e9\",\"isPartOf\":{\"@id\":\"https:\\\/\\\/frequence-sille.org\\\/newsite\\\/#website\"},\"primaryImageOfPage\":{\"@id\":\"https:\\\/\\\/frequence-sille.org\\\/newsite\\\/nos-services\\\/patrimoine\\\/#primaryimage\"},\"image\":{\"@id\":\"https:\\\/\\\/frequence-sille.org\\\/newsite\\\/nos-services\\\/patrimoine\\\/#primaryimage\"},\"thumbnailUrl\":\"http:\\\/\\\/frequence-sille.org\\\/newsite\\\/wp-content\\\/uploads\\\/2016\\\/07\\\/inauguration-300x225.jpg\",\"datePublished\":\"2016-07-26T06:36:57+00:00\",\"dateModified\":\"2021-09-08T16:38:39+00:00\",\"breadcrumb\":{\"@id\":\"https:\\\/\\\/frequence-sille.org\\\/newsite\\\/nos-services\\\/patrimoine\\\/#breadcrumb\"},\"inLanguage\":\"fr-FR\",\"potentialAction\":[{\"@type\":\"ReadAction\",\"target\":[\"https:\\\/\\\/frequence-sille.org\\\/newsite\\\/nos-services\\\/patrimoine\\\/\"]}]},{\"@type\":\"ImageObject\",\"inLanguage\":\"fr-FR\",\"@id\":\"https:\\\/\\\/frequence-sille.org\\\/newsite\\\/nos-services\\\/patrimoine\\\/#primaryimage\",\"url\":\"https:\\\/\\\/frequence-sille.org\\\/newsite\\\/wp-content\\\/uploads\\\/2016\\\/07\\\/inauguration.jpg\",\"contentUrl\":\"https:\\\/\\\/frequence-sille.org\\\/newsite\\\/wp-content\\\/uploads\\\/2016\\\/07\\\/inauguration.jpg\",\"width\":800,\"height\":600},{\"@type\":\"BreadcrumbList\",\"@id\":\"https:\\\/\\\/frequence-sille.org\\\/newsite\\\/nos-services\\\/patrimoine\\\/#breadcrumb\",\"itemListElement\":[{\"@type\":\"ListItem\",\"position\":1,\"name\":\"Accueil\",\"item\":\"https:\\\/\\\/frequence-sille.org\\\/newsite\\\/\"},{\"@type\":\"ListItem\",\"position\":2,\"name\":\"Nos services\",\"item\":\"https:\\\/\\\/frequence-sille.org\\\/newsite\\\/nos-services\\\/\"},{\"@type\":\"ListItem\",\"position\":3,\"name\":\"Patrimoine\"}]},{\"@type\":\"WebSite\",\"@id\":\"https:\\\/\\\/frequence-sille.org\\\/newsite\\\/#website\",\"url\":\"https:\\\/\\\/frequence-sille.org\\\/newsite\\\/\",\"name\":\"Fr\u00e9quence Sill\u00e9\",\"description\":\"Bien plus qu&#039;une radio...votre radio !\",\"publisher\":{\"@id\":\"https:\\\/\\\/frequence-sille.org\\\/newsite\\\/#organization\"},\"potentialAction\":[{\"@type\":\"SearchAction\",\"target\":{\"@type\":\"EntryPoint\",\"urlTemplate\":\"https:\\\/\\\/frequence-sille.org\\\/newsite\\\/?s={search_term_string}\"},\"query-input\":{\"@type\":\"PropertyValueSpecification\",\"valueRequired\":true,\"valueName\":\"search_term_string\"}}],\"inLanguage\":\"fr-FR\"},{\"@type\":\"Organization\",\"@id\":\"https:\\\/\\\/frequence-sille.org\\\/newsite\\\/#organization\",\"name\":\"Fr\u00e9quence Sill\u00e9\",\"url\":\"https:\\\/\\\/frequence-sille.org\\\/newsite\\\/\",\"logo\":{\"@type\":\"ImageObject\",\"inLanguage\":\"fr-FR\",\"@id\":\"https:\\\/\\\/frequence-sille.org\\\/newsite\\\/#\\\/schema\\\/logo\\\/image\\\/\",\"url\":\"https:\\\/\\\/frequence-sille.org\\\/newsite\\\/wp-content\\\/uploads\\\/2023\\\/07\\\/LOGO_979_NOIR.png\",\"contentUrl\":\"https:\\\/\\\/frequence-sille.org\\\/newsite\\\/wp-content\\\/uploads\\\/2023\\\/07\\\/LOGO_979_NOIR.png\",\"width\":7680,\"height\":4320,\"caption\":\"Fr\u00e9quence Sill\u00e9\"},\"image\":{\"@id\":\"https:\\\/\\\/frequence-sille.org\\\/newsite\\\/#\\\/schema\\\/logo\\\/image\\\/\"},\"sameAs\":[\"https:\\\/\\\/www.facebook.com\\\/frequencesille979fm\",\"https:\\\/\\\/x.com\\\/freqsille979\",\"https:\\\/\\\/www.instagram.com\\\/frequencesille\\\/\"]}]}<\/script>\n<!-- \/ Yoast SEO plugin. -->","yoast_head_json":{"title":"Patrimoine - Fr\u00e9quence Sill\u00e9","robots":{"index":"index","follow":"follow","max-snippet":"max-snippet:-1","max-image-preview":"max-image-preview:large","max-video-preview":"max-video-preview:-1"},"canonical":"https:\/\/frequence-sille.org\/newsite\/nos-services\/patrimoine\/","og_locale":"fr_FR","og_type":"article","og_title":"Patrimoine - Fr\u00e9quence Sill\u00e9","og_description":"\u00ab Sauvegarde de la parole sarthoise \u00bb \u00ab\u00a0Sauvegarde de la parole sarthoise\u00a0\u00bb est un programme collaboratif d\u2019archivage et de valorisation sur Internet de documents sonores collect\u00e9s en Sarthe. Ce programme&hellip;","og_url":"https:\/\/frequence-sille.org\/newsite\/nos-services\/patrimoine\/","og_site_name":"Fr\u00e9quence Sill\u00e9","article_publisher":"https:\/\/www.facebook.com\/frequencesille979fm","article_modified_time":"2021-09-08T16:38:39+00:00","og_image":[{"url":"http:\/\/frequence-sille.org\/newsite\/wp-content\/uploads\/2016\/07\/inauguration-300x225.jpg","type":"","width":"","height":""}],"twitter_card":"summary_large_image","twitter_site":"@freqsille979","twitter_misc":{"Dur\u00e9e de lecture estim\u00e9e":"3 minutes"},"schema":{"@context":"https:\/\/schema.org","@graph":[{"@type":"WebPage","@id":"https:\/\/frequence-sille.org\/newsite\/nos-services\/patrimoine\/","url":"https:\/\/frequence-sille.org\/newsite\/nos-services\/patrimoine\/","name":"Patrimoine - Fr\u00e9quence Sill\u00e9","isPartOf":{"@id":"https:\/\/frequence-sille.org\/newsite\/#website"},"primaryImageOfPage":{"@id":"https:\/\/frequence-sille.org\/newsite\/nos-services\/patrimoine\/#primaryimage"},"image":{"@id":"https:\/\/frequence-sille.org\/newsite\/nos-services\/patrimoine\/#primaryimage"},"thumbnailUrl":"http:\/\/frequence-sille.org\/newsite\/wp-content\/uploads\/2016\/07\/inauguration-300x225.jpg","datePublished":"2016-07-26T06:36:57+00:00","dateModified":"2021-09-08T16:38:39+00:00","breadcrumb":{"@id":"https:\/\/frequence-sille.org\/newsite\/nos-services\/patrimoine\/#breadcrumb"},"inLanguage":"fr-FR","potentialAction":[{"@type":"ReadAction","target":["https:\/\/frequence-sille.org\/newsite\/nos-services\/patrimoine\/"]}]},{"@type":"ImageObject","inLanguage":"fr-FR","@id":"https:\/\/frequence-sille.org\/newsite\/nos-services\/patrimoine\/#primaryimage","url":"https:\/\/frequence-sille.org\/newsite\/wp-content\/uploads\/2016\/07\/inauguration.jpg","contentUrl":"https:\/\/frequence-sille.org\/newsite\/wp-content\/uploads\/2016\/07\/inauguration.jpg","width":800,"height":600},{"@type":"BreadcrumbList","@id":"https:\/\/frequence-sille.org\/newsite\/nos-services\/patrimoine\/#breadcrumb","itemListElement":[{"@type":"ListItem","position":1,"name":"Accueil","item":"https:\/\/frequence-sille.org\/newsite\/"},{"@type":"ListItem","position":2,"name":"Nos services","item":"https:\/\/frequence-sille.org\/newsite\/nos-services\/"},{"@type":"ListItem","position":3,"name":"Patrimoine"}]},{"@type":"WebSite","@id":"https:\/\/frequence-sille.org\/newsite\/#website","url":"https:\/\/frequence-sille.org\/newsite\/","name":"Fr\u00e9quence Sill\u00e9","description":"Bien plus qu&#039;une radio...votre radio !","publisher":{"@id":"https:\/\/frequence-sille.org\/newsite\/#organization"},"potentialAction":[{"@type":"SearchAction","target":{"@type":"EntryPoint","urlTemplate":"https:\/\/frequence-sille.org\/newsite\/?s={search_term_string}"},"query-input":{"@type":"PropertyValueSpecification","valueRequired":true,"valueName":"search_term_string"}}],"inLanguage":"fr-FR"},{"@type":"Organization","@id":"https:\/\/frequence-sille.org\/newsite\/#organization","name":"Fr\u00e9quence Sill\u00e9","url":"https:\/\/frequence-sille.org\/newsite\/","logo":{"@type":"ImageObject","inLanguage":"fr-FR","@id":"https:\/\/frequence-sille.org\/newsite\/#\/schema\/logo\/image\/","url":"https:\/\/frequence-sille.org\/newsite\/wp-content\/uploads\/2023\/07\/LOGO_979_NOIR.png","contentUrl":"https:\/\/frequence-sille.org\/newsite\/wp-content\/uploads\/2023\/07\/LOGO_979_NOIR.png","width":7680,"height":4320,"caption":"Fr\u00e9quence Sill\u00e9"},"image":{"@id":"https:\/\/frequence-sille.org\/newsite\/#\/schema\/logo\/image\/"},"sameAs":["https:\/\/www.facebook.com\/frequencesille979fm","https:\/\/x.com\/freqsille979","https:\/\/www.instagram.com\/frequencesille\/"]}]}},"_links":{"self":[{"href":"https:\/\/frequence-sille.org\/newsite\/wp-json\/wp\/v2\/pages\/188","targetHints":{"allow":["GET"]}}],"collection":[{"href":"https:\/\/frequence-sille.org\/newsite\/wp-json\/wp\/v2\/pages"}],"about":[{"href":"https:\/\/frequence-sille.org\/newsite\/wp-json\/wp\/v2\/types\/page"}],"author":[{"embeddable":true,"href":"https:\/\/frequence-sille.org\/newsite\/wp-json\/wp\/v2\/users\/1"}],"replies":[{"embeddable":true,"href":"https:\/\/frequence-sille.org\/newsite\/wp-json\/wp\/v2\/comments?post=188"}],"version-history":[{"count":10,"href":"https:\/\/frequence-sille.org\/newsite\/wp-json\/wp\/v2\/pages\/188\/revisions"}],"predecessor-version":[{"id":5554,"href":"https:\/\/frequence-sille.org\/newsite\/wp-json\/wp\/v2\/pages\/188\/revisions\/5554"}],"up":[{"embeddable":true,"href":"https:\/\/frequence-sille.org\/newsite\/wp-json\/wp\/v2\/pages\/166"}],"wp:attachment":[{"href":"https:\/\/frequence-sille.org\/newsite\/wp-json\/wp\/v2\/media?parent=188"}],"curies":[{"name":"wp","href":"https:\/\/api.w.org\/{rel}","templated":true}]}}