{"id":2016,"date":"2017-01-19T10:06:18","date_gmt":"2017-01-19T09:06:18","guid":{"rendered":"http:\/\/frequence-sille.org\/newsite\/?page_id=2016"},"modified":"2025-11-07T15:46:47","modified_gmt":"2025-11-07T14:46:47","slug":"lyceens-a-lantenne","status":"publish","type":"page","link":"https:\/\/frequence-sille.org\/newsite\/jeunesse\/lyceens-a-lantenne\/","title":{"rendered":"Lyc\u00e9ens \u00e0 l&rsquo;antenne"},"content":{"rendered":"\n<h2 class=\"wp-block-heading\">2025-2026<\/h2>\n\n\n\n<figure class=\"wp-block-embed is-type-wp-embed is-provider-fr-quence-sill wp-block-embed-fr-quence-sill\"><div class=\"wp-block-embed__wrapper\">\n<blockquote class=\"wp-embedded-content\" data-secret=\"pKl6iO1q4o\"><a href=\"https:\/\/frequence-sille.org\/newsite\/passe-la-seconde-2025-2026\/\">Passe la seconde 2025-2026<\/a><\/blockquote><iframe loading=\"lazy\" class=\"wp-embedded-content\" sandbox=\"allow-scripts\" security=\"restricted\" style=\"position: absolute; visibility: hidden;\" title=\"\u00ab\u00a0Passe la seconde 2025-2026\u00a0\u00bb &#8212; Fr\u00e9quence Sill\u00e9\" src=\"https:\/\/frequence-sille.org\/newsite\/passe-la-seconde-2025-2026\/embed\/#?secret=smAwUKUdYj#?secret=pKl6iO1q4o\" data-secret=\"pKl6iO1q4o\" width=\"600\" height=\"338\" frameborder=\"0\" marginwidth=\"0\" marginheight=\"0\" scrolling=\"no\"><\/iframe>\n<\/div><\/figure>\n\n\n\n<h2 class=\"wp-block-heading\">2024-2025<\/h2>\n\n\n\n<figure class=\"wp-block-embed is-type-wp-embed is-provider-fr-quence-sill wp-block-embed-fr-quence-sill\"><div class=\"wp-block-embed__wrapper\">\n<blockquote class=\"wp-embedded-content\" data-secret=\"XhT7W7C6t9\"><a href=\"https:\/\/frequence-sille.org\/newsite\/3-minutes-actu-par-les-1ere-hggsp\/\">3 Minutes Actu &#8211; Par les 1\u00e8re HGGSP<\/a><\/blockquote><iframe loading=\"lazy\" class=\"wp-embedded-content\" sandbox=\"allow-scripts\" security=\"restricted\" style=\"position: absolute; visibility: hidden;\" title=\"\u00ab\u00a03 Minutes Actu &#8211; Par les 1\u00e8re HGGSP\u00a0\u00bb &#8212; Fr\u00e9quence Sill\u00e9\" src=\"https:\/\/frequence-sille.org\/newsite\/3-minutes-actu-par-les-1ere-hggsp\/embed\/#?secret=z0uOq0pKNQ#?secret=XhT7W7C6t9\" data-secret=\"XhT7W7C6t9\" width=\"600\" height=\"338\" frameborder=\"0\" marginwidth=\"0\" marginheight=\"0\" scrolling=\"no\"><\/iframe>\n<\/div><\/figure>\n\n\n\n<figure class=\"wp-block-embed is-type-wp-embed is-provider-fr-quence-sill wp-block-embed-fr-quence-sill\"><div class=\"wp-block-embed__wrapper\">\n<blockquote class=\"wp-embedded-content\" data-secret=\"jOcs2YrlkQ\"><a href=\"https:\/\/frequence-sille.org\/newsite\/passe-la-seconde\/\">Passe la seconde<\/a><\/blockquote><iframe loading=\"lazy\" class=\"wp-embedded-content\" sandbox=\"allow-scripts\" security=\"restricted\" style=\"position: absolute; visibility: hidden;\" title=\"\u00ab\u00a0Passe la seconde\u00a0\u00bb &#8212; Fr\u00e9quence Sill\u00e9\" src=\"https:\/\/frequence-sille.org\/newsite\/passe-la-seconde\/embed\/#?secret=Mw0qnktHzl#?secret=jOcs2YrlkQ\" data-secret=\"jOcs2YrlkQ\" width=\"600\" height=\"338\" frameborder=\"0\" marginwidth=\"0\" marginheight=\"0\" scrolling=\"no\"><\/iframe>\n<\/div><\/figure>\n\n\n\n<p><\/p>\n\n\n\n<h2 class=\"wp-block-heading\">2023-2024<\/h2>\n\n\n\n<figure class=\"wp-block-embed is-type-wp-embed is-provider-fr-quence-sill wp-block-embed-fr-quence-sill\"><div class=\"wp-block-embed__wrapper\">\n<blockquote class=\"wp-embedded-content\" data-secret=\"7Ku4CbPfxS\"><a href=\"https:\/\/frequence-sille.org\/newsite\/linstant-actu-par-les-terminales-geopo\/\">L&#8217;instant Actu &#8211; Par les Terminales GeoPo<\/a><\/blockquote><iframe loading=\"lazy\" class=\"wp-embedded-content\" sandbox=\"allow-scripts\" security=\"restricted\" style=\"position: absolute; visibility: hidden;\" title=\"\u00ab\u00a0L&#8217;instant Actu &#8211; Par les Terminales GeoPo\u00a0\u00bb &#8212; Fr\u00e9quence Sill\u00e9\" src=\"https:\/\/frequence-sille.org\/newsite\/linstant-actu-par-les-terminales-geopo\/embed\/#?secret=BOpGTzk9DU#?secret=7Ku4CbPfxS\" data-secret=\"7Ku4CbPfxS\" width=\"600\" height=\"338\" frameborder=\"0\" marginwidth=\"0\" marginheight=\"0\" scrolling=\"no\"><\/iframe>\n<\/div><\/figure>\n\n\n\n<figure class=\"wp-block-embed is-type-wp-embed is-provider-fr-quence-sill wp-block-embed-fr-quence-sill\"><div class=\"wp-block-embed__wrapper\">\n<blockquote class=\"wp-embedded-content\" data-secret=\"qc8Gos6BUU\"><a href=\"https:\/\/frequence-sille.org\/newsite\/emission-des-secondes-2023-2024\/\">Emission des secondes 2023-2024<\/a><\/blockquote><iframe loading=\"lazy\" class=\"wp-embedded-content\" sandbox=\"allow-scripts\" security=\"restricted\" style=\"position: absolute; visibility: hidden;\" title=\"\u00ab\u00a0Emission des secondes 2023-2024\u00a0\u00bb &#8212; Fr\u00e9quence Sill\u00e9\" src=\"https:\/\/frequence-sille.org\/newsite\/emission-des-secondes-2023-2024\/embed\/#?secret=mh44OUxiAh#?secret=qc8Gos6BUU\" data-secret=\"qc8Gos6BUU\" width=\"600\" height=\"338\" frameborder=\"0\" marginwidth=\"0\" marginheight=\"0\" scrolling=\"no\"><\/iframe>\n<\/div><\/figure>\n\n\n\n<h2 class=\"wp-block-heading\">2022-2023<\/h2>\n\n\n\n<figure class=\"wp-block-embed is-type-wp-embed is-provider-fr-quence-sill wp-block-embed-fr-quence-sill\"><div class=\"wp-block-embed__wrapper\">\n<blockquote class=\"wp-embedded-content\" data-secret=\"cZDi1Mw3dY\"><a href=\"https:\/\/frequence-sille.org\/newsite\/emission-2ndes-2022-2023\/\">Emission 2ndes 2022-2023<\/a><\/blockquote><iframe loading=\"lazy\" class=\"wp-embedded-content\" sandbox=\"allow-scripts\" security=\"restricted\" style=\"position: absolute; visibility: hidden;\" title=\"\u00ab\u00a0Emission 2ndes 2022-2023\u00a0\u00bb &#8212; Fr\u00e9quence Sill\u00e9\" src=\"https:\/\/frequence-sille.org\/newsite\/emission-2ndes-2022-2023\/embed\/#?secret=s6DoeQ7itb#?secret=cZDi1Mw3dY\" data-secret=\"cZDi1Mw3dY\" width=\"600\" height=\"338\" frameborder=\"0\" marginwidth=\"0\" marginheight=\"0\" scrolling=\"no\"><\/iframe>\n<\/div><\/figure>\n\n\n\n<p><\/p>\n\n\n\n<h2 class=\"wp-block-heading\">2021-2022<\/h2>\n\n\n\n<figure class=\"wp-block-embed is-type-wp-embed is-provider-fr-quence-sill wp-block-embed-fr-quence-sill\"><div class=\"wp-block-embed__wrapper\">\n<blockquote class=\"wp-embedded-content\" data-secret=\"eVPttmSCxm\"><a href=\"https:\/\/frequence-sille.org\/newsite\/emissions-2nd-2021-2022\/\">\u00c9missions 2nd 2021-2022<\/a><\/blockquote><iframe loading=\"lazy\" class=\"wp-embedded-content\" sandbox=\"allow-scripts\" security=\"restricted\" style=\"position: absolute; visibility: hidden;\" title=\"\u00ab\u00a0\u00c9missions 2nd 2021-2022\u00a0\u00bb &#8212; Fr\u00e9quence Sill\u00e9\" src=\"https:\/\/frequence-sille.org\/newsite\/emissions-2nd-2021-2022\/embed\/#?secret=lIiTlf553z#?secret=eVPttmSCxm\" data-secret=\"eVPttmSCxm\" width=\"600\" height=\"338\" frameborder=\"0\" marginwidth=\"0\" marginheight=\"0\" scrolling=\"no\"><\/iframe>\n<\/div><\/figure>\n\n\n\n<p><\/p>\n\n\n\n<h2 class=\"wp-block-heading\">2016-2019<\/h2>\n\n\n\n<figure class=\"wp-block-embed is-type-wp-embed is-provider-fr-quence-sill wp-block-embed-fr-quence-sill\"><div class=\"wp-block-embed__wrapper\">\n<blockquote class=\"wp-embedded-content\" data-secret=\"fAfD11PcBc\"><a href=\"https:\/\/frequence-sille.org\/newsite\/jeunesse\/lyceens-a-lantenne\/culture-l\/\">That&#8217;s L Folks<\/a><\/blockquote><iframe loading=\"lazy\" class=\"wp-embedded-content\" sandbox=\"allow-scripts\" security=\"restricted\" style=\"position: absolute; visibility: hidden;\" title=\"\u00ab\u00a0That&#8217;s L Folks\u00a0\u00bb &#8212; Fr\u00e9quence Sill\u00e9\" src=\"https:\/\/frequence-sille.org\/newsite\/jeunesse\/lyceens-a-lantenne\/culture-l\/embed\/#?secret=gg8AWgQpgc#?secret=fAfD11PcBc\" data-secret=\"fAfD11PcBc\" width=\"600\" height=\"338\" frameborder=\"0\" marginwidth=\"0\" marginheight=\"0\" scrolling=\"no\"><\/iframe>\n<\/div><\/figure>\n\n\n\n<figure class=\"wp-block-embed is-type-wp-embed is-provider-fr-quence-sill wp-block-embed-fr-quence-sill\"><div class=\"wp-block-embed__wrapper\">\n<blockquote class=\"wp-embedded-content\" data-secret=\"93vMwOvkvZ\"><a href=\"https:\/\/frequence-sille.org\/newsite\/culture-l\/\">Culture L<\/a><\/blockquote><iframe loading=\"lazy\" class=\"wp-embedded-content\" sandbox=\"allow-scripts\" security=\"restricted\" style=\"position: absolute; visibility: hidden;\" title=\"\u00ab\u00a0Culture L\u00a0\u00bb &#8212; Fr\u00e9quence Sill\u00e9\" src=\"https:\/\/frequence-sille.org\/newsite\/culture-l\/embed\/#?secret=TYlqCpBcKx#?secret=93vMwOvkvZ\" data-secret=\"93vMwOvkvZ\" width=\"600\" height=\"338\" frameborder=\"0\" marginwidth=\"0\" marginheight=\"0\" scrolling=\"no\"><\/iframe>\n<\/div><\/figure>\n\n\n\n<figure class=\"wp-block-embed is-type-wp-embed is-provider-fr-quence-sill wp-block-embed-fr-quence-sill\"><div class=\"wp-block-embed__wrapper\">\n<blockquote class=\"wp-embedded-content\" data-secret=\"s0gvMJLbUM\"><a href=\"https:\/\/frequence-sille.org\/newsite\/jeunesse\/archives-jeunesse\/premiere-l\/\">Second Life<\/a><\/blockquote><iframe loading=\"lazy\" class=\"wp-embedded-content\" sandbox=\"allow-scripts\" security=\"restricted\" style=\"position: absolute; visibility: hidden;\" title=\"\u00ab\u00a0Second Life\u00a0\u00bb &#8212; Fr\u00e9quence Sill\u00e9\" src=\"https:\/\/frequence-sille.org\/newsite\/jeunesse\/archives-jeunesse\/premiere-l\/embed\/#?secret=SYm446Hspf#?secret=s0gvMJLbUM\" data-secret=\"s0gvMJLbUM\" width=\"600\" height=\"338\" frameborder=\"0\" marginwidth=\"0\" marginheight=\"0\" scrolling=\"no\"><\/iframe>\n<\/div><\/figure>\n\n\n\n<figure class=\"wp-block-embed is-type-wp-embed is-provider-fr-quence-sill wp-block-embed-fr-quence-sill\"><div class=\"wp-block-embed__wrapper\">\n<blockquote class=\"wp-embedded-content\" data-secret=\"5LVFbH428f\"><a href=\"https:\/\/frequence-sille.org\/newsite\/jeunesse\/lyceens-a-lantenne\/lhebdo-des-lyceens\/\">Au pied du monde<\/a><\/blockquote><iframe loading=\"lazy\" class=\"wp-embedded-content\" sandbox=\"allow-scripts\" security=\"restricted\" style=\"position: absolute; visibility: hidden;\" title=\"\u00ab\u00a0Au pied du monde\u00a0\u00bb &#8212; Fr\u00e9quence Sill\u00e9\" src=\"https:\/\/frequence-sille.org\/newsite\/jeunesse\/lyceens-a-lantenne\/lhebdo-des-lyceens\/embed\/#?secret=7FEWKXkaGV#?secret=5LVFbH428f\" data-secret=\"5LVFbH428f\" width=\"600\" height=\"338\" frameborder=\"0\" marginwidth=\"0\" marginheight=\"0\" scrolling=\"no\"><\/iframe>\n<\/div><\/figure>\n\n\n\n<figure class=\"wp-block-embed is-type-wp-embed is-provider-fr-quence-sill wp-block-embed-fr-quence-sill\"><div class=\"wp-block-embed__wrapper\">\n<blockquote class=\"wp-embedded-content\" data-secret=\"mZrcHxnPuT\"><a href=\"https:\/\/frequence-sille.org\/newsite\/jeunesse\/archives-jeunesse\/melting-pote\/\">Melting Pote<\/a><\/blockquote><iframe loading=\"lazy\" class=\"wp-embedded-content\" sandbox=\"allow-scripts\" security=\"restricted\" style=\"position: absolute; visibility: hidden;\" title=\"\u00ab\u00a0Melting Pote\u00a0\u00bb &#8212; Fr\u00e9quence Sill\u00e9\" src=\"https:\/\/frequence-sille.org\/newsite\/jeunesse\/archives-jeunesse\/melting-pote\/embed\/#?secret=3XN2EqPX0B#?secret=mZrcHxnPuT\" data-secret=\"mZrcHxnPuT\" width=\"600\" height=\"338\" frameborder=\"0\" marginwidth=\"0\" marginheight=\"0\" scrolling=\"no\"><\/iframe>\n<\/div><\/figure>\n","protected":false},"excerpt":{"rendered":"<p>2025-2026 2024-2025 2023-2024 2022-2023 2021-2022 2016-2019<\/p>\n","protected":false},"author":1,"featured_media":0,"parent":2027,"menu_order":83,"comment_status":"closed","ping_status":"closed","template":"","meta":{"footnotes":""},"class_list":["post-2016","page","type-page","status-publish","hentry","no-post-thumbnail"],"yoast_head":"<!-- This site is optimized with the Yoast SEO plugin v27.3 - https:\/\/yoast.com\/product\/yoast-seo-wordpress\/ -->\n<title>Lyc\u00e9ens \u00e0 l&#039;antenne - Fr\u00e9quence Sill\u00e9<\/title>\n<meta name=\"robots\" content=\"index, follow, max-snippet:-1, max-image-preview:large, max-video-preview:-1\" \/>\n<link rel=\"canonical\" href=\"https:\/\/frequence-sille.org\/newsite\/jeunesse\/lyceens-a-lantenne\/\" \/>\n<meta property=\"og:locale\" content=\"fr_FR\" \/>\n<meta property=\"og:type\" content=\"article\" \/>\n<meta property=\"og:title\" content=\"Lyc\u00e9ens \u00e0 l&#039;antenne - Fr\u00e9quence Sill\u00e9\" \/>\n<meta property=\"og:description\" content=\"2025-2026 2024-2025 2023-2024 2022-2023 2021-2022 2016-2019\" \/>\n<meta property=\"og:url\" content=\"https:\/\/frequence-sille.org\/newsite\/jeunesse\/lyceens-a-lantenne\/\" \/>\n<meta property=\"og:site_name\" content=\"Fr\u00e9quence Sill\u00e9\" \/>\n<meta property=\"article:publisher\" content=\"https:\/\/www.facebook.com\/frequencesille979fm\" \/>\n<meta property=\"article:modified_time\" content=\"2025-11-07T14:46:47+00:00\" \/>\n<meta name=\"twitter:card\" content=\"summary_large_image\" \/>\n<meta name=\"twitter:site\" content=\"@freqsille979\" \/>\n<meta name=\"twitter:label1\" content=\"Dur\u00e9e de lecture estim\u00e9e\" \/>\n\t<meta name=\"twitter:data1\" content=\"1 minute\" \/>\n<script type=\"application\/ld+json\" class=\"yoast-schema-graph\">{\"@context\":\"https:\\\/\\\/schema.org\",\"@graph\":[{\"@type\":\"WebPage\",\"@id\":\"https:\\\/\\\/frequence-sille.org\\\/newsite\\\/jeunesse\\\/lyceens-a-lantenne\\\/\",\"url\":\"https:\\\/\\\/frequence-sille.org\\\/newsite\\\/jeunesse\\\/lyceens-a-lantenne\\\/\",\"name\":\"Lyc\u00e9ens \u00e0 l'antenne - Fr\u00e9quence Sill\u00e9\",\"isPartOf\":{\"@id\":\"https:\\\/\\\/frequence-sille.org\\\/newsite\\\/#website\"},\"datePublished\":\"2017-01-19T09:06:18+00:00\",\"dateModified\":\"2025-11-07T14:46:47+00:00\",\"breadcrumb\":{\"@id\":\"https:\\\/\\\/frequence-sille.org\\\/newsite\\\/jeunesse\\\/lyceens-a-lantenne\\\/#breadcrumb\"},\"inLanguage\":\"fr-FR\",\"potentialAction\":[{\"@type\":\"ReadAction\",\"target\":[\"https:\\\/\\\/frequence-sille.org\\\/newsite\\\/jeunesse\\\/lyceens-a-lantenne\\\/\"]}]},{\"@type\":\"BreadcrumbList\",\"@id\":\"https:\\\/\\\/frequence-sille.org\\\/newsite\\\/jeunesse\\\/lyceens-a-lantenne\\\/#breadcrumb\",\"itemListElement\":[{\"@type\":\"ListItem\",\"position\":1,\"name\":\"Accueil\",\"item\":\"https:\\\/\\\/frequence-sille.org\\\/newsite\\\/\"},{\"@type\":\"ListItem\",\"position\":2,\"name\":\"Jeunesse\",\"item\":\"https:\\\/\\\/frequence-sille.org\\\/newsite\\\/jeunesse\\\/\"},{\"@type\":\"ListItem\",\"position\":3,\"name\":\"Lyc\u00e9ens \u00e0 l&rsquo;antenne\"}]},{\"@type\":\"WebSite\",\"@id\":\"https:\\\/\\\/frequence-sille.org\\\/newsite\\\/#website\",\"url\":\"https:\\\/\\\/frequence-sille.org\\\/newsite\\\/\",\"name\":\"Fr\u00e9quence Sill\u00e9\",\"description\":\"Bien plus qu&#039;une radio...votre radio !\",\"publisher\":{\"@id\":\"https:\\\/\\\/frequence-sille.org\\\/newsite\\\/#organization\"},\"potentialAction\":[{\"@type\":\"SearchAction\",\"target\":{\"@type\":\"EntryPoint\",\"urlTemplate\":\"https:\\\/\\\/frequence-sille.org\\\/newsite\\\/?s={search_term_string}\"},\"query-input\":{\"@type\":\"PropertyValueSpecification\",\"valueRequired\":true,\"valueName\":\"search_term_string\"}}],\"inLanguage\":\"fr-FR\"},{\"@type\":\"Organization\",\"@id\":\"https:\\\/\\\/frequence-sille.org\\\/newsite\\\/#organization\",\"name\":\"Fr\u00e9quence Sill\u00e9\",\"url\":\"https:\\\/\\\/frequence-sille.org\\\/newsite\\\/\",\"logo\":{\"@type\":\"ImageObject\",\"inLanguage\":\"fr-FR\",\"@id\":\"https:\\\/\\\/frequence-sille.org\\\/newsite\\\/#\\\/schema\\\/logo\\\/image\\\/\",\"url\":\"https:\\\/\\\/frequence-sille.org\\\/newsite\\\/wp-content\\\/uploads\\\/2023\\\/07\\\/LOGO_979_NOIR.png\",\"contentUrl\":\"https:\\\/\\\/frequence-sille.org\\\/newsite\\\/wp-content\\\/uploads\\\/2023\\\/07\\\/LOGO_979_NOIR.png\",\"width\":7680,\"height\":4320,\"caption\":\"Fr\u00e9quence Sill\u00e9\"},\"image\":{\"@id\":\"https:\\\/\\\/frequence-sille.org\\\/newsite\\\/#\\\/schema\\\/logo\\\/image\\\/\"},\"sameAs\":[\"https:\\\/\\\/www.facebook.com\\\/frequencesille979fm\",\"https:\\\/\\\/x.com\\\/freqsille979\",\"https:\\\/\\\/www.instagram.com\\\/frequencesille\\\/\"]}]}<\/script>\n<!-- \/ Yoast SEO plugin. -->","yoast_head_json":{"title":"Lyc\u00e9ens \u00e0 l'antenne - Fr\u00e9quence Sill\u00e9","robots":{"index":"index","follow":"follow","max-snippet":"max-snippet:-1","max-image-preview":"max-image-preview:large","max-video-preview":"max-video-preview:-1"},"canonical":"https:\/\/frequence-sille.org\/newsite\/jeunesse\/lyceens-a-lantenne\/","og_locale":"fr_FR","og_type":"article","og_title":"Lyc\u00e9ens \u00e0 l'antenne - Fr\u00e9quence Sill\u00e9","og_description":"2025-2026 2024-2025 2023-2024 2022-2023 2021-2022 2016-2019","og_url":"https:\/\/frequence-sille.org\/newsite\/jeunesse\/lyceens-a-lantenne\/","og_site_name":"Fr\u00e9quence Sill\u00e9","article_publisher":"https:\/\/www.facebook.com\/frequencesille979fm","article_modified_time":"2025-11-07T14:46:47+00:00","twitter_card":"summary_large_image","twitter_site":"@freqsille979","twitter_misc":{"Dur\u00e9e de lecture estim\u00e9e":"1 minute"},"schema":{"@context":"https:\/\/schema.org","@graph":[{"@type":"WebPage","@id":"https:\/\/frequence-sille.org\/newsite\/jeunesse\/lyceens-a-lantenne\/","url":"https:\/\/frequence-sille.org\/newsite\/jeunesse\/lyceens-a-lantenne\/","name":"Lyc\u00e9ens \u00e0 l'antenne - Fr\u00e9quence Sill\u00e9","isPartOf":{"@id":"https:\/\/frequence-sille.org\/newsite\/#website"},"datePublished":"2017-01-19T09:06:18+00:00","dateModified":"2025-11-07T14:46:47+00:00","breadcrumb":{"@id":"https:\/\/frequence-sille.org\/newsite\/jeunesse\/lyceens-a-lantenne\/#breadcrumb"},"inLanguage":"fr-FR","potentialAction":[{"@type":"ReadAction","target":["https:\/\/frequence-sille.org\/newsite\/jeunesse\/lyceens-a-lantenne\/"]}]},{"@type":"BreadcrumbList","@id":"https:\/\/frequence-sille.org\/newsite\/jeunesse\/lyceens-a-lantenne\/#breadcrumb","itemListElement":[{"@type":"ListItem","position":1,"name":"Accueil","item":"https:\/\/frequence-sille.org\/newsite\/"},{"@type":"ListItem","position":2,"name":"Jeunesse","item":"https:\/\/frequence-sille.org\/newsite\/jeunesse\/"},{"@type":"ListItem","position":3,"name":"Lyc\u00e9ens \u00e0 l&rsquo;antenne"}]},{"@type":"WebSite","@id":"https:\/\/frequence-sille.org\/newsite\/#website","url":"https:\/\/frequence-sille.org\/newsite\/","name":"Fr\u00e9quence Sill\u00e9","description":"Bien plus qu&#039;une radio...votre radio !","publisher":{"@id":"https:\/\/frequence-sille.org\/newsite\/#organization"},"potentialAction":[{"@type":"SearchAction","target":{"@type":"EntryPoint","urlTemplate":"https:\/\/frequence-sille.org\/newsite\/?s={search_term_string}"},"query-input":{"@type":"PropertyValueSpecification","valueRequired":true,"valueName":"search_term_string"}}],"inLanguage":"fr-FR"},{"@type":"Organization","@id":"https:\/\/frequence-sille.org\/newsite\/#organization","name":"Fr\u00e9quence Sill\u00e9","url":"https:\/\/frequence-sille.org\/newsite\/","logo":{"@type":"ImageObject","inLanguage":"fr-FR","@id":"https:\/\/frequence-sille.org\/newsite\/#\/schema\/logo\/image\/","url":"https:\/\/frequence-sille.org\/newsite\/wp-content\/uploads\/2023\/07\/LOGO_979_NOIR.png","contentUrl":"https:\/\/frequence-sille.org\/newsite\/wp-content\/uploads\/2023\/07\/LOGO_979_NOIR.png","width":7680,"height":4320,"caption":"Fr\u00e9quence Sill\u00e9"},"image":{"@id":"https:\/\/frequence-sille.org\/newsite\/#\/schema\/logo\/image\/"},"sameAs":["https:\/\/www.facebook.com\/frequencesille979fm","https:\/\/x.com\/freqsille979","https:\/\/www.instagram.com\/frequencesille\/"]}]}},"_links":{"self":[{"href":"https:\/\/frequence-sille.org\/newsite\/wp-json\/wp\/v2\/pages\/2016","targetHints":{"allow":["GET"]}}],"collection":[{"href":"https:\/\/frequence-sille.org\/newsite\/wp-json\/wp\/v2\/pages"}],"about":[{"href":"https:\/\/frequence-sille.org\/newsite\/wp-json\/wp\/v2\/types\/page"}],"author":[{"embeddable":true,"href":"https:\/\/frequence-sille.org\/newsite\/wp-json\/wp\/v2\/users\/1"}],"replies":[{"embeddable":true,"href":"https:\/\/frequence-sille.org\/newsite\/wp-json\/wp\/v2\/comments?post=2016"}],"version-history":[{"count":13,"href":"https:\/\/frequence-sille.org\/newsite\/wp-json\/wp\/v2\/pages\/2016\/revisions"}],"predecessor-version":[{"id":15884,"href":"https:\/\/frequence-sille.org\/newsite\/wp-json\/wp\/v2\/pages\/2016\/revisions\/15884"}],"up":[{"embeddable":true,"href":"https:\/\/frequence-sille.org\/newsite\/wp-json\/wp\/v2\/pages\/2027"}],"wp:attachment":[{"href":"https:\/\/frequence-sille.org\/newsite\/wp-json\/wp\/v2\/media?parent=2016"}],"curies":[{"name":"wp","href":"https:\/\/api.w.org\/{rel}","templated":true}]}}