{"id":295,"date":"2016-07-27T09:23:45","date_gmt":"2016-07-27T08:23:45","guid":{"rendered":"http:\/\/frequence-sille.org\/newsite\/?page_id=295"},"modified":"2021-09-08T17:38:36","modified_gmt":"2021-09-08T16:38:36","slug":"lassociation-fse-fs","status":"publish","type":"page","link":"https:\/\/frequence-sille.org\/newsite\/la-radio\/lassociation-fse-fs\/","title":{"rendered":"L&rsquo;association FSE &#8211; FS"},"content":{"rendered":"<p>D&rsquo;abord simple club du Foyer Socio Educatif, la radio est devenue en 2004 l\u2019activit\u00e9 unique sous le nom Foyer Socio Educatif &#8211; Fr\u00e9quence Sill\u00e9, les autres activit\u00e9s se regroupant dans le cadre d\u2019une nouvelle association. Les statuts ont \u00e9t\u00e9 r\u00e9vis\u00e9s en juin 2016.<\/p>\n<p>&nbsp;<\/p>\n<p><strong>1 &#8211; L\u2019objet de l\u2019association qui figure dans les statuts<br \/>\n<\/strong><\/p>\n<p>\u00ab\u00a0Etre un lieu de vie, un foyer d\u2019\u00e9changes, de communication, permettant l\u2019expression, l\u2019\u00e9coute, l\u2019ouverture des jeunes scolaris\u00e9s \u00e0 l\u2019actualit\u00e9, \u00e0 la vie qui les entoure, \u00e0 des personnalit\u00e9s locales ou \u00e9loign\u00e9es, \u00e0 l\u2019Europe, \u00e0 la Francophonie. C\u2019est un lieu ouvert dans le m\u00eame esprit \u00e0 tous les membres de la Communaut\u00e9 scolaire, aux citoyens et acteurs divers de notre territoire, \u00e0 toute personne susceptible d\u2019apporter une contribution \u00e0 l\u2019information, au d\u00e9veloppement, \u00e0 la culture, \u00e0 la convivialit\u00e9. L\u2019outil de cette communaut\u00e9 d\u2019expression est la radio locale en milieu scolaire d\u00e9nomm\u00e9e Fr\u00e9quence-Sill\u00e9. Les vocations de l\u2019action de l\u2019association sont la communication sociale de proximit\u00e9, l\u2019information, les diverses formes de cr\u00e9ations radiophoniques, les pratiques p\u00e9dagogiques et \u00e9ducatives avec la radio, la formation de jeunes et d\u2019adultes, la contribution au d\u00e9veloppement local, le travail sur le patrimoine sonore, les recherches et les concr\u00e9tisations en d\u00e9marches innovantes diverses, l\u2019appropriation des nouveaux outils de communication, le soutien et la coop\u00e9ration avec les acteurs du milieu dans ces m\u00eames d\u00e9marches et domaines, le soutien et la coop\u00e9ration avec les acteurs du secteur d\u2019activit\u00e9 \u00e0 l\u2019\u00e9chelle europ\u00e9enne et internationale dans ces m\u00eames d\u00e9marches et domaines. Pour une reconnaissance plus facile par le grand public, le FSE communiquera sous le nom de Fr\u00e9quence-Sill\u00e9. Pour une reconnaissance plus facile dans sa gestion courante, il communiquera sous le nom de FSE-Fr\u00e9quence Sill\u00e9\u00a0\u00bb.<\/p>\n<p>&nbsp;<\/p>\n<p><strong>2 &#8211; Un conseil d\u2019administration repr\u00e9sentatif d\u2019un territoire<\/strong><\/p>\n<p>D\u2019apr\u00e8s les statuts, le CA peut compter de 16 \u00e0 35 membres, de droit ou \u00e9lus.<\/p>\n<p>Composition du CA issu de l\u2019AG due Mai 2017.<\/p>\n<p><b>Membres de droit (9)<br \/>\n<\/b><\/p>\n<p>Repr\u00e9sentant les autorit\u00e9s de l\u2019EPLE et le propri\u00e9taire des locaux\u00a0: 5<\/p>\n<ul>\n<li>Le Proviseur de la Cit\u00e9 Scolaire\u00a0: Pierre Delahaye<\/li>\n<li>Le repr\u00e9sentant de la R\u00e9gion\u00a0: Anne Beauchef (repr\u00e9sentant Christelle Moran\u00e7ais)<\/li>\n<li>Le principal adjoint\u00a0: Mr Cortot<\/li>\n<li>L\u2019intendant\u00a0: Jean Michel Laborde<\/li>\n<li>Le gestionnaire coordinateur de la radio\u00a0: Eric Lucas<\/li>\n<\/ul>\n<p>Repr\u00e9sentants de collectivit\u00e9s\u00a0locales : 4<\/p>\n<ul>\n<li>Mairie de Sill\u00e9-le-Guillaume : G\u00e9rard Galpin (ou son repr\u00e9sentant)<\/li>\n<li>Communaut\u00e9 de communes : Ginette Sybille (repr\u00e9sentant G\u00e9rard Galpin)<\/li>\n<li>Pays de Haute Sarthe\u00a0: Fran\u00e7ois Robin (ou son repr\u00e9sentant)<\/li>\n<li>Conseil d\u00e9partemental\u00a0: G\u00e9rard Galpin (repr\u00e9sentant Dominique Le Mener)<\/li>\n<\/ul>\n<p><strong>Membres \u00e9lus (26)<\/strong><\/p>\n<p><strong>Repr\u00e9sentants de la Communaut\u00e9 scolaire\u00a0: 13<\/strong><\/p>\n<ul>\n<li>Th\u00e9o Guitton (vice-pr\u00e9sident jeune)<\/li>\n<li>Denise Barstow<\/li>\n<li>Camille Fleury<\/li>\n<li>Millet Gabriel<\/li>\n<li>Chadaigne Enola<\/li>\n<li>Lucas Argane<\/li>\n<li>Boisnay Quentin<\/li>\n<li>Fenouill\u00e8re Lucille<\/li>\n<li>Tissot Amandine<\/li>\n<li>Repr\u00e9sentants des parents d\u2019\u00e9l\u00e8ves et \u00e9quipe \u00e9ducative d\u00e9sign\u00e9s en septembre (4 postes)<\/li>\n<\/ul>\n<p><strong>Repr\u00e9sentants du secteur associatif\u00a0: 7<\/strong><\/p>\n<ul>\n<li>Sill\u00e9 Culture (Claire P\u00e9chabrier)<\/li>\n<li>Sill\u00e9 Patrimoine (Vincent Lucas, Corinne Di Vita)<\/li>\n<li>Randonneurs p\u00e9destres du canton de Sill\u00e9 (Dominique S\u00e9chet)<\/li>\n<li>Cyclo club de la V\u00e8gre (rempla\u00e7ant de G\u00e9rard Trocherie \u00e0 d\u00e9signer)<\/li>\n<li>Souvenir Fran\u00e7ais (G\u00e9rard Couturier, Jean Paul Taupin)<\/li>\n<li>Comit\u00e9 de Jumelage Saint R\u00e9my \/ Grasby (Sylvie Horpin)<\/li>\n<\/ul>\n<p><strong>Individus, b\u00e9n\u00e9voles, acteurs de la vie locale ou du secteur d\u2019activit\u00e9\u00a0: 4<\/strong><\/p>\n<ul>\n<li>Christophe Coulon<\/li>\n<li>Chafik Aouni<\/li>\n<li>Sandrine Massot<\/li>\n<li>Evelyne Poincheval<\/li>\n<\/ul>\n<p><strong>Repr\u00e9sentants du personnel de l\u2019association\u00a0: 2<\/strong><\/p>\n<ul>\n<li>Franck Pohu<\/li>\n<li>Guillaume le Borgne<\/li>\n<\/ul>\n<p><strong>3 &#8211; Composition du bureau<\/strong><\/p>\n<p>Un bureau est \u00e9lu par le conseil d\u2019administration et compos\u00e9 d\u2019au moins\u00a03 membres. En cas de d\u00e9mission ou d\u2019impossibilit\u00e9 d\u2019exercice du mandat par l\u2019un des membres, les deux autres membres convoquent un Conseil d\u2019Administration extraordinaire sous 8 jours pour analyser la situation, d\u00e9signer un rempla\u00e7ant ou en cas d\u2019impossibilit\u00e9, mettre en place une instance provisoire charg\u00e9e d\u2019assurer la gestion du quotidien ou des urgences tout en convoquant une assembl\u00e9e g\u00e9n\u00e9rale dans un d\u00e9lai maximal d\u2019un mois.<\/p>\n<ul>\n<li>William Fosse &#8211; Pr\u00e9sident<\/li>\n<li>Eric Lucas &#8211; vice Pr\u00e9sident<\/li>\n<li>Pierre Delahaye &#8211; Secr\u00e9taire<\/li>\n<li>Denise Barstow &#8211; Tr\u00e9sori\u00e8re<\/li>\n<li>Un repr\u00e9sentant (e) du personnel (\u00e0 titre consultatif)<\/li>\n<li>Th\u00e9o Guitton- vice-pr\u00e9sident \u00e9l\u00e8ve (pouvant \u00eatre mineur, \u00e0 titre exclusivement et strictement consultatif)<\/li>\n<\/ul>\n","protected":false},"excerpt":{"rendered":"<p>D&rsquo;abord simple club du Foyer Socio Educatif, la radio est devenue en 2004 l\u2019activit\u00e9 unique sous le nom Foyer Socio Educatif &#8211; Fr\u00e9quence Sill\u00e9, les autres activit\u00e9s se regroupant dans&hellip;<\/p>\n","protected":false},"author":1,"featured_media":0,"parent":8,"menu_order":7,"comment_status":"closed","ping_status":"closed","template":"","meta":{"footnotes":""},"class_list":["post-295","page","type-page","status-publish","hentry","no-post-thumbnail"],"yoast_head":"<!-- This site is optimized with the Yoast SEO plugin v27.3 - https:\/\/yoast.com\/product\/yoast-seo-wordpress\/ -->\n<title>L&#039;association FSE - FS - Fr\u00e9quence Sill\u00e9<\/title>\n<meta name=\"robots\" content=\"index, follow, max-snippet:-1, max-image-preview:large, max-video-preview:-1\" \/>\n<link rel=\"canonical\" href=\"https:\/\/frequence-sille.org\/newsite\/la-radio\/lassociation-fse-fs\/\" \/>\n<meta property=\"og:locale\" content=\"fr_FR\" \/>\n<meta property=\"og:type\" content=\"article\" \/>\n<meta property=\"og:title\" content=\"L&#039;association FSE - FS - Fr\u00e9quence Sill\u00e9\" \/>\n<meta property=\"og:description\" content=\"D&rsquo;abord simple club du Foyer Socio Educatif, la radio est devenue en 2004 l\u2019activit\u00e9 unique sous le nom Foyer Socio Educatif &#8211; Fr\u00e9quence Sill\u00e9, les autres activit\u00e9s se regroupant dans&hellip;\" \/>\n<meta property=\"og:url\" content=\"https:\/\/frequence-sille.org\/newsite\/la-radio\/lassociation-fse-fs\/\" \/>\n<meta property=\"og:site_name\" content=\"Fr\u00e9quence Sill\u00e9\" \/>\n<meta property=\"article:publisher\" content=\"https:\/\/www.facebook.com\/frequencesille979fm\" \/>\n<meta property=\"article:modified_time\" content=\"2021-09-08T16:38:36+00:00\" \/>\n<meta name=\"twitter:card\" content=\"summary_large_image\" \/>\n<meta name=\"twitter:site\" content=\"@freqsille979\" \/>\n<meta name=\"twitter:label1\" content=\"Dur\u00e9e de lecture estim\u00e9e\" \/>\n\t<meta name=\"twitter:data1\" content=\"4 minutes\" \/>\n<script type=\"application\/ld+json\" class=\"yoast-schema-graph\">{\"@context\":\"https:\\\/\\\/schema.org\",\"@graph\":[{\"@type\":\"WebPage\",\"@id\":\"https:\\\/\\\/frequence-sille.org\\\/newsite\\\/la-radio\\\/lassociation-fse-fs\\\/\",\"url\":\"https:\\\/\\\/frequence-sille.org\\\/newsite\\\/la-radio\\\/lassociation-fse-fs\\\/\",\"name\":\"L'association FSE - FS - Fr\u00e9quence Sill\u00e9\",\"isPartOf\":{\"@id\":\"https:\\\/\\\/frequence-sille.org\\\/newsite\\\/#website\"},\"datePublished\":\"2016-07-27T08:23:45+00:00\",\"dateModified\":\"2021-09-08T16:38:36+00:00\",\"breadcrumb\":{\"@id\":\"https:\\\/\\\/frequence-sille.org\\\/newsite\\\/la-radio\\\/lassociation-fse-fs\\\/#breadcrumb\"},\"inLanguage\":\"fr-FR\",\"potentialAction\":[{\"@type\":\"ReadAction\",\"target\":[\"https:\\\/\\\/frequence-sille.org\\\/newsite\\\/la-radio\\\/lassociation-fse-fs\\\/\"]}]},{\"@type\":\"BreadcrumbList\",\"@id\":\"https:\\\/\\\/frequence-sille.org\\\/newsite\\\/la-radio\\\/lassociation-fse-fs\\\/#breadcrumb\",\"itemListElement\":[{\"@type\":\"ListItem\",\"position\":1,\"name\":\"Accueil\",\"item\":\"https:\\\/\\\/frequence-sille.org\\\/newsite\\\/\"},{\"@type\":\"ListItem\",\"position\":2,\"name\":\"La radio\",\"item\":\"https:\\\/\\\/frequence-sille.org\\\/newsite\\\/la-radio\\\/\"},{\"@type\":\"ListItem\",\"position\":3,\"name\":\"L&#8217;association FSE &#8211; FS\"}]},{\"@type\":\"WebSite\",\"@id\":\"https:\\\/\\\/frequence-sille.org\\\/newsite\\\/#website\",\"url\":\"https:\\\/\\\/frequence-sille.org\\\/newsite\\\/\",\"name\":\"Fr\u00e9quence Sill\u00e9\",\"description\":\"Bien plus qu&#039;une radio...votre radio !\",\"publisher\":{\"@id\":\"https:\\\/\\\/frequence-sille.org\\\/newsite\\\/#organization\"},\"potentialAction\":[{\"@type\":\"SearchAction\",\"target\":{\"@type\":\"EntryPoint\",\"urlTemplate\":\"https:\\\/\\\/frequence-sille.org\\\/newsite\\\/?s={search_term_string}\"},\"query-input\":{\"@type\":\"PropertyValueSpecification\",\"valueRequired\":true,\"valueName\":\"search_term_string\"}}],\"inLanguage\":\"fr-FR\"},{\"@type\":\"Organization\",\"@id\":\"https:\\\/\\\/frequence-sille.org\\\/newsite\\\/#organization\",\"name\":\"Fr\u00e9quence Sill\u00e9\",\"url\":\"https:\\\/\\\/frequence-sille.org\\\/newsite\\\/\",\"logo\":{\"@type\":\"ImageObject\",\"inLanguage\":\"fr-FR\",\"@id\":\"https:\\\/\\\/frequence-sille.org\\\/newsite\\\/#\\\/schema\\\/logo\\\/image\\\/\",\"url\":\"https:\\\/\\\/frequence-sille.org\\\/newsite\\\/wp-content\\\/uploads\\\/2023\\\/07\\\/LOGO_979_NOIR.png\",\"contentUrl\":\"https:\\\/\\\/frequence-sille.org\\\/newsite\\\/wp-content\\\/uploads\\\/2023\\\/07\\\/LOGO_979_NOIR.png\",\"width\":7680,\"height\":4320,\"caption\":\"Fr\u00e9quence Sill\u00e9\"},\"image\":{\"@id\":\"https:\\\/\\\/frequence-sille.org\\\/newsite\\\/#\\\/schema\\\/logo\\\/image\\\/\"},\"sameAs\":[\"https:\\\/\\\/www.facebook.com\\\/frequencesille979fm\",\"https:\\\/\\\/x.com\\\/freqsille979\",\"https:\\\/\\\/www.instagram.com\\\/frequencesille\\\/\"]}]}<\/script>\n<!-- \/ Yoast SEO plugin. -->","yoast_head_json":{"title":"L'association FSE - FS - Fr\u00e9quence Sill\u00e9","robots":{"index":"index","follow":"follow","max-snippet":"max-snippet:-1","max-image-preview":"max-image-preview:large","max-video-preview":"max-video-preview:-1"},"canonical":"https:\/\/frequence-sille.org\/newsite\/la-radio\/lassociation-fse-fs\/","og_locale":"fr_FR","og_type":"article","og_title":"L'association FSE - FS - Fr\u00e9quence Sill\u00e9","og_description":"D&rsquo;abord simple club du Foyer Socio Educatif, la radio est devenue en 2004 l\u2019activit\u00e9 unique sous le nom Foyer Socio Educatif &#8211; Fr\u00e9quence Sill\u00e9, les autres activit\u00e9s se regroupant dans&hellip;","og_url":"https:\/\/frequence-sille.org\/newsite\/la-radio\/lassociation-fse-fs\/","og_site_name":"Fr\u00e9quence Sill\u00e9","article_publisher":"https:\/\/www.facebook.com\/frequencesille979fm","article_modified_time":"2021-09-08T16:38:36+00:00","twitter_card":"summary_large_image","twitter_site":"@freqsille979","twitter_misc":{"Dur\u00e9e de lecture estim\u00e9e":"4 minutes"},"schema":{"@context":"https:\/\/schema.org","@graph":[{"@type":"WebPage","@id":"https:\/\/frequence-sille.org\/newsite\/la-radio\/lassociation-fse-fs\/","url":"https:\/\/frequence-sille.org\/newsite\/la-radio\/lassociation-fse-fs\/","name":"L'association FSE - FS - Fr\u00e9quence Sill\u00e9","isPartOf":{"@id":"https:\/\/frequence-sille.org\/newsite\/#website"},"datePublished":"2016-07-27T08:23:45+00:00","dateModified":"2021-09-08T16:38:36+00:00","breadcrumb":{"@id":"https:\/\/frequence-sille.org\/newsite\/la-radio\/lassociation-fse-fs\/#breadcrumb"},"inLanguage":"fr-FR","potentialAction":[{"@type":"ReadAction","target":["https:\/\/frequence-sille.org\/newsite\/la-radio\/lassociation-fse-fs\/"]}]},{"@type":"BreadcrumbList","@id":"https:\/\/frequence-sille.org\/newsite\/la-radio\/lassociation-fse-fs\/#breadcrumb","itemListElement":[{"@type":"ListItem","position":1,"name":"Accueil","item":"https:\/\/frequence-sille.org\/newsite\/"},{"@type":"ListItem","position":2,"name":"La radio","item":"https:\/\/frequence-sille.org\/newsite\/la-radio\/"},{"@type":"ListItem","position":3,"name":"L&#8217;association FSE &#8211; FS"}]},{"@type":"WebSite","@id":"https:\/\/frequence-sille.org\/newsite\/#website","url":"https:\/\/frequence-sille.org\/newsite\/","name":"Fr\u00e9quence Sill\u00e9","description":"Bien plus qu&#039;une radio...votre radio !","publisher":{"@id":"https:\/\/frequence-sille.org\/newsite\/#organization"},"potentialAction":[{"@type":"SearchAction","target":{"@type":"EntryPoint","urlTemplate":"https:\/\/frequence-sille.org\/newsite\/?s={search_term_string}"},"query-input":{"@type":"PropertyValueSpecification","valueRequired":true,"valueName":"search_term_string"}}],"inLanguage":"fr-FR"},{"@type":"Organization","@id":"https:\/\/frequence-sille.org\/newsite\/#organization","name":"Fr\u00e9quence Sill\u00e9","url":"https:\/\/frequence-sille.org\/newsite\/","logo":{"@type":"ImageObject","inLanguage":"fr-FR","@id":"https:\/\/frequence-sille.org\/newsite\/#\/schema\/logo\/image\/","url":"https:\/\/frequence-sille.org\/newsite\/wp-content\/uploads\/2023\/07\/LOGO_979_NOIR.png","contentUrl":"https:\/\/frequence-sille.org\/newsite\/wp-content\/uploads\/2023\/07\/LOGO_979_NOIR.png","width":7680,"height":4320,"caption":"Fr\u00e9quence Sill\u00e9"},"image":{"@id":"https:\/\/frequence-sille.org\/newsite\/#\/schema\/logo\/image\/"},"sameAs":["https:\/\/www.facebook.com\/frequencesille979fm","https:\/\/x.com\/freqsille979","https:\/\/www.instagram.com\/frequencesille\/"]}]}},"_links":{"self":[{"href":"https:\/\/frequence-sille.org\/newsite\/wp-json\/wp\/v2\/pages\/295","targetHints":{"allow":["GET"]}}],"collection":[{"href":"https:\/\/frequence-sille.org\/newsite\/wp-json\/wp\/v2\/pages"}],"about":[{"href":"https:\/\/frequence-sille.org\/newsite\/wp-json\/wp\/v2\/types\/page"}],"author":[{"embeddable":true,"href":"https:\/\/frequence-sille.org\/newsite\/wp-json\/wp\/v2\/users\/1"}],"replies":[{"embeddable":true,"href":"https:\/\/frequence-sille.org\/newsite\/wp-json\/wp\/v2\/comments?post=295"}],"version-history":[{"count":6,"href":"https:\/\/frequence-sille.org\/newsite\/wp-json\/wp\/v2\/pages\/295\/revisions"}],"predecessor-version":[{"id":302,"href":"https:\/\/frequence-sille.org\/newsite\/wp-json\/wp\/v2\/pages\/295\/revisions\/302"}],"up":[{"embeddable":true,"href":"https:\/\/frequence-sille.org\/newsite\/wp-json\/wp\/v2\/pages\/8"}],"wp:attachment":[{"href":"https:\/\/frequence-sille.org\/newsite\/wp-json\/wp\/v2\/media?parent=295"}],"curies":[{"name":"wp","href":"https:\/\/api.w.org\/{rel}","templated":true}]}}