{"id":30,"date":"2016-07-23T08:57:41","date_gmt":"2016-07-23T07:57:41","guid":{"rendered":"http:\/\/frequence-sille.org\/newsite\/?page_id=30"},"modified":"2026-03-04T14:21:14","modified_gmt":"2026-03-04T13:21:14","slug":"les-evenements","status":"publish","type":"page","link":"https:\/\/frequence-sille.org\/newsite\/les-evenements\/","title":{"rendered":"Les \u00e9v\u00e9nements"},"content":{"rendered":"\n<h2 class=\"wp-block-heading\">2026<\/h2>\n\n\n\n<figure class=\"wp-block-embed is-type-wp-embed is-provider-fr-quence-sill wp-block-embed-fr-quence-sill\"><div class=\"wp-block-embed__wrapper\">\n<blockquote class=\"wp-embedded-content\" data-secret=\"cn4seDugYT\"><a href=\"https:\/\/frequence-sille.org\/newsite\/2026\/03\/02\/elections-municipales-2026\/\">Elections municipales 2026<\/a><\/blockquote><iframe loading=\"lazy\" class=\"wp-embedded-content\" sandbox=\"allow-scripts\" security=\"restricted\" style=\"position: absolute; visibility: hidden;\" title=\"\u00ab\u00a0Elections municipales 2026\u00a0\u00bb &#8212; Fr\u00e9quence Sill\u00e9\" src=\"https:\/\/frequence-sille.org\/newsite\/2026\/03\/02\/elections-municipales-2026\/embed\/#?secret=ZVG9okfMMp#?secret=cn4seDugYT\" data-secret=\"cn4seDugYT\" width=\"600\" height=\"338\" frameborder=\"0\" marginwidth=\"0\" marginheight=\"0\" scrolling=\"no\"><\/iframe>\n<\/div><\/figure>\n\n\n\n<p><\/p>\n\n\n\n<h2 class=\"wp-block-heading\">2025<\/h2>\n\n\n\n<figure class=\"wp-block-embed is-type-wp-embed is-provider-fr-quence-sill wp-block-embed-fr-quence-sill\"><div class=\"wp-block-embed__wrapper\">\n<blockquote class=\"wp-embedded-content\" data-secret=\"KgTi30s1M8\"><a href=\"https:\/\/frequence-sille.org\/newsite\/2025\/11\/24\/livres-en-fete-2025\/\">Livres en F\u00eate 2025<\/a><\/blockquote><iframe loading=\"lazy\" class=\"wp-embedded-content\" sandbox=\"allow-scripts\" security=\"restricted\" style=\"position: absolute; visibility: hidden;\" title=\"\u00ab\u00a0Livres en F\u00eate 2025\u00a0\u00bb &#8212; Fr\u00e9quence Sill\u00e9\" src=\"https:\/\/frequence-sille.org\/newsite\/2025\/11\/24\/livres-en-fete-2025\/embed\/#?secret=EYhBuxp82t#?secret=KgTi30s1M8\" data-secret=\"KgTi30s1M8\" width=\"600\" height=\"338\" frameborder=\"0\" marginwidth=\"0\" marginheight=\"0\" scrolling=\"no\"><\/iframe>\n<\/div><\/figure>\n\n\n\n<figure class=\"wp-block-embed is-type-wp-embed is-provider-fr-quence-sill wp-block-embed-fr-quence-sill\"><div class=\"wp-block-embed__wrapper\">\n<blockquote class=\"wp-embedded-content\" data-secret=\"2rbKTFpCp6\"><a href=\"https:\/\/frequence-sille.org\/newsite\/2025\/10\/17\/faites-lire-edition-2025\/\">Faites Lire \u2013 \u00c9dition 2025<\/a><\/blockquote><iframe loading=\"lazy\" class=\"wp-embedded-content\" sandbox=\"allow-scripts\" security=\"restricted\" style=\"position: absolute; visibility: hidden;\" title=\"\u00ab\u00a0Faites Lire \u2013 \u00c9dition 2025\u00a0\u00bb &#8212; Fr\u00e9quence Sill\u00e9\" src=\"https:\/\/frequence-sille.org\/newsite\/2025\/10\/17\/faites-lire-edition-2025\/embed\/#?secret=si2EuwhLoh#?secret=2rbKTFpCp6\" data-secret=\"2rbKTFpCp6\" width=\"600\" height=\"338\" frameborder=\"0\" marginwidth=\"0\" marginheight=\"0\" scrolling=\"no\"><\/iframe>\n<\/div><\/figure>\n\n\n\n<figure class=\"wp-block-embed is-type-wp-embed is-provider-fr-quence-sill wp-block-embed-fr-quence-sill\"><div class=\"wp-block-embed__wrapper\">\n<blockquote class=\"wp-embedded-content\" data-secret=\"IzBTzrPluE\"><a href=\"https:\/\/frequence-sille.org\/newsite\/2025\/09\/15\/festival-de-la-viande-a-evron\/\">Festival de la viande \u00e0 Evron<\/a><\/blockquote><iframe loading=\"lazy\" class=\"wp-embedded-content\" sandbox=\"allow-scripts\" security=\"restricted\" style=\"position: absolute; visibility: hidden;\" title=\"\u00ab\u00a0Festival de la viande \u00e0 Evron\u00a0\u00bb &#8212; Fr\u00e9quence Sill\u00e9\" src=\"https:\/\/frequence-sille.org\/newsite\/2025\/09\/15\/festival-de-la-viande-a-evron\/embed\/#?secret=hmwwBpl6qb#?secret=IzBTzrPluE\" data-secret=\"IzBTzrPluE\" width=\"600\" height=\"338\" frameborder=\"0\" marginwidth=\"0\" marginheight=\"0\" scrolling=\"no\"><\/iframe>\n<\/div><\/figure>\n\n\n\n<figure class=\"wp-block-embed is-type-wp-embed is-provider-fr-quence-sill wp-block-embed-fr-quence-sill\"><div class=\"wp-block-embed__wrapper\">\n<blockquote class=\"wp-embedded-content\" data-secret=\"tGqbXlqfuV\"><a href=\"https:\/\/frequence-sille.org\/newsite\/2025\/09\/09\/9eme-edition-du-forum-des-associations\/\">9\u00e8me \u00e9dition du forum des associations<\/a><\/blockquote><iframe loading=\"lazy\" class=\"wp-embedded-content\" sandbox=\"allow-scripts\" security=\"restricted\" style=\"position: absolute; visibility: hidden;\" title=\"\u00ab\u00a09\u00e8me \u00e9dition du forum des associations\u00a0\u00bb &#8212; Fr\u00e9quence Sill\u00e9\" src=\"https:\/\/frequence-sille.org\/newsite\/2025\/09\/09\/9eme-edition-du-forum-des-associations\/embed\/#?secret=SEbc6U6jzY#?secret=tGqbXlqfuV\" data-secret=\"tGqbXlqfuV\" width=\"600\" height=\"338\" frameborder=\"0\" marginwidth=\"0\" marginheight=\"0\" scrolling=\"no\"><\/iframe>\n<\/div><\/figure>\n\n\n\n<figure class=\"wp-block-embed is-type-wp-embed is-provider-fr-quence-sill wp-block-embed-fr-quence-sill\"><div class=\"wp-block-embed__wrapper\">\n<blockquote class=\"wp-embedded-content\" data-secret=\"OGkOhKpNxP\"><a href=\"https:\/\/frequence-sille.org\/newsite\/festival-a-tout-bout-dchamp-2025\/\">Festival \u00e0 Tout Bout d&rsquo;Champ 2025<\/a><\/blockquote><iframe loading=\"lazy\" class=\"wp-embedded-content\" sandbox=\"allow-scripts\" security=\"restricted\" style=\"position: absolute; visibility: hidden;\" title=\"\u00ab\u00a0Festival \u00e0 Tout Bout d&rsquo;Champ 2025\u00a0\u00bb &#8212; Fr\u00e9quence Sill\u00e9\" src=\"https:\/\/frequence-sille.org\/newsite\/festival-a-tout-bout-dchamp-2025\/embed\/#?secret=Z6QqTdJEw0#?secret=OGkOhKpNxP\" data-secret=\"OGkOhKpNxP\" width=\"600\" height=\"338\" frameborder=\"0\" marginwidth=\"0\" marginheight=\"0\" scrolling=\"no\"><\/iframe>\n<\/div><\/figure>\n\n\n\n<figure class=\"wp-block-embed is-type-wp-embed is-provider-fr-quence-sill wp-block-embed-fr-quence-sill\"><div class=\"wp-block-embed__wrapper\">\n<blockquote class=\"wp-embedded-content\" data-secret=\"JGWmI0KcAW\"><a href=\"https:\/\/frequence-sille.org\/newsite\/2025\/05\/22\/fete-du-velo-2025\/\">F\u00eate du v\u00e9lo 2025<\/a><\/blockquote><iframe loading=\"lazy\" class=\"wp-embedded-content\" sandbox=\"allow-scripts\" security=\"restricted\" style=\"position: absolute; visibility: hidden;\" title=\"\u00ab\u00a0F\u00eate du v\u00e9lo 2025\u00a0\u00bb &#8212; Fr\u00e9quence Sill\u00e9\" src=\"https:\/\/frequence-sille.org\/newsite\/2025\/05\/22\/fete-du-velo-2025\/embed\/#?secret=0UseAPJCqE#?secret=JGWmI0KcAW\" data-secret=\"JGWmI0KcAW\" width=\"600\" height=\"338\" frameborder=\"0\" marginwidth=\"0\" marginheight=\"0\" scrolling=\"no\"><\/iframe>\n<\/div><\/figure>\n\n\n\n<figure class=\"wp-block-embed is-type-wp-embed is-provider-fr-quence-sill wp-block-embed-fr-quence-sill\"><div class=\"wp-block-embed__wrapper\">\n<blockquote class=\"wp-embedded-content\" data-secret=\"1ZPeNICSM7\"><a href=\"https:\/\/frequence-sille.org\/newsite\/2025\/03\/31\/festival-fresnayzzik-de-2025\/\">Festival Fresnayzzik &#8211; 12 Avril 2025<\/a><\/blockquote><iframe loading=\"lazy\" class=\"wp-embedded-content\" sandbox=\"allow-scripts\" security=\"restricted\" style=\"position: absolute; visibility: hidden;\" title=\"\u00ab\u00a0Festival Fresnayzzik &#8211; 12 Avril 2025\u00a0\u00bb &#8212; Fr\u00e9quence Sill\u00e9\" src=\"https:\/\/frequence-sille.org\/newsite\/2025\/03\/31\/festival-fresnayzzik-de-2025\/embed\/#?secret=3l6anAK4Nn#?secret=1ZPeNICSM7\" data-secret=\"1ZPeNICSM7\" width=\"600\" height=\"338\" frameborder=\"0\" marginwidth=\"0\" marginheight=\"0\" scrolling=\"no\"><\/iframe>\n<\/div><\/figure>\n\n\n\n<figure class=\"wp-block-embed is-type-wp-embed is-provider-fr-quence-sill wp-block-embed-fr-quence-sill\"><div class=\"wp-block-embed__wrapper\">\n<blockquote class=\"wp-embedded-content\" data-secret=\"zj6JEiziAj\"><a href=\"https:\/\/frequence-sille.org\/newsite\/2025\/04\/11\/la-fete-du-jeu-a-evron\/\">La f\u00eate du jeu \u00e0 Evron<\/a><\/blockquote><iframe loading=\"lazy\" class=\"wp-embedded-content\" sandbox=\"allow-scripts\" security=\"restricted\" style=\"position: absolute; visibility: hidden;\" title=\"\u00ab\u00a0La f\u00eate du jeu \u00e0 Evron\u00a0\u00bb &#8212; Fr\u00e9quence Sill\u00e9\" src=\"https:\/\/frequence-sille.org\/newsite\/2025\/04\/11\/la-fete-du-jeu-a-evron\/embed\/#?secret=76lILVecJS#?secret=zj6JEiziAj\" data-secret=\"zj6JEiziAj\" width=\"600\" height=\"338\" frameborder=\"0\" marginwidth=\"0\" marginheight=\"0\" scrolling=\"no\"><\/iframe>\n<\/div><\/figure>\n\n\n\n<figure class=\"wp-block-embed is-type-wp-embed is-provider-fr-quence-sill wp-block-embed-fr-quence-sill\"><div class=\"wp-block-embed__wrapper\">\n<blockquote class=\"wp-embedded-content\" data-secret=\"YJn1ylP6vP\"><a href=\"https:\/\/frequence-sille.org\/newsite\/2025\/03\/31\/le-marche-de-printemps-de-la-mfr-de-bernay-en-champagne\/\">March\u00e9 de printemps de la MFR de Bernay en Champagne<\/a><\/blockquote><iframe loading=\"lazy\" class=\"wp-embedded-content\" sandbox=\"allow-scripts\" security=\"restricted\" style=\"position: absolute; visibility: hidden;\" title=\"\u00ab\u00a0March\u00e9 de printemps de la MFR de Bernay en Champagne\u00a0\u00bb &#8212; Fr\u00e9quence Sill\u00e9\" src=\"https:\/\/frequence-sille.org\/newsite\/2025\/03\/31\/le-marche-de-printemps-de-la-mfr-de-bernay-en-champagne\/embed\/#?secret=ROI7QcYQZL#?secret=YJn1ylP6vP\" data-secret=\"YJn1ylP6vP\" width=\"600\" height=\"338\" frameborder=\"0\" marginwidth=\"0\" marginheight=\"0\" scrolling=\"no\"><\/iframe>\n<\/div><\/figure>\n\n\n\n<figure class=\"wp-block-embed is-type-wp-embed is-provider-fr-quence-sill wp-block-embed-fr-quence-sill\"><div class=\"wp-block-embed__wrapper\">\n<blockquote class=\"wp-embedded-content\" data-secret=\"YN9t9O5QzQ\"><a href=\"https:\/\/frequence-sille.org\/newsite\/2025\/03\/14\/printemps-des-poetes-2025\/\">Printemps des Po\u00e8tes 2025<\/a><\/blockquote><iframe loading=\"lazy\" class=\"wp-embedded-content\" sandbox=\"allow-scripts\" security=\"restricted\" style=\"position: absolute; visibility: hidden;\" title=\"\u00ab\u00a0Printemps des Po\u00e8tes 2025\u00a0\u00bb &#8212; Fr\u00e9quence Sill\u00e9\" src=\"https:\/\/frequence-sille.org\/newsite\/2025\/03\/14\/printemps-des-poetes-2025\/embed\/#?secret=zCFphlXFEz#?secret=YN9t9O5QzQ\" data-secret=\"YN9t9O5QzQ\" width=\"600\" height=\"338\" frameborder=\"0\" marginwidth=\"0\" marginheight=\"0\" scrolling=\"no\"><\/iframe>\n<\/div><\/figure>\n\n\n\n<figure class=\"wp-block-embed is-type-wp-embed is-provider-fr-quence-sill wp-block-embed-fr-quence-sill\"><div class=\"wp-block-embed__wrapper\">\n<blockquote class=\"wp-embedded-content\" data-secret=\"dZW8xUBpzY\"><a href=\"https:\/\/frequence-sille.org\/newsite\/2025\/03\/18\/solidariday-2025\/\">Solidari&rsquo;Day 2025<\/a><\/blockquote><iframe loading=\"lazy\" class=\"wp-embedded-content\" sandbox=\"allow-scripts\" security=\"restricted\" style=\"position: absolute; visibility: hidden;\" title=\"\u00ab\u00a0Solidari&rsquo;Day 2025\u00a0\u00bb &#8212; Fr\u00e9quence Sill\u00e9\" src=\"https:\/\/frequence-sille.org\/newsite\/2025\/03\/18\/solidariday-2025\/embed\/#?secret=yo1CH58hT1#?secret=dZW8xUBpzY\" data-secret=\"dZW8xUBpzY\" width=\"600\" height=\"338\" frameborder=\"0\" marginwidth=\"0\" marginheight=\"0\" scrolling=\"no\"><\/iframe>\n<\/div><\/figure>\n\n\n\n<figure class=\"wp-block-embed is-type-wp-embed is-provider-fr-quence-sill wp-block-embed-fr-quence-sill\"><div class=\"wp-block-embed__wrapper\">\n<blockquote class=\"wp-embedded-content\" data-secret=\"NEw7Pf1zHq\"><a href=\"https:\/\/frequence-sille.org\/newsite\/archive-evenements-bis\/\">Archives \u00e9v\u00e8nements<\/a><\/blockquote><iframe loading=\"lazy\" class=\"wp-embedded-content\" sandbox=\"allow-scripts\" security=\"restricted\" style=\"position: absolute; visibility: hidden;\" title=\"\u00ab\u00a0Archives \u00e9v\u00e8nements\u00a0\u00bb &#8212; Fr\u00e9quence Sill\u00e9\" src=\"https:\/\/frequence-sille.org\/newsite\/archive-evenements-bis\/embed\/#?secret=EdnMNBYMMQ#?secret=NEw7Pf1zHq\" data-secret=\"NEw7Pf1zHq\" width=\"600\" height=\"338\" frameborder=\"0\" marginwidth=\"0\" marginheight=\"0\" scrolling=\"no\"><\/iframe>\n<\/div><\/figure>\n\n\n\n<figure class=\"wp-block-embed is-type-wp-embed is-provider-fr-quence-sill wp-block-embed-fr-quence-sill\"><div class=\"wp-block-embed__wrapper\">\n<blockquote class=\"wp-embedded-content\" data-secret=\"Ie3JdTzTdh\"><a href=\"https:\/\/frequence-sille.org\/newsite\/les-evenements\/archives-confinement\/\">Archives confinement<\/a><\/blockquote><iframe loading=\"lazy\" class=\"wp-embedded-content\" sandbox=\"allow-scripts\" security=\"restricted\" style=\"position: absolute; visibility: hidden;\" title=\"\u00ab\u00a0Archives confinement\u00a0\u00bb &#8212; Fr\u00e9quence Sill\u00e9\" src=\"https:\/\/frequence-sille.org\/newsite\/les-evenements\/archives-confinement\/embed\/#?secret=WV4RAuuNiG#?secret=Ie3JdTzTdh\" data-secret=\"Ie3JdTzTdh\" width=\"600\" height=\"338\" frameborder=\"0\" marginwidth=\"0\" marginheight=\"0\" scrolling=\"no\"><\/iframe>\n<\/div><\/figure>\n","protected":false},"excerpt":{"rendered":"<p>2026 2025<\/p>\n","protected":false},"author":1,"featured_media":0,"parent":0,"menu_order":119,"comment_status":"closed","ping_status":"closed","template":"","meta":{"footnotes":""},"class_list":["post-30","page","type-page","status-publish","hentry","no-post-thumbnail"],"yoast_head":"<!-- This site is optimized with the Yoast SEO plugin v27.3 - https:\/\/yoast.com\/product\/yoast-seo-wordpress\/ -->\n<title>Les \u00e9v\u00e9nements - Fr\u00e9quence Sill\u00e9<\/title>\n<meta name=\"robots\" content=\"index, follow, max-snippet:-1, max-image-preview:large, max-video-preview:-1\" \/>\n<link rel=\"canonical\" href=\"https:\/\/frequence-sille.org\/newsite\/les-evenements\/\" \/>\n<meta property=\"og:locale\" content=\"fr_FR\" \/>\n<meta property=\"og:type\" content=\"article\" \/>\n<meta property=\"og:title\" content=\"Les \u00e9v\u00e9nements - Fr\u00e9quence Sill\u00e9\" \/>\n<meta property=\"og:description\" content=\"2026 2025\" \/>\n<meta property=\"og:url\" content=\"https:\/\/frequence-sille.org\/newsite\/les-evenements\/\" \/>\n<meta property=\"og:site_name\" content=\"Fr\u00e9quence Sill\u00e9\" \/>\n<meta property=\"article:publisher\" content=\"https:\/\/www.facebook.com\/frequencesille979fm\" \/>\n<meta property=\"article:modified_time\" content=\"2026-03-04T13:21:14+00:00\" \/>\n<meta name=\"twitter:card\" content=\"summary_large_image\" \/>\n<meta name=\"twitter:site\" content=\"@freqsille979\" \/>\n<meta name=\"twitter:label1\" content=\"Dur\u00e9e de lecture estim\u00e9e\" \/>\n\t<meta name=\"twitter:data1\" content=\"1 minute\" \/>\n<script type=\"application\/ld+json\" class=\"yoast-schema-graph\">{\"@context\":\"https:\\\/\\\/schema.org\",\"@graph\":[{\"@type\":\"WebPage\",\"@id\":\"https:\\\/\\\/frequence-sille.org\\\/newsite\\\/les-evenements\\\/\",\"url\":\"https:\\\/\\\/frequence-sille.org\\\/newsite\\\/les-evenements\\\/\",\"name\":\"Les \u00e9v\u00e9nements - Fr\u00e9quence Sill\u00e9\",\"isPartOf\":{\"@id\":\"https:\\\/\\\/frequence-sille.org\\\/newsite\\\/#website\"},\"datePublished\":\"2016-07-23T07:57:41+00:00\",\"dateModified\":\"2026-03-04T13:21:14+00:00\",\"breadcrumb\":{\"@id\":\"https:\\\/\\\/frequence-sille.org\\\/newsite\\\/les-evenements\\\/#breadcrumb\"},\"inLanguage\":\"fr-FR\",\"potentialAction\":[{\"@type\":\"ReadAction\",\"target\":[\"https:\\\/\\\/frequence-sille.org\\\/newsite\\\/les-evenements\\\/\"]}]},{\"@type\":\"BreadcrumbList\",\"@id\":\"https:\\\/\\\/frequence-sille.org\\\/newsite\\\/les-evenements\\\/#breadcrumb\",\"itemListElement\":[{\"@type\":\"ListItem\",\"position\":1,\"name\":\"Accueil\",\"item\":\"https:\\\/\\\/frequence-sille.org\\\/newsite\\\/\"},{\"@type\":\"ListItem\",\"position\":2,\"name\":\"Les \u00e9v\u00e9nements\"}]},{\"@type\":\"WebSite\",\"@id\":\"https:\\\/\\\/frequence-sille.org\\\/newsite\\\/#website\",\"url\":\"https:\\\/\\\/frequence-sille.org\\\/newsite\\\/\",\"name\":\"Fr\u00e9quence Sill\u00e9\",\"description\":\"Bien plus qu&#039;une radio...votre radio !\",\"publisher\":{\"@id\":\"https:\\\/\\\/frequence-sille.org\\\/newsite\\\/#organization\"},\"potentialAction\":[{\"@type\":\"SearchAction\",\"target\":{\"@type\":\"EntryPoint\",\"urlTemplate\":\"https:\\\/\\\/frequence-sille.org\\\/newsite\\\/?s={search_term_string}\"},\"query-input\":{\"@type\":\"PropertyValueSpecification\",\"valueRequired\":true,\"valueName\":\"search_term_string\"}}],\"inLanguage\":\"fr-FR\"},{\"@type\":\"Organization\",\"@id\":\"https:\\\/\\\/frequence-sille.org\\\/newsite\\\/#organization\",\"name\":\"Fr\u00e9quence Sill\u00e9\",\"url\":\"https:\\\/\\\/frequence-sille.org\\\/newsite\\\/\",\"logo\":{\"@type\":\"ImageObject\",\"inLanguage\":\"fr-FR\",\"@id\":\"https:\\\/\\\/frequence-sille.org\\\/newsite\\\/#\\\/schema\\\/logo\\\/image\\\/\",\"url\":\"https:\\\/\\\/frequence-sille.org\\\/newsite\\\/wp-content\\\/uploads\\\/2023\\\/07\\\/LOGO_979_NOIR.png\",\"contentUrl\":\"https:\\\/\\\/frequence-sille.org\\\/newsite\\\/wp-content\\\/uploads\\\/2023\\\/07\\\/LOGO_979_NOIR.png\",\"width\":7680,\"height\":4320,\"caption\":\"Fr\u00e9quence Sill\u00e9\"},\"image\":{\"@id\":\"https:\\\/\\\/frequence-sille.org\\\/newsite\\\/#\\\/schema\\\/logo\\\/image\\\/\"},\"sameAs\":[\"https:\\\/\\\/www.facebook.com\\\/frequencesille979fm\",\"https:\\\/\\\/x.com\\\/freqsille979\",\"https:\\\/\\\/www.instagram.com\\\/frequencesille\\\/\"]}]}<\/script>\n<!-- \/ Yoast SEO plugin. -->","yoast_head_json":{"title":"Les \u00e9v\u00e9nements - Fr\u00e9quence Sill\u00e9","robots":{"index":"index","follow":"follow","max-snippet":"max-snippet:-1","max-image-preview":"max-image-preview:large","max-video-preview":"max-video-preview:-1"},"canonical":"https:\/\/frequence-sille.org\/newsite\/les-evenements\/","og_locale":"fr_FR","og_type":"article","og_title":"Les \u00e9v\u00e9nements - Fr\u00e9quence Sill\u00e9","og_description":"2026 2025","og_url":"https:\/\/frequence-sille.org\/newsite\/les-evenements\/","og_site_name":"Fr\u00e9quence Sill\u00e9","article_publisher":"https:\/\/www.facebook.com\/frequencesille979fm","article_modified_time":"2026-03-04T13:21:14+00:00","twitter_card":"summary_large_image","twitter_site":"@freqsille979","twitter_misc":{"Dur\u00e9e de lecture estim\u00e9e":"1 minute"},"schema":{"@context":"https:\/\/schema.org","@graph":[{"@type":"WebPage","@id":"https:\/\/frequence-sille.org\/newsite\/les-evenements\/","url":"https:\/\/frequence-sille.org\/newsite\/les-evenements\/","name":"Les \u00e9v\u00e9nements - Fr\u00e9quence Sill\u00e9","isPartOf":{"@id":"https:\/\/frequence-sille.org\/newsite\/#website"},"datePublished":"2016-07-23T07:57:41+00:00","dateModified":"2026-03-04T13:21:14+00:00","breadcrumb":{"@id":"https:\/\/frequence-sille.org\/newsite\/les-evenements\/#breadcrumb"},"inLanguage":"fr-FR","potentialAction":[{"@type":"ReadAction","target":["https:\/\/frequence-sille.org\/newsite\/les-evenements\/"]}]},{"@type":"BreadcrumbList","@id":"https:\/\/frequence-sille.org\/newsite\/les-evenements\/#breadcrumb","itemListElement":[{"@type":"ListItem","position":1,"name":"Accueil","item":"https:\/\/frequence-sille.org\/newsite\/"},{"@type":"ListItem","position":2,"name":"Les \u00e9v\u00e9nements"}]},{"@type":"WebSite","@id":"https:\/\/frequence-sille.org\/newsite\/#website","url":"https:\/\/frequence-sille.org\/newsite\/","name":"Fr\u00e9quence Sill\u00e9","description":"Bien plus qu&#039;une radio...votre radio !","publisher":{"@id":"https:\/\/frequence-sille.org\/newsite\/#organization"},"potentialAction":[{"@type":"SearchAction","target":{"@type":"EntryPoint","urlTemplate":"https:\/\/frequence-sille.org\/newsite\/?s={search_term_string}"},"query-input":{"@type":"PropertyValueSpecification","valueRequired":true,"valueName":"search_term_string"}}],"inLanguage":"fr-FR"},{"@type":"Organization","@id":"https:\/\/frequence-sille.org\/newsite\/#organization","name":"Fr\u00e9quence Sill\u00e9","url":"https:\/\/frequence-sille.org\/newsite\/","logo":{"@type":"ImageObject","inLanguage":"fr-FR","@id":"https:\/\/frequence-sille.org\/newsite\/#\/schema\/logo\/image\/","url":"https:\/\/frequence-sille.org\/newsite\/wp-content\/uploads\/2023\/07\/LOGO_979_NOIR.png","contentUrl":"https:\/\/frequence-sille.org\/newsite\/wp-content\/uploads\/2023\/07\/LOGO_979_NOIR.png","width":7680,"height":4320,"caption":"Fr\u00e9quence Sill\u00e9"},"image":{"@id":"https:\/\/frequence-sille.org\/newsite\/#\/schema\/logo\/image\/"},"sameAs":["https:\/\/www.facebook.com\/frequencesille979fm","https:\/\/x.com\/freqsille979","https:\/\/www.instagram.com\/frequencesille\/"]}]}},"_links":{"self":[{"href":"https:\/\/frequence-sille.org\/newsite\/wp-json\/wp\/v2\/pages\/30","targetHints":{"allow":["GET"]}}],"collection":[{"href":"https:\/\/frequence-sille.org\/newsite\/wp-json\/wp\/v2\/pages"}],"about":[{"href":"https:\/\/frequence-sille.org\/newsite\/wp-json\/wp\/v2\/types\/page"}],"author":[{"embeddable":true,"href":"https:\/\/frequence-sille.org\/newsite\/wp-json\/wp\/v2\/users\/1"}],"replies":[{"embeddable":true,"href":"https:\/\/frequence-sille.org\/newsite\/wp-json\/wp\/v2\/comments?post=30"}],"version-history":[{"count":24,"href":"https:\/\/frequence-sille.org\/newsite\/wp-json\/wp\/v2\/pages\/30\/revisions"}],"predecessor-version":[{"id":16566,"href":"https:\/\/frequence-sille.org\/newsite\/wp-json\/wp\/v2\/pages\/30\/revisions\/16566"}],"wp:attachment":[{"href":"https:\/\/frequence-sille.org\/newsite\/wp-json\/wp\/v2\/media?parent=30"}],"curies":[{"name":"wp","href":"https:\/\/api.w.org\/{rel}","templated":true}]}}