{"id":303,"date":"2016-07-27T10:52:41","date_gmt":"2016-07-27T09:52:41","guid":{"rendered":"http:\/\/frequence-sille.org\/newsite\/?page_id=303"},"modified":"2022-10-19T09:54:47","modified_gmt":"2022-10-19T08:54:47","slug":"a-telecharger","status":"publish","type":"page","link":"https:\/\/frequence-sille.org\/newsite\/la-radio\/a-telecharger\/","title":{"rendered":"Nos Logos"},"content":{"rendered":"<p><strong>Vous trouverez ici les logos et visuels officiels de Fr\u00e9quence Sill\u00e9 que vous pouvez utiliser dans le cadre d&rsquo;un partenariat entre votre structure et notre radio.<\/strong><\/p>\n\n\n<figure class=\"wp-block-image size-large\"><img loading=\"lazy\" decoding=\"async\" width=\"1024\" height=\"576\" src=\"https:\/\/frequence-sille.org\/newsite\/wp-content\/uploads\/2021\/08\/LOGO_979_NOIR-1-1024x576.png\" alt=\"\" class=\"wp-image-8473\" srcset=\"https:\/\/frequence-sille.org\/newsite\/wp-content\/uploads\/2021\/08\/LOGO_979_NOIR-1-1024x576.png 1024w, https:\/\/frequence-sille.org\/newsite\/wp-content\/uploads\/2021\/08\/LOGO_979_NOIR-1-300x169.png 300w, https:\/\/frequence-sille.org\/newsite\/wp-content\/uploads\/2021\/08\/LOGO_979_NOIR-1-768x432.png 768w, https:\/\/frequence-sille.org\/newsite\/wp-content\/uploads\/2021\/08\/LOGO_979_NOIR-1-1536x864.png 1536w, https:\/\/frequence-sille.org\/newsite\/wp-content\/uploads\/2021\/08\/LOGO_979_NOIR-1-2048x1152.png 2048w, https:\/\/frequence-sille.org\/newsite\/wp-content\/uploads\/2021\/08\/LOGO_979_NOIR-1-620x350.png 620w\" sizes=\"auto, (max-width: 1024px) 100vw, 1024px\" \/><\/figure>\n\n\n\n<figure class=\"wp-block-image size-large\"><img loading=\"lazy\" decoding=\"async\" width=\"1024\" height=\"576\" src=\"https:\/\/frequence-sille.org\/newsite\/wp-content\/uploads\/2021\/08\/LOGO_979_BLANC-1024x576.png\" alt=\"\" class=\"wp-image-8474\" srcset=\"https:\/\/frequence-sille.org\/newsite\/wp-content\/uploads\/2021\/08\/LOGO_979_BLANC-1024x576.png 1024w, https:\/\/frequence-sille.org\/newsite\/wp-content\/uploads\/2021\/08\/LOGO_979_BLANC-300x169.png 300w, https:\/\/frequence-sille.org\/newsite\/wp-content\/uploads\/2021\/08\/LOGO_979_BLANC-768x432.png 768w, https:\/\/frequence-sille.org\/newsite\/wp-content\/uploads\/2021\/08\/LOGO_979_BLANC-1536x864.png 1536w, https:\/\/frequence-sille.org\/newsite\/wp-content\/uploads\/2021\/08\/LOGO_979_BLANC-2048x1152.png 2048w, https:\/\/frequence-sille.org\/newsite\/wp-content\/uploads\/2021\/08\/LOGO_979_BLANC-620x350.png 620w\" sizes=\"auto, (max-width: 1024px) 100vw, 1024px\" \/><\/figure>\n","protected":false},"excerpt":{"rendered":"<p>Vous trouverez ici les logos et visuels officiels de Fr\u00e9quence Sill\u00e9 que vous pouvez utiliser dans le cadre d&rsquo;un partenariat entre votre structure et notre radio.<\/p>\n","protected":false},"author":1,"featured_media":0,"parent":8,"menu_order":9,"comment_status":"closed","ping_status":"closed","template":"","meta":{"footnotes":""},"class_list":["post-303","page","type-page","status-publish","hentry","no-post-thumbnail"],"yoast_head":"<!-- This site is optimized with the Yoast SEO plugin v27.3 - https:\/\/yoast.com\/product\/yoast-seo-wordpress\/ -->\n<title>Nos Logos - Fr\u00e9quence Sill\u00e9<\/title>\n<meta name=\"robots\" content=\"index, follow, max-snippet:-1, max-image-preview:large, max-video-preview:-1\" \/>\n<link rel=\"canonical\" href=\"https:\/\/frequence-sille.org\/newsite\/la-radio\/a-telecharger\/\" \/>\n<meta property=\"og:locale\" content=\"fr_FR\" \/>\n<meta property=\"og:type\" content=\"article\" \/>\n<meta property=\"og:title\" content=\"Nos Logos - Fr\u00e9quence Sill\u00e9\" \/>\n<meta property=\"og:description\" content=\"Vous trouverez ici les logos et visuels officiels de Fr\u00e9quence Sill\u00e9 que vous pouvez utiliser dans le cadre d&rsquo;un partenariat entre votre structure et notre radio.\" \/>\n<meta property=\"og:url\" content=\"https:\/\/frequence-sille.org\/newsite\/la-radio\/a-telecharger\/\" \/>\n<meta property=\"og:site_name\" content=\"Fr\u00e9quence Sill\u00e9\" \/>\n<meta property=\"article:publisher\" content=\"https:\/\/www.facebook.com\/frequencesille979fm\" \/>\n<meta property=\"article:modified_time\" content=\"2022-10-19T08:54:47+00:00\" \/>\n<meta property=\"og:image\" content=\"https:\/\/frequence-sille.org\/newsite\/wp-content\/uploads\/2021\/08\/LOGO_979_NOIR-1-1024x576.png\" \/>\n<meta name=\"twitter:card\" content=\"summary_large_image\" \/>\n<meta name=\"twitter:site\" content=\"@freqsille979\" \/>\n<script type=\"application\/ld+json\" class=\"yoast-schema-graph\">{\"@context\":\"https:\\\/\\\/schema.org\",\"@graph\":[{\"@type\":\"WebPage\",\"@id\":\"https:\\\/\\\/frequence-sille.org\\\/newsite\\\/la-radio\\\/a-telecharger\\\/\",\"url\":\"https:\\\/\\\/frequence-sille.org\\\/newsite\\\/la-radio\\\/a-telecharger\\\/\",\"name\":\"Nos Logos - Fr\u00e9quence Sill\u00e9\",\"isPartOf\":{\"@id\":\"https:\\\/\\\/frequence-sille.org\\\/newsite\\\/#website\"},\"primaryImageOfPage\":{\"@id\":\"https:\\\/\\\/frequence-sille.org\\\/newsite\\\/la-radio\\\/a-telecharger\\\/#primaryimage\"},\"image\":{\"@id\":\"https:\\\/\\\/frequence-sille.org\\\/newsite\\\/la-radio\\\/a-telecharger\\\/#primaryimage\"},\"thumbnailUrl\":\"https:\\\/\\\/frequence-sille.org\\\/newsite\\\/wp-content\\\/uploads\\\/2021\\\/08\\\/LOGO_979_NOIR-1-1024x576.png\",\"datePublished\":\"2016-07-27T09:52:41+00:00\",\"dateModified\":\"2022-10-19T08:54:47+00:00\",\"breadcrumb\":{\"@id\":\"https:\\\/\\\/frequence-sille.org\\\/newsite\\\/la-radio\\\/a-telecharger\\\/#breadcrumb\"},\"inLanguage\":\"fr-FR\",\"potentialAction\":[{\"@type\":\"ReadAction\",\"target\":[\"https:\\\/\\\/frequence-sille.org\\\/newsite\\\/la-radio\\\/a-telecharger\\\/\"]}]},{\"@type\":\"ImageObject\",\"inLanguage\":\"fr-FR\",\"@id\":\"https:\\\/\\\/frequence-sille.org\\\/newsite\\\/la-radio\\\/a-telecharger\\\/#primaryimage\",\"url\":\"https:\\\/\\\/frequence-sille.org\\\/newsite\\\/wp-content\\\/uploads\\\/2021\\\/08\\\/LOGO_979_NOIR-1.png\",\"contentUrl\":\"https:\\\/\\\/frequence-sille.org\\\/newsite\\\/wp-content\\\/uploads\\\/2021\\\/08\\\/LOGO_979_NOIR-1.png\",\"width\":7680,\"height\":4320},{\"@type\":\"BreadcrumbList\",\"@id\":\"https:\\\/\\\/frequence-sille.org\\\/newsite\\\/la-radio\\\/a-telecharger\\\/#breadcrumb\",\"itemListElement\":[{\"@type\":\"ListItem\",\"position\":1,\"name\":\"Accueil\",\"item\":\"https:\\\/\\\/frequence-sille.org\\\/newsite\\\/\"},{\"@type\":\"ListItem\",\"position\":2,\"name\":\"La radio\",\"item\":\"https:\\\/\\\/frequence-sille.org\\\/newsite\\\/la-radio\\\/\"},{\"@type\":\"ListItem\",\"position\":3,\"name\":\"Nos Logos\"}]},{\"@type\":\"WebSite\",\"@id\":\"https:\\\/\\\/frequence-sille.org\\\/newsite\\\/#website\",\"url\":\"https:\\\/\\\/frequence-sille.org\\\/newsite\\\/\",\"name\":\"Fr\u00e9quence Sill\u00e9\",\"description\":\"Bien plus qu&#039;une radio...votre radio !\",\"publisher\":{\"@id\":\"https:\\\/\\\/frequence-sille.org\\\/newsite\\\/#organization\"},\"potentialAction\":[{\"@type\":\"SearchAction\",\"target\":{\"@type\":\"EntryPoint\",\"urlTemplate\":\"https:\\\/\\\/frequence-sille.org\\\/newsite\\\/?s={search_term_string}\"},\"query-input\":{\"@type\":\"PropertyValueSpecification\",\"valueRequired\":true,\"valueName\":\"search_term_string\"}}],\"inLanguage\":\"fr-FR\"},{\"@type\":\"Organization\",\"@id\":\"https:\\\/\\\/frequence-sille.org\\\/newsite\\\/#organization\",\"name\":\"Fr\u00e9quence Sill\u00e9\",\"url\":\"https:\\\/\\\/frequence-sille.org\\\/newsite\\\/\",\"logo\":{\"@type\":\"ImageObject\",\"inLanguage\":\"fr-FR\",\"@id\":\"https:\\\/\\\/frequence-sille.org\\\/newsite\\\/#\\\/schema\\\/logo\\\/image\\\/\",\"url\":\"https:\\\/\\\/frequence-sille.org\\\/newsite\\\/wp-content\\\/uploads\\\/2023\\\/07\\\/LOGO_979_NOIR.png\",\"contentUrl\":\"https:\\\/\\\/frequence-sille.org\\\/newsite\\\/wp-content\\\/uploads\\\/2023\\\/07\\\/LOGO_979_NOIR.png\",\"width\":7680,\"height\":4320,\"caption\":\"Fr\u00e9quence Sill\u00e9\"},\"image\":{\"@id\":\"https:\\\/\\\/frequence-sille.org\\\/newsite\\\/#\\\/schema\\\/logo\\\/image\\\/\"},\"sameAs\":[\"https:\\\/\\\/www.facebook.com\\\/frequencesille979fm\",\"https:\\\/\\\/x.com\\\/freqsille979\",\"https:\\\/\\\/www.instagram.com\\\/frequencesille\\\/\"]}]}<\/script>\n<!-- \/ Yoast SEO plugin. -->","yoast_head_json":{"title":"Nos Logos - Fr\u00e9quence Sill\u00e9","robots":{"index":"index","follow":"follow","max-snippet":"max-snippet:-1","max-image-preview":"max-image-preview:large","max-video-preview":"max-video-preview:-1"},"canonical":"https:\/\/frequence-sille.org\/newsite\/la-radio\/a-telecharger\/","og_locale":"fr_FR","og_type":"article","og_title":"Nos Logos - Fr\u00e9quence Sill\u00e9","og_description":"Vous trouverez ici les logos et visuels officiels de Fr\u00e9quence Sill\u00e9 que vous pouvez utiliser dans le cadre d&rsquo;un partenariat entre votre structure et notre radio.","og_url":"https:\/\/frequence-sille.org\/newsite\/la-radio\/a-telecharger\/","og_site_name":"Fr\u00e9quence Sill\u00e9","article_publisher":"https:\/\/www.facebook.com\/frequencesille979fm","article_modified_time":"2022-10-19T08:54:47+00:00","og_image":[{"url":"https:\/\/frequence-sille.org\/newsite\/wp-content\/uploads\/2021\/08\/LOGO_979_NOIR-1-1024x576.png","type":"","width":"","height":""}],"twitter_card":"summary_large_image","twitter_site":"@freqsille979","schema":{"@context":"https:\/\/schema.org","@graph":[{"@type":"WebPage","@id":"https:\/\/frequence-sille.org\/newsite\/la-radio\/a-telecharger\/","url":"https:\/\/frequence-sille.org\/newsite\/la-radio\/a-telecharger\/","name":"Nos Logos - Fr\u00e9quence Sill\u00e9","isPartOf":{"@id":"https:\/\/frequence-sille.org\/newsite\/#website"},"primaryImageOfPage":{"@id":"https:\/\/frequence-sille.org\/newsite\/la-radio\/a-telecharger\/#primaryimage"},"image":{"@id":"https:\/\/frequence-sille.org\/newsite\/la-radio\/a-telecharger\/#primaryimage"},"thumbnailUrl":"https:\/\/frequence-sille.org\/newsite\/wp-content\/uploads\/2021\/08\/LOGO_979_NOIR-1-1024x576.png","datePublished":"2016-07-27T09:52:41+00:00","dateModified":"2022-10-19T08:54:47+00:00","breadcrumb":{"@id":"https:\/\/frequence-sille.org\/newsite\/la-radio\/a-telecharger\/#breadcrumb"},"inLanguage":"fr-FR","potentialAction":[{"@type":"ReadAction","target":["https:\/\/frequence-sille.org\/newsite\/la-radio\/a-telecharger\/"]}]},{"@type":"ImageObject","inLanguage":"fr-FR","@id":"https:\/\/frequence-sille.org\/newsite\/la-radio\/a-telecharger\/#primaryimage","url":"https:\/\/frequence-sille.org\/newsite\/wp-content\/uploads\/2021\/08\/LOGO_979_NOIR-1.png","contentUrl":"https:\/\/frequence-sille.org\/newsite\/wp-content\/uploads\/2021\/08\/LOGO_979_NOIR-1.png","width":7680,"height":4320},{"@type":"BreadcrumbList","@id":"https:\/\/frequence-sille.org\/newsite\/la-radio\/a-telecharger\/#breadcrumb","itemListElement":[{"@type":"ListItem","position":1,"name":"Accueil","item":"https:\/\/frequence-sille.org\/newsite\/"},{"@type":"ListItem","position":2,"name":"La radio","item":"https:\/\/frequence-sille.org\/newsite\/la-radio\/"},{"@type":"ListItem","position":3,"name":"Nos Logos"}]},{"@type":"WebSite","@id":"https:\/\/frequence-sille.org\/newsite\/#website","url":"https:\/\/frequence-sille.org\/newsite\/","name":"Fr\u00e9quence Sill\u00e9","description":"Bien plus qu&#039;une radio...votre radio !","publisher":{"@id":"https:\/\/frequence-sille.org\/newsite\/#organization"},"potentialAction":[{"@type":"SearchAction","target":{"@type":"EntryPoint","urlTemplate":"https:\/\/frequence-sille.org\/newsite\/?s={search_term_string}"},"query-input":{"@type":"PropertyValueSpecification","valueRequired":true,"valueName":"search_term_string"}}],"inLanguage":"fr-FR"},{"@type":"Organization","@id":"https:\/\/frequence-sille.org\/newsite\/#organization","name":"Fr\u00e9quence Sill\u00e9","url":"https:\/\/frequence-sille.org\/newsite\/","logo":{"@type":"ImageObject","inLanguage":"fr-FR","@id":"https:\/\/frequence-sille.org\/newsite\/#\/schema\/logo\/image\/","url":"https:\/\/frequence-sille.org\/newsite\/wp-content\/uploads\/2023\/07\/LOGO_979_NOIR.png","contentUrl":"https:\/\/frequence-sille.org\/newsite\/wp-content\/uploads\/2023\/07\/LOGO_979_NOIR.png","width":7680,"height":4320,"caption":"Fr\u00e9quence Sill\u00e9"},"image":{"@id":"https:\/\/frequence-sille.org\/newsite\/#\/schema\/logo\/image\/"},"sameAs":["https:\/\/www.facebook.com\/frequencesille979fm","https:\/\/x.com\/freqsille979","https:\/\/www.instagram.com\/frequencesille\/"]}]}},"_links":{"self":[{"href":"https:\/\/frequence-sille.org\/newsite\/wp-json\/wp\/v2\/pages\/303","targetHints":{"allow":["GET"]}}],"collection":[{"href":"https:\/\/frequence-sille.org\/newsite\/wp-json\/wp\/v2\/pages"}],"about":[{"href":"https:\/\/frequence-sille.org\/newsite\/wp-json\/wp\/v2\/types\/page"}],"author":[{"embeddable":true,"href":"https:\/\/frequence-sille.org\/newsite\/wp-json\/wp\/v2\/users\/1"}],"replies":[{"embeddable":true,"href":"https:\/\/frequence-sille.org\/newsite\/wp-json\/wp\/v2\/comments?post=303"}],"version-history":[{"count":8,"href":"https:\/\/frequence-sille.org\/newsite\/wp-json\/wp\/v2\/pages\/303\/revisions"}],"predecessor-version":[{"id":9726,"href":"https:\/\/frequence-sille.org\/newsite\/wp-json\/wp\/v2\/pages\/303\/revisions\/9726"}],"up":[{"embeddable":true,"href":"https:\/\/frequence-sille.org\/newsite\/wp-json\/wp\/v2\/pages\/8"}],"wp:attachment":[{"href":"https:\/\/frequence-sille.org\/newsite\/wp-json\/wp\/v2\/media?parent=303"}],"curies":[{"name":"wp","href":"https:\/\/api.w.org\/{rel}","templated":true}]}}