{"id":3287,"date":"2017-09-21T14:03:40","date_gmt":"2017-09-21T13:03:40","guid":{"rendered":"http:\/\/frequence-sille.org\/newsite\/?page_id=3287"},"modified":"2023-01-13T11:56:29","modified_gmt":"2023-01-13T10:56:29","slug":"stairway-to-hell","status":"publish","type":"page","link":"https:\/\/frequence-sille.org\/newsite\/les-emissions\/stairway-to-hell\/","title":{"rendered":"Stairway to Hell"},"content":{"rendered":"\n<h2 class=\"wp-block-heading\">                Pr\u00e9sentation : Sandrine, Laurent, Ga\u00ebl, William<\/h2>\n\n\n<div class=\"wp-block-image\">\n<figure class=\"aligncenter size-large is-resized\"><img loading=\"lazy\" decoding=\"async\" src=\"https:\/\/frequence-sille.org\/newsite\/wp-content\/uploads\/2022\/09\/244618429_2694423817532898_4635876068526114990_n-1024x1024.jpg\" alt=\"\" class=\"wp-image-9651\" width=\"350\" height=\"350\" srcset=\"https:\/\/frequence-sille.org\/newsite\/wp-content\/uploads\/2022\/09\/244618429_2694423817532898_4635876068526114990_n-1024x1024.jpg 1024w, https:\/\/frequence-sille.org\/newsite\/wp-content\/uploads\/2022\/09\/244618429_2694423817532898_4635876068526114990_n-300x300.jpg 300w, https:\/\/frequence-sille.org\/newsite\/wp-content\/uploads\/2022\/09\/244618429_2694423817532898_4635876068526114990_n-150x150.jpg 150w, https:\/\/frequence-sille.org\/newsite\/wp-content\/uploads\/2022\/09\/244618429_2694423817532898_4635876068526114990_n-768x768.jpg 768w, https:\/\/frequence-sille.org\/newsite\/wp-content\/uploads\/2022\/09\/244618429_2694423817532898_4635876068526114990_n-1536x1536.jpg 1536w, https:\/\/frequence-sille.org\/newsite\/wp-content\/uploads\/2022\/09\/244618429_2694423817532898_4635876068526114990_n.jpg 2048w\" sizes=\"auto, (max-width: 350px) 100vw, 350px\" \/><\/figure>\n<\/div>\n\n<p style=\"text-align: center;\"><strong>Page de l&rsquo;\u00e9mission de la radio Fr\u00e9quence Sill\u00e9 sur le 97.9 FM, en Sarthe \u00ab\u00a0Stairway to Hell\u00a0\u00bb<\/strong><br><strong>Metal \u00ab\u00a0Old School\u00a0\u00bb, nouveaut\u00e9s, news, concerts du coin et d&rsquo;ailleurs&#8230;<\/strong><\/p>\n<p style=\"text-align: center;\"><strong>&#8230;pour ne rien louper du meilleur du m\u00e9tal !<\/strong><\/p>\n<p style=\"text-align: center;\"><strong>Emission diffus\u00e9 une fois par mois, le mercredi soir de 21h \u00e0 00h et en rediff en podcast.<\/strong><\/p>\n<p style=\"text-align: center;\"><strong>Stairway to Hell &#8211; Septembre 2022<\/strong><\/p>\n<p><iframe loading=\"lazy\" class=\"wp-embedded-content\" sandbox=\"allow-scripts\" security=\"restricted\" title=\"Stairway to Hell - sept 2022 - invit\u00e9 Sylvain - Underground investigation\" scrolling=\"no\" width=\"100%\" height=\"150\" src=\"https:\/\/hearthis.at\/embed\/7082433\/transparent\/?style=2&#038;block_size=2&#038;block_space=2&#038;background=1#?secret=eTDx0esJzb\" data-secret=\"eTDx0esJzb\" frameborder=\"0\"><\/iframe><\/p>\n<p style=\"text-align: center;\">\n<\/p><p><strong>&nbsp;<\/strong><\/p>","protected":false},"excerpt":{"rendered":"<p>Pr\u00e9sentation : Sandrine, Laurent, Ga\u00ebl, William Page de l&rsquo;\u00e9mission de la radio Fr\u00e9quence Sill\u00e9 sur le 97.9 FM, en Sarthe \u00ab\u00a0Stairway to Hell\u00a0\u00bbMetal \u00ab\u00a0Old School\u00a0\u00bb, nouveaut\u00e9s, news, concerts du coin&hellip;<\/p>\n","protected":false},"author":1,"featured_media":10535,"parent":27,"menu_order":46,"comment_status":"closed","ping_status":"closed","template":"","meta":{"footnotes":""},"class_list":["post-3287","page","type-page","status-publish","has-post-thumbnail","hentry"],"yoast_head":"<!-- This site is optimized with the Yoast SEO plugin v27.4 - https:\/\/yoast.com\/product\/yoast-seo-wordpress\/ -->\n<title>Stairway to Hell - Fr\u00e9quence Sill\u00e9<\/title>\n<meta name=\"robots\" content=\"index, follow, max-snippet:-1, max-image-preview:large, max-video-preview:-1\" \/>\n<link rel=\"canonical\" href=\"https:\/\/frequence-sille.org\/newsite\/les-emissions\/les-creations__trashed\/stairway-to-hell\/\" \/>\n<meta property=\"og:locale\" content=\"fr_FR\" \/>\n<meta property=\"og:type\" content=\"article\" \/>\n<meta property=\"og:title\" content=\"Stairway to Hell - Fr\u00e9quence Sill\u00e9\" \/>\n<meta property=\"og:description\" content=\"Pr\u00e9sentation : Sandrine, Laurent, Ga\u00ebl, William Page de l&rsquo;\u00e9mission de la radio Fr\u00e9quence Sill\u00e9 sur le 97.9 FM, en Sarthe \u00ab\u00a0Stairway to Hell\u00a0\u00bbMetal \u00ab\u00a0Old School\u00a0\u00bb, nouveaut\u00e9s, news, concerts du coin&hellip;\" \/>\n<meta property=\"og:url\" content=\"https:\/\/frequence-sille.org\/newsite\/les-emissions\/les-creations__trashed\/stairway-to-hell\/\" \/>\n<meta property=\"og:site_name\" content=\"Fr\u00e9quence Sill\u00e9\" \/>\n<meta property=\"article:publisher\" content=\"https:\/\/www.facebook.com\/frequencesille979fm\" \/>\n<meta property=\"article:modified_time\" content=\"2023-01-13T10:56:29+00:00\" \/>\n<meta property=\"og:image\" content=\"https:\/\/frequence-sille.org\/newsite\/wp-content\/uploads\/2023\/01\/Sans-titre2.png\" \/>\n\t<meta property=\"og:image:width\" content=\"1200\" \/>\n\t<meta property=\"og:image:height\" content=\"400\" \/>\n\t<meta property=\"og:image:type\" content=\"image\/png\" \/>\n<meta name=\"twitter:card\" content=\"summary_large_image\" \/>\n<meta name=\"twitter:site\" content=\"@freqsille979\" \/>\n<script type=\"application\/ld+json\" class=\"yoast-schema-graph\">{\"@context\":\"https:\\\/\\\/schema.org\",\"@graph\":[{\"@type\":\"WebPage\",\"@id\":\"https:\\\/\\\/frequence-sille.org\\\/newsite\\\/les-emissions\\\/les-creations__trashed\\\/stairway-to-hell\\\/\",\"url\":\"https:\\\/\\\/frequence-sille.org\\\/newsite\\\/les-emissions\\\/les-creations__trashed\\\/stairway-to-hell\\\/\",\"name\":\"Stairway to Hell - Fr\u00e9quence Sill\u00e9\",\"isPartOf\":{\"@id\":\"https:\\\/\\\/frequence-sille.org\\\/newsite\\\/#website\"},\"primaryImageOfPage\":{\"@id\":\"https:\\\/\\\/frequence-sille.org\\\/newsite\\\/les-emissions\\\/les-creations__trashed\\\/stairway-to-hell\\\/#primaryimage\"},\"image\":{\"@id\":\"https:\\\/\\\/frequence-sille.org\\\/newsite\\\/les-emissions\\\/les-creations__trashed\\\/stairway-to-hell\\\/#primaryimage\"},\"thumbnailUrl\":\"https:\\\/\\\/frequence-sille.org\\\/newsite\\\/wp-content\\\/uploads\\\/2023\\\/01\\\/Sans-titre2.png\",\"datePublished\":\"2017-09-21T13:03:40+00:00\",\"dateModified\":\"2023-01-13T10:56:29+00:00\",\"breadcrumb\":{\"@id\":\"https:\\\/\\\/frequence-sille.org\\\/newsite\\\/les-emissions\\\/les-creations__trashed\\\/stairway-to-hell\\\/#breadcrumb\"},\"inLanguage\":\"fr-FR\",\"potentialAction\":[{\"@type\":\"ReadAction\",\"target\":[\"https:\\\/\\\/frequence-sille.org\\\/newsite\\\/les-emissions\\\/les-creations__trashed\\\/stairway-to-hell\\\/\"]}]},{\"@type\":\"ImageObject\",\"inLanguage\":\"fr-FR\",\"@id\":\"https:\\\/\\\/frequence-sille.org\\\/newsite\\\/les-emissions\\\/les-creations__trashed\\\/stairway-to-hell\\\/#primaryimage\",\"url\":\"https:\\\/\\\/frequence-sille.org\\\/newsite\\\/wp-content\\\/uploads\\\/2023\\\/01\\\/Sans-titre2.png\",\"contentUrl\":\"https:\\\/\\\/frequence-sille.org\\\/newsite\\\/wp-content\\\/uploads\\\/2023\\\/01\\\/Sans-titre2.png\",\"width\":1200,\"height\":400},{\"@type\":\"BreadcrumbList\",\"@id\":\"https:\\\/\\\/frequence-sille.org\\\/newsite\\\/les-emissions\\\/les-creations__trashed\\\/stairway-to-hell\\\/#breadcrumb\",\"itemListElement\":[{\"@type\":\"ListItem\",\"position\":1,\"name\":\"Accueil\",\"item\":\"https:\\\/\\\/frequence-sille.org\\\/newsite\\\/\"},{\"@type\":\"ListItem\",\"position\":2,\"name\":\"Les \u00e9missions\",\"item\":\"https:\\\/\\\/frequence-sille.org\\\/newsite\\\/les-emissions\\\/\"},{\"@type\":\"ListItem\",\"position\":3,\"name\":\"Stairway to Hell\"}]},{\"@type\":\"WebSite\",\"@id\":\"https:\\\/\\\/frequence-sille.org\\\/newsite\\\/#website\",\"url\":\"https:\\\/\\\/frequence-sille.org\\\/newsite\\\/\",\"name\":\"Fr\u00e9quence Sill\u00e9\",\"description\":\"Bien plus qu&#039;une radio...votre radio !\",\"publisher\":{\"@id\":\"https:\\\/\\\/frequence-sille.org\\\/newsite\\\/#organization\"},\"potentialAction\":[{\"@type\":\"SearchAction\",\"target\":{\"@type\":\"EntryPoint\",\"urlTemplate\":\"https:\\\/\\\/frequence-sille.org\\\/newsite\\\/?s={search_term_string}\"},\"query-input\":{\"@type\":\"PropertyValueSpecification\",\"valueRequired\":true,\"valueName\":\"search_term_string\"}}],\"inLanguage\":\"fr-FR\"},{\"@type\":\"Organization\",\"@id\":\"https:\\\/\\\/frequence-sille.org\\\/newsite\\\/#organization\",\"name\":\"Fr\u00e9quence Sill\u00e9\",\"url\":\"https:\\\/\\\/frequence-sille.org\\\/newsite\\\/\",\"logo\":{\"@type\":\"ImageObject\",\"inLanguage\":\"fr-FR\",\"@id\":\"https:\\\/\\\/frequence-sille.org\\\/newsite\\\/#\\\/schema\\\/logo\\\/image\\\/\",\"url\":\"https:\\\/\\\/frequence-sille.org\\\/newsite\\\/wp-content\\\/uploads\\\/2023\\\/07\\\/LOGO_979_NOIR.png\",\"contentUrl\":\"https:\\\/\\\/frequence-sille.org\\\/newsite\\\/wp-content\\\/uploads\\\/2023\\\/07\\\/LOGO_979_NOIR.png\",\"width\":7680,\"height\":4320,\"caption\":\"Fr\u00e9quence Sill\u00e9\"},\"image\":{\"@id\":\"https:\\\/\\\/frequence-sille.org\\\/newsite\\\/#\\\/schema\\\/logo\\\/image\\\/\"},\"sameAs\":[\"https:\\\/\\\/www.facebook.com\\\/frequencesille979fm\",\"https:\\\/\\\/x.com\\\/freqsille979\",\"https:\\\/\\\/www.instagram.com\\\/frequencesille\\\/\"]}]}<\/script>\n<!-- \/ Yoast SEO plugin. -->","yoast_head_json":{"title":"Stairway to Hell - Fr\u00e9quence Sill\u00e9","robots":{"index":"index","follow":"follow","max-snippet":"max-snippet:-1","max-image-preview":"max-image-preview:large","max-video-preview":"max-video-preview:-1"},"canonical":"https:\/\/frequence-sille.org\/newsite\/les-emissions\/les-creations__trashed\/stairway-to-hell\/","og_locale":"fr_FR","og_type":"article","og_title":"Stairway to Hell - Fr\u00e9quence Sill\u00e9","og_description":"Pr\u00e9sentation : Sandrine, Laurent, Ga\u00ebl, William Page de l&rsquo;\u00e9mission de la radio Fr\u00e9quence Sill\u00e9 sur le 97.9 FM, en Sarthe \u00ab\u00a0Stairway to Hell\u00a0\u00bbMetal \u00ab\u00a0Old School\u00a0\u00bb, nouveaut\u00e9s, news, concerts du coin&hellip;","og_url":"https:\/\/frequence-sille.org\/newsite\/les-emissions\/les-creations__trashed\/stairway-to-hell\/","og_site_name":"Fr\u00e9quence Sill\u00e9","article_publisher":"https:\/\/www.facebook.com\/frequencesille979fm","article_modified_time":"2023-01-13T10:56:29+00:00","og_image":[{"width":1200,"height":400,"url":"https:\/\/frequence-sille.org\/newsite\/wp-content\/uploads\/2023\/01\/Sans-titre2.png","type":"image\/png"}],"twitter_card":"summary_large_image","twitter_site":"@freqsille979","schema":{"@context":"https:\/\/schema.org","@graph":[{"@type":"WebPage","@id":"https:\/\/frequence-sille.org\/newsite\/les-emissions\/les-creations__trashed\/stairway-to-hell\/","url":"https:\/\/frequence-sille.org\/newsite\/les-emissions\/les-creations__trashed\/stairway-to-hell\/","name":"Stairway to Hell - Fr\u00e9quence Sill\u00e9","isPartOf":{"@id":"https:\/\/frequence-sille.org\/newsite\/#website"},"primaryImageOfPage":{"@id":"https:\/\/frequence-sille.org\/newsite\/les-emissions\/les-creations__trashed\/stairway-to-hell\/#primaryimage"},"image":{"@id":"https:\/\/frequence-sille.org\/newsite\/les-emissions\/les-creations__trashed\/stairway-to-hell\/#primaryimage"},"thumbnailUrl":"https:\/\/frequence-sille.org\/newsite\/wp-content\/uploads\/2023\/01\/Sans-titre2.png","datePublished":"2017-09-21T13:03:40+00:00","dateModified":"2023-01-13T10:56:29+00:00","breadcrumb":{"@id":"https:\/\/frequence-sille.org\/newsite\/les-emissions\/les-creations__trashed\/stairway-to-hell\/#breadcrumb"},"inLanguage":"fr-FR","potentialAction":[{"@type":"ReadAction","target":["https:\/\/frequence-sille.org\/newsite\/les-emissions\/les-creations__trashed\/stairway-to-hell\/"]}]},{"@type":"ImageObject","inLanguage":"fr-FR","@id":"https:\/\/frequence-sille.org\/newsite\/les-emissions\/les-creations__trashed\/stairway-to-hell\/#primaryimage","url":"https:\/\/frequence-sille.org\/newsite\/wp-content\/uploads\/2023\/01\/Sans-titre2.png","contentUrl":"https:\/\/frequence-sille.org\/newsite\/wp-content\/uploads\/2023\/01\/Sans-titre2.png","width":1200,"height":400},{"@type":"BreadcrumbList","@id":"https:\/\/frequence-sille.org\/newsite\/les-emissions\/les-creations__trashed\/stairway-to-hell\/#breadcrumb","itemListElement":[{"@type":"ListItem","position":1,"name":"Accueil","item":"https:\/\/frequence-sille.org\/newsite\/"},{"@type":"ListItem","position":2,"name":"Les \u00e9missions","item":"https:\/\/frequence-sille.org\/newsite\/les-emissions\/"},{"@type":"ListItem","position":3,"name":"Stairway to Hell"}]},{"@type":"WebSite","@id":"https:\/\/frequence-sille.org\/newsite\/#website","url":"https:\/\/frequence-sille.org\/newsite\/","name":"Fr\u00e9quence Sill\u00e9","description":"Bien plus qu&#039;une radio...votre radio !","publisher":{"@id":"https:\/\/frequence-sille.org\/newsite\/#organization"},"potentialAction":[{"@type":"SearchAction","target":{"@type":"EntryPoint","urlTemplate":"https:\/\/frequence-sille.org\/newsite\/?s={search_term_string}"},"query-input":{"@type":"PropertyValueSpecification","valueRequired":true,"valueName":"search_term_string"}}],"inLanguage":"fr-FR"},{"@type":"Organization","@id":"https:\/\/frequence-sille.org\/newsite\/#organization","name":"Fr\u00e9quence Sill\u00e9","url":"https:\/\/frequence-sille.org\/newsite\/","logo":{"@type":"ImageObject","inLanguage":"fr-FR","@id":"https:\/\/frequence-sille.org\/newsite\/#\/schema\/logo\/image\/","url":"https:\/\/frequence-sille.org\/newsite\/wp-content\/uploads\/2023\/07\/LOGO_979_NOIR.png","contentUrl":"https:\/\/frequence-sille.org\/newsite\/wp-content\/uploads\/2023\/07\/LOGO_979_NOIR.png","width":7680,"height":4320,"caption":"Fr\u00e9quence Sill\u00e9"},"image":{"@id":"https:\/\/frequence-sille.org\/newsite\/#\/schema\/logo\/image\/"},"sameAs":["https:\/\/www.facebook.com\/frequencesille979fm","https:\/\/x.com\/freqsille979","https:\/\/www.instagram.com\/frequencesille\/"]}]}},"_links":{"self":[{"href":"https:\/\/frequence-sille.org\/newsite\/wp-json\/wp\/v2\/pages\/3287","targetHints":{"allow":["GET"]}}],"collection":[{"href":"https:\/\/frequence-sille.org\/newsite\/wp-json\/wp\/v2\/pages"}],"about":[{"href":"https:\/\/frequence-sille.org\/newsite\/wp-json\/wp\/v2\/types\/page"}],"author":[{"embeddable":true,"href":"https:\/\/frequence-sille.org\/newsite\/wp-json\/wp\/v2\/users\/1"}],"replies":[{"embeddable":true,"href":"https:\/\/frequence-sille.org\/newsite\/wp-json\/wp\/v2\/comments?post=3287"}],"version-history":[{"count":7,"href":"https:\/\/frequence-sille.org\/newsite\/wp-json\/wp\/v2\/pages\/3287\/revisions"}],"predecessor-version":[{"id":10481,"href":"https:\/\/frequence-sille.org\/newsite\/wp-json\/wp\/v2\/pages\/3287\/revisions\/10481"}],"up":[{"embeddable":true,"href":"https:\/\/frequence-sille.org\/newsite\/wp-json\/wp\/v2\/pages\/27"}],"wp:featuredmedia":[{"embeddable":true,"href":"https:\/\/frequence-sille.org\/newsite\/wp-json\/wp\/v2\/media\/10535"}],"wp:attachment":[{"href":"https:\/\/frequence-sille.org\/newsite\/wp-json\/wp\/v2\/media?parent=3287"}],"curies":[{"name":"wp","href":"https:\/\/api.w.org\/{rel}","templated":true}]}}