{"id":3323,"date":"2017-10-06T10:54:08","date_gmt":"2017-10-06T09:54:08","guid":{"rendered":"http:\/\/frequence-sille.org\/newsite\/?page_id=3323"},"modified":"2022-11-18T16:51:05","modified_gmt":"2022-11-18T15:51:05","slug":"no-limit","status":"publish","type":"page","link":"https:\/\/frequence-sille.org\/newsite\/les-emissions\/magazines-culturels\/no-limit\/","title":{"rendered":"No-Limit"},"content":{"rendered":"<div class=\"wp-block-image\">\n<figure class=\"aligncenter\"><img loading=\"lazy\" decoding=\"async\" width=\"300\" height=\"173\" src=\"http:\/\/frequence-sille.org\/newsite\/wp-content\/uploads\/2017\/10\/gg-300x173.png\" alt=\"\" class=\"wp-image-3326\" srcset=\"https:\/\/frequence-sille.org\/newsite\/wp-content\/uploads\/2017\/10\/gg-300x173.png 300w, https:\/\/frequence-sille.org\/newsite\/wp-content\/uploads\/2017\/10\/gg-1024x592.png 1024w, https:\/\/frequence-sille.org\/newsite\/wp-content\/uploads\/2017\/10\/gg-768x444.png 768w, https:\/\/frequence-sille.org\/newsite\/wp-content\/uploads\/2017\/10\/gg-1536x888.png 1536w, https:\/\/frequence-sille.org\/newsite\/wp-content\/uploads\/2017\/10\/gg-2048x1184.png 2048w\" sizes=\"auto, (max-width: 300px) 100vw, 300px\" \/><\/figure>\n<\/div>\n\n\n<blockquote class=\"wp-block-quote is-layout-flow wp-block-quote-is-layout-flow\"><p><strong><em>No-Limit c&rsquo;est la nouvelle \u00e9mission de Fr\u00e9quence Sill\u00e9 97.9 fm. <\/em><\/strong><strong><em>Chaque mois Guillaume part \u00e0 la rencontre d&rsquo;un sport \u00e0 sensations dans le coin, mais pas que&#8230;<\/em><\/strong><\/p><\/blockquote>\n\n\n\n<blockquote class=\"wp-block-quote is-layout-flow wp-block-quote-is-layout-flow\"><p><strong><em>Au programme : interview, bonne humeur, excitation et sensations garantit.<\/em><\/strong><strong><em>De plus chaque mois d\u00e9couvrez un rendu de l\u2019exp\u00e9rience en vid\u00e9o sur la cha\u00eene YouTube de No-Limit :<\/em><\/strong><\/p><\/blockquote>\n\n\n\n<figure class=\"wp-block-embed\"><div class=\"wp-block-embed__wrapper\">\nhttps:\/\/www.youtube.com\/channel\/UCrpoOmLSHbBcohdlCd-YKhw\n<\/div><\/figure>\n\n\n\n<p class=\"has-text-align-center\"><\/p>\n","protected":false},"excerpt":{"rendered":"<p>No-Limit c&rsquo;est la nouvelle \u00e9mission de Fr\u00e9quence Sill\u00e9 97.9 fm. Chaque mois Guillaume part \u00e0 la rencontre d&rsquo;un sport \u00e0 sensations dans le coin, mais pas que&#8230; Au programme :&hellip;<\/p>\n","protected":false},"author":1,"featured_media":0,"parent":267,"menu_order":37,"comment_status":"closed","ping_status":"closed","template":"","meta":{"footnotes":""},"class_list":["post-3323","page","type-page","status-publish","hentry","no-post-thumbnail"],"yoast_head":"<!-- This site is optimized with the Yoast SEO plugin v27.4 - https:\/\/yoast.com\/product\/yoast-seo-wordpress\/ -->\n<title>No-Limit - Fr\u00e9quence Sill\u00e9<\/title>\n<meta name=\"robots\" content=\"index, follow, max-snippet:-1, max-image-preview:large, max-video-preview:-1\" \/>\n<link rel=\"canonical\" href=\"https:\/\/frequence-sille.org\/newsite\/les-emissions\/magazines-culturels\/no-limit\/\" \/>\n<meta property=\"og:locale\" content=\"fr_FR\" \/>\n<meta property=\"og:type\" content=\"article\" \/>\n<meta property=\"og:title\" content=\"No-Limit - Fr\u00e9quence Sill\u00e9\" \/>\n<meta property=\"og:description\" content=\"No-Limit c&rsquo;est la nouvelle \u00e9mission de Fr\u00e9quence Sill\u00e9 97.9 fm. Chaque mois Guillaume part \u00e0 la rencontre d&rsquo;un sport \u00e0 sensations dans le coin, mais pas que&#8230; Au programme :&hellip;\" \/>\n<meta property=\"og:url\" content=\"https:\/\/frequence-sille.org\/newsite\/les-emissions\/magazines-culturels\/no-limit\/\" \/>\n<meta property=\"og:site_name\" content=\"Fr\u00e9quence Sill\u00e9\" \/>\n<meta property=\"article:publisher\" content=\"https:\/\/www.facebook.com\/frequencesille979fm\" \/>\n<meta property=\"article:modified_time\" content=\"2022-11-18T15:51:05+00:00\" \/>\n<meta property=\"og:image\" content=\"http:\/\/frequence-sille.org\/newsite\/wp-content\/uploads\/2017\/10\/gg-300x173.png\" \/>\n<meta name=\"twitter:card\" content=\"summary_large_image\" \/>\n<meta name=\"twitter:site\" content=\"@freqsille979\" \/>\n<script type=\"application\/ld+json\" class=\"yoast-schema-graph\">{\"@context\":\"https:\\\/\\\/schema.org\",\"@graph\":[{\"@type\":\"WebPage\",\"@id\":\"https:\\\/\\\/frequence-sille.org\\\/newsite\\\/les-emissions\\\/magazines-culturels\\\/no-limit\\\/\",\"url\":\"https:\\\/\\\/frequence-sille.org\\\/newsite\\\/les-emissions\\\/magazines-culturels\\\/no-limit\\\/\",\"name\":\"No-Limit - Fr\u00e9quence Sill\u00e9\",\"isPartOf\":{\"@id\":\"https:\\\/\\\/frequence-sille.org\\\/newsite\\\/#website\"},\"primaryImageOfPage\":{\"@id\":\"https:\\\/\\\/frequence-sille.org\\\/newsite\\\/les-emissions\\\/magazines-culturels\\\/no-limit\\\/#primaryimage\"},\"image\":{\"@id\":\"https:\\\/\\\/frequence-sille.org\\\/newsite\\\/les-emissions\\\/magazines-culturels\\\/no-limit\\\/#primaryimage\"},\"thumbnailUrl\":\"http:\\\/\\\/frequence-sille.org\\\/newsite\\\/wp-content\\\/uploads\\\/2017\\\/10\\\/gg-300x173.png\",\"datePublished\":\"2017-10-06T09:54:08+00:00\",\"dateModified\":\"2022-11-18T15:51:05+00:00\",\"breadcrumb\":{\"@id\":\"https:\\\/\\\/frequence-sille.org\\\/newsite\\\/les-emissions\\\/magazines-culturels\\\/no-limit\\\/#breadcrumb\"},\"inLanguage\":\"fr-FR\",\"potentialAction\":[{\"@type\":\"ReadAction\",\"target\":[\"https:\\\/\\\/frequence-sille.org\\\/newsite\\\/les-emissions\\\/magazines-culturels\\\/no-limit\\\/\"]}]},{\"@type\":\"ImageObject\",\"inLanguage\":\"fr-FR\",\"@id\":\"https:\\\/\\\/frequence-sille.org\\\/newsite\\\/les-emissions\\\/magazines-culturels\\\/no-limit\\\/#primaryimage\",\"url\":\"https:\\\/\\\/frequence-sille.org\\\/newsite\\\/wp-content\\\/uploads\\\/2017\\\/10\\\/gg.png\",\"contentUrl\":\"https:\\\/\\\/frequence-sille.org\\\/newsite\\\/wp-content\\\/uploads\\\/2017\\\/10\\\/gg.png\",\"width\":2560,\"height\":1480},{\"@type\":\"BreadcrumbList\",\"@id\":\"https:\\\/\\\/frequence-sille.org\\\/newsite\\\/les-emissions\\\/magazines-culturels\\\/no-limit\\\/#breadcrumb\",\"itemListElement\":[{\"@type\":\"ListItem\",\"position\":1,\"name\":\"Accueil\",\"item\":\"https:\\\/\\\/frequence-sille.org\\\/newsite\\\/\"},{\"@type\":\"ListItem\",\"position\":2,\"name\":\"Les \u00e9missions\",\"item\":\"https:\\\/\\\/frequence-sille.org\\\/newsite\\\/les-emissions\\\/\"},{\"@type\":\"ListItem\",\"position\":3,\"name\":\"Magazine culturel\",\"item\":\"https:\\\/\\\/frequence-sille.org\\\/newsite\\\/les-emissions\\\/magazines-culturels\\\/\"},{\"@type\":\"ListItem\",\"position\":4,\"name\":\"No-Limit\"}]},{\"@type\":\"WebSite\",\"@id\":\"https:\\\/\\\/frequence-sille.org\\\/newsite\\\/#website\",\"url\":\"https:\\\/\\\/frequence-sille.org\\\/newsite\\\/\",\"name\":\"Fr\u00e9quence Sill\u00e9\",\"description\":\"Bien plus qu&#039;une radio...votre radio !\",\"publisher\":{\"@id\":\"https:\\\/\\\/frequence-sille.org\\\/newsite\\\/#organization\"},\"potentialAction\":[{\"@type\":\"SearchAction\",\"target\":{\"@type\":\"EntryPoint\",\"urlTemplate\":\"https:\\\/\\\/frequence-sille.org\\\/newsite\\\/?s={search_term_string}\"},\"query-input\":{\"@type\":\"PropertyValueSpecification\",\"valueRequired\":true,\"valueName\":\"search_term_string\"}}],\"inLanguage\":\"fr-FR\"},{\"@type\":\"Organization\",\"@id\":\"https:\\\/\\\/frequence-sille.org\\\/newsite\\\/#organization\",\"name\":\"Fr\u00e9quence Sill\u00e9\",\"url\":\"https:\\\/\\\/frequence-sille.org\\\/newsite\\\/\",\"logo\":{\"@type\":\"ImageObject\",\"inLanguage\":\"fr-FR\",\"@id\":\"https:\\\/\\\/frequence-sille.org\\\/newsite\\\/#\\\/schema\\\/logo\\\/image\\\/\",\"url\":\"https:\\\/\\\/frequence-sille.org\\\/newsite\\\/wp-content\\\/uploads\\\/2023\\\/07\\\/LOGO_979_NOIR.png\",\"contentUrl\":\"https:\\\/\\\/frequence-sille.org\\\/newsite\\\/wp-content\\\/uploads\\\/2023\\\/07\\\/LOGO_979_NOIR.png\",\"width\":7680,\"height\":4320,\"caption\":\"Fr\u00e9quence Sill\u00e9\"},\"image\":{\"@id\":\"https:\\\/\\\/frequence-sille.org\\\/newsite\\\/#\\\/schema\\\/logo\\\/image\\\/\"},\"sameAs\":[\"https:\\\/\\\/www.facebook.com\\\/frequencesille979fm\",\"https:\\\/\\\/x.com\\\/freqsille979\",\"https:\\\/\\\/www.instagram.com\\\/frequencesille\\\/\"]}]}<\/script>\n<!-- \/ Yoast SEO plugin. -->","yoast_head_json":{"title":"No-Limit - Fr\u00e9quence Sill\u00e9","robots":{"index":"index","follow":"follow","max-snippet":"max-snippet:-1","max-image-preview":"max-image-preview:large","max-video-preview":"max-video-preview:-1"},"canonical":"https:\/\/frequence-sille.org\/newsite\/les-emissions\/magazines-culturels\/no-limit\/","og_locale":"fr_FR","og_type":"article","og_title":"No-Limit - Fr\u00e9quence Sill\u00e9","og_description":"No-Limit c&rsquo;est la nouvelle \u00e9mission de Fr\u00e9quence Sill\u00e9 97.9 fm. Chaque mois Guillaume part \u00e0 la rencontre d&rsquo;un sport \u00e0 sensations dans le coin, mais pas que&#8230; Au programme :&hellip;","og_url":"https:\/\/frequence-sille.org\/newsite\/les-emissions\/magazines-culturels\/no-limit\/","og_site_name":"Fr\u00e9quence Sill\u00e9","article_publisher":"https:\/\/www.facebook.com\/frequencesille979fm","article_modified_time":"2022-11-18T15:51:05+00:00","og_image":[{"url":"http:\/\/frequence-sille.org\/newsite\/wp-content\/uploads\/2017\/10\/gg-300x173.png","type":"","width":"","height":""}],"twitter_card":"summary_large_image","twitter_site":"@freqsille979","schema":{"@context":"https:\/\/schema.org","@graph":[{"@type":"WebPage","@id":"https:\/\/frequence-sille.org\/newsite\/les-emissions\/magazines-culturels\/no-limit\/","url":"https:\/\/frequence-sille.org\/newsite\/les-emissions\/magazines-culturels\/no-limit\/","name":"No-Limit - Fr\u00e9quence Sill\u00e9","isPartOf":{"@id":"https:\/\/frequence-sille.org\/newsite\/#website"},"primaryImageOfPage":{"@id":"https:\/\/frequence-sille.org\/newsite\/les-emissions\/magazines-culturels\/no-limit\/#primaryimage"},"image":{"@id":"https:\/\/frequence-sille.org\/newsite\/les-emissions\/magazines-culturels\/no-limit\/#primaryimage"},"thumbnailUrl":"http:\/\/frequence-sille.org\/newsite\/wp-content\/uploads\/2017\/10\/gg-300x173.png","datePublished":"2017-10-06T09:54:08+00:00","dateModified":"2022-11-18T15:51:05+00:00","breadcrumb":{"@id":"https:\/\/frequence-sille.org\/newsite\/les-emissions\/magazines-culturels\/no-limit\/#breadcrumb"},"inLanguage":"fr-FR","potentialAction":[{"@type":"ReadAction","target":["https:\/\/frequence-sille.org\/newsite\/les-emissions\/magazines-culturels\/no-limit\/"]}]},{"@type":"ImageObject","inLanguage":"fr-FR","@id":"https:\/\/frequence-sille.org\/newsite\/les-emissions\/magazines-culturels\/no-limit\/#primaryimage","url":"https:\/\/frequence-sille.org\/newsite\/wp-content\/uploads\/2017\/10\/gg.png","contentUrl":"https:\/\/frequence-sille.org\/newsite\/wp-content\/uploads\/2017\/10\/gg.png","width":2560,"height":1480},{"@type":"BreadcrumbList","@id":"https:\/\/frequence-sille.org\/newsite\/les-emissions\/magazines-culturels\/no-limit\/#breadcrumb","itemListElement":[{"@type":"ListItem","position":1,"name":"Accueil","item":"https:\/\/frequence-sille.org\/newsite\/"},{"@type":"ListItem","position":2,"name":"Les \u00e9missions","item":"https:\/\/frequence-sille.org\/newsite\/les-emissions\/"},{"@type":"ListItem","position":3,"name":"Magazine culturel","item":"https:\/\/frequence-sille.org\/newsite\/les-emissions\/magazines-culturels\/"},{"@type":"ListItem","position":4,"name":"No-Limit"}]},{"@type":"WebSite","@id":"https:\/\/frequence-sille.org\/newsite\/#website","url":"https:\/\/frequence-sille.org\/newsite\/","name":"Fr\u00e9quence Sill\u00e9","description":"Bien plus qu&#039;une radio...votre radio !","publisher":{"@id":"https:\/\/frequence-sille.org\/newsite\/#organization"},"potentialAction":[{"@type":"SearchAction","target":{"@type":"EntryPoint","urlTemplate":"https:\/\/frequence-sille.org\/newsite\/?s={search_term_string}"},"query-input":{"@type":"PropertyValueSpecification","valueRequired":true,"valueName":"search_term_string"}}],"inLanguage":"fr-FR"},{"@type":"Organization","@id":"https:\/\/frequence-sille.org\/newsite\/#organization","name":"Fr\u00e9quence Sill\u00e9","url":"https:\/\/frequence-sille.org\/newsite\/","logo":{"@type":"ImageObject","inLanguage":"fr-FR","@id":"https:\/\/frequence-sille.org\/newsite\/#\/schema\/logo\/image\/","url":"https:\/\/frequence-sille.org\/newsite\/wp-content\/uploads\/2023\/07\/LOGO_979_NOIR.png","contentUrl":"https:\/\/frequence-sille.org\/newsite\/wp-content\/uploads\/2023\/07\/LOGO_979_NOIR.png","width":7680,"height":4320,"caption":"Fr\u00e9quence Sill\u00e9"},"image":{"@id":"https:\/\/frequence-sille.org\/newsite\/#\/schema\/logo\/image\/"},"sameAs":["https:\/\/www.facebook.com\/frequencesille979fm","https:\/\/x.com\/freqsille979","https:\/\/www.instagram.com\/frequencesille\/"]}]}},"_links":{"self":[{"href":"https:\/\/frequence-sille.org\/newsite\/wp-json\/wp\/v2\/pages\/3323","targetHints":{"allow":["GET"]}}],"collection":[{"href":"https:\/\/frequence-sille.org\/newsite\/wp-json\/wp\/v2\/pages"}],"about":[{"href":"https:\/\/frequence-sille.org\/newsite\/wp-json\/wp\/v2\/types\/page"}],"author":[{"embeddable":true,"href":"https:\/\/frequence-sille.org\/newsite\/wp-json\/wp\/v2\/users\/1"}],"replies":[{"embeddable":true,"href":"https:\/\/frequence-sille.org\/newsite\/wp-json\/wp\/v2\/comments?post=3323"}],"version-history":[{"count":8,"href":"https:\/\/frequence-sille.org\/newsite\/wp-json\/wp\/v2\/pages\/3323\/revisions"}],"predecessor-version":[{"id":10023,"href":"https:\/\/frequence-sille.org\/newsite\/wp-json\/wp\/v2\/pages\/3323\/revisions\/10023"}],"up":[{"embeddable":true,"href":"https:\/\/frequence-sille.org\/newsite\/wp-json\/wp\/v2\/pages\/267"}],"wp:attachment":[{"href":"https:\/\/frequence-sille.org\/newsite\/wp-json\/wp\/v2\/media?parent=3323"}],"curies":[{"name":"wp","href":"https:\/\/api.w.org\/{rel}","templated":true}]}}