{"id":336,"date":"2016-07-27T13:34:05","date_gmt":"2016-07-27T12:34:05","guid":{"rendered":"http:\/\/frequence-sille.org\/newsite\/?page_id=336"},"modified":"2022-11-18T16:30:44","modified_gmt":"2022-11-18T15:30:44","slug":"series-petit-ecran","status":"publish","type":"page","link":"https:\/\/frequence-sille.org\/newsite\/les-emissions\/magazines-culturels\/series-petit-ecran\/","title":{"rendered":"S\u00e9ries Petit Ecran"},"content":{"rendered":"<p>Vous n&rsquo;avez pas oubli\u00e9 vos rendez-vous\u00a0r\u00e9guliers avec les h\u00e9ros du\u00a0petit \u00e9cran: Ici, Columbo, James West, Mac Gyver, David Vincent, Zorro, Magnum, Mannix, John Steed&#8230;.\u00a0l\u00e0, Thierry la Fronde, l&rsquo;Homme du Picardie, Janique Aim\u00e9e, Vidocq, Rocambole, Belph\u00e9gor, l&rsquo;inspecteur Bourrel ou Maigret&#8230;..l&rsquo;univers d&rsquo;Happy Days, de la Croisi\u00e8re qui s&rsquo;amuse, de la Petite maison dans la Prairie, du Temps des copains, de Belle et de S\u00e9bastien&#8230;. D&rsquo;accord, c&rsquo;est pas les plus r\u00e9cents !!!<\/p>\n<p><img loading=\"lazy\" decoding=\"async\" class=\"size-medium wp-image-439 aligncenter\" src=\"http:\/\/frequence-sille.org\/newsite\/wp-content\/uploads\/2016\/07\/photo-armelle-columbo-compress-300x208.jpg\" alt=\"photo armelle columbo compress\" width=\"300\" height=\"208\" \/><\/p>\n<p>On les appelaient \u00ab\u00a0feuilletons\u00a0\u00bb puis \u00ab\u00a0s\u00e9ries\u00a0\u00bb et pour les plus r\u00e9cents on parle m\u00eame en termes de \u00ab\u00a0saisons\u00a0\u00bb&#8230;.mais ils ont fait partie \u00e0 un moment ou \u00e0 un autre de notre univers quotidien ou hebdomadaire.<\/p>\n<p>Armelle les fait revivre le mardi \u00e0 12h00 et le dimanche \u00e0 8h30<\/p>\n<p>En illustration, l&rsquo;\u00e9mission consacr\u00e9e \u00e0 Mac Gyver<\/p>\n\n\n<iframe loading=\"lazy\" scrolling=\"no\" id=\"hearthis_at_track_1247466\" width=\"100%\" height=\"150\" src=\"https:\/\/app.hearthis.at\/embed\/1247466\/transparent_black\/?hcolor=&#038;color=&#038;style=2&#038;block_size=2&#038;block_space=1&#038;background=1&#038;waveform=0&#038;cover=0&#038;autoplay=0&#038;css=\" frameborder=\"0\" allowtransparency allow=\"autoplay\"><p>Listen to <a href=\"https:\/\/hearthis.at\/frequence-sille\/srie-petit-ecran\/\" target=\"_blank\" rel=\"noopener\">S\u00e9rie Petit Ecran<\/a> <span>by<\/span><a href=\"https:\/\/hearthis.at\/frequence-sille\/\" target=\"_blank\" rel=\"noopener\">Frequence Sill\u00e9<\/a> <span>on<\/span> <a href=\"https:\/\/hearthis.at\/\" target=\"_blank\" rel=\"noopener\">hearthis.at<\/a><\/p><\/iframe>\n","protected":false},"excerpt":{"rendered":"<p>Vous n&rsquo;avez pas oubli\u00e9 vos rendez-vous\u00a0r\u00e9guliers avec les h\u00e9ros du\u00a0petit \u00e9cran: Ici, Columbo, James West, Mac Gyver, David Vincent, Zorro, Magnum, Mannix, John Steed&#8230;.\u00a0l\u00e0, Thierry la Fronde, l&rsquo;Homme du Picardie,&hellip;<\/p>\n","protected":false},"author":1,"featured_media":0,"parent":267,"menu_order":41,"comment_status":"closed","ping_status":"closed","template":"","meta":{"footnotes":""},"class_list":["post-336","page","type-page","status-publish","hentry","no-post-thumbnail"],"yoast_head":"<!-- This site is optimized with the Yoast SEO plugin v27.4 - https:\/\/yoast.com\/product\/yoast-seo-wordpress\/ -->\n<title>S\u00e9ries Petit Ecran - Fr\u00e9quence Sill\u00e9<\/title>\n<meta name=\"robots\" content=\"index, follow, max-snippet:-1, max-image-preview:large, max-video-preview:-1\" \/>\n<link rel=\"canonical\" href=\"https:\/\/frequence-sille.org\/newsite\/les-emissions\/magazines-culturels\/series-petit-ecran\/\" \/>\n<meta property=\"og:locale\" content=\"fr_FR\" \/>\n<meta property=\"og:type\" content=\"article\" \/>\n<meta property=\"og:title\" content=\"S\u00e9ries Petit Ecran - Fr\u00e9quence Sill\u00e9\" \/>\n<meta property=\"og:description\" content=\"Vous n&rsquo;avez pas oubli\u00e9 vos rendez-vous\u00a0r\u00e9guliers avec les h\u00e9ros du\u00a0petit \u00e9cran: Ici, Columbo, James West, Mac Gyver, David Vincent, Zorro, Magnum, Mannix, John Steed&#8230;.\u00a0l\u00e0, Thierry la Fronde, l&rsquo;Homme du Picardie,&hellip;\" \/>\n<meta property=\"og:url\" content=\"https:\/\/frequence-sille.org\/newsite\/les-emissions\/magazines-culturels\/series-petit-ecran\/\" \/>\n<meta property=\"og:site_name\" content=\"Fr\u00e9quence Sill\u00e9\" \/>\n<meta property=\"article:publisher\" content=\"https:\/\/www.facebook.com\/frequencesille979fm\" \/>\n<meta property=\"article:modified_time\" content=\"2022-11-18T15:30:44+00:00\" \/>\n<meta property=\"og:image\" content=\"http:\/\/frequence-sille.org\/newsite\/wp-content\/uploads\/2016\/07\/photo-armelle-columbo-compress-300x208.jpg\" \/>\n<meta name=\"twitter:card\" content=\"summary_large_image\" \/>\n<meta name=\"twitter:site\" content=\"@freqsille979\" \/>\n<meta name=\"twitter:label1\" content=\"Dur\u00e9e de lecture estim\u00e9e\" \/>\n\t<meta name=\"twitter:data1\" content=\"1 minute\" \/>\n<script type=\"application\/ld+json\" class=\"yoast-schema-graph\">{\"@context\":\"https:\\\/\\\/schema.org\",\"@graph\":[{\"@type\":\"WebPage\",\"@id\":\"https:\\\/\\\/frequence-sille.org\\\/newsite\\\/les-emissions\\\/magazines-culturels\\\/series-petit-ecran\\\/\",\"url\":\"https:\\\/\\\/frequence-sille.org\\\/newsite\\\/les-emissions\\\/magazines-culturels\\\/series-petit-ecran\\\/\",\"name\":\"S\u00e9ries Petit Ecran - Fr\u00e9quence Sill\u00e9\",\"isPartOf\":{\"@id\":\"https:\\\/\\\/frequence-sille.org\\\/newsite\\\/#website\"},\"primaryImageOfPage\":{\"@id\":\"https:\\\/\\\/frequence-sille.org\\\/newsite\\\/les-emissions\\\/magazines-culturels\\\/series-petit-ecran\\\/#primaryimage\"},\"image\":{\"@id\":\"https:\\\/\\\/frequence-sille.org\\\/newsite\\\/les-emissions\\\/magazines-culturels\\\/series-petit-ecran\\\/#primaryimage\"},\"thumbnailUrl\":\"http:\\\/\\\/frequence-sille.org\\\/newsite\\\/wp-content\\\/uploads\\\/2016\\\/07\\\/photo-armelle-columbo-compress-300x208.jpg\",\"datePublished\":\"2016-07-27T12:34:05+00:00\",\"dateModified\":\"2022-11-18T15:30:44+00:00\",\"breadcrumb\":{\"@id\":\"https:\\\/\\\/frequence-sille.org\\\/newsite\\\/les-emissions\\\/magazines-culturels\\\/series-petit-ecran\\\/#breadcrumb\"},\"inLanguage\":\"fr-FR\",\"potentialAction\":[{\"@type\":\"ReadAction\",\"target\":[\"https:\\\/\\\/frequence-sille.org\\\/newsite\\\/les-emissions\\\/magazines-culturels\\\/series-petit-ecran\\\/\"]}]},{\"@type\":\"ImageObject\",\"inLanguage\":\"fr-FR\",\"@id\":\"https:\\\/\\\/frequence-sille.org\\\/newsite\\\/les-emissions\\\/magazines-culturels\\\/series-petit-ecran\\\/#primaryimage\",\"url\":\"\",\"contentUrl\":\"\"},{\"@type\":\"BreadcrumbList\",\"@id\":\"https:\\\/\\\/frequence-sille.org\\\/newsite\\\/les-emissions\\\/magazines-culturels\\\/series-petit-ecran\\\/#breadcrumb\",\"itemListElement\":[{\"@type\":\"ListItem\",\"position\":1,\"name\":\"Accueil\",\"item\":\"https:\\\/\\\/frequence-sille.org\\\/newsite\\\/\"},{\"@type\":\"ListItem\",\"position\":2,\"name\":\"Les \u00e9missions\",\"item\":\"https:\\\/\\\/frequence-sille.org\\\/newsite\\\/les-emissions\\\/\"},{\"@type\":\"ListItem\",\"position\":3,\"name\":\"Magazine culturel\",\"item\":\"https:\\\/\\\/frequence-sille.org\\\/newsite\\\/les-emissions\\\/magazines-culturels\\\/\"},{\"@type\":\"ListItem\",\"position\":4,\"name\":\"S\u00e9ries Petit Ecran\"}]},{\"@type\":\"WebSite\",\"@id\":\"https:\\\/\\\/frequence-sille.org\\\/newsite\\\/#website\",\"url\":\"https:\\\/\\\/frequence-sille.org\\\/newsite\\\/\",\"name\":\"Fr\u00e9quence Sill\u00e9\",\"description\":\"Bien plus qu&#039;une radio...votre radio !\",\"publisher\":{\"@id\":\"https:\\\/\\\/frequence-sille.org\\\/newsite\\\/#organization\"},\"potentialAction\":[{\"@type\":\"SearchAction\",\"target\":{\"@type\":\"EntryPoint\",\"urlTemplate\":\"https:\\\/\\\/frequence-sille.org\\\/newsite\\\/?s={search_term_string}\"},\"query-input\":{\"@type\":\"PropertyValueSpecification\",\"valueRequired\":true,\"valueName\":\"search_term_string\"}}],\"inLanguage\":\"fr-FR\"},{\"@type\":\"Organization\",\"@id\":\"https:\\\/\\\/frequence-sille.org\\\/newsite\\\/#organization\",\"name\":\"Fr\u00e9quence Sill\u00e9\",\"url\":\"https:\\\/\\\/frequence-sille.org\\\/newsite\\\/\",\"logo\":{\"@type\":\"ImageObject\",\"inLanguage\":\"fr-FR\",\"@id\":\"https:\\\/\\\/frequence-sille.org\\\/newsite\\\/#\\\/schema\\\/logo\\\/image\\\/\",\"url\":\"https:\\\/\\\/frequence-sille.org\\\/newsite\\\/wp-content\\\/uploads\\\/2023\\\/07\\\/LOGO_979_NOIR.png\",\"contentUrl\":\"https:\\\/\\\/frequence-sille.org\\\/newsite\\\/wp-content\\\/uploads\\\/2023\\\/07\\\/LOGO_979_NOIR.png\",\"width\":7680,\"height\":4320,\"caption\":\"Fr\u00e9quence Sill\u00e9\"},\"image\":{\"@id\":\"https:\\\/\\\/frequence-sille.org\\\/newsite\\\/#\\\/schema\\\/logo\\\/image\\\/\"},\"sameAs\":[\"https:\\\/\\\/www.facebook.com\\\/frequencesille979fm\",\"https:\\\/\\\/x.com\\\/freqsille979\",\"https:\\\/\\\/www.instagram.com\\\/frequencesille\\\/\"]}]}<\/script>\n<!-- \/ Yoast SEO plugin. -->","yoast_head_json":{"title":"S\u00e9ries Petit Ecran - Fr\u00e9quence Sill\u00e9","robots":{"index":"index","follow":"follow","max-snippet":"max-snippet:-1","max-image-preview":"max-image-preview:large","max-video-preview":"max-video-preview:-1"},"canonical":"https:\/\/frequence-sille.org\/newsite\/les-emissions\/magazines-culturels\/series-petit-ecran\/","og_locale":"fr_FR","og_type":"article","og_title":"S\u00e9ries Petit Ecran - Fr\u00e9quence Sill\u00e9","og_description":"Vous n&rsquo;avez pas oubli\u00e9 vos rendez-vous\u00a0r\u00e9guliers avec les h\u00e9ros du\u00a0petit \u00e9cran: Ici, Columbo, James West, Mac Gyver, David Vincent, Zorro, Magnum, Mannix, John Steed&#8230;.\u00a0l\u00e0, Thierry la Fronde, l&rsquo;Homme du Picardie,&hellip;","og_url":"https:\/\/frequence-sille.org\/newsite\/les-emissions\/magazines-culturels\/series-petit-ecran\/","og_site_name":"Fr\u00e9quence Sill\u00e9","article_publisher":"https:\/\/www.facebook.com\/frequencesille979fm","article_modified_time":"2022-11-18T15:30:44+00:00","og_image":[{"url":"http:\/\/frequence-sille.org\/newsite\/wp-content\/uploads\/2016\/07\/photo-armelle-columbo-compress-300x208.jpg","type":"","width":"","height":""}],"twitter_card":"summary_large_image","twitter_site":"@freqsille979","twitter_misc":{"Dur\u00e9e de lecture estim\u00e9e":"1 minute"},"schema":{"@context":"https:\/\/schema.org","@graph":[{"@type":"WebPage","@id":"https:\/\/frequence-sille.org\/newsite\/les-emissions\/magazines-culturels\/series-petit-ecran\/","url":"https:\/\/frequence-sille.org\/newsite\/les-emissions\/magazines-culturels\/series-petit-ecran\/","name":"S\u00e9ries Petit Ecran - Fr\u00e9quence Sill\u00e9","isPartOf":{"@id":"https:\/\/frequence-sille.org\/newsite\/#website"},"primaryImageOfPage":{"@id":"https:\/\/frequence-sille.org\/newsite\/les-emissions\/magazines-culturels\/series-petit-ecran\/#primaryimage"},"image":{"@id":"https:\/\/frequence-sille.org\/newsite\/les-emissions\/magazines-culturels\/series-petit-ecran\/#primaryimage"},"thumbnailUrl":"http:\/\/frequence-sille.org\/newsite\/wp-content\/uploads\/2016\/07\/photo-armelle-columbo-compress-300x208.jpg","datePublished":"2016-07-27T12:34:05+00:00","dateModified":"2022-11-18T15:30:44+00:00","breadcrumb":{"@id":"https:\/\/frequence-sille.org\/newsite\/les-emissions\/magazines-culturels\/series-petit-ecran\/#breadcrumb"},"inLanguage":"fr-FR","potentialAction":[{"@type":"ReadAction","target":["https:\/\/frequence-sille.org\/newsite\/les-emissions\/magazines-culturels\/series-petit-ecran\/"]}]},{"@type":"ImageObject","inLanguage":"fr-FR","@id":"https:\/\/frequence-sille.org\/newsite\/les-emissions\/magazines-culturels\/series-petit-ecran\/#primaryimage","url":"","contentUrl":""},{"@type":"BreadcrumbList","@id":"https:\/\/frequence-sille.org\/newsite\/les-emissions\/magazines-culturels\/series-petit-ecran\/#breadcrumb","itemListElement":[{"@type":"ListItem","position":1,"name":"Accueil","item":"https:\/\/frequence-sille.org\/newsite\/"},{"@type":"ListItem","position":2,"name":"Les \u00e9missions","item":"https:\/\/frequence-sille.org\/newsite\/les-emissions\/"},{"@type":"ListItem","position":3,"name":"Magazine culturel","item":"https:\/\/frequence-sille.org\/newsite\/les-emissions\/magazines-culturels\/"},{"@type":"ListItem","position":4,"name":"S\u00e9ries Petit Ecran"}]},{"@type":"WebSite","@id":"https:\/\/frequence-sille.org\/newsite\/#website","url":"https:\/\/frequence-sille.org\/newsite\/","name":"Fr\u00e9quence Sill\u00e9","description":"Bien plus qu&#039;une radio...votre radio !","publisher":{"@id":"https:\/\/frequence-sille.org\/newsite\/#organization"},"potentialAction":[{"@type":"SearchAction","target":{"@type":"EntryPoint","urlTemplate":"https:\/\/frequence-sille.org\/newsite\/?s={search_term_string}"},"query-input":{"@type":"PropertyValueSpecification","valueRequired":true,"valueName":"search_term_string"}}],"inLanguage":"fr-FR"},{"@type":"Organization","@id":"https:\/\/frequence-sille.org\/newsite\/#organization","name":"Fr\u00e9quence Sill\u00e9","url":"https:\/\/frequence-sille.org\/newsite\/","logo":{"@type":"ImageObject","inLanguage":"fr-FR","@id":"https:\/\/frequence-sille.org\/newsite\/#\/schema\/logo\/image\/","url":"https:\/\/frequence-sille.org\/newsite\/wp-content\/uploads\/2023\/07\/LOGO_979_NOIR.png","contentUrl":"https:\/\/frequence-sille.org\/newsite\/wp-content\/uploads\/2023\/07\/LOGO_979_NOIR.png","width":7680,"height":4320,"caption":"Fr\u00e9quence Sill\u00e9"},"image":{"@id":"https:\/\/frequence-sille.org\/newsite\/#\/schema\/logo\/image\/"},"sameAs":["https:\/\/www.facebook.com\/frequencesille979fm","https:\/\/x.com\/freqsille979","https:\/\/www.instagram.com\/frequencesille\/"]}]}},"_links":{"self":[{"href":"https:\/\/frequence-sille.org\/newsite\/wp-json\/wp\/v2\/pages\/336","targetHints":{"allow":["GET"]}}],"collection":[{"href":"https:\/\/frequence-sille.org\/newsite\/wp-json\/wp\/v2\/pages"}],"about":[{"href":"https:\/\/frequence-sille.org\/newsite\/wp-json\/wp\/v2\/types\/page"}],"author":[{"embeddable":true,"href":"https:\/\/frequence-sille.org\/newsite\/wp-json\/wp\/v2\/users\/1"}],"replies":[{"embeddable":true,"href":"https:\/\/frequence-sille.org\/newsite\/wp-json\/wp\/v2\/comments?post=336"}],"version-history":[{"count":3,"href":"https:\/\/frequence-sille.org\/newsite\/wp-json\/wp\/v2\/pages\/336\/revisions"}],"predecessor-version":[{"id":10010,"href":"https:\/\/frequence-sille.org\/newsite\/wp-json\/wp\/v2\/pages\/336\/revisions\/10010"}],"up":[{"embeddable":true,"href":"https:\/\/frequence-sille.org\/newsite\/wp-json\/wp\/v2\/pages\/267"}],"wp:attachment":[{"href":"https:\/\/frequence-sille.org\/newsite\/wp-json\/wp\/v2\/media?parent=336"}],"curies":[{"name":"wp","href":"https:\/\/api.w.org\/{rel}","templated":true}]}}