{"id":3397,"date":"2017-10-16T15:55:13","date_gmt":"2017-10-16T14:55:13","guid":{"rendered":"http:\/\/frequence-sille.org\/newsite\/?page_id=3397"},"modified":"2022-11-15T14:45:26","modified_gmt":"2022-11-15T13:45:26","slug":"electrocute","status":"publish","type":"page","link":"https:\/\/frequence-sille.org\/newsite\/les-emissions\/electrocute\/","title":{"rendered":"Electro &#8211; Cute"},"content":{"rendered":"\n<p>Frequence Sill\u00e9 est fi\u00e8re d\u2019accueillir une nouvelle \u00e9mission sur ses ondes. Elle s\u2019appelle <strong>\u201cElectro-Cute\u201d<\/strong> et elle est anim\u00e9e et produite par Laurent H\u00f4.<\/p>\n\n\n\n<p>Acteur de la sc\u00e8ne Electronique depuis 1991, H\u00f4 est connu pour sa musique et ses DJ sets techno hardcore sans concessions. Il a mix\u00e9 aux quatre coins du monde et son label Epiteth, sorti en 1994, \u00e9tait le premier label de Techno Hardcore fran\u00e7ais.<\/p>\n\n\n\n<p>Musicien, producteur, graphiste, professeur &#8230; Ho touche \u00e0 tout.<br>Ses go\u00fbts musicaux extr\u00eamement vari\u00e9s nous embarqueront chaque semaine dans des univers parfois peu connus, m\u00ealant avec diversit\u00e9 l&rsquo;electronica, l&rsquo;ambiant, la minimale, l\u2019electro, l\u2019acid music, la techno et autres styles cross over.<\/p>\n\n\n\n<p>Selon ses paroles :  Electro Cute se veut une \u00e9mission ouverte, charg\u00e9e d&rsquo;histoire &#8230; et de belles ondes.<\/p>\n\n\n\n<iframe loading=\"lazy\" scrolling=\"no\" id=\"hearthis_at_user_185910-8445500\" width=\"100%\" height=\"350\" src=\"https:\/\/hearthis.at\/set\/185910-8445500\/embed\/\" frameborder=\"0\" allowtransparency allow=\"autoplay\"><\/iframe>\n","protected":false},"excerpt":{"rendered":"<p>Frequence Sill\u00e9 est fi\u00e8re d\u2019accueillir une nouvelle \u00e9mission sur ses ondes. Elle s\u2019appelle \u201cElectro-Cute\u201d et elle est anim\u00e9e et produite par Laurent H\u00f4. Acteur de la sc\u00e8ne Electronique depuis 1991,&hellip;<\/p>\n","protected":false},"author":1,"featured_media":0,"parent":27,"menu_order":49,"comment_status":"closed","ping_status":"closed","template":"","meta":{"footnotes":""},"class_list":["post-3397","page","type-page","status-publish","hentry","no-post-thumbnail"],"yoast_head":"<!-- This site is optimized with the Yoast SEO plugin v27.4 - https:\/\/yoast.com\/product\/yoast-seo-wordpress\/ -->\n<title>Electro - Cute - Fr\u00e9quence Sill\u00e9<\/title>\n<meta name=\"robots\" content=\"index, follow, max-snippet:-1, max-image-preview:large, max-video-preview:-1\" \/>\n<link rel=\"canonical\" href=\"https:\/\/frequence-sille.org\/newsite\/les-emissions\/les-creations__trashed\/electrocute\/\" \/>\n<meta property=\"og:locale\" content=\"fr_FR\" \/>\n<meta property=\"og:type\" content=\"article\" \/>\n<meta property=\"og:title\" content=\"Electro - Cute - Fr\u00e9quence Sill\u00e9\" \/>\n<meta property=\"og:description\" content=\"Frequence Sill\u00e9 est fi\u00e8re d\u2019accueillir une nouvelle \u00e9mission sur ses ondes. Elle s\u2019appelle \u201cElectro-Cute\u201d et elle est anim\u00e9e et produite par Laurent H\u00f4. Acteur de la sc\u00e8ne Electronique depuis 1991,&hellip;\" \/>\n<meta property=\"og:url\" content=\"https:\/\/frequence-sille.org\/newsite\/les-emissions\/les-creations__trashed\/electrocute\/\" \/>\n<meta property=\"og:site_name\" content=\"Fr\u00e9quence Sill\u00e9\" \/>\n<meta property=\"article:publisher\" content=\"https:\/\/www.facebook.com\/frequencesille979fm\" \/>\n<meta property=\"article:modified_time\" content=\"2022-11-15T13:45:26+00:00\" \/>\n<meta name=\"twitter:card\" content=\"summary_large_image\" \/>\n<meta name=\"twitter:site\" content=\"@freqsille979\" \/>\n<meta name=\"twitter:label1\" content=\"Dur\u00e9e de lecture estim\u00e9e\" \/>\n\t<meta name=\"twitter:data1\" content=\"1 minute\" \/>\n<script type=\"application\/ld+json\" class=\"yoast-schema-graph\">{\"@context\":\"https:\\\/\\\/schema.org\",\"@graph\":[{\"@type\":\"WebPage\",\"@id\":\"https:\\\/\\\/frequence-sille.org\\\/newsite\\\/les-emissions\\\/les-creations__trashed\\\/electrocute\\\/\",\"url\":\"https:\\\/\\\/frequence-sille.org\\\/newsite\\\/les-emissions\\\/les-creations__trashed\\\/electrocute\\\/\",\"name\":\"Electro - Cute - Fr\u00e9quence Sill\u00e9\",\"isPartOf\":{\"@id\":\"https:\\\/\\\/frequence-sille.org\\\/newsite\\\/#website\"},\"datePublished\":\"2017-10-16T14:55:13+00:00\",\"dateModified\":\"2022-11-15T13:45:26+00:00\",\"breadcrumb\":{\"@id\":\"https:\\\/\\\/frequence-sille.org\\\/newsite\\\/les-emissions\\\/les-creations__trashed\\\/electrocute\\\/#breadcrumb\"},\"inLanguage\":\"fr-FR\",\"potentialAction\":[{\"@type\":\"ReadAction\",\"target\":[\"https:\\\/\\\/frequence-sille.org\\\/newsite\\\/les-emissions\\\/les-creations__trashed\\\/electrocute\\\/\"]}]},{\"@type\":\"BreadcrumbList\",\"@id\":\"https:\\\/\\\/frequence-sille.org\\\/newsite\\\/les-emissions\\\/les-creations__trashed\\\/electrocute\\\/#breadcrumb\",\"itemListElement\":[{\"@type\":\"ListItem\",\"position\":1,\"name\":\"Accueil\",\"item\":\"https:\\\/\\\/frequence-sille.org\\\/newsite\\\/\"},{\"@type\":\"ListItem\",\"position\":2,\"name\":\"Les \u00e9missions\",\"item\":\"https:\\\/\\\/frequence-sille.org\\\/newsite\\\/les-emissions\\\/\"},{\"@type\":\"ListItem\",\"position\":3,\"name\":\"Electro &#8211; Cute\"}]},{\"@type\":\"WebSite\",\"@id\":\"https:\\\/\\\/frequence-sille.org\\\/newsite\\\/#website\",\"url\":\"https:\\\/\\\/frequence-sille.org\\\/newsite\\\/\",\"name\":\"Fr\u00e9quence Sill\u00e9\",\"description\":\"Bien plus qu&#039;une radio...votre radio !\",\"publisher\":{\"@id\":\"https:\\\/\\\/frequence-sille.org\\\/newsite\\\/#organization\"},\"potentialAction\":[{\"@type\":\"SearchAction\",\"target\":{\"@type\":\"EntryPoint\",\"urlTemplate\":\"https:\\\/\\\/frequence-sille.org\\\/newsite\\\/?s={search_term_string}\"},\"query-input\":{\"@type\":\"PropertyValueSpecification\",\"valueRequired\":true,\"valueName\":\"search_term_string\"}}],\"inLanguage\":\"fr-FR\"},{\"@type\":\"Organization\",\"@id\":\"https:\\\/\\\/frequence-sille.org\\\/newsite\\\/#organization\",\"name\":\"Fr\u00e9quence Sill\u00e9\",\"url\":\"https:\\\/\\\/frequence-sille.org\\\/newsite\\\/\",\"logo\":{\"@type\":\"ImageObject\",\"inLanguage\":\"fr-FR\",\"@id\":\"https:\\\/\\\/frequence-sille.org\\\/newsite\\\/#\\\/schema\\\/logo\\\/image\\\/\",\"url\":\"https:\\\/\\\/frequence-sille.org\\\/newsite\\\/wp-content\\\/uploads\\\/2023\\\/07\\\/LOGO_979_NOIR.png\",\"contentUrl\":\"https:\\\/\\\/frequence-sille.org\\\/newsite\\\/wp-content\\\/uploads\\\/2023\\\/07\\\/LOGO_979_NOIR.png\",\"width\":7680,\"height\":4320,\"caption\":\"Fr\u00e9quence Sill\u00e9\"},\"image\":{\"@id\":\"https:\\\/\\\/frequence-sille.org\\\/newsite\\\/#\\\/schema\\\/logo\\\/image\\\/\"},\"sameAs\":[\"https:\\\/\\\/www.facebook.com\\\/frequencesille979fm\",\"https:\\\/\\\/x.com\\\/freqsille979\",\"https:\\\/\\\/www.instagram.com\\\/frequencesille\\\/\"]}]}<\/script>\n<!-- \/ Yoast SEO plugin. -->","yoast_head_json":{"title":"Electro - Cute - Fr\u00e9quence Sill\u00e9","robots":{"index":"index","follow":"follow","max-snippet":"max-snippet:-1","max-image-preview":"max-image-preview:large","max-video-preview":"max-video-preview:-1"},"canonical":"https:\/\/frequence-sille.org\/newsite\/les-emissions\/les-creations__trashed\/electrocute\/","og_locale":"fr_FR","og_type":"article","og_title":"Electro - Cute - Fr\u00e9quence Sill\u00e9","og_description":"Frequence Sill\u00e9 est fi\u00e8re d\u2019accueillir une nouvelle \u00e9mission sur ses ondes. Elle s\u2019appelle \u201cElectro-Cute\u201d et elle est anim\u00e9e et produite par Laurent H\u00f4. Acteur de la sc\u00e8ne Electronique depuis 1991,&hellip;","og_url":"https:\/\/frequence-sille.org\/newsite\/les-emissions\/les-creations__trashed\/electrocute\/","og_site_name":"Fr\u00e9quence Sill\u00e9","article_publisher":"https:\/\/www.facebook.com\/frequencesille979fm","article_modified_time":"2022-11-15T13:45:26+00:00","twitter_card":"summary_large_image","twitter_site":"@freqsille979","twitter_misc":{"Dur\u00e9e de lecture estim\u00e9e":"1 minute"},"schema":{"@context":"https:\/\/schema.org","@graph":[{"@type":"WebPage","@id":"https:\/\/frequence-sille.org\/newsite\/les-emissions\/les-creations__trashed\/electrocute\/","url":"https:\/\/frequence-sille.org\/newsite\/les-emissions\/les-creations__trashed\/electrocute\/","name":"Electro - Cute - Fr\u00e9quence Sill\u00e9","isPartOf":{"@id":"https:\/\/frequence-sille.org\/newsite\/#website"},"datePublished":"2017-10-16T14:55:13+00:00","dateModified":"2022-11-15T13:45:26+00:00","breadcrumb":{"@id":"https:\/\/frequence-sille.org\/newsite\/les-emissions\/les-creations__trashed\/electrocute\/#breadcrumb"},"inLanguage":"fr-FR","potentialAction":[{"@type":"ReadAction","target":["https:\/\/frequence-sille.org\/newsite\/les-emissions\/les-creations__trashed\/electrocute\/"]}]},{"@type":"BreadcrumbList","@id":"https:\/\/frequence-sille.org\/newsite\/les-emissions\/les-creations__trashed\/electrocute\/#breadcrumb","itemListElement":[{"@type":"ListItem","position":1,"name":"Accueil","item":"https:\/\/frequence-sille.org\/newsite\/"},{"@type":"ListItem","position":2,"name":"Les \u00e9missions","item":"https:\/\/frequence-sille.org\/newsite\/les-emissions\/"},{"@type":"ListItem","position":3,"name":"Electro &#8211; Cute"}]},{"@type":"WebSite","@id":"https:\/\/frequence-sille.org\/newsite\/#website","url":"https:\/\/frequence-sille.org\/newsite\/","name":"Fr\u00e9quence Sill\u00e9","description":"Bien plus qu&#039;une radio...votre radio !","publisher":{"@id":"https:\/\/frequence-sille.org\/newsite\/#organization"},"potentialAction":[{"@type":"SearchAction","target":{"@type":"EntryPoint","urlTemplate":"https:\/\/frequence-sille.org\/newsite\/?s={search_term_string}"},"query-input":{"@type":"PropertyValueSpecification","valueRequired":true,"valueName":"search_term_string"}}],"inLanguage":"fr-FR"},{"@type":"Organization","@id":"https:\/\/frequence-sille.org\/newsite\/#organization","name":"Fr\u00e9quence Sill\u00e9","url":"https:\/\/frequence-sille.org\/newsite\/","logo":{"@type":"ImageObject","inLanguage":"fr-FR","@id":"https:\/\/frequence-sille.org\/newsite\/#\/schema\/logo\/image\/","url":"https:\/\/frequence-sille.org\/newsite\/wp-content\/uploads\/2023\/07\/LOGO_979_NOIR.png","contentUrl":"https:\/\/frequence-sille.org\/newsite\/wp-content\/uploads\/2023\/07\/LOGO_979_NOIR.png","width":7680,"height":4320,"caption":"Fr\u00e9quence Sill\u00e9"},"image":{"@id":"https:\/\/frequence-sille.org\/newsite\/#\/schema\/logo\/image\/"},"sameAs":["https:\/\/www.facebook.com\/frequencesille979fm","https:\/\/x.com\/freqsille979","https:\/\/www.instagram.com\/frequencesille\/"]}]}},"_links":{"self":[{"href":"https:\/\/frequence-sille.org\/newsite\/wp-json\/wp\/v2\/pages\/3397","targetHints":{"allow":["GET"]}}],"collection":[{"href":"https:\/\/frequence-sille.org\/newsite\/wp-json\/wp\/v2\/pages"}],"about":[{"href":"https:\/\/frequence-sille.org\/newsite\/wp-json\/wp\/v2\/types\/page"}],"author":[{"embeddable":true,"href":"https:\/\/frequence-sille.org\/newsite\/wp-json\/wp\/v2\/users\/1"}],"replies":[{"embeddable":true,"href":"https:\/\/frequence-sille.org\/newsite\/wp-json\/wp\/v2\/comments?post=3397"}],"version-history":[{"count":3,"href":"https:\/\/frequence-sille.org\/newsite\/wp-json\/wp\/v2\/pages\/3397\/revisions"}],"predecessor-version":[{"id":9943,"href":"https:\/\/frequence-sille.org\/newsite\/wp-json\/wp\/v2\/pages\/3397\/revisions\/9943"}],"up":[{"embeddable":true,"href":"https:\/\/frequence-sille.org\/newsite\/wp-json\/wp\/v2\/pages\/27"}],"wp:attachment":[{"href":"https:\/\/frequence-sille.org\/newsite\/wp-json\/wp\/v2\/media?parent=3397"}],"curies":[{"name":"wp","href":"https:\/\/api.w.org\/{rel}","templated":true}]}}