{"id":392,"date":"2016-07-29T10:13:07","date_gmt":"2016-07-29T09:13:07","guid":{"rendered":"http:\/\/frequence-sille.org\/newsite\/?page_id=392"},"modified":"2022-12-06T16:39:22","modified_gmt":"2022-12-06T15:39:22","slug":"enquete-didentite-le-tour-du-monde-velo","status":"publish","type":"page","link":"https:\/\/frequence-sille.org\/newsite\/les-evenements\/archives\/enquete-didentite-le-tour-du-monde-velo\/","title":{"rendered":"Manon Houette en Argent !"},"content":{"rendered":"<p><strong>Manon Houette avec sa m\u00e9daille d&rsquo;argent salu\u00e9e par les sill\u00e9ens<\/strong><\/p>\n<p>Originaire de Sill\u00e9 le Guillaume, Manon Houette a \u00e9t\u00e9 une actrice percutante de la remarquable \u00e9pop\u00e9e des handballeuses fran\u00e7aises aux JO de Rio. Evoluant \u00e0 l&rsquo;aile gauche elle a gliss\u00e9 13 buts dans les buts adverses dont 8 contre l&rsquo;Argentine. Qualifi\u00e9e h\u00e9ro\u00efquement pour la finale, l&rsquo;\u00e9quipe s&rsquo;est inclin\u00e9e de peu face \u00e0 la Russie. Mais vu de Sill\u00e9 l&rsquo;argent a toute la saveur de l&rsquo;or. Manon, avec ses 24 ans et un bel avenir qui lui est promis par les sp\u00e9cialistes, porte haut ce qu&rsquo;il y a de meilleur dans les valeurs du sport.<\/p>\n<p><img loading=\"lazy\" decoding=\"async\" class=\"wp-image-705 alignleft\" src=\"http:\/\/frequence-sille.org\/newsite\/wp-content\/uploads\/2016\/07\/freqsillemanon-avec-medaille-seule-225x300.jpg\" alt=\"freqsillemanon avec medaille seule\" width=\"207\" height=\"276\" srcset=\"https:\/\/frequence-sille.org\/newsite\/wp-content\/uploads\/2016\/07\/freqsillemanon-avec-medaille-seule-225x300.jpg 225w, https:\/\/frequence-sille.org\/newsite\/wp-content\/uploads\/2016\/07\/freqsillemanon-avec-medaille-seule.jpg 768w\" sizes=\"auto, (max-width: 207px) 100vw, 207px\" \/>\u00a0\u00a0\u00a0\u00a0\u00a0\u00a0\u00a0\u00a0\u00a0\u00a0\u00a0\u00a0\u00a0\u00a0\u00a0\u00a0\u00a0\u00a0\u00a0\u00a0\u00a0\u00a0\u00a0\u00a0\u00a0\u00a0 \u00a0\u00a0\u00a0\u00a0\u00a0\u00a0\u00a0\u00a0\u00a0\u00a0\u00a0\u00a0\u00a0\u00a0 <img loading=\"lazy\" decoding=\"async\" class=\"alignnone wp-image-706\" src=\"http:\/\/frequence-sille.org\/newsite\/wp-content\/uploads\/2016\/07\/manon-et-leboucher-200x300.jpg\" alt=\"manon et leboucher\" width=\"187\" height=\"281\" srcset=\"https:\/\/frequence-sille.org\/newsite\/wp-content\/uploads\/2016\/07\/manon-et-leboucher-200x300.jpg 200w, https:\/\/frequence-sille.org\/newsite\/wp-content\/uploads\/2016\/07\/manon-et-leboucher-683x1024.jpg 683w, https:\/\/frequence-sille.org\/newsite\/wp-content\/uploads\/2016\/07\/manon-et-leboucher-768x1151.jpg 768w, https:\/\/frequence-sille.org\/newsite\/wp-content\/uploads\/2016\/07\/manon-et-leboucher-1025x1536.jpg 1025w, https:\/\/frequence-sille.org\/newsite\/wp-content\/uploads\/2016\/07\/manon-et-leboucher.jpg 1130w\" sizes=\"auto, (max-width: 187px) 100vw, 187px\" \/><\/p>\n<p><em>Manon, vice-championne olympique,\u00a0avec Laurence Leboucher, la grande championne cycliste des Alpes Mancelles<\/em><\/p>\n<p>Lors d&rsquo;une soir\u00e9e au Centre Maurice Termeau, le 26 aout, les handballeurs de tous \u00e2ges, les amateurs de sport, celles et ceux dans la population sill\u00e9enne qui ont c\u00f4toy\u00e9 Manon avant son d\u00e9part vers le Loiret et quelques titres glorieux avec son club\u00a0ou l&rsquo;\u00e9quipe nationale, se sont retrouv\u00e9s avec les repr\u00e9sentants de la Commune, du D\u00e9partement, de la R\u00e9gion, de l&rsquo;Etat avec la pr\u00e9sence du Ministre de l&rsquo;Agriculture\u00a0St\u00e9phane Le Foll, pour remercier Manon de les avoir fait vibrer avec son \u00e9quipe. Plus de 200 personnes et une ambiance de f\u00eate !<\/p>\n<p>Vous trouverez avec Fr\u00e9quence-Sill\u00e9 des t\u00e9moignages collect\u00e9s pour vous par notre \u00e9quipe et aussi en bonus\u00a0(que vous ne retrouverez pas en diffusion FM)\u00a0l&rsquo;int\u00e9gralit\u00e9 du c\u00e9r\u00e9monial.<\/p>\n<p>Manon explique qu&rsquo;on r\u00e9ussit par la volont\u00e9 et le travail.<br \/>\n<iframe loading=\"lazy\" id=\"hearthis_at_track_1247433\" src=\"https:\/\/hearthis.at\/embed\/1247433\/transparent_black\/?hcolor=&amp;color=&amp;style=2&amp;block_size=2&amp;block_space=1&amp;background=1&amp;waveform=0&amp;cover=0&amp;autoplay=0&amp;css=\" width=\"100%\" height=\"150\" frameborder=\"0\" scrolling=\"no\"><\/iframe><\/p>\n<p>Connu comme ancien footballeur, St\u00e9phane Le Foll, ministre de l&rsquo;agriculture, nous apprend qu&rsquo;il a aussi \u00e9t\u00e9 handballeur.<br \/>\n<iframe loading=\"lazy\" id=\"hearthis_at_track_1247432\" src=\"https:\/\/hearthis.at\/embed\/1247432\/transparent_black\/?hcolor=&amp;color=&amp;style=2&amp;block_size=2&amp;block_space=1&amp;background=1&amp;waveform=0&amp;cover=0&amp;autoplay=0&amp;css=\" width=\"100%\" height=\"150\" frameborder=\"0\" scrolling=\"no\"><\/iframe><\/p>\n<p>Maitre de c\u00e9r\u00e9monie, G\u00e9rard Galpin, maire de Sill\u00e9 le Guillaume, nous confie qu&rsquo;il a aussi jou\u00e9 au Hand-Ball. Un nouveau poster g\u00e9ant figurera en ville en hommage \u00e0 Manon.<\/p>\n<p><iframe loading=\"lazy\" id=\"hearthis_at_track_1247431\" src=\"https:\/\/hearthis.at\/embed\/1247431\/transparent_black\/?hcolor=&amp;color=&amp;style=2&amp;block_size=2&amp;block_space=1&amp;background=1&amp;waveform=0&amp;cover=0&amp;autoplay=0&amp;css=\" width=\"100%\" height=\"150\" frameborder=\"0\" scrolling=\"no\"><\/iframe><\/p>\n<p>Dominique Le Mener, pr\u00e9sident du Conseil D\u00e9partemental, \u00e9voque la place du sport dans le d\u00e9partement et le travail fait sur le terrain pour le promouvoir sous ses diverses formes.<br \/>\n<iframe loading=\"lazy\" id=\"hearthis_at_track_1247429\" src=\"https:\/\/hearthis.at\/embed\/1247429\/transparent_black\/?hcolor=&amp;color=&amp;style=2&amp;block_size=2&amp;block_space=1&amp;background=1&amp;waveform=0&amp;cover=0&amp;autoplay=0&amp;css=\" width=\"100%\" height=\"150\" frameborder=\"0\" scrolling=\"no\"><\/iframe><\/p>\n<p>Thierry Houette, le p\u00e8re de Manon nous dit comment il a v\u00e9cu ces JO et nous parle de la personnalit\u00e9 de Manon<br \/>\n<iframe loading=\"lazy\" id=\"hearthis_at_track_1247428\" src=\"https:\/\/hearthis.at\/embed\/1247428\/transparent_black\/?hcolor=&amp;color=&amp;style=2&amp;block_size=2&amp;block_space=1&amp;background=1&amp;waveform=0&amp;cover=0&amp;autoplay=0&amp;css=\" width=\"100%\" height=\"150\" frameborder=\"0\" scrolling=\"no\"><\/iframe><\/p>\n<p>Si il y a de si bonnes \u00e9quipes nationales en Hand-Ball, c&rsquo;est gr\u00e2ce aussi au travail men\u00e9 par les clubs partout sur le territoire et \u00e0 un bon travail de rep\u00e9rage de la f\u00e9d\u00e9ration. C&rsquo;est ce qu&rsquo;explique St\u00e9phane F\u00e9vrier, pr\u00e9sident du Handball-club de Sill\u00e9 qui regroupe plus de 160 joueurs.<br \/>\n<iframe loading=\"lazy\" id=\"hearthis_at_track_1247427\" src=\"https:\/\/hearthis.at\/embed\/1247427\/transparent_black\/?hcolor=&amp;color=&amp;style=2&amp;block_size=2&amp;block_space=1&amp;background=1&amp;waveform=0&amp;cover=0&amp;autoplay=0&amp;css=\" width=\"100%\" height=\"150\" frameborder=\"0\" scrolling=\"no\"><\/iframe><\/p>\n<p>Ce que vous ne retrouverez pas en diffusion sur nos ondes radio, mais que nous vous offrons ici en bonus pour revivre ou d\u00e9couvrir ce qui s&rsquo;est pass\u00e9 ce soir exceptionnel.<br \/>\n<iframe loading=\"lazy\" id=\"hearthis_at_track_1247426\" src=\"https:\/\/hearthis.at\/embed\/1247426\/transparent_black\/?hcolor=&amp;color=&amp;style=2&amp;block_size=2&amp;block_space=1&amp;background=1&amp;waveform=0&amp;cover=0&amp;autoplay=0&amp;css=\" width=\"100%\" height=\"150\" frameborder=\"0\" scrolling=\"no\"><\/iframe><\/p>\n","protected":false},"excerpt":{"rendered":"<p>Manon Houette avec sa m\u00e9daille d&rsquo;argent salu\u00e9e par les sill\u00e9ens Originaire de Sill\u00e9 le Guillaume, Manon Houette a \u00e9t\u00e9 une actrice percutante de la remarquable \u00e9pop\u00e9e des handballeuses fran\u00e7aises aux&hellip;<\/p>\n","protected":false},"author":1,"featured_media":0,"parent":3219,"menu_order":162,"comment_status":"closed","ping_status":"closed","template":"","meta":{"footnotes":""},"class_list":["post-392","page","type-page","status-publish","hentry","no-post-thumbnail"],"yoast_head":"<!-- This site is optimized with the Yoast SEO plugin v27.3 - https:\/\/yoast.com\/product\/yoast-seo-wordpress\/ -->\n<title>Manon Houette en Argent ! - Fr\u00e9quence Sill\u00e9<\/title>\n<meta name=\"robots\" content=\"index, follow, max-snippet:-1, max-image-preview:large, max-video-preview:-1\" \/>\n<link rel=\"canonical\" href=\"https:\/\/frequence-sille.org\/newsite\/les-evenements\/archives\/enquete-didentite-le-tour-du-monde-velo\/\" \/>\n<meta property=\"og:locale\" content=\"fr_FR\" \/>\n<meta property=\"og:type\" content=\"article\" \/>\n<meta property=\"og:title\" content=\"Manon Houette en Argent ! - Fr\u00e9quence Sill\u00e9\" \/>\n<meta property=\"og:description\" content=\"Manon Houette avec sa m\u00e9daille d&rsquo;argent salu\u00e9e par les sill\u00e9ens Originaire de Sill\u00e9 le Guillaume, Manon Houette a \u00e9t\u00e9 une actrice percutante de la remarquable \u00e9pop\u00e9e des handballeuses fran\u00e7aises aux&hellip;\" \/>\n<meta property=\"og:url\" content=\"https:\/\/frequence-sille.org\/newsite\/les-evenements\/archives\/enquete-didentite-le-tour-du-monde-velo\/\" \/>\n<meta property=\"og:site_name\" content=\"Fr\u00e9quence Sill\u00e9\" \/>\n<meta property=\"article:publisher\" content=\"https:\/\/www.facebook.com\/frequencesille979fm\" \/>\n<meta property=\"article:modified_time\" content=\"2022-12-06T15:39:22+00:00\" \/>\n<meta property=\"og:image\" content=\"http:\/\/frequence-sille.org\/newsite\/wp-content\/uploads\/2016\/07\/freqsillemanon-avec-medaille-seule-225x300.jpg\" \/>\n<meta name=\"twitter:card\" content=\"summary_large_image\" \/>\n<meta name=\"twitter:site\" content=\"@freqsille979\" \/>\n<meta name=\"twitter:label1\" content=\"Dur\u00e9e de lecture estim\u00e9e\" \/>\n\t<meta name=\"twitter:data1\" content=\"2 minutes\" \/>\n<script type=\"application\/ld+json\" class=\"yoast-schema-graph\">{\"@context\":\"https:\\\/\\\/schema.org\",\"@graph\":[{\"@type\":\"WebPage\",\"@id\":\"https:\\\/\\\/frequence-sille.org\\\/newsite\\\/les-evenements\\\/archives\\\/enquete-didentite-le-tour-du-monde-velo\\\/\",\"url\":\"https:\\\/\\\/frequence-sille.org\\\/newsite\\\/les-evenements\\\/archives\\\/enquete-didentite-le-tour-du-monde-velo\\\/\",\"name\":\"Manon Houette en Argent ! - Fr\u00e9quence Sill\u00e9\",\"isPartOf\":{\"@id\":\"https:\\\/\\\/frequence-sille.org\\\/newsite\\\/#website\"},\"primaryImageOfPage\":{\"@id\":\"https:\\\/\\\/frequence-sille.org\\\/newsite\\\/les-evenements\\\/archives\\\/enquete-didentite-le-tour-du-monde-velo\\\/#primaryimage\"},\"image\":{\"@id\":\"https:\\\/\\\/frequence-sille.org\\\/newsite\\\/les-evenements\\\/archives\\\/enquete-didentite-le-tour-du-monde-velo\\\/#primaryimage\"},\"thumbnailUrl\":\"http:\\\/\\\/frequence-sille.org\\\/newsite\\\/wp-content\\\/uploads\\\/2016\\\/07\\\/freqsillemanon-avec-medaille-seule-225x300.jpg\",\"datePublished\":\"2016-07-29T09:13:07+00:00\",\"dateModified\":\"2022-12-06T15:39:22+00:00\",\"breadcrumb\":{\"@id\":\"https:\\\/\\\/frequence-sille.org\\\/newsite\\\/les-evenements\\\/archives\\\/enquete-didentite-le-tour-du-monde-velo\\\/#breadcrumb\"},\"inLanguage\":\"fr-FR\",\"potentialAction\":[{\"@type\":\"ReadAction\",\"target\":[\"https:\\\/\\\/frequence-sille.org\\\/newsite\\\/les-evenements\\\/archives\\\/enquete-didentite-le-tour-du-monde-velo\\\/\"]}]},{\"@type\":\"ImageObject\",\"inLanguage\":\"fr-FR\",\"@id\":\"https:\\\/\\\/frequence-sille.org\\\/newsite\\\/les-evenements\\\/archives\\\/enquete-didentite-le-tour-du-monde-velo\\\/#primaryimage\",\"url\":\"https:\\\/\\\/frequence-sille.org\\\/newsite\\\/wp-content\\\/uploads\\\/2016\\\/07\\\/freqsillemanon-avec-medaille-seule.jpg\",\"contentUrl\":\"https:\\\/\\\/frequence-sille.org\\\/newsite\\\/wp-content\\\/uploads\\\/2016\\\/07\\\/freqsillemanon-avec-medaille-seule.jpg\",\"width\":768,\"height\":1024},{\"@type\":\"BreadcrumbList\",\"@id\":\"https:\\\/\\\/frequence-sille.org\\\/newsite\\\/les-evenements\\\/archives\\\/enquete-didentite-le-tour-du-monde-velo\\\/#breadcrumb\",\"itemListElement\":[{\"@type\":\"ListItem\",\"position\":1,\"name\":\"Accueil\",\"item\":\"https:\\\/\\\/frequence-sille.org\\\/newsite\\\/\"},{\"@type\":\"ListItem\",\"position\":2,\"name\":\"Les \u00e9v\u00e9nements\",\"item\":\"https:\\\/\\\/frequence-sille.org\\\/newsite\\\/les-evenements\\\/\"},{\"@type\":\"ListItem\",\"position\":3,\"name\":\"Archives 2016\",\"item\":\"https:\\\/\\\/frequence-sille.org\\\/newsite\\\/les-evenements\\\/archives\\\/\"},{\"@type\":\"ListItem\",\"position\":4,\"name\":\"Manon Houette en Argent !\"}]},{\"@type\":\"WebSite\",\"@id\":\"https:\\\/\\\/frequence-sille.org\\\/newsite\\\/#website\",\"url\":\"https:\\\/\\\/frequence-sille.org\\\/newsite\\\/\",\"name\":\"Fr\u00e9quence Sill\u00e9\",\"description\":\"Bien plus qu&#039;une radio...votre radio !\",\"publisher\":{\"@id\":\"https:\\\/\\\/frequence-sille.org\\\/newsite\\\/#organization\"},\"potentialAction\":[{\"@type\":\"SearchAction\",\"target\":{\"@type\":\"EntryPoint\",\"urlTemplate\":\"https:\\\/\\\/frequence-sille.org\\\/newsite\\\/?s={search_term_string}\"},\"query-input\":{\"@type\":\"PropertyValueSpecification\",\"valueRequired\":true,\"valueName\":\"search_term_string\"}}],\"inLanguage\":\"fr-FR\"},{\"@type\":\"Organization\",\"@id\":\"https:\\\/\\\/frequence-sille.org\\\/newsite\\\/#organization\",\"name\":\"Fr\u00e9quence Sill\u00e9\",\"url\":\"https:\\\/\\\/frequence-sille.org\\\/newsite\\\/\",\"logo\":{\"@type\":\"ImageObject\",\"inLanguage\":\"fr-FR\",\"@id\":\"https:\\\/\\\/frequence-sille.org\\\/newsite\\\/#\\\/schema\\\/logo\\\/image\\\/\",\"url\":\"https:\\\/\\\/frequence-sille.org\\\/newsite\\\/wp-content\\\/uploads\\\/2023\\\/07\\\/LOGO_979_NOIR.png\",\"contentUrl\":\"https:\\\/\\\/frequence-sille.org\\\/newsite\\\/wp-content\\\/uploads\\\/2023\\\/07\\\/LOGO_979_NOIR.png\",\"width\":7680,\"height\":4320,\"caption\":\"Fr\u00e9quence Sill\u00e9\"},\"image\":{\"@id\":\"https:\\\/\\\/frequence-sille.org\\\/newsite\\\/#\\\/schema\\\/logo\\\/image\\\/\"},\"sameAs\":[\"https:\\\/\\\/www.facebook.com\\\/frequencesille979fm\",\"https:\\\/\\\/x.com\\\/freqsille979\",\"https:\\\/\\\/www.instagram.com\\\/frequencesille\\\/\"]}]}<\/script>\n<!-- \/ Yoast SEO plugin. -->","yoast_head_json":{"title":"Manon Houette en Argent ! - Fr\u00e9quence Sill\u00e9","robots":{"index":"index","follow":"follow","max-snippet":"max-snippet:-1","max-image-preview":"max-image-preview:large","max-video-preview":"max-video-preview:-1"},"canonical":"https:\/\/frequence-sille.org\/newsite\/les-evenements\/archives\/enquete-didentite-le-tour-du-monde-velo\/","og_locale":"fr_FR","og_type":"article","og_title":"Manon Houette en Argent ! - Fr\u00e9quence Sill\u00e9","og_description":"Manon Houette avec sa m\u00e9daille d&rsquo;argent salu\u00e9e par les sill\u00e9ens Originaire de Sill\u00e9 le Guillaume, Manon Houette a \u00e9t\u00e9 une actrice percutante de la remarquable \u00e9pop\u00e9e des handballeuses fran\u00e7aises aux&hellip;","og_url":"https:\/\/frequence-sille.org\/newsite\/les-evenements\/archives\/enquete-didentite-le-tour-du-monde-velo\/","og_site_name":"Fr\u00e9quence Sill\u00e9","article_publisher":"https:\/\/www.facebook.com\/frequencesille979fm","article_modified_time":"2022-12-06T15:39:22+00:00","og_image":[{"url":"http:\/\/frequence-sille.org\/newsite\/wp-content\/uploads\/2016\/07\/freqsillemanon-avec-medaille-seule-225x300.jpg","type":"","width":"","height":""}],"twitter_card":"summary_large_image","twitter_site":"@freqsille979","twitter_misc":{"Dur\u00e9e de lecture estim\u00e9e":"2 minutes"},"schema":{"@context":"https:\/\/schema.org","@graph":[{"@type":"WebPage","@id":"https:\/\/frequence-sille.org\/newsite\/les-evenements\/archives\/enquete-didentite-le-tour-du-monde-velo\/","url":"https:\/\/frequence-sille.org\/newsite\/les-evenements\/archives\/enquete-didentite-le-tour-du-monde-velo\/","name":"Manon Houette en Argent ! - Fr\u00e9quence Sill\u00e9","isPartOf":{"@id":"https:\/\/frequence-sille.org\/newsite\/#website"},"primaryImageOfPage":{"@id":"https:\/\/frequence-sille.org\/newsite\/les-evenements\/archives\/enquete-didentite-le-tour-du-monde-velo\/#primaryimage"},"image":{"@id":"https:\/\/frequence-sille.org\/newsite\/les-evenements\/archives\/enquete-didentite-le-tour-du-monde-velo\/#primaryimage"},"thumbnailUrl":"http:\/\/frequence-sille.org\/newsite\/wp-content\/uploads\/2016\/07\/freqsillemanon-avec-medaille-seule-225x300.jpg","datePublished":"2016-07-29T09:13:07+00:00","dateModified":"2022-12-06T15:39:22+00:00","breadcrumb":{"@id":"https:\/\/frequence-sille.org\/newsite\/les-evenements\/archives\/enquete-didentite-le-tour-du-monde-velo\/#breadcrumb"},"inLanguage":"fr-FR","potentialAction":[{"@type":"ReadAction","target":["https:\/\/frequence-sille.org\/newsite\/les-evenements\/archives\/enquete-didentite-le-tour-du-monde-velo\/"]}]},{"@type":"ImageObject","inLanguage":"fr-FR","@id":"https:\/\/frequence-sille.org\/newsite\/les-evenements\/archives\/enquete-didentite-le-tour-du-monde-velo\/#primaryimage","url":"https:\/\/frequence-sille.org\/newsite\/wp-content\/uploads\/2016\/07\/freqsillemanon-avec-medaille-seule.jpg","contentUrl":"https:\/\/frequence-sille.org\/newsite\/wp-content\/uploads\/2016\/07\/freqsillemanon-avec-medaille-seule.jpg","width":768,"height":1024},{"@type":"BreadcrumbList","@id":"https:\/\/frequence-sille.org\/newsite\/les-evenements\/archives\/enquete-didentite-le-tour-du-monde-velo\/#breadcrumb","itemListElement":[{"@type":"ListItem","position":1,"name":"Accueil","item":"https:\/\/frequence-sille.org\/newsite\/"},{"@type":"ListItem","position":2,"name":"Les \u00e9v\u00e9nements","item":"https:\/\/frequence-sille.org\/newsite\/les-evenements\/"},{"@type":"ListItem","position":3,"name":"Archives 2016","item":"https:\/\/frequence-sille.org\/newsite\/les-evenements\/archives\/"},{"@type":"ListItem","position":4,"name":"Manon Houette en Argent !"}]},{"@type":"WebSite","@id":"https:\/\/frequence-sille.org\/newsite\/#website","url":"https:\/\/frequence-sille.org\/newsite\/","name":"Fr\u00e9quence Sill\u00e9","description":"Bien plus qu&#039;une radio...votre radio !","publisher":{"@id":"https:\/\/frequence-sille.org\/newsite\/#organization"},"potentialAction":[{"@type":"SearchAction","target":{"@type":"EntryPoint","urlTemplate":"https:\/\/frequence-sille.org\/newsite\/?s={search_term_string}"},"query-input":{"@type":"PropertyValueSpecification","valueRequired":true,"valueName":"search_term_string"}}],"inLanguage":"fr-FR"},{"@type":"Organization","@id":"https:\/\/frequence-sille.org\/newsite\/#organization","name":"Fr\u00e9quence Sill\u00e9","url":"https:\/\/frequence-sille.org\/newsite\/","logo":{"@type":"ImageObject","inLanguage":"fr-FR","@id":"https:\/\/frequence-sille.org\/newsite\/#\/schema\/logo\/image\/","url":"https:\/\/frequence-sille.org\/newsite\/wp-content\/uploads\/2023\/07\/LOGO_979_NOIR.png","contentUrl":"https:\/\/frequence-sille.org\/newsite\/wp-content\/uploads\/2023\/07\/LOGO_979_NOIR.png","width":7680,"height":4320,"caption":"Fr\u00e9quence Sill\u00e9"},"image":{"@id":"https:\/\/frequence-sille.org\/newsite\/#\/schema\/logo\/image\/"},"sameAs":["https:\/\/www.facebook.com\/frequencesille979fm","https:\/\/x.com\/freqsille979","https:\/\/www.instagram.com\/frequencesille\/"]}]}},"_links":{"self":[{"href":"https:\/\/frequence-sille.org\/newsite\/wp-json\/wp\/v2\/pages\/392","targetHints":{"allow":["GET"]}}],"collection":[{"href":"https:\/\/frequence-sille.org\/newsite\/wp-json\/wp\/v2\/pages"}],"about":[{"href":"https:\/\/frequence-sille.org\/newsite\/wp-json\/wp\/v2\/types\/page"}],"author":[{"embeddable":true,"href":"https:\/\/frequence-sille.org\/newsite\/wp-json\/wp\/v2\/users\/1"}],"replies":[{"embeddable":true,"href":"https:\/\/frequence-sille.org\/newsite\/wp-json\/wp\/v2\/comments?post=392"}],"version-history":[{"count":22,"href":"https:\/\/frequence-sille.org\/newsite\/wp-json\/wp\/v2\/pages\/392\/revisions"}],"predecessor-version":[{"id":10370,"href":"https:\/\/frequence-sille.org\/newsite\/wp-json\/wp\/v2\/pages\/392\/revisions\/10370"}],"up":[{"embeddable":true,"href":"https:\/\/frequence-sille.org\/newsite\/wp-json\/wp\/v2\/pages\/3219"}],"wp:attachment":[{"href":"https:\/\/frequence-sille.org\/newsite\/wp-json\/wp\/v2\/media?parent=392"}],"curies":[{"name":"wp","href":"https:\/\/api.w.org\/{rel}","templated":true}]}}