{"id":4006,"date":"2018-03-16T09:04:30","date_gmt":"2018-03-16T08:04:30","guid":{"rendered":"http:\/\/frequence-sille.org\/newsite\/?page_id=4006"},"modified":"2021-09-08T17:38:38","modified_gmt":"2021-09-08T16:38:38","slug":"printemps-des-poetes-2018","status":"publish","type":"page","link":"https:\/\/frequence-sille.org\/newsite\/les-evenements\/printemps-des-poetes-2018\/","title":{"rendered":"Printemps des po\u00e8tes 2018"},"content":{"rendered":"<p><img loading=\"lazy\" decoding=\"async\" class=\"size-full wp-image-4049 aligncenter\" src=\"http:\/\/frequence-sille.org\/newsite\/wp-content\/uploads\/2018\/03\/AFFICHE-L-ARDEUR-PDP-LOGO-final1.jpg\" alt=\"\" width=\"565\" height=\"840\" srcset=\"https:\/\/frequence-sille.org\/newsite\/wp-content\/uploads\/2018\/03\/AFFICHE-L-ARDEUR-PDP-LOGO-final1.jpg 565w, https:\/\/frequence-sille.org\/newsite\/wp-content\/uploads\/2018\/03\/AFFICHE-L-ARDEUR-PDP-LOGO-final1-202x300.jpg 202w\" sizes=\"auto, (max-width: 565px) 100vw, 565px\" \/><\/p>\n<p>&nbsp;<\/p>\n<p><iframe loading=\"lazy\" id=\"hearthis_at_user_88467-8445500\" src=\"https:\/\/hearthis.at\/set\/88467-8445500\/embed\/\" width=\"100%\" height=\"350\" frameborder=\"0\" scrolling=\"no\"><\/iframe><\/p>\n","protected":false},"excerpt":{"rendered":"<p>&nbsp;<\/p>\n","protected":false},"author":1,"featured_media":0,"parent":30,"menu_order":140,"comment_status":"closed","ping_status":"closed","template":"","meta":{"footnotes":""},"class_list":["post-4006","page","type-page","status-publish","hentry","no-post-thumbnail"],"yoast_head":"<!-- This site is optimized with the Yoast SEO plugin v27.3 - https:\/\/yoast.com\/product\/yoast-seo-wordpress\/ -->\n<title>Printemps des po\u00e8tes 2018 - Fr\u00e9quence Sill\u00e9<\/title>\n<meta name=\"robots\" content=\"index, follow, max-snippet:-1, max-image-preview:large, max-video-preview:-1\" \/>\n<link rel=\"canonical\" href=\"https:\/\/frequence-sille.org\/newsite\/les-evenements\/printemps-des-poetes-2018\/\" \/>\n<meta property=\"og:locale\" content=\"fr_FR\" \/>\n<meta property=\"og:type\" content=\"article\" \/>\n<meta property=\"og:title\" content=\"Printemps des po\u00e8tes 2018 - Fr\u00e9quence Sill\u00e9\" \/>\n<meta property=\"og:description\" content=\"&nbsp;\" \/>\n<meta property=\"og:url\" content=\"https:\/\/frequence-sille.org\/newsite\/les-evenements\/printemps-des-poetes-2018\/\" \/>\n<meta property=\"og:site_name\" content=\"Fr\u00e9quence Sill\u00e9\" \/>\n<meta property=\"article:publisher\" content=\"https:\/\/www.facebook.com\/frequencesille979fm\" \/>\n<meta property=\"article:modified_time\" content=\"2021-09-08T16:38:38+00:00\" \/>\n<meta property=\"og:image\" content=\"http:\/\/frequence-sille.org\/newsite\/wp-content\/uploads\/2018\/03\/AFFICHE-L-ARDEUR-PDP-LOGO-final1.jpg\" \/>\n<meta name=\"twitter:card\" content=\"summary_large_image\" \/>\n<meta name=\"twitter:site\" content=\"@freqsille979\" \/>\n<script type=\"application\/ld+json\" class=\"yoast-schema-graph\">{\"@context\":\"https:\\\/\\\/schema.org\",\"@graph\":[{\"@type\":\"WebPage\",\"@id\":\"https:\\\/\\\/frequence-sille.org\\\/newsite\\\/les-evenements\\\/printemps-des-poetes-2018\\\/\",\"url\":\"https:\\\/\\\/frequence-sille.org\\\/newsite\\\/les-evenements\\\/printemps-des-poetes-2018\\\/\",\"name\":\"Printemps des po\u00e8tes 2018 - Fr\u00e9quence Sill\u00e9\",\"isPartOf\":{\"@id\":\"https:\\\/\\\/frequence-sille.org\\\/newsite\\\/#website\"},\"primaryImageOfPage\":{\"@id\":\"https:\\\/\\\/frequence-sille.org\\\/newsite\\\/les-evenements\\\/printemps-des-poetes-2018\\\/#primaryimage\"},\"image\":{\"@id\":\"https:\\\/\\\/frequence-sille.org\\\/newsite\\\/les-evenements\\\/printemps-des-poetes-2018\\\/#primaryimage\"},\"thumbnailUrl\":\"http:\\\/\\\/frequence-sille.org\\\/newsite\\\/wp-content\\\/uploads\\\/2018\\\/03\\\/AFFICHE-L-ARDEUR-PDP-LOGO-final1.jpg\",\"datePublished\":\"2018-03-16T08:04:30+00:00\",\"dateModified\":\"2021-09-08T16:38:38+00:00\",\"breadcrumb\":{\"@id\":\"https:\\\/\\\/frequence-sille.org\\\/newsite\\\/les-evenements\\\/printemps-des-poetes-2018\\\/#breadcrumb\"},\"inLanguage\":\"fr-FR\",\"potentialAction\":[{\"@type\":\"ReadAction\",\"target\":[\"https:\\\/\\\/frequence-sille.org\\\/newsite\\\/les-evenements\\\/printemps-des-poetes-2018\\\/\"]}]},{\"@type\":\"ImageObject\",\"inLanguage\":\"fr-FR\",\"@id\":\"https:\\\/\\\/frequence-sille.org\\\/newsite\\\/les-evenements\\\/printemps-des-poetes-2018\\\/#primaryimage\",\"url\":\"https:\\\/\\\/frequence-sille.org\\\/newsite\\\/wp-content\\\/uploads\\\/2018\\\/03\\\/AFFICHE-L-ARDEUR-PDP-LOGO-final1.jpg\",\"contentUrl\":\"https:\\\/\\\/frequence-sille.org\\\/newsite\\\/wp-content\\\/uploads\\\/2018\\\/03\\\/AFFICHE-L-ARDEUR-PDP-LOGO-final1.jpg\",\"width\":565,\"height\":840},{\"@type\":\"BreadcrumbList\",\"@id\":\"https:\\\/\\\/frequence-sille.org\\\/newsite\\\/les-evenements\\\/printemps-des-poetes-2018\\\/#breadcrumb\",\"itemListElement\":[{\"@type\":\"ListItem\",\"position\":1,\"name\":\"Accueil\",\"item\":\"https:\\\/\\\/frequence-sille.org\\\/newsite\\\/\"},{\"@type\":\"ListItem\",\"position\":2,\"name\":\"Les \u00e9v\u00e9nements\",\"item\":\"https:\\\/\\\/frequence-sille.org\\\/newsite\\\/les-evenements\\\/\"},{\"@type\":\"ListItem\",\"position\":3,\"name\":\"Printemps des po\u00e8tes 2018\"}]},{\"@type\":\"WebSite\",\"@id\":\"https:\\\/\\\/frequence-sille.org\\\/newsite\\\/#website\",\"url\":\"https:\\\/\\\/frequence-sille.org\\\/newsite\\\/\",\"name\":\"Fr\u00e9quence Sill\u00e9\",\"description\":\"Bien plus qu&#039;une radio...votre radio !\",\"publisher\":{\"@id\":\"https:\\\/\\\/frequence-sille.org\\\/newsite\\\/#organization\"},\"potentialAction\":[{\"@type\":\"SearchAction\",\"target\":{\"@type\":\"EntryPoint\",\"urlTemplate\":\"https:\\\/\\\/frequence-sille.org\\\/newsite\\\/?s={search_term_string}\"},\"query-input\":{\"@type\":\"PropertyValueSpecification\",\"valueRequired\":true,\"valueName\":\"search_term_string\"}}],\"inLanguage\":\"fr-FR\"},{\"@type\":\"Organization\",\"@id\":\"https:\\\/\\\/frequence-sille.org\\\/newsite\\\/#organization\",\"name\":\"Fr\u00e9quence Sill\u00e9\",\"url\":\"https:\\\/\\\/frequence-sille.org\\\/newsite\\\/\",\"logo\":{\"@type\":\"ImageObject\",\"inLanguage\":\"fr-FR\",\"@id\":\"https:\\\/\\\/frequence-sille.org\\\/newsite\\\/#\\\/schema\\\/logo\\\/image\\\/\",\"url\":\"https:\\\/\\\/frequence-sille.org\\\/newsite\\\/wp-content\\\/uploads\\\/2023\\\/07\\\/LOGO_979_NOIR.png\",\"contentUrl\":\"https:\\\/\\\/frequence-sille.org\\\/newsite\\\/wp-content\\\/uploads\\\/2023\\\/07\\\/LOGO_979_NOIR.png\",\"width\":7680,\"height\":4320,\"caption\":\"Fr\u00e9quence Sill\u00e9\"},\"image\":{\"@id\":\"https:\\\/\\\/frequence-sille.org\\\/newsite\\\/#\\\/schema\\\/logo\\\/image\\\/\"},\"sameAs\":[\"https:\\\/\\\/www.facebook.com\\\/frequencesille979fm\",\"https:\\\/\\\/x.com\\\/freqsille979\",\"https:\\\/\\\/www.instagram.com\\\/frequencesille\\\/\"]}]}<\/script>\n<!-- \/ Yoast SEO plugin. -->","yoast_head_json":{"title":"Printemps des po\u00e8tes 2018 - Fr\u00e9quence Sill\u00e9","robots":{"index":"index","follow":"follow","max-snippet":"max-snippet:-1","max-image-preview":"max-image-preview:large","max-video-preview":"max-video-preview:-1"},"canonical":"https:\/\/frequence-sille.org\/newsite\/les-evenements\/printemps-des-poetes-2018\/","og_locale":"fr_FR","og_type":"article","og_title":"Printemps des po\u00e8tes 2018 - Fr\u00e9quence Sill\u00e9","og_description":"&nbsp;","og_url":"https:\/\/frequence-sille.org\/newsite\/les-evenements\/printemps-des-poetes-2018\/","og_site_name":"Fr\u00e9quence Sill\u00e9","article_publisher":"https:\/\/www.facebook.com\/frequencesille979fm","article_modified_time":"2021-09-08T16:38:38+00:00","og_image":[{"url":"http:\/\/frequence-sille.org\/newsite\/wp-content\/uploads\/2018\/03\/AFFICHE-L-ARDEUR-PDP-LOGO-final1.jpg","type":"","width":"","height":""}],"twitter_card":"summary_large_image","twitter_site":"@freqsille979","schema":{"@context":"https:\/\/schema.org","@graph":[{"@type":"WebPage","@id":"https:\/\/frequence-sille.org\/newsite\/les-evenements\/printemps-des-poetes-2018\/","url":"https:\/\/frequence-sille.org\/newsite\/les-evenements\/printemps-des-poetes-2018\/","name":"Printemps des po\u00e8tes 2018 - Fr\u00e9quence Sill\u00e9","isPartOf":{"@id":"https:\/\/frequence-sille.org\/newsite\/#website"},"primaryImageOfPage":{"@id":"https:\/\/frequence-sille.org\/newsite\/les-evenements\/printemps-des-poetes-2018\/#primaryimage"},"image":{"@id":"https:\/\/frequence-sille.org\/newsite\/les-evenements\/printemps-des-poetes-2018\/#primaryimage"},"thumbnailUrl":"http:\/\/frequence-sille.org\/newsite\/wp-content\/uploads\/2018\/03\/AFFICHE-L-ARDEUR-PDP-LOGO-final1.jpg","datePublished":"2018-03-16T08:04:30+00:00","dateModified":"2021-09-08T16:38:38+00:00","breadcrumb":{"@id":"https:\/\/frequence-sille.org\/newsite\/les-evenements\/printemps-des-poetes-2018\/#breadcrumb"},"inLanguage":"fr-FR","potentialAction":[{"@type":"ReadAction","target":["https:\/\/frequence-sille.org\/newsite\/les-evenements\/printemps-des-poetes-2018\/"]}]},{"@type":"ImageObject","inLanguage":"fr-FR","@id":"https:\/\/frequence-sille.org\/newsite\/les-evenements\/printemps-des-poetes-2018\/#primaryimage","url":"https:\/\/frequence-sille.org\/newsite\/wp-content\/uploads\/2018\/03\/AFFICHE-L-ARDEUR-PDP-LOGO-final1.jpg","contentUrl":"https:\/\/frequence-sille.org\/newsite\/wp-content\/uploads\/2018\/03\/AFFICHE-L-ARDEUR-PDP-LOGO-final1.jpg","width":565,"height":840},{"@type":"BreadcrumbList","@id":"https:\/\/frequence-sille.org\/newsite\/les-evenements\/printemps-des-poetes-2018\/#breadcrumb","itemListElement":[{"@type":"ListItem","position":1,"name":"Accueil","item":"https:\/\/frequence-sille.org\/newsite\/"},{"@type":"ListItem","position":2,"name":"Les \u00e9v\u00e9nements","item":"https:\/\/frequence-sille.org\/newsite\/les-evenements\/"},{"@type":"ListItem","position":3,"name":"Printemps des po\u00e8tes 2018"}]},{"@type":"WebSite","@id":"https:\/\/frequence-sille.org\/newsite\/#website","url":"https:\/\/frequence-sille.org\/newsite\/","name":"Fr\u00e9quence Sill\u00e9","description":"Bien plus qu&#039;une radio...votre radio !","publisher":{"@id":"https:\/\/frequence-sille.org\/newsite\/#organization"},"potentialAction":[{"@type":"SearchAction","target":{"@type":"EntryPoint","urlTemplate":"https:\/\/frequence-sille.org\/newsite\/?s={search_term_string}"},"query-input":{"@type":"PropertyValueSpecification","valueRequired":true,"valueName":"search_term_string"}}],"inLanguage":"fr-FR"},{"@type":"Organization","@id":"https:\/\/frequence-sille.org\/newsite\/#organization","name":"Fr\u00e9quence Sill\u00e9","url":"https:\/\/frequence-sille.org\/newsite\/","logo":{"@type":"ImageObject","inLanguage":"fr-FR","@id":"https:\/\/frequence-sille.org\/newsite\/#\/schema\/logo\/image\/","url":"https:\/\/frequence-sille.org\/newsite\/wp-content\/uploads\/2023\/07\/LOGO_979_NOIR.png","contentUrl":"https:\/\/frequence-sille.org\/newsite\/wp-content\/uploads\/2023\/07\/LOGO_979_NOIR.png","width":7680,"height":4320,"caption":"Fr\u00e9quence Sill\u00e9"},"image":{"@id":"https:\/\/frequence-sille.org\/newsite\/#\/schema\/logo\/image\/"},"sameAs":["https:\/\/www.facebook.com\/frequencesille979fm","https:\/\/x.com\/freqsille979","https:\/\/www.instagram.com\/frequencesille\/"]}]}},"_links":{"self":[{"href":"https:\/\/frequence-sille.org\/newsite\/wp-json\/wp\/v2\/pages\/4006","targetHints":{"allow":["GET"]}}],"collection":[{"href":"https:\/\/frequence-sille.org\/newsite\/wp-json\/wp\/v2\/pages"}],"about":[{"href":"https:\/\/frequence-sille.org\/newsite\/wp-json\/wp\/v2\/types\/page"}],"author":[{"embeddable":true,"href":"https:\/\/frequence-sille.org\/newsite\/wp-json\/wp\/v2\/users\/1"}],"replies":[{"embeddable":true,"href":"https:\/\/frequence-sille.org\/newsite\/wp-json\/wp\/v2\/comments?post=4006"}],"version-history":[{"count":5,"href":"https:\/\/frequence-sille.org\/newsite\/wp-json\/wp\/v2\/pages\/4006\/revisions"}],"predecessor-version":[{"id":10548,"href":"https:\/\/frequence-sille.org\/newsite\/wp-json\/wp\/v2\/pages\/4006\/revisions\/10548"}],"up":[{"embeddable":true,"href":"https:\/\/frequence-sille.org\/newsite\/wp-json\/wp\/v2\/pages\/30"}],"wp:attachment":[{"href":"https:\/\/frequence-sille.org\/newsite\/wp-json\/wp\/v2\/media?parent=4006"}],"curies":[{"name":"wp","href":"https:\/\/api.w.org\/{rel}","templated":true}]}}