{"id":422,"date":"2016-07-29T13:28:25","date_gmt":"2016-07-29T12:28:25","guid":{"rendered":"http:\/\/frequence-sille.org\/newsite\/?page_id=422"},"modified":"2022-11-21T13:46:56","modified_gmt":"2022-11-21T12:46:56","slug":"vivre-ensemble","status":"publish","type":"page","link":"https:\/\/frequence-sille.org\/newsite\/les-emissions\/archives-emissions\/vivre-ensemble\/","title":{"rendered":"Vivre ensemble"},"content":{"rendered":"\n<p>Rendez-vous tous les mardis&nbsp;\u00e0 partir de &nbsp;15h00 pour votre \u00e9mission \u00ab\u00a0Vivre Ensemble\u00a0\u00bb<\/p>\n\n\n<div class=\"wp-block-image\">\n<figure class=\"alignright\"><img loading=\"lazy\" decoding=\"async\" width=\"287\" height=\"300\" src=\"http:\/\/frequence-sille.org\/newsite\/wp-content\/uploads\/2016\/07\/photo-romain-ordinateur-287x300.jpg\" alt=\"photo romain ordinateur\" class=\"wp-image-437\" srcset=\"https:\/\/frequence-sille.org\/newsite\/wp-content\/uploads\/2016\/07\/photo-romain-ordinateur-287x300.jpg 287w, https:\/\/frequence-sille.org\/newsite\/wp-content\/uploads\/2016\/07\/photo-romain-ordinateur.jpg 768w\" sizes=\"auto, (max-width: 287px) 100vw, 287px\" \/><\/figure>\n<\/div>\n\n\n<p>Une \u00e9mission anim\u00e9e par Romain<\/p>\n\n\n\n<p>Au programme de&nbsp;\u00a0\u00bb&nbsp;Vivre Ensemble\u00a0\u00bb, retrouvez:<\/p>\n\n\n\n<ul class=\"wp-block-list\"><li>Des invit\u00e9s d&rsquo;associations locales<\/li><li>Toute l&rsquo;actualit\u00e9 en rapport avec le monde du Handicap.<\/li><li>On parlera \u00e9galement&nbsp;des relations avec toutes les&nbsp;populations dans leur diversit\u00e9 comme par exemple&nbsp;l&rsquo;accueil de population \u00e9trang\u00e8re sur notre territoire<\/li><\/ul>\n\n\n\n<p>Cette \u00e9mission est rediffus\u00e9e tous les dimanches&nbsp;\u00e0 partir de 14h00.<\/p>\n\n\n\n<p>Retrouvez ici les \u00e9missions Vivre ensemble.<\/p>\n\n\n\n<iframe loading=\"lazy\" scrolling=\"no\" id=\"hearthis_at_user_293481-8445500\" width=\"100%\" height=\"350\" src=\"https:\/\/hearthis.at\/set\/293481-8445500\/embed\/\" frameborder=\"0\" allowtransparency allow=\"autoplay\"><\/iframe>\n","protected":false},"excerpt":{"rendered":"<p>Rendez-vous tous les mardis&nbsp;\u00e0 partir de &nbsp;15h00 pour votre \u00e9mission \u00ab\u00a0Vivre Ensemble\u00a0\u00bb Une \u00e9mission anim\u00e9e par Romain Au programme de&nbsp;\u00a0\u00bb&nbsp;Vivre Ensemble\u00a0\u00bb, retrouvez: Des invit\u00e9s d&rsquo;associations locales Toute l&rsquo;actualit\u00e9 en rapport&hellip;<\/p>\n","protected":false},"author":1,"featured_media":0,"parent":3368,"menu_order":54,"comment_status":"closed","ping_status":"closed","template":"","meta":{"footnotes":""},"class_list":["post-422","page","type-page","status-publish","hentry","no-post-thumbnail"],"yoast_head":"<!-- This site is optimized with the Yoast SEO plugin v27.4 - https:\/\/yoast.com\/product\/yoast-seo-wordpress\/ -->\n<title>Vivre ensemble - Fr\u00e9quence Sill\u00e9<\/title>\n<meta name=\"robots\" content=\"index, follow, max-snippet:-1, max-image-preview:large, max-video-preview:-1\" \/>\n<link rel=\"canonical\" href=\"https:\/\/frequence-sille.org\/newsite\/les-emissions\/archives-emissions\/vivre-ensemble\/\" \/>\n<meta property=\"og:locale\" content=\"fr_FR\" \/>\n<meta property=\"og:type\" content=\"article\" \/>\n<meta property=\"og:title\" content=\"Vivre ensemble - Fr\u00e9quence Sill\u00e9\" \/>\n<meta property=\"og:description\" content=\"Rendez-vous tous les mardis&nbsp;\u00e0 partir de &nbsp;15h00 pour votre \u00e9mission \u00ab\u00a0Vivre Ensemble\u00a0\u00bb Une \u00e9mission anim\u00e9e par Romain Au programme de&nbsp;\u00a0\u00bb&nbsp;Vivre Ensemble\u00a0\u00bb, retrouvez: Des invit\u00e9s d&rsquo;associations locales Toute l&rsquo;actualit\u00e9 en rapport&hellip;\" \/>\n<meta property=\"og:url\" content=\"https:\/\/frequence-sille.org\/newsite\/les-emissions\/archives-emissions\/vivre-ensemble\/\" \/>\n<meta property=\"og:site_name\" content=\"Fr\u00e9quence Sill\u00e9\" \/>\n<meta property=\"article:publisher\" content=\"https:\/\/www.facebook.com\/frequencesille979fm\" \/>\n<meta property=\"article:modified_time\" content=\"2022-11-21T12:46:56+00:00\" \/>\n<meta property=\"og:image\" content=\"http:\/\/frequence-sille.org\/newsite\/wp-content\/uploads\/2016\/07\/photo-romain-ordinateur-287x300.jpg\" \/>\n<meta name=\"twitter:card\" content=\"summary_large_image\" \/>\n<meta name=\"twitter:site\" content=\"@freqsille979\" \/>\n<script type=\"application\/ld+json\" class=\"yoast-schema-graph\">{\"@context\":\"https:\\\/\\\/schema.org\",\"@graph\":[{\"@type\":\"WebPage\",\"@id\":\"https:\\\/\\\/frequence-sille.org\\\/newsite\\\/les-emissions\\\/archives-emissions\\\/vivre-ensemble\\\/\",\"url\":\"https:\\\/\\\/frequence-sille.org\\\/newsite\\\/les-emissions\\\/archives-emissions\\\/vivre-ensemble\\\/\",\"name\":\"Vivre ensemble - Fr\u00e9quence Sill\u00e9\",\"isPartOf\":{\"@id\":\"https:\\\/\\\/frequence-sille.org\\\/newsite\\\/#website\"},\"primaryImageOfPage\":{\"@id\":\"https:\\\/\\\/frequence-sille.org\\\/newsite\\\/les-emissions\\\/archives-emissions\\\/vivre-ensemble\\\/#primaryimage\"},\"image\":{\"@id\":\"https:\\\/\\\/frequence-sille.org\\\/newsite\\\/les-emissions\\\/archives-emissions\\\/vivre-ensemble\\\/#primaryimage\"},\"thumbnailUrl\":\"http:\\\/\\\/frequence-sille.org\\\/newsite\\\/wp-content\\\/uploads\\\/2016\\\/07\\\/photo-romain-ordinateur-287x300.jpg\",\"datePublished\":\"2016-07-29T12:28:25+00:00\",\"dateModified\":\"2022-11-21T12:46:56+00:00\",\"breadcrumb\":{\"@id\":\"https:\\\/\\\/frequence-sille.org\\\/newsite\\\/les-emissions\\\/archives-emissions\\\/vivre-ensemble\\\/#breadcrumb\"},\"inLanguage\":\"fr-FR\",\"potentialAction\":[{\"@type\":\"ReadAction\",\"target\":[\"https:\\\/\\\/frequence-sille.org\\\/newsite\\\/les-emissions\\\/archives-emissions\\\/vivre-ensemble\\\/\"]}]},{\"@type\":\"ImageObject\",\"inLanguage\":\"fr-FR\",\"@id\":\"https:\\\/\\\/frequence-sille.org\\\/newsite\\\/les-emissions\\\/archives-emissions\\\/vivre-ensemble\\\/#primaryimage\",\"url\":\"https:\\\/\\\/frequence-sille.org\\\/newsite\\\/wp-content\\\/uploads\\\/2016\\\/07\\\/photo-romain-ordinateur.jpg\",\"contentUrl\":\"https:\\\/\\\/frequence-sille.org\\\/newsite\\\/wp-content\\\/uploads\\\/2016\\\/07\\\/photo-romain-ordinateur.jpg\",\"width\":768,\"height\":803},{\"@type\":\"BreadcrumbList\",\"@id\":\"https:\\\/\\\/frequence-sille.org\\\/newsite\\\/les-emissions\\\/archives-emissions\\\/vivre-ensemble\\\/#breadcrumb\",\"itemListElement\":[{\"@type\":\"ListItem\",\"position\":1,\"name\":\"Accueil\",\"item\":\"https:\\\/\\\/frequence-sille.org\\\/newsite\\\/\"},{\"@type\":\"ListItem\",\"position\":2,\"name\":\"Les \u00e9missions\",\"item\":\"https:\\\/\\\/frequence-sille.org\\\/newsite\\\/les-emissions\\\/\"},{\"@type\":\"ListItem\",\"position\":3,\"name\":\"Archives \u00e9missions\",\"item\":\"https:\\\/\\\/frequence-sille.org\\\/newsite\\\/les-emissions\\\/archives-emissions\\\/\"},{\"@type\":\"ListItem\",\"position\":4,\"name\":\"Vivre ensemble\"}]},{\"@type\":\"WebSite\",\"@id\":\"https:\\\/\\\/frequence-sille.org\\\/newsite\\\/#website\",\"url\":\"https:\\\/\\\/frequence-sille.org\\\/newsite\\\/\",\"name\":\"Fr\u00e9quence Sill\u00e9\",\"description\":\"Bien plus qu&#039;une radio...votre radio !\",\"publisher\":{\"@id\":\"https:\\\/\\\/frequence-sille.org\\\/newsite\\\/#organization\"},\"potentialAction\":[{\"@type\":\"SearchAction\",\"target\":{\"@type\":\"EntryPoint\",\"urlTemplate\":\"https:\\\/\\\/frequence-sille.org\\\/newsite\\\/?s={search_term_string}\"},\"query-input\":{\"@type\":\"PropertyValueSpecification\",\"valueRequired\":true,\"valueName\":\"search_term_string\"}}],\"inLanguage\":\"fr-FR\"},{\"@type\":\"Organization\",\"@id\":\"https:\\\/\\\/frequence-sille.org\\\/newsite\\\/#organization\",\"name\":\"Fr\u00e9quence Sill\u00e9\",\"url\":\"https:\\\/\\\/frequence-sille.org\\\/newsite\\\/\",\"logo\":{\"@type\":\"ImageObject\",\"inLanguage\":\"fr-FR\",\"@id\":\"https:\\\/\\\/frequence-sille.org\\\/newsite\\\/#\\\/schema\\\/logo\\\/image\\\/\",\"url\":\"https:\\\/\\\/frequence-sille.org\\\/newsite\\\/wp-content\\\/uploads\\\/2023\\\/07\\\/LOGO_979_NOIR.png\",\"contentUrl\":\"https:\\\/\\\/frequence-sille.org\\\/newsite\\\/wp-content\\\/uploads\\\/2023\\\/07\\\/LOGO_979_NOIR.png\",\"width\":7680,\"height\":4320,\"caption\":\"Fr\u00e9quence Sill\u00e9\"},\"image\":{\"@id\":\"https:\\\/\\\/frequence-sille.org\\\/newsite\\\/#\\\/schema\\\/logo\\\/image\\\/\"},\"sameAs\":[\"https:\\\/\\\/www.facebook.com\\\/frequencesille979fm\",\"https:\\\/\\\/x.com\\\/freqsille979\",\"https:\\\/\\\/www.instagram.com\\\/frequencesille\\\/\"]}]}<\/script>\n<!-- \/ Yoast SEO plugin. -->","yoast_head_json":{"title":"Vivre ensemble - Fr\u00e9quence Sill\u00e9","robots":{"index":"index","follow":"follow","max-snippet":"max-snippet:-1","max-image-preview":"max-image-preview:large","max-video-preview":"max-video-preview:-1"},"canonical":"https:\/\/frequence-sille.org\/newsite\/les-emissions\/archives-emissions\/vivre-ensemble\/","og_locale":"fr_FR","og_type":"article","og_title":"Vivre ensemble - Fr\u00e9quence Sill\u00e9","og_description":"Rendez-vous tous les mardis&nbsp;\u00e0 partir de &nbsp;15h00 pour votre \u00e9mission \u00ab\u00a0Vivre Ensemble\u00a0\u00bb Une \u00e9mission anim\u00e9e par Romain Au programme de&nbsp;\u00a0\u00bb&nbsp;Vivre Ensemble\u00a0\u00bb, retrouvez: Des invit\u00e9s d&rsquo;associations locales Toute l&rsquo;actualit\u00e9 en rapport&hellip;","og_url":"https:\/\/frequence-sille.org\/newsite\/les-emissions\/archives-emissions\/vivre-ensemble\/","og_site_name":"Fr\u00e9quence Sill\u00e9","article_publisher":"https:\/\/www.facebook.com\/frequencesille979fm","article_modified_time":"2022-11-21T12:46:56+00:00","og_image":[{"url":"http:\/\/frequence-sille.org\/newsite\/wp-content\/uploads\/2016\/07\/photo-romain-ordinateur-287x300.jpg","type":"","width":"","height":""}],"twitter_card":"summary_large_image","twitter_site":"@freqsille979","schema":{"@context":"https:\/\/schema.org","@graph":[{"@type":"WebPage","@id":"https:\/\/frequence-sille.org\/newsite\/les-emissions\/archives-emissions\/vivre-ensemble\/","url":"https:\/\/frequence-sille.org\/newsite\/les-emissions\/archives-emissions\/vivre-ensemble\/","name":"Vivre ensemble - Fr\u00e9quence Sill\u00e9","isPartOf":{"@id":"https:\/\/frequence-sille.org\/newsite\/#website"},"primaryImageOfPage":{"@id":"https:\/\/frequence-sille.org\/newsite\/les-emissions\/archives-emissions\/vivre-ensemble\/#primaryimage"},"image":{"@id":"https:\/\/frequence-sille.org\/newsite\/les-emissions\/archives-emissions\/vivre-ensemble\/#primaryimage"},"thumbnailUrl":"http:\/\/frequence-sille.org\/newsite\/wp-content\/uploads\/2016\/07\/photo-romain-ordinateur-287x300.jpg","datePublished":"2016-07-29T12:28:25+00:00","dateModified":"2022-11-21T12:46:56+00:00","breadcrumb":{"@id":"https:\/\/frequence-sille.org\/newsite\/les-emissions\/archives-emissions\/vivre-ensemble\/#breadcrumb"},"inLanguage":"fr-FR","potentialAction":[{"@type":"ReadAction","target":["https:\/\/frequence-sille.org\/newsite\/les-emissions\/archives-emissions\/vivre-ensemble\/"]}]},{"@type":"ImageObject","inLanguage":"fr-FR","@id":"https:\/\/frequence-sille.org\/newsite\/les-emissions\/archives-emissions\/vivre-ensemble\/#primaryimage","url":"https:\/\/frequence-sille.org\/newsite\/wp-content\/uploads\/2016\/07\/photo-romain-ordinateur.jpg","contentUrl":"https:\/\/frequence-sille.org\/newsite\/wp-content\/uploads\/2016\/07\/photo-romain-ordinateur.jpg","width":768,"height":803},{"@type":"BreadcrumbList","@id":"https:\/\/frequence-sille.org\/newsite\/les-emissions\/archives-emissions\/vivre-ensemble\/#breadcrumb","itemListElement":[{"@type":"ListItem","position":1,"name":"Accueil","item":"https:\/\/frequence-sille.org\/newsite\/"},{"@type":"ListItem","position":2,"name":"Les \u00e9missions","item":"https:\/\/frequence-sille.org\/newsite\/les-emissions\/"},{"@type":"ListItem","position":3,"name":"Archives \u00e9missions","item":"https:\/\/frequence-sille.org\/newsite\/les-emissions\/archives-emissions\/"},{"@type":"ListItem","position":4,"name":"Vivre ensemble"}]},{"@type":"WebSite","@id":"https:\/\/frequence-sille.org\/newsite\/#website","url":"https:\/\/frequence-sille.org\/newsite\/","name":"Fr\u00e9quence Sill\u00e9","description":"Bien plus qu&#039;une radio...votre radio !","publisher":{"@id":"https:\/\/frequence-sille.org\/newsite\/#organization"},"potentialAction":[{"@type":"SearchAction","target":{"@type":"EntryPoint","urlTemplate":"https:\/\/frequence-sille.org\/newsite\/?s={search_term_string}"},"query-input":{"@type":"PropertyValueSpecification","valueRequired":true,"valueName":"search_term_string"}}],"inLanguage":"fr-FR"},{"@type":"Organization","@id":"https:\/\/frequence-sille.org\/newsite\/#organization","name":"Fr\u00e9quence Sill\u00e9","url":"https:\/\/frequence-sille.org\/newsite\/","logo":{"@type":"ImageObject","inLanguage":"fr-FR","@id":"https:\/\/frequence-sille.org\/newsite\/#\/schema\/logo\/image\/","url":"https:\/\/frequence-sille.org\/newsite\/wp-content\/uploads\/2023\/07\/LOGO_979_NOIR.png","contentUrl":"https:\/\/frequence-sille.org\/newsite\/wp-content\/uploads\/2023\/07\/LOGO_979_NOIR.png","width":7680,"height":4320,"caption":"Fr\u00e9quence Sill\u00e9"},"image":{"@id":"https:\/\/frequence-sille.org\/newsite\/#\/schema\/logo\/image\/"},"sameAs":["https:\/\/www.facebook.com\/frequencesille979fm","https:\/\/x.com\/freqsille979","https:\/\/www.instagram.com\/frequencesille\/"]}]}},"_links":{"self":[{"href":"https:\/\/frequence-sille.org\/newsite\/wp-json\/wp\/v2\/pages\/422","targetHints":{"allow":["GET"]}}],"collection":[{"href":"https:\/\/frequence-sille.org\/newsite\/wp-json\/wp\/v2\/pages"}],"about":[{"href":"https:\/\/frequence-sille.org\/newsite\/wp-json\/wp\/v2\/types\/page"}],"author":[{"embeddable":true,"href":"https:\/\/frequence-sille.org\/newsite\/wp-json\/wp\/v2\/users\/1"}],"replies":[{"embeddable":true,"href":"https:\/\/frequence-sille.org\/newsite\/wp-json\/wp\/v2\/comments?post=422"}],"version-history":[{"count":13,"href":"https:\/\/frequence-sille.org\/newsite\/wp-json\/wp\/v2\/pages\/422\/revisions"}],"predecessor-version":[{"id":10045,"href":"https:\/\/frequence-sille.org\/newsite\/wp-json\/wp\/v2\/pages\/422\/revisions\/10045"}],"up":[{"embeddable":true,"href":"https:\/\/frequence-sille.org\/newsite\/wp-json\/wp\/v2\/pages\/3368"}],"wp:attachment":[{"href":"https:\/\/frequence-sille.org\/newsite\/wp-json\/wp\/v2\/media?parent=422"}],"curies":[{"name":"wp","href":"https:\/\/api.w.org\/{rel}","templated":true}]}}