{"id":4316,"date":"2018-05-29T13:09:56","date_gmt":"2018-05-29T12:09:56","guid":{"rendered":"http:\/\/frequence-sille.org\/newsite\/?page_id=4316"},"modified":"2021-09-08T17:38:38","modified_gmt":"2021-09-08T16:38:38","slug":"mai-68-en-sarthe","status":"publish","type":"page","link":"https:\/\/frequence-sille.org\/newsite\/les-evenements\/mai-68-en-sarthe\/","title":{"rendered":"Mai 68 en Sarthe"},"content":{"rendered":"<p><strong>Mai 68 en Sarthe :\u00a0 Histoire d&rsquo;un printemps ordinaire<\/strong><\/p>\n<p>Une s\u00e9rie de 8 \u00e9missions r\u00e9alis\u00e9es par Fr\u00e9quence Sill\u00e9 en 2008 \u00e0 l&rsquo;occasion du 40e anniversaire de Mai 68<\/p>\n<p><span style=\"text-decoration: underline;\">Emission 1 : Contexte et chronologie<\/span><br \/>\nEric Lucas (professeur d&rsquo;histoire)<br \/>\nMichel Rosier (historien sp\u00e9cialiste de la vie politique en Sarthe)<\/p>\n<p><span style=\"text-decoration: underline;\">Emission 2 : Les \u00e9tudiants<\/span><br \/>\nMarie Claude Rousseau (Etudiante, AGEM \/ JCR)<br \/>\nMichel Magloff (Etudiant, MAO)<br \/>\nPhilippe Guittet ( Etudiant Comit\u00e9 Viet Nam \/ UNEF)<br \/>\nFran\u00e7ois Plet (Enseignant fac, SNESUP)<\/p>\n<p><span style=\"text-decoration: underline;\">Emission 3 : Syndicat et ouvrier<\/span><br \/>\nR\u00e9my Clavreul (Ent Heulin, CGT)<br \/>\nRoland Becqdeli\u00e8vre (SNCF, Secr\u00e9taire d\u00e9partemental CFDT)<br \/>\nLucienne Martin (Cheffe bureau du cabinet Pr\u00e9fecture de la Sarthe)<br \/>\nGuy Henri (Renault, CGT, membre BF SFIO)<\/p>\n<p><span style=\"text-decoration: underline;\">Emission 4 : Education et enseignement<\/span><br \/>\nJean Gouhier (Enseignant fac, militant \u00e9ducation nouvelle)<br \/>\nMichel Bazin (prof de math, PCF)<br \/>\nGuy Rouby (instituteur, SNII)<\/p>\n<p><span style=\"text-decoration: underline;\">Emission 5 : Le monde rural<\/span><br \/>\nMichel Papin (Agriculteur, syndicaliste)<br \/>\nJean Jacques Caffieri (Agriculteur, syndicaliste)<\/p>\n<p><span style=\"text-decoration: underline;\">Emission 6 : Le monde politique<\/span><br \/>\nRobert Jarry (Conseiller g\u00e9n\u00e9ral, Secr\u00e9taire PCF Sarthe)<br \/>\nJacques Chaumont (Minist\u00e8re de l&rsquo;information, UD Ve)<\/p>\n<p><span style=\"text-decoration: underline;\">Emission 7 : Culture et M\u00e9dias<\/span><br \/>\nPaul Barringou (dessinateur)<br \/>\nJean Noel Lesselier (lyc\u00e9en, Association g\u00e9n\u00e9rale des \u00e9tudiants du Mans)<br \/>\nEvelyne Poincheval (Lyc\u00e9enne)<\/p>\n<p><span style=\"text-decoration: underline;\">Emission 8 : Les sarthois<\/span><br \/>\nT\u00e9moignages de sarthois anonyme sur mai 68<\/p>\n<p>&nbsp;<\/p>\n<p><iframe loading=\"lazy\" id=\"hearthis_at_user_93785-8445500\" src=\"https:\/\/hearthis.at\/set\/93785-8445500\/embed\/\" width=\"100%\" height=\"350\" frameborder=\"0\" scrolling=\"no\"><\/iframe><\/p>\n<p>&nbsp;<\/p>\n","protected":false},"excerpt":{"rendered":"<p>Mai 68 en Sarthe :\u00a0 Histoire d&rsquo;un printemps ordinaire Une s\u00e9rie de 8 \u00e9missions r\u00e9alis\u00e9es par Fr\u00e9quence Sill\u00e9 en 2008 \u00e0 l&rsquo;occasion du 40e anniversaire de Mai 68 Emission 1&hellip;<\/p>\n","protected":false},"author":1,"featured_media":0,"parent":30,"menu_order":138,"comment_status":"closed","ping_status":"closed","template":"","meta":{"footnotes":""},"class_list":["post-4316","page","type-page","status-publish","hentry","no-post-thumbnail"],"yoast_head":"<!-- This site is optimized with the Yoast SEO plugin v27.3 - https:\/\/yoast.com\/product\/yoast-seo-wordpress\/ -->\n<title>Mai 68 en Sarthe - Fr\u00e9quence Sill\u00e9<\/title>\n<meta name=\"robots\" content=\"index, follow, max-snippet:-1, max-image-preview:large, max-video-preview:-1\" \/>\n<link rel=\"canonical\" href=\"https:\/\/frequence-sille.org\/newsite\/les-evenements\/mai-68-en-sarthe\/\" \/>\n<meta property=\"og:locale\" content=\"fr_FR\" \/>\n<meta property=\"og:type\" content=\"article\" \/>\n<meta property=\"og:title\" content=\"Mai 68 en Sarthe - Fr\u00e9quence Sill\u00e9\" \/>\n<meta property=\"og:description\" content=\"Mai 68 en Sarthe :\u00a0 Histoire d&rsquo;un printemps ordinaire Une s\u00e9rie de 8 \u00e9missions r\u00e9alis\u00e9es par Fr\u00e9quence Sill\u00e9 en 2008 \u00e0 l&rsquo;occasion du 40e anniversaire de Mai 68 Emission 1&hellip;\" \/>\n<meta property=\"og:url\" content=\"https:\/\/frequence-sille.org\/newsite\/les-evenements\/mai-68-en-sarthe\/\" \/>\n<meta property=\"og:site_name\" content=\"Fr\u00e9quence Sill\u00e9\" \/>\n<meta property=\"article:publisher\" content=\"https:\/\/www.facebook.com\/frequencesille979fm\" \/>\n<meta property=\"article:modified_time\" content=\"2021-09-08T16:38:38+00:00\" \/>\n<meta name=\"twitter:card\" content=\"summary_large_image\" \/>\n<meta name=\"twitter:site\" content=\"@freqsille979\" \/>\n<meta name=\"twitter:label1\" content=\"Dur\u00e9e de lecture estim\u00e9e\" \/>\n\t<meta name=\"twitter:data1\" content=\"1 minute\" \/>\n<script type=\"application\/ld+json\" class=\"yoast-schema-graph\">{\"@context\":\"https:\\\/\\\/schema.org\",\"@graph\":[{\"@type\":\"WebPage\",\"@id\":\"https:\\\/\\\/frequence-sille.org\\\/newsite\\\/les-evenements\\\/mai-68-en-sarthe\\\/\",\"url\":\"https:\\\/\\\/frequence-sille.org\\\/newsite\\\/les-evenements\\\/mai-68-en-sarthe\\\/\",\"name\":\"Mai 68 en Sarthe - Fr\u00e9quence Sill\u00e9\",\"isPartOf\":{\"@id\":\"https:\\\/\\\/frequence-sille.org\\\/newsite\\\/#website\"},\"datePublished\":\"2018-05-29T12:09:56+00:00\",\"dateModified\":\"2021-09-08T16:38:38+00:00\",\"breadcrumb\":{\"@id\":\"https:\\\/\\\/frequence-sille.org\\\/newsite\\\/les-evenements\\\/mai-68-en-sarthe\\\/#breadcrumb\"},\"inLanguage\":\"fr-FR\",\"potentialAction\":[{\"@type\":\"ReadAction\",\"target\":[\"https:\\\/\\\/frequence-sille.org\\\/newsite\\\/les-evenements\\\/mai-68-en-sarthe\\\/\"]}]},{\"@type\":\"BreadcrumbList\",\"@id\":\"https:\\\/\\\/frequence-sille.org\\\/newsite\\\/les-evenements\\\/mai-68-en-sarthe\\\/#breadcrumb\",\"itemListElement\":[{\"@type\":\"ListItem\",\"position\":1,\"name\":\"Accueil\",\"item\":\"https:\\\/\\\/frequence-sille.org\\\/newsite\\\/\"},{\"@type\":\"ListItem\",\"position\":2,\"name\":\"Les \u00e9v\u00e9nements\",\"item\":\"https:\\\/\\\/frequence-sille.org\\\/newsite\\\/les-evenements\\\/\"},{\"@type\":\"ListItem\",\"position\":3,\"name\":\"Mai 68 en Sarthe\"}]},{\"@type\":\"WebSite\",\"@id\":\"https:\\\/\\\/frequence-sille.org\\\/newsite\\\/#website\",\"url\":\"https:\\\/\\\/frequence-sille.org\\\/newsite\\\/\",\"name\":\"Fr\u00e9quence Sill\u00e9\",\"description\":\"Bien plus qu&#039;une radio...votre radio !\",\"publisher\":{\"@id\":\"https:\\\/\\\/frequence-sille.org\\\/newsite\\\/#organization\"},\"potentialAction\":[{\"@type\":\"SearchAction\",\"target\":{\"@type\":\"EntryPoint\",\"urlTemplate\":\"https:\\\/\\\/frequence-sille.org\\\/newsite\\\/?s={search_term_string}\"},\"query-input\":{\"@type\":\"PropertyValueSpecification\",\"valueRequired\":true,\"valueName\":\"search_term_string\"}}],\"inLanguage\":\"fr-FR\"},{\"@type\":\"Organization\",\"@id\":\"https:\\\/\\\/frequence-sille.org\\\/newsite\\\/#organization\",\"name\":\"Fr\u00e9quence Sill\u00e9\",\"url\":\"https:\\\/\\\/frequence-sille.org\\\/newsite\\\/\",\"logo\":{\"@type\":\"ImageObject\",\"inLanguage\":\"fr-FR\",\"@id\":\"https:\\\/\\\/frequence-sille.org\\\/newsite\\\/#\\\/schema\\\/logo\\\/image\\\/\",\"url\":\"https:\\\/\\\/frequence-sille.org\\\/newsite\\\/wp-content\\\/uploads\\\/2023\\\/07\\\/LOGO_979_NOIR.png\",\"contentUrl\":\"https:\\\/\\\/frequence-sille.org\\\/newsite\\\/wp-content\\\/uploads\\\/2023\\\/07\\\/LOGO_979_NOIR.png\",\"width\":7680,\"height\":4320,\"caption\":\"Fr\u00e9quence Sill\u00e9\"},\"image\":{\"@id\":\"https:\\\/\\\/frequence-sille.org\\\/newsite\\\/#\\\/schema\\\/logo\\\/image\\\/\"},\"sameAs\":[\"https:\\\/\\\/www.facebook.com\\\/frequencesille979fm\",\"https:\\\/\\\/x.com\\\/freqsille979\",\"https:\\\/\\\/www.instagram.com\\\/frequencesille\\\/\"]}]}<\/script>\n<!-- \/ Yoast SEO plugin. -->","yoast_head_json":{"title":"Mai 68 en Sarthe - Fr\u00e9quence Sill\u00e9","robots":{"index":"index","follow":"follow","max-snippet":"max-snippet:-1","max-image-preview":"max-image-preview:large","max-video-preview":"max-video-preview:-1"},"canonical":"https:\/\/frequence-sille.org\/newsite\/les-evenements\/mai-68-en-sarthe\/","og_locale":"fr_FR","og_type":"article","og_title":"Mai 68 en Sarthe - Fr\u00e9quence Sill\u00e9","og_description":"Mai 68 en Sarthe :\u00a0 Histoire d&rsquo;un printemps ordinaire Une s\u00e9rie de 8 \u00e9missions r\u00e9alis\u00e9es par Fr\u00e9quence Sill\u00e9 en 2008 \u00e0 l&rsquo;occasion du 40e anniversaire de Mai 68 Emission 1&hellip;","og_url":"https:\/\/frequence-sille.org\/newsite\/les-evenements\/mai-68-en-sarthe\/","og_site_name":"Fr\u00e9quence Sill\u00e9","article_publisher":"https:\/\/www.facebook.com\/frequencesille979fm","article_modified_time":"2021-09-08T16:38:38+00:00","twitter_card":"summary_large_image","twitter_site":"@freqsille979","twitter_misc":{"Dur\u00e9e de lecture estim\u00e9e":"1 minute"},"schema":{"@context":"https:\/\/schema.org","@graph":[{"@type":"WebPage","@id":"https:\/\/frequence-sille.org\/newsite\/les-evenements\/mai-68-en-sarthe\/","url":"https:\/\/frequence-sille.org\/newsite\/les-evenements\/mai-68-en-sarthe\/","name":"Mai 68 en Sarthe - Fr\u00e9quence Sill\u00e9","isPartOf":{"@id":"https:\/\/frequence-sille.org\/newsite\/#website"},"datePublished":"2018-05-29T12:09:56+00:00","dateModified":"2021-09-08T16:38:38+00:00","breadcrumb":{"@id":"https:\/\/frequence-sille.org\/newsite\/les-evenements\/mai-68-en-sarthe\/#breadcrumb"},"inLanguage":"fr-FR","potentialAction":[{"@type":"ReadAction","target":["https:\/\/frequence-sille.org\/newsite\/les-evenements\/mai-68-en-sarthe\/"]}]},{"@type":"BreadcrumbList","@id":"https:\/\/frequence-sille.org\/newsite\/les-evenements\/mai-68-en-sarthe\/#breadcrumb","itemListElement":[{"@type":"ListItem","position":1,"name":"Accueil","item":"https:\/\/frequence-sille.org\/newsite\/"},{"@type":"ListItem","position":2,"name":"Les \u00e9v\u00e9nements","item":"https:\/\/frequence-sille.org\/newsite\/les-evenements\/"},{"@type":"ListItem","position":3,"name":"Mai 68 en Sarthe"}]},{"@type":"WebSite","@id":"https:\/\/frequence-sille.org\/newsite\/#website","url":"https:\/\/frequence-sille.org\/newsite\/","name":"Fr\u00e9quence Sill\u00e9","description":"Bien plus qu&#039;une radio...votre radio !","publisher":{"@id":"https:\/\/frequence-sille.org\/newsite\/#organization"},"potentialAction":[{"@type":"SearchAction","target":{"@type":"EntryPoint","urlTemplate":"https:\/\/frequence-sille.org\/newsite\/?s={search_term_string}"},"query-input":{"@type":"PropertyValueSpecification","valueRequired":true,"valueName":"search_term_string"}}],"inLanguage":"fr-FR"},{"@type":"Organization","@id":"https:\/\/frequence-sille.org\/newsite\/#organization","name":"Fr\u00e9quence Sill\u00e9","url":"https:\/\/frequence-sille.org\/newsite\/","logo":{"@type":"ImageObject","inLanguage":"fr-FR","@id":"https:\/\/frequence-sille.org\/newsite\/#\/schema\/logo\/image\/","url":"https:\/\/frequence-sille.org\/newsite\/wp-content\/uploads\/2023\/07\/LOGO_979_NOIR.png","contentUrl":"https:\/\/frequence-sille.org\/newsite\/wp-content\/uploads\/2023\/07\/LOGO_979_NOIR.png","width":7680,"height":4320,"caption":"Fr\u00e9quence Sill\u00e9"},"image":{"@id":"https:\/\/frequence-sille.org\/newsite\/#\/schema\/logo\/image\/"},"sameAs":["https:\/\/www.facebook.com\/frequencesille979fm","https:\/\/x.com\/freqsille979","https:\/\/www.instagram.com\/frequencesille\/"]}]}},"_links":{"self":[{"href":"https:\/\/frequence-sille.org\/newsite\/wp-json\/wp\/v2\/pages\/4316","targetHints":{"allow":["GET"]}}],"collection":[{"href":"https:\/\/frequence-sille.org\/newsite\/wp-json\/wp\/v2\/pages"}],"about":[{"href":"https:\/\/frequence-sille.org\/newsite\/wp-json\/wp\/v2\/types\/page"}],"author":[{"embeddable":true,"href":"https:\/\/frequence-sille.org\/newsite\/wp-json\/wp\/v2\/users\/1"}],"replies":[{"embeddable":true,"href":"https:\/\/frequence-sille.org\/newsite\/wp-json\/wp\/v2\/comments?post=4316"}],"version-history":[{"count":2,"href":"https:\/\/frequence-sille.org\/newsite\/wp-json\/wp\/v2\/pages\/4316\/revisions"}],"predecessor-version":[{"id":4319,"href":"https:\/\/frequence-sille.org\/newsite\/wp-json\/wp\/v2\/pages\/4316\/revisions\/4319"}],"up":[{"embeddable":true,"href":"https:\/\/frequence-sille.org\/newsite\/wp-json\/wp\/v2\/pages\/30"}],"wp:attachment":[{"href":"https:\/\/frequence-sille.org\/newsite\/wp-json\/wp\/v2\/media?parent=4316"}],"curies":[{"name":"wp","href":"https:\/\/api.w.org\/{rel}","templated":true}]}}