{"id":53,"date":"2016-07-23T09:13:24","date_gmt":"2016-07-23T08:13:24","guid":{"rendered":"http:\/\/frequence-sille.org\/newsite\/?page_id=53"},"modified":"2022-12-07T13:53:18","modified_gmt":"2022-12-07T12:53:18","slug":"cop-21","status":"publish","type":"page","link":"https:\/\/frequence-sille.org\/newsite\/les-evenements\/archives\/cop-21\/","title":{"rendered":"COP 21"},"content":{"rendered":"\n<p>Fr\u00e9quence Sill\u00e9, avec de nombreux partenaires, a coordonn\u00e9 une r\u00e9daction de lyc\u00e9ens Lig\u00e9riens pour couvrir l&rsquo;\u00e9v\u00e9nement \u00ab\u00a0COP21\u00a0\u00bb depuis Sill\u00e9 Le Guillaume, du fait de l&rsquo;impossibilit\u00e9 d&rsquo;\u00eatre sur Paris suite aux tragiques attentats du 13 novembre 2015.<\/p>\n\n\n\n<p><a href=\"https:\/\/www.facebook.com\/rjrcop21\/\" target=\"_blank\" rel=\"noopener noreferrer\">Retrouvez la page Facebook<\/a>, avec plus de 200 interviews r\u00e9alis\u00e9es sur les 15 jours de l&rsquo;\u00e9v\u00e9nement.<\/p>\n\n\n<div class=\"wp-block-image\">\n<figure class=\"aligncenter\"><img loading=\"lazy\" decoding=\"async\" width=\"300\" height=\"300\" src=\"http:\/\/frequence-sille.org\/newsite\/wp-content\/uploads\/2016\/07\/cop21-300x300.jpeg\" alt=\"cop21\" class=\"wp-image-560\" srcset=\"https:\/\/frequence-sille.org\/newsite\/wp-content\/uploads\/2016\/07\/cop21-300x300.jpeg 300w, https:\/\/frequence-sille.org\/newsite\/wp-content\/uploads\/2016\/07\/cop21-150x150.jpeg 150w, https:\/\/frequence-sille.org\/newsite\/wp-content\/uploads\/2016\/07\/cop21-140x140.jpeg 140w, https:\/\/frequence-sille.org\/newsite\/wp-content\/uploads\/2016\/07\/cop21.jpeg 399w\" sizes=\"auto, (max-width: 300px) 100vw, 300px\" \/><\/figure>\n<\/div>\n\n\n<iframe loading=\"lazy\" scrolling=\"no\" id=\"hearthis_at_user_296992-8445500\" width=\"100%\" height=\"350\" src=\"https:\/\/hearthis.at\/set\/296992-8445500\/embed\/\" frameborder=\"0\" allowtransparency allow=\"autoplay\"><\/iframe>\n","protected":false},"excerpt":{"rendered":"<p>Fr\u00e9quence Sill\u00e9, avec de nombreux partenaires, a coordonn\u00e9 une r\u00e9daction de lyc\u00e9ens Lig\u00e9riens pour couvrir l&rsquo;\u00e9v\u00e9nement \u00ab\u00a0COP21\u00a0\u00bb depuis Sill\u00e9 Le Guillaume, du fait de l&rsquo;impossibilit\u00e9 d&rsquo;\u00eatre sur Paris suite aux&hellip;<\/p>\n","protected":false},"author":1,"featured_media":0,"parent":3219,"menu_order":164,"comment_status":"closed","ping_status":"closed","template":"","meta":{"footnotes":""},"class_list":["post-53","page","type-page","status-publish","hentry","no-post-thumbnail"],"yoast_head":"<!-- This site is optimized with the Yoast SEO plugin v27.3 - https:\/\/yoast.com\/product\/yoast-seo-wordpress\/ -->\n<title>COP 21 - Fr\u00e9quence Sill\u00e9<\/title>\n<meta name=\"robots\" content=\"index, follow, max-snippet:-1, max-image-preview:large, max-video-preview:-1\" \/>\n<link rel=\"canonical\" href=\"https:\/\/frequence-sille.org\/newsite\/les-evenements\/archives\/cop-21\/\" \/>\n<meta property=\"og:locale\" content=\"fr_FR\" \/>\n<meta property=\"og:type\" content=\"article\" \/>\n<meta property=\"og:title\" content=\"COP 21 - Fr\u00e9quence Sill\u00e9\" \/>\n<meta property=\"og:description\" content=\"Fr\u00e9quence Sill\u00e9, avec de nombreux partenaires, a coordonn\u00e9 une r\u00e9daction de lyc\u00e9ens Lig\u00e9riens pour couvrir l&rsquo;\u00e9v\u00e9nement \u00ab\u00a0COP21\u00a0\u00bb depuis Sill\u00e9 Le Guillaume, du fait de l&rsquo;impossibilit\u00e9 d&rsquo;\u00eatre sur Paris suite aux&hellip;\" \/>\n<meta property=\"og:url\" content=\"https:\/\/frequence-sille.org\/newsite\/les-evenements\/archives\/cop-21\/\" \/>\n<meta property=\"og:site_name\" content=\"Fr\u00e9quence Sill\u00e9\" \/>\n<meta property=\"article:publisher\" content=\"https:\/\/www.facebook.com\/frequencesille979fm\" \/>\n<meta property=\"article:modified_time\" content=\"2022-12-07T12:53:18+00:00\" \/>\n<meta property=\"og:image\" content=\"http:\/\/frequence-sille.org\/newsite\/wp-content\/uploads\/2016\/07\/cop21-300x300.jpeg\" \/>\n<meta name=\"twitter:card\" content=\"summary_large_image\" \/>\n<meta name=\"twitter:site\" content=\"@freqsille979\" \/>\n<script type=\"application\/ld+json\" class=\"yoast-schema-graph\">{\"@context\":\"https:\\\/\\\/schema.org\",\"@graph\":[{\"@type\":\"WebPage\",\"@id\":\"https:\\\/\\\/frequence-sille.org\\\/newsite\\\/les-evenements\\\/archives\\\/cop-21\\\/\",\"url\":\"https:\\\/\\\/frequence-sille.org\\\/newsite\\\/les-evenements\\\/archives\\\/cop-21\\\/\",\"name\":\"COP 21 - Fr\u00e9quence Sill\u00e9\",\"isPartOf\":{\"@id\":\"https:\\\/\\\/frequence-sille.org\\\/newsite\\\/#website\"},\"primaryImageOfPage\":{\"@id\":\"https:\\\/\\\/frequence-sille.org\\\/newsite\\\/les-evenements\\\/archives\\\/cop-21\\\/#primaryimage\"},\"image\":{\"@id\":\"https:\\\/\\\/frequence-sille.org\\\/newsite\\\/les-evenements\\\/archives\\\/cop-21\\\/#primaryimage\"},\"thumbnailUrl\":\"http:\\\/\\\/frequence-sille.org\\\/newsite\\\/wp-content\\\/uploads\\\/2016\\\/07\\\/cop21-300x300.jpeg\",\"datePublished\":\"2016-07-23T08:13:24+00:00\",\"dateModified\":\"2022-12-07T12:53:18+00:00\",\"breadcrumb\":{\"@id\":\"https:\\\/\\\/frequence-sille.org\\\/newsite\\\/les-evenements\\\/archives\\\/cop-21\\\/#breadcrumb\"},\"inLanguage\":\"fr-FR\",\"potentialAction\":[{\"@type\":\"ReadAction\",\"target\":[\"https:\\\/\\\/frequence-sille.org\\\/newsite\\\/les-evenements\\\/archives\\\/cop-21\\\/\"]}]},{\"@type\":\"ImageObject\",\"inLanguage\":\"fr-FR\",\"@id\":\"https:\\\/\\\/frequence-sille.org\\\/newsite\\\/les-evenements\\\/archives\\\/cop-21\\\/#primaryimage\",\"url\":\"http:\\\/\\\/frequence-sille.org\\\/newsite\\\/wp-content\\\/uploads\\\/2016\\\/07\\\/cop21-300x300.jpeg\",\"contentUrl\":\"http:\\\/\\\/frequence-sille.org\\\/newsite\\\/wp-content\\\/uploads\\\/2016\\\/07\\\/cop21-300x300.jpeg\"},{\"@type\":\"BreadcrumbList\",\"@id\":\"https:\\\/\\\/frequence-sille.org\\\/newsite\\\/les-evenements\\\/archives\\\/cop-21\\\/#breadcrumb\",\"itemListElement\":[{\"@type\":\"ListItem\",\"position\":1,\"name\":\"Accueil\",\"item\":\"https:\\\/\\\/frequence-sille.org\\\/newsite\\\/\"},{\"@type\":\"ListItem\",\"position\":2,\"name\":\"Les \u00e9v\u00e9nements\",\"item\":\"https:\\\/\\\/frequence-sille.org\\\/newsite\\\/les-evenements\\\/\"},{\"@type\":\"ListItem\",\"position\":3,\"name\":\"Archives 2016\",\"item\":\"https:\\\/\\\/frequence-sille.org\\\/newsite\\\/les-evenements\\\/archives\\\/\"},{\"@type\":\"ListItem\",\"position\":4,\"name\":\"COP 21\"}]},{\"@type\":\"WebSite\",\"@id\":\"https:\\\/\\\/frequence-sille.org\\\/newsite\\\/#website\",\"url\":\"https:\\\/\\\/frequence-sille.org\\\/newsite\\\/\",\"name\":\"Fr\u00e9quence Sill\u00e9\",\"description\":\"Bien plus qu&#039;une radio...votre radio !\",\"publisher\":{\"@id\":\"https:\\\/\\\/frequence-sille.org\\\/newsite\\\/#organization\"},\"potentialAction\":[{\"@type\":\"SearchAction\",\"target\":{\"@type\":\"EntryPoint\",\"urlTemplate\":\"https:\\\/\\\/frequence-sille.org\\\/newsite\\\/?s={search_term_string}\"},\"query-input\":{\"@type\":\"PropertyValueSpecification\",\"valueRequired\":true,\"valueName\":\"search_term_string\"}}],\"inLanguage\":\"fr-FR\"},{\"@type\":\"Organization\",\"@id\":\"https:\\\/\\\/frequence-sille.org\\\/newsite\\\/#organization\",\"name\":\"Fr\u00e9quence Sill\u00e9\",\"url\":\"https:\\\/\\\/frequence-sille.org\\\/newsite\\\/\",\"logo\":{\"@type\":\"ImageObject\",\"inLanguage\":\"fr-FR\",\"@id\":\"https:\\\/\\\/frequence-sille.org\\\/newsite\\\/#\\\/schema\\\/logo\\\/image\\\/\",\"url\":\"https:\\\/\\\/frequence-sille.org\\\/newsite\\\/wp-content\\\/uploads\\\/2023\\\/07\\\/LOGO_979_NOIR.png\",\"contentUrl\":\"https:\\\/\\\/frequence-sille.org\\\/newsite\\\/wp-content\\\/uploads\\\/2023\\\/07\\\/LOGO_979_NOIR.png\",\"width\":7680,\"height\":4320,\"caption\":\"Fr\u00e9quence Sill\u00e9\"},\"image\":{\"@id\":\"https:\\\/\\\/frequence-sille.org\\\/newsite\\\/#\\\/schema\\\/logo\\\/image\\\/\"},\"sameAs\":[\"https:\\\/\\\/www.facebook.com\\\/frequencesille979fm\",\"https:\\\/\\\/x.com\\\/freqsille979\",\"https:\\\/\\\/www.instagram.com\\\/frequencesille\\\/\"]}]}<\/script>\n<!-- \/ Yoast SEO plugin. -->","yoast_head_json":{"title":"COP 21 - Fr\u00e9quence Sill\u00e9","robots":{"index":"index","follow":"follow","max-snippet":"max-snippet:-1","max-image-preview":"max-image-preview:large","max-video-preview":"max-video-preview:-1"},"canonical":"https:\/\/frequence-sille.org\/newsite\/les-evenements\/archives\/cop-21\/","og_locale":"fr_FR","og_type":"article","og_title":"COP 21 - Fr\u00e9quence Sill\u00e9","og_description":"Fr\u00e9quence Sill\u00e9, avec de nombreux partenaires, a coordonn\u00e9 une r\u00e9daction de lyc\u00e9ens Lig\u00e9riens pour couvrir l&rsquo;\u00e9v\u00e9nement \u00ab\u00a0COP21\u00a0\u00bb depuis Sill\u00e9 Le Guillaume, du fait de l&rsquo;impossibilit\u00e9 d&rsquo;\u00eatre sur Paris suite aux&hellip;","og_url":"https:\/\/frequence-sille.org\/newsite\/les-evenements\/archives\/cop-21\/","og_site_name":"Fr\u00e9quence Sill\u00e9","article_publisher":"https:\/\/www.facebook.com\/frequencesille979fm","article_modified_time":"2022-12-07T12:53:18+00:00","og_image":[{"url":"http:\/\/frequence-sille.org\/newsite\/wp-content\/uploads\/2016\/07\/cop21-300x300.jpeg","type":"","width":"","height":""}],"twitter_card":"summary_large_image","twitter_site":"@freqsille979","schema":{"@context":"https:\/\/schema.org","@graph":[{"@type":"WebPage","@id":"https:\/\/frequence-sille.org\/newsite\/les-evenements\/archives\/cop-21\/","url":"https:\/\/frequence-sille.org\/newsite\/les-evenements\/archives\/cop-21\/","name":"COP 21 - Fr\u00e9quence Sill\u00e9","isPartOf":{"@id":"https:\/\/frequence-sille.org\/newsite\/#website"},"primaryImageOfPage":{"@id":"https:\/\/frequence-sille.org\/newsite\/les-evenements\/archives\/cop-21\/#primaryimage"},"image":{"@id":"https:\/\/frequence-sille.org\/newsite\/les-evenements\/archives\/cop-21\/#primaryimage"},"thumbnailUrl":"http:\/\/frequence-sille.org\/newsite\/wp-content\/uploads\/2016\/07\/cop21-300x300.jpeg","datePublished":"2016-07-23T08:13:24+00:00","dateModified":"2022-12-07T12:53:18+00:00","breadcrumb":{"@id":"https:\/\/frequence-sille.org\/newsite\/les-evenements\/archives\/cop-21\/#breadcrumb"},"inLanguage":"fr-FR","potentialAction":[{"@type":"ReadAction","target":["https:\/\/frequence-sille.org\/newsite\/les-evenements\/archives\/cop-21\/"]}]},{"@type":"ImageObject","inLanguage":"fr-FR","@id":"https:\/\/frequence-sille.org\/newsite\/les-evenements\/archives\/cop-21\/#primaryimage","url":"http:\/\/frequence-sille.org\/newsite\/wp-content\/uploads\/2016\/07\/cop21-300x300.jpeg","contentUrl":"http:\/\/frequence-sille.org\/newsite\/wp-content\/uploads\/2016\/07\/cop21-300x300.jpeg"},{"@type":"BreadcrumbList","@id":"https:\/\/frequence-sille.org\/newsite\/les-evenements\/archives\/cop-21\/#breadcrumb","itemListElement":[{"@type":"ListItem","position":1,"name":"Accueil","item":"https:\/\/frequence-sille.org\/newsite\/"},{"@type":"ListItem","position":2,"name":"Les \u00e9v\u00e9nements","item":"https:\/\/frequence-sille.org\/newsite\/les-evenements\/"},{"@type":"ListItem","position":3,"name":"Archives 2016","item":"https:\/\/frequence-sille.org\/newsite\/les-evenements\/archives\/"},{"@type":"ListItem","position":4,"name":"COP 21"}]},{"@type":"WebSite","@id":"https:\/\/frequence-sille.org\/newsite\/#website","url":"https:\/\/frequence-sille.org\/newsite\/","name":"Fr\u00e9quence Sill\u00e9","description":"Bien plus qu&#039;une radio...votre radio !","publisher":{"@id":"https:\/\/frequence-sille.org\/newsite\/#organization"},"potentialAction":[{"@type":"SearchAction","target":{"@type":"EntryPoint","urlTemplate":"https:\/\/frequence-sille.org\/newsite\/?s={search_term_string}"},"query-input":{"@type":"PropertyValueSpecification","valueRequired":true,"valueName":"search_term_string"}}],"inLanguage":"fr-FR"},{"@type":"Organization","@id":"https:\/\/frequence-sille.org\/newsite\/#organization","name":"Fr\u00e9quence Sill\u00e9","url":"https:\/\/frequence-sille.org\/newsite\/","logo":{"@type":"ImageObject","inLanguage":"fr-FR","@id":"https:\/\/frequence-sille.org\/newsite\/#\/schema\/logo\/image\/","url":"https:\/\/frequence-sille.org\/newsite\/wp-content\/uploads\/2023\/07\/LOGO_979_NOIR.png","contentUrl":"https:\/\/frequence-sille.org\/newsite\/wp-content\/uploads\/2023\/07\/LOGO_979_NOIR.png","width":7680,"height":4320,"caption":"Fr\u00e9quence Sill\u00e9"},"image":{"@id":"https:\/\/frequence-sille.org\/newsite\/#\/schema\/logo\/image\/"},"sameAs":["https:\/\/www.facebook.com\/frequencesille979fm","https:\/\/x.com\/freqsille979","https:\/\/www.instagram.com\/frequencesille\/"]}]}},"_links":{"self":[{"href":"https:\/\/frequence-sille.org\/newsite\/wp-json\/wp\/v2\/pages\/53","targetHints":{"allow":["GET"]}}],"collection":[{"href":"https:\/\/frequence-sille.org\/newsite\/wp-json\/wp\/v2\/pages"}],"about":[{"href":"https:\/\/frequence-sille.org\/newsite\/wp-json\/wp\/v2\/types\/page"}],"author":[{"embeddable":true,"href":"https:\/\/frequence-sille.org\/newsite\/wp-json\/wp\/v2\/users\/1"}],"replies":[{"embeddable":true,"href":"https:\/\/frequence-sille.org\/newsite\/wp-json\/wp\/v2\/comments?post=53"}],"version-history":[{"count":4,"href":"https:\/\/frequence-sille.org\/newsite\/wp-json\/wp\/v2\/pages\/53\/revisions"}],"predecessor-version":[{"id":10375,"href":"https:\/\/frequence-sille.org\/newsite\/wp-json\/wp\/v2\/pages\/53\/revisions\/10375"}],"up":[{"embeddable":true,"href":"https:\/\/frequence-sille.org\/newsite\/wp-json\/wp\/v2\/pages\/3219"}],"wp:attachment":[{"href":"https:\/\/frequence-sille.org\/newsite\/wp-json\/wp\/v2\/media?parent=53"}],"curies":[{"name":"wp","href":"https:\/\/api.w.org\/{rel}","templated":true}]}}