{"id":5303,"date":"2019-02-15T12:24:27","date_gmt":"2019-02-15T11:24:27","guid":{"rendered":"http:\/\/frequence-sille.org\/newsite\/?page_id=5303"},"modified":"2021-09-08T17:38:38","modified_gmt":"2021-09-08T16:38:38","slug":"the-green-expedition","status":"publish","type":"page","link":"https:\/\/frequence-sille.org\/newsite\/les-evenements\/the-green-expedition\/","title":{"rendered":"The green expedition"},"content":{"rendered":"\n<p>THE GREEN EXPEDITION &#8211; ROUTE 40 &amp; THE GREEN EXPEDITION PARIS-CAP NORD<\/p>\n\n\n\n<p style=\"text-align:left\">Atypik Travel Organisation (ATO), est connu dans l&rsquo;organisation de raids motoris\u00e9s d&rsquo;endurance, avec des v\u00e9hicules atypiques, r\u00e9alis\u00e9s dans le monde entier. Apr\u00e8s de nombreux raids, il a fallu int\u00e9grer les nouvelles conditions \u00e9cologiques. The Green Expedition est un projet ambitieux. Apr\u00e8s \u00ab The Green Expedition \u00bb direction Argentine par la ROUTE 40, et plus de 5000 km. En f\u00e9vrier 2019 c\u2019est direction CAP NORD : un vrai d\u00e9fi de plusieurs milliers de kilom\u00e8tres. Avec une \u00e9quipe de sp\u00e9cialistes, les objectifs sont de trouver les astuces afin de r\u00e9aliser des \u00e9tapes de 300 \u00e0 400 km par jour et d&rsquo; atteindre ainsi le Cap Nord en 14 jours. Fr\u00e9quence Sill\u00e9 est en partenariat avec ATO, suivez les aventures des \u00e9quipes \u00e0 travers une chronique quotidienne.<\/p>\n\n\n\n<p style=\"text-align:center\"><a href=\"http:\/\/www.thegreenexpedition.fr\/\">http:\/\/www.thegreenexpedition.fr\/<\/a><\/p>\n\n\n\n<h2 class=\"wp-block-heading\"><iframe loading=\"lazy\" width=\"100%\" height=\"350\" id=\"hearthis_at_user_111488-8445500\" src=\"https:\/\/hearthis.at\/set\/111488-8445500\/embed\/\" frameborder=\"0\" scrolling=\"no\" allowtransparency=\"\" allow=\"autoplay\"><\/iframe><\/h2>\n\n\n\n\n<figure><iframe loading=\"lazy\" width=\"100%\" height=\"350\" src=\"https:\/\/hearthis.at\/set\/112139-8445500\/embed\/\"><\/iframe><\/figure>\n","protected":false},"excerpt":{"rendered":"<p>THE GREEN EXPEDITION &#8211; ROUTE 40 &amp; THE GREEN EXPEDITION PARIS-CAP NORD Atypik Travel Organisation (ATO), est connu dans l&rsquo;organisation de raids motoris\u00e9s d&rsquo;endurance, avec des v\u00e9hicules atypiques, r\u00e9alis\u00e9s dans&hellip;<\/p>\n","protected":false},"author":1,"featured_media":0,"parent":30,"menu_order":130,"comment_status":"closed","ping_status":"closed","template":"","meta":{"footnotes":""},"class_list":["post-5303","page","type-page","status-publish","hentry","no-post-thumbnail"],"yoast_head":"<!-- This site is optimized with the Yoast SEO plugin v27.3 - https:\/\/yoast.com\/product\/yoast-seo-wordpress\/ -->\n<title>The green expedition - Fr\u00e9quence Sill\u00e9<\/title>\n<meta name=\"robots\" content=\"index, follow, max-snippet:-1, max-image-preview:large, max-video-preview:-1\" \/>\n<link rel=\"canonical\" href=\"https:\/\/frequence-sille.org\/newsite\/les-evenements\/the-green-expedition\/\" \/>\n<meta property=\"og:locale\" content=\"fr_FR\" \/>\n<meta property=\"og:type\" content=\"article\" \/>\n<meta property=\"og:title\" content=\"The green expedition - Fr\u00e9quence Sill\u00e9\" \/>\n<meta property=\"og:description\" content=\"THE GREEN EXPEDITION &#8211; ROUTE 40 &amp; THE GREEN EXPEDITION PARIS-CAP NORD Atypik Travel Organisation (ATO), est connu dans l&rsquo;organisation de raids motoris\u00e9s d&rsquo;endurance, avec des v\u00e9hicules atypiques, r\u00e9alis\u00e9s dans&hellip;\" \/>\n<meta property=\"og:url\" content=\"https:\/\/frequence-sille.org\/newsite\/les-evenements\/the-green-expedition\/\" \/>\n<meta property=\"og:site_name\" content=\"Fr\u00e9quence Sill\u00e9\" \/>\n<meta property=\"article:publisher\" content=\"https:\/\/www.facebook.com\/frequencesille979fm\" \/>\n<meta property=\"article:modified_time\" content=\"2021-09-08T16:38:38+00:00\" \/>\n<meta name=\"twitter:card\" content=\"summary_large_image\" \/>\n<meta name=\"twitter:site\" content=\"@freqsille979\" \/>\n<meta name=\"twitter:label1\" content=\"Dur\u00e9e de lecture estim\u00e9e\" \/>\n\t<meta name=\"twitter:data1\" content=\"1 minute\" \/>\n<script type=\"application\/ld+json\" class=\"yoast-schema-graph\">{\"@context\":\"https:\\\/\\\/schema.org\",\"@graph\":[{\"@type\":\"WebPage\",\"@id\":\"https:\\\/\\\/frequence-sille.org\\\/newsite\\\/les-evenements\\\/the-green-expedition\\\/\",\"url\":\"https:\\\/\\\/frequence-sille.org\\\/newsite\\\/les-evenements\\\/the-green-expedition\\\/\",\"name\":\"The green expedition - Fr\u00e9quence Sill\u00e9\",\"isPartOf\":{\"@id\":\"https:\\\/\\\/frequence-sille.org\\\/newsite\\\/#website\"},\"datePublished\":\"2019-02-15T11:24:27+00:00\",\"dateModified\":\"2021-09-08T16:38:38+00:00\",\"breadcrumb\":{\"@id\":\"https:\\\/\\\/frequence-sille.org\\\/newsite\\\/les-evenements\\\/the-green-expedition\\\/#breadcrumb\"},\"inLanguage\":\"fr-FR\",\"potentialAction\":[{\"@type\":\"ReadAction\",\"target\":[\"https:\\\/\\\/frequence-sille.org\\\/newsite\\\/les-evenements\\\/the-green-expedition\\\/\"]}]},{\"@type\":\"BreadcrumbList\",\"@id\":\"https:\\\/\\\/frequence-sille.org\\\/newsite\\\/les-evenements\\\/the-green-expedition\\\/#breadcrumb\",\"itemListElement\":[{\"@type\":\"ListItem\",\"position\":1,\"name\":\"Accueil\",\"item\":\"https:\\\/\\\/frequence-sille.org\\\/newsite\\\/\"},{\"@type\":\"ListItem\",\"position\":2,\"name\":\"Les \u00e9v\u00e9nements\",\"item\":\"https:\\\/\\\/frequence-sille.org\\\/newsite\\\/les-evenements\\\/\"},{\"@type\":\"ListItem\",\"position\":3,\"name\":\"The green expedition\"}]},{\"@type\":\"WebSite\",\"@id\":\"https:\\\/\\\/frequence-sille.org\\\/newsite\\\/#website\",\"url\":\"https:\\\/\\\/frequence-sille.org\\\/newsite\\\/\",\"name\":\"Fr\u00e9quence Sill\u00e9\",\"description\":\"Bien plus qu&#039;une radio...votre radio !\",\"publisher\":{\"@id\":\"https:\\\/\\\/frequence-sille.org\\\/newsite\\\/#organization\"},\"potentialAction\":[{\"@type\":\"SearchAction\",\"target\":{\"@type\":\"EntryPoint\",\"urlTemplate\":\"https:\\\/\\\/frequence-sille.org\\\/newsite\\\/?s={search_term_string}\"},\"query-input\":{\"@type\":\"PropertyValueSpecification\",\"valueRequired\":true,\"valueName\":\"search_term_string\"}}],\"inLanguage\":\"fr-FR\"},{\"@type\":\"Organization\",\"@id\":\"https:\\\/\\\/frequence-sille.org\\\/newsite\\\/#organization\",\"name\":\"Fr\u00e9quence Sill\u00e9\",\"url\":\"https:\\\/\\\/frequence-sille.org\\\/newsite\\\/\",\"logo\":{\"@type\":\"ImageObject\",\"inLanguage\":\"fr-FR\",\"@id\":\"https:\\\/\\\/frequence-sille.org\\\/newsite\\\/#\\\/schema\\\/logo\\\/image\\\/\",\"url\":\"https:\\\/\\\/frequence-sille.org\\\/newsite\\\/wp-content\\\/uploads\\\/2023\\\/07\\\/LOGO_979_NOIR.png\",\"contentUrl\":\"https:\\\/\\\/frequence-sille.org\\\/newsite\\\/wp-content\\\/uploads\\\/2023\\\/07\\\/LOGO_979_NOIR.png\",\"width\":7680,\"height\":4320,\"caption\":\"Fr\u00e9quence Sill\u00e9\"},\"image\":{\"@id\":\"https:\\\/\\\/frequence-sille.org\\\/newsite\\\/#\\\/schema\\\/logo\\\/image\\\/\"},\"sameAs\":[\"https:\\\/\\\/www.facebook.com\\\/frequencesille979fm\",\"https:\\\/\\\/x.com\\\/freqsille979\",\"https:\\\/\\\/www.instagram.com\\\/frequencesille\\\/\"]}]}<\/script>\n<!-- \/ Yoast SEO plugin. -->","yoast_head_json":{"title":"The green expedition - Fr\u00e9quence Sill\u00e9","robots":{"index":"index","follow":"follow","max-snippet":"max-snippet:-1","max-image-preview":"max-image-preview:large","max-video-preview":"max-video-preview:-1"},"canonical":"https:\/\/frequence-sille.org\/newsite\/les-evenements\/the-green-expedition\/","og_locale":"fr_FR","og_type":"article","og_title":"The green expedition - Fr\u00e9quence Sill\u00e9","og_description":"THE GREEN EXPEDITION &#8211; ROUTE 40 &amp; THE GREEN EXPEDITION PARIS-CAP NORD Atypik Travel Organisation (ATO), est connu dans l&rsquo;organisation de raids motoris\u00e9s d&rsquo;endurance, avec des v\u00e9hicules atypiques, r\u00e9alis\u00e9s dans&hellip;","og_url":"https:\/\/frequence-sille.org\/newsite\/les-evenements\/the-green-expedition\/","og_site_name":"Fr\u00e9quence Sill\u00e9","article_publisher":"https:\/\/www.facebook.com\/frequencesille979fm","article_modified_time":"2021-09-08T16:38:38+00:00","twitter_card":"summary_large_image","twitter_site":"@freqsille979","twitter_misc":{"Dur\u00e9e de lecture estim\u00e9e":"1 minute"},"schema":{"@context":"https:\/\/schema.org","@graph":[{"@type":"WebPage","@id":"https:\/\/frequence-sille.org\/newsite\/les-evenements\/the-green-expedition\/","url":"https:\/\/frequence-sille.org\/newsite\/les-evenements\/the-green-expedition\/","name":"The green expedition - Fr\u00e9quence Sill\u00e9","isPartOf":{"@id":"https:\/\/frequence-sille.org\/newsite\/#website"},"datePublished":"2019-02-15T11:24:27+00:00","dateModified":"2021-09-08T16:38:38+00:00","breadcrumb":{"@id":"https:\/\/frequence-sille.org\/newsite\/les-evenements\/the-green-expedition\/#breadcrumb"},"inLanguage":"fr-FR","potentialAction":[{"@type":"ReadAction","target":["https:\/\/frequence-sille.org\/newsite\/les-evenements\/the-green-expedition\/"]}]},{"@type":"BreadcrumbList","@id":"https:\/\/frequence-sille.org\/newsite\/les-evenements\/the-green-expedition\/#breadcrumb","itemListElement":[{"@type":"ListItem","position":1,"name":"Accueil","item":"https:\/\/frequence-sille.org\/newsite\/"},{"@type":"ListItem","position":2,"name":"Les \u00e9v\u00e9nements","item":"https:\/\/frequence-sille.org\/newsite\/les-evenements\/"},{"@type":"ListItem","position":3,"name":"The green expedition"}]},{"@type":"WebSite","@id":"https:\/\/frequence-sille.org\/newsite\/#website","url":"https:\/\/frequence-sille.org\/newsite\/","name":"Fr\u00e9quence Sill\u00e9","description":"Bien plus qu&#039;une radio...votre radio !","publisher":{"@id":"https:\/\/frequence-sille.org\/newsite\/#organization"},"potentialAction":[{"@type":"SearchAction","target":{"@type":"EntryPoint","urlTemplate":"https:\/\/frequence-sille.org\/newsite\/?s={search_term_string}"},"query-input":{"@type":"PropertyValueSpecification","valueRequired":true,"valueName":"search_term_string"}}],"inLanguage":"fr-FR"},{"@type":"Organization","@id":"https:\/\/frequence-sille.org\/newsite\/#organization","name":"Fr\u00e9quence Sill\u00e9","url":"https:\/\/frequence-sille.org\/newsite\/","logo":{"@type":"ImageObject","inLanguage":"fr-FR","@id":"https:\/\/frequence-sille.org\/newsite\/#\/schema\/logo\/image\/","url":"https:\/\/frequence-sille.org\/newsite\/wp-content\/uploads\/2023\/07\/LOGO_979_NOIR.png","contentUrl":"https:\/\/frequence-sille.org\/newsite\/wp-content\/uploads\/2023\/07\/LOGO_979_NOIR.png","width":7680,"height":4320,"caption":"Fr\u00e9quence Sill\u00e9"},"image":{"@id":"https:\/\/frequence-sille.org\/newsite\/#\/schema\/logo\/image\/"},"sameAs":["https:\/\/www.facebook.com\/frequencesille979fm","https:\/\/x.com\/freqsille979","https:\/\/www.instagram.com\/frequencesille\/"]}]}},"_links":{"self":[{"href":"https:\/\/frequence-sille.org\/newsite\/wp-json\/wp\/v2\/pages\/5303","targetHints":{"allow":["GET"]}}],"collection":[{"href":"https:\/\/frequence-sille.org\/newsite\/wp-json\/wp\/v2\/pages"}],"about":[{"href":"https:\/\/frequence-sille.org\/newsite\/wp-json\/wp\/v2\/types\/page"}],"author":[{"embeddable":true,"href":"https:\/\/frequence-sille.org\/newsite\/wp-json\/wp\/v2\/users\/1"}],"replies":[{"embeddable":true,"href":"https:\/\/frequence-sille.org\/newsite\/wp-json\/wp\/v2\/comments?post=5303"}],"version-history":[{"count":1,"href":"https:\/\/frequence-sille.org\/newsite\/wp-json\/wp\/v2\/pages\/5303\/revisions"}],"predecessor-version":[{"id":5304,"href":"https:\/\/frequence-sille.org\/newsite\/wp-json\/wp\/v2\/pages\/5303\/revisions\/5304"}],"up":[{"embeddable":true,"href":"https:\/\/frequence-sille.org\/newsite\/wp-json\/wp\/v2\/pages\/30"}],"wp:attachment":[{"href":"https:\/\/frequence-sille.org\/newsite\/wp-json\/wp\/v2\/media?parent=5303"}],"curies":[{"name":"wp","href":"https:\/\/api.w.org\/{rel}","templated":true}]}}