{"id":55,"date":"2016-07-23T09:13:55","date_gmt":"2016-07-23T08:13:55","guid":{"rendered":"http:\/\/frequence-sille.org\/newsite\/?page_id=55"},"modified":"2021-09-08T17:38:39","modified_gmt":"2021-09-08T16:38:39","slug":"comice-2016","status":"publish","type":"page","link":"https:\/\/frequence-sille.org\/newsite\/les-evenements\/archives\/comice-2016\/","title":{"rendered":"Comice 2016"},"content":{"rendered":"<p>A Rouess\u00e9 Vass\u00e9, les 19, 20 et 21 ao\u00fbt, se tenait la 153e \u00e9dition du comice agricole du canton de Sill\u00e9. Fr\u00e9quence Sill\u00e9, partenaire m\u00e9dia et exposant sur ce comice, vous pr\u00e9sente ici une petite r\u00e9trospective en sons et en images de cet \u00e9v\u00e9nement local.<\/p>\n<p><strong>Les organisateurs<\/strong><\/p>\n<p>Joel Barrier, maire de Rouess\u00e9 Vass\u00e9, Marc Coulon, Pr\u00e9sident de l\u2019association du comice de Rouess\u00e9 Vass\u00e9 \u00e9voquent la mobilisation b\u00e9n\u00e9vole sur Rouess\u00e9 Vass\u00e9 et l\u2019actualit\u00e9 du monde rural, y compris la crise qui touche les \u00e9leveurs.<\/p>\n<p><iframe loading=\"lazy\" id=\"hearthis_at_track_1247454\" src=\"https:\/\/hearthis.at\/embed\/1247454\/transparent_black\/?hcolor=&amp;color=&amp;style=2&amp;block_size=2&amp;block_space=1&amp;background=1&amp;waveform=0&amp;cover=0&amp;autoplay=0&amp;css=\" width=\"100%\" height=\"150\" frameborder=\"0\" scrolling=\"no\"><iframe loading=\"lazy\" id=\"playerIframe_866\" class=\"playerIframe\" src=\"http:\/\/frequencesille.universpodcast.com\/embed-player\/?p=866&amp;no_playlist=1&amp;format=small&amp;meta=1\" width=\"100%\" height=\"116\" frameborder=\"0\" scrolling=\"no\" allowfullscreen=\"allowfullscreen\">http:\/\/frequencesille.universpodcast.com\/<\/iframe><\/iframe><\/p>\n<p>Beno\u00eet Coulon, \u00e9leveur de bovins \u00e0 viande et de volailles \u00e0 Rouess\u00e9-Vass\u00e9. Interview de Eric Lucas.<\/p>\n<p><iframe loading=\"lazy\" id=\"hearthis_at_track_1247459\" src=\"https:\/\/hearthis.at\/embed\/1247459\/transparent_black\/?hcolor=&amp;color=&amp;style=2&amp;block_size=2&amp;block_space=1&amp;background=1&amp;waveform=0&amp;cover=0&amp;autoplay=0&amp;css=\" width=\"100%\" height=\"150\" frameborder=\"0\" scrolling=\"no\"><\/iframe><\/p>\n<p>Herv\u00e9 Blot, conseiller en \u00e9levage laitier (Clasel). Interview de Eric Lucas.<\/p>\n<p><iframe loading=\"lazy\" id=\"hearthis_at_track_1247457\" src=\"https:\/\/hearthis.at\/embed\/1247457\/transparent_black\/?hcolor=&amp;color=&amp;style=2&amp;block_size=2&amp;block_space=1&amp;background=1&amp;waveform=0&amp;cover=0&amp;autoplay=0&amp;css=\" width=\"100%\" height=\"150\" frameborder=\"0\" scrolling=\"no\"><\/iframe><\/p>\n<p>Jacques Guittet, ins\u00e9minateur sur le secteur de Sill\u00e9-le-Guillaume. Interview de Eric Lucas.<\/p>\n<p><iframe loading=\"lazy\" id=\"hearthis_at_track_1247456\" src=\"https:\/\/hearthis.at\/embed\/1247456\/transparent_black\/?hcolor=&amp;color=&amp;style=2&amp;block_size=2&amp;block_space=1&amp;background=1&amp;waveform=0&amp;cover=0&amp;autoplay=0&amp;css=\" width=\"100%\" height=\"150\" frameborder=\"0\" scrolling=\"no\"><\/iframe><\/p>\n<p>Mathias Leguy et Alexis Leseve, tr\u00e8s jeunes \u00e9leveurs de moutons d\u2019Ouessant, lapins et poules\u00a0; Interview de Claire Lemaitre.<\/p>\n<p><iframe loading=\"lazy\" id=\"hearthis_at_track_1247455\" src=\"https:\/\/hearthis.at\/embed\/1247455\/transparent_black\/?hcolor=&amp;color=&amp;style=2&amp;block_size=2&amp;block_space=1&amp;background=1&amp;waveform=0&amp;cover=0&amp;autoplay=0&amp;css=\" width=\"100%\" height=\"150\" frameborder=\"0\" scrolling=\"no\"><\/iframe><\/p>\n<p>Mr Ragot Nicolas, pr\u00e9sident des jeunes agriculteurs de la Sarthe, nous parle des diff\u00e9rentes formations \u00e0 suivre pour devenir agriculteur, de la crise que traverse le monde agricole mais \u00e9galement de l\u2019optimisme qui doit rester de mise malgr\u00e9 les difficult\u00e9s.<\/p>\n<p><iframe loading=\"lazy\" id=\"hearthis_at_track_1247436\" src=\"https:\/\/hearthis.at\/embed\/1247436\/transparent_black\/?hcolor=&amp;color=&amp;style=2&amp;block_size=2&amp;block_space=1&amp;background=1&amp;waveform=0&amp;cover=0&amp;autoplay=0&amp;css=\" width=\"100%\" height=\"150\" frameborder=\"0\" scrolling=\"no\"><\/iframe><\/p>\n<p>&nbsp;<\/p>\n<p><strong>Les autres types de production<\/strong><\/p>\n<p>Patrick Brochard, Balade au Jardin d\u2019Epineu le Chevreul, avec ses \u0153ufs, ses fruits propose des sorbets, des confitures et des p\u00e2tes sur le march\u00e9 du terroir.<\/p>\n<p><iframe loading=\"lazy\" id=\"hearthis_at_track_1247445\" src=\"https:\/\/hearthis.at\/embed\/1247445\/transparent_black\/?hcolor=&amp;color=&amp;style=2&amp;block_size=2&amp;block_space=1&amp;background=1&amp;waveform=0&amp;cover=0&amp;autoplay=0&amp;css=\" width=\"100%\" height=\"150\" frameborder=\"0\" scrolling=\"no\"><iframe loading=\"lazy\" id=\"playerIframe_887\" class=\"playerIframe\" src=\"http:\/\/frequencesille.universpodcast.com\/embed-player\/?p=887&amp;no_playlist=1&amp;format=small&amp;meta=1\" width=\"100%\" height=\"116\" frameborder=\"0\" scrolling=\"no\" allowfullscreen=\"allowfullscreen\">http:\/\/frequencesille.universpodcast.com\/<\/iframe><\/iframe><\/p>\n<p>Carine et Laurent Barbier, de la \u00ab\u00a0Ferme des Fouillets\u00a0\u00bb \u00e0 Evron, \u00e9voquent les productions de miel et de l\u00e9gumes \u00ab\u00a0au naturel\u00a0\u00bb\u00a0. On en apprend beaucoup sur les menaces sur les abeilles et les caract\u00e9ristiques des miels.<\/p>\n<p><iframe loading=\"lazy\" id=\"hearthis_at_track_1247452\" src=\"https:\/\/hearthis.at\/embed\/1247452\/transparent_black\/?hcolor=&amp;color=&amp;style=2&amp;block_size=2&amp;block_space=1&amp;background=1&amp;waveform=0&amp;cover=0&amp;autoplay=0&amp;css=\" width=\"100%\" height=\"150\" frameborder=\"0\" scrolling=\"no\"><\/iframe><\/p>\n<p>Raymond Galpin, pr\u00e9sident des \u00ab\u00a0Jardinier sarthois\u00a0\u00bb et un des animateurs de la vie des comices agricoles sur Sill\u00e9 pendant des ann\u00e9es, insiste sur l\u2019importance de cultiver son jardin.<\/p>\n<p><iframe loading=\"lazy\" id=\"hearthis_at_track_1247451\" src=\"https:\/\/hearthis.at\/embed\/1247451\/transparent_black\/?hcolor=&amp;color=&amp;style=2&amp;block_size=2&amp;block_space=1&amp;background=1&amp;waveform=0&amp;cover=0&amp;autoplay=0&amp;css=\" width=\"100%\" height=\"150\" frameborder=\"0\" scrolling=\"no\"><\/iframe><\/p>\n<p>&nbsp;<\/p>\n<p><strong>Le artisans, commer\u00e7ants, banque<br \/>\n<\/strong><\/p>\n<p>Guillaume Laumaill\u00e9, Directeur adjoint Cr\u00e9dit Agricole Conlie Sill\u00e9. Il \u00e9voque les \u00e9volutions des activit\u00e9 bancaires en milieu rural et le soutien \u00e0 la vie associative.<\/p>\n<p><iframe loading=\"lazy\" id=\"hearthis_at_track_1247450\" src=\"https:\/\/hearthis.at\/embed\/1247450\/transparent_black\/?hcolor=&amp;color=&amp;style=2&amp;block_size=2&amp;block_space=1&amp;background=1&amp;waveform=0&amp;cover=0&amp;autoplay=0&amp;css=\" width=\"100%\" height=\"150\" frameborder=\"0\" scrolling=\"no\"><\/iframe><\/p>\n<p>Christophe Duhem, entreprise \u00ab\u00a0Projet O\u00a0\u00bb. Sur les installation, entretien, charges et avantages des piscines et spa.<\/p>\n<p><iframe loading=\"lazy\" id=\"hearthis_at_track_1247448\" src=\"https:\/\/hearthis.at\/embed\/1247448\/transparent_black\/?hcolor=&amp;color=&amp;style=2&amp;block_size=2&amp;block_space=1&amp;background=1&amp;waveform=0&amp;cover=0&amp;autoplay=0&amp;css=\" width=\"100%\" height=\"150\" frameborder=\"0\" scrolling=\"no\"><\/iframe><\/p>\n<p>Christophe Duhem, entreprise \u00ab\u00a0Projet O\u00a0\u00bb. Sur le Spanc, la probl\u00e9matique de l\u2019assainissement autonome de la maison.<\/p>\n<p><iframe loading=\"lazy\" id=\"hearthis_at_track_1247449\" src=\"https:\/\/hearthis.at\/embed\/1247449\/transparent_black\/?hcolor=&amp;color=&amp;style=2&amp;block_size=2&amp;block_space=1&amp;background=1&amp;waveform=0&amp;cover=0&amp;autoplay=0&amp;css=\" width=\"100%\" height=\"150\" frameborder=\"0\" scrolling=\"no\"><\/iframe><\/p>\n<p>Benoit Gibon, g\u00e9rant de Gibon Jacques SARL, de Courcit\u00e9, sur les charpentes, couverture, ossature bois et isolation ext\u00e9rieure.<\/p>\n<p><iframe loading=\"lazy\" id=\"hearthis_at_track_1247447\" src=\"https:\/\/hearthis.at\/embed\/1247447\/transparent_black\/?hcolor=&amp;color=&amp;style=2&amp;block_size=2&amp;block_space=1&amp;background=1&amp;waveform=0&amp;cover=0&amp;autoplay=0&amp;css=\" width=\"100%\" height=\"150\" frameborder=\"0\" scrolling=\"no\"><\/iframe><\/p>\n<p>Pr\u00e9sentation d\u2019une entreprise de Rouess\u00e9-Vass\u00e9, \u00ab Entragri-Concept \u00bb qui propose \u00e0 la vente des remorques pour les agriculteurs mais aussi des remorques personnalisable sp\u00e9cialis\u00e9 dans le transport de moto. C\u2019est le g\u00e9rant de la soci\u00e9t\u00e9 Philippe Ledru qui \u00e0 r\u00e9pondu aux questions de William Fosse.<\/p>\n<p><iframe loading=\"lazy\" id=\"hearthis_at_track_1247435\" src=\"https:\/\/hearthis.at\/embed\/1247435\/transparent_black\/?hcolor=&amp;color=&amp;style=2&amp;block_size=2&amp;block_space=1&amp;background=1&amp;waveform=0&amp;cover=0&amp;autoplay=0&amp;css=\" width=\"100%\" height=\"150\" frameborder=\"0\" scrolling=\"no\"><\/iframe><\/p>\n<p>Alain Moulard est revendeur des produits H2O at Home, soci\u00e9t\u00e9 de vente directe de produits m\u00e9nagers \u00e9cologiques et d\u2019une gamme de cosm\u00e9tique bio, sous la marque H2bio. Interview William Fosse.<\/p>\n<p><iframe loading=\"lazy\" id=\"hearthis_at_track_1247434\" src=\"https:\/\/hearthis.at\/embed\/1247434\/transparent_black\/?hcolor=&amp;color=&amp;style=2&amp;block_size=2&amp;block_space=1&amp;background=1&amp;waveform=0&amp;cover=0&amp;autoplay=0&amp;css=\" width=\"100%\" height=\"150\" frameborder=\"0\" scrolling=\"no\"><\/iframe><\/p>\n<p>Nous avons propos\u00e9 \u00e0 tous les exposants, professionnels de l&rsquo;automobile de Sill\u00e9, de nous rejoindre sur notre studio pour une table ronde sur la particularit\u00e9 du march\u00e9 automobile en zone rurale. Nous retrouvons Jason Chr\u00e9tien\u00a0 g\u00e9rant du garage AD-Duceau de Parennes (multimarque), S\u00e9bastien Hermenault conseiller commercial chez Bayi Auto Sill\u00e9 (Peugeot), S\u00e9bastien Verrier g\u00e9rant d&rsquo;un garage toutes marques et carrossier inventif. En voiture !!!<\/p>\n<p><iframe loading=\"lazy\" id=\"hearthis_at_track_1247424\" src=\"https:\/\/hearthis.at\/embed\/1247424\/transparent_black\/?hcolor=&amp;color=&amp;style=2&amp;block_size=2&amp;block_space=1&amp;background=1&amp;waveform=0&amp;cover=0&amp;autoplay=0&amp;css=\" width=\"100%\" height=\"150\" frameborder=\"0\" scrolling=\"no\"><iframe loading=\"lazy\" id=\"playerIframe_986\" class=\"playerIframe\" src=\"http:\/\/frequencesille.universpodcast.com\/embed-player\/?p=986&amp;no_playlist=1&amp;format=small&amp;meta=1\" width=\"100%\" height=\"116\" frameborder=\"0\" scrolling=\"no\" allowfullscreen=\"allowfullscreen\">http:\/\/frequencesille.universpodcast.com\/<\/iframe><\/iframe><\/p>\n<p>&nbsp;<\/p>\n<p><strong>Les autres acteurs du territoire<\/strong><\/p>\n<p>Entretien avec Mathieu Mousset, g\u00e9rant de la soci\u00e9t\u00e9 \u00ab Sc\u00e8ne et Son \u00bb de Sill\u00e9, entreprise sp\u00e9cialis\u00e9e dans l\u2019\u00e9clairage, la sonorisation et la vid\u00e9o, et qui \u00e9tait en charge cette ann\u00e9e de la sonorisation du comice de Rouess\u00e9-Vass\u00e9.<\/p>\n<p><iframe loading=\"lazy\" id=\"hearthis_at_track_1247419\" src=\"https:\/\/hearthis.at\/embed\/1247419\/transparent_black\/?hcolor=&amp;color=&amp;style=2&amp;block_size=2&amp;block_space=1&amp;background=1&amp;waveform=0&amp;cover=0&amp;autoplay=0&amp;css=\" width=\"100%\" height=\"150\" frameborder=\"0\" scrolling=\"no\"><\/iframe><\/p>\n<p>Il est de tradition de c\u00e9l\u00e9brer une messe en plein air le dimanche matin du comice. Laurent Husset, cur\u00e9 de Sill\u00e9, nous en parle et \u00e9voque sa mission sur notre territoire.<\/p>\n<p><iframe loading=\"lazy\" id=\"hearthis_at_track_1247420\" src=\"https:\/\/hearthis.at\/embed\/1247420\/transparent_black\/?hcolor=&amp;color=&amp;style=2&amp;block_size=2&amp;block_space=1&amp;background=1&amp;waveform=0&amp;cover=0&amp;autoplay=0&amp;css=\" width=\"100%\" height=\"150\" frameborder=\"0\" scrolling=\"no\"><\/iframe><\/p>\n<p>&nbsp;<\/p>\n<p><strong>Les \u00e9lus<\/strong><\/p>\n<p>Discours des officiels et repr\u00e9sentants du monde agricole le samedi apr\u00e8s-midi<\/p>\n<p><iframe loading=\"lazy\" id=\"hearthis_at_track_1247426\" src=\"https:\/\/hearthis.at\/embed\/1247426\/transparent_black\/?hcolor=&amp;color=&amp;style=2&amp;block_size=2&amp;block_space=1&amp;background=1&amp;waveform=0&amp;cover=0&amp;autoplay=0&amp;css=\" width=\"100%\" height=\"150\" frameborder=\"0\" scrolling=\"no\"><\/iframe><\/p>\n<p>Jean Claude Boulard, S\u00e9nateur, Maire du Mans, sur la valorisation du monde rural<\/p>\n<p><iframe loading=\"lazy\" id=\"hearthis_at_track_1247444\" src=\"https:\/\/hearthis.at\/embed\/1247444\/transparent_black\/?hcolor=&amp;color=&amp;style=2&amp;block_size=2&amp;block_space=1&amp;background=1&amp;waveform=0&amp;cover=0&amp;autoplay=0&amp;css=\" width=\"100%\" height=\"150\" frameborder=\"0\" scrolling=\"no\"><\/iframe><\/p>\n<p>Fran\u00e7oise Dubois, D\u00e9put\u00e9e de la premi\u00e8re circonscription de la Sarthe, \u00e9voque la crise qui frappe le monde agricole.<\/p>\n<p><iframe loading=\"lazy\" id=\"hearthis_at_track_1247442\" src=\"https:\/\/hearthis.at\/embed\/1247442\/transparent_black\/?hcolor=&amp;color=&amp;style=2&amp;block_size=2&amp;block_space=1&amp;background=1&amp;waveform=0&amp;cover=0&amp;autoplay=0&amp;css=\" width=\"100%\" height=\"150\" frameborder=\"0\" scrolling=\"no\"><\/iframe><\/p>\n<p>G\u00e9rard Galpin, Conseiller d\u00e9partemental, Maire de Sill\u00e9 Le Guillaume, sur l\u2019importance des comices, ses liens personnels avec la terre, les r\u00f4les que le Conseil d\u00e9partemental peut jouer pour soutenir les producteurs locaux\u00a0. En ce jour important aussi \u00e0 Rio pour Manon Houette notre h\u00e9ro\u00efne de l\u2019\u00e9quipe f\u00e9minine de Hand-ball, on partage les espoirs et les fiert\u00e9s\u00a0. Bon\u00a0! La Russie a gagn\u00e9 mais la m\u00e9daille d\u2019argent c\u2019est une une remarquable performance\u00a0. Bravo \u00e0 Manon et ses camarades.<\/p>\n<p><iframe loading=\"lazy\" id=\"hearthis_at_track_1247440\" src=\"https:\/\/hearthis.at\/embed\/1247440\/transparent_black\/?hcolor=&amp;color=&amp;style=2&amp;block_size=2&amp;block_space=1&amp;background=1&amp;waveform=0&amp;cover=0&amp;autoplay=0&amp;css=\" width=\"100%\" height=\"150\" frameborder=\"0\" scrolling=\"no\"><\/iframe><\/p>\n<p>Fran\u00e7ois Robin, Pr\u00e9sident du Pays de la Haute Sarthe, sur les comices cantonaux et les recompositions territoriales.<\/p>\n<p><iframe loading=\"lazy\" id=\"hearthis_at_track_1247441\" src=\"https:\/\/hearthis.at\/embed\/1247441\/transparent_black\/?hcolor=&amp;color=&amp;style=2&amp;block_size=2&amp;block_space=1&amp;background=1&amp;waveform=0&amp;cover=0&amp;autoplay=0&amp;css=\" width=\"100%\" height=\"150\" frameborder=\"0\" scrolling=\"no\"><\/iframe><\/p>\n<p>&nbsp;<\/p>\n","protected":false},"excerpt":{"rendered":"<p>A Rouess\u00e9 Vass\u00e9, les 19, 20 et 21 ao\u00fbt, se tenait la 153e \u00e9dition du comice agricole du canton de Sill\u00e9. Fr\u00e9quence Sill\u00e9, partenaire m\u00e9dia et exposant sur ce comice,&hellip;<\/p>\n","protected":false},"author":1,"featured_media":0,"parent":3219,"menu_order":163,"comment_status":"closed","ping_status":"closed","template":"","meta":{"footnotes":""},"class_list":["post-55","page","type-page","status-publish","hentry","no-post-thumbnail"],"yoast_head":"<!-- This site is optimized with the Yoast SEO plugin v27.3 - https:\/\/yoast.com\/product\/yoast-seo-wordpress\/ -->\n<title>Comice 2016 - Fr\u00e9quence Sill\u00e9<\/title>\n<meta name=\"robots\" content=\"index, follow, max-snippet:-1, max-image-preview:large, max-video-preview:-1\" \/>\n<link rel=\"canonical\" href=\"https:\/\/frequence-sille.org\/newsite\/les-evenements\/archives\/comice-2016\/\" \/>\n<meta property=\"og:locale\" content=\"fr_FR\" \/>\n<meta property=\"og:type\" content=\"article\" \/>\n<meta property=\"og:title\" content=\"Comice 2016 - Fr\u00e9quence Sill\u00e9\" \/>\n<meta property=\"og:description\" content=\"A Rouess\u00e9 Vass\u00e9, les 19, 20 et 21 ao\u00fbt, se tenait la 153e \u00e9dition du comice agricole du canton de Sill\u00e9. Fr\u00e9quence Sill\u00e9, partenaire m\u00e9dia et exposant sur ce comice,&hellip;\" \/>\n<meta property=\"og:url\" content=\"https:\/\/frequence-sille.org\/newsite\/les-evenements\/archives\/comice-2016\/\" \/>\n<meta property=\"og:site_name\" content=\"Fr\u00e9quence Sill\u00e9\" \/>\n<meta property=\"article:publisher\" content=\"https:\/\/www.facebook.com\/frequencesille979fm\" \/>\n<meta property=\"article:modified_time\" content=\"2021-09-08T16:38:39+00:00\" \/>\n<meta name=\"twitter:card\" content=\"summary_large_image\" \/>\n<meta name=\"twitter:site\" content=\"@freqsille979\" \/>\n<meta name=\"twitter:label1\" content=\"Dur\u00e9e de lecture estim\u00e9e\" \/>\n\t<meta name=\"twitter:data1\" content=\"4 minutes\" \/>\n<script type=\"application\/ld+json\" class=\"yoast-schema-graph\">{\"@context\":\"https:\\\/\\\/schema.org\",\"@graph\":[{\"@type\":\"WebPage\",\"@id\":\"https:\\\/\\\/frequence-sille.org\\\/newsite\\\/les-evenements\\\/archives\\\/comice-2016\\\/\",\"url\":\"https:\\\/\\\/frequence-sille.org\\\/newsite\\\/les-evenements\\\/archives\\\/comice-2016\\\/\",\"name\":\"Comice 2016 - Fr\u00e9quence Sill\u00e9\",\"isPartOf\":{\"@id\":\"https:\\\/\\\/frequence-sille.org\\\/newsite\\\/#website\"},\"datePublished\":\"2016-07-23T08:13:55+00:00\",\"dateModified\":\"2021-09-08T16:38:39+00:00\",\"breadcrumb\":{\"@id\":\"https:\\\/\\\/frequence-sille.org\\\/newsite\\\/les-evenements\\\/archives\\\/comice-2016\\\/#breadcrumb\"},\"inLanguage\":\"fr-FR\",\"potentialAction\":[{\"@type\":\"ReadAction\",\"target\":[\"https:\\\/\\\/frequence-sille.org\\\/newsite\\\/les-evenements\\\/archives\\\/comice-2016\\\/\"]}]},{\"@type\":\"BreadcrumbList\",\"@id\":\"https:\\\/\\\/frequence-sille.org\\\/newsite\\\/les-evenements\\\/archives\\\/comice-2016\\\/#breadcrumb\",\"itemListElement\":[{\"@type\":\"ListItem\",\"position\":1,\"name\":\"Accueil\",\"item\":\"https:\\\/\\\/frequence-sille.org\\\/newsite\\\/\"},{\"@type\":\"ListItem\",\"position\":2,\"name\":\"Les \u00e9v\u00e9nements\",\"item\":\"https:\\\/\\\/frequence-sille.org\\\/newsite\\\/les-evenements\\\/\"},{\"@type\":\"ListItem\",\"position\":3,\"name\":\"Archives 2016\",\"item\":\"https:\\\/\\\/frequence-sille.org\\\/newsite\\\/les-evenements\\\/archives\\\/\"},{\"@type\":\"ListItem\",\"position\":4,\"name\":\"Comice 2016\"}]},{\"@type\":\"WebSite\",\"@id\":\"https:\\\/\\\/frequence-sille.org\\\/newsite\\\/#website\",\"url\":\"https:\\\/\\\/frequence-sille.org\\\/newsite\\\/\",\"name\":\"Fr\u00e9quence Sill\u00e9\",\"description\":\"Bien plus qu&#039;une radio...votre radio !\",\"publisher\":{\"@id\":\"https:\\\/\\\/frequence-sille.org\\\/newsite\\\/#organization\"},\"potentialAction\":[{\"@type\":\"SearchAction\",\"target\":{\"@type\":\"EntryPoint\",\"urlTemplate\":\"https:\\\/\\\/frequence-sille.org\\\/newsite\\\/?s={search_term_string}\"},\"query-input\":{\"@type\":\"PropertyValueSpecification\",\"valueRequired\":true,\"valueName\":\"search_term_string\"}}],\"inLanguage\":\"fr-FR\"},{\"@type\":\"Organization\",\"@id\":\"https:\\\/\\\/frequence-sille.org\\\/newsite\\\/#organization\",\"name\":\"Fr\u00e9quence Sill\u00e9\",\"url\":\"https:\\\/\\\/frequence-sille.org\\\/newsite\\\/\",\"logo\":{\"@type\":\"ImageObject\",\"inLanguage\":\"fr-FR\",\"@id\":\"https:\\\/\\\/frequence-sille.org\\\/newsite\\\/#\\\/schema\\\/logo\\\/image\\\/\",\"url\":\"https:\\\/\\\/frequence-sille.org\\\/newsite\\\/wp-content\\\/uploads\\\/2023\\\/07\\\/LOGO_979_NOIR.png\",\"contentUrl\":\"https:\\\/\\\/frequence-sille.org\\\/newsite\\\/wp-content\\\/uploads\\\/2023\\\/07\\\/LOGO_979_NOIR.png\",\"width\":7680,\"height\":4320,\"caption\":\"Fr\u00e9quence Sill\u00e9\"},\"image\":{\"@id\":\"https:\\\/\\\/frequence-sille.org\\\/newsite\\\/#\\\/schema\\\/logo\\\/image\\\/\"},\"sameAs\":[\"https:\\\/\\\/www.facebook.com\\\/frequencesille979fm\",\"https:\\\/\\\/x.com\\\/freqsille979\",\"https:\\\/\\\/www.instagram.com\\\/frequencesille\\\/\"]}]}<\/script>\n<!-- \/ Yoast SEO plugin. -->","yoast_head_json":{"title":"Comice 2016 - Fr\u00e9quence Sill\u00e9","robots":{"index":"index","follow":"follow","max-snippet":"max-snippet:-1","max-image-preview":"max-image-preview:large","max-video-preview":"max-video-preview:-1"},"canonical":"https:\/\/frequence-sille.org\/newsite\/les-evenements\/archives\/comice-2016\/","og_locale":"fr_FR","og_type":"article","og_title":"Comice 2016 - Fr\u00e9quence Sill\u00e9","og_description":"A Rouess\u00e9 Vass\u00e9, les 19, 20 et 21 ao\u00fbt, se tenait la 153e \u00e9dition du comice agricole du canton de Sill\u00e9. Fr\u00e9quence Sill\u00e9, partenaire m\u00e9dia et exposant sur ce comice,&hellip;","og_url":"https:\/\/frequence-sille.org\/newsite\/les-evenements\/archives\/comice-2016\/","og_site_name":"Fr\u00e9quence Sill\u00e9","article_publisher":"https:\/\/www.facebook.com\/frequencesille979fm","article_modified_time":"2021-09-08T16:38:39+00:00","twitter_card":"summary_large_image","twitter_site":"@freqsille979","twitter_misc":{"Dur\u00e9e de lecture estim\u00e9e":"4 minutes"},"schema":{"@context":"https:\/\/schema.org","@graph":[{"@type":"WebPage","@id":"https:\/\/frequence-sille.org\/newsite\/les-evenements\/archives\/comice-2016\/","url":"https:\/\/frequence-sille.org\/newsite\/les-evenements\/archives\/comice-2016\/","name":"Comice 2016 - Fr\u00e9quence Sill\u00e9","isPartOf":{"@id":"https:\/\/frequence-sille.org\/newsite\/#website"},"datePublished":"2016-07-23T08:13:55+00:00","dateModified":"2021-09-08T16:38:39+00:00","breadcrumb":{"@id":"https:\/\/frequence-sille.org\/newsite\/les-evenements\/archives\/comice-2016\/#breadcrumb"},"inLanguage":"fr-FR","potentialAction":[{"@type":"ReadAction","target":["https:\/\/frequence-sille.org\/newsite\/les-evenements\/archives\/comice-2016\/"]}]},{"@type":"BreadcrumbList","@id":"https:\/\/frequence-sille.org\/newsite\/les-evenements\/archives\/comice-2016\/#breadcrumb","itemListElement":[{"@type":"ListItem","position":1,"name":"Accueil","item":"https:\/\/frequence-sille.org\/newsite\/"},{"@type":"ListItem","position":2,"name":"Les \u00e9v\u00e9nements","item":"https:\/\/frequence-sille.org\/newsite\/les-evenements\/"},{"@type":"ListItem","position":3,"name":"Archives 2016","item":"https:\/\/frequence-sille.org\/newsite\/les-evenements\/archives\/"},{"@type":"ListItem","position":4,"name":"Comice 2016"}]},{"@type":"WebSite","@id":"https:\/\/frequence-sille.org\/newsite\/#website","url":"https:\/\/frequence-sille.org\/newsite\/","name":"Fr\u00e9quence Sill\u00e9","description":"Bien plus qu&#039;une radio...votre radio !","publisher":{"@id":"https:\/\/frequence-sille.org\/newsite\/#organization"},"potentialAction":[{"@type":"SearchAction","target":{"@type":"EntryPoint","urlTemplate":"https:\/\/frequence-sille.org\/newsite\/?s={search_term_string}"},"query-input":{"@type":"PropertyValueSpecification","valueRequired":true,"valueName":"search_term_string"}}],"inLanguage":"fr-FR"},{"@type":"Organization","@id":"https:\/\/frequence-sille.org\/newsite\/#organization","name":"Fr\u00e9quence Sill\u00e9","url":"https:\/\/frequence-sille.org\/newsite\/","logo":{"@type":"ImageObject","inLanguage":"fr-FR","@id":"https:\/\/frequence-sille.org\/newsite\/#\/schema\/logo\/image\/","url":"https:\/\/frequence-sille.org\/newsite\/wp-content\/uploads\/2023\/07\/LOGO_979_NOIR.png","contentUrl":"https:\/\/frequence-sille.org\/newsite\/wp-content\/uploads\/2023\/07\/LOGO_979_NOIR.png","width":7680,"height":4320,"caption":"Fr\u00e9quence Sill\u00e9"},"image":{"@id":"https:\/\/frequence-sille.org\/newsite\/#\/schema\/logo\/image\/"},"sameAs":["https:\/\/www.facebook.com\/frequencesille979fm","https:\/\/x.com\/freqsille979","https:\/\/www.instagram.com\/frequencesille\/"]}]}},"_links":{"self":[{"href":"https:\/\/frequence-sille.org\/newsite\/wp-json\/wp\/v2\/pages\/55","targetHints":{"allow":["GET"]}}],"collection":[{"href":"https:\/\/frequence-sille.org\/newsite\/wp-json\/wp\/v2\/pages"}],"about":[{"href":"https:\/\/frequence-sille.org\/newsite\/wp-json\/wp\/v2\/types\/page"}],"author":[{"embeddable":true,"href":"https:\/\/frequence-sille.org\/newsite\/wp-json\/wp\/v2\/users\/1"}],"replies":[{"embeddable":true,"href":"https:\/\/frequence-sille.org\/newsite\/wp-json\/wp\/v2\/comments?post=55"}],"version-history":[{"count":31,"href":"https:\/\/frequence-sille.org\/newsite\/wp-json\/wp\/v2\/pages\/55\/revisions"}],"predecessor-version":[{"id":2585,"href":"https:\/\/frequence-sille.org\/newsite\/wp-json\/wp\/v2\/pages\/55\/revisions\/2585"}],"up":[{"embeddable":true,"href":"https:\/\/frequence-sille.org\/newsite\/wp-json\/wp\/v2\/pages\/3219"}],"wp:attachment":[{"href":"https:\/\/frequence-sille.org\/newsite\/wp-json\/wp\/v2\/media?parent=55"}],"curies":[{"name":"wp","href":"https:\/\/api.w.org\/{rel}","templated":true}]}}