{"id":576,"date":"2016-08-18T08:55:19","date_gmt":"2016-08-18T07:55:19","guid":{"rendered":"http:\/\/frequence-sille.org\/newsite\/?page_id=576"},"modified":"2021-09-08T17:38:37","modified_gmt":"2021-09-08T16:38:37","slug":"droit-de-suite","status":"publish","type":"page","link":"https:\/\/frequence-sille.org\/newsite\/droit-de-suite\/","title":{"rendered":"Micro Libre"},"content":{"rendered":"<p style=\"text-align: center;\"><img loading=\"lazy\" decoding=\"async\" class=\"alignnone size-medium wp-image-4210\" src=\"http:\/\/frequence-sille.org\/newsite\/wp-content\/uploads\/2018\/04\/microlibre-carre-300x300.jpg\" alt=\"\" width=\"300\" height=\"300\" srcset=\"https:\/\/frequence-sille.org\/newsite\/wp-content\/uploads\/2018\/04\/microlibre-carre-300x300.jpg 300w, https:\/\/frequence-sille.org\/newsite\/wp-content\/uploads\/2018\/04\/microlibre-carre-1020x1024.jpg 1020w, https:\/\/frequence-sille.org\/newsite\/wp-content\/uploads\/2018\/04\/microlibre-carre-150x150.jpg 150w, https:\/\/frequence-sille.org\/newsite\/wp-content\/uploads\/2018\/04\/microlibre-carre-768x771.jpg 768w, https:\/\/frequence-sille.org\/newsite\/wp-content\/uploads\/2018\/04\/microlibre-carre-1530x1536.jpg 1530w, https:\/\/frequence-sille.org\/newsite\/wp-content\/uploads\/2018\/04\/microlibre-carre-140x140.jpg 140w, https:\/\/frequence-sille.org\/newsite\/wp-content\/uploads\/2018\/04\/microlibre-carre.jpg 1623w\" sizes=\"auto, (max-width: 300px) 100vw, 300px\" \/><\/p>\n<p><strong>Pourquoi cette \u00e9mission\u00a0?<\/strong><\/p>\n<p>Ce type d\u2019\u00e9mission de d\u00e9bat et de discussion est inscrit dans le code g\u00e9n\u00e9tique des radios associatives. Petit rappel\u00a0: Les radios libres, puis associatives sont n\u00e9s en France de mani\u00e8re totalement ill\u00e9gales dans le courant des ann\u00e9es 70 et reconnues\u00a0 par l\u2019\u00e9tat en 1982.<\/p>\n<p>Ces radios \u00e9taient des radios militantes et revendiquaient le droit \u00e0 la parole et \u00e0 la libre expression \u00e0 une \u00e9poque ou l&rsquo;audiovisuelle \u00e9tait monopole de l\u2019\u00c9tat.<\/p>\n<p style=\"text-align: center;\"><img loading=\"lazy\" decoding=\"async\" class=\"alignnone size-medium wp-image-1111\" src=\"http:\/\/frequence-sille.org\/newsite\/wp-content\/uploads\/2016\/08\/microlibreequipe1-300x228.jpg\" alt=\"microlibreequipe1\" width=\"300\" height=\"228\" srcset=\"https:\/\/frequence-sille.org\/newsite\/wp-content\/uploads\/2016\/08\/microlibreequipe1-300x228.jpg 300w, https:\/\/frequence-sille.org\/newsite\/wp-content\/uploads\/2016\/08\/microlibreequipe1-768x585.jpg 768w, https:\/\/frequence-sille.org\/newsite\/wp-content\/uploads\/2016\/08\/microlibreequipe1.jpg 800w\" sizes=\"auto, (max-width: 300px) 100vw, 300px\" \/><\/p>\n<p>C\u2019\u00e9tait l\u2019\u00e9poque de Radio Lorraine Coeur d\u2019acier, Radio Feissenheim, Radio Riposte\u2026. Des radios de lutte, des radios d\u2019expression des minorit\u00e9s, des \u00ab\u00a0petites gens\u00a0\u00bb, bref, de tous ceux en fait qui n\u2019avaient pas la parole. 30 ans plus tard, ces radios associatives se sont assagies et professionnalis\u00e9es. Si leur principale mission reste la communication sociale de proximit\u00e9, les \u00e9missions de d\u00e9bat sont devenues tr\u00e8s rares.<\/p>\n<p>Fr\u00e9quence Sill\u00e9, soucieuse de garantir l\u2019expression citoyenne, dans le respect de valeurs tels que les Droits de l\u2019homme et de la diversit\u00e9, a donc souhait\u00e9, par cette \u00e9mission, retrouver un des g\u00eanes fondateurs des radios\u00a0: C\u2019est \u00e0 dire le d\u00e9bat, l\u2019expression libre, mais aussi l\u2019engagement citoyen ou politique, dans le respect de r\u00e8gles d\u00e9ontologiques \u00e9tablies et accept\u00e9es\u00a0: refus de toute diffamation, respect du droit de suite et expression d\u2019une parole plurielle, voir d\u2019opposition.<\/p>\n<p>Fr\u00e9quence Sill\u00e9 revendique ainsi sa particularit\u00e9 dans un paysage audiovisuel tr\u00e8s norm\u00e9. Nous ne sommes pas sur NRJ, ni sur France Bleu ou RMC\u00a0!<\/p>\n<p style=\"text-align: center;\"><img loading=\"lazy\" decoding=\"async\" class=\"alignnone size-medium wp-image-856\" src=\"http:\/\/frequence-sille.org\/newsite\/wp-content\/uploads\/2016\/08\/mircolibre-300x199.jpg\" alt=\"mircolibre\" width=\"300\" height=\"199\" srcset=\"https:\/\/frequence-sille.org\/newsite\/wp-content\/uploads\/2016\/08\/mircolibre-300x199.jpg 300w, https:\/\/frequence-sille.org\/newsite\/wp-content\/uploads\/2016\/08\/mircolibre-768x509.jpg 768w, https:\/\/frequence-sille.org\/newsite\/wp-content\/uploads\/2016\/08\/mircolibre.jpg 800w\" sizes=\"auto, (max-width: 300px) 100vw, 300px\" \/><br \/>\n<em>Franck, Fran\u00e7ois, Eric<\/em><\/p>\n<p>Cette \u00e9mission n\u2019est pas pr\u00e9sent\u00e9e par des journalistes. Nous n\u2019avons pas de carte de presse, nous n\u2019avons donc pas \u00e0 nous cacher derri\u00e8re l\u2019objectivit\u00e9 du journaliste. Nous sommes simplement des acteurs de la vie civile engag\u00e9s dans le milieu associatif ou politique, jeunes, moins jeunes, hommes et femmes.<\/p>\n<p>Les vilains petits canards ne pratiquent pas la langue de bois\u00a0! Il s\u2019agit ici de proposer une lecture diff\u00e9rente de l\u2019information, de susciter votre curiosit\u00e9 et votre libert\u00e9 de penser.<\/p>\n<p style=\"text-align: center;\"><img loading=\"lazy\" decoding=\"async\" class=\"alignnone size-medium wp-image-1298\" src=\"http:\/\/frequence-sille.org\/newsite\/wp-content\/uploads\/2016\/08\/laredo1-300x225.jpg\" alt=\"laredo1\" width=\"300\" height=\"225\" srcset=\"https:\/\/frequence-sille.org\/newsite\/wp-content\/uploads\/2016\/08\/laredo1-300x225.jpg 300w, https:\/\/frequence-sille.org\/newsite\/wp-content\/uploads\/2016\/08\/laredo1-1024x768.jpg 1024w, https:\/\/frequence-sille.org\/newsite\/wp-content\/uploads\/2016\/08\/laredo1-768x576.jpg 768w, https:\/\/frequence-sille.org\/newsite\/wp-content\/uploads\/2016\/08\/laredo1.jpg 1280w\" sizes=\"auto, (max-width: 300px) 100vw, 300px\" \/><br \/>\n<em>Micro Libre au \u00ab\u00a0Laredo\u00a0\u00bb en 2016<\/em><\/p>\n<p>Cette nouvelle \u00e9mission hebdomadaire d\u2019une heure reviendra sur l\u2019information de la semaine \u00e9coul\u00e9e. Chaque chroniqueur, \u00e0 sa convenance, est convi\u00e9 \u00e0 pr\u00e9senter l\u2019information de son choix et \u00e0 lancer un d\u00e9bat avec les autres participants \u00e0 l\u2019\u00e9mission.<\/p>\n<p><iframe loading=\"lazy\" id=\"hearthis_at_user_58945-8445500\" src=\"https:\/\/hearthis.at\/set\/58945-8445500\/embed\/\" width=\"100%\" height=\"350\" frameborder=\"0\" scrolling=\"no\"><\/iframe><\/p>\n<p style=\"text-align: center;\">\n","protected":false},"excerpt":{"rendered":"<p>Pourquoi cette \u00e9mission\u00a0? Ce type d\u2019\u00e9mission de d\u00e9bat et de discussion est inscrit dans le code g\u00e9n\u00e9tique des radios associatives. Petit rappel\u00a0: Les radios libres, puis associatives sont n\u00e9s en&hellip;<\/p>\n","protected":false},"author":1,"featured_media":0,"parent":0,"menu_order":27,"comment_status":"closed","ping_status":"closed","template":"","meta":{"footnotes":""},"class_list":["post-576","page","type-page","status-publish","hentry","no-post-thumbnail"],"yoast_head":"<!-- This site is optimized with the Yoast SEO plugin v27.4 - https:\/\/yoast.com\/product\/yoast-seo-wordpress\/ -->\n<title>Micro Libre - Fr\u00e9quence Sill\u00e9<\/title>\n<meta name=\"robots\" content=\"index, follow, max-snippet:-1, max-image-preview:large, max-video-preview:-1\" \/>\n<link rel=\"canonical\" href=\"https:\/\/frequence-sille.org\/newsite\/infos-et-services__trashed\/droit-de-suite\/\" \/>\n<meta property=\"og:locale\" content=\"fr_FR\" \/>\n<meta property=\"og:type\" content=\"article\" \/>\n<meta property=\"og:title\" content=\"Micro Libre - Fr\u00e9quence Sill\u00e9\" \/>\n<meta property=\"og:description\" content=\"Pourquoi cette \u00e9mission\u00a0? Ce type d\u2019\u00e9mission de d\u00e9bat et de discussion est inscrit dans le code g\u00e9n\u00e9tique des radios associatives. Petit rappel\u00a0: Les radios libres, puis associatives sont n\u00e9s en&hellip;\" \/>\n<meta property=\"og:url\" content=\"https:\/\/frequence-sille.org\/newsite\/infos-et-services__trashed\/droit-de-suite\/\" \/>\n<meta property=\"og:site_name\" content=\"Fr\u00e9quence Sill\u00e9\" \/>\n<meta property=\"article:publisher\" content=\"https:\/\/www.facebook.com\/frequencesille979fm\" \/>\n<meta property=\"article:modified_time\" content=\"2021-09-08T16:38:37+00:00\" \/>\n<meta property=\"og:image\" content=\"http:\/\/frequence-sille.org\/newsite\/wp-content\/uploads\/2018\/04\/microlibre-carre-300x300.jpg\" \/>\n<meta name=\"twitter:card\" content=\"summary_large_image\" \/>\n<meta name=\"twitter:site\" content=\"@freqsille979\" \/>\n<meta name=\"twitter:label1\" content=\"Dur\u00e9e de lecture estim\u00e9e\" \/>\n\t<meta name=\"twitter:data1\" content=\"2 minutes\" \/>\n<script type=\"application\/ld+json\" class=\"yoast-schema-graph\">{\"@context\":\"https:\\\/\\\/schema.org\",\"@graph\":[{\"@type\":\"WebPage\",\"@id\":\"https:\\\/\\\/frequence-sille.org\\\/newsite\\\/infos-et-services__trashed\\\/droit-de-suite\\\/\",\"url\":\"https:\\\/\\\/frequence-sille.org\\\/newsite\\\/infos-et-services__trashed\\\/droit-de-suite\\\/\",\"name\":\"Micro Libre - Fr\u00e9quence Sill\u00e9\",\"isPartOf\":{\"@id\":\"https:\\\/\\\/frequence-sille.org\\\/newsite\\\/#website\"},\"primaryImageOfPage\":{\"@id\":\"https:\\\/\\\/frequence-sille.org\\\/newsite\\\/infos-et-services__trashed\\\/droit-de-suite\\\/#primaryimage\"},\"image\":{\"@id\":\"https:\\\/\\\/frequence-sille.org\\\/newsite\\\/infos-et-services__trashed\\\/droit-de-suite\\\/#primaryimage\"},\"thumbnailUrl\":\"http:\\\/\\\/frequence-sille.org\\\/newsite\\\/wp-content\\\/uploads\\\/2018\\\/04\\\/microlibre-carre-300x300.jpg\",\"datePublished\":\"2016-08-18T07:55:19+00:00\",\"dateModified\":\"2021-09-08T16:38:37+00:00\",\"breadcrumb\":{\"@id\":\"https:\\\/\\\/frequence-sille.org\\\/newsite\\\/infos-et-services__trashed\\\/droit-de-suite\\\/#breadcrumb\"},\"inLanguage\":\"fr-FR\",\"potentialAction\":[{\"@type\":\"ReadAction\",\"target\":[\"https:\\\/\\\/frequence-sille.org\\\/newsite\\\/infos-et-services__trashed\\\/droit-de-suite\\\/\"]}]},{\"@type\":\"ImageObject\",\"inLanguage\":\"fr-FR\",\"@id\":\"https:\\\/\\\/frequence-sille.org\\\/newsite\\\/infos-et-services__trashed\\\/droit-de-suite\\\/#primaryimage\",\"url\":\"https:\\\/\\\/frequence-sille.org\\\/newsite\\\/wp-content\\\/uploads\\\/2018\\\/04\\\/microlibre-carre.jpg\",\"contentUrl\":\"https:\\\/\\\/frequence-sille.org\\\/newsite\\\/wp-content\\\/uploads\\\/2018\\\/04\\\/microlibre-carre.jpg\",\"width\":1623,\"height\":1629},{\"@type\":\"BreadcrumbList\",\"@id\":\"https:\\\/\\\/frequence-sille.org\\\/newsite\\\/infos-et-services__trashed\\\/droit-de-suite\\\/#breadcrumb\",\"itemListElement\":[{\"@type\":\"ListItem\",\"position\":1,\"name\":\"Accueil\",\"item\":\"https:\\\/\\\/frequence-sille.org\\\/newsite\\\/\"},{\"@type\":\"ListItem\",\"position\":2,\"name\":\"Micro Libre\"}]},{\"@type\":\"WebSite\",\"@id\":\"https:\\\/\\\/frequence-sille.org\\\/newsite\\\/#website\",\"url\":\"https:\\\/\\\/frequence-sille.org\\\/newsite\\\/\",\"name\":\"Fr\u00e9quence Sill\u00e9\",\"description\":\"Bien plus qu&#039;une radio...votre radio !\",\"publisher\":{\"@id\":\"https:\\\/\\\/frequence-sille.org\\\/newsite\\\/#organization\"},\"potentialAction\":[{\"@type\":\"SearchAction\",\"target\":{\"@type\":\"EntryPoint\",\"urlTemplate\":\"https:\\\/\\\/frequence-sille.org\\\/newsite\\\/?s={search_term_string}\"},\"query-input\":{\"@type\":\"PropertyValueSpecification\",\"valueRequired\":true,\"valueName\":\"search_term_string\"}}],\"inLanguage\":\"fr-FR\"},{\"@type\":\"Organization\",\"@id\":\"https:\\\/\\\/frequence-sille.org\\\/newsite\\\/#organization\",\"name\":\"Fr\u00e9quence Sill\u00e9\",\"url\":\"https:\\\/\\\/frequence-sille.org\\\/newsite\\\/\",\"logo\":{\"@type\":\"ImageObject\",\"inLanguage\":\"fr-FR\",\"@id\":\"https:\\\/\\\/frequence-sille.org\\\/newsite\\\/#\\\/schema\\\/logo\\\/image\\\/\",\"url\":\"https:\\\/\\\/frequence-sille.org\\\/newsite\\\/wp-content\\\/uploads\\\/2023\\\/07\\\/LOGO_979_NOIR.png\",\"contentUrl\":\"https:\\\/\\\/frequence-sille.org\\\/newsite\\\/wp-content\\\/uploads\\\/2023\\\/07\\\/LOGO_979_NOIR.png\",\"width\":7680,\"height\":4320,\"caption\":\"Fr\u00e9quence Sill\u00e9\"},\"image\":{\"@id\":\"https:\\\/\\\/frequence-sille.org\\\/newsite\\\/#\\\/schema\\\/logo\\\/image\\\/\"},\"sameAs\":[\"https:\\\/\\\/www.facebook.com\\\/frequencesille979fm\",\"https:\\\/\\\/x.com\\\/freqsille979\",\"https:\\\/\\\/www.instagram.com\\\/frequencesille\\\/\"]}]}<\/script>\n<!-- \/ Yoast SEO plugin. -->","yoast_head_json":{"title":"Micro Libre - Fr\u00e9quence Sill\u00e9","robots":{"index":"index","follow":"follow","max-snippet":"max-snippet:-1","max-image-preview":"max-image-preview:large","max-video-preview":"max-video-preview:-1"},"canonical":"https:\/\/frequence-sille.org\/newsite\/infos-et-services__trashed\/droit-de-suite\/","og_locale":"fr_FR","og_type":"article","og_title":"Micro Libre - Fr\u00e9quence Sill\u00e9","og_description":"Pourquoi cette \u00e9mission\u00a0? Ce type d\u2019\u00e9mission de d\u00e9bat et de discussion est inscrit dans le code g\u00e9n\u00e9tique des radios associatives. Petit rappel\u00a0: Les radios libres, puis associatives sont n\u00e9s en&hellip;","og_url":"https:\/\/frequence-sille.org\/newsite\/infos-et-services__trashed\/droit-de-suite\/","og_site_name":"Fr\u00e9quence Sill\u00e9","article_publisher":"https:\/\/www.facebook.com\/frequencesille979fm","article_modified_time":"2021-09-08T16:38:37+00:00","og_image":[{"url":"http:\/\/frequence-sille.org\/newsite\/wp-content\/uploads\/2018\/04\/microlibre-carre-300x300.jpg","type":"","width":"","height":""}],"twitter_card":"summary_large_image","twitter_site":"@freqsille979","twitter_misc":{"Dur\u00e9e de lecture estim\u00e9e":"2 minutes"},"schema":{"@context":"https:\/\/schema.org","@graph":[{"@type":"WebPage","@id":"https:\/\/frequence-sille.org\/newsite\/infos-et-services__trashed\/droit-de-suite\/","url":"https:\/\/frequence-sille.org\/newsite\/infos-et-services__trashed\/droit-de-suite\/","name":"Micro Libre - Fr\u00e9quence Sill\u00e9","isPartOf":{"@id":"https:\/\/frequence-sille.org\/newsite\/#website"},"primaryImageOfPage":{"@id":"https:\/\/frequence-sille.org\/newsite\/infos-et-services__trashed\/droit-de-suite\/#primaryimage"},"image":{"@id":"https:\/\/frequence-sille.org\/newsite\/infos-et-services__trashed\/droit-de-suite\/#primaryimage"},"thumbnailUrl":"http:\/\/frequence-sille.org\/newsite\/wp-content\/uploads\/2018\/04\/microlibre-carre-300x300.jpg","datePublished":"2016-08-18T07:55:19+00:00","dateModified":"2021-09-08T16:38:37+00:00","breadcrumb":{"@id":"https:\/\/frequence-sille.org\/newsite\/infos-et-services__trashed\/droit-de-suite\/#breadcrumb"},"inLanguage":"fr-FR","potentialAction":[{"@type":"ReadAction","target":["https:\/\/frequence-sille.org\/newsite\/infos-et-services__trashed\/droit-de-suite\/"]}]},{"@type":"ImageObject","inLanguage":"fr-FR","@id":"https:\/\/frequence-sille.org\/newsite\/infos-et-services__trashed\/droit-de-suite\/#primaryimage","url":"https:\/\/frequence-sille.org\/newsite\/wp-content\/uploads\/2018\/04\/microlibre-carre.jpg","contentUrl":"https:\/\/frequence-sille.org\/newsite\/wp-content\/uploads\/2018\/04\/microlibre-carre.jpg","width":1623,"height":1629},{"@type":"BreadcrumbList","@id":"https:\/\/frequence-sille.org\/newsite\/infos-et-services__trashed\/droit-de-suite\/#breadcrumb","itemListElement":[{"@type":"ListItem","position":1,"name":"Accueil","item":"https:\/\/frequence-sille.org\/newsite\/"},{"@type":"ListItem","position":2,"name":"Micro Libre"}]},{"@type":"WebSite","@id":"https:\/\/frequence-sille.org\/newsite\/#website","url":"https:\/\/frequence-sille.org\/newsite\/","name":"Fr\u00e9quence Sill\u00e9","description":"Bien plus qu&#039;une radio...votre radio !","publisher":{"@id":"https:\/\/frequence-sille.org\/newsite\/#organization"},"potentialAction":[{"@type":"SearchAction","target":{"@type":"EntryPoint","urlTemplate":"https:\/\/frequence-sille.org\/newsite\/?s={search_term_string}"},"query-input":{"@type":"PropertyValueSpecification","valueRequired":true,"valueName":"search_term_string"}}],"inLanguage":"fr-FR"},{"@type":"Organization","@id":"https:\/\/frequence-sille.org\/newsite\/#organization","name":"Fr\u00e9quence Sill\u00e9","url":"https:\/\/frequence-sille.org\/newsite\/","logo":{"@type":"ImageObject","inLanguage":"fr-FR","@id":"https:\/\/frequence-sille.org\/newsite\/#\/schema\/logo\/image\/","url":"https:\/\/frequence-sille.org\/newsite\/wp-content\/uploads\/2023\/07\/LOGO_979_NOIR.png","contentUrl":"https:\/\/frequence-sille.org\/newsite\/wp-content\/uploads\/2023\/07\/LOGO_979_NOIR.png","width":7680,"height":4320,"caption":"Fr\u00e9quence Sill\u00e9"},"image":{"@id":"https:\/\/frequence-sille.org\/newsite\/#\/schema\/logo\/image\/"},"sameAs":["https:\/\/www.facebook.com\/frequencesille979fm","https:\/\/x.com\/freqsille979","https:\/\/www.instagram.com\/frequencesille\/"]}]}},"_links":{"self":[{"href":"https:\/\/frequence-sille.org\/newsite\/wp-json\/wp\/v2\/pages\/576","targetHints":{"allow":["GET"]}}],"collection":[{"href":"https:\/\/frequence-sille.org\/newsite\/wp-json\/wp\/v2\/pages"}],"about":[{"href":"https:\/\/frequence-sille.org\/newsite\/wp-json\/wp\/v2\/types\/page"}],"author":[{"embeddable":true,"href":"https:\/\/frequence-sille.org\/newsite\/wp-json\/wp\/v2\/users\/1"}],"replies":[{"embeddable":true,"href":"https:\/\/frequence-sille.org\/newsite\/wp-json\/wp\/v2\/comments?post=576"}],"version-history":[{"count":22,"href":"https:\/\/frequence-sille.org\/newsite\/wp-json\/wp\/v2\/pages\/576\/revisions"}],"predecessor-version":[{"id":4214,"href":"https:\/\/frequence-sille.org\/newsite\/wp-json\/wp\/v2\/pages\/576\/revisions\/4214"}],"wp:attachment":[{"href":"https:\/\/frequence-sille.org\/newsite\/wp-json\/wp\/v2\/media?parent=576"}],"curies":[{"name":"wp","href":"https:\/\/api.w.org\/{rel}","templated":true}]}}