{"id":7557,"date":"2020-07-08T14:05:28","date_gmt":"2020-07-08T13:05:28","guid":{"rendered":"http:\/\/frequence-sille.org\/newsite\/?page_id=7557"},"modified":"2021-09-08T17:38:38","modified_gmt":"2021-09-08T16:38:38","slug":"nos-vacances-inattendues","status":"publish","type":"page","link":"https:\/\/frequence-sille.org\/newsite\/les-evenements\/nos-vacances-inattendues\/","title":{"rendered":"Nos vacances inattendues"},"content":{"rendered":"\n<p>Ces chroniques d\u2019information et de valorisation de notre territoire rural du Nord-Ouest de la Sarthe, de l\u2019Est-Mayenne et du Sud de l\u2019Orne, permettent d\u2019\u00e9couter les acteurs de la richesse et de la vitalit\u00e9 de l\u2019offre touristique, culturelle et de loisirs dans un rayon d\u2019une quarantaine de kilom\u00e8tres autour de Sill\u00e9-le- Guillaume.<\/p>\n\n\n\n<p>Elles sont diffus\u00e9es, tout cet \u00e9t\u00e9 2020, \u00e0 10h, 12h30, 18h30<\/p>\n\n\n\n<p>Ces chroniques sont r\u00e9alis\u00e9es avec le soutien des Offices de Tourisme :<\/p>\n\n\n\n<ul class=\"wp-block-list\"><li>Des Co\u00ebvrons<\/li><li>De la Vall\u00e9e de Haute Mayenne<\/li><li>Du Mont des avaloirs<\/li><li>D\u2019Alen\u00e7on Destination Normandie<\/li><li>Des Alpes Mancelles<\/li><li>Destination Coco, Champagne Conlinoise, Pays de Sill\u00e9<\/li><\/ul>\n\n\n\n<p>Toutes ces chroniques sont archiv\u00e9es, consultables et t\u00e9l\u00e9chargeables ici,  de quoi aider les visiteurs en recherche de s\u00e9jours avec des activit\u00e9s multiples et les habitants de notre zone pour donner quelques bonnes id\u00e9es de sorties d\u2019un jour !<\/p>\n\n\n\n<p>Bonnes vacances chez nous.<\/p>\n\n\n\n<p><\/p>\n\n\n\n<iframe loading=\"lazy\" scrolling=\"no\" id=\"hearthis_at_user_161036-8445500\" src=\"https:\/\/hearthis.at\/set\/161036-8445500\/embed\/\" allowtransparency=\"\" allow=\"autoplay\" width=\"100%\" height=\"950\" frameborder=\"0\"><\/iframe>\n\n\n\n<p><em>Interviews r\u00e9alis\u00e9es par William Fosse, Eric Lucas, Christian Poincheval, Pauline Pottier.<br>G\u00e9n\u00e9rique et musiques : Michel Simon \/ Serge Gainsbourg, Jeff<\/em> Kusina<\/p>\n","protected":false},"excerpt":{"rendered":"<p>Ces chroniques d\u2019information et de valorisation de notre territoire rural du Nord-Ouest de la Sarthe, de l\u2019Est-Mayenne et du Sud de l\u2019Orne, permettent d\u2019\u00e9couter les acteurs de la richesse et&hellip;<\/p>\n","protected":false},"author":1,"featured_media":0,"parent":30,"menu_order":124,"comment_status":"closed","ping_status":"closed","template":"","meta":{"footnotes":""},"class_list":["post-7557","page","type-page","status-publish","hentry","no-post-thumbnail"],"yoast_head":"<!-- This site is optimized with the Yoast SEO plugin v27.3 - https:\/\/yoast.com\/product\/yoast-seo-wordpress\/ -->\n<title>Nos vacances inattendues - Fr\u00e9quence Sill\u00e9<\/title>\n<meta name=\"robots\" content=\"index, follow, max-snippet:-1, max-image-preview:large, max-video-preview:-1\" \/>\n<link rel=\"canonical\" href=\"https:\/\/frequence-sille.org\/newsite\/les-evenements\/nos-vacances-inattendues\/\" \/>\n<meta property=\"og:locale\" content=\"fr_FR\" \/>\n<meta property=\"og:type\" content=\"article\" \/>\n<meta property=\"og:title\" content=\"Nos vacances inattendues - Fr\u00e9quence Sill\u00e9\" \/>\n<meta property=\"og:description\" content=\"Ces chroniques d\u2019information et de valorisation de notre territoire rural du Nord-Ouest de la Sarthe, de l\u2019Est-Mayenne et du Sud de l\u2019Orne, permettent d\u2019\u00e9couter les acteurs de la richesse et&hellip;\" \/>\n<meta property=\"og:url\" content=\"https:\/\/frequence-sille.org\/newsite\/les-evenements\/nos-vacances-inattendues\/\" \/>\n<meta property=\"og:site_name\" content=\"Fr\u00e9quence Sill\u00e9\" \/>\n<meta property=\"article:publisher\" content=\"https:\/\/www.facebook.com\/frequencesille979fm\" \/>\n<meta property=\"article:modified_time\" content=\"2021-09-08T16:38:38+00:00\" \/>\n<meta name=\"twitter:card\" content=\"summary_large_image\" \/>\n<meta name=\"twitter:site\" content=\"@freqsille979\" \/>\n<meta name=\"twitter:label1\" content=\"Dur\u00e9e de lecture estim\u00e9e\" \/>\n\t<meta name=\"twitter:data1\" content=\"1 minute\" \/>\n<script type=\"application\/ld+json\" class=\"yoast-schema-graph\">{\"@context\":\"https:\\\/\\\/schema.org\",\"@graph\":[{\"@type\":\"WebPage\",\"@id\":\"https:\\\/\\\/frequence-sille.org\\\/newsite\\\/les-evenements\\\/nos-vacances-inattendues\\\/\",\"url\":\"https:\\\/\\\/frequence-sille.org\\\/newsite\\\/les-evenements\\\/nos-vacances-inattendues\\\/\",\"name\":\"Nos vacances inattendues - Fr\u00e9quence Sill\u00e9\",\"isPartOf\":{\"@id\":\"https:\\\/\\\/frequence-sille.org\\\/newsite\\\/#website\"},\"datePublished\":\"2020-07-08T13:05:28+00:00\",\"dateModified\":\"2021-09-08T16:38:38+00:00\",\"breadcrumb\":{\"@id\":\"https:\\\/\\\/frequence-sille.org\\\/newsite\\\/les-evenements\\\/nos-vacances-inattendues\\\/#breadcrumb\"},\"inLanguage\":\"fr-FR\",\"potentialAction\":[{\"@type\":\"ReadAction\",\"target\":[\"https:\\\/\\\/frequence-sille.org\\\/newsite\\\/les-evenements\\\/nos-vacances-inattendues\\\/\"]}]},{\"@type\":\"BreadcrumbList\",\"@id\":\"https:\\\/\\\/frequence-sille.org\\\/newsite\\\/les-evenements\\\/nos-vacances-inattendues\\\/#breadcrumb\",\"itemListElement\":[{\"@type\":\"ListItem\",\"position\":1,\"name\":\"Accueil\",\"item\":\"https:\\\/\\\/frequence-sille.org\\\/newsite\\\/\"},{\"@type\":\"ListItem\",\"position\":2,\"name\":\"Les \u00e9v\u00e9nements\",\"item\":\"https:\\\/\\\/frequence-sille.org\\\/newsite\\\/les-evenements\\\/\"},{\"@type\":\"ListItem\",\"position\":3,\"name\":\"Nos vacances inattendues\"}]},{\"@type\":\"WebSite\",\"@id\":\"https:\\\/\\\/frequence-sille.org\\\/newsite\\\/#website\",\"url\":\"https:\\\/\\\/frequence-sille.org\\\/newsite\\\/\",\"name\":\"Fr\u00e9quence Sill\u00e9\",\"description\":\"Bien plus qu&#039;une radio...votre radio !\",\"publisher\":{\"@id\":\"https:\\\/\\\/frequence-sille.org\\\/newsite\\\/#organization\"},\"potentialAction\":[{\"@type\":\"SearchAction\",\"target\":{\"@type\":\"EntryPoint\",\"urlTemplate\":\"https:\\\/\\\/frequence-sille.org\\\/newsite\\\/?s={search_term_string}\"},\"query-input\":{\"@type\":\"PropertyValueSpecification\",\"valueRequired\":true,\"valueName\":\"search_term_string\"}}],\"inLanguage\":\"fr-FR\"},{\"@type\":\"Organization\",\"@id\":\"https:\\\/\\\/frequence-sille.org\\\/newsite\\\/#organization\",\"name\":\"Fr\u00e9quence Sill\u00e9\",\"url\":\"https:\\\/\\\/frequence-sille.org\\\/newsite\\\/\",\"logo\":{\"@type\":\"ImageObject\",\"inLanguage\":\"fr-FR\",\"@id\":\"https:\\\/\\\/frequence-sille.org\\\/newsite\\\/#\\\/schema\\\/logo\\\/image\\\/\",\"url\":\"https:\\\/\\\/frequence-sille.org\\\/newsite\\\/wp-content\\\/uploads\\\/2023\\\/07\\\/LOGO_979_NOIR.png\",\"contentUrl\":\"https:\\\/\\\/frequence-sille.org\\\/newsite\\\/wp-content\\\/uploads\\\/2023\\\/07\\\/LOGO_979_NOIR.png\",\"width\":7680,\"height\":4320,\"caption\":\"Fr\u00e9quence Sill\u00e9\"},\"image\":{\"@id\":\"https:\\\/\\\/frequence-sille.org\\\/newsite\\\/#\\\/schema\\\/logo\\\/image\\\/\"},\"sameAs\":[\"https:\\\/\\\/www.facebook.com\\\/frequencesille979fm\",\"https:\\\/\\\/x.com\\\/freqsille979\",\"https:\\\/\\\/www.instagram.com\\\/frequencesille\\\/\"]}]}<\/script>\n<!-- \/ Yoast SEO plugin. -->","yoast_head_json":{"title":"Nos vacances inattendues - Fr\u00e9quence Sill\u00e9","robots":{"index":"index","follow":"follow","max-snippet":"max-snippet:-1","max-image-preview":"max-image-preview:large","max-video-preview":"max-video-preview:-1"},"canonical":"https:\/\/frequence-sille.org\/newsite\/les-evenements\/nos-vacances-inattendues\/","og_locale":"fr_FR","og_type":"article","og_title":"Nos vacances inattendues - Fr\u00e9quence Sill\u00e9","og_description":"Ces chroniques d\u2019information et de valorisation de notre territoire rural du Nord-Ouest de la Sarthe, de l\u2019Est-Mayenne et du Sud de l\u2019Orne, permettent d\u2019\u00e9couter les acteurs de la richesse et&hellip;","og_url":"https:\/\/frequence-sille.org\/newsite\/les-evenements\/nos-vacances-inattendues\/","og_site_name":"Fr\u00e9quence Sill\u00e9","article_publisher":"https:\/\/www.facebook.com\/frequencesille979fm","article_modified_time":"2021-09-08T16:38:38+00:00","twitter_card":"summary_large_image","twitter_site":"@freqsille979","twitter_misc":{"Dur\u00e9e de lecture estim\u00e9e":"1 minute"},"schema":{"@context":"https:\/\/schema.org","@graph":[{"@type":"WebPage","@id":"https:\/\/frequence-sille.org\/newsite\/les-evenements\/nos-vacances-inattendues\/","url":"https:\/\/frequence-sille.org\/newsite\/les-evenements\/nos-vacances-inattendues\/","name":"Nos vacances inattendues - Fr\u00e9quence Sill\u00e9","isPartOf":{"@id":"https:\/\/frequence-sille.org\/newsite\/#website"},"datePublished":"2020-07-08T13:05:28+00:00","dateModified":"2021-09-08T16:38:38+00:00","breadcrumb":{"@id":"https:\/\/frequence-sille.org\/newsite\/les-evenements\/nos-vacances-inattendues\/#breadcrumb"},"inLanguage":"fr-FR","potentialAction":[{"@type":"ReadAction","target":["https:\/\/frequence-sille.org\/newsite\/les-evenements\/nos-vacances-inattendues\/"]}]},{"@type":"BreadcrumbList","@id":"https:\/\/frequence-sille.org\/newsite\/les-evenements\/nos-vacances-inattendues\/#breadcrumb","itemListElement":[{"@type":"ListItem","position":1,"name":"Accueil","item":"https:\/\/frequence-sille.org\/newsite\/"},{"@type":"ListItem","position":2,"name":"Les \u00e9v\u00e9nements","item":"https:\/\/frequence-sille.org\/newsite\/les-evenements\/"},{"@type":"ListItem","position":3,"name":"Nos vacances inattendues"}]},{"@type":"WebSite","@id":"https:\/\/frequence-sille.org\/newsite\/#website","url":"https:\/\/frequence-sille.org\/newsite\/","name":"Fr\u00e9quence Sill\u00e9","description":"Bien plus qu&#039;une radio...votre radio !","publisher":{"@id":"https:\/\/frequence-sille.org\/newsite\/#organization"},"potentialAction":[{"@type":"SearchAction","target":{"@type":"EntryPoint","urlTemplate":"https:\/\/frequence-sille.org\/newsite\/?s={search_term_string}"},"query-input":{"@type":"PropertyValueSpecification","valueRequired":true,"valueName":"search_term_string"}}],"inLanguage":"fr-FR"},{"@type":"Organization","@id":"https:\/\/frequence-sille.org\/newsite\/#organization","name":"Fr\u00e9quence Sill\u00e9","url":"https:\/\/frequence-sille.org\/newsite\/","logo":{"@type":"ImageObject","inLanguage":"fr-FR","@id":"https:\/\/frequence-sille.org\/newsite\/#\/schema\/logo\/image\/","url":"https:\/\/frequence-sille.org\/newsite\/wp-content\/uploads\/2023\/07\/LOGO_979_NOIR.png","contentUrl":"https:\/\/frequence-sille.org\/newsite\/wp-content\/uploads\/2023\/07\/LOGO_979_NOIR.png","width":7680,"height":4320,"caption":"Fr\u00e9quence Sill\u00e9"},"image":{"@id":"https:\/\/frequence-sille.org\/newsite\/#\/schema\/logo\/image\/"},"sameAs":["https:\/\/www.facebook.com\/frequencesille979fm","https:\/\/x.com\/freqsille979","https:\/\/www.instagram.com\/frequencesille\/"]}]}},"_links":{"self":[{"href":"https:\/\/frequence-sille.org\/newsite\/wp-json\/wp\/v2\/pages\/7557","targetHints":{"allow":["GET"]}}],"collection":[{"href":"https:\/\/frequence-sille.org\/newsite\/wp-json\/wp\/v2\/pages"}],"about":[{"href":"https:\/\/frequence-sille.org\/newsite\/wp-json\/wp\/v2\/types\/page"}],"author":[{"embeddable":true,"href":"https:\/\/frequence-sille.org\/newsite\/wp-json\/wp\/v2\/users\/1"}],"replies":[{"embeddable":true,"href":"https:\/\/frequence-sille.org\/newsite\/wp-json\/wp\/v2\/comments?post=7557"}],"version-history":[{"count":1,"href":"https:\/\/frequence-sille.org\/newsite\/wp-json\/wp\/v2\/pages\/7557\/revisions"}],"predecessor-version":[{"id":7558,"href":"https:\/\/frequence-sille.org\/newsite\/wp-json\/wp\/v2\/pages\/7557\/revisions\/7558"}],"up":[{"embeddable":true,"href":"https:\/\/frequence-sille.org\/newsite\/wp-json\/wp\/v2\/pages\/30"}],"wp:attachment":[{"href":"https:\/\/frequence-sille.org\/newsite\/wp-json\/wp\/v2\/media?parent=7557"}],"curies":[{"name":"wp","href":"https:\/\/api.w.org\/{rel}","templated":true}]}}