{"id":772,"date":"2016-08-30T12:57:46","date_gmt":"2016-08-30T11:57:46","guid":{"rendered":"http:\/\/frequence-sille.org\/newsite\/?page_id=772"},"modified":"2022-12-06T16:30:30","modified_gmt":"2022-12-06T15:30:30","slug":"motocultor-2016","status":"publish","type":"page","link":"https:\/\/frequence-sille.org\/newsite\/les-evenements\/archives\/motocultor-2016\/","title":{"rendered":"Motocultor 2016"},"content":{"rendered":"\n<p>Retrouvez-ici le replay de l&rsquo;\u00e9mission sp\u00e9ciale \u00ab\u00a0<strong>Motocultor Festival 2016<\/strong>\u00a0\u00bb du 1er Septembre en direct sur Fr\u00e9quence Sill\u00e9 avec Will, Guillaume et Laurent Carlin.<\/p>\n\n\n\n<iframe loading=\"lazy\" scrolling=\"no\" id=\"hearthis_at_track_1247408\" width=\"100%\" height=\"150\" src=\"https:\/\/app.hearthis.at\/embed\/1247408\/transparent_black\/?hcolor=&#038;color=&#038;style=2&#038;block_size=2&#038;block_space=1&#038;background=1&#038;waveform=0&#038;cover=0&#038;autoplay=0&#038;css=\" frameborder=\"0\" allowtransparency allow=\"autoplay\"><p>Listen to <a href=\"https:\/\/hearthis.at\/frequence-sille\/soire-spciale-motocultor-replay-mission-1er-septembre-2016\/\" target=\"_blank\" rel=\"noopener\">Soir\u00e9e sp\u00e9ciale Motocultor \u2013 Replay \u00e9mission \u2013 1er septembre 2016<\/a> <span>by<\/span><a href=\"https:\/\/hearthis.at\/frequence-sille\/\" target=\"_blank\" rel=\"noopener\">Frequence Sill\u00e9<\/a> <span>on<\/span> <a href=\"https:\/\/hearthis.at\/\" target=\"_blank\" rel=\"noopener\">hearthis.at<\/a><\/p><\/iframe>\n\n\n\n<p><\/p>\n\n\n\n<p>Interview du fondateur et directeur du Festival, <strong>Yann le Baraillec<\/strong>, qui r\u00e9pond \u00e0 nos questions et fait le bilan provisoire du dernier festival, et il nous parle \u00e9galement de l&rsquo;organisation du prochain \u00ab\u00a0possible\u00a0\u00bb festival&#8230;<\/p>\n\n\n\n<iframe loading=\"lazy\" scrolling=\"no\" id=\"hearthis_at_track_1247412\" src=\"https:\/\/app.hearthis.at\/embed\/1247412\/transparent_black\/?hcolor=&amp;color=&amp;style=2&amp;block_size=2&amp;block_space=1&amp;background=1&amp;waveform=0&amp;cover=0&amp;autoplay=0&amp;css=\" allowtransparency=\"\" allow=\"autoplay\" width=\"100%\" height=\"150\" frameborder=\"0\"><p>Listen to <a href=\"https:\/\/hearthis.at\/frequence-sille\/soire-spciale-motocultor-2016-itv-yann-lebaraillec\/\" target=\"_blank\" rel=\"noopener\">Soir\u00e9e sp\u00e9ciale Motocultor 2016 \u2013 ITV Yann Lebaraillec<\/a> <span>by<\/span><a href=\"https:\/\/hearthis.at\/frequence-sille\/\" target=\"_blank\" rel=\"noopener\">Frequence Sill\u00e9<\/a> <span>on<\/span> <a href=\"https:\/\/hearthis.at\/\" target=\"_blank\" rel=\"noopener\">hearthis.at<\/a><\/p><\/iframe>\n\n\n\n<p><\/p>\n\n\n\n<p>Interview du groupe <strong>Agressor<\/strong> par Laurent Carlin pendant le Motocultor Festival !<\/p>\n\n\n\n<iframe loading=\"lazy\" scrolling=\"no\" id=\"hearthis_at_track_1247398\" src=\"https:\/\/app.hearthis.at\/embed\/1247398\/transparent_black\/?hcolor=&amp;color=&amp;style=2&amp;block_size=2&amp;block_space=1&amp;background=1&amp;waveform=0&amp;cover=0&amp;autoplay=0&amp;css=\" allowtransparency=\"\" allow=\"autoplay\" width=\"100%\" height=\"150\" frameborder=\"0\"><p>Listen to <a href=\"https:\/\/hearthis.at\/frequence-sille\/motocultor-2016-itv-agressor-par-laurent-carlin\/\" target=\"_blank\" rel=\"noopener\">Motocultor 2016 \u2013 ITV Agressor par Laurent Carlin<\/a> <span>by<\/span><a href=\"https:\/\/hearthis.at\/frequence-sille\/\" target=\"_blank\" rel=\"noopener\">Frequence Sill\u00e9<\/a> <span>on<\/span> <a href=\"https:\/\/hearthis.at\/\" target=\"_blank\" rel=\"noopener\">hearthis.at<\/a><\/p><\/iframe>\n\n\n\n<p><\/p>\n\n\n\n<p>Interview du groupe \u00ab\u00a0<strong>Regarde les hommes tomber<\/strong>\u00a0\u00bb par Laurent Carlin pendant le Motocultor Festival !<\/p>\n\n\n\n<iframe loading=\"lazy\" scrolling=\"no\" id=\"hearthis_at_track_1247397\" src=\"https:\/\/app.hearthis.at\/embed\/1247397\/transparent_black\/?hcolor=&amp;color=&amp;style=2&amp;block_size=2&amp;block_space=1&amp;background=1&amp;waveform=0&amp;cover=0&amp;autoplay=0&amp;css=\" allowtransparency=\"\" allow=\"autoplay\" width=\"100%\" height=\"150\" frameborder=\"0\"><p>Listen to <a href=\"https:\/\/hearthis.at\/frequence-sille\/motocultor-2016-itv-regarde-les-hommes-tomber-par-laurent-carlin\/\" target=\"_blank\" rel=\"noopener\">Motocultor 2016 \u2013 ITV Regarde les hommes tomber par Laurent Carlin<\/a> <span>by<\/span><a href=\"https:\/\/hearthis.at\/frequence-sille\/\" target=\"_blank\" rel=\"noopener\">Frequence Sill\u00e9<\/a> <span>on<\/span> <a href=\"https:\/\/hearthis.at\/\" target=\"_blank\" rel=\"noopener\">hearthis.at<\/a><\/p><\/iframe>\n\n\n\n<p><\/p>\n\n\n\n<p>Interview de <strong>Will Argunas<\/strong>, dessinateur, pr\u00e9sent au Festival par Laurent Carlin.<\/p>\n\n\n\n<iframe loading=\"lazy\" scrolling=\"no\" id=\"hearthis_at_track_1247395\" src=\"https:\/\/app.hearthis.at\/embed\/1247395\/transparent_black\/?hcolor=&amp;color=&amp;style=2&amp;block_size=2&amp;block_space=1&amp;background=1&amp;waveform=0&amp;cover=0&amp;autoplay=0&amp;css=\" allowtransparency=\"\" allow=\"autoplay\" width=\"100%\" height=\"150\" frameborder=\"0\"><p>Listen to <a href=\"https:\/\/hearthis.at\/frequence-sille\/motocultor-2016-itv-will-argunas-par-laurent-carlin\/\" target=\"_blank\" rel=\"noopener\">Motocultor 2016 \u2013 ITV Will Argunas par Laurent Carlin<\/a> <span>by<\/span><a href=\"https:\/\/hearthis.at\/frequence-sille\/\" target=\"_blank\" rel=\"noopener\">Frequence Sill\u00e9<\/a> <span>on<\/span> <a href=\"https:\/\/hearthis.at\/\" target=\"_blank\" rel=\"noopener\">hearthis.at<\/a><\/p><\/iframe>\n\n\n\n<p><\/p>\n\n\n\n<p>Interview du groupe <strong>BARRABAS<\/strong> pr\u00e9sent \u00e9galement au Festival cette ann\u00e9e, par Laurent Carlin.<\/p>\n\n\n\n<iframe loading=\"lazy\" scrolling=\"no\" id=\"hearthis_at_track_1247400\" src=\"https:\/\/app.hearthis.at\/embed\/1247400\/transparent_black\/?hcolor=&amp;color=&amp;style=2&amp;block_size=2&amp;block_space=1&amp;background=1&amp;waveform=0&amp;cover=0&amp;autoplay=0&amp;css=\" allowtransparency=\"\" allow=\"autoplay\" width=\"100%\" height=\"150\" frameborder=\"0\"><p>Listen to <a href=\"https:\/\/hearthis.at\/frequence-sille\/motocultor-2016-itv-groupe-barrabas-par-laurent-carlin\/\" target=\"_blank\" rel=\"noopener\">Motocultor 2016 \u2013 ITV groupe Barrabas par Laurent Carlin<\/a> <span>by<\/span><a href=\"https:\/\/hearthis.at\/frequence-sille\/\" target=\"_blank\" rel=\"noopener\">Frequence Sill\u00e9<\/a> <span>on<\/span> <a href=\"https:\/\/hearthis.at\/\" target=\"_blank\" rel=\"noopener\">hearthis.at<\/a><\/p><\/iframe>\n\n\n\n<p><\/p>\n\n\n\n<p>Sans oublier notre invit\u00e9 du jour, <strong>Sylvain \u00ab\u00a0Steve\u00a0\u00bb<\/strong> Cott\u00e9 guitariste du groupe \u00ab\u00a0GANG\u00a0\u00bb de Fisme, qui nous parle des 25 ans de son groupe, et des concerts \u00e0 venir &#8230;<\/p>\n\n\n\n<iframe loading=\"lazy\" scrolling=\"no\" id=\"hearthis_at_track_1247411\" src=\"https:\/\/app.hearthis.at\/embed\/1247411\/transparent_black\/?hcolor=&amp;color=&amp;style=2&amp;block_size=2&amp;block_space=1&amp;background=1&amp;waveform=0&amp;cover=0&amp;autoplay=0&amp;css=\" allowtransparency=\"\" allow=\"autoplay\" width=\"100%\" height=\"150\" frameborder=\"0\"><p>Listen to <a href=\"https:\/\/hearthis.at\/frequence-sille\/soire-spciale-motocultor-2016-itv-sylvain-stevecott-guitariste-du-groupe-gang\/\" target=\"_blank\" rel=\"noopener\">Soir\u00e9e sp\u00e9ciale Motocultor 2016 \u2013 ITV Sylvain \u00ab\u00a0Steve\u00a0\u00bbCott\u00e9 \u2013 Guitariste du groupe Gang<\/a> <span>by<\/span><a href=\"https:\/\/hearthis.at\/frequence-sille\/\" target=\"_blank\" rel=\"noopener\">Frequence Sill\u00e9<\/a> <span>on<\/span> <a href=\"https:\/\/hearthis.at\/\" target=\"_blank\" rel=\"noopener\">hearthis.at<\/a><\/p><\/iframe>\n\n\n\n<p>Lien pour les concerts du groupe et actu !<\/p>\n\n\n\n<figure class=\"wp-block-embed\"><div class=\"wp-block-embed__wrapper\">\nhttps:\/\/www.facebook.com\/Gang-175479759161678\/?fref=ts\n<\/div><\/figure>\n","protected":false},"excerpt":{"rendered":"<p>Retrouvez-ici le replay de l&rsquo;\u00e9mission sp\u00e9ciale \u00ab\u00a0Motocultor Festival 2016\u00a0\u00bb du 1er Septembre en direct sur Fr\u00e9quence Sill\u00e9 avec Will, Guillaume et Laurent Carlin. Listen to Soir\u00e9e sp\u00e9ciale Motocultor \u2013 Replay&hellip;<\/p>\n","protected":false},"author":1,"featured_media":0,"parent":3219,"menu_order":161,"comment_status":"closed","ping_status":"closed","template":"","meta":{"footnotes":""},"class_list":["post-772","page","type-page","status-publish","hentry","no-post-thumbnail"],"yoast_head":"<!-- This site is optimized with the Yoast SEO plugin v27.3 - https:\/\/yoast.com\/product\/yoast-seo-wordpress\/ -->\n<title>Motocultor 2016 - Fr\u00e9quence Sill\u00e9<\/title>\n<meta name=\"robots\" content=\"index, follow, max-snippet:-1, max-image-preview:large, max-video-preview:-1\" \/>\n<link rel=\"canonical\" href=\"https:\/\/frequence-sille.org\/newsite\/les-evenements\/archives\/motocultor-2016\/\" \/>\n<meta property=\"og:locale\" content=\"fr_FR\" \/>\n<meta property=\"og:type\" content=\"article\" \/>\n<meta property=\"og:title\" content=\"Motocultor 2016 - Fr\u00e9quence Sill\u00e9\" \/>\n<meta property=\"og:description\" content=\"Retrouvez-ici le replay de l&rsquo;\u00e9mission sp\u00e9ciale \u00ab\u00a0Motocultor Festival 2016\u00a0\u00bb du 1er Septembre en direct sur Fr\u00e9quence Sill\u00e9 avec Will, Guillaume et Laurent Carlin. Listen to Soir\u00e9e sp\u00e9ciale Motocultor \u2013 Replay&hellip;\" \/>\n<meta property=\"og:url\" content=\"https:\/\/frequence-sille.org\/newsite\/les-evenements\/archives\/motocultor-2016\/\" \/>\n<meta property=\"og:site_name\" content=\"Fr\u00e9quence Sill\u00e9\" \/>\n<meta property=\"article:publisher\" content=\"https:\/\/www.facebook.com\/frequencesille979fm\" \/>\n<meta property=\"article:modified_time\" content=\"2022-12-06T15:30:30+00:00\" \/>\n<meta name=\"twitter:card\" content=\"summary_large_image\" \/>\n<meta name=\"twitter:site\" content=\"@freqsille979\" \/>\n<meta name=\"twitter:label1\" content=\"Dur\u00e9e de lecture estim\u00e9e\" \/>\n\t<meta name=\"twitter:data1\" content=\"1 minute\" \/>\n<script type=\"application\/ld+json\" class=\"yoast-schema-graph\">{\"@context\":\"https:\\\/\\\/schema.org\",\"@graph\":[{\"@type\":\"WebPage\",\"@id\":\"https:\\\/\\\/frequence-sille.org\\\/newsite\\\/les-evenements\\\/archives\\\/motocultor-2016\\\/\",\"url\":\"https:\\\/\\\/frequence-sille.org\\\/newsite\\\/les-evenements\\\/archives\\\/motocultor-2016\\\/\",\"name\":\"Motocultor 2016 - Fr\u00e9quence Sill\u00e9\",\"isPartOf\":{\"@id\":\"https:\\\/\\\/frequence-sille.org\\\/newsite\\\/#website\"},\"datePublished\":\"2016-08-30T11:57:46+00:00\",\"dateModified\":\"2022-12-06T15:30:30+00:00\",\"breadcrumb\":{\"@id\":\"https:\\\/\\\/frequence-sille.org\\\/newsite\\\/les-evenements\\\/archives\\\/motocultor-2016\\\/#breadcrumb\"},\"inLanguage\":\"fr-FR\",\"potentialAction\":[{\"@type\":\"ReadAction\",\"target\":[\"https:\\\/\\\/frequence-sille.org\\\/newsite\\\/les-evenements\\\/archives\\\/motocultor-2016\\\/\"]}]},{\"@type\":\"BreadcrumbList\",\"@id\":\"https:\\\/\\\/frequence-sille.org\\\/newsite\\\/les-evenements\\\/archives\\\/motocultor-2016\\\/#breadcrumb\",\"itemListElement\":[{\"@type\":\"ListItem\",\"position\":1,\"name\":\"Accueil\",\"item\":\"https:\\\/\\\/frequence-sille.org\\\/newsite\\\/\"},{\"@type\":\"ListItem\",\"position\":2,\"name\":\"Les \u00e9v\u00e9nements\",\"item\":\"https:\\\/\\\/frequence-sille.org\\\/newsite\\\/les-evenements\\\/\"},{\"@type\":\"ListItem\",\"position\":3,\"name\":\"Archives 2016\",\"item\":\"https:\\\/\\\/frequence-sille.org\\\/newsite\\\/les-evenements\\\/archives\\\/\"},{\"@type\":\"ListItem\",\"position\":4,\"name\":\"Motocultor 2016\"}]},{\"@type\":\"WebSite\",\"@id\":\"https:\\\/\\\/frequence-sille.org\\\/newsite\\\/#website\",\"url\":\"https:\\\/\\\/frequence-sille.org\\\/newsite\\\/\",\"name\":\"Fr\u00e9quence Sill\u00e9\",\"description\":\"Bien plus qu&#039;une radio...votre radio !\",\"publisher\":{\"@id\":\"https:\\\/\\\/frequence-sille.org\\\/newsite\\\/#organization\"},\"potentialAction\":[{\"@type\":\"SearchAction\",\"target\":{\"@type\":\"EntryPoint\",\"urlTemplate\":\"https:\\\/\\\/frequence-sille.org\\\/newsite\\\/?s={search_term_string}\"},\"query-input\":{\"@type\":\"PropertyValueSpecification\",\"valueRequired\":true,\"valueName\":\"search_term_string\"}}],\"inLanguage\":\"fr-FR\"},{\"@type\":\"Organization\",\"@id\":\"https:\\\/\\\/frequence-sille.org\\\/newsite\\\/#organization\",\"name\":\"Fr\u00e9quence Sill\u00e9\",\"url\":\"https:\\\/\\\/frequence-sille.org\\\/newsite\\\/\",\"logo\":{\"@type\":\"ImageObject\",\"inLanguage\":\"fr-FR\",\"@id\":\"https:\\\/\\\/frequence-sille.org\\\/newsite\\\/#\\\/schema\\\/logo\\\/image\\\/\",\"url\":\"https:\\\/\\\/frequence-sille.org\\\/newsite\\\/wp-content\\\/uploads\\\/2023\\\/07\\\/LOGO_979_NOIR.png\",\"contentUrl\":\"https:\\\/\\\/frequence-sille.org\\\/newsite\\\/wp-content\\\/uploads\\\/2023\\\/07\\\/LOGO_979_NOIR.png\",\"width\":7680,\"height\":4320,\"caption\":\"Fr\u00e9quence Sill\u00e9\"},\"image\":{\"@id\":\"https:\\\/\\\/frequence-sille.org\\\/newsite\\\/#\\\/schema\\\/logo\\\/image\\\/\"},\"sameAs\":[\"https:\\\/\\\/www.facebook.com\\\/frequencesille979fm\",\"https:\\\/\\\/x.com\\\/freqsille979\",\"https:\\\/\\\/www.instagram.com\\\/frequencesille\\\/\"]}]}<\/script>\n<!-- \/ Yoast SEO plugin. -->","yoast_head_json":{"title":"Motocultor 2016 - Fr\u00e9quence Sill\u00e9","robots":{"index":"index","follow":"follow","max-snippet":"max-snippet:-1","max-image-preview":"max-image-preview:large","max-video-preview":"max-video-preview:-1"},"canonical":"https:\/\/frequence-sille.org\/newsite\/les-evenements\/archives\/motocultor-2016\/","og_locale":"fr_FR","og_type":"article","og_title":"Motocultor 2016 - Fr\u00e9quence Sill\u00e9","og_description":"Retrouvez-ici le replay de l&rsquo;\u00e9mission sp\u00e9ciale \u00ab\u00a0Motocultor Festival 2016\u00a0\u00bb du 1er Septembre en direct sur Fr\u00e9quence Sill\u00e9 avec Will, Guillaume et Laurent Carlin. Listen to Soir\u00e9e sp\u00e9ciale Motocultor \u2013 Replay&hellip;","og_url":"https:\/\/frequence-sille.org\/newsite\/les-evenements\/archives\/motocultor-2016\/","og_site_name":"Fr\u00e9quence Sill\u00e9","article_publisher":"https:\/\/www.facebook.com\/frequencesille979fm","article_modified_time":"2022-12-06T15:30:30+00:00","twitter_card":"summary_large_image","twitter_site":"@freqsille979","twitter_misc":{"Dur\u00e9e de lecture estim\u00e9e":"1 minute"},"schema":{"@context":"https:\/\/schema.org","@graph":[{"@type":"WebPage","@id":"https:\/\/frequence-sille.org\/newsite\/les-evenements\/archives\/motocultor-2016\/","url":"https:\/\/frequence-sille.org\/newsite\/les-evenements\/archives\/motocultor-2016\/","name":"Motocultor 2016 - Fr\u00e9quence Sill\u00e9","isPartOf":{"@id":"https:\/\/frequence-sille.org\/newsite\/#website"},"datePublished":"2016-08-30T11:57:46+00:00","dateModified":"2022-12-06T15:30:30+00:00","breadcrumb":{"@id":"https:\/\/frequence-sille.org\/newsite\/les-evenements\/archives\/motocultor-2016\/#breadcrumb"},"inLanguage":"fr-FR","potentialAction":[{"@type":"ReadAction","target":["https:\/\/frequence-sille.org\/newsite\/les-evenements\/archives\/motocultor-2016\/"]}]},{"@type":"BreadcrumbList","@id":"https:\/\/frequence-sille.org\/newsite\/les-evenements\/archives\/motocultor-2016\/#breadcrumb","itemListElement":[{"@type":"ListItem","position":1,"name":"Accueil","item":"https:\/\/frequence-sille.org\/newsite\/"},{"@type":"ListItem","position":2,"name":"Les \u00e9v\u00e9nements","item":"https:\/\/frequence-sille.org\/newsite\/les-evenements\/"},{"@type":"ListItem","position":3,"name":"Archives 2016","item":"https:\/\/frequence-sille.org\/newsite\/les-evenements\/archives\/"},{"@type":"ListItem","position":4,"name":"Motocultor 2016"}]},{"@type":"WebSite","@id":"https:\/\/frequence-sille.org\/newsite\/#website","url":"https:\/\/frequence-sille.org\/newsite\/","name":"Fr\u00e9quence Sill\u00e9","description":"Bien plus qu&#039;une radio...votre radio !","publisher":{"@id":"https:\/\/frequence-sille.org\/newsite\/#organization"},"potentialAction":[{"@type":"SearchAction","target":{"@type":"EntryPoint","urlTemplate":"https:\/\/frequence-sille.org\/newsite\/?s={search_term_string}"},"query-input":{"@type":"PropertyValueSpecification","valueRequired":true,"valueName":"search_term_string"}}],"inLanguage":"fr-FR"},{"@type":"Organization","@id":"https:\/\/frequence-sille.org\/newsite\/#organization","name":"Fr\u00e9quence Sill\u00e9","url":"https:\/\/frequence-sille.org\/newsite\/","logo":{"@type":"ImageObject","inLanguage":"fr-FR","@id":"https:\/\/frequence-sille.org\/newsite\/#\/schema\/logo\/image\/","url":"https:\/\/frequence-sille.org\/newsite\/wp-content\/uploads\/2023\/07\/LOGO_979_NOIR.png","contentUrl":"https:\/\/frequence-sille.org\/newsite\/wp-content\/uploads\/2023\/07\/LOGO_979_NOIR.png","width":7680,"height":4320,"caption":"Fr\u00e9quence Sill\u00e9"},"image":{"@id":"https:\/\/frequence-sille.org\/newsite\/#\/schema\/logo\/image\/"},"sameAs":["https:\/\/www.facebook.com\/frequencesille979fm","https:\/\/x.com\/freqsille979","https:\/\/www.instagram.com\/frequencesille\/"]}]}},"_links":{"self":[{"href":"https:\/\/frequence-sille.org\/newsite\/wp-json\/wp\/v2\/pages\/772","targetHints":{"allow":["GET"]}}],"collection":[{"href":"https:\/\/frequence-sille.org\/newsite\/wp-json\/wp\/v2\/pages"}],"about":[{"href":"https:\/\/frequence-sille.org\/newsite\/wp-json\/wp\/v2\/types\/page"}],"author":[{"embeddable":true,"href":"https:\/\/frequence-sille.org\/newsite\/wp-json\/wp\/v2\/users\/1"}],"replies":[{"embeddable":true,"href":"https:\/\/frequence-sille.org\/newsite\/wp-json\/wp\/v2\/comments?post=772"}],"version-history":[{"count":4,"href":"https:\/\/frequence-sille.org\/newsite\/wp-json\/wp\/v2\/pages\/772\/revisions"}],"predecessor-version":[{"id":10367,"href":"https:\/\/frequence-sille.org\/newsite\/wp-json\/wp\/v2\/pages\/772\/revisions\/10367"}],"up":[{"embeddable":true,"href":"https:\/\/frequence-sille.org\/newsite\/wp-json\/wp\/v2\/pages\/3219"}],"wp:attachment":[{"href":"https:\/\/frequence-sille.org\/newsite\/wp-json\/wp\/v2\/media?parent=772"}],"curies":[{"name":"wp","href":"https:\/\/api.w.org\/{rel}","templated":true}]}}