{"id":8779,"date":"2021-11-15T21:44:27","date_gmt":"2021-11-15T20:44:27","guid":{"rendered":"https:\/\/frequence-sille.org\/newsite\/?page_id=8779"},"modified":"2022-05-23T14:35:15","modified_gmt":"2022-05-23T13:35:15","slug":"club-college","status":"publish","type":"page","link":"https:\/\/frequence-sille.org\/newsite\/jeunesse\/collegiens-a-lantenne\/club-college\/","title":{"rendered":"Club Coll\u00e8ge"},"content":{"rendered":"\n<p>Les coll\u00e9giens de la cit\u00e9 scolaire Paul Scarron peuvent venir sur leurs heures d&rsquo;\u00e9tude \u00e0 la radio, pour r\u00e9aliser, avec Pauline, des chroniques sur des sujets qui leur tiennent \u00e0 c\u0153ur. Retrouvez ici leurs chroniques.<\/p>\n\n\n\n<figure class=\"wp-block-image size-large\"><img loading=\"lazy\" decoding=\"async\" width=\"1024\" height=\"683\" src=\"https:\/\/frequence-sille.org\/newsite\/wp-content\/uploads\/2021\/11\/Club-College-rectangle-1024x683.jpg\" alt=\"\" class=\"wp-image-8780\" srcset=\"https:\/\/frequence-sille.org\/newsite\/wp-content\/uploads\/2021\/11\/Club-College-rectangle-1024x683.jpg 1024w, https:\/\/frequence-sille.org\/newsite\/wp-content\/uploads\/2021\/11\/Club-College-rectangle-300x200.jpg 300w, https:\/\/frequence-sille.org\/newsite\/wp-content\/uploads\/2021\/11\/Club-College-rectangle-768x512.jpg 768w, https:\/\/frequence-sille.org\/newsite\/wp-content\/uploads\/2021\/11\/Club-College-rectangle-1536x1024.jpg 1536w, https:\/\/frequence-sille.org\/newsite\/wp-content\/uploads\/2021\/11\/Club-College-rectangle.jpg 1800w\" sizes=\"auto, (max-width: 1024px) 100vw, 1024px\" \/><\/figure>\n\n\n\n<h2 class=\"wp-block-heading\">Les \u00e9missions<\/h2>\n\n\n\n<iframe loading=\"lazy\" scrolling=\"no\" id=\"hearthis_at_user_230120-8445500\" src=\"https:\/\/hearthis.at\/set\/230120-8445500\/embed\/\" allowtransparency=\"\" allow=\"autoplay\" width=\"100%\" height=\"350\" frameborder=\"0\"><\/iframe>\n","protected":false},"excerpt":{"rendered":"<p>Les coll\u00e9giens de la cit\u00e9 scolaire Paul Scarron peuvent venir sur leurs heures d&rsquo;\u00e9tude \u00e0 la radio, pour r\u00e9aliser, avec Pauline, des chroniques sur des sujets qui leur tiennent \u00e0&hellip;<\/p>\n","protected":false},"author":24,"featured_media":8936,"parent":2014,"menu_order":64,"comment_status":"closed","ping_status":"closed","template":"","meta":{"footnotes":""},"class_list":["post-8779","page","type-page","status-publish","has-post-thumbnail","hentry"],"yoast_head":"<!-- This site is optimized with the Yoast SEO plugin v27.4 - https:\/\/yoast.com\/product\/yoast-seo-wordpress\/ -->\n<title>Club Coll\u00e8ge - Fr\u00e9quence Sill\u00e9<\/title>\n<meta name=\"robots\" content=\"index, follow, max-snippet:-1, max-image-preview:large, max-video-preview:-1\" \/>\n<link rel=\"canonical\" href=\"https:\/\/frequence-sille.org\/newsite\/jeunesse\/collegiens-a-lantenne\/club-college\/\" \/>\n<meta property=\"og:locale\" content=\"fr_FR\" \/>\n<meta property=\"og:type\" content=\"article\" \/>\n<meta property=\"og:title\" content=\"Club Coll\u00e8ge - Fr\u00e9quence Sill\u00e9\" \/>\n<meta property=\"og:description\" content=\"Les coll\u00e9giens de la cit\u00e9 scolaire Paul Scarron peuvent venir sur leurs heures d&rsquo;\u00e9tude \u00e0 la radio, pour r\u00e9aliser, avec Pauline, des chroniques sur des sujets qui leur tiennent \u00e0&hellip;\" \/>\n<meta property=\"og:url\" content=\"https:\/\/frequence-sille.org\/newsite\/jeunesse\/collegiens-a-lantenne\/club-college\/\" \/>\n<meta property=\"og:site_name\" content=\"Fr\u00e9quence Sill\u00e9\" \/>\n<meta property=\"article:publisher\" content=\"https:\/\/www.facebook.com\/frequencesille979fm\" \/>\n<meta property=\"article:modified_time\" content=\"2022-05-23T13:35:15+00:00\" \/>\n<meta property=\"og:image\" content=\"https:\/\/frequence-sille.org\/newsite\/wp-content\/uploads\/2022\/01\/Club-College-rectangle.jpg\" \/>\n\t<meta property=\"og:image:width\" content=\"1800\" \/>\n\t<meta property=\"og:image:height\" content=\"1200\" \/>\n\t<meta property=\"og:image:type\" content=\"image\/jpeg\" \/>\n<meta name=\"twitter:card\" content=\"summary_large_image\" \/>\n<meta name=\"twitter:site\" content=\"@freqsille979\" \/>\n<script type=\"application\/ld+json\" class=\"yoast-schema-graph\">{\"@context\":\"https:\\\/\\\/schema.org\",\"@graph\":[{\"@type\":\"WebPage\",\"@id\":\"https:\\\/\\\/frequence-sille.org\\\/newsite\\\/jeunesse\\\/collegiens-a-lantenne\\\/club-college\\\/\",\"url\":\"https:\\\/\\\/frequence-sille.org\\\/newsite\\\/jeunesse\\\/collegiens-a-lantenne\\\/club-college\\\/\",\"name\":\"Club Coll\u00e8ge - Fr\u00e9quence Sill\u00e9\",\"isPartOf\":{\"@id\":\"https:\\\/\\\/frequence-sille.org\\\/newsite\\\/#website\"},\"primaryImageOfPage\":{\"@id\":\"https:\\\/\\\/frequence-sille.org\\\/newsite\\\/jeunesse\\\/collegiens-a-lantenne\\\/club-college\\\/#primaryimage\"},\"image\":{\"@id\":\"https:\\\/\\\/frequence-sille.org\\\/newsite\\\/jeunesse\\\/collegiens-a-lantenne\\\/club-college\\\/#primaryimage\"},\"thumbnailUrl\":\"https:\\\/\\\/frequence-sille.org\\\/newsite\\\/wp-content\\\/uploads\\\/2022\\\/01\\\/Club-College-rectangle.jpg\",\"datePublished\":\"2021-11-15T20:44:27+00:00\",\"dateModified\":\"2022-05-23T13:35:15+00:00\",\"breadcrumb\":{\"@id\":\"https:\\\/\\\/frequence-sille.org\\\/newsite\\\/jeunesse\\\/collegiens-a-lantenne\\\/club-college\\\/#breadcrumb\"},\"inLanguage\":\"fr-FR\",\"potentialAction\":[{\"@type\":\"ReadAction\",\"target\":[\"https:\\\/\\\/frequence-sille.org\\\/newsite\\\/jeunesse\\\/collegiens-a-lantenne\\\/club-college\\\/\"]}]},{\"@type\":\"ImageObject\",\"inLanguage\":\"fr-FR\",\"@id\":\"https:\\\/\\\/frequence-sille.org\\\/newsite\\\/jeunesse\\\/collegiens-a-lantenne\\\/club-college\\\/#primaryimage\",\"url\":\"https:\\\/\\\/frequence-sille.org\\\/newsite\\\/wp-content\\\/uploads\\\/2022\\\/01\\\/Club-College-rectangle.jpg\",\"contentUrl\":\"https:\\\/\\\/frequence-sille.org\\\/newsite\\\/wp-content\\\/uploads\\\/2022\\\/01\\\/Club-College-rectangle.jpg\",\"width\":1800,\"height\":1200},{\"@type\":\"BreadcrumbList\",\"@id\":\"https:\\\/\\\/frequence-sille.org\\\/newsite\\\/jeunesse\\\/collegiens-a-lantenne\\\/club-college\\\/#breadcrumb\",\"itemListElement\":[{\"@type\":\"ListItem\",\"position\":1,\"name\":\"Accueil\",\"item\":\"https:\\\/\\\/frequence-sille.org\\\/newsite\\\/\"},{\"@type\":\"ListItem\",\"position\":2,\"name\":\"Jeunesse\",\"item\":\"https:\\\/\\\/frequence-sille.org\\\/newsite\\\/jeunesse\\\/\"},{\"@type\":\"ListItem\",\"position\":3,\"name\":\"Coll\u00e9giens \u00e0 l&rsquo;antenne\",\"item\":\"https:\\\/\\\/frequence-sille.org\\\/newsite\\\/jeunesse\\\/collegiens-a-lantenne\\\/\"},{\"@type\":\"ListItem\",\"position\":4,\"name\":\"Club Coll\u00e8ge\"}]},{\"@type\":\"WebSite\",\"@id\":\"https:\\\/\\\/frequence-sille.org\\\/newsite\\\/#website\",\"url\":\"https:\\\/\\\/frequence-sille.org\\\/newsite\\\/\",\"name\":\"Fr\u00e9quence Sill\u00e9\",\"description\":\"Bien plus qu&#039;une radio...votre radio !\",\"publisher\":{\"@id\":\"https:\\\/\\\/frequence-sille.org\\\/newsite\\\/#organization\"},\"potentialAction\":[{\"@type\":\"SearchAction\",\"target\":{\"@type\":\"EntryPoint\",\"urlTemplate\":\"https:\\\/\\\/frequence-sille.org\\\/newsite\\\/?s={search_term_string}\"},\"query-input\":{\"@type\":\"PropertyValueSpecification\",\"valueRequired\":true,\"valueName\":\"search_term_string\"}}],\"inLanguage\":\"fr-FR\"},{\"@type\":\"Organization\",\"@id\":\"https:\\\/\\\/frequence-sille.org\\\/newsite\\\/#organization\",\"name\":\"Fr\u00e9quence Sill\u00e9\",\"url\":\"https:\\\/\\\/frequence-sille.org\\\/newsite\\\/\",\"logo\":{\"@type\":\"ImageObject\",\"inLanguage\":\"fr-FR\",\"@id\":\"https:\\\/\\\/frequence-sille.org\\\/newsite\\\/#\\\/schema\\\/logo\\\/image\\\/\",\"url\":\"https:\\\/\\\/frequence-sille.org\\\/newsite\\\/wp-content\\\/uploads\\\/2023\\\/07\\\/LOGO_979_NOIR.png\",\"contentUrl\":\"https:\\\/\\\/frequence-sille.org\\\/newsite\\\/wp-content\\\/uploads\\\/2023\\\/07\\\/LOGO_979_NOIR.png\",\"width\":7680,\"height\":4320,\"caption\":\"Fr\u00e9quence Sill\u00e9\"},\"image\":{\"@id\":\"https:\\\/\\\/frequence-sille.org\\\/newsite\\\/#\\\/schema\\\/logo\\\/image\\\/\"},\"sameAs\":[\"https:\\\/\\\/www.facebook.com\\\/frequencesille979fm\",\"https:\\\/\\\/x.com\\\/freqsille979\",\"https:\\\/\\\/www.instagram.com\\\/frequencesille\\\/\"]}]}<\/script>\n<!-- \/ Yoast SEO plugin. -->","yoast_head_json":{"title":"Club Coll\u00e8ge - Fr\u00e9quence Sill\u00e9","robots":{"index":"index","follow":"follow","max-snippet":"max-snippet:-1","max-image-preview":"max-image-preview:large","max-video-preview":"max-video-preview:-1"},"canonical":"https:\/\/frequence-sille.org\/newsite\/jeunesse\/collegiens-a-lantenne\/club-college\/","og_locale":"fr_FR","og_type":"article","og_title":"Club Coll\u00e8ge - Fr\u00e9quence Sill\u00e9","og_description":"Les coll\u00e9giens de la cit\u00e9 scolaire Paul Scarron peuvent venir sur leurs heures d&rsquo;\u00e9tude \u00e0 la radio, pour r\u00e9aliser, avec Pauline, des chroniques sur des sujets qui leur tiennent \u00e0&hellip;","og_url":"https:\/\/frequence-sille.org\/newsite\/jeunesse\/collegiens-a-lantenne\/club-college\/","og_site_name":"Fr\u00e9quence Sill\u00e9","article_publisher":"https:\/\/www.facebook.com\/frequencesille979fm","article_modified_time":"2022-05-23T13:35:15+00:00","og_image":[{"width":1800,"height":1200,"url":"https:\/\/frequence-sille.org\/newsite\/wp-content\/uploads\/2022\/01\/Club-College-rectangle.jpg","type":"image\/jpeg"}],"twitter_card":"summary_large_image","twitter_site":"@freqsille979","schema":{"@context":"https:\/\/schema.org","@graph":[{"@type":"WebPage","@id":"https:\/\/frequence-sille.org\/newsite\/jeunesse\/collegiens-a-lantenne\/club-college\/","url":"https:\/\/frequence-sille.org\/newsite\/jeunesse\/collegiens-a-lantenne\/club-college\/","name":"Club Coll\u00e8ge - Fr\u00e9quence Sill\u00e9","isPartOf":{"@id":"https:\/\/frequence-sille.org\/newsite\/#website"},"primaryImageOfPage":{"@id":"https:\/\/frequence-sille.org\/newsite\/jeunesse\/collegiens-a-lantenne\/club-college\/#primaryimage"},"image":{"@id":"https:\/\/frequence-sille.org\/newsite\/jeunesse\/collegiens-a-lantenne\/club-college\/#primaryimage"},"thumbnailUrl":"https:\/\/frequence-sille.org\/newsite\/wp-content\/uploads\/2022\/01\/Club-College-rectangle.jpg","datePublished":"2021-11-15T20:44:27+00:00","dateModified":"2022-05-23T13:35:15+00:00","breadcrumb":{"@id":"https:\/\/frequence-sille.org\/newsite\/jeunesse\/collegiens-a-lantenne\/club-college\/#breadcrumb"},"inLanguage":"fr-FR","potentialAction":[{"@type":"ReadAction","target":["https:\/\/frequence-sille.org\/newsite\/jeunesse\/collegiens-a-lantenne\/club-college\/"]}]},{"@type":"ImageObject","inLanguage":"fr-FR","@id":"https:\/\/frequence-sille.org\/newsite\/jeunesse\/collegiens-a-lantenne\/club-college\/#primaryimage","url":"https:\/\/frequence-sille.org\/newsite\/wp-content\/uploads\/2022\/01\/Club-College-rectangle.jpg","contentUrl":"https:\/\/frequence-sille.org\/newsite\/wp-content\/uploads\/2022\/01\/Club-College-rectangle.jpg","width":1800,"height":1200},{"@type":"BreadcrumbList","@id":"https:\/\/frequence-sille.org\/newsite\/jeunesse\/collegiens-a-lantenne\/club-college\/#breadcrumb","itemListElement":[{"@type":"ListItem","position":1,"name":"Accueil","item":"https:\/\/frequence-sille.org\/newsite\/"},{"@type":"ListItem","position":2,"name":"Jeunesse","item":"https:\/\/frequence-sille.org\/newsite\/jeunesse\/"},{"@type":"ListItem","position":3,"name":"Coll\u00e9giens \u00e0 l&rsquo;antenne","item":"https:\/\/frequence-sille.org\/newsite\/jeunesse\/collegiens-a-lantenne\/"},{"@type":"ListItem","position":4,"name":"Club Coll\u00e8ge"}]},{"@type":"WebSite","@id":"https:\/\/frequence-sille.org\/newsite\/#website","url":"https:\/\/frequence-sille.org\/newsite\/","name":"Fr\u00e9quence Sill\u00e9","description":"Bien plus qu&#039;une radio...votre radio !","publisher":{"@id":"https:\/\/frequence-sille.org\/newsite\/#organization"},"potentialAction":[{"@type":"SearchAction","target":{"@type":"EntryPoint","urlTemplate":"https:\/\/frequence-sille.org\/newsite\/?s={search_term_string}"},"query-input":{"@type":"PropertyValueSpecification","valueRequired":true,"valueName":"search_term_string"}}],"inLanguage":"fr-FR"},{"@type":"Organization","@id":"https:\/\/frequence-sille.org\/newsite\/#organization","name":"Fr\u00e9quence Sill\u00e9","url":"https:\/\/frequence-sille.org\/newsite\/","logo":{"@type":"ImageObject","inLanguage":"fr-FR","@id":"https:\/\/frequence-sille.org\/newsite\/#\/schema\/logo\/image\/","url":"https:\/\/frequence-sille.org\/newsite\/wp-content\/uploads\/2023\/07\/LOGO_979_NOIR.png","contentUrl":"https:\/\/frequence-sille.org\/newsite\/wp-content\/uploads\/2023\/07\/LOGO_979_NOIR.png","width":7680,"height":4320,"caption":"Fr\u00e9quence Sill\u00e9"},"image":{"@id":"https:\/\/frequence-sille.org\/newsite\/#\/schema\/logo\/image\/"},"sameAs":["https:\/\/www.facebook.com\/frequencesille979fm","https:\/\/x.com\/freqsille979","https:\/\/www.instagram.com\/frequencesille\/"]}]}},"_links":{"self":[{"href":"https:\/\/frequence-sille.org\/newsite\/wp-json\/wp\/v2\/pages\/8779","targetHints":{"allow":["GET"]}}],"collection":[{"href":"https:\/\/frequence-sille.org\/newsite\/wp-json\/wp\/v2\/pages"}],"about":[{"href":"https:\/\/frequence-sille.org\/newsite\/wp-json\/wp\/v2\/types\/page"}],"author":[{"embeddable":true,"href":"https:\/\/frequence-sille.org\/newsite\/wp-json\/wp\/v2\/users\/24"}],"replies":[{"embeddable":true,"href":"https:\/\/frequence-sille.org\/newsite\/wp-json\/wp\/v2\/comments?post=8779"}],"version-history":[{"count":4,"href":"https:\/\/frequence-sille.org\/newsite\/wp-json\/wp\/v2\/pages\/8779\/revisions"}],"predecessor-version":[{"id":8932,"href":"https:\/\/frequence-sille.org\/newsite\/wp-json\/wp\/v2\/pages\/8779\/revisions\/8932"}],"up":[{"embeddable":true,"href":"https:\/\/frequence-sille.org\/newsite\/wp-json\/wp\/v2\/pages\/2014"}],"wp:featuredmedia":[{"embeddable":true,"href":"https:\/\/frequence-sille.org\/newsite\/wp-json\/wp\/v2\/media\/8936"}],"wp:attachment":[{"href":"https:\/\/frequence-sille.org\/newsite\/wp-json\/wp\/v2\/media?parent=8779"}],"curies":[{"name":"wp","href":"https:\/\/api.w.org\/{rel}","templated":true}]}}