{"id":8809,"date":"2021-12-04T13:37:26","date_gmt":"2021-12-04T12:37:26","guid":{"rendered":"https:\/\/frequence-sille.org\/newsite\/?page_id=8809"},"modified":"2023-01-19T11:29:28","modified_gmt":"2023-01-19T10:29:28","slug":"archives-2017","status":"publish","type":"page","link":"https:\/\/frequence-sille.org\/newsite\/archives-2017\/","title":{"rendered":"Archives 2017"},"content":{"rendered":"\n<p>Retrouvez ici les \u00e9v\u00e8nements couvert par votre radio Fr\u00e9quence Sill\u00e9 en 2017.<\/p>\n\n\n\n<figure class=\"wp-block-embed is-type-wp-embed is-provider-frequence-sille wp-block-embed-frequence-sille\"><div class=\"wp-block-embed__wrapper\">\n<blockquote class=\"wp-embedded-content\" data-secret=\"KLiVtaiHbX\"><a href=\"https:\/\/frequence-sille.org\/newsite\/les-evenements\/carrefour-des-engages-2017\/\">Carrefour des engag\u00e9s 2017<\/a><\/blockquote><iframe loading=\"lazy\" class=\"wp-embedded-content\" sandbox=\"allow-scripts\" security=\"restricted\" style=\"position: absolute; clip: rect(1px, 1px, 1px, 1px);\" title=\"\u00ab\u00a0Carrefour des engag\u00e9s 2017\u00a0\u00bb &#8212; Fr\u00e9quence Sill\u00e9\" src=\"https:\/\/frequence-sille.org\/newsite\/les-evenements\/carrefour-des-engages-2017\/embed\/#?secret=nKdvxdXCIj#?secret=KLiVtaiHbX\" data-secret=\"KLiVtaiHbX\" width=\"600\" height=\"338\" frameborder=\"0\" marginwidth=\"0\" marginheight=\"0\" scrolling=\"no\"><\/iframe>\n<\/div><\/figure>\n\n\n\n<p><\/p>\n\n\n\n<ul class=\"wp-block-list\">\n<li>Salon du vin et de la gastronomie<\/li>\n<\/ul>\n\n\n\n<iframe loading=\"lazy\" scrolling=\"no\" id=\"hearthis_at_user_80274-8445500\" src=\"https:\/\/hearthis.at\/set\/80274-8445500\/embed\/\" allowtransparency=\"\" allow=\"autoplay\" width=\"100%\" height=\"350\" frameborder=\"0\"><\/iframe>\n\n\n\n<p><\/p>\n\n\n\n<figure class=\"wp-block-embed is-type-wp-embed is-provider-frequence-sille wp-block-embed-frequence-sille\"><div class=\"wp-block-embed__wrapper\">\n<blockquote class=\"wp-embedded-content\" data-secret=\"JW6wNjH6W2\"><a href=\"https:\/\/frequence-sille.org\/newsite\/2023\/01\/19\/salon-du-playmobil\/\">Salon du Playmobil<\/a><\/blockquote><iframe loading=\"lazy\" class=\"wp-embedded-content\" sandbox=\"allow-scripts\" security=\"restricted\" style=\"position: absolute; clip: rect(1px, 1px, 1px, 1px);\" title=\"\u00ab\u00a0Salon du Playmobil\u00a0\u00bb &#8212; Fr\u00e9quence Sill\u00e9\" src=\"https:\/\/frequence-sille.org\/newsite\/2023\/01\/19\/salon-du-playmobil\/embed\/#?secret=gIfBFnJzXI#?secret=JW6wNjH6W2\" data-secret=\"JW6wNjH6W2\" width=\"600\" height=\"338\" frameborder=\"0\" marginwidth=\"0\" marginheight=\"0\" scrolling=\"no\"><\/iframe>\n<\/div><\/figure>\n\n\n\n<p><\/p>\n\n\n\n<figure class=\"wp-block-embed is-type-wp-embed is-provider-frequence-sille wp-block-embed-frequence-sille\"><div class=\"wp-block-embed__wrapper\">\n<blockquote class=\"wp-embedded-content\" data-secret=\"F7gPXGExvu\"><a href=\"https:\/\/frequence-sille.org\/newsite\/les-evenements\/congres-des-maires-de-la-sarthe\/\">Congr\u00e8s des maires de la Sarthe<\/a><\/blockquote><iframe loading=\"lazy\" class=\"wp-embedded-content\" sandbox=\"allow-scripts\" security=\"restricted\" style=\"position: absolute; clip: rect(1px, 1px, 1px, 1px);\" title=\"\u00ab\u00a0Congr\u00e8s des maires de la Sarthe\u00a0\u00bb &#8212; Fr\u00e9quence Sill\u00e9\" src=\"https:\/\/frequence-sille.org\/newsite\/les-evenements\/congres-des-maires-de-la-sarthe\/embed\/#?secret=pWMYCMbwMn#?secret=F7gPXGExvu\" data-secret=\"F7gPXGExvu\" width=\"600\" height=\"338\" frameborder=\"0\" marginwidth=\"0\" marginheight=\"0\" scrolling=\"no\"><\/iframe>\n<\/div><\/figure>\n\n\n\n<p><\/p>\n\n\n\n<ul class=\"wp-block-list\">\n<li>Forum des associations<\/li>\n<\/ul>\n\n\n\n<iframe loading=\"lazy\" scrolling=\"no\" id=\"hearthis_at_user_76609-8445500\" src=\"https:\/\/hearthis.at\/set\/76609-8445500\/embed\/\" allowtransparency=\"\" allow=\"autoplay\" width=\"100%\" height=\"350\" frameborder=\"0\"><\/iframe>\n\n\n\n<p><\/p>\n\n\n\n<figure class=\"wp-block-embed is-type-wp-embed is-provider-frequence-sille wp-block-embed-frequence-sille\"><div class=\"wp-block-embed__wrapper\">\n<blockquote class=\"wp-embedded-content\" data-secret=\"vS2eICjjTW\"><a href=\"https:\/\/frequence-sille.org\/newsite\/les-evenements\/comice-2017\/\">Comice 2017 &#8211; Mont St Jean<\/a><\/blockquote><iframe loading=\"lazy\" class=\"wp-embedded-content\" sandbox=\"allow-scripts\" security=\"restricted\" style=\"position: absolute; clip: rect(1px, 1px, 1px, 1px);\" title=\"\u00ab\u00a0Comice 2017 &#8211; Mont St Jean\u00a0\u00bb &#8212; Fr\u00e9quence Sill\u00e9\" src=\"https:\/\/frequence-sille.org\/newsite\/les-evenements\/comice-2017\/embed\/#?secret=o4ZgPN6sBP#?secret=vS2eICjjTW\" data-secret=\"vS2eICjjTW\" width=\"600\" height=\"338\" frameborder=\"0\" marginwidth=\"0\" marginheight=\"0\" scrolling=\"no\"><\/iframe>\n<\/div><\/figure>\n\n\n\n<p><\/p>\n\n\n\n<ul class=\"wp-block-list\">\n<li>Championnat FSGT &#8211; Rouez<\/li>\n<\/ul>\n\n\n\n<iframe loading=\"lazy\" scrolling=\"no\" id=\"hearthis_at_user_65030-8445500\" src=\"https:\/\/hearthis.at\/set\/65030-8445500\/embed\/\" allowtransparency=\"\" allow=\"autoplay\" width=\"100%\" height=\"350\" frameborder=\"0\"><\/iframe>\n\n\n\n<p><\/p>\n\n\n\n<ul class=\"wp-block-list\">\n<li>Journ\u00e9e des b\u00e9n\u00e9voles<\/li>\n<\/ul>\n\n\n\n<iframe loading=\"lazy\" scrolling=\"no\" id=\"hearthis_at_user_63823-8445500\" src=\"https:\/\/hearthis.at\/set\/63823-8445500\/embed\/\" allowtransparency=\"\" allow=\"autoplay\" width=\"100%\" height=\"350\" frameborder=\"0\"><\/iframe>\n\n\n\n<p><\/p>\n\n\n\n<figure class=\"wp-block-embed is-type-wp-embed is-provider-frequence-sille wp-block-embed-frequence-sille\"><div class=\"wp-block-embed__wrapper\">\n<blockquote class=\"wp-embedded-content\" data-secret=\"wQdmIwceiN\"><a href=\"https:\/\/frequence-sille.org\/newsite\/les-evenements\/elections-legislatives-2017\/\">\u00c9lections l\u00e9gislatives 2017<\/a><\/blockquote><iframe loading=\"lazy\" class=\"wp-embedded-content\" sandbox=\"allow-scripts\" security=\"restricted\" style=\"position: absolute; clip: rect(1px, 1px, 1px, 1px);\" title=\"\u00ab\u00a0\u00c9lections l\u00e9gislatives 2017\u00a0\u00bb &#8212; Fr\u00e9quence Sill\u00e9\" src=\"https:\/\/frequence-sille.org\/newsite\/les-evenements\/elections-legislatives-2017\/embed\/#?secret=zWauCI8bqM#?secret=wQdmIwceiN\" data-secret=\"wQdmIwceiN\" width=\"600\" height=\"338\" frameborder=\"0\" marginwidth=\"0\" marginheight=\"0\" scrolling=\"no\"><\/iframe>\n<\/div><\/figure>\n\n\n\n<p><\/p>\n\n\n\n<ul class=\"wp-block-list\">\n<li>Printemps des po\u00eates<\/li>\n<\/ul>\n\n\n\n<iframe loading=\"lazy\" scrolling=\"no\" id=\"hearthis_at_user_58992-8445500\" src=\"https:\/\/hearthis.at\/set\/58992-8445500\/embed\/\" allowtransparency=\"\" allow=\"autoplay\" width=\"100%\" height=\"350\" frameborder=\"0\"><\/iframe>\n\n\n\n<p><\/p>\n\n\n\n<ul class=\"wp-block-list\">\n<li>V\u0153ux COR<\/li>\n<\/ul>\n\n\n\n<iframe loading=\"lazy\" scrolling=\"no\" id=\"hearthis_at_user_59258-8445500\" src=\"https:\/\/hearthis.at\/set\/59258-8445500\/embed\/\" allowtransparency=\"\" allow=\"autoplay\" width=\"100%\" height=\"350\" frameborder=\"0\"><\/iframe>\n\n\n\n<p><\/p>\n\n\n\n<ul class=\"wp-block-list\">\n<li>Forum des m\u00e9tiers<\/li>\n<\/ul>\n\n\n\n<iframe loading=\"lazy\" scrolling=\"no\" id=\"hearthis_at_user_58837-8445500\" src=\"https:\/\/hearthis.at\/set\/58837-8445500\/embed\/\" allowtransparency=\"\" allow=\"autoplay\" width=\"100%\" height=\"350\" frameborder=\"0\"><\/iframe>\n","protected":false},"excerpt":{"rendered":"<p>Retrouvez ici les \u00e9v\u00e8nements couvert par votre radio Fr\u00e9quence Sill\u00e9 en 2017.<\/p>\n","protected":false},"author":1,"featured_media":0,"parent":0,"menu_order":0,"comment_status":"closed","ping_status":"closed","template":"","meta":{"footnotes":""},"class_list":["post-8809","page","type-page","status-publish","hentry","no-post-thumbnail"],"yoast_head":"<!-- This site is optimized with the Yoast SEO plugin v27.3 - https:\/\/yoast.com\/product\/yoast-seo-wordpress\/ -->\n<title>Archives 2017 - Fr\u00e9quence Sill\u00e9<\/title>\n<meta name=\"robots\" content=\"index, follow, max-snippet:-1, max-image-preview:large, max-video-preview:-1\" \/>\n<link rel=\"canonical\" href=\"https:\/\/frequence-sille.org\/newsite\/archives-2017\/\" \/>\n<meta property=\"og:locale\" content=\"fr_FR\" \/>\n<meta property=\"og:type\" content=\"article\" \/>\n<meta property=\"og:title\" content=\"Archives 2017 - Fr\u00e9quence Sill\u00e9\" \/>\n<meta property=\"og:description\" content=\"Retrouvez ici les \u00e9v\u00e8nements couvert par votre radio Fr\u00e9quence Sill\u00e9 en 2017.\" \/>\n<meta property=\"og:url\" content=\"https:\/\/frequence-sille.org\/newsite\/archives-2017\/\" \/>\n<meta property=\"og:site_name\" content=\"Fr\u00e9quence Sill\u00e9\" \/>\n<meta property=\"article:publisher\" content=\"https:\/\/www.facebook.com\/frequencesille979fm\" \/>\n<meta property=\"article:modified_time\" content=\"2023-01-19T10:29:28+00:00\" \/>\n<meta name=\"twitter:card\" content=\"summary_large_image\" \/>\n<meta name=\"twitter:site\" content=\"@freqsille979\" \/>\n<script type=\"application\/ld+json\" class=\"yoast-schema-graph\">{\"@context\":\"https:\\\/\\\/schema.org\",\"@graph\":[{\"@type\":\"WebPage\",\"@id\":\"https:\\\/\\\/frequence-sille.org\\\/newsite\\\/archives-2017\\\/\",\"url\":\"https:\\\/\\\/frequence-sille.org\\\/newsite\\\/archives-2017\\\/\",\"name\":\"Archives 2017 - Fr\u00e9quence Sill\u00e9\",\"isPartOf\":{\"@id\":\"https:\\\/\\\/frequence-sille.org\\\/newsite\\\/#website\"},\"datePublished\":\"2021-12-04T12:37:26+00:00\",\"dateModified\":\"2023-01-19T10:29:28+00:00\",\"breadcrumb\":{\"@id\":\"https:\\\/\\\/frequence-sille.org\\\/newsite\\\/archives-2017\\\/#breadcrumb\"},\"inLanguage\":\"fr-FR\",\"potentialAction\":[{\"@type\":\"ReadAction\",\"target\":[\"https:\\\/\\\/frequence-sille.org\\\/newsite\\\/archives-2017\\\/\"]}]},{\"@type\":\"BreadcrumbList\",\"@id\":\"https:\\\/\\\/frequence-sille.org\\\/newsite\\\/archives-2017\\\/#breadcrumb\",\"itemListElement\":[{\"@type\":\"ListItem\",\"position\":1,\"name\":\"Accueil\",\"item\":\"https:\\\/\\\/frequence-sille.org\\\/newsite\\\/\"},{\"@type\":\"ListItem\",\"position\":2,\"name\":\"Archives 2017\"}]},{\"@type\":\"WebSite\",\"@id\":\"https:\\\/\\\/frequence-sille.org\\\/newsite\\\/#website\",\"url\":\"https:\\\/\\\/frequence-sille.org\\\/newsite\\\/\",\"name\":\"Fr\u00e9quence Sill\u00e9\",\"description\":\"Bien plus qu&#039;une radio...votre radio !\",\"publisher\":{\"@id\":\"https:\\\/\\\/frequence-sille.org\\\/newsite\\\/#organization\"},\"potentialAction\":[{\"@type\":\"SearchAction\",\"target\":{\"@type\":\"EntryPoint\",\"urlTemplate\":\"https:\\\/\\\/frequence-sille.org\\\/newsite\\\/?s={search_term_string}\"},\"query-input\":{\"@type\":\"PropertyValueSpecification\",\"valueRequired\":true,\"valueName\":\"search_term_string\"}}],\"inLanguage\":\"fr-FR\"},{\"@type\":\"Organization\",\"@id\":\"https:\\\/\\\/frequence-sille.org\\\/newsite\\\/#organization\",\"name\":\"Fr\u00e9quence Sill\u00e9\",\"url\":\"https:\\\/\\\/frequence-sille.org\\\/newsite\\\/\",\"logo\":{\"@type\":\"ImageObject\",\"inLanguage\":\"fr-FR\",\"@id\":\"https:\\\/\\\/frequence-sille.org\\\/newsite\\\/#\\\/schema\\\/logo\\\/image\\\/\",\"url\":\"https:\\\/\\\/frequence-sille.org\\\/newsite\\\/wp-content\\\/uploads\\\/2023\\\/07\\\/LOGO_979_NOIR.png\",\"contentUrl\":\"https:\\\/\\\/frequence-sille.org\\\/newsite\\\/wp-content\\\/uploads\\\/2023\\\/07\\\/LOGO_979_NOIR.png\",\"width\":7680,\"height\":4320,\"caption\":\"Fr\u00e9quence Sill\u00e9\"},\"image\":{\"@id\":\"https:\\\/\\\/frequence-sille.org\\\/newsite\\\/#\\\/schema\\\/logo\\\/image\\\/\"},\"sameAs\":[\"https:\\\/\\\/www.facebook.com\\\/frequencesille979fm\",\"https:\\\/\\\/x.com\\\/freqsille979\",\"https:\\\/\\\/www.instagram.com\\\/frequencesille\\\/\"]}]}<\/script>\n<!-- \/ Yoast SEO plugin. -->","yoast_head_json":{"title":"Archives 2017 - Fr\u00e9quence Sill\u00e9","robots":{"index":"index","follow":"follow","max-snippet":"max-snippet:-1","max-image-preview":"max-image-preview:large","max-video-preview":"max-video-preview:-1"},"canonical":"https:\/\/frequence-sille.org\/newsite\/archives-2017\/","og_locale":"fr_FR","og_type":"article","og_title":"Archives 2017 - Fr\u00e9quence Sill\u00e9","og_description":"Retrouvez ici les \u00e9v\u00e8nements couvert par votre radio Fr\u00e9quence Sill\u00e9 en 2017.","og_url":"https:\/\/frequence-sille.org\/newsite\/archives-2017\/","og_site_name":"Fr\u00e9quence Sill\u00e9","article_publisher":"https:\/\/www.facebook.com\/frequencesille979fm","article_modified_time":"2023-01-19T10:29:28+00:00","twitter_card":"summary_large_image","twitter_site":"@freqsille979","schema":{"@context":"https:\/\/schema.org","@graph":[{"@type":"WebPage","@id":"https:\/\/frequence-sille.org\/newsite\/archives-2017\/","url":"https:\/\/frequence-sille.org\/newsite\/archives-2017\/","name":"Archives 2017 - Fr\u00e9quence Sill\u00e9","isPartOf":{"@id":"https:\/\/frequence-sille.org\/newsite\/#website"},"datePublished":"2021-12-04T12:37:26+00:00","dateModified":"2023-01-19T10:29:28+00:00","breadcrumb":{"@id":"https:\/\/frequence-sille.org\/newsite\/archives-2017\/#breadcrumb"},"inLanguage":"fr-FR","potentialAction":[{"@type":"ReadAction","target":["https:\/\/frequence-sille.org\/newsite\/archives-2017\/"]}]},{"@type":"BreadcrumbList","@id":"https:\/\/frequence-sille.org\/newsite\/archives-2017\/#breadcrumb","itemListElement":[{"@type":"ListItem","position":1,"name":"Accueil","item":"https:\/\/frequence-sille.org\/newsite\/"},{"@type":"ListItem","position":2,"name":"Archives 2017"}]},{"@type":"WebSite","@id":"https:\/\/frequence-sille.org\/newsite\/#website","url":"https:\/\/frequence-sille.org\/newsite\/","name":"Fr\u00e9quence Sill\u00e9","description":"Bien plus qu&#039;une radio...votre radio !","publisher":{"@id":"https:\/\/frequence-sille.org\/newsite\/#organization"},"potentialAction":[{"@type":"SearchAction","target":{"@type":"EntryPoint","urlTemplate":"https:\/\/frequence-sille.org\/newsite\/?s={search_term_string}"},"query-input":{"@type":"PropertyValueSpecification","valueRequired":true,"valueName":"search_term_string"}}],"inLanguage":"fr-FR"},{"@type":"Organization","@id":"https:\/\/frequence-sille.org\/newsite\/#organization","name":"Fr\u00e9quence Sill\u00e9","url":"https:\/\/frequence-sille.org\/newsite\/","logo":{"@type":"ImageObject","inLanguage":"fr-FR","@id":"https:\/\/frequence-sille.org\/newsite\/#\/schema\/logo\/image\/","url":"https:\/\/frequence-sille.org\/newsite\/wp-content\/uploads\/2023\/07\/LOGO_979_NOIR.png","contentUrl":"https:\/\/frequence-sille.org\/newsite\/wp-content\/uploads\/2023\/07\/LOGO_979_NOIR.png","width":7680,"height":4320,"caption":"Fr\u00e9quence Sill\u00e9"},"image":{"@id":"https:\/\/frequence-sille.org\/newsite\/#\/schema\/logo\/image\/"},"sameAs":["https:\/\/www.facebook.com\/frequencesille979fm","https:\/\/x.com\/freqsille979","https:\/\/www.instagram.com\/frequencesille\/"]}]}},"_links":{"self":[{"href":"https:\/\/frequence-sille.org\/newsite\/wp-json\/wp\/v2\/pages\/8809","targetHints":{"allow":["GET"]}}],"collection":[{"href":"https:\/\/frequence-sille.org\/newsite\/wp-json\/wp\/v2\/pages"}],"about":[{"href":"https:\/\/frequence-sille.org\/newsite\/wp-json\/wp\/v2\/types\/page"}],"author":[{"embeddable":true,"href":"https:\/\/frequence-sille.org\/newsite\/wp-json\/wp\/v2\/users\/1"}],"replies":[{"embeddable":true,"href":"https:\/\/frequence-sille.org\/newsite\/wp-json\/wp\/v2\/comments?post=8809"}],"version-history":[{"count":17,"href":"https:\/\/frequence-sille.org\/newsite\/wp-json\/wp\/v2\/pages\/8809\/revisions"}],"predecessor-version":[{"id":10602,"href":"https:\/\/frequence-sille.org\/newsite\/wp-json\/wp\/v2\/pages\/8809\/revisions\/10602"}],"wp:attachment":[{"href":"https:\/\/frequence-sille.org\/newsite\/wp-json\/wp\/v2\/media?parent=8809"}],"curies":[{"name":"wp","href":"https:\/\/api.w.org\/{rel}","templated":true}]}}