{"id":9269,"date":"2022-04-24T18:03:22","date_gmt":"2022-04-24T17:03:22","guid":{"rendered":"https:\/\/frequence-sille.org\/newsite\/?page_id=9269"},"modified":"2025-09-01T14:51:25","modified_gmt":"2025-09-01T12:51:25","slug":"formations-civiques-et-citoyennes-volontaires-du-service-civique","status":"publish","type":"page","link":"https:\/\/frequence-sille.org\/newsite\/formations-civiques-et-citoyennes-volontaires-du-service-civique\/","title":{"rendered":"Formations Civiques et Citoyennes\u00a0pour les volontaires du Service Civique"},"content":{"rendered":"\n<h2 class=\"wp-block-heading\">P\u00e9riode 2025-2026 : Les FCC se d\u00e9roulent au Mans, 97 Grande Rue, dans les locaux de <a href=\"https:\/\/radioalpa.com\/\" target=\"_blank\" rel=\"noreferrer noopener\">Radio Alpa<\/a>.<\/h2>\n\n\n<div class=\"wp-block-image\">\n<figure class=\"aligncenter size-full is-resized\"><img loading=\"lazy\" decoding=\"async\" width=\"1024\" height=\"768\" src=\"https:\/\/frequence-sille.org\/newsite\/wp-content\/uploads\/2024\/05\/20240524_140620.jpg\" alt=\"\" class=\"wp-image-13128\" style=\"width:601px;height:auto\" srcset=\"https:\/\/frequence-sille.org\/newsite\/wp-content\/uploads\/2024\/05\/20240524_140620.jpg 1024w, https:\/\/frequence-sille.org\/newsite\/wp-content\/uploads\/2024\/05\/20240524_140620-300x225.jpg 300w, https:\/\/frequence-sille.org\/newsite\/wp-content\/uploads\/2024\/05\/20240524_140620-768x576.jpg 768w\" sizes=\"auto, (max-width: 1024px) 100vw, 1024px\" \/><\/figure>\n<\/div>\n\n\n<p>Fr\u00e9quence-Sill\u00e9 est une radio associative, non commerciale, citoyenne, dont la fonction est prioritairement d\u2019assurer la communication sociale de proximit\u00e9 sur un territoire au service des populations. La pratique radiophonique est son c\u0153ur de m\u00e9tier.<\/p>\n\n\n\n<p>Mais Fr\u00e9quence-Sill\u00e9 est aussi est un organisme de formation professionnelle agr\u00e9\u00e9 b\u00e9n\u00e9ficiant de la labellisation Qualiopi. C\u2019est encore une association agr\u00e9\u00e9e \u00ab Jeunesse et Education Populaire \u00bb.<\/p>\n\n\n\n<p>Depuis plus de 30 ans au-del\u00e0 de la r\u00e9alisation de programmes radiophoniques, Fr\u00e9quence-Sill\u00e9 est engag\u00e9e dans des actions d\u2019\u00e9ducation aux m\u00e9dias et \u00e0 l\u2019information, dans l\u2019organisation de d\u00e9bats publics, la r\u00e9alisation d\u2019\u00e9v\u00e9nements et d\u2019animations culturelles, sociales et citoyennes\u2026 Elle est impliqu\u00e9e dans le dispositif \u00ab service civique \u00bb depuis 2010.<\/p>\n\n\n\n<p>Depuis 2022, Fr\u00e9quence-Sill\u00e9 a choisi de proposer son exp\u00e9rience au profit des volontaires du service civique de la Sarthe, Mayenne, Orne en priorit\u00e9, avec ouverture sur l\u2019ensemble de la R\u00e9gion des Pays de la Loire et en national. Sur la p\u00e9riode 2025-2026, ce m\u00eame service est propos\u00e9.<\/p>\n\n\n\n<p>En 2024-2025, 4 sessions ont \u00e9t\u00e9 r\u00e9alis\u00e9es avec 32 participants.<\/p>\n\n\n\n<p>La Formation Civique et Citoyenne propos\u00e9e est la suivante :<\/p>\n\n\n\n<ul class=\"wp-block-list has-vivid-purple-background-color has-background\">\n<li>M\u00e9dias et citoyennet\u00e9 : esprit critique face aux m\u00e9dias, exercice d\u2019une expression responsable et citoyenne par le m\u00e9dia radiophonique<\/li>\n<\/ul>\n\n\n\n<hr class=\"wp-block-separator has-css-opacity\"\/>\n\n\n\n<h3 class=\"wp-block-heading\"><strong>Contenu de la formation<\/strong><\/h3>\n\n\n\n<h4 class=\"wp-block-heading has-vivid-purple-background-color has-background\"><strong>M\u00e9dias et citoyennet\u00e9&nbsp;:<\/strong><\/h4>\n\n\n\n<p class=\"has-vivid-purple-background-color has-background\">Esprit critique face aux m\u00e9dias, exercice d\u2019une expression responsable et citoyenne par le m\u00e9dia radiophonique&nbsp;<\/p>\n\n\n\n<p><strong>Jour 1&nbsp;: 9h30 \u00e0 16h30<\/strong><\/p>\n\n\n\n<ul class=\"wp-block-list\">\n<li>Accueil des volontaires<\/li>\n\n\n\n<li>Echange entre volontaires sur leur mission et les conditions de r\u00e9alisation<\/li>\n\n\n\n<li>Echange structur\u00e9 sur la libert\u00e9 d\u2019expression, la libert\u00e9 de la presse et l\u2019histoire de la radio en France<\/li>\n\n\n\n<li>Visite et fonctionnement d\u2019une radio et\/ou rencontre avec des professionnels des m\u00e9dias<\/li>\n\n\n\n<li>Exercices de rep\u00e9rage des \u00e9l\u00e9ments constitutifs d\u2019une expression orale efficace<\/li>\n\n\n\n<li>Echange structur\u00e9 sur le rep\u00e9rage et l\u2019analyse des fakenews<\/li>\n\n\n\n<li>Rep\u00e9rage des diff\u00e9rences de s\u00fbret\u00e9 de l\u2019information entre une information diffus\u00e9e en direct et une information mont\u00e9e<\/li>\n\n\n\n<li>Cadrage g\u00e9n\u00e9ral de l\u2019activit\u00e9 du lendemain<\/li>\n<\/ul>\n\n\n\n<p><strong>Jour 2&nbsp;: 9h30 \u00e0 16h30<\/strong><\/p>\n\n\n\n<p>Mise en pratique<\/p>\n\n\n\n<ul class=\"wp-block-list\">\n<li>Pr\u00e9paration d\u2019une \u00e9mission de radio collective sur des sujets de soci\u00e9t\u00e9 ou d\u2019actualit\u00e9<\/li>\n\n\n\n<li>Accompagnement dans la d\u00e9marche de recherche de l\u2019information et de capacit\u00e9 de synth\u00e8se<\/li>\n\n\n\n<li>Structuration d\u2019\u00e9quipe<\/li>\n\n\n\n<li>Enregistrement dans les conditions de direct<\/li>\n\n\n\n<li>R\u00e9\u00e9coute collective<\/li>\n\n\n\n<li>Expression et analyse collective des ressentis personnels et de capacit\u00e9 de l\u2019information donn\u00e9e \u00e0 concerner et int\u00e9resser un public large<\/li>\n<\/ul>\n\n\n\n<p><a href=\"https:\/\/frequence-sille.org\/newsite\/wp-content\/uploads\/2024\/01\/2023-fiche-presentation-FCC-medias-FS-2023-2024-revu-le-mans.pdf\" target=\"_blank\" rel=\"noreferrer noopener\">T\u00e9l\u00e9charger la fiche d\u00e9taill\u00e9e<\/a><\/p>\n\n\n\n<hr class=\"wp-block-separator has-css-opacity\"\/>\n\n\n\n<h3 class=\"wp-block-heading\">Informations g\u00e9n\u00e9rales<\/h3>\n\n\n\n<p><strong>Lieu de formation&nbsp;:<\/strong><br>Le Mans<br>Radio Alpa, MJC Pr\u00e9vert<br>97 Grande Rue<br>Stationnement conseill\u00e9 : Parking Jacobins<br>Possibilit\u00e9 de venir \u00e0 pied ou par la navette gratuite arr\u00eat Mairie<\/p>\n\n\n\n<p class=\"has-vivid-purple-background-color has-background\"><strong>Dates des formations sur la p\u00e9riode 2025-2026&nbsp;:<\/strong><\/p>\n\n\n\n<ul class=\"wp-block-list has-vivid-purple-background-color has-background\">\n<li><strong>M\u00e9dias et citoyennet\u00e9:<\/strong>\n<ul class=\"wp-block-list\">\n<li>lundi 24 et mardi 25 novembre 2025<\/li>\n\n\n\n<li>lundi 15 et mardi 16 d\u00e9cembre 2025<\/li>\n\n\n\n<li>lundi 12 et mardi 13 janvier 2026<\/li>\n\n\n\n<li>lundi 16 et mardi 17 mars 2026<\/li>\n\n\n\n<li>jeudi 09 et vendredi 10 avril 2026<\/li>\n<\/ul>\n<\/li>\n<\/ul>\n\n\n\n<p><strong>Co\u00fbt de l\u2019inscription&nbsp;:<\/strong><\/p>\n\n\n\n<p>100 \u20ac par volontaire, pour deux journ\u00e9es de formation, payables par la structure d\u2019accueil des volontaires, de pr\u00e9f\u00e9rence, \u00e0 l\u2019inscription. Les frais annexes de d\u00e9placement, \u00e9ventuelle nuit\u00e9e et restauration sont \u00e0 la charge des organismes d\u2019accueil. Les volontaires peuvent d\u00e9jeuner sur place en amenant leur repas ou en proximit\u00e9.<\/p>\n\n\n\n<hr class=\"wp-block-separator has-css-opacity\"\/>\n\n\n\n<h3 class=\"wp-block-heading\">Modalit\u00e9s d\u2019inscription<\/h3>\n\n\n\n<p>Inscription par mail uniquement \u00e0 <strong>radiofrequencesille@gmail.com<\/strong><\/p>\n\n\n\n<p>Remplir le formulaire en ligne ou envoyer le formulaire que vous aurez t\u00e9l\u00e9charg\u00e9 ci-dessous :<\/p>\n\n\n\n<p class=\"has-vivid-purple-background-color has-background\"><strong><a href=\"https:\/\/forms.gle\/TicqpPbS5heKnrLcA\" target=\"_blank\" rel=\"noreferrer noopener\">Formulaire d&rsquo;inscription en ligne<\/a><\/strong><\/p>\n\n\n\n<hr class=\"wp-block-separator has-css-opacity\"\/>\n\n\n\n<p>Retrouvez les \u00e9missions r\u00e9alis\u00e9es lors des derni\u00e8res Formations Civiques et Citoyennes :<\/p>\n\n\n\n<figure class=\"wp-block-embed is-type-wp-embed is-provider-fr-quence-sill wp-block-embed-fr-quence-sill\"><div class=\"wp-block-embed__wrapper\">\n<blockquote class=\"wp-embedded-content\" data-secret=\"qPNAAWr0mg\"><a href=\"https:\/\/frequence-sille.org\/newsite\/formations-services-civiques-et-citoyennes\/\">\u00c9missions : Formations Civiques et Citoyennes<\/a><\/blockquote><iframe loading=\"lazy\" class=\"wp-embedded-content\" sandbox=\"allow-scripts\" security=\"restricted\" style=\"position: absolute; visibility: hidden;\" title=\"\u00ab\u00a0\u00c9missions : Formations Civiques et Citoyennes\u00a0\u00bb &#8212; Fr\u00e9quence Sill\u00e9\" src=\"https:\/\/frequence-sille.org\/newsite\/formations-services-civiques-et-citoyennes\/embed\/#?secret=SzGPPKj0YR#?secret=qPNAAWr0mg\" data-secret=\"qPNAAWr0mg\" width=\"600\" height=\"338\" frameborder=\"0\" marginwidth=\"0\" marginheight=\"0\" scrolling=\"no\"><\/iframe>\n<\/div><\/figure>\n","protected":false},"excerpt":{"rendered":"<p>P\u00e9riode 2025-2026 : Les FCC se d\u00e9roulent au Mans, 97 Grande Rue, dans les locaux de Radio Alpa. Fr\u00e9quence-Sill\u00e9 est une radio associative, non commerciale, citoyenne, dont la fonction est&hellip;<\/p>\n","protected":false},"author":1,"featured_media":12191,"parent":0,"menu_order":0,"comment_status":"closed","ping_status":"closed","template":"","meta":{"footnotes":""},"class_list":["post-9269","page","type-page","status-publish","has-post-thumbnail","hentry"],"yoast_head":"<!-- This site is optimized with the Yoast SEO plugin v27.3 - https:\/\/yoast.com\/product\/yoast-seo-wordpress\/ -->\n<title>Formations Civiques et Citoyennes\u00a0pour les volontaires du Service Civique - Fr\u00e9quence Sill\u00e9<\/title>\n<meta name=\"robots\" content=\"index, follow, max-snippet:-1, max-image-preview:large, max-video-preview:-1\" \/>\n<link rel=\"canonical\" href=\"https:\/\/frequence-sille.org\/newsite\/formations-civiques-et-citoyennes-volontaires-du-service-civique\/\" \/>\n<meta property=\"og:locale\" content=\"fr_FR\" \/>\n<meta property=\"og:type\" content=\"article\" \/>\n<meta property=\"og:title\" content=\"Formations Civiques et Citoyennes\u00a0pour les volontaires du Service Civique - Fr\u00e9quence Sill\u00e9\" \/>\n<meta property=\"og:description\" content=\"P\u00e9riode 2025-2026 : Les FCC se d\u00e9roulent au Mans, 97 Grande Rue, dans les locaux de Radio Alpa. Fr\u00e9quence-Sill\u00e9 est une radio associative, non commerciale, citoyenne, dont la fonction est&hellip;\" \/>\n<meta property=\"og:url\" content=\"https:\/\/frequence-sille.org\/newsite\/formations-civiques-et-citoyennes-volontaires-du-service-civique\/\" \/>\n<meta property=\"og:site_name\" content=\"Fr\u00e9quence Sill\u00e9\" \/>\n<meta property=\"article:publisher\" content=\"https:\/\/www.facebook.com\/frequencesille979fm\" \/>\n<meta property=\"article:modified_time\" content=\"2025-09-01T12:51:25+00:00\" \/>\n<meta property=\"og:image\" content=\"https:\/\/frequence-sille.org\/newsite\/wp-content\/uploads\/2022\/12\/IMG_0988-scaled-1.jpg\" \/>\n\t<meta property=\"og:image:width\" content=\"1200\" \/>\n\t<meta property=\"og:image:height\" content=\"900\" \/>\n\t<meta property=\"og:image:type\" content=\"image\/jpeg\" \/>\n<meta name=\"twitter:card\" content=\"summary_large_image\" \/>\n<meta name=\"twitter:site\" content=\"@freqsille979\" \/>\n<meta name=\"twitter:label1\" content=\"Dur\u00e9e de lecture estim\u00e9e\" \/>\n\t<meta name=\"twitter:data1\" content=\"4 minutes\" \/>\n<script type=\"application\/ld+json\" class=\"yoast-schema-graph\">{\"@context\":\"https:\\\/\\\/schema.org\",\"@graph\":[{\"@type\":\"WebPage\",\"@id\":\"https:\\\/\\\/frequence-sille.org\\\/newsite\\\/formations-civiques-et-citoyennes-volontaires-du-service-civique\\\/\",\"url\":\"https:\\\/\\\/frequence-sille.org\\\/newsite\\\/formations-civiques-et-citoyennes-volontaires-du-service-civique\\\/\",\"name\":\"Formations Civiques et Citoyennes\u00a0pour les volontaires du Service Civique - Fr\u00e9quence Sill\u00e9\",\"isPartOf\":{\"@id\":\"https:\\\/\\\/frequence-sille.org\\\/newsite\\\/#website\"},\"primaryImageOfPage\":{\"@id\":\"https:\\\/\\\/frequence-sille.org\\\/newsite\\\/formations-civiques-et-citoyennes-volontaires-du-service-civique\\\/#primaryimage\"},\"image\":{\"@id\":\"https:\\\/\\\/frequence-sille.org\\\/newsite\\\/formations-civiques-et-citoyennes-volontaires-du-service-civique\\\/#primaryimage\"},\"thumbnailUrl\":\"https:\\\/\\\/frequence-sille.org\\\/newsite\\\/wp-content\\\/uploads\\\/2022\\\/12\\\/IMG_0988-scaled-1.jpg\",\"datePublished\":\"2022-04-24T17:03:22+00:00\",\"dateModified\":\"2025-09-01T12:51:25+00:00\",\"breadcrumb\":{\"@id\":\"https:\\\/\\\/frequence-sille.org\\\/newsite\\\/formations-civiques-et-citoyennes-volontaires-du-service-civique\\\/#breadcrumb\"},\"inLanguage\":\"fr-FR\",\"potentialAction\":[{\"@type\":\"ReadAction\",\"target\":[\"https:\\\/\\\/frequence-sille.org\\\/newsite\\\/formations-civiques-et-citoyennes-volontaires-du-service-civique\\\/\"]}]},{\"@type\":\"ImageObject\",\"inLanguage\":\"fr-FR\",\"@id\":\"https:\\\/\\\/frequence-sille.org\\\/newsite\\\/formations-civiques-et-citoyennes-volontaires-du-service-civique\\\/#primaryimage\",\"url\":\"https:\\\/\\\/frequence-sille.org\\\/newsite\\\/wp-content\\\/uploads\\\/2022\\\/12\\\/IMG_0988-scaled-1.jpg\",\"contentUrl\":\"https:\\\/\\\/frequence-sille.org\\\/newsite\\\/wp-content\\\/uploads\\\/2022\\\/12\\\/IMG_0988-scaled-1.jpg\",\"width\":1200,\"height\":900},{\"@type\":\"BreadcrumbList\",\"@id\":\"https:\\\/\\\/frequence-sille.org\\\/newsite\\\/formations-civiques-et-citoyennes-volontaires-du-service-civique\\\/#breadcrumb\",\"itemListElement\":[{\"@type\":\"ListItem\",\"position\":1,\"name\":\"Accueil\",\"item\":\"https:\\\/\\\/frequence-sille.org\\\/newsite\\\/\"},{\"@type\":\"ListItem\",\"position\":2,\"name\":\"Formations Civiques et Citoyennes\u00a0pour les volontaires du Service Civique\"}]},{\"@type\":\"WebSite\",\"@id\":\"https:\\\/\\\/frequence-sille.org\\\/newsite\\\/#website\",\"url\":\"https:\\\/\\\/frequence-sille.org\\\/newsite\\\/\",\"name\":\"Fr\u00e9quence Sill\u00e9\",\"description\":\"Bien plus qu&#039;une radio...votre radio !\",\"publisher\":{\"@id\":\"https:\\\/\\\/frequence-sille.org\\\/newsite\\\/#organization\"},\"potentialAction\":[{\"@type\":\"SearchAction\",\"target\":{\"@type\":\"EntryPoint\",\"urlTemplate\":\"https:\\\/\\\/frequence-sille.org\\\/newsite\\\/?s={search_term_string}\"},\"query-input\":{\"@type\":\"PropertyValueSpecification\",\"valueRequired\":true,\"valueName\":\"search_term_string\"}}],\"inLanguage\":\"fr-FR\"},{\"@type\":\"Organization\",\"@id\":\"https:\\\/\\\/frequence-sille.org\\\/newsite\\\/#organization\",\"name\":\"Fr\u00e9quence Sill\u00e9\",\"url\":\"https:\\\/\\\/frequence-sille.org\\\/newsite\\\/\",\"logo\":{\"@type\":\"ImageObject\",\"inLanguage\":\"fr-FR\",\"@id\":\"https:\\\/\\\/frequence-sille.org\\\/newsite\\\/#\\\/schema\\\/logo\\\/image\\\/\",\"url\":\"https:\\\/\\\/frequence-sille.org\\\/newsite\\\/wp-content\\\/uploads\\\/2023\\\/07\\\/LOGO_979_NOIR.png\",\"contentUrl\":\"https:\\\/\\\/frequence-sille.org\\\/newsite\\\/wp-content\\\/uploads\\\/2023\\\/07\\\/LOGO_979_NOIR.png\",\"width\":7680,\"height\":4320,\"caption\":\"Fr\u00e9quence Sill\u00e9\"},\"image\":{\"@id\":\"https:\\\/\\\/frequence-sille.org\\\/newsite\\\/#\\\/schema\\\/logo\\\/image\\\/\"},\"sameAs\":[\"https:\\\/\\\/www.facebook.com\\\/frequencesille979fm\",\"https:\\\/\\\/x.com\\\/freqsille979\",\"https:\\\/\\\/www.instagram.com\\\/frequencesille\\\/\"]}]}<\/script>\n<!-- \/ Yoast SEO plugin. -->","yoast_head_json":{"title":"Formations Civiques et Citoyennes\u00a0pour les volontaires du Service Civique - Fr\u00e9quence Sill\u00e9","robots":{"index":"index","follow":"follow","max-snippet":"max-snippet:-1","max-image-preview":"max-image-preview:large","max-video-preview":"max-video-preview:-1"},"canonical":"https:\/\/frequence-sille.org\/newsite\/formations-civiques-et-citoyennes-volontaires-du-service-civique\/","og_locale":"fr_FR","og_type":"article","og_title":"Formations Civiques et Citoyennes\u00a0pour les volontaires du Service Civique - Fr\u00e9quence Sill\u00e9","og_description":"P\u00e9riode 2025-2026 : Les FCC se d\u00e9roulent au Mans, 97 Grande Rue, dans les locaux de Radio Alpa. Fr\u00e9quence-Sill\u00e9 est une radio associative, non commerciale, citoyenne, dont la fonction est&hellip;","og_url":"https:\/\/frequence-sille.org\/newsite\/formations-civiques-et-citoyennes-volontaires-du-service-civique\/","og_site_name":"Fr\u00e9quence Sill\u00e9","article_publisher":"https:\/\/www.facebook.com\/frequencesille979fm","article_modified_time":"2025-09-01T12:51:25+00:00","og_image":[{"width":1200,"height":900,"url":"https:\/\/frequence-sille.org\/newsite\/wp-content\/uploads\/2022\/12\/IMG_0988-scaled-1.jpg","type":"image\/jpeg"}],"twitter_card":"summary_large_image","twitter_site":"@freqsille979","twitter_misc":{"Dur\u00e9e de lecture estim\u00e9e":"4 minutes"},"schema":{"@context":"https:\/\/schema.org","@graph":[{"@type":"WebPage","@id":"https:\/\/frequence-sille.org\/newsite\/formations-civiques-et-citoyennes-volontaires-du-service-civique\/","url":"https:\/\/frequence-sille.org\/newsite\/formations-civiques-et-citoyennes-volontaires-du-service-civique\/","name":"Formations Civiques et Citoyennes\u00a0pour les volontaires du Service Civique - Fr\u00e9quence Sill\u00e9","isPartOf":{"@id":"https:\/\/frequence-sille.org\/newsite\/#website"},"primaryImageOfPage":{"@id":"https:\/\/frequence-sille.org\/newsite\/formations-civiques-et-citoyennes-volontaires-du-service-civique\/#primaryimage"},"image":{"@id":"https:\/\/frequence-sille.org\/newsite\/formations-civiques-et-citoyennes-volontaires-du-service-civique\/#primaryimage"},"thumbnailUrl":"https:\/\/frequence-sille.org\/newsite\/wp-content\/uploads\/2022\/12\/IMG_0988-scaled-1.jpg","datePublished":"2022-04-24T17:03:22+00:00","dateModified":"2025-09-01T12:51:25+00:00","breadcrumb":{"@id":"https:\/\/frequence-sille.org\/newsite\/formations-civiques-et-citoyennes-volontaires-du-service-civique\/#breadcrumb"},"inLanguage":"fr-FR","potentialAction":[{"@type":"ReadAction","target":["https:\/\/frequence-sille.org\/newsite\/formations-civiques-et-citoyennes-volontaires-du-service-civique\/"]}]},{"@type":"ImageObject","inLanguage":"fr-FR","@id":"https:\/\/frequence-sille.org\/newsite\/formations-civiques-et-citoyennes-volontaires-du-service-civique\/#primaryimage","url":"https:\/\/frequence-sille.org\/newsite\/wp-content\/uploads\/2022\/12\/IMG_0988-scaled-1.jpg","contentUrl":"https:\/\/frequence-sille.org\/newsite\/wp-content\/uploads\/2022\/12\/IMG_0988-scaled-1.jpg","width":1200,"height":900},{"@type":"BreadcrumbList","@id":"https:\/\/frequence-sille.org\/newsite\/formations-civiques-et-citoyennes-volontaires-du-service-civique\/#breadcrumb","itemListElement":[{"@type":"ListItem","position":1,"name":"Accueil","item":"https:\/\/frequence-sille.org\/newsite\/"},{"@type":"ListItem","position":2,"name":"Formations Civiques et Citoyennes\u00a0pour les volontaires du Service Civique"}]},{"@type":"WebSite","@id":"https:\/\/frequence-sille.org\/newsite\/#website","url":"https:\/\/frequence-sille.org\/newsite\/","name":"Fr\u00e9quence Sill\u00e9","description":"Bien plus qu&#039;une radio...votre radio !","publisher":{"@id":"https:\/\/frequence-sille.org\/newsite\/#organization"},"potentialAction":[{"@type":"SearchAction","target":{"@type":"EntryPoint","urlTemplate":"https:\/\/frequence-sille.org\/newsite\/?s={search_term_string}"},"query-input":{"@type":"PropertyValueSpecification","valueRequired":true,"valueName":"search_term_string"}}],"inLanguage":"fr-FR"},{"@type":"Organization","@id":"https:\/\/frequence-sille.org\/newsite\/#organization","name":"Fr\u00e9quence Sill\u00e9","url":"https:\/\/frequence-sille.org\/newsite\/","logo":{"@type":"ImageObject","inLanguage":"fr-FR","@id":"https:\/\/frequence-sille.org\/newsite\/#\/schema\/logo\/image\/","url":"https:\/\/frequence-sille.org\/newsite\/wp-content\/uploads\/2023\/07\/LOGO_979_NOIR.png","contentUrl":"https:\/\/frequence-sille.org\/newsite\/wp-content\/uploads\/2023\/07\/LOGO_979_NOIR.png","width":7680,"height":4320,"caption":"Fr\u00e9quence Sill\u00e9"},"image":{"@id":"https:\/\/frequence-sille.org\/newsite\/#\/schema\/logo\/image\/"},"sameAs":["https:\/\/www.facebook.com\/frequencesille979fm","https:\/\/x.com\/freqsille979","https:\/\/www.instagram.com\/frequencesille\/"]}]}},"_links":{"self":[{"href":"https:\/\/frequence-sille.org\/newsite\/wp-json\/wp\/v2\/pages\/9269","targetHints":{"allow":["GET"]}}],"collection":[{"href":"https:\/\/frequence-sille.org\/newsite\/wp-json\/wp\/v2\/pages"}],"about":[{"href":"https:\/\/frequence-sille.org\/newsite\/wp-json\/wp\/v2\/types\/page"}],"author":[{"embeddable":true,"href":"https:\/\/frequence-sille.org\/newsite\/wp-json\/wp\/v2\/users\/1"}],"replies":[{"embeddable":true,"href":"https:\/\/frequence-sille.org\/newsite\/wp-json\/wp\/v2\/comments?post=9269"}],"version-history":[{"count":41,"href":"https:\/\/frequence-sille.org\/newsite\/wp-json\/wp\/v2\/pages\/9269\/revisions"}],"predecessor-version":[{"id":15553,"href":"https:\/\/frequence-sille.org\/newsite\/wp-json\/wp\/v2\/pages\/9269\/revisions\/15553"}],"wp:featuredmedia":[{"embeddable":true,"href":"https:\/\/frequence-sille.org\/newsite\/wp-json\/wp\/v2\/media\/12191"}],"wp:attachment":[{"href":"https:\/\/frequence-sille.org\/newsite\/wp-json\/wp\/v2\/media?parent=9269"}],"curies":[{"name":"wp","href":"https:\/\/api.w.org\/{rel}","templated":true}]}}