{"id":9330,"date":"2022-04-26T12:07:49","date_gmt":"2022-04-26T11:07:49","guid":{"rendered":"https:\/\/frequence-sille.org\/newsite\/?page_id=9330"},"modified":"2023-10-13T09:18:08","modified_gmt":"2023-10-13T08:18:08","slug":"les-magazines-de-la-redaction","status":"publish","type":"page","link":"https:\/\/frequence-sille.org\/newsite\/les-emissions\/magazines-culturels\/les-magazines-de-la-redaction\/","title":{"rendered":"Les Magazines de la r\u00e9daction"},"content":{"rendered":"\n<p>Retrouvez le magazine de la r\u00e9daction le vendredi \u00e0 8 h et le samedi \u00e0 14h, sur Fr\u00e9quence-Sill\u00e9. Nous parlons des actions culturelles et \u00e9ducatives, des actions en faveur de l\u2019int\u00e9gration , de la lutte contre les discriminations, de l\u2019environnement et du d\u00e9veloppement local sur notre territoire.<\/p>\n\n\n\n<p><\/p>\n\n\n\n<figure class=\"wp-block-image size-large is-resized\"><img loading=\"lazy\" decoding=\"async\" width=\"1024\" height=\"1024\" src=\"https:\/\/frequence-sille.org\/newsite\/wp-content\/uploads\/2022\/10\/Magazaine-de-la-redac-1024x1024.png\" alt=\"\" class=\"wp-image-9680\" style=\"aspect-ratio:1;width:607px;height:auto\" srcset=\"https:\/\/frequence-sille.org\/newsite\/wp-content\/uploads\/2022\/10\/Magazaine-de-la-redac-1024x1024.png 1024w, https:\/\/frequence-sille.org\/newsite\/wp-content\/uploads\/2022\/10\/Magazaine-de-la-redac-300x300.png 300w, https:\/\/frequence-sille.org\/newsite\/wp-content\/uploads\/2022\/10\/Magazaine-de-la-redac-150x150.png 150w, https:\/\/frequence-sille.org\/newsite\/wp-content\/uploads\/2022\/10\/Magazaine-de-la-redac-768x768.png 768w, https:\/\/frequence-sille.org\/newsite\/wp-content\/uploads\/2022\/10\/Magazaine-de-la-redac.png 1080w\" sizes=\"auto, (max-width: 1024px) 100vw, 1024px\" \/><\/figure>\n\n\n\n<p><\/p>\n\n\n\n<p>Retrouvez les magazines en podcast ci-dessous : <\/p>\n\n\n\n<iframe loading=\"lazy\" scrolling=\"no\" id=\"hearthis_at_user_225929-8445500\" src=\"https:\/\/hearthis.at\/set\/225929-8445500\/embed\/\" allowtransparency=\"\" allow=\"autoplay\" width=\"100%\" height=\"500\" frameborder=\"0\"><\/iframe>\n","protected":false},"excerpt":{"rendered":"<p>Retrouvez le magazine de la r\u00e9daction le vendredi \u00e0 8 h et le samedi \u00e0 14h, sur Fr\u00e9quence-Sill\u00e9. Nous parlons des actions culturelles et \u00e9ducatives, des actions en faveur de&hellip;<\/p>\n","protected":false},"author":21,"featured_media":0,"parent":267,"menu_order":30,"comment_status":"closed","ping_status":"closed","template":"","meta":{"footnotes":""},"class_list":["post-9330","page","type-page","status-publish","hentry","no-post-thumbnail"],"yoast_head":"<!-- This site is optimized with the Yoast SEO plugin v27.3 - https:\/\/yoast.com\/product\/yoast-seo-wordpress\/ -->\n<title>Les Magazines de la r\u00e9daction - Fr\u00e9quence Sill\u00e9<\/title>\n<meta name=\"robots\" content=\"index, follow, max-snippet:-1, max-image-preview:large, max-video-preview:-1\" \/>\n<link rel=\"canonical\" href=\"https:\/\/frequence-sille.org\/newsite\/les-emissions\/magazines-culturels\/les-magazines-de-la-redaction\/\" \/>\n<meta property=\"og:locale\" content=\"fr_FR\" \/>\n<meta property=\"og:type\" content=\"article\" \/>\n<meta property=\"og:title\" content=\"Les Magazines de la r\u00e9daction - Fr\u00e9quence Sill\u00e9\" \/>\n<meta property=\"og:description\" content=\"Retrouvez le magazine de la r\u00e9daction le vendredi \u00e0 8 h et le samedi \u00e0 14h, sur Fr\u00e9quence-Sill\u00e9. Nous parlons des actions culturelles et \u00e9ducatives, des actions en faveur de&hellip;\" \/>\n<meta property=\"og:url\" content=\"https:\/\/frequence-sille.org\/newsite\/les-emissions\/magazines-culturels\/les-magazines-de-la-redaction\/\" \/>\n<meta property=\"og:site_name\" content=\"Fr\u00e9quence Sill\u00e9\" \/>\n<meta property=\"article:publisher\" content=\"https:\/\/www.facebook.com\/frequencesille979fm\" \/>\n<meta property=\"article:modified_time\" content=\"2023-10-13T08:18:08+00:00\" \/>\n<meta property=\"og:image\" content=\"https:\/\/frequence-sille.org\/newsite\/wp-content\/uploads\/2022\/10\/Magazaine-de-la-redac-1024x1024.png\" \/>\n<meta name=\"twitter:card\" content=\"summary_large_image\" \/>\n<meta name=\"twitter:site\" content=\"@freqsille979\" \/>\n<meta name=\"twitter:label1\" content=\"Dur\u00e9e de lecture estim\u00e9e\" \/>\n\t<meta name=\"twitter:data1\" content=\"1 minute\" \/>\n<script type=\"application\/ld+json\" class=\"yoast-schema-graph\">{\"@context\":\"https:\\\/\\\/schema.org\",\"@graph\":[{\"@type\":\"WebPage\",\"@id\":\"https:\\\/\\\/frequence-sille.org\\\/newsite\\\/les-emissions\\\/magazines-culturels\\\/les-magazines-de-la-redaction\\\/\",\"url\":\"https:\\\/\\\/frequence-sille.org\\\/newsite\\\/les-emissions\\\/magazines-culturels\\\/les-magazines-de-la-redaction\\\/\",\"name\":\"Les Magazines de la r\u00e9daction - Fr\u00e9quence Sill\u00e9\",\"isPartOf\":{\"@id\":\"https:\\\/\\\/frequence-sille.org\\\/newsite\\\/#website\"},\"primaryImageOfPage\":{\"@id\":\"https:\\\/\\\/frequence-sille.org\\\/newsite\\\/les-emissions\\\/magazines-culturels\\\/les-magazines-de-la-redaction\\\/#primaryimage\"},\"image\":{\"@id\":\"https:\\\/\\\/frequence-sille.org\\\/newsite\\\/les-emissions\\\/magazines-culturels\\\/les-magazines-de-la-redaction\\\/#primaryimage\"},\"thumbnailUrl\":\"https:\\\/\\\/frequence-sille.org\\\/newsite\\\/wp-content\\\/uploads\\\/2022\\\/10\\\/Magazaine-de-la-redac-1024x1024.png\",\"datePublished\":\"2022-04-26T11:07:49+00:00\",\"dateModified\":\"2023-10-13T08:18:08+00:00\",\"breadcrumb\":{\"@id\":\"https:\\\/\\\/frequence-sille.org\\\/newsite\\\/les-emissions\\\/magazines-culturels\\\/les-magazines-de-la-redaction\\\/#breadcrumb\"},\"inLanguage\":\"fr-FR\",\"potentialAction\":[{\"@type\":\"ReadAction\",\"target\":[\"https:\\\/\\\/frequence-sille.org\\\/newsite\\\/les-emissions\\\/magazines-culturels\\\/les-magazines-de-la-redaction\\\/\"]}]},{\"@type\":\"ImageObject\",\"inLanguage\":\"fr-FR\",\"@id\":\"https:\\\/\\\/frequence-sille.org\\\/newsite\\\/les-emissions\\\/magazines-culturels\\\/les-magazines-de-la-redaction\\\/#primaryimage\",\"url\":\"https:\\\/\\\/frequence-sille.org\\\/newsite\\\/wp-content\\\/uploads\\\/2022\\\/10\\\/Magazaine-de-la-redac.png\",\"contentUrl\":\"https:\\\/\\\/frequence-sille.org\\\/newsite\\\/wp-content\\\/uploads\\\/2022\\\/10\\\/Magazaine-de-la-redac.png\",\"width\":1080,\"height\":1080},{\"@type\":\"BreadcrumbList\",\"@id\":\"https:\\\/\\\/frequence-sille.org\\\/newsite\\\/les-emissions\\\/magazines-culturels\\\/les-magazines-de-la-redaction\\\/#breadcrumb\",\"itemListElement\":[{\"@type\":\"ListItem\",\"position\":1,\"name\":\"Accueil\",\"item\":\"https:\\\/\\\/frequence-sille.org\\\/newsite\\\/\"},{\"@type\":\"ListItem\",\"position\":2,\"name\":\"Les \u00e9missions\",\"item\":\"https:\\\/\\\/frequence-sille.org\\\/newsite\\\/les-emissions\\\/\"},{\"@type\":\"ListItem\",\"position\":3,\"name\":\"Magazine culturel\",\"item\":\"https:\\\/\\\/frequence-sille.org\\\/newsite\\\/les-emissions\\\/magazines-culturels\\\/\"},{\"@type\":\"ListItem\",\"position\":4,\"name\":\"Les Magazines de la r\u00e9daction\"}]},{\"@type\":\"WebSite\",\"@id\":\"https:\\\/\\\/frequence-sille.org\\\/newsite\\\/#website\",\"url\":\"https:\\\/\\\/frequence-sille.org\\\/newsite\\\/\",\"name\":\"Fr\u00e9quence Sill\u00e9\",\"description\":\"Bien plus qu&#039;une radio...votre radio !\",\"publisher\":{\"@id\":\"https:\\\/\\\/frequence-sille.org\\\/newsite\\\/#organization\"},\"potentialAction\":[{\"@type\":\"SearchAction\",\"target\":{\"@type\":\"EntryPoint\",\"urlTemplate\":\"https:\\\/\\\/frequence-sille.org\\\/newsite\\\/?s={search_term_string}\"},\"query-input\":{\"@type\":\"PropertyValueSpecification\",\"valueRequired\":true,\"valueName\":\"search_term_string\"}}],\"inLanguage\":\"fr-FR\"},{\"@type\":\"Organization\",\"@id\":\"https:\\\/\\\/frequence-sille.org\\\/newsite\\\/#organization\",\"name\":\"Fr\u00e9quence Sill\u00e9\",\"url\":\"https:\\\/\\\/frequence-sille.org\\\/newsite\\\/\",\"logo\":{\"@type\":\"ImageObject\",\"inLanguage\":\"fr-FR\",\"@id\":\"https:\\\/\\\/frequence-sille.org\\\/newsite\\\/#\\\/schema\\\/logo\\\/image\\\/\",\"url\":\"https:\\\/\\\/frequence-sille.org\\\/newsite\\\/wp-content\\\/uploads\\\/2023\\\/07\\\/LOGO_979_NOIR.png\",\"contentUrl\":\"https:\\\/\\\/frequence-sille.org\\\/newsite\\\/wp-content\\\/uploads\\\/2023\\\/07\\\/LOGO_979_NOIR.png\",\"width\":7680,\"height\":4320,\"caption\":\"Fr\u00e9quence Sill\u00e9\"},\"image\":{\"@id\":\"https:\\\/\\\/frequence-sille.org\\\/newsite\\\/#\\\/schema\\\/logo\\\/image\\\/\"},\"sameAs\":[\"https:\\\/\\\/www.facebook.com\\\/frequencesille979fm\",\"https:\\\/\\\/x.com\\\/freqsille979\",\"https:\\\/\\\/www.instagram.com\\\/frequencesille\\\/\"]}]}<\/script>\n<!-- \/ Yoast SEO plugin. -->","yoast_head_json":{"title":"Les Magazines de la r\u00e9daction - Fr\u00e9quence Sill\u00e9","robots":{"index":"index","follow":"follow","max-snippet":"max-snippet:-1","max-image-preview":"max-image-preview:large","max-video-preview":"max-video-preview:-1"},"canonical":"https:\/\/frequence-sille.org\/newsite\/les-emissions\/magazines-culturels\/les-magazines-de-la-redaction\/","og_locale":"fr_FR","og_type":"article","og_title":"Les Magazines de la r\u00e9daction - Fr\u00e9quence Sill\u00e9","og_description":"Retrouvez le magazine de la r\u00e9daction le vendredi \u00e0 8 h et le samedi \u00e0 14h, sur Fr\u00e9quence-Sill\u00e9. Nous parlons des actions culturelles et \u00e9ducatives, des actions en faveur de&hellip;","og_url":"https:\/\/frequence-sille.org\/newsite\/les-emissions\/magazines-culturels\/les-magazines-de-la-redaction\/","og_site_name":"Fr\u00e9quence Sill\u00e9","article_publisher":"https:\/\/www.facebook.com\/frequencesille979fm","article_modified_time":"2023-10-13T08:18:08+00:00","og_image":[{"url":"https:\/\/frequence-sille.org\/newsite\/wp-content\/uploads\/2022\/10\/Magazaine-de-la-redac-1024x1024.png","type":"","width":"","height":""}],"twitter_card":"summary_large_image","twitter_site":"@freqsille979","twitter_misc":{"Dur\u00e9e de lecture estim\u00e9e":"1 minute"},"schema":{"@context":"https:\/\/schema.org","@graph":[{"@type":"WebPage","@id":"https:\/\/frequence-sille.org\/newsite\/les-emissions\/magazines-culturels\/les-magazines-de-la-redaction\/","url":"https:\/\/frequence-sille.org\/newsite\/les-emissions\/magazines-culturels\/les-magazines-de-la-redaction\/","name":"Les Magazines de la r\u00e9daction - Fr\u00e9quence Sill\u00e9","isPartOf":{"@id":"https:\/\/frequence-sille.org\/newsite\/#website"},"primaryImageOfPage":{"@id":"https:\/\/frequence-sille.org\/newsite\/les-emissions\/magazines-culturels\/les-magazines-de-la-redaction\/#primaryimage"},"image":{"@id":"https:\/\/frequence-sille.org\/newsite\/les-emissions\/magazines-culturels\/les-magazines-de-la-redaction\/#primaryimage"},"thumbnailUrl":"https:\/\/frequence-sille.org\/newsite\/wp-content\/uploads\/2022\/10\/Magazaine-de-la-redac-1024x1024.png","datePublished":"2022-04-26T11:07:49+00:00","dateModified":"2023-10-13T08:18:08+00:00","breadcrumb":{"@id":"https:\/\/frequence-sille.org\/newsite\/les-emissions\/magazines-culturels\/les-magazines-de-la-redaction\/#breadcrumb"},"inLanguage":"fr-FR","potentialAction":[{"@type":"ReadAction","target":["https:\/\/frequence-sille.org\/newsite\/les-emissions\/magazines-culturels\/les-magazines-de-la-redaction\/"]}]},{"@type":"ImageObject","inLanguage":"fr-FR","@id":"https:\/\/frequence-sille.org\/newsite\/les-emissions\/magazines-culturels\/les-magazines-de-la-redaction\/#primaryimage","url":"https:\/\/frequence-sille.org\/newsite\/wp-content\/uploads\/2022\/10\/Magazaine-de-la-redac.png","contentUrl":"https:\/\/frequence-sille.org\/newsite\/wp-content\/uploads\/2022\/10\/Magazaine-de-la-redac.png","width":1080,"height":1080},{"@type":"BreadcrumbList","@id":"https:\/\/frequence-sille.org\/newsite\/les-emissions\/magazines-culturels\/les-magazines-de-la-redaction\/#breadcrumb","itemListElement":[{"@type":"ListItem","position":1,"name":"Accueil","item":"https:\/\/frequence-sille.org\/newsite\/"},{"@type":"ListItem","position":2,"name":"Les \u00e9missions","item":"https:\/\/frequence-sille.org\/newsite\/les-emissions\/"},{"@type":"ListItem","position":3,"name":"Magazine culturel","item":"https:\/\/frequence-sille.org\/newsite\/les-emissions\/magazines-culturels\/"},{"@type":"ListItem","position":4,"name":"Les Magazines de la r\u00e9daction"}]},{"@type":"WebSite","@id":"https:\/\/frequence-sille.org\/newsite\/#website","url":"https:\/\/frequence-sille.org\/newsite\/","name":"Fr\u00e9quence Sill\u00e9","description":"Bien plus qu&#039;une radio...votre radio !","publisher":{"@id":"https:\/\/frequence-sille.org\/newsite\/#organization"},"potentialAction":[{"@type":"SearchAction","target":{"@type":"EntryPoint","urlTemplate":"https:\/\/frequence-sille.org\/newsite\/?s={search_term_string}"},"query-input":{"@type":"PropertyValueSpecification","valueRequired":true,"valueName":"search_term_string"}}],"inLanguage":"fr-FR"},{"@type":"Organization","@id":"https:\/\/frequence-sille.org\/newsite\/#organization","name":"Fr\u00e9quence Sill\u00e9","url":"https:\/\/frequence-sille.org\/newsite\/","logo":{"@type":"ImageObject","inLanguage":"fr-FR","@id":"https:\/\/frequence-sille.org\/newsite\/#\/schema\/logo\/image\/","url":"https:\/\/frequence-sille.org\/newsite\/wp-content\/uploads\/2023\/07\/LOGO_979_NOIR.png","contentUrl":"https:\/\/frequence-sille.org\/newsite\/wp-content\/uploads\/2023\/07\/LOGO_979_NOIR.png","width":7680,"height":4320,"caption":"Fr\u00e9quence Sill\u00e9"},"image":{"@id":"https:\/\/frequence-sille.org\/newsite\/#\/schema\/logo\/image\/"},"sameAs":["https:\/\/www.facebook.com\/frequencesille979fm","https:\/\/x.com\/freqsille979","https:\/\/www.instagram.com\/frequencesille\/"]}]}},"_links":{"self":[{"href":"https:\/\/frequence-sille.org\/newsite\/wp-json\/wp\/v2\/pages\/9330","targetHints":{"allow":["GET"]}}],"collection":[{"href":"https:\/\/frequence-sille.org\/newsite\/wp-json\/wp\/v2\/pages"}],"about":[{"href":"https:\/\/frequence-sille.org\/newsite\/wp-json\/wp\/v2\/types\/page"}],"author":[{"embeddable":true,"href":"https:\/\/frequence-sille.org\/newsite\/wp-json\/wp\/v2\/users\/21"}],"replies":[{"embeddable":true,"href":"https:\/\/frequence-sille.org\/newsite\/wp-json\/wp\/v2\/comments?post=9330"}],"version-history":[{"count":8,"href":"https:\/\/frequence-sille.org\/newsite\/wp-json\/wp\/v2\/pages\/9330\/revisions"}],"predecessor-version":[{"id":11356,"href":"https:\/\/frequence-sille.org\/newsite\/wp-json\/wp\/v2\/pages\/9330\/revisions\/11356"}],"up":[{"embeddable":true,"href":"https:\/\/frequence-sille.org\/newsite\/wp-json\/wp\/v2\/pages\/267"}],"wp:attachment":[{"href":"https:\/\/frequence-sille.org\/newsite\/wp-json\/wp\/v2\/media?parent=9330"}],"curies":[{"name":"wp","href":"https:\/\/api.w.org\/{rel}","templated":true}]}}