{"id":9737,"date":"2022-10-19T13:02:10","date_gmt":"2022-10-19T12:02:10","guid":{"rendered":"https:\/\/frequence-sille.org\/newsite\/?page_id=9737"},"modified":"2023-12-29T14:53:38","modified_gmt":"2023-12-29T13:53:38","slug":"emissions-2nd-2021-2022","status":"publish","type":"page","link":"https:\/\/frequence-sille.org\/newsite\/emissions-2nd-2021-2022\/","title":{"rendered":"\u00c9missions 2nd 2021-2022"},"content":{"rendered":"\n<p><\/p>\n\n\n\n<h2 class=\"wp-block-heading\">Radio Coco<\/h2>\n\n\n<div class=\"wp-block-image\">\n<figure class=\"aligncenter size-large is-resized\"><img loading=\"lazy\" decoding=\"async\" width=\"1024\" height=\"683\" src=\"https:\/\/frequence-sille.org\/newsite\/wp-content\/uploads\/2022\/10\/Radio-Coco-1024x683.png\" alt=\"\" class=\"wp-image-9740\" style=\"width:602px;height:402px\" srcset=\"https:\/\/frequence-sille.org\/newsite\/wp-content\/uploads\/2022\/10\/Radio-Coco-1024x683.png 1024w, https:\/\/frequence-sille.org\/newsite\/wp-content\/uploads\/2022\/10\/Radio-Coco-300x200.png 300w, https:\/\/frequence-sille.org\/newsite\/wp-content\/uploads\/2022\/10\/Radio-Coco-768x512.png 768w, https:\/\/frequence-sille.org\/newsite\/wp-content\/uploads\/2022\/10\/Radio-Coco-1536x1024.png 1536w, https:\/\/frequence-sille.org\/newsite\/wp-content\/uploads\/2022\/10\/Radio-Coco.png 1800w\" sizes=\"auto, (max-width: 1024px) 100vw, 1024px\" \/><\/figure>\n<\/div>\n\n\n<p><\/p>\n\n\n\n<iframe loading=\"lazy\" scrolling=\"no\" id=\"hearthis_at_track_6627213\" src=\"https:\/\/app.hearthis.at\/embed\/6627213\/transparent_black\/?hcolor=&amp;color=&amp;style=2&amp;block_size=2&amp;block_space=1&amp;background=1&amp;waveform=0&amp;cover=0&amp;autoplay=0&amp;css=\" allowtransparency=\"\" allow=\"autoplay\" width=\"100%\" height=\"150\" frameborder=\"0\"><p>Listen to <a href=\"https:\/\/hearthis.at\/frequence-sille\/coco-radio-5-2022-03-17\/\" target=\"_blank\" rel=\"noopener\">Radio coco #5 &#8211; 2022 03 17<\/a> <span>by<\/span><a href=\"https:\/\/hearthis.at\/frequence-sille\/\" target=\"_blank\" rel=\"noopener\">Frequence Sill\u00e9<\/a> <span>on<\/span> <a href=\"https:\/\/hearthis.at\/\" target=\"_blank\" rel=\"noopener\">hearthis.at<\/a><\/p><\/iframe>\n\n\n\n<iframe loading=\"lazy\" scrolling=\"no\" id=\"hearthis_at_track_6620842\" src=\"https:\/\/app.hearthis.at\/embed\/6620842\/transparent_black\/?hcolor=&amp;color=&amp;style=2&amp;block_size=2&amp;block_space=1&amp;background=1&amp;waveform=0&amp;cover=0&amp;autoplay=0&amp;css=\" allowtransparency=\"\" allow=\"autoplay\" width=\"100%\" height=\"150\" frameborder=\"0\"><p>Listen to <a href=\"https:\/\/hearthis.at\/frequence-sille\/coco-radio-4-2022-03-10-pad\/\" target=\"_blank\" rel=\"noopener\">Radio Coco #4 &#8211; 2022-03-10<\/a> <span>by<\/span><a href=\"https:\/\/hearthis.at\/frequence-sille\/\" target=\"_blank\" rel=\"noopener\">Frequence Sill\u00e9<\/a> <span>on<\/span> <a href=\"https:\/\/hearthis.at\/\" target=\"_blank\" rel=\"noopener\">hearthis.at<\/a><\/p><\/iframe>\n\n\n\n<iframe loading=\"lazy\" scrolling=\"no\" id=\"hearthis_at_track_6533271\" src=\"https:\/\/app.hearthis.at\/embed\/6533271\/transparent_black\/?hcolor=&amp;color=&amp;style=2&amp;block_size=2&amp;block_space=1&amp;background=1&amp;waveform=0&amp;cover=0&amp;autoplay=0&amp;css=\" allowtransparency=\"\" allow=\"autoplay\" width=\"100%\" height=\"150\" frameborder=\"0\"><p>Listen to <a href=\"https:\/\/hearthis.at\/frequence-sille\/coco-radio-3-2022-01-27-pad\/\" target=\"_blank\" rel=\"noopener\">Radio Coco #3 &#8211; 2022-01-27<\/a> <span>by<\/span><a href=\"https:\/\/hearthis.at\/frequence-sille\/\" target=\"_blank\" rel=\"noopener\">Frequence Sill\u00e9<\/a> <span>on<\/span> <a href=\"https:\/\/hearthis.at\/\" target=\"_blank\" rel=\"noopener\">hearthis.at<\/a><\/p><\/iframe>\n\n\n\n<iframe loading=\"lazy\" scrolling=\"no\" id=\"hearthis_at_track_6521644\" src=\"https:\/\/app.hearthis.at\/embed\/6521644\/transparent_black\/?hcolor=&amp;color=&amp;style=2&amp;block_size=2&amp;block_space=1&amp;background=1&amp;waveform=0&amp;cover=0&amp;autoplay=0&amp;css=\" allowtransparency=\"\" allow=\"autoplay\" width=\"100%\" height=\"150\" frameborder=\"0\"><p>Listen to <a href=\"https:\/\/hearthis.at\/frequence-sille\/coco-radio-2-2022-01-20-pad\/\" target=\"_blank\" rel=\"noopener\">Radio Coco #2 &#8211; 2022-01-20<\/a> <span>by<\/span><a href=\"https:\/\/hearthis.at\/frequence-sille\/\" target=\"_blank\" rel=\"noopener\">Frequence Sill\u00e9<\/a> <span>on<\/span> <a href=\"https:\/\/hearthis.at\/\" target=\"_blank\" rel=\"noopener\">hearthis.at<\/a><\/p><\/iframe>\n\n\n\n<iframe loading=\"lazy\" scrolling=\"no\" id=\"hearthis_at_track_6461970\" src=\"https:\/\/app.hearthis.at\/embed\/6461970\/transparent_black\/?hcolor=&amp;color=&amp;style=2&amp;block_size=2&amp;block_space=1&amp;background=1&amp;waveform=0&amp;cover=0&amp;autoplay=0&amp;css=\" allowtransparency=\"\" allow=\"autoplay\" width=\"100%\" height=\"150\" frameborder=\"0\"><p>Listen to <a href=\"https:\/\/hearthis.at\/frequence-sille\/coco-radio-1-2021-12-16-pad\/\" target=\"_blank\" rel=\"noopener\">Radio Coco #1 &#8211; 2021-12-16<\/a> <span>by<\/span><a href=\"https:\/\/hearthis.at\/frequence-sille\/\" target=\"_blank\" rel=\"noopener\">Frequence Sill\u00e9<\/a> <span>on<\/span> <a href=\"https:\/\/hearthis.at\/\" target=\"_blank\" rel=\"noopener\">hearthis.at<\/a><\/p><\/iframe>\n\n\n\n<p><\/p>\n\n\n\n<h2 class=\"wp-block-heading\">2ndes Actu<\/h2>\n\n\n<div class=\"wp-block-image\">\n<figure class=\"aligncenter size-large is-resized\"><img loading=\"lazy\" decoding=\"async\" width=\"1024\" height=\"683\" src=\"https:\/\/frequence-sille.org\/newsite\/wp-content\/uploads\/2022\/10\/2nde-actu-1024x683.png\" alt=\"\" class=\"wp-image-9744\" style=\"width:602px;height:401px\" srcset=\"https:\/\/frequence-sille.org\/newsite\/wp-content\/uploads\/2022\/10\/2nde-actu-1024x683.png 1024w, https:\/\/frequence-sille.org\/newsite\/wp-content\/uploads\/2022\/10\/2nde-actu-300x200.png 300w, https:\/\/frequence-sille.org\/newsite\/wp-content\/uploads\/2022\/10\/2nde-actu-768x512.png 768w, https:\/\/frequence-sille.org\/newsite\/wp-content\/uploads\/2022\/10\/2nde-actu-1536x1024.png 1536w, https:\/\/frequence-sille.org\/newsite\/wp-content\/uploads\/2022\/10\/2nde-actu.png 1800w\" sizes=\"auto, (max-width: 1024px) 100vw, 1024px\" \/><\/figure>\n<\/div>\n\n\n<p><\/p>\n\n\n\n<iframe loading=\"lazy\" scrolling=\"no\" id=\"hearthis_at_track_6363171\" src=\"https:\/\/app.hearthis.at\/embed\/6363171\/transparent_black\/?hcolor=&amp;color=&amp;style=2&amp;block_size=2&amp;block_space=1&amp;background=1&amp;waveform=0&amp;cover=0&amp;autoplay=0&amp;css=\" allowtransparency=\"\" allow=\"autoplay\" width=\"100%\" height=\"150\" frameborder=\"0\"><p>Listen to <a href=\"https:\/\/hearthis.at\/frequence-sille\/secondes-actu-21-10-2021\/\" target=\"_blank\" rel=\"noopener\">Secondes Actu 21 10 2021<\/a> <span>by<\/span><a href=\"https:\/\/hearthis.at\/frequence-sille\/\" target=\"_blank\" rel=\"noopener\">Frequence Sill\u00e9<\/a> <span>on<\/span> <a href=\"https:\/\/hearthis.at\/\" target=\"_blank\" rel=\"noopener\">hearthis.at<\/a><\/p><\/iframe>\n\n\n\n<iframe loading=\"lazy\" scrolling=\"no\" id=\"hearthis_at_track_6363168\" src=\"https:\/\/app.hearthis.at\/embed\/6363168\/transparent_black\/?hcolor=&amp;color=&amp;style=2&amp;block_size=2&amp;block_space=1&amp;background=1&amp;waveform=0&amp;cover=0&amp;autoplay=0&amp;css=\" allowtransparency=\"\" allow=\"autoplay\" width=\"100%\" height=\"150\" frameborder=\"0\"><p>Listen to <a href=\"https:\/\/hearthis.at\/frequence-sille\/secondes-actu-14-10-2021\/\" target=\"_blank\" rel=\"noopener\">Secondes Actu 14 10 2021<\/a> <span>by<\/span><a href=\"https:\/\/hearthis.at\/frequence-sille\/\" target=\"_blank\" rel=\"noopener\">Frequence Sill\u00e9<\/a> <span>on<\/span> <a href=\"https:\/\/hearthis.at\/\" target=\"_blank\" rel=\"noopener\">hearthis.at<\/a><\/p><\/iframe>\n\n\n\n<iframe loading=\"lazy\" scrolling=\"no\" id=\"hearthis_at_track_6363183\" src=\"https:\/\/app.hearthis.at\/embed\/6363183\/transparent_black\/?hcolor=&amp;color=&amp;style=2&amp;block_size=2&amp;block_space=1&amp;background=1&amp;waveform=0&amp;cover=0&amp;autoplay=0&amp;css=\" allowtransparency=\"\" allow=\"autoplay\" width=\"100%\" height=\"150\" frameborder=\"0\"><p>Listen to <a href=\"https:\/\/hearthis.at\/frequence-sille\/secondes-actu-30-09-2021\/\" target=\"_blank\" rel=\"noopener\">Secondes Actu 30 09 2021<\/a> <span>by<\/span><a href=\"https:\/\/hearthis.at\/frequence-sille\/\" target=\"_blank\" rel=\"noopener\">Frequence Sill\u00e9<\/a> <span>on<\/span> <a href=\"https:\/\/hearthis.at\/\" target=\"_blank\" rel=\"noopener\">hearthis.at<\/a><\/p><\/iframe>\n\n\n\n<iframe loading=\"lazy\" scrolling=\"no\" id=\"hearthis_at_track_6363180\" src=\"https:\/\/app.hearthis.at\/embed\/6363180\/transparent_black\/?hcolor=&amp;color=&amp;style=2&amp;block_size=2&amp;block_space=1&amp;background=1&amp;waveform=0&amp;cover=0&amp;autoplay=0&amp;css=\" allowtransparency=\"\" allow=\"autoplay\" width=\"100%\" height=\"150\" frameborder=\"0\"><p>Listen to <a href=\"https:\/\/hearthis.at\/frequence-sille\/secondes-actu-23-09-202101\/\" target=\"_blank\" rel=\"noopener\">Secondes Actu 23 09 2021<\/a> <span>by<\/span><a href=\"https:\/\/hearthis.at\/frequence-sille\/\" target=\"_blank\" rel=\"noopener\">Frequence Sill\u00e9<\/a> <span>on<\/span> <a href=\"https:\/\/hearthis.at\/\" target=\"_blank\" rel=\"noopener\">hearthis.at<\/a><\/p><\/iframe>\n","protected":false},"excerpt":{"rendered":"<p>Radio Coco Listen to Radio coco #5 &#8211; 2022 03 17 byFrequence Sill\u00e9 on hearthis.at Listen to Radio Coco #4 &#8211; 2022-03-10 byFrequence Sill\u00e9 on hearthis.at Listen to Radio Coco&hellip;<\/p>\n","protected":false},"author":1,"featured_media":9741,"parent":0,"menu_order":0,"comment_status":"closed","ping_status":"closed","template":"","meta":{"footnotes":""},"class_list":["post-9737","page","type-page","status-publish","has-post-thumbnail","hentry"],"yoast_head":"<!-- This site is optimized with the Yoast SEO plugin v27.4 - https:\/\/yoast.com\/product\/yoast-seo-wordpress\/ -->\n<title>\u00c9missions 2nd 2021-2022 - Fr\u00e9quence Sill\u00e9<\/title>\n<meta name=\"robots\" content=\"index, follow, max-snippet:-1, max-image-preview:large, max-video-preview:-1\" \/>\n<link rel=\"canonical\" href=\"https:\/\/frequence-sille.org\/newsite\/emissions-2nd-2021-2022\/\" \/>\n<meta property=\"og:locale\" content=\"fr_FR\" \/>\n<meta property=\"og:type\" content=\"article\" \/>\n<meta property=\"og:title\" content=\"\u00c9missions 2nd 2021-2022 - Fr\u00e9quence Sill\u00e9\" \/>\n<meta property=\"og:description\" content=\"Radio Coco Listen to Radio coco #5 &#8211; 2022 03 17 byFrequence Sill\u00e9 on hearthis.at Listen to Radio Coco #4 &#8211; 2022-03-10 byFrequence Sill\u00e9 on hearthis.at Listen to Radio Coco&hellip;\" \/>\n<meta property=\"og:url\" content=\"https:\/\/frequence-sille.org\/newsite\/emissions-2nd-2021-2022\/\" \/>\n<meta property=\"og:site_name\" content=\"Fr\u00e9quence Sill\u00e9\" \/>\n<meta property=\"article:publisher\" content=\"https:\/\/www.facebook.com\/frequencesille979fm\" \/>\n<meta property=\"article:modified_time\" content=\"2023-12-29T13:53:38+00:00\" \/>\n<meta property=\"og:image\" content=\"https:\/\/frequence-sille.org\/newsite\/wp-content\/uploads\/2022\/10\/Emissions-2ndes-Carre.png\" \/>\n\t<meta property=\"og:image:width\" content=\"1080\" \/>\n\t<meta property=\"og:image:height\" content=\"1080\" \/>\n\t<meta property=\"og:image:type\" content=\"image\/png\" \/>\n<meta name=\"twitter:card\" content=\"summary_large_image\" \/>\n<meta name=\"twitter:site\" content=\"@freqsille979\" \/>\n<meta name=\"twitter:label1\" content=\"Dur\u00e9e de lecture estim\u00e9e\" \/>\n\t<meta name=\"twitter:data1\" content=\"2 minutes\" \/>\n<script type=\"application\/ld+json\" class=\"yoast-schema-graph\">{\"@context\":\"https:\\\/\\\/schema.org\",\"@graph\":[{\"@type\":\"WebPage\",\"@id\":\"https:\\\/\\\/frequence-sille.org\\\/newsite\\\/emissions-2nd-2021-2022\\\/\",\"url\":\"https:\\\/\\\/frequence-sille.org\\\/newsite\\\/emissions-2nd-2021-2022\\\/\",\"name\":\"\u00c9missions 2nd 2021-2022 - Fr\u00e9quence Sill\u00e9\",\"isPartOf\":{\"@id\":\"https:\\\/\\\/frequence-sille.org\\\/newsite\\\/#website\"},\"primaryImageOfPage\":{\"@id\":\"https:\\\/\\\/frequence-sille.org\\\/newsite\\\/emissions-2nd-2021-2022\\\/#primaryimage\"},\"image\":{\"@id\":\"https:\\\/\\\/frequence-sille.org\\\/newsite\\\/emissions-2nd-2021-2022\\\/#primaryimage\"},\"thumbnailUrl\":\"https:\\\/\\\/frequence-sille.org\\\/newsite\\\/wp-content\\\/uploads\\\/2022\\\/10\\\/Emissions-2ndes-Carre.png\",\"datePublished\":\"2022-10-19T12:02:10+00:00\",\"dateModified\":\"2023-12-29T13:53:38+00:00\",\"breadcrumb\":{\"@id\":\"https:\\\/\\\/frequence-sille.org\\\/newsite\\\/emissions-2nd-2021-2022\\\/#breadcrumb\"},\"inLanguage\":\"fr-FR\",\"potentialAction\":[{\"@type\":\"ReadAction\",\"target\":[\"https:\\\/\\\/frequence-sille.org\\\/newsite\\\/emissions-2nd-2021-2022\\\/\"]}]},{\"@type\":\"ImageObject\",\"inLanguage\":\"fr-FR\",\"@id\":\"https:\\\/\\\/frequence-sille.org\\\/newsite\\\/emissions-2nd-2021-2022\\\/#primaryimage\",\"url\":\"https:\\\/\\\/frequence-sille.org\\\/newsite\\\/wp-content\\\/uploads\\\/2022\\\/10\\\/Emissions-2ndes-Carre.png\",\"contentUrl\":\"https:\\\/\\\/frequence-sille.org\\\/newsite\\\/wp-content\\\/uploads\\\/2022\\\/10\\\/Emissions-2ndes-Carre.png\",\"width\":1080,\"height\":1080},{\"@type\":\"BreadcrumbList\",\"@id\":\"https:\\\/\\\/frequence-sille.org\\\/newsite\\\/emissions-2nd-2021-2022\\\/#breadcrumb\",\"itemListElement\":[{\"@type\":\"ListItem\",\"position\":1,\"name\":\"Accueil\",\"item\":\"https:\\\/\\\/frequence-sille.org\\\/newsite\\\/\"},{\"@type\":\"ListItem\",\"position\":2,\"name\":\"\u00c9missions 2nd 2021-2022\"}]},{\"@type\":\"WebSite\",\"@id\":\"https:\\\/\\\/frequence-sille.org\\\/newsite\\\/#website\",\"url\":\"https:\\\/\\\/frequence-sille.org\\\/newsite\\\/\",\"name\":\"Fr\u00e9quence Sill\u00e9\",\"description\":\"Bien plus qu&#039;une radio...votre radio !\",\"publisher\":{\"@id\":\"https:\\\/\\\/frequence-sille.org\\\/newsite\\\/#organization\"},\"potentialAction\":[{\"@type\":\"SearchAction\",\"target\":{\"@type\":\"EntryPoint\",\"urlTemplate\":\"https:\\\/\\\/frequence-sille.org\\\/newsite\\\/?s={search_term_string}\"},\"query-input\":{\"@type\":\"PropertyValueSpecification\",\"valueRequired\":true,\"valueName\":\"search_term_string\"}}],\"inLanguage\":\"fr-FR\"},{\"@type\":\"Organization\",\"@id\":\"https:\\\/\\\/frequence-sille.org\\\/newsite\\\/#organization\",\"name\":\"Fr\u00e9quence Sill\u00e9\",\"url\":\"https:\\\/\\\/frequence-sille.org\\\/newsite\\\/\",\"logo\":{\"@type\":\"ImageObject\",\"inLanguage\":\"fr-FR\",\"@id\":\"https:\\\/\\\/frequence-sille.org\\\/newsite\\\/#\\\/schema\\\/logo\\\/image\\\/\",\"url\":\"https:\\\/\\\/frequence-sille.org\\\/newsite\\\/wp-content\\\/uploads\\\/2023\\\/07\\\/LOGO_979_NOIR.png\",\"contentUrl\":\"https:\\\/\\\/frequence-sille.org\\\/newsite\\\/wp-content\\\/uploads\\\/2023\\\/07\\\/LOGO_979_NOIR.png\",\"width\":7680,\"height\":4320,\"caption\":\"Fr\u00e9quence Sill\u00e9\"},\"image\":{\"@id\":\"https:\\\/\\\/frequence-sille.org\\\/newsite\\\/#\\\/schema\\\/logo\\\/image\\\/\"},\"sameAs\":[\"https:\\\/\\\/www.facebook.com\\\/frequencesille979fm\",\"https:\\\/\\\/x.com\\\/freqsille979\",\"https:\\\/\\\/www.instagram.com\\\/frequencesille\\\/\"]}]}<\/script>\n<!-- \/ Yoast SEO plugin. -->","yoast_head_json":{"title":"\u00c9missions 2nd 2021-2022 - Fr\u00e9quence Sill\u00e9","robots":{"index":"index","follow":"follow","max-snippet":"max-snippet:-1","max-image-preview":"max-image-preview:large","max-video-preview":"max-video-preview:-1"},"canonical":"https:\/\/frequence-sille.org\/newsite\/emissions-2nd-2021-2022\/","og_locale":"fr_FR","og_type":"article","og_title":"\u00c9missions 2nd 2021-2022 - Fr\u00e9quence Sill\u00e9","og_description":"Radio Coco Listen to Radio coco #5 &#8211; 2022 03 17 byFrequence Sill\u00e9 on hearthis.at Listen to Radio Coco #4 &#8211; 2022-03-10 byFrequence Sill\u00e9 on hearthis.at Listen to Radio Coco&hellip;","og_url":"https:\/\/frequence-sille.org\/newsite\/emissions-2nd-2021-2022\/","og_site_name":"Fr\u00e9quence Sill\u00e9","article_publisher":"https:\/\/www.facebook.com\/frequencesille979fm","article_modified_time":"2023-12-29T13:53:38+00:00","og_image":[{"width":1080,"height":1080,"url":"https:\/\/frequence-sille.org\/newsite\/wp-content\/uploads\/2022\/10\/Emissions-2ndes-Carre.png","type":"image\/png"}],"twitter_card":"summary_large_image","twitter_site":"@freqsille979","twitter_misc":{"Dur\u00e9e de lecture estim\u00e9e":"2 minutes"},"schema":{"@context":"https:\/\/schema.org","@graph":[{"@type":"WebPage","@id":"https:\/\/frequence-sille.org\/newsite\/emissions-2nd-2021-2022\/","url":"https:\/\/frequence-sille.org\/newsite\/emissions-2nd-2021-2022\/","name":"\u00c9missions 2nd 2021-2022 - Fr\u00e9quence Sill\u00e9","isPartOf":{"@id":"https:\/\/frequence-sille.org\/newsite\/#website"},"primaryImageOfPage":{"@id":"https:\/\/frequence-sille.org\/newsite\/emissions-2nd-2021-2022\/#primaryimage"},"image":{"@id":"https:\/\/frequence-sille.org\/newsite\/emissions-2nd-2021-2022\/#primaryimage"},"thumbnailUrl":"https:\/\/frequence-sille.org\/newsite\/wp-content\/uploads\/2022\/10\/Emissions-2ndes-Carre.png","datePublished":"2022-10-19T12:02:10+00:00","dateModified":"2023-12-29T13:53:38+00:00","breadcrumb":{"@id":"https:\/\/frequence-sille.org\/newsite\/emissions-2nd-2021-2022\/#breadcrumb"},"inLanguage":"fr-FR","potentialAction":[{"@type":"ReadAction","target":["https:\/\/frequence-sille.org\/newsite\/emissions-2nd-2021-2022\/"]}]},{"@type":"ImageObject","inLanguage":"fr-FR","@id":"https:\/\/frequence-sille.org\/newsite\/emissions-2nd-2021-2022\/#primaryimage","url":"https:\/\/frequence-sille.org\/newsite\/wp-content\/uploads\/2022\/10\/Emissions-2ndes-Carre.png","contentUrl":"https:\/\/frequence-sille.org\/newsite\/wp-content\/uploads\/2022\/10\/Emissions-2ndes-Carre.png","width":1080,"height":1080},{"@type":"BreadcrumbList","@id":"https:\/\/frequence-sille.org\/newsite\/emissions-2nd-2021-2022\/#breadcrumb","itemListElement":[{"@type":"ListItem","position":1,"name":"Accueil","item":"https:\/\/frequence-sille.org\/newsite\/"},{"@type":"ListItem","position":2,"name":"\u00c9missions 2nd 2021-2022"}]},{"@type":"WebSite","@id":"https:\/\/frequence-sille.org\/newsite\/#website","url":"https:\/\/frequence-sille.org\/newsite\/","name":"Fr\u00e9quence Sill\u00e9","description":"Bien plus qu&#039;une radio...votre radio !","publisher":{"@id":"https:\/\/frequence-sille.org\/newsite\/#organization"},"potentialAction":[{"@type":"SearchAction","target":{"@type":"EntryPoint","urlTemplate":"https:\/\/frequence-sille.org\/newsite\/?s={search_term_string}"},"query-input":{"@type":"PropertyValueSpecification","valueRequired":true,"valueName":"search_term_string"}}],"inLanguage":"fr-FR"},{"@type":"Organization","@id":"https:\/\/frequence-sille.org\/newsite\/#organization","name":"Fr\u00e9quence Sill\u00e9","url":"https:\/\/frequence-sille.org\/newsite\/","logo":{"@type":"ImageObject","inLanguage":"fr-FR","@id":"https:\/\/frequence-sille.org\/newsite\/#\/schema\/logo\/image\/","url":"https:\/\/frequence-sille.org\/newsite\/wp-content\/uploads\/2023\/07\/LOGO_979_NOIR.png","contentUrl":"https:\/\/frequence-sille.org\/newsite\/wp-content\/uploads\/2023\/07\/LOGO_979_NOIR.png","width":7680,"height":4320,"caption":"Fr\u00e9quence Sill\u00e9"},"image":{"@id":"https:\/\/frequence-sille.org\/newsite\/#\/schema\/logo\/image\/"},"sameAs":["https:\/\/www.facebook.com\/frequencesille979fm","https:\/\/x.com\/freqsille979","https:\/\/www.instagram.com\/frequencesille\/"]}]}},"_links":{"self":[{"href":"https:\/\/frequence-sille.org\/newsite\/wp-json\/wp\/v2\/pages\/9737","targetHints":{"allow":["GET"]}}],"collection":[{"href":"https:\/\/frequence-sille.org\/newsite\/wp-json\/wp\/v2\/pages"}],"about":[{"href":"https:\/\/frequence-sille.org\/newsite\/wp-json\/wp\/v2\/types\/page"}],"author":[{"embeddable":true,"href":"https:\/\/frequence-sille.org\/newsite\/wp-json\/wp\/v2\/users\/1"}],"replies":[{"embeddable":true,"href":"https:\/\/frequence-sille.org\/newsite\/wp-json\/wp\/v2\/comments?post=9737"}],"version-history":[{"count":5,"href":"https:\/\/frequence-sille.org\/newsite\/wp-json\/wp\/v2\/pages\/9737\/revisions"}],"predecessor-version":[{"id":11874,"href":"https:\/\/frequence-sille.org\/newsite\/wp-json\/wp\/v2\/pages\/9737\/revisions\/11874"}],"wp:featuredmedia":[{"embeddable":true,"href":"https:\/\/frequence-sille.org\/newsite\/wp-json\/wp\/v2\/media\/9741"}],"wp:attachment":[{"href":"https:\/\/frequence-sille.org\/newsite\/wp-json\/wp\/v2\/media?parent=9737"}],"curies":[{"name":"wp","href":"https:\/\/api.w.org\/{rel}","templated":true}]}}