{"id":9772,"date":"2022-11-14T14:40:52","date_gmt":"2022-11-14T13:40:52","guid":{"rendered":"https:\/\/frequence-sille.org\/newsite\/?page_id=9772"},"modified":"2023-03-10T15:02:34","modified_gmt":"2023-03-10T14:02:34","slug":"emission-2ndes-2022-2023","status":"publish","type":"page","link":"https:\/\/frequence-sille.org\/newsite\/emission-2ndes-2022-2023\/","title":{"rendered":"Emission 2ndes 2022-2023"},"content":{"rendered":"\n<p>Retrouvez les \u00e9missions des secondes A et secondes B, \u00e9dition 2022-2023, pr\u00e9par\u00e9es et anim\u00e9es par Julien Delrieu.<\/p>\n\n\n<div class=\"wp-block-image\">\n<figure class=\"aligncenter size-full is-resized\"><img loading=\"lazy\" decoding=\"async\" src=\"https:\/\/frequence-sille.org\/newsite\/wp-content\/uploads\/2022\/11\/2-de-tension-2nde-A-1.png\" alt=\"\" class=\"wp-image-9902\" width=\"406\" height=\"406\" srcset=\"https:\/\/frequence-sille.org\/newsite\/wp-content\/uploads\/2022\/11\/2-de-tension-2nde-A-1.png 500w, https:\/\/frequence-sille.org\/newsite\/wp-content\/uploads\/2022\/11\/2-de-tension-2nde-A-1-300x300.png 300w, https:\/\/frequence-sille.org\/newsite\/wp-content\/uploads\/2022\/11\/2-de-tension-2nde-A-1-150x150.png 150w\" sizes=\"auto, (max-width: 406px) 100vw, 406px\" \/><figcaption class=\"wp-element-caption\">L&rsquo;\u00e9mission des secondes A intitul\u00e9e : \u00ab<em>2 de tension<\/em>\u00bb <br>Elle sera diffus\u00e9e tous les vendredis \u00e0 13h<\/figcaption><\/figure>\n<\/div>\n\n\n<iframe loading=\"lazy\" scrolling=\"no\" id=\"hearthis_at_track_8356038\" width=\"100%\" height=\"150\" src=\"https:\/\/app.hearthis.at\/embed\/8356038\/transparent_black\/?hcolor=&#038;color=&#038;style=2&#038;block_size=2&#038;block_space=1&#038;background=1&#038;waveform=0&#038;cover=0&#038;autoplay=0&#038;css=\" frameborder=\"0\" allowtransparency allow=\"autoplay\"><p>Listen to <a href=\"https:\/\/hearthis.at\/frequence-sille\/05-2-de-tension-2a-5v2\/\" target=\"_blank\" rel=\"noopener\">2 de tension &#8211; Seconde A #5<\/a> <span>by<\/span><a href=\"https:\/\/hearthis.at\/frequence-sille\/\" target=\"_blank\" rel=\"noopener\">Frequence Sill\u00e9<\/a> <span>on<\/span> <a href=\"https:\/\/hearthis.at\/\" target=\"_blank\" rel=\"noopener\">hearthis.at<\/a><\/p><\/iframe>\n\n\n\n<iframe loading=\"lazy\" scrolling=\"no\" id=\"hearthis_at_track_7845535\" width=\"100%\" height=\"150\" src=\"https:\/\/app.hearthis.at\/embed\/7845535\/transparent_black\/?hcolor=&amp;color=&amp;style=2&amp;block_size=2&amp;block_space=1&amp;background=1&amp;waveform=0&amp;cover=0&amp;autoplay=0&amp;css=\" frameborder=\"0\" allowtransparency=\"\" allow=\"autoplay\"><p>Listen to <a href=\"https:\/\/hearthis.at\/frequence-sille\/04-2-de-tension-2a-4\/\" target=\"_blank\" rel=\"noopener\">2 de tension &#8211; Seconde A #4<\/a> <span>by<\/span><a href=\"https:\/\/hearthis.at\/frequence-sille\/\" target=\"_blank\" rel=\"noopener\">Frequence Sill\u00e9<\/a> <span>on<\/span> <a href=\"https:\/\/hearthis.at\/\" target=\"_blank\" rel=\"noopener\">hearthis.at<\/a><\/p><\/iframe>\n\n\n\n<iframe loading=\"lazy\" scrolling=\"no\" id=\"hearthis_at_track_7333752\" width=\"100%\" height=\"150\" src=\"https:\/\/app.hearthis.at\/embed\/7333752\/transparent_black\/?hcolor=&amp;color=&amp;style=2&amp;block_size=2&amp;block_space=1&amp;background=1&amp;waveform=0&amp;cover=0&amp;autoplay=0&amp;css=\" frameborder=\"0\" allowtransparency=\"\" allow=\"autoplay\"><p>Listen to <a href=\"https:\/\/hearthis.at\/frequence-sille\/03-2-de-tension-2a-3\/\" target=\"_blank\" rel=\"noopener\">2 de tension &#8211; 2A #3<\/a> <span>by<\/span><a href=\"https:\/\/hearthis.at\/frequence-sille\/\" target=\"_blank\" rel=\"noopener\">Frequence Sill\u00e9<\/a> <span>on<\/span> <a href=\"https:\/\/hearthis.at\/\" target=\"_blank\" rel=\"noopener\">hearthis.at<\/a><\/p><\/iframe>\n\n\n\n<iframe loading=\"lazy\" scrolling=\"no\" id=\"hearthis_at_track_7212386\" width=\"100%\" height=\"150\" src=\"https:\/\/app.hearthis.at\/embed\/7212386\/transparent_black\/?hcolor=&amp;color=&amp;style=2&amp;block_size=2&amp;block_space=1&amp;background=1&amp;waveform=0&amp;cover=0&amp;autoplay=0&amp;css=\" frameborder=\"0\" allowtransparency=\"\" allow=\"autoplay\"><p>Listen to <a href=\"https:\/\/hearthis.at\/frequence-sille\/2-de-tension-2a-1\/\" target=\"_blank\" rel=\"noopener\">2 de tension &#8211; 2A #1<\/a> <span>by<\/span><a href=\"https:\/\/hearthis.at\/frequence-sille\/\" target=\"_blank\" rel=\"noopener\">Frequence Sill\u00e9<\/a> <span>on<\/span> <a href=\"https:\/\/hearthis.at\/\" target=\"_blank\" rel=\"noopener\">hearthis.at<\/a><\/p><\/iframe>\n\n\n\n<iframe loading=\"lazy\" scrolling=\"no\" id=\"hearthis_at_track_7212398\" width=\"100%\" height=\"150\" src=\"https:\/\/app.hearthis.at\/embed\/7212398\/transparent_black\/?hcolor=&amp;color=&amp;style=2&amp;block_size=2&amp;block_space=1&amp;background=1&amp;waveform=0&amp;cover=0&amp;autoplay=0&amp;css=\" frameborder=\"0\" allowtransparency=\"\" allow=\"autoplay\"><p>Listen to <a href=\"https:\/\/hearthis.at\/frequence-sille\/2-de-tension-2a-2\/\" target=\"_blank\" rel=\"noopener\">2 de tension &#8211; 2A #2<\/a> <span>by<\/span><a href=\"https:\/\/hearthis.at\/frequence-sille\/\" target=\"_blank\" rel=\"noopener\">Frequence Sill\u00e9<\/a> <span>on<\/span> <a href=\"https:\/\/hearthis.at\/\" target=\"_blank\" rel=\"noopener\">hearthis.at<\/a><\/p><\/iframe>\n\n\n\n<p><\/p>\n\n\n<div class=\"wp-block-image\">\n<figure class=\"aligncenter size-full is-resized\"><img loading=\"lazy\" decoding=\"async\" src=\"https:\/\/frequence-sille.org\/newsite\/wp-content\/uploads\/2022\/11\/ECOUTE-NOUS-2S-2nde-B-1.png\" alt=\"\" class=\"wp-image-9904\" width=\"366\" height=\"366\" srcset=\"https:\/\/frequence-sille.org\/newsite\/wp-content\/uploads\/2022\/11\/ECOUTE-NOUS-2S-2nde-B-1.png 500w, https:\/\/frequence-sille.org\/newsite\/wp-content\/uploads\/2022\/11\/ECOUTE-NOUS-2S-2nde-B-1-300x300.png 300w, https:\/\/frequence-sille.org\/newsite\/wp-content\/uploads\/2022\/11\/ECOUTE-NOUS-2S-2nde-B-1-150x150.png 150w\" sizes=\"auto, (max-width: 366px) 100vw, 366px\" \/><figcaption class=\"wp-element-caption\">L&rsquo;\u00e9mission des secondes B, : \u00ab<em>Ecoute-nous 2s<\/em>\u00bb <br>Elle sera diffus\u00e9e tous les jeudis \u00e0 9h<\/figcaption><\/figure>\n<\/div>\n\n\n<iframe loading=\"lazy\" scrolling=\"no\" id=\"hearthis_at_track_8356015\" width=\"100%\" height=\"150\" src=\"https:\/\/app.hearthis.at\/embed\/8356015\/transparent_black\/?hcolor=&#038;color=&#038;style=2&#038;block_size=2&#038;block_space=1&#038;background=1&#038;waveform=0&#038;cover=0&#038;autoplay=0&#038;css=\" frameborder=\"0\" allowtransparency allow=\"autoplay\"><p>Listen to <a href=\"https:\/\/hearthis.at\/frequence-sille\/05-ecoute-nous-2s-2b-5\/\" target=\"_blank\" rel=\"noopener\">Ecoute nous 2s -Seconde B #5<\/a> <span>by<\/span><a href=\"https:\/\/hearthis.at\/frequence-sille\/\" target=\"_blank\" rel=\"noopener\">Frequence Sill\u00e9<\/a> <span>on<\/span> <a href=\"https:\/\/hearthis.at\/\" target=\"_blank\" rel=\"noopener\">hearthis.at<\/a><\/p><\/iframe>\n\n\n\n<iframe loading=\"lazy\" scrolling=\"no\" id=\"hearthis_at_track_7747705\" width=\"100%\" height=\"150\" src=\"https:\/\/app.hearthis.at\/embed\/7747705\/transparent_black\/?hcolor=&amp;color=&amp;style=2&amp;block_size=2&amp;block_space=1&amp;background=1&amp;waveform=0&amp;cover=0&amp;autoplay=0&amp;css=\" frameborder=\"0\" allowtransparency=\"\" allow=\"autoplay\"><p>Listen to <a href=\"https:\/\/hearthis.at\/frequence-sille\/04-ecoute-nous-2s-2b-4\/\" target=\"_blank\" rel=\"noopener\">Ecoute nous 2s -Seconde B #4<\/a> <span>by<\/span><a href=\"https:\/\/hearthis.at\/frequence-sille\/\" target=\"_blank\" rel=\"noopener\">Frequence Sill\u00e9<\/a> <span>on<\/span> <a href=\"https:\/\/hearthis.at\/\" target=\"_blank\" rel=\"noopener\">hearthis.at<\/a><\/p><\/iframe>\n\n\n\n<iframe loading=\"lazy\" scrolling=\"no\" id=\"hearthis_at_track_7333776\" width=\"100%\" height=\"150\" src=\"https:\/\/app.hearthis.at\/embed\/7333776\/transparent_black\/?hcolor=&amp;color=&amp;style=2&amp;block_size=2&amp;block_space=1&amp;background=1&amp;waveform=0&amp;cover=0&amp;autoplay=0&amp;css=\" frameborder=\"0\" allowtransparency=\"\" allow=\"autoplay\"><p>Listen to <a href=\"https:\/\/hearthis.at\/frequence-sille\/03-ecoute-nous-2s-2b-3\/\" target=\"_blank\" rel=\"noopener\">Ecoute nous 2s -2B #3<\/a> <span>by<\/span><a href=\"https:\/\/hearthis.at\/frequence-sille\/\" target=\"_blank\" rel=\"noopener\">Frequence Sill\u00e9<\/a> <span>on<\/span> <a href=\"https:\/\/hearthis.at\/\" target=\"_blank\" rel=\"noopener\">hearthis.at<\/a><\/p><\/iframe>\n\n\n\n<iframe loading=\"lazy\" scrolling=\"no\" id=\"hearthis_at_track_7212395\" width=\"100%\" height=\"150\" src=\"https:\/\/app.hearthis.at\/embed\/7212395\/transparent_black\/?hcolor=&amp;color=&amp;style=2&amp;block_size=2&amp;block_space=1&amp;background=1&amp;waveform=0&amp;cover=0&amp;autoplay=0&amp;css=\" frameborder=\"0\" allowtransparency=\"\" allow=\"autoplay\"><p>Listen to <a href=\"https:\/\/hearthis.at\/frequence-sille\/ecoute-nous-2s-2b-2\/\" target=\"_blank\" rel=\"noopener\">\u00e9coute nous 2s -2B #2<\/a> <span>by<\/span><a href=\"https:\/\/hearthis.at\/frequence-sille\/\" target=\"_blank\" rel=\"noopener\">Frequence Sill\u00e9<\/a> <span>on<\/span> <a href=\"https:\/\/hearthis.at\/\" target=\"_blank\" rel=\"noopener\">hearthis.at<\/a><\/p><\/iframe>\n\n\n\n<iframe loading=\"lazy\" scrolling=\"no\" id=\"hearthis_at_track_7212388\" width=\"100%\" height=\"150\" src=\"https:\/\/app.hearthis.at\/embed\/7212388\/transparent_black\/?hcolor=&amp;color=&amp;style=2&amp;block_size=2&amp;block_space=1&amp;background=1&amp;waveform=0&amp;cover=0&amp;autoplay=0&amp;css=\" frameborder=\"0\" allowtransparency=\"\" allow=\"autoplay\"><p>Listen to <a href=\"https:\/\/hearthis.at\/frequence-sille\/ecoute-nous-2s-2b-1\/\" target=\"_blank\" rel=\"noopener\">Ecoute nous 2s -2B #1<\/a> <span>by<\/span><a href=\"https:\/\/hearthis.at\/frequence-sille\/\" target=\"_blank\" rel=\"noopener\">Frequence Sill\u00e9<\/a> <span>on<\/span> <a href=\"https:\/\/hearthis.at\/\" target=\"_blank\" rel=\"noopener\">hearthis.at<\/a><\/p><\/iframe>\n","protected":false},"excerpt":{"rendered":"<p>Retrouvez les \u00e9missions des secondes A et secondes B, \u00e9dition 2022-2023, pr\u00e9par\u00e9es et anim\u00e9es par Julien Delrieu. Listen to 2 de tension &#8211; Seconde A #5 byFrequence Sill\u00e9 on hearthis.at&hellip;<\/p>\n","protected":false},"author":26,"featured_media":0,"parent":0,"menu_order":0,"comment_status":"closed","ping_status":"closed","template":"","meta":{"footnotes":""},"class_list":["post-9772","page","type-page","status-publish","hentry","no-post-thumbnail"],"yoast_head":"<!-- This site is optimized with the Yoast SEO plugin v27.4 - https:\/\/yoast.com\/product\/yoast-seo-wordpress\/ -->\n<title>Emission 2ndes 2022-2023 - Fr\u00e9quence Sill\u00e9<\/title>\n<meta name=\"robots\" content=\"index, follow, max-snippet:-1, max-image-preview:large, max-video-preview:-1\" \/>\n<link rel=\"canonical\" href=\"https:\/\/frequence-sille.org\/newsite\/emission-2ndes-2022-2023\/\" \/>\n<meta property=\"og:locale\" content=\"fr_FR\" \/>\n<meta property=\"og:type\" content=\"article\" \/>\n<meta property=\"og:title\" content=\"Emission 2ndes 2022-2023 - Fr\u00e9quence Sill\u00e9\" \/>\n<meta property=\"og:description\" content=\"Retrouvez les \u00e9missions des secondes A et secondes B, \u00e9dition 2022-2023, pr\u00e9par\u00e9es et anim\u00e9es par Julien Delrieu. Listen to 2 de tension &#8211; Seconde A #5 byFrequence Sill\u00e9 on hearthis.at&hellip;\" \/>\n<meta property=\"og:url\" content=\"https:\/\/frequence-sille.org\/newsite\/emission-2ndes-2022-2023\/\" \/>\n<meta property=\"og:site_name\" content=\"Fr\u00e9quence Sill\u00e9\" \/>\n<meta property=\"article:publisher\" content=\"https:\/\/www.facebook.com\/frequencesille979fm\" \/>\n<meta property=\"article:modified_time\" content=\"2023-03-10T14:02:34+00:00\" \/>\n<meta property=\"og:image\" content=\"https:\/\/frequence-sille.org\/newsite\/wp-content\/uploads\/2022\/11\/2-de-tension-2nde-A-1.png\" \/>\n<meta name=\"twitter:card\" content=\"summary_large_image\" \/>\n<meta name=\"twitter:site\" content=\"@freqsille979\" \/>\n<meta name=\"twitter:label1\" content=\"Dur\u00e9e de lecture estim\u00e9e\" \/>\n\t<meta name=\"twitter:data1\" content=\"1 minute\" \/>\n<script type=\"application\/ld+json\" class=\"yoast-schema-graph\">{\"@context\":\"https:\\\/\\\/schema.org\",\"@graph\":[{\"@type\":\"WebPage\",\"@id\":\"https:\\\/\\\/frequence-sille.org\\\/newsite\\\/emission-2ndes-2022-2023\\\/\",\"url\":\"https:\\\/\\\/frequence-sille.org\\\/newsite\\\/emission-2ndes-2022-2023\\\/\",\"name\":\"Emission 2ndes 2022-2023 - Fr\u00e9quence Sill\u00e9\",\"isPartOf\":{\"@id\":\"https:\\\/\\\/frequence-sille.org\\\/newsite\\\/#website\"},\"primaryImageOfPage\":{\"@id\":\"https:\\\/\\\/frequence-sille.org\\\/newsite\\\/emission-2ndes-2022-2023\\\/#primaryimage\"},\"image\":{\"@id\":\"https:\\\/\\\/frequence-sille.org\\\/newsite\\\/emission-2ndes-2022-2023\\\/#primaryimage\"},\"thumbnailUrl\":\"https:\\\/\\\/frequence-sille.org\\\/newsite\\\/wp-content\\\/uploads\\\/2022\\\/11\\\/2-de-tension-2nde-A-1.png\",\"datePublished\":\"2022-11-14T13:40:52+00:00\",\"dateModified\":\"2023-03-10T14:02:34+00:00\",\"breadcrumb\":{\"@id\":\"https:\\\/\\\/frequence-sille.org\\\/newsite\\\/emission-2ndes-2022-2023\\\/#breadcrumb\"},\"inLanguage\":\"fr-FR\",\"potentialAction\":[{\"@type\":\"ReadAction\",\"target\":[\"https:\\\/\\\/frequence-sille.org\\\/newsite\\\/emission-2ndes-2022-2023\\\/\"]}]},{\"@type\":\"ImageObject\",\"inLanguage\":\"fr-FR\",\"@id\":\"https:\\\/\\\/frequence-sille.org\\\/newsite\\\/emission-2ndes-2022-2023\\\/#primaryimage\",\"url\":\"https:\\\/\\\/frequence-sille.org\\\/newsite\\\/wp-content\\\/uploads\\\/2022\\\/11\\\/2-de-tension-2nde-A-1.png\",\"contentUrl\":\"https:\\\/\\\/frequence-sille.org\\\/newsite\\\/wp-content\\\/uploads\\\/2022\\\/11\\\/2-de-tension-2nde-A-1.png\",\"width\":500,\"height\":500},{\"@type\":\"BreadcrumbList\",\"@id\":\"https:\\\/\\\/frequence-sille.org\\\/newsite\\\/emission-2ndes-2022-2023\\\/#breadcrumb\",\"itemListElement\":[{\"@type\":\"ListItem\",\"position\":1,\"name\":\"Accueil\",\"item\":\"https:\\\/\\\/frequence-sille.org\\\/newsite\\\/\"},{\"@type\":\"ListItem\",\"position\":2,\"name\":\"Emission 2ndes 2022-2023\"}]},{\"@type\":\"WebSite\",\"@id\":\"https:\\\/\\\/frequence-sille.org\\\/newsite\\\/#website\",\"url\":\"https:\\\/\\\/frequence-sille.org\\\/newsite\\\/\",\"name\":\"Fr\u00e9quence Sill\u00e9\",\"description\":\"Bien plus qu&#039;une radio...votre radio !\",\"publisher\":{\"@id\":\"https:\\\/\\\/frequence-sille.org\\\/newsite\\\/#organization\"},\"potentialAction\":[{\"@type\":\"SearchAction\",\"target\":{\"@type\":\"EntryPoint\",\"urlTemplate\":\"https:\\\/\\\/frequence-sille.org\\\/newsite\\\/?s={search_term_string}\"},\"query-input\":{\"@type\":\"PropertyValueSpecification\",\"valueRequired\":true,\"valueName\":\"search_term_string\"}}],\"inLanguage\":\"fr-FR\"},{\"@type\":\"Organization\",\"@id\":\"https:\\\/\\\/frequence-sille.org\\\/newsite\\\/#organization\",\"name\":\"Fr\u00e9quence Sill\u00e9\",\"url\":\"https:\\\/\\\/frequence-sille.org\\\/newsite\\\/\",\"logo\":{\"@type\":\"ImageObject\",\"inLanguage\":\"fr-FR\",\"@id\":\"https:\\\/\\\/frequence-sille.org\\\/newsite\\\/#\\\/schema\\\/logo\\\/image\\\/\",\"url\":\"https:\\\/\\\/frequence-sille.org\\\/newsite\\\/wp-content\\\/uploads\\\/2023\\\/07\\\/LOGO_979_NOIR.png\",\"contentUrl\":\"https:\\\/\\\/frequence-sille.org\\\/newsite\\\/wp-content\\\/uploads\\\/2023\\\/07\\\/LOGO_979_NOIR.png\",\"width\":7680,\"height\":4320,\"caption\":\"Fr\u00e9quence Sill\u00e9\"},\"image\":{\"@id\":\"https:\\\/\\\/frequence-sille.org\\\/newsite\\\/#\\\/schema\\\/logo\\\/image\\\/\"},\"sameAs\":[\"https:\\\/\\\/www.facebook.com\\\/frequencesille979fm\",\"https:\\\/\\\/x.com\\\/freqsille979\",\"https:\\\/\\\/www.instagram.com\\\/frequencesille\\\/\"]}]}<\/script>\n<!-- \/ Yoast SEO plugin. -->","yoast_head_json":{"title":"Emission 2ndes 2022-2023 - Fr\u00e9quence Sill\u00e9","robots":{"index":"index","follow":"follow","max-snippet":"max-snippet:-1","max-image-preview":"max-image-preview:large","max-video-preview":"max-video-preview:-1"},"canonical":"https:\/\/frequence-sille.org\/newsite\/emission-2ndes-2022-2023\/","og_locale":"fr_FR","og_type":"article","og_title":"Emission 2ndes 2022-2023 - Fr\u00e9quence Sill\u00e9","og_description":"Retrouvez les \u00e9missions des secondes A et secondes B, \u00e9dition 2022-2023, pr\u00e9par\u00e9es et anim\u00e9es par Julien Delrieu. Listen to 2 de tension &#8211; Seconde A #5 byFrequence Sill\u00e9 on hearthis.at&hellip;","og_url":"https:\/\/frequence-sille.org\/newsite\/emission-2ndes-2022-2023\/","og_site_name":"Fr\u00e9quence Sill\u00e9","article_publisher":"https:\/\/www.facebook.com\/frequencesille979fm","article_modified_time":"2023-03-10T14:02:34+00:00","og_image":[{"url":"https:\/\/frequence-sille.org\/newsite\/wp-content\/uploads\/2022\/11\/2-de-tension-2nde-A-1.png","type":"","width":"","height":""}],"twitter_card":"summary_large_image","twitter_site":"@freqsille979","twitter_misc":{"Dur\u00e9e de lecture estim\u00e9e":"1 minute"},"schema":{"@context":"https:\/\/schema.org","@graph":[{"@type":"WebPage","@id":"https:\/\/frequence-sille.org\/newsite\/emission-2ndes-2022-2023\/","url":"https:\/\/frequence-sille.org\/newsite\/emission-2ndes-2022-2023\/","name":"Emission 2ndes 2022-2023 - Fr\u00e9quence Sill\u00e9","isPartOf":{"@id":"https:\/\/frequence-sille.org\/newsite\/#website"},"primaryImageOfPage":{"@id":"https:\/\/frequence-sille.org\/newsite\/emission-2ndes-2022-2023\/#primaryimage"},"image":{"@id":"https:\/\/frequence-sille.org\/newsite\/emission-2ndes-2022-2023\/#primaryimage"},"thumbnailUrl":"https:\/\/frequence-sille.org\/newsite\/wp-content\/uploads\/2022\/11\/2-de-tension-2nde-A-1.png","datePublished":"2022-11-14T13:40:52+00:00","dateModified":"2023-03-10T14:02:34+00:00","breadcrumb":{"@id":"https:\/\/frequence-sille.org\/newsite\/emission-2ndes-2022-2023\/#breadcrumb"},"inLanguage":"fr-FR","potentialAction":[{"@type":"ReadAction","target":["https:\/\/frequence-sille.org\/newsite\/emission-2ndes-2022-2023\/"]}]},{"@type":"ImageObject","inLanguage":"fr-FR","@id":"https:\/\/frequence-sille.org\/newsite\/emission-2ndes-2022-2023\/#primaryimage","url":"https:\/\/frequence-sille.org\/newsite\/wp-content\/uploads\/2022\/11\/2-de-tension-2nde-A-1.png","contentUrl":"https:\/\/frequence-sille.org\/newsite\/wp-content\/uploads\/2022\/11\/2-de-tension-2nde-A-1.png","width":500,"height":500},{"@type":"BreadcrumbList","@id":"https:\/\/frequence-sille.org\/newsite\/emission-2ndes-2022-2023\/#breadcrumb","itemListElement":[{"@type":"ListItem","position":1,"name":"Accueil","item":"https:\/\/frequence-sille.org\/newsite\/"},{"@type":"ListItem","position":2,"name":"Emission 2ndes 2022-2023"}]},{"@type":"WebSite","@id":"https:\/\/frequence-sille.org\/newsite\/#website","url":"https:\/\/frequence-sille.org\/newsite\/","name":"Fr\u00e9quence Sill\u00e9","description":"Bien plus qu&#039;une radio...votre radio !","publisher":{"@id":"https:\/\/frequence-sille.org\/newsite\/#organization"},"potentialAction":[{"@type":"SearchAction","target":{"@type":"EntryPoint","urlTemplate":"https:\/\/frequence-sille.org\/newsite\/?s={search_term_string}"},"query-input":{"@type":"PropertyValueSpecification","valueRequired":true,"valueName":"search_term_string"}}],"inLanguage":"fr-FR"},{"@type":"Organization","@id":"https:\/\/frequence-sille.org\/newsite\/#organization","name":"Fr\u00e9quence Sill\u00e9","url":"https:\/\/frequence-sille.org\/newsite\/","logo":{"@type":"ImageObject","inLanguage":"fr-FR","@id":"https:\/\/frequence-sille.org\/newsite\/#\/schema\/logo\/image\/","url":"https:\/\/frequence-sille.org\/newsite\/wp-content\/uploads\/2023\/07\/LOGO_979_NOIR.png","contentUrl":"https:\/\/frequence-sille.org\/newsite\/wp-content\/uploads\/2023\/07\/LOGO_979_NOIR.png","width":7680,"height":4320,"caption":"Fr\u00e9quence Sill\u00e9"},"image":{"@id":"https:\/\/frequence-sille.org\/newsite\/#\/schema\/logo\/image\/"},"sameAs":["https:\/\/www.facebook.com\/frequencesille979fm","https:\/\/x.com\/freqsille979","https:\/\/www.instagram.com\/frequencesille\/"]}]}},"_links":{"self":[{"href":"https:\/\/frequence-sille.org\/newsite\/wp-json\/wp\/v2\/pages\/9772","targetHints":{"allow":["GET"]}}],"collection":[{"href":"https:\/\/frequence-sille.org\/newsite\/wp-json\/wp\/v2\/pages"}],"about":[{"href":"https:\/\/frequence-sille.org\/newsite\/wp-json\/wp\/v2\/types\/page"}],"author":[{"embeddable":true,"href":"https:\/\/frequence-sille.org\/newsite\/wp-json\/wp\/v2\/users\/26"}],"replies":[{"embeddable":true,"href":"https:\/\/frequence-sille.org\/newsite\/wp-json\/wp\/v2\/comments?post=9772"}],"version-history":[{"count":10,"href":"https:\/\/frequence-sille.org\/newsite\/wp-json\/wp\/v2\/pages\/9772\/revisions"}],"predecessor-version":[{"id":10852,"href":"https:\/\/frequence-sille.org\/newsite\/wp-json\/wp\/v2\/pages\/9772\/revisions\/10852"}],"wp:attachment":[{"href":"https:\/\/frequence-sille.org\/newsite\/wp-json\/wp\/v2\/media?parent=9772"}],"curies":[{"name":"wp","href":"https:\/\/api.w.org\/{rel}","templated":true}]}}